{"id":877,"date":"2023-03-05T20:56:50","date_gmt":"2023-03-05T20:56:50","guid":{"rendered":"https:\/\/kinder-spielen-theater.de\/?post_type=product&#038;p=877"},"modified":"2023-03-05T20:59:18","modified_gmt":"2023-03-05T20:59:18","slug":"may-i-help","status":"publish","type":"product","link":"https:\/\/kinder-spielen-theater.de\/de_de\/produkt\/may-i-help\/","title":{"rendered":"May I Help"},"content":{"rendered":"<p><strong>Summery of the content<\/strong><u><br \/>\n<\/u>\u201cMay I Help\u201d is one of the \u201cTales of the little Hedgehogs\u201d. In this play the Little Hedgehog and his friend the Little Hedgehogess go for a walk. They come into a forest and suddenly the weather changes. First it gets dark and rainy and then even a thunderstorm comes up. They get lost in the dark and the Little Hedgehogess feels frightened. When the Little Hedgehog even sprains his foot, they are in a state of emergency and he needs the help of his friend. They must be brave and seek help. Fortunately, the glow-worms can light their path. In the end they realize how important it is to be helpful and to make use of the help of others.<\/p>\n<p><u><\/u><strong><u>Number of rolls and duration of a <\/u><\/strong><strong>performance<\/strong><u><br \/>\n<\/u>The play assigns parts to 11 children. This number can be increased by adding additional animals to the individual scenes non speaking roles or reduced by decreasing the number of animals. The duration of a performance is about 20 minutes.<\/p>\n<p><strong><u>Size<\/u><\/strong><u><br \/>\n<\/u>Script 6 pages, total 18 pages<\/p>\n","protected":false},"excerpt":{"rendered":"<p>Summery of the content \u201cMay I Help\u201d is one of the \u201cTales of the little Hedgehogs\u201d. In this play the Little Hedgehog and his friend the Little Hedgehogess go for a walk. They come into a forest and suddenly the weather changes. First it gets dark and rainy and then even a thunderstorm comes up. [&hellip;]<\/p>\n","protected":false},"featured_media":878,"comment_status":"closed","ping_status":"closed","template":"","meta":[],"product_brand":[],"product_cat":[60],"product_tag":[],"class_list":{"0":"post-877","1":"product","2":"type-product","3":"status-publish","4":"has-post-thumbnail","6":"product_cat-englische-theaterstuecke","8":"first","9":"instock","10":"sale","11":"downloadable","12":"virtual","13":"purchasable","14":"product-type-simple"},"yoast_head":"<!-- This site is optimized with the Yoast SEO plugin v27.4 - https:\/\/yoast.com\/product\/yoast-seo-wordpress\/ -->\n<title>May I Help - Kinder spielen Theater<\/title>\n<meta name=\"description\" content=\"This story is about man`s attempt and to rule over nature. Once upon a time there was a large kingdom suffering from a long-lasting draught that caused only poor harvests. On the royal councillor`s advice, a very big bow with a large arrow was built to tear off a part of the sun\u2019s disc. This being done the problem seemed to be solved but soon there was a new and very dangerous threat. Due to the colder weather strange monsters spread all over the country. In their misery people now tried to restore the sun\u2019s old shape. But they had to learn that it is much more difficult to repair nature than to destroy it.\u201cMay I Help\u201d is one of the \u201cTales of the little Hedgehogs\u201d. In this play the Little Hedgehog and his friend the Little Hedgehogess go for a walk. They come into a forest and suddenly the weather changes. First it gets dark and rainy and then even a thunderstorm comes up. They get lost in the dark and the Little Hedgehogess feels frightened. When the Little Hedgehog even sprains his foot, they are in a state of emergency and he needs the help of his friend. They must be brave and seek help. Fortunately, the glow-worms can light their path. In the end they realize how important it is to be helpful and to make use of the help of others.\" \/>\n<meta name=\"robots\" content=\"index, follow, max-snippet:-1, max-image-preview:large, max-video-preview:-1\" \/>\n<link rel=\"canonical\" href=\"https:\/\/kinder-spielen-theater.de\/de_de\/produkt\/may-i-help\/\" \/>\n<meta property=\"og:locale\" content=\"de_DE\" \/>\n<meta property=\"og:type\" content=\"article\" \/>\n<meta property=\"og:title\" content=\"May I Help - Kinder spielen Theater\" \/>\n<meta property=\"og:description\" content=\"This story is about man`s attempt and to rule over nature. Once upon a time there was a large kingdom suffering from a long-lasting draught that caused only poor harvests. On the royal councillor`s advice, a very big bow with a large arrow was built to tear off a part of the sun\u2019s disc. This being done the problem seemed to be solved but soon there was a new and very dangerous threat. Due to the colder weather strange monsters spread all over the country. In their misery people now tried to restore the sun\u2019s old shape. But they had to learn that it is much more difficult to repair nature than to destroy it.\u201cMay I Help\u201d is one of the \u201cTales of the little Hedgehogs\u201d. In this play the Little Hedgehog and his friend the Little Hedgehogess go for a walk. They come into a forest and suddenly the weather changes. First it gets dark and rainy and then even a thunderstorm comes up. They get lost in the dark and the Little Hedgehogess feels frightened. When the Little Hedgehog even sprains his foot, they are in a state of emergency and he needs the help of his friend. They must be brave and seek help. Fortunately, the glow-worms can light their path. In the end they realize how important it is to be helpful and to make use of the help of others.\" \/>\n<meta property=\"og:url\" content=\"https:\/\/kinder-spielen-theater.de\/de_de\/produkt\/may-i-help\/\" \/>\n<meta property=\"og:site_name\" content=\"Kinder spielen Theater\" \/>\n<meta property=\"article:modified_time\" content=\"2023-03-05T20:59:18+00:00\" \/>\n<meta property=\"og:image\" content=\"https:\/\/kinder-spielen-theater.de\/wp-content\/uploads\/2023\/03\/22-E-MayIHelp_Cover.jpg\" \/>\n\t<meta property=\"og:image:width\" content=\"595\" \/>\n\t<meta property=\"og:image:height\" content=\"842\" \/>\n\t<meta property=\"og:image:type\" content=\"image\/jpeg\" \/>\n<meta name=\"twitter:card\" content=\"summary_large_image\" \/>\n<meta name=\"twitter:label1\" content=\"Gesch\u00e4tzte Lesezeit\" \/>\n\t<meta name=\"twitter:data1\" content=\"2\u00a0Minuten\" \/>\n<script type=\"application\/ld+json\" class=\"yoast-schema-graph\">{\"@context\":\"https:\\\/\\\/schema.org\",\"@graph\":[{\"@type\":\"WebPage\",\"@id\":\"https:\\\/\\\/kinder-spielen-theater.de\\\/produkt\\\/may-i-help\\\/\",\"url\":\"https:\\\/\\\/kinder-spielen-theater.de\\\/produkt\\\/may-i-help\\\/\",\"name\":\"May I Help - Kinder spielen Theater\",\"isPartOf\":{\"@id\":\"https:\\\/\\\/kinder-spielen-theater.de\\\/#website\"},\"primaryImageOfPage\":{\"@id\":\"https:\\\/\\\/kinder-spielen-theater.de\\\/produkt\\\/may-i-help\\\/#primaryimage\"},\"image\":{\"@id\":\"https:\\\/\\\/kinder-spielen-theater.de\\\/produkt\\\/may-i-help\\\/#primaryimage\"},\"thumbnailUrl\":\"https:\\\/\\\/kinder-spielen-theater.de\\\/wp-content\\\/uploads\\\/2023\\\/03\\\/22-E-MayIHelp_Cover.jpg\",\"datePublished\":\"2023-03-05T20:56:50+00:00\",\"dateModified\":\"2023-03-05T20:59:18+00:00\",\"description\":\"This story is about man`s attempt and to rule over nature. Once upon a time there was a large kingdom suffering from a long-lasting draught that caused only poor harvests. On the royal councillor`s advice, a very big bow with a large arrow was built to tear off a part of the sun\u2019s disc. This being done the problem seemed to be solved but soon there was a new and very dangerous threat. Due to the colder weather strange monsters spread all over the country. In their misery people now tried to restore the sun\u2019s old shape. But they had to learn that it is much more difficult to repair nature than to destroy it.\u201cMay I Help\u201d is one of the \u201cTales of the little Hedgehogs\u201d. In this play the Little Hedgehog and his friend the Little Hedgehogess go for a walk. They come into a forest and suddenly the weather changes. First it gets dark and rainy and then even a thunderstorm comes up. They get lost in the dark and the Little Hedgehogess feels frightened. When the Little Hedgehog even sprains his foot, they are in a state of emergency and he needs the help of his friend. They must be brave and seek help. Fortunately, the glow-worms can light their path. In the end they realize how important it is to be helpful and to make use of the help of others.\",\"breadcrumb\":{\"@id\":\"https:\\\/\\\/kinder-spielen-theater.de\\\/produkt\\\/may-i-help\\\/#breadcrumb\"},\"inLanguage\":\"de\",\"potentialAction\":[{\"@type\":\"ReadAction\",\"target\":[\"https:\\\/\\\/kinder-spielen-theater.de\\\/produkt\\\/may-i-help\\\/\"]}]},{\"@type\":\"ImageObject\",\"inLanguage\":\"de\",\"@id\":\"https:\\\/\\\/kinder-spielen-theater.de\\\/produkt\\\/may-i-help\\\/#primaryimage\",\"url\":\"https:\\\/\\\/kinder-spielen-theater.de\\\/wp-content\\\/uploads\\\/2023\\\/03\\\/22-E-MayIHelp_Cover.jpg\",\"contentUrl\":\"https:\\\/\\\/kinder-spielen-theater.de\\\/wp-content\\\/uploads\\\/2023\\\/03\\\/22-E-MayIHelp_Cover.jpg\",\"width\":595,\"height\":842},{\"@type\":\"BreadcrumbList\",\"@id\":\"https:\\\/\\\/kinder-spielen-theater.de\\\/produkt\\\/may-i-help\\\/#breadcrumb\",\"itemListElement\":[{\"@type\":\"ListItem\",\"position\":1,\"name\":\"Startseite\",\"item\":\"https:\\\/\\\/kinder-spielen-theater.de\\\/\"},{\"@type\":\"ListItem\",\"position\":2,\"name\":\"Shop: Theaterst\u00fccke zum Download\",\"item\":\"https:\\\/\\\/kinder-spielen-theater.de\\\/shop\\\/\"},{\"@type\":\"ListItem\",\"position\":3,\"name\":\"May I Help\"}]},{\"@type\":\"WebSite\",\"@id\":\"https:\\\/\\\/kinder-spielen-theater.de\\\/#website\",\"url\":\"https:\\\/\\\/kinder-spielen-theater.de\\\/\",\"name\":\"Kinder spielen Theater\",\"description\":\"Theaterst\u00fccke f\u00fcr die Grundschule, Haupt- und Realschule, Gesamtschule und Gymnasium, Theaterst\u00fccke f\u00fcr Kinder\",\"potentialAction\":[{\"@type\":\"SearchAction\",\"target\":{\"@type\":\"EntryPoint\",\"urlTemplate\":\"https:\\\/\\\/kinder-spielen-theater.de\\\/?s={search_term_string}\"},\"query-input\":{\"@type\":\"PropertyValueSpecification\",\"valueRequired\":true,\"valueName\":\"search_term_string\"}}],\"inLanguage\":\"de\"}]}<\/script>\n<!-- \/ Yoast SEO plugin. -->","yoast_head_json":{"title":"May I Help - Kinder spielen Theater","description":"This story is about man`s attempt and to rule over nature. Once upon a time there was a large kingdom suffering from a long-lasting draught that caused only poor harvests. On the royal councillor`s advice, a very big bow with a large arrow was built to tear off a part of the sun\u2019s disc. This being done the problem seemed to be solved but soon there was a new and very dangerous threat. Due to the colder weather strange monsters spread all over the country. In their misery people now tried to restore the sun\u2019s old shape. But they had to learn that it is much more difficult to repair nature than to destroy it.\u201cMay I Help\u201d is one of the \u201cTales of the little Hedgehogs\u201d. In this play the Little Hedgehog and his friend the Little Hedgehogess go for a walk. They come into a forest and suddenly the weather changes. First it gets dark and rainy and then even a thunderstorm comes up. They get lost in the dark and the Little Hedgehogess feels frightened. When the Little Hedgehog even sprains his foot, they are in a state of emergency and he needs the help of his friend. They must be brave and seek help. Fortunately, the glow-worms can light their path. In the end they realize how important it is to be helpful and to make use of the help of others.","robots":{"index":"index","follow":"follow","max-snippet":"max-snippet:-1","max-image-preview":"max-image-preview:large","max-video-preview":"max-video-preview:-1"},"canonical":"https:\/\/kinder-spielen-theater.de\/de_de\/produkt\/may-i-help\/","og_locale":"de_DE","og_type":"article","og_title":"May I Help - Kinder spielen Theater","og_description":"This story is about man`s attempt and to rule over nature. Once upon a time there was a large kingdom suffering from a long-lasting draught that caused only poor harvests. On the royal councillor`s advice, a very big bow with a large arrow was built to tear off a part of the sun\u2019s disc. This being done the problem seemed to be solved but soon there was a new and very dangerous threat. Due to the colder weather strange monsters spread all over the country. In their misery people now tried to restore the sun\u2019s old shape. But they had to learn that it is much more difficult to repair nature than to destroy it.\u201cMay I Help\u201d is one of the \u201cTales of the little Hedgehogs\u201d. In this play the Little Hedgehog and his friend the Little Hedgehogess go for a walk. They come into a forest and suddenly the weather changes. First it gets dark and rainy and then even a thunderstorm comes up. They get lost in the dark and the Little Hedgehogess feels frightened. When the Little Hedgehog even sprains his foot, they are in a state of emergency and he needs the help of his friend. They must be brave and seek help. Fortunately, the glow-worms can light their path. In the end they realize how important it is to be helpful and to make use of the help of others.","og_url":"https:\/\/kinder-spielen-theater.de\/de_de\/produkt\/may-i-help\/","og_site_name":"Kinder spielen Theater","article_modified_time":"2023-03-05T20:59:18+00:00","og_image":[{"width":595,"height":842,"url":"https:\/\/kinder-spielen-theater.de\/wp-content\/uploads\/2023\/03\/22-E-MayIHelp_Cover.jpg","type":"image\/jpeg"}],"twitter_card":"summary_large_image","twitter_misc":{"Gesch\u00e4tzte Lesezeit":"2\u00a0Minuten"},"schema":{"@context":"https:\/\/schema.org","@graph":[{"@type":"WebPage","@id":"https:\/\/kinder-spielen-theater.de\/produkt\/may-i-help\/","url":"https:\/\/kinder-spielen-theater.de\/produkt\/may-i-help\/","name":"May I Help - Kinder spielen Theater","isPartOf":{"@id":"https:\/\/kinder-spielen-theater.de\/#website"},"primaryImageOfPage":{"@id":"https:\/\/kinder-spielen-theater.de\/produkt\/may-i-help\/#primaryimage"},"image":{"@id":"https:\/\/kinder-spielen-theater.de\/produkt\/may-i-help\/#primaryimage"},"thumbnailUrl":"https:\/\/kinder-spielen-theater.de\/wp-content\/uploads\/2023\/03\/22-E-MayIHelp_Cover.jpg","datePublished":"2023-03-05T20:56:50+00:00","dateModified":"2023-03-05T20:59:18+00:00","description":"This story is about man`s attempt and to rule over nature. Once upon a time there was a large kingdom suffering from a long-lasting draught that caused only poor harvests. On the royal councillor`s advice, a very big bow with a large arrow was built to tear off a part of the sun\u2019s disc. This being done the problem seemed to be solved but soon there was a new and very dangerous threat. Due to the colder weather strange monsters spread all over the country. In their misery people now tried to restore the sun\u2019s old shape. But they had to learn that it is much more difficult to repair nature than to destroy it.\u201cMay I Help\u201d is one of the \u201cTales of the little Hedgehogs\u201d. In this play the Little Hedgehog and his friend the Little Hedgehogess go for a walk. They come into a forest and suddenly the weather changes. First it gets dark and rainy and then even a thunderstorm comes up. They get lost in the dark and the Little Hedgehogess feels frightened. When the Little Hedgehog even sprains his foot, they are in a state of emergency and he needs the help of his friend. They must be brave and seek help. Fortunately, the glow-worms can light their path. In the end they realize how important it is to be helpful and to make use of the help of others.","breadcrumb":{"@id":"https:\/\/kinder-spielen-theater.de\/produkt\/may-i-help\/#breadcrumb"},"inLanguage":"de","potentialAction":[{"@type":"ReadAction","target":["https:\/\/kinder-spielen-theater.de\/produkt\/may-i-help\/"]}]},{"@type":"ImageObject","inLanguage":"de","@id":"https:\/\/kinder-spielen-theater.de\/produkt\/may-i-help\/#primaryimage","url":"https:\/\/kinder-spielen-theater.de\/wp-content\/uploads\/2023\/03\/22-E-MayIHelp_Cover.jpg","contentUrl":"https:\/\/kinder-spielen-theater.de\/wp-content\/uploads\/2023\/03\/22-E-MayIHelp_Cover.jpg","width":595,"height":842},{"@type":"BreadcrumbList","@id":"https:\/\/kinder-spielen-theater.de\/produkt\/may-i-help\/#breadcrumb","itemListElement":[{"@type":"ListItem","position":1,"name":"Startseite","item":"https:\/\/kinder-spielen-theater.de\/"},{"@type":"ListItem","position":2,"name":"Shop: Theaterst\u00fccke zum Download","item":"https:\/\/kinder-spielen-theater.de\/shop\/"},{"@type":"ListItem","position":3,"name":"May I Help"}]},{"@type":"WebSite","@id":"https:\/\/kinder-spielen-theater.de\/#website","url":"https:\/\/kinder-spielen-theater.de\/","name":"Kinder spielen Theater","description":"Theaterst\u00fccke f\u00fcr die Grundschule, Haupt- und Realschule, Gesamtschule und Gymnasium, Theaterst\u00fccke f\u00fcr Kinder","potentialAction":[{"@type":"SearchAction","target":{"@type":"EntryPoint","urlTemplate":"https:\/\/kinder-spielen-theater.de\/?s={search_term_string}"},"query-input":{"@type":"PropertyValueSpecification","valueRequired":true,"valueName":"search_term_string"}}],"inLanguage":"de"}]}},"_links":{"self":[{"href":"https:\/\/kinder-spielen-theater.de\/de_de\/wp-json\/wp\/v2\/product\/877","targetHints":{"allow":["GET"]}}],"collection":[{"href":"https:\/\/kinder-spielen-theater.de\/de_de\/wp-json\/wp\/v2\/product"}],"about":[{"href":"https:\/\/kinder-spielen-theater.de\/de_de\/wp-json\/wp\/v2\/types\/product"}],"replies":[{"embeddable":true,"href":"https:\/\/kinder-spielen-theater.de\/de_de\/wp-json\/wp\/v2\/comments?post=877"}],"wp:featuredmedia":[{"embeddable":true,"href":"https:\/\/kinder-spielen-theater.de\/de_de\/wp-json\/wp\/v2\/media\/878"}],"wp:attachment":[{"href":"https:\/\/kinder-spielen-theater.de\/de_de\/wp-json\/wp\/v2\/media?parent=877"}],"wp:term":[{"taxonomy":"product_brand","embeddable":true,"href":"https:\/\/kinder-spielen-theater.de\/de_de\/wp-json\/wp\/v2\/product_brand?post=877"},{"taxonomy":"product_cat","embeddable":true,"href":"https:\/\/kinder-spielen-theater.de\/de_de\/wp-json\/wp\/v2\/product_cat?post=877"},{"taxonomy":"product_tag","embeddable":true,"href":"https:\/\/kinder-spielen-theater.de\/de_de\/wp-json\/wp\/v2\/product_tag?post=877"}],"curies":[{"name":"wp","href":"https:\/\/api.w.org\/{rel}","templated":true}]}}