{"id":849,"date":"2023-02-05T18:31:55","date_gmt":"2023-02-05T18:31:55","guid":{"rendered":"https:\/\/kinder-spielen-theater.de\/?post_type=product&#038;p=849"},"modified":"2023-02-05T18:34:57","modified_gmt":"2023-02-05T18:34:57","slug":"the-dreambird","status":"publish","type":"product","link":"https:\/\/kinder-spielen-theater.de\/de_de\/produkt\/the-dreambird\/","title":{"rendered":"The Dreambird"},"content":{"rendered":"<p><strong>Summery of the content<\/strong><u><br \/>\n<\/u>\u201cThe Dream Bird\u201d is one of the \u201cTales of the little Hedgehogs\u201d. In this play the Little Hedgehog meets a beautifully coloured bird. But the bird flies away and now the Little Hedgehog looks for it all over the world but cannot find it. Finally the wise owl, who knows everything, tells him what he must do to meet \u00a0the beautiful bird again.<\/p>\n<p><u><br \/>\n<\/u><strong>Number of rolls and duration of a performance<\/strong><u><br \/>\n<\/u>\u201cThe Dream Bird\u201d assigns parts to 28 children. This number can be increased by increasing the number of animals in each individual scene (non speaking roles) or reduced by reducing the number of animals in these scenes. The duration of a performance is about 20 minutes.<br \/>\n<u><br \/>\n<\/u><strong>Size<\/strong><strong><br \/>\n<\/strong>Script 4 pages, total 13 pages<\/p>\n","protected":false},"excerpt":{"rendered":"<p>Summery of the content \u201cThe Dream Bird\u201d is one of the \u201cTales of the little Hedgehogs\u201d. In this play the Little Hedgehog meets a beautifully coloured bird. But the bird flies away and now the Little Hedgehog looks for it all over the world but cannot find it. Finally the wise owl, who knows everything, [&hellip;]<\/p>\n","protected":false},"featured_media":850,"comment_status":"closed","ping_status":"closed","template":"","meta":[],"product_brand":[],"product_cat":[60,30],"product_tag":[],"class_list":{"0":"post-849","1":"product","2":"type-product","3":"status-publish","4":"has-post-thumbnail","6":"product_cat-englische-theaterstuecke","7":"product_cat-igelgeschichten","9":"first","10":"instock","11":"sale","12":"downloadable","13":"virtual","14":"purchasable","15":"product-type-simple"},"yoast_head":"<!-- This site is optimized with the Yoast SEO plugin v27.4 - https:\/\/yoast.com\/product\/yoast-seo-wordpress\/ -->\n<title>The Dreambird - Kinder spielen Theater<\/title>\n<meta name=\"description\" content=\"\u201cThe Dream Bird\u201d is one of the \u201cTales of the little Hedgehogs\u201d. In this play the Little Hedgehog meets a beautifully coloured bird. But the bird flies away and now the Little Hedgehog looks for it all over the world but cannot find it. Finally the wise owl, who knows everything, tells him what he must do to meet \u00a0the beautiful bird again.\" \/>\n<meta name=\"robots\" content=\"index, follow, max-snippet:-1, max-image-preview:large, max-video-preview:-1\" \/>\n<link rel=\"canonical\" href=\"https:\/\/kinder-spielen-theater.de\/de_de\/produkt\/the-dreambird\/\" \/>\n<meta property=\"og:locale\" content=\"de_DE\" \/>\n<meta property=\"og:type\" content=\"article\" \/>\n<meta property=\"og:title\" content=\"The Dreambird - Kinder spielen Theater\" \/>\n<meta property=\"og:description\" content=\"\u201cThe Dream Bird\u201d is one of the \u201cTales of the little Hedgehogs\u201d. In this play the Little Hedgehog meets a beautifully coloured bird. But the bird flies away and now the Little Hedgehog looks for it all over the world but cannot find it. Finally the wise owl, who knows everything, tells him what he must do to meet \u00a0the beautiful bird again.\" \/>\n<meta property=\"og:url\" content=\"https:\/\/kinder-spielen-theater.de\/de_de\/produkt\/the-dreambird\/\" \/>\n<meta property=\"og:site_name\" content=\"Kinder spielen Theater\" \/>\n<meta property=\"article:modified_time\" content=\"2023-02-05T18:34:57+00:00\" \/>\n<meta property=\"og:image\" content=\"https:\/\/kinder-spielen-theater.de\/wp-content\/uploads\/2023\/02\/10a-E-TheDreambird_Cover.jpg\" \/>\n\t<meta property=\"og:image:width\" content=\"595\" \/>\n\t<meta property=\"og:image:height\" content=\"842\" \/>\n\t<meta property=\"og:image:type\" content=\"image\/jpeg\" \/>\n<meta name=\"twitter:card\" content=\"summary_large_image\" \/>\n<meta name=\"twitter:label1\" content=\"Gesch\u00e4tzte Lesezeit\" \/>\n\t<meta name=\"twitter:data1\" content=\"1\u00a0Minute\" \/>\n<script type=\"application\/ld+json\" class=\"yoast-schema-graph\">{\"@context\":\"https:\\\/\\\/schema.org\",\"@graph\":[{\"@type\":\"WebPage\",\"@id\":\"https:\\\/\\\/kinder-spielen-theater.de\\\/produkt\\\/the-dreambird\\\/\",\"url\":\"https:\\\/\\\/kinder-spielen-theater.de\\\/produkt\\\/the-dreambird\\\/\",\"name\":\"The Dreambird - Kinder spielen Theater\",\"isPartOf\":{\"@id\":\"https:\\\/\\\/kinder-spielen-theater.de\\\/#website\"},\"primaryImageOfPage\":{\"@id\":\"https:\\\/\\\/kinder-spielen-theater.de\\\/produkt\\\/the-dreambird\\\/#primaryimage\"},\"image\":{\"@id\":\"https:\\\/\\\/kinder-spielen-theater.de\\\/produkt\\\/the-dreambird\\\/#primaryimage\"},\"thumbnailUrl\":\"https:\\\/\\\/kinder-spielen-theater.de\\\/wp-content\\\/uploads\\\/2023\\\/02\\\/10a-E-TheDreambird_Cover.jpg\",\"datePublished\":\"2023-02-05T18:31:55+00:00\",\"dateModified\":\"2023-02-05T18:34:57+00:00\",\"description\":\"\u201cThe Dream Bird\u201d is one of the \u201cTales of the little Hedgehogs\u201d. In this play the Little Hedgehog meets a beautifully coloured bird. But the bird flies away and now the Little Hedgehog looks for it all over the world but cannot find it. Finally the wise owl, who knows everything, tells him what he must do to meet \u00a0the beautiful bird again.\",\"breadcrumb\":{\"@id\":\"https:\\\/\\\/kinder-spielen-theater.de\\\/produkt\\\/the-dreambird\\\/#breadcrumb\"},\"inLanguage\":\"de\",\"potentialAction\":[{\"@type\":\"ReadAction\",\"target\":[\"https:\\\/\\\/kinder-spielen-theater.de\\\/produkt\\\/the-dreambird\\\/\"]}]},{\"@type\":\"ImageObject\",\"inLanguage\":\"de\",\"@id\":\"https:\\\/\\\/kinder-spielen-theater.de\\\/produkt\\\/the-dreambird\\\/#primaryimage\",\"url\":\"https:\\\/\\\/kinder-spielen-theater.de\\\/wp-content\\\/uploads\\\/2023\\\/02\\\/10a-E-TheDreambird_Cover.jpg\",\"contentUrl\":\"https:\\\/\\\/kinder-spielen-theater.de\\\/wp-content\\\/uploads\\\/2023\\\/02\\\/10a-E-TheDreambird_Cover.jpg\",\"width\":595,\"height\":842},{\"@type\":\"BreadcrumbList\",\"@id\":\"https:\\\/\\\/kinder-spielen-theater.de\\\/produkt\\\/the-dreambird\\\/#breadcrumb\",\"itemListElement\":[{\"@type\":\"ListItem\",\"position\":1,\"name\":\"Startseite\",\"item\":\"https:\\\/\\\/kinder-spielen-theater.de\\\/\"},{\"@type\":\"ListItem\",\"position\":2,\"name\":\"Shop: Theaterst\u00fccke zum Download\",\"item\":\"https:\\\/\\\/kinder-spielen-theater.de\\\/shop\\\/\"},{\"@type\":\"ListItem\",\"position\":3,\"name\":\"The Dreambird\"}]},{\"@type\":\"WebSite\",\"@id\":\"https:\\\/\\\/kinder-spielen-theater.de\\\/#website\",\"url\":\"https:\\\/\\\/kinder-spielen-theater.de\\\/\",\"name\":\"Kinder spielen Theater\",\"description\":\"Theaterst\u00fccke f\u00fcr die Grundschule, Haupt- und Realschule, Gesamtschule und Gymnasium, Theaterst\u00fccke f\u00fcr Kinder\",\"potentialAction\":[{\"@type\":\"SearchAction\",\"target\":{\"@type\":\"EntryPoint\",\"urlTemplate\":\"https:\\\/\\\/kinder-spielen-theater.de\\\/?s={search_term_string}\"},\"query-input\":{\"@type\":\"PropertyValueSpecification\",\"valueRequired\":true,\"valueName\":\"search_term_string\"}}],\"inLanguage\":\"de\"}]}<\/script>\n<!-- \/ Yoast SEO plugin. -->","yoast_head_json":{"title":"The Dreambird - Kinder spielen Theater","description":"\u201cThe Dream Bird\u201d is one of the \u201cTales of the little Hedgehogs\u201d. In this play the Little Hedgehog meets a beautifully coloured bird. But the bird flies away and now the Little Hedgehog looks for it all over the world but cannot find it. Finally the wise owl, who knows everything, tells him what he must do to meet \u00a0the beautiful bird again.","robots":{"index":"index","follow":"follow","max-snippet":"max-snippet:-1","max-image-preview":"max-image-preview:large","max-video-preview":"max-video-preview:-1"},"canonical":"https:\/\/kinder-spielen-theater.de\/de_de\/produkt\/the-dreambird\/","og_locale":"de_DE","og_type":"article","og_title":"The Dreambird - Kinder spielen Theater","og_description":"\u201cThe Dream Bird\u201d is one of the \u201cTales of the little Hedgehogs\u201d. In this play the Little Hedgehog meets a beautifully coloured bird. But the bird flies away and now the Little Hedgehog looks for it all over the world but cannot find it. Finally the wise owl, who knows everything, tells him what he must do to meet \u00a0the beautiful bird again.","og_url":"https:\/\/kinder-spielen-theater.de\/de_de\/produkt\/the-dreambird\/","og_site_name":"Kinder spielen Theater","article_modified_time":"2023-02-05T18:34:57+00:00","og_image":[{"width":595,"height":842,"url":"https:\/\/kinder-spielen-theater.de\/wp-content\/uploads\/2023\/02\/10a-E-TheDreambird_Cover.jpg","type":"image\/jpeg"}],"twitter_card":"summary_large_image","twitter_misc":{"Gesch\u00e4tzte Lesezeit":"1\u00a0Minute"},"schema":{"@context":"https:\/\/schema.org","@graph":[{"@type":"WebPage","@id":"https:\/\/kinder-spielen-theater.de\/produkt\/the-dreambird\/","url":"https:\/\/kinder-spielen-theater.de\/produkt\/the-dreambird\/","name":"The Dreambird - Kinder spielen Theater","isPartOf":{"@id":"https:\/\/kinder-spielen-theater.de\/#website"},"primaryImageOfPage":{"@id":"https:\/\/kinder-spielen-theater.de\/produkt\/the-dreambird\/#primaryimage"},"image":{"@id":"https:\/\/kinder-spielen-theater.de\/produkt\/the-dreambird\/#primaryimage"},"thumbnailUrl":"https:\/\/kinder-spielen-theater.de\/wp-content\/uploads\/2023\/02\/10a-E-TheDreambird_Cover.jpg","datePublished":"2023-02-05T18:31:55+00:00","dateModified":"2023-02-05T18:34:57+00:00","description":"\u201cThe Dream Bird\u201d is one of the \u201cTales of the little Hedgehogs\u201d. In this play the Little Hedgehog meets a beautifully coloured bird. But the bird flies away and now the Little Hedgehog looks for it all over the world but cannot find it. Finally the wise owl, who knows everything, tells him what he must do to meet \u00a0the beautiful bird again.","breadcrumb":{"@id":"https:\/\/kinder-spielen-theater.de\/produkt\/the-dreambird\/#breadcrumb"},"inLanguage":"de","potentialAction":[{"@type":"ReadAction","target":["https:\/\/kinder-spielen-theater.de\/produkt\/the-dreambird\/"]}]},{"@type":"ImageObject","inLanguage":"de","@id":"https:\/\/kinder-spielen-theater.de\/produkt\/the-dreambird\/#primaryimage","url":"https:\/\/kinder-spielen-theater.de\/wp-content\/uploads\/2023\/02\/10a-E-TheDreambird_Cover.jpg","contentUrl":"https:\/\/kinder-spielen-theater.de\/wp-content\/uploads\/2023\/02\/10a-E-TheDreambird_Cover.jpg","width":595,"height":842},{"@type":"BreadcrumbList","@id":"https:\/\/kinder-spielen-theater.de\/produkt\/the-dreambird\/#breadcrumb","itemListElement":[{"@type":"ListItem","position":1,"name":"Startseite","item":"https:\/\/kinder-spielen-theater.de\/"},{"@type":"ListItem","position":2,"name":"Shop: Theaterst\u00fccke zum Download","item":"https:\/\/kinder-spielen-theater.de\/shop\/"},{"@type":"ListItem","position":3,"name":"The Dreambird"}]},{"@type":"WebSite","@id":"https:\/\/kinder-spielen-theater.de\/#website","url":"https:\/\/kinder-spielen-theater.de\/","name":"Kinder spielen Theater","description":"Theaterst\u00fccke f\u00fcr die Grundschule, Haupt- und Realschule, Gesamtschule und Gymnasium, Theaterst\u00fccke f\u00fcr Kinder","potentialAction":[{"@type":"SearchAction","target":{"@type":"EntryPoint","urlTemplate":"https:\/\/kinder-spielen-theater.de\/?s={search_term_string}"},"query-input":{"@type":"PropertyValueSpecification","valueRequired":true,"valueName":"search_term_string"}}],"inLanguage":"de"}]}},"_links":{"self":[{"href":"https:\/\/kinder-spielen-theater.de\/de_de\/wp-json\/wp\/v2\/product\/849","targetHints":{"allow":["GET"]}}],"collection":[{"href":"https:\/\/kinder-spielen-theater.de\/de_de\/wp-json\/wp\/v2\/product"}],"about":[{"href":"https:\/\/kinder-spielen-theater.de\/de_de\/wp-json\/wp\/v2\/types\/product"}],"replies":[{"embeddable":true,"href":"https:\/\/kinder-spielen-theater.de\/de_de\/wp-json\/wp\/v2\/comments?post=849"}],"wp:featuredmedia":[{"embeddable":true,"href":"https:\/\/kinder-spielen-theater.de\/de_de\/wp-json\/wp\/v2\/media\/850"}],"wp:attachment":[{"href":"https:\/\/kinder-spielen-theater.de\/de_de\/wp-json\/wp\/v2\/media?parent=849"}],"wp:term":[{"taxonomy":"product_brand","embeddable":true,"href":"https:\/\/kinder-spielen-theater.de\/de_de\/wp-json\/wp\/v2\/product_brand?post=849"},{"taxonomy":"product_cat","embeddable":true,"href":"https:\/\/kinder-spielen-theater.de\/de_de\/wp-json\/wp\/v2\/product_cat?post=849"},{"taxonomy":"product_tag","embeddable":true,"href":"https:\/\/kinder-spielen-theater.de\/de_de\/wp-json\/wp\/v2\/product_tag?post=849"}],"curies":[{"name":"wp","href":"https:\/\/api.w.org\/{rel}","templated":true}]}}