{"id":846,"date":"2023-02-05T18:22:29","date_gmt":"2023-02-05T18:22:29","guid":{"rendered":"https:\/\/kinder-spielen-theater.de\/?post_type=product&#038;p=846"},"modified":"2023-02-05T18:44:42","modified_gmt":"2023-02-05T18:44:42","slug":"jumping-over-your-shadow","status":"publish","type":"product","link":"https:\/\/kinder-spielen-theater.de\/de_de\/produkt\/jumping-over-your-shadow\/","title":{"rendered":"Jumping Over Your Shadow"},"content":{"rendered":"<p><strong>Summery of the content<\/strong><u><br \/>\n<\/u>\u201cJumping over your Shadow\u201d is one of the \u201cTales of the little Hedgehogs\u201d. In this play the Little Hedgehog and the Little Hedgehogess try to jump over their own shadow. They do not succeed and therefore ask the deer, the hares and the frogs to try to do it. But they do not succeed either. Eventually, the Little Hedgehogess starts to fool around. However, the Little Hedgehog does not like that at all and gets angry, because he thinks this is a serious matter. Finally, he jumps over his own shadow (in a figurative sense) by being even more foolish than the Little Hedgehogess. The little Hedgehogs thus learn that you really can jump over your own shadow.<\/p>\n<p><strong>Number of rolls and duration of a performance<\/strong><u><br \/>\n<\/u>The script assigns parts to 11 children. This number can be increased by adding additional animals (non-speaking roles) to the individual scenes (according to the script, only two animals of the same kind come on stage in the individual scenes.). The duration of a performance is about 15 minutes.<\/p>\n<p><strong>Size<\/strong><u><br \/>\n<\/u>Script 5 pages, total 12 pages<\/p>\n","protected":false},"excerpt":{"rendered":"<p>Summery of the content \u201cJumping over your Shadow\u201d is one of the \u201cTales of the little Hedgehogs\u201d. In this play the Little Hedgehog and the Little Hedgehogess try to jump over their own shadow. They do not succeed and therefore ask the deer, the hares and the frogs to try to do it. But they [&hellip;]<\/p>\n","protected":false},"featured_media":847,"comment_status":"closed","ping_status":"closed","template":"","meta":[],"product_brand":[],"product_cat":[60,30],"product_tag":[],"class_list":{"0":"post-846","1":"product","2":"type-product","3":"status-publish","4":"has-post-thumbnail","6":"product_cat-englische-theaterstuecke","7":"product_cat-igelgeschichten","9":"first","10":"instock","11":"sale","12":"downloadable","13":"virtual","14":"purchasable","15":"product-type-simple"},"yoast_head":"<!-- This site is optimized with the Yoast SEO plugin v27.3 - https:\/\/yoast.com\/product\/yoast-seo-wordpress\/ -->\n<title>Jumping Over Your Shadow - Kinder spielen Theater<\/title>\n<meta name=\"description\" content=\"\u201cJumping over your Shadow\u201d is one of the \u201cTales of the little Hedgehogs\u201d. In this play the Little Hedgehog and the Little Hedgehogess try to jump over their own shadow. They do not succeed and therefore ask the deer, the hares and the frogs to try to do it. But they do not succeed either. Eventually, the Little Hedgehogess starts to fool around. However, the Little Hedgehog does not like that at all and gets angry, because he thinks this is a serious matter. Finally, he jumps over his own shadow (in a figurative sense) by being even more foolish than the Little Hedgehogess. The little Hedgehogs thus learn that you really can jump over your own shadow.\" \/>\n<meta name=\"robots\" content=\"index, follow, max-snippet:-1, max-image-preview:large, max-video-preview:-1\" \/>\n<link rel=\"canonical\" href=\"https:\/\/kinder-spielen-theater.de\/de_de\/produkt\/jumping-over-your-shadow\/\" \/>\n<meta property=\"og:locale\" content=\"de_DE\" \/>\n<meta property=\"og:type\" content=\"article\" \/>\n<meta property=\"og:title\" content=\"Jumping Over Your Shadow - Kinder spielen Theater\" \/>\n<meta property=\"og:description\" content=\"\u201cJumping over your Shadow\u201d is one of the \u201cTales of the little Hedgehogs\u201d. In this play the Little Hedgehog and the Little Hedgehogess try to jump over their own shadow. They do not succeed and therefore ask the deer, the hares and the frogs to try to do it. But they do not succeed either. Eventually, the Little Hedgehogess starts to fool around. However, the Little Hedgehog does not like that at all and gets angry, because he thinks this is a serious matter. Finally, he jumps over his own shadow (in a figurative sense) by being even more foolish than the Little Hedgehogess. The little Hedgehogs thus learn that you really can jump over your own shadow.\" \/>\n<meta property=\"og:url\" content=\"https:\/\/kinder-spielen-theater.de\/de_de\/produkt\/jumping-over-your-shadow\/\" \/>\n<meta property=\"og:site_name\" content=\"Kinder spielen Theater\" \/>\n<meta property=\"article:modified_time\" content=\"2023-02-05T18:44:42+00:00\" \/>\n<meta property=\"og:image\" content=\"https:\/\/kinder-spielen-theater.de\/wp-content\/uploads\/2023\/02\/06-E-JumpingOverTheShadow_Cover.jpg\" \/>\n\t<meta property=\"og:image:width\" content=\"595\" \/>\n\t<meta property=\"og:image:height\" content=\"842\" \/>\n\t<meta property=\"og:image:type\" content=\"image\/jpeg\" \/>\n<meta name=\"twitter:card\" content=\"summary_large_image\" \/>\n<meta name=\"twitter:label1\" content=\"Gesch\u00e4tzte Lesezeit\" \/>\n\t<meta name=\"twitter:data1\" content=\"2\u00a0Minuten\" \/>\n<script type=\"application\/ld+json\" class=\"yoast-schema-graph\">{\"@context\":\"https:\\\/\\\/schema.org\",\"@graph\":[{\"@type\":\"WebPage\",\"@id\":\"https:\\\/\\\/kinder-spielen-theater.de\\\/produkt\\\/jumping-over-your-shadow\\\/\",\"url\":\"https:\\\/\\\/kinder-spielen-theater.de\\\/produkt\\\/jumping-over-your-shadow\\\/\",\"name\":\"Jumping Over Your Shadow - Kinder spielen Theater\",\"isPartOf\":{\"@id\":\"https:\\\/\\\/kinder-spielen-theater.de\\\/#website\"},\"primaryImageOfPage\":{\"@id\":\"https:\\\/\\\/kinder-spielen-theater.de\\\/produkt\\\/jumping-over-your-shadow\\\/#primaryimage\"},\"image\":{\"@id\":\"https:\\\/\\\/kinder-spielen-theater.de\\\/produkt\\\/jumping-over-your-shadow\\\/#primaryimage\"},\"thumbnailUrl\":\"https:\\\/\\\/kinder-spielen-theater.de\\\/wp-content\\\/uploads\\\/2023\\\/02\\\/06-E-JumpingOverTheShadow_Cover.jpg\",\"datePublished\":\"2023-02-05T18:22:29+00:00\",\"dateModified\":\"2023-02-05T18:44:42+00:00\",\"description\":\"\u201cJumping over your Shadow\u201d is one of the \u201cTales of the little Hedgehogs\u201d. In this play the Little Hedgehog and the Little Hedgehogess try to jump over their own shadow. They do not succeed and therefore ask the deer, the hares and the frogs to try to do it. But they do not succeed either. Eventually, the Little Hedgehogess starts to fool around. However, the Little Hedgehog does not like that at all and gets angry, because he thinks this is a serious matter. Finally, he jumps over his own shadow (in a figurative sense) by being even more foolish than the Little Hedgehogess. The little Hedgehogs thus learn that you really can jump over your own shadow.\",\"breadcrumb\":{\"@id\":\"https:\\\/\\\/kinder-spielen-theater.de\\\/produkt\\\/jumping-over-your-shadow\\\/#breadcrumb\"},\"inLanguage\":\"de\",\"potentialAction\":[{\"@type\":\"ReadAction\",\"target\":[\"https:\\\/\\\/kinder-spielen-theater.de\\\/produkt\\\/jumping-over-your-shadow\\\/\"]}]},{\"@type\":\"ImageObject\",\"inLanguage\":\"de\",\"@id\":\"https:\\\/\\\/kinder-spielen-theater.de\\\/produkt\\\/jumping-over-your-shadow\\\/#primaryimage\",\"url\":\"https:\\\/\\\/kinder-spielen-theater.de\\\/wp-content\\\/uploads\\\/2023\\\/02\\\/06-E-JumpingOverTheShadow_Cover.jpg\",\"contentUrl\":\"https:\\\/\\\/kinder-spielen-theater.de\\\/wp-content\\\/uploads\\\/2023\\\/02\\\/06-E-JumpingOverTheShadow_Cover.jpg\",\"width\":595,\"height\":842},{\"@type\":\"BreadcrumbList\",\"@id\":\"https:\\\/\\\/kinder-spielen-theater.de\\\/produkt\\\/jumping-over-your-shadow\\\/#breadcrumb\",\"itemListElement\":[{\"@type\":\"ListItem\",\"position\":1,\"name\":\"Startseite\",\"item\":\"https:\\\/\\\/kinder-spielen-theater.de\\\/\"},{\"@type\":\"ListItem\",\"position\":2,\"name\":\"Shop: Theaterst\u00fccke zum Download\",\"item\":\"https:\\\/\\\/kinder-spielen-theater.de\\\/shop\\\/\"},{\"@type\":\"ListItem\",\"position\":3,\"name\":\"Jumping Over Your Shadow\"}]},{\"@type\":\"WebSite\",\"@id\":\"https:\\\/\\\/kinder-spielen-theater.de\\\/#website\",\"url\":\"https:\\\/\\\/kinder-spielen-theater.de\\\/\",\"name\":\"Kinder spielen Theater\",\"description\":\"Theaterst\u00fccke f\u00fcr die Grundschule, Haupt- und Realschule, Gesamtschule und Gymnasium, Theaterst\u00fccke f\u00fcr Kinder\",\"potentialAction\":[{\"@type\":\"SearchAction\",\"target\":{\"@type\":\"EntryPoint\",\"urlTemplate\":\"https:\\\/\\\/kinder-spielen-theater.de\\\/?s={search_term_string}\"},\"query-input\":{\"@type\":\"PropertyValueSpecification\",\"valueRequired\":true,\"valueName\":\"search_term_string\"}}],\"inLanguage\":\"de\"}]}<\/script>\n<!-- \/ Yoast SEO plugin. -->","yoast_head_json":{"title":"Jumping Over Your Shadow - Kinder spielen Theater","description":"\u201cJumping over your Shadow\u201d is one of the \u201cTales of the little Hedgehogs\u201d. In this play the Little Hedgehog and the Little Hedgehogess try to jump over their own shadow. They do not succeed and therefore ask the deer, the hares and the frogs to try to do it. But they do not succeed either. Eventually, the Little Hedgehogess starts to fool around. However, the Little Hedgehog does not like that at all and gets angry, because he thinks this is a serious matter. Finally, he jumps over his own shadow (in a figurative sense) by being even more foolish than the Little Hedgehogess. The little Hedgehogs thus learn that you really can jump over your own shadow.","robots":{"index":"index","follow":"follow","max-snippet":"max-snippet:-1","max-image-preview":"max-image-preview:large","max-video-preview":"max-video-preview:-1"},"canonical":"https:\/\/kinder-spielen-theater.de\/de_de\/produkt\/jumping-over-your-shadow\/","og_locale":"de_DE","og_type":"article","og_title":"Jumping Over Your Shadow - Kinder spielen Theater","og_description":"\u201cJumping over your Shadow\u201d is one of the \u201cTales of the little Hedgehogs\u201d. In this play the Little Hedgehog and the Little Hedgehogess try to jump over their own shadow. They do not succeed and therefore ask the deer, the hares and the frogs to try to do it. But they do not succeed either. Eventually, the Little Hedgehogess starts to fool around. However, the Little Hedgehog does not like that at all and gets angry, because he thinks this is a serious matter. Finally, he jumps over his own shadow (in a figurative sense) by being even more foolish than the Little Hedgehogess. The little Hedgehogs thus learn that you really can jump over your own shadow.","og_url":"https:\/\/kinder-spielen-theater.de\/de_de\/produkt\/jumping-over-your-shadow\/","og_site_name":"Kinder spielen Theater","article_modified_time":"2023-02-05T18:44:42+00:00","og_image":[{"width":595,"height":842,"url":"https:\/\/kinder-spielen-theater.de\/wp-content\/uploads\/2023\/02\/06-E-JumpingOverTheShadow_Cover.jpg","type":"image\/jpeg"}],"twitter_card":"summary_large_image","twitter_misc":{"Gesch\u00e4tzte Lesezeit":"2\u00a0Minuten"},"schema":{"@context":"https:\/\/schema.org","@graph":[{"@type":"WebPage","@id":"https:\/\/kinder-spielen-theater.de\/produkt\/jumping-over-your-shadow\/","url":"https:\/\/kinder-spielen-theater.de\/produkt\/jumping-over-your-shadow\/","name":"Jumping Over Your Shadow - Kinder spielen Theater","isPartOf":{"@id":"https:\/\/kinder-spielen-theater.de\/#website"},"primaryImageOfPage":{"@id":"https:\/\/kinder-spielen-theater.de\/produkt\/jumping-over-your-shadow\/#primaryimage"},"image":{"@id":"https:\/\/kinder-spielen-theater.de\/produkt\/jumping-over-your-shadow\/#primaryimage"},"thumbnailUrl":"https:\/\/kinder-spielen-theater.de\/wp-content\/uploads\/2023\/02\/06-E-JumpingOverTheShadow_Cover.jpg","datePublished":"2023-02-05T18:22:29+00:00","dateModified":"2023-02-05T18:44:42+00:00","description":"\u201cJumping over your Shadow\u201d is one of the \u201cTales of the little Hedgehogs\u201d. In this play the Little Hedgehog and the Little Hedgehogess try to jump over their own shadow. They do not succeed and therefore ask the deer, the hares and the frogs to try to do it. But they do not succeed either. Eventually, the Little Hedgehogess starts to fool around. However, the Little Hedgehog does not like that at all and gets angry, because he thinks this is a serious matter. Finally, he jumps over his own shadow (in a figurative sense) by being even more foolish than the Little Hedgehogess. The little Hedgehogs thus learn that you really can jump over your own shadow.","breadcrumb":{"@id":"https:\/\/kinder-spielen-theater.de\/produkt\/jumping-over-your-shadow\/#breadcrumb"},"inLanguage":"de","potentialAction":[{"@type":"ReadAction","target":["https:\/\/kinder-spielen-theater.de\/produkt\/jumping-over-your-shadow\/"]}]},{"@type":"ImageObject","inLanguage":"de","@id":"https:\/\/kinder-spielen-theater.de\/produkt\/jumping-over-your-shadow\/#primaryimage","url":"https:\/\/kinder-spielen-theater.de\/wp-content\/uploads\/2023\/02\/06-E-JumpingOverTheShadow_Cover.jpg","contentUrl":"https:\/\/kinder-spielen-theater.de\/wp-content\/uploads\/2023\/02\/06-E-JumpingOverTheShadow_Cover.jpg","width":595,"height":842},{"@type":"BreadcrumbList","@id":"https:\/\/kinder-spielen-theater.de\/produkt\/jumping-over-your-shadow\/#breadcrumb","itemListElement":[{"@type":"ListItem","position":1,"name":"Startseite","item":"https:\/\/kinder-spielen-theater.de\/"},{"@type":"ListItem","position":2,"name":"Shop: Theaterst\u00fccke zum Download","item":"https:\/\/kinder-spielen-theater.de\/shop\/"},{"@type":"ListItem","position":3,"name":"Jumping Over Your Shadow"}]},{"@type":"WebSite","@id":"https:\/\/kinder-spielen-theater.de\/#website","url":"https:\/\/kinder-spielen-theater.de\/","name":"Kinder spielen Theater","description":"Theaterst\u00fccke f\u00fcr die Grundschule, Haupt- und Realschule, Gesamtschule und Gymnasium, Theaterst\u00fccke f\u00fcr Kinder","potentialAction":[{"@type":"SearchAction","target":{"@type":"EntryPoint","urlTemplate":"https:\/\/kinder-spielen-theater.de\/?s={search_term_string}"},"query-input":{"@type":"PropertyValueSpecification","valueRequired":true,"valueName":"search_term_string"}}],"inLanguage":"de"}]}},"_links":{"self":[{"href":"https:\/\/kinder-spielen-theater.de\/de_de\/wp-json\/wp\/v2\/product\/846","targetHints":{"allow":["GET"]}}],"collection":[{"href":"https:\/\/kinder-spielen-theater.de\/de_de\/wp-json\/wp\/v2\/product"}],"about":[{"href":"https:\/\/kinder-spielen-theater.de\/de_de\/wp-json\/wp\/v2\/types\/product"}],"replies":[{"embeddable":true,"href":"https:\/\/kinder-spielen-theater.de\/de_de\/wp-json\/wp\/v2\/comments?post=846"}],"wp:featuredmedia":[{"embeddable":true,"href":"https:\/\/kinder-spielen-theater.de\/de_de\/wp-json\/wp\/v2\/media\/847"}],"wp:attachment":[{"href":"https:\/\/kinder-spielen-theater.de\/de_de\/wp-json\/wp\/v2\/media?parent=846"}],"wp:term":[{"taxonomy":"product_brand","embeddable":true,"href":"https:\/\/kinder-spielen-theater.de\/de_de\/wp-json\/wp\/v2\/product_brand?post=846"},{"taxonomy":"product_cat","embeddable":true,"href":"https:\/\/kinder-spielen-theater.de\/de_de\/wp-json\/wp\/v2\/product_cat?post=846"},{"taxonomy":"product_tag","embeddable":true,"href":"https:\/\/kinder-spielen-theater.de\/de_de\/wp-json\/wp\/v2\/product_tag?post=846"}],"curies":[{"name":"wp","href":"https:\/\/api.w.org\/{rel}","templated":true}]}}