{"id":837,"date":"2023-02-05T18:08:38","date_gmt":"2023-02-05T18:08:38","guid":{"rendered":"https:\/\/kinder-spielen-theater.de\/?post_type=product&#038;p=837"},"modified":"2023-02-05T18:17:43","modified_gmt":"2023-02-05T18:17:43","slug":"journey-horizon","status":"publish","type":"product","link":"https:\/\/kinder-spielen-theater.de\/de_de\/produkt\/journey-horizon\/","title":{"rendered":"Journey to the Horizon"},"content":{"rendered":"<p><strong>Summery of the content<\/strong><\/p>\n<p>\u201cThe Horizon\u201d is one of the \u201cTales of the little Hedgehogs\u201d. In this play the Little\u00a0 Hedgehog goes on an adventurous journey to find the horizon. By ship he crosses several oceans and meets the inhabitants of three mysterious islands. On the Island of Calm a wise woman helps him to understand the horizon\u2019s secret: Behind each horizon you have reached the next one will emerge and bring new challenges. Happily the Little Hedgehog continues his journey from horizon to horizon by crossing the endless, dangerous and beautiful sea.<\/p>\n<p><u><br \/>\n<\/u><strong>Number of rolls and duration of a performance<\/strong><u><br \/>\n<\/u>\u201cThe Journey to the Horizon\u201d assigns parts to 18 children. This number can be increased or reduced by increasing or reducing the number of island inhabitants (non-speaking roles). The duration of a performance is about 15 minutes.<u><\/p>\n<p><\/u><\/p>\n<p><strong>Size<\/strong><br \/>\nScript 5 pages, total 15 pages<\/p>\n","protected":false},"excerpt":{"rendered":"<p>Summery of the content \u201cThe Horizon\u201d is one of the \u201cTales of the little Hedgehogs\u201d. In this play the Little\u00a0 Hedgehog goes on an adventurous journey to find the horizon. By ship he crosses several oceans and meets the inhabitants of three mysterious islands. On the Island of Calm a wise woman helps him to [&hellip;]<\/p>\n","protected":false},"featured_media":839,"comment_status":"closed","ping_status":"closed","template":"","meta":[],"product_brand":[],"product_cat":[60,30],"product_tag":[],"class_list":{"0":"post-837","1":"product","2":"type-product","3":"status-publish","4":"has-post-thumbnail","6":"product_cat-englische-theaterstuecke","7":"product_cat-igelgeschichten","9":"first","10":"instock","11":"sale","12":"downloadable","13":"virtual","14":"purchasable","15":"product-type-simple"},"yoast_head":"<!-- This site is optimized with the Yoast SEO plugin v27.3 - https:\/\/yoast.com\/product\/yoast-seo-wordpress\/ -->\n<title>Journey to the Horizon - Kinder spielen Theater<\/title>\n<meta name=\"description\" content=\"\u201cThe Horizon\u201d is one of the \u201cTales of the little Hedgehogs\u201d. In this play the Little Hedgehog goes on an adventurous journey to find the horizon. By ship he crosses several oceans and meets the inhabitants of three mysterious islands. On the Island of Calm a wise woman helps him to understand the horizon\u2019s secret: Behind each horizon you have reached the next one will emerge and bring new challenges. Happily the Little Hedgehog continues his journey from horizon to horizon by crossing the endless, dangerous and beautiful sea.\" \/>\n<meta name=\"robots\" content=\"index, follow, max-snippet:-1, max-image-preview:large, max-video-preview:-1\" \/>\n<link rel=\"canonical\" href=\"https:\/\/kinder-spielen-theater.de\/de_de\/produkt\/journey-horizon\/\" \/>\n<meta property=\"og:locale\" content=\"de_DE\" \/>\n<meta property=\"og:type\" content=\"article\" \/>\n<meta property=\"og:title\" content=\"Journey to the Horizon - Kinder spielen Theater\" \/>\n<meta property=\"og:description\" content=\"\u201cThe Horizon\u201d is one of the \u201cTales of the little Hedgehogs\u201d. In this play the Little Hedgehog goes on an adventurous journey to find the horizon. By ship he crosses several oceans and meets the inhabitants of three mysterious islands. On the Island of Calm a wise woman helps him to understand the horizon\u2019s secret: Behind each horizon you have reached the next one will emerge and bring new challenges. Happily the Little Hedgehog continues his journey from horizon to horizon by crossing the endless, dangerous and beautiful sea.\" \/>\n<meta property=\"og:url\" content=\"https:\/\/kinder-spielen-theater.de\/de_de\/produkt\/journey-horizon\/\" \/>\n<meta property=\"og:site_name\" content=\"Kinder spielen Theater\" \/>\n<meta property=\"article:modified_time\" content=\"2023-02-05T18:17:43+00:00\" \/>\n<meta property=\"og:image\" content=\"https:\/\/kinder-spielen-theater.de\/wp-content\/uploads\/2023\/02\/05b-E-Horizon_Cover.jpg\" \/>\n\t<meta property=\"og:image:width\" content=\"595\" \/>\n\t<meta property=\"og:image:height\" content=\"842\" \/>\n\t<meta property=\"og:image:type\" content=\"image\/jpeg\" \/>\n<meta name=\"twitter:card\" content=\"summary_large_image\" \/>\n<meta name=\"twitter:label1\" content=\"Gesch\u00e4tzte Lesezeit\" \/>\n\t<meta name=\"twitter:data1\" content=\"1\u00a0Minute\" \/>\n<script type=\"application\/ld+json\" class=\"yoast-schema-graph\">{\"@context\":\"https:\\\/\\\/schema.org\",\"@graph\":[{\"@type\":\"WebPage\",\"@id\":\"https:\\\/\\\/kinder-spielen-theater.de\\\/produkt\\\/journey-horizon\\\/\",\"url\":\"https:\\\/\\\/kinder-spielen-theater.de\\\/produkt\\\/journey-horizon\\\/\",\"name\":\"Journey to the Horizon - Kinder spielen Theater\",\"isPartOf\":{\"@id\":\"https:\\\/\\\/kinder-spielen-theater.de\\\/#website\"},\"primaryImageOfPage\":{\"@id\":\"https:\\\/\\\/kinder-spielen-theater.de\\\/produkt\\\/journey-horizon\\\/#primaryimage\"},\"image\":{\"@id\":\"https:\\\/\\\/kinder-spielen-theater.de\\\/produkt\\\/journey-horizon\\\/#primaryimage\"},\"thumbnailUrl\":\"https:\\\/\\\/kinder-spielen-theater.de\\\/wp-content\\\/uploads\\\/2023\\\/02\\\/05b-E-Horizon_Cover.jpg\",\"datePublished\":\"2023-02-05T18:08:38+00:00\",\"dateModified\":\"2023-02-05T18:17:43+00:00\",\"description\":\"\u201cThe Horizon\u201d is one of the \u201cTales of the little Hedgehogs\u201d. In this play the Little Hedgehog goes on an adventurous journey to find the horizon. By ship he crosses several oceans and meets the inhabitants of three mysterious islands. On the Island of Calm a wise woman helps him to understand the horizon\u2019s secret: Behind each horizon you have reached the next one will emerge and bring new challenges. Happily the Little Hedgehog continues his journey from horizon to horizon by crossing the endless, dangerous and beautiful sea.\",\"breadcrumb\":{\"@id\":\"https:\\\/\\\/kinder-spielen-theater.de\\\/produkt\\\/journey-horizon\\\/#breadcrumb\"},\"inLanguage\":\"de\",\"potentialAction\":[{\"@type\":\"ReadAction\",\"target\":[\"https:\\\/\\\/kinder-spielen-theater.de\\\/produkt\\\/journey-horizon\\\/\"]}]},{\"@type\":\"ImageObject\",\"inLanguage\":\"de\",\"@id\":\"https:\\\/\\\/kinder-spielen-theater.de\\\/produkt\\\/journey-horizon\\\/#primaryimage\",\"url\":\"https:\\\/\\\/kinder-spielen-theater.de\\\/wp-content\\\/uploads\\\/2023\\\/02\\\/05b-E-Horizon_Cover.jpg\",\"contentUrl\":\"https:\\\/\\\/kinder-spielen-theater.de\\\/wp-content\\\/uploads\\\/2023\\\/02\\\/05b-E-Horizon_Cover.jpg\",\"width\":595,\"height\":842},{\"@type\":\"BreadcrumbList\",\"@id\":\"https:\\\/\\\/kinder-spielen-theater.de\\\/produkt\\\/journey-horizon\\\/#breadcrumb\",\"itemListElement\":[{\"@type\":\"ListItem\",\"position\":1,\"name\":\"Startseite\",\"item\":\"https:\\\/\\\/kinder-spielen-theater.de\\\/\"},{\"@type\":\"ListItem\",\"position\":2,\"name\":\"Shop: Theaterst\u00fccke zum Download\",\"item\":\"https:\\\/\\\/kinder-spielen-theater.de\\\/shop\\\/\"},{\"@type\":\"ListItem\",\"position\":3,\"name\":\"Journey to the Horizon\"}]},{\"@type\":\"WebSite\",\"@id\":\"https:\\\/\\\/kinder-spielen-theater.de\\\/#website\",\"url\":\"https:\\\/\\\/kinder-spielen-theater.de\\\/\",\"name\":\"Kinder spielen Theater\",\"description\":\"Theaterst\u00fccke f\u00fcr die Grundschule, Haupt- und Realschule, Gesamtschule und Gymnasium, Theaterst\u00fccke f\u00fcr Kinder\",\"potentialAction\":[{\"@type\":\"SearchAction\",\"target\":{\"@type\":\"EntryPoint\",\"urlTemplate\":\"https:\\\/\\\/kinder-spielen-theater.de\\\/?s={search_term_string}\"},\"query-input\":{\"@type\":\"PropertyValueSpecification\",\"valueRequired\":true,\"valueName\":\"search_term_string\"}}],\"inLanguage\":\"de\"}]}<\/script>\n<!-- \/ Yoast SEO plugin. -->","yoast_head_json":{"title":"Journey to the Horizon - Kinder spielen Theater","description":"\u201cThe Horizon\u201d is one of the \u201cTales of the little Hedgehogs\u201d. In this play the Little Hedgehog goes on an adventurous journey to find the horizon. By ship he crosses several oceans and meets the inhabitants of three mysterious islands. On the Island of Calm a wise woman helps him to understand the horizon\u2019s secret: Behind each horizon you have reached the next one will emerge and bring new challenges. Happily the Little Hedgehog continues his journey from horizon to horizon by crossing the endless, dangerous and beautiful sea.","robots":{"index":"index","follow":"follow","max-snippet":"max-snippet:-1","max-image-preview":"max-image-preview:large","max-video-preview":"max-video-preview:-1"},"canonical":"https:\/\/kinder-spielen-theater.de\/de_de\/produkt\/journey-horizon\/","og_locale":"de_DE","og_type":"article","og_title":"Journey to the Horizon - Kinder spielen Theater","og_description":"\u201cThe Horizon\u201d is one of the \u201cTales of the little Hedgehogs\u201d. In this play the Little Hedgehog goes on an adventurous journey to find the horizon. By ship he crosses several oceans and meets the inhabitants of three mysterious islands. On the Island of Calm a wise woman helps him to understand the horizon\u2019s secret: Behind each horizon you have reached the next one will emerge and bring new challenges. Happily the Little Hedgehog continues his journey from horizon to horizon by crossing the endless, dangerous and beautiful sea.","og_url":"https:\/\/kinder-spielen-theater.de\/de_de\/produkt\/journey-horizon\/","og_site_name":"Kinder spielen Theater","article_modified_time":"2023-02-05T18:17:43+00:00","og_image":[{"width":595,"height":842,"url":"https:\/\/kinder-spielen-theater.de\/wp-content\/uploads\/2023\/02\/05b-E-Horizon_Cover.jpg","type":"image\/jpeg"}],"twitter_card":"summary_large_image","twitter_misc":{"Gesch\u00e4tzte Lesezeit":"1\u00a0Minute"},"schema":{"@context":"https:\/\/schema.org","@graph":[{"@type":"WebPage","@id":"https:\/\/kinder-spielen-theater.de\/produkt\/journey-horizon\/","url":"https:\/\/kinder-spielen-theater.de\/produkt\/journey-horizon\/","name":"Journey to the Horizon - Kinder spielen Theater","isPartOf":{"@id":"https:\/\/kinder-spielen-theater.de\/#website"},"primaryImageOfPage":{"@id":"https:\/\/kinder-spielen-theater.de\/produkt\/journey-horizon\/#primaryimage"},"image":{"@id":"https:\/\/kinder-spielen-theater.de\/produkt\/journey-horizon\/#primaryimage"},"thumbnailUrl":"https:\/\/kinder-spielen-theater.de\/wp-content\/uploads\/2023\/02\/05b-E-Horizon_Cover.jpg","datePublished":"2023-02-05T18:08:38+00:00","dateModified":"2023-02-05T18:17:43+00:00","description":"\u201cThe Horizon\u201d is one of the \u201cTales of the little Hedgehogs\u201d. In this play the Little Hedgehog goes on an adventurous journey to find the horizon. By ship he crosses several oceans and meets the inhabitants of three mysterious islands. On the Island of Calm a wise woman helps him to understand the horizon\u2019s secret: Behind each horizon you have reached the next one will emerge and bring new challenges. Happily the Little Hedgehog continues his journey from horizon to horizon by crossing the endless, dangerous and beautiful sea.","breadcrumb":{"@id":"https:\/\/kinder-spielen-theater.de\/produkt\/journey-horizon\/#breadcrumb"},"inLanguage":"de","potentialAction":[{"@type":"ReadAction","target":["https:\/\/kinder-spielen-theater.de\/produkt\/journey-horizon\/"]}]},{"@type":"ImageObject","inLanguage":"de","@id":"https:\/\/kinder-spielen-theater.de\/produkt\/journey-horizon\/#primaryimage","url":"https:\/\/kinder-spielen-theater.de\/wp-content\/uploads\/2023\/02\/05b-E-Horizon_Cover.jpg","contentUrl":"https:\/\/kinder-spielen-theater.de\/wp-content\/uploads\/2023\/02\/05b-E-Horizon_Cover.jpg","width":595,"height":842},{"@type":"BreadcrumbList","@id":"https:\/\/kinder-spielen-theater.de\/produkt\/journey-horizon\/#breadcrumb","itemListElement":[{"@type":"ListItem","position":1,"name":"Startseite","item":"https:\/\/kinder-spielen-theater.de\/"},{"@type":"ListItem","position":2,"name":"Shop: Theaterst\u00fccke zum Download","item":"https:\/\/kinder-spielen-theater.de\/shop\/"},{"@type":"ListItem","position":3,"name":"Journey to the Horizon"}]},{"@type":"WebSite","@id":"https:\/\/kinder-spielen-theater.de\/#website","url":"https:\/\/kinder-spielen-theater.de\/","name":"Kinder spielen Theater","description":"Theaterst\u00fccke f\u00fcr die Grundschule, Haupt- und Realschule, Gesamtschule und Gymnasium, Theaterst\u00fccke f\u00fcr Kinder","potentialAction":[{"@type":"SearchAction","target":{"@type":"EntryPoint","urlTemplate":"https:\/\/kinder-spielen-theater.de\/?s={search_term_string}"},"query-input":{"@type":"PropertyValueSpecification","valueRequired":true,"valueName":"search_term_string"}}],"inLanguage":"de"}]}},"_links":{"self":[{"href":"https:\/\/kinder-spielen-theater.de\/de_de\/wp-json\/wp\/v2\/product\/837","targetHints":{"allow":["GET"]}}],"collection":[{"href":"https:\/\/kinder-spielen-theater.de\/de_de\/wp-json\/wp\/v2\/product"}],"about":[{"href":"https:\/\/kinder-spielen-theater.de\/de_de\/wp-json\/wp\/v2\/types\/product"}],"replies":[{"embeddable":true,"href":"https:\/\/kinder-spielen-theater.de\/de_de\/wp-json\/wp\/v2\/comments?post=837"}],"wp:featuredmedia":[{"embeddable":true,"href":"https:\/\/kinder-spielen-theater.de\/de_de\/wp-json\/wp\/v2\/media\/839"}],"wp:attachment":[{"href":"https:\/\/kinder-spielen-theater.de\/de_de\/wp-json\/wp\/v2\/media?parent=837"}],"wp:term":[{"taxonomy":"product_brand","embeddable":true,"href":"https:\/\/kinder-spielen-theater.de\/de_de\/wp-json\/wp\/v2\/product_brand?post=837"},{"taxonomy":"product_cat","embeddable":true,"href":"https:\/\/kinder-spielen-theater.de\/de_de\/wp-json\/wp\/v2\/product_cat?post=837"},{"taxonomy":"product_tag","embeddable":true,"href":"https:\/\/kinder-spielen-theater.de\/de_de\/wp-json\/wp\/v2\/product_tag?post=837"}],"curies":[{"name":"wp","href":"https:\/\/api.w.org\/{rel}","templated":true}]}}