{"id":754,"date":"2022-11-11T08:05:37","date_gmt":"2022-11-11T08:05:37","guid":{"rendered":"https:\/\/kinder-spielen-theater.de\/?post_type=product&#038;p=754"},"modified":"2023-02-05T18:20:24","modified_gmt":"2023-02-05T18:20:24","slug":"christmasstory","status":"publish","type":"product","link":"https:\/\/kinder-spielen-theater.de\/de_de\/produkt\/christmasstory\/","title":{"rendered":"The Christmas Story"},"content":{"rendered":"<p><strong>Summery of the content<\/strong><\/p>\n<p>The Christmas Story begins with the angel\u2019s annunciation of Jesus\u2019 birth and ends with Mary\u2019s and Joseph\u2019s escape to Egypt. Mary, who is soon expecting, and Joseph are on their way to their hometown of Bethlehem for a census ordered by Emperor Augustus. In Persia the astronomers Casper, Melchior and Balthasar discover the star of Bethlehem, which they interpret as a sign for the birth of a great king who is to bring hope and peace to mankind. Thereupon they set out on the journey to Bethlehem. Five shepherds hear the announcement of the Saviour\u2019s birth by an angel and go to greet the child in the stable of Bethlehem. Finally, Casper, Melchior and Balthasar arrive at the stable of Bethlehem, greet the child with presents and advise Mary and Joseph to flee from Herod.<\/p>\n<p><strong>Number of rolls and duration of a performance<br \/>\n<\/strong>The script consists of three scenes. Very young children could perform the third scene only, slightly older children the first and third scenes and again a little older children all three scenes. The third scene can be performed by 10 children (this number can be increased by adding a few shepherds (non speaking roles)), all three scenes by 30 children. The running time for the complete play is around 30 minutes<\/p>\n<p><strong>Size<br \/>\n<\/strong>Script 8 pages, total 26 pages<\/p>\n<p><a href=\"https:\/\/kinder-spielen-theater.de\/wp-content\/uploads\/2022\/11\/36-E-Leseprobe-Christmas-Story.pdf\">Reading Sample Christmas Story<\/a><\/p>\n","protected":false},"excerpt":{"rendered":"<p>Summery of the content The Christmas Story begins with the angel\u2019s annunciation of Jesus\u2019 birth and ends with Mary\u2019s and Joseph\u2019s escape to Egypt. Mary, who is soon expecting, and Joseph are on their way to their hometown of Bethlehem for a census ordered by Emperor Augustus. In Persia the astronomers Casper, Melchior and Balthasar [&hellip;]<\/p>\n","protected":false},"featured_media":755,"comment_status":"open","ping_status":"closed","template":"","meta":[],"product_brand":[],"product_cat":[60,39],"product_tag":[],"class_list":{"0":"post-754","1":"product","2":"type-product","3":"status-publish","4":"has-post-thumbnail","6":"product_cat-englische-theaterstuecke","7":"product_cat-religion","9":"first","10":"instock","11":"sale","12":"downloadable","13":"virtual","14":"purchasable","15":"product-type-simple"},"yoast_head":"<!-- This site is optimized with the Yoast SEO plugin v27.4 - https:\/\/yoast.com\/product\/yoast-seo-wordpress\/ -->\n<title>The Christmas Story - Kinder spielen Theater<\/title>\n<meta name=\"description\" content=\"The Christmas Story begins with the angel\u2019s annunciation of Jesus\u2019 birth and ends with Mary\u2019s and Joseph\u2019s escape to Egypt. Mary, who is soon expecting, and Joseph are on their way to their hometown of Bethlehem for a census ordered by Emperor Augustus. In Persia the astronomers Casper, Melchior and Balthasar discover the star of Bethlehem, which they interpret as a sign for the birth of a great king who is to bring hope and peace to mankind. Thereupon they set out on the journey to Bethlehem. Five shepherds hear the announcement of the Saviour\u2019s birth by an angel and go to greet the child in the stable of Bethlehem. Finally, Casper, Melchior and Balthasar arrive at the stable of Bethlehem, greet the child with presents and advise Mary and Joseph to flee from Herod.\" \/>\n<meta name=\"robots\" content=\"index, follow, max-snippet:-1, max-image-preview:large, max-video-preview:-1\" \/>\n<link rel=\"canonical\" href=\"https:\/\/kinder-spielen-theater.de\/de_de\/produkt\/christmasstory\/\" \/>\n<meta property=\"og:locale\" content=\"de_DE\" \/>\n<meta property=\"og:type\" content=\"article\" \/>\n<meta property=\"og:title\" content=\"The Christmas Story - Kinder spielen Theater\" \/>\n<meta property=\"og:description\" content=\"The Christmas Story begins with the angel\u2019s annunciation of Jesus\u2019 birth and ends with Mary\u2019s and Joseph\u2019s escape to Egypt. Mary, who is soon expecting, and Joseph are on their way to their hometown of Bethlehem for a census ordered by Emperor Augustus. In Persia the astronomers Casper, Melchior and Balthasar discover the star of Bethlehem, which they interpret as a sign for the birth of a great king who is to bring hope and peace to mankind. Thereupon they set out on the journey to Bethlehem. Five shepherds hear the announcement of the Saviour\u2019s birth by an angel and go to greet the child in the stable of Bethlehem. Finally, Casper, Melchior and Balthasar arrive at the stable of Bethlehem, greet the child with presents and advise Mary and Joseph to flee from Herod.\" \/>\n<meta property=\"og:url\" content=\"https:\/\/kinder-spielen-theater.de\/de_de\/produkt\/christmasstory\/\" \/>\n<meta property=\"og:site_name\" content=\"Kinder spielen Theater\" \/>\n<meta property=\"article:modified_time\" content=\"2023-02-05T18:20:24+00:00\" \/>\n<meta property=\"og:image\" content=\"https:\/\/kinder-spielen-theater.de\/wp-content\/uploads\/2022\/11\/36-E-Cover-The-Christmas-Story-g.n.-Adobe-page-001.jpg\" \/>\n\t<meta property=\"og:image:width\" content=\"1240\" \/>\n\t<meta property=\"og:image:height\" content=\"1754\" \/>\n\t<meta property=\"og:image:type\" content=\"image\/jpeg\" \/>\n<meta name=\"twitter:card\" content=\"summary_large_image\" \/>\n<meta name=\"twitter:label1\" content=\"Gesch\u00e4tzte Lesezeit\" \/>\n\t<meta name=\"twitter:data1\" content=\"2\u00a0Minuten\" \/>\n<script type=\"application\/ld+json\" class=\"yoast-schema-graph\">{\"@context\":\"https:\\\/\\\/schema.org\",\"@graph\":[{\"@type\":\"WebPage\",\"@id\":\"https:\\\/\\\/kinder-spielen-theater.de\\\/produkt\\\/christmasstory\\\/\",\"url\":\"https:\\\/\\\/kinder-spielen-theater.de\\\/produkt\\\/christmasstory\\\/\",\"name\":\"The Christmas Story - Kinder spielen Theater\",\"isPartOf\":{\"@id\":\"https:\\\/\\\/kinder-spielen-theater.de\\\/#website\"},\"primaryImageOfPage\":{\"@id\":\"https:\\\/\\\/kinder-spielen-theater.de\\\/produkt\\\/christmasstory\\\/#primaryimage\"},\"image\":{\"@id\":\"https:\\\/\\\/kinder-spielen-theater.de\\\/produkt\\\/christmasstory\\\/#primaryimage\"},\"thumbnailUrl\":\"https:\\\/\\\/kinder-spielen-theater.de\\\/wp-content\\\/uploads\\\/2022\\\/11\\\/36-E-Cover-The-Christmas-Story-g.n.-Adobe-page-001.jpg\",\"datePublished\":\"2022-11-11T08:05:37+00:00\",\"dateModified\":\"2023-02-05T18:20:24+00:00\",\"description\":\"The Christmas Story begins with the angel\u2019s annunciation of Jesus\u2019 birth and ends with Mary\u2019s and Joseph\u2019s escape to Egypt. Mary, who is soon expecting, and Joseph are on their way to their hometown of Bethlehem for a census ordered by Emperor Augustus. In Persia the astronomers Casper, Melchior and Balthasar discover the star of Bethlehem, which they interpret as a sign for the birth of a great king who is to bring hope and peace to mankind. Thereupon they set out on the journey to Bethlehem. Five shepherds hear the announcement of the Saviour\u2019s birth by an angel and go to greet the child in the stable of Bethlehem. Finally, Casper, Melchior and Balthasar arrive at the stable of Bethlehem, greet the child with presents and advise Mary and Joseph to flee from Herod.\",\"breadcrumb\":{\"@id\":\"https:\\\/\\\/kinder-spielen-theater.de\\\/produkt\\\/christmasstory\\\/#breadcrumb\"},\"inLanguage\":\"de\",\"potentialAction\":[{\"@type\":\"ReadAction\",\"target\":[\"https:\\\/\\\/kinder-spielen-theater.de\\\/produkt\\\/christmasstory\\\/\"]}]},{\"@type\":\"ImageObject\",\"inLanguage\":\"de\",\"@id\":\"https:\\\/\\\/kinder-spielen-theater.de\\\/produkt\\\/christmasstory\\\/#primaryimage\",\"url\":\"https:\\\/\\\/kinder-spielen-theater.de\\\/wp-content\\\/uploads\\\/2022\\\/11\\\/36-E-Cover-The-Christmas-Story-g.n.-Adobe-page-001.jpg\",\"contentUrl\":\"https:\\\/\\\/kinder-spielen-theater.de\\\/wp-content\\\/uploads\\\/2022\\\/11\\\/36-E-Cover-The-Christmas-Story-g.n.-Adobe-page-001.jpg\",\"width\":1240,\"height\":1754},{\"@type\":\"BreadcrumbList\",\"@id\":\"https:\\\/\\\/kinder-spielen-theater.de\\\/produkt\\\/christmasstory\\\/#breadcrumb\",\"itemListElement\":[{\"@type\":\"ListItem\",\"position\":1,\"name\":\"Startseite\",\"item\":\"https:\\\/\\\/kinder-spielen-theater.de\\\/\"},{\"@type\":\"ListItem\",\"position\":2,\"name\":\"Shop: Theaterst\u00fccke zum Download\",\"item\":\"https:\\\/\\\/kinder-spielen-theater.de\\\/shop\\\/\"},{\"@type\":\"ListItem\",\"position\":3,\"name\":\"The Christmas Story\"}]},{\"@type\":\"WebSite\",\"@id\":\"https:\\\/\\\/kinder-spielen-theater.de\\\/#website\",\"url\":\"https:\\\/\\\/kinder-spielen-theater.de\\\/\",\"name\":\"Kinder spielen Theater\",\"description\":\"Theaterst\u00fccke f\u00fcr die Grundschule, Haupt- und Realschule, Gesamtschule und Gymnasium, Theaterst\u00fccke f\u00fcr Kinder\",\"potentialAction\":[{\"@type\":\"SearchAction\",\"target\":{\"@type\":\"EntryPoint\",\"urlTemplate\":\"https:\\\/\\\/kinder-spielen-theater.de\\\/?s={search_term_string}\"},\"query-input\":{\"@type\":\"PropertyValueSpecification\",\"valueRequired\":true,\"valueName\":\"search_term_string\"}}],\"inLanguage\":\"de\"}]}<\/script>\n<!-- \/ Yoast SEO plugin. -->","yoast_head_json":{"title":"The Christmas Story - Kinder spielen Theater","description":"The Christmas Story begins with the angel\u2019s annunciation of Jesus\u2019 birth and ends with Mary\u2019s and Joseph\u2019s escape to Egypt. Mary, who is soon expecting, and Joseph are on their way to their hometown of Bethlehem for a census ordered by Emperor Augustus. In Persia the astronomers Casper, Melchior and Balthasar discover the star of Bethlehem, which they interpret as a sign for the birth of a great king who is to bring hope and peace to mankind. Thereupon they set out on the journey to Bethlehem. Five shepherds hear the announcement of the Saviour\u2019s birth by an angel and go to greet the child in the stable of Bethlehem. Finally, Casper, Melchior and Balthasar arrive at the stable of Bethlehem, greet the child with presents and advise Mary and Joseph to flee from Herod.","robots":{"index":"index","follow":"follow","max-snippet":"max-snippet:-1","max-image-preview":"max-image-preview:large","max-video-preview":"max-video-preview:-1"},"canonical":"https:\/\/kinder-spielen-theater.de\/de_de\/produkt\/christmasstory\/","og_locale":"de_DE","og_type":"article","og_title":"The Christmas Story - Kinder spielen Theater","og_description":"The Christmas Story begins with the angel\u2019s annunciation of Jesus\u2019 birth and ends with Mary\u2019s and Joseph\u2019s escape to Egypt. Mary, who is soon expecting, and Joseph are on their way to their hometown of Bethlehem for a census ordered by Emperor Augustus. In Persia the astronomers Casper, Melchior and Balthasar discover the star of Bethlehem, which they interpret as a sign for the birth of a great king who is to bring hope and peace to mankind. Thereupon they set out on the journey to Bethlehem. Five shepherds hear the announcement of the Saviour\u2019s birth by an angel and go to greet the child in the stable of Bethlehem. Finally, Casper, Melchior and Balthasar arrive at the stable of Bethlehem, greet the child with presents and advise Mary and Joseph to flee from Herod.","og_url":"https:\/\/kinder-spielen-theater.de\/de_de\/produkt\/christmasstory\/","og_site_name":"Kinder spielen Theater","article_modified_time":"2023-02-05T18:20:24+00:00","og_image":[{"width":1240,"height":1754,"url":"https:\/\/kinder-spielen-theater.de\/wp-content\/uploads\/2022\/11\/36-E-Cover-The-Christmas-Story-g.n.-Adobe-page-001.jpg","type":"image\/jpeg"}],"twitter_card":"summary_large_image","twitter_misc":{"Gesch\u00e4tzte Lesezeit":"2\u00a0Minuten"},"schema":{"@context":"https:\/\/schema.org","@graph":[{"@type":"WebPage","@id":"https:\/\/kinder-spielen-theater.de\/produkt\/christmasstory\/","url":"https:\/\/kinder-spielen-theater.de\/produkt\/christmasstory\/","name":"The Christmas Story - Kinder spielen Theater","isPartOf":{"@id":"https:\/\/kinder-spielen-theater.de\/#website"},"primaryImageOfPage":{"@id":"https:\/\/kinder-spielen-theater.de\/produkt\/christmasstory\/#primaryimage"},"image":{"@id":"https:\/\/kinder-spielen-theater.de\/produkt\/christmasstory\/#primaryimage"},"thumbnailUrl":"https:\/\/kinder-spielen-theater.de\/wp-content\/uploads\/2022\/11\/36-E-Cover-The-Christmas-Story-g.n.-Adobe-page-001.jpg","datePublished":"2022-11-11T08:05:37+00:00","dateModified":"2023-02-05T18:20:24+00:00","description":"The Christmas Story begins with the angel\u2019s annunciation of Jesus\u2019 birth and ends with Mary\u2019s and Joseph\u2019s escape to Egypt. Mary, who is soon expecting, and Joseph are on their way to their hometown of Bethlehem for a census ordered by Emperor Augustus. In Persia the astronomers Casper, Melchior and Balthasar discover the star of Bethlehem, which they interpret as a sign for the birth of a great king who is to bring hope and peace to mankind. Thereupon they set out on the journey to Bethlehem. Five shepherds hear the announcement of the Saviour\u2019s birth by an angel and go to greet the child in the stable of Bethlehem. Finally, Casper, Melchior and Balthasar arrive at the stable of Bethlehem, greet the child with presents and advise Mary and Joseph to flee from Herod.","breadcrumb":{"@id":"https:\/\/kinder-spielen-theater.de\/produkt\/christmasstory\/#breadcrumb"},"inLanguage":"de","potentialAction":[{"@type":"ReadAction","target":["https:\/\/kinder-spielen-theater.de\/produkt\/christmasstory\/"]}]},{"@type":"ImageObject","inLanguage":"de","@id":"https:\/\/kinder-spielen-theater.de\/produkt\/christmasstory\/#primaryimage","url":"https:\/\/kinder-spielen-theater.de\/wp-content\/uploads\/2022\/11\/36-E-Cover-The-Christmas-Story-g.n.-Adobe-page-001.jpg","contentUrl":"https:\/\/kinder-spielen-theater.de\/wp-content\/uploads\/2022\/11\/36-E-Cover-The-Christmas-Story-g.n.-Adobe-page-001.jpg","width":1240,"height":1754},{"@type":"BreadcrumbList","@id":"https:\/\/kinder-spielen-theater.de\/produkt\/christmasstory\/#breadcrumb","itemListElement":[{"@type":"ListItem","position":1,"name":"Startseite","item":"https:\/\/kinder-spielen-theater.de\/"},{"@type":"ListItem","position":2,"name":"Shop: Theaterst\u00fccke zum Download","item":"https:\/\/kinder-spielen-theater.de\/shop\/"},{"@type":"ListItem","position":3,"name":"The Christmas Story"}]},{"@type":"WebSite","@id":"https:\/\/kinder-spielen-theater.de\/#website","url":"https:\/\/kinder-spielen-theater.de\/","name":"Kinder spielen Theater","description":"Theaterst\u00fccke f\u00fcr die Grundschule, Haupt- und Realschule, Gesamtschule und Gymnasium, Theaterst\u00fccke f\u00fcr Kinder","potentialAction":[{"@type":"SearchAction","target":{"@type":"EntryPoint","urlTemplate":"https:\/\/kinder-spielen-theater.de\/?s={search_term_string}"},"query-input":{"@type":"PropertyValueSpecification","valueRequired":true,"valueName":"search_term_string"}}],"inLanguage":"de"}]}},"_links":{"self":[{"href":"https:\/\/kinder-spielen-theater.de\/de_de\/wp-json\/wp\/v2\/product\/754","targetHints":{"allow":["GET"]}}],"collection":[{"href":"https:\/\/kinder-spielen-theater.de\/de_de\/wp-json\/wp\/v2\/product"}],"about":[{"href":"https:\/\/kinder-spielen-theater.de\/de_de\/wp-json\/wp\/v2\/types\/product"}],"replies":[{"embeddable":true,"href":"https:\/\/kinder-spielen-theater.de\/de_de\/wp-json\/wp\/v2\/comments?post=754"}],"wp:featuredmedia":[{"embeddable":true,"href":"https:\/\/kinder-spielen-theater.de\/de_de\/wp-json\/wp\/v2\/media\/755"}],"wp:attachment":[{"href":"https:\/\/kinder-spielen-theater.de\/de_de\/wp-json\/wp\/v2\/media?parent=754"}],"wp:term":[{"taxonomy":"product_brand","embeddable":true,"href":"https:\/\/kinder-spielen-theater.de\/de_de\/wp-json\/wp\/v2\/product_brand?post=754"},{"taxonomy":"product_cat","embeddable":true,"href":"https:\/\/kinder-spielen-theater.de\/de_de\/wp-json\/wp\/v2\/product_cat?post=754"},{"taxonomy":"product_tag","embeddable":true,"href":"https:\/\/kinder-spielen-theater.de\/de_de\/wp-json\/wp\/v2\/product_tag?post=754"}],"curies":[{"name":"wp","href":"https:\/\/api.w.org\/{rel}","templated":true}]}}