{"id":738,"date":"2022-10-31T14:50:37","date_gmt":"2022-10-31T14:50:37","guid":{"rendered":"https:\/\/kinder-spielen-theater.de\/?post_type=product&#038;p=738"},"modified":"2023-02-05T18:20:53","modified_gmt":"2023-02-05T18:20:53","slug":"the-paradise","status":"publish","type":"product","link":"https:\/\/kinder-spielen-theater.de\/de_de\/produkt\/the-paradise\/","title":{"rendered":"The Paradise"},"content":{"rendered":"<p><span style=\"font-size: 14pt;\"><strong>Summery of the content<\/strong><\/span><u><br \/>\n<\/u>\u201cLooking for Paradise\u201d is one of the \u201cTales of the little Hedgehogs\u201d. In this play the Little Hedgehog is looking for paradise. While searching he meets his friend the Little Hedgehogess. Since she is looking for herbs for her grandparents, they decide to do it together. While searching and playing they meet the animals of the forest, which help them to find the herbs. But they do not know where to look for the Little Hedghog\u2019s paradise. Finally, when both of them feel butterflies in their bellies, they think they are very close to finding it.<\/p>\n<p>&nbsp;<\/p>\n<p><span style=\"font-size: 14pt;\"><strong>Number of rolls and duration of a performance<\/strong><\/span><u><br \/>\n<\/u>&#8222;Looking for Paradise&#8220; contains 7 roles. This number can be increased by having the performing animals each appear not only individually, but multiple times (roles without speech text). The duration of a performance is about 15 minutes.<\/p>\n<p><span style=\"font-size: 14pt;\"><strong>Size<\/strong><\/span><u><br \/>\n<\/u>Script 5 pages, total 10 pages<\/p>\n<p><a href=\"https:\/\/kinder-spielen-theater.de\/wp-content\/uploads\/2022\/10\/5a-E-Leseprobe-Paradise.pdf\">Reading Sample Paradise<\/a><\/p>\n","protected":false},"excerpt":{"rendered":"<p>Summery of the content \u201cLooking for Paradise\u201d is one of the \u201cTales of the little Hedgehogs\u201d. In this play the Little Hedgehog is looking for paradise. While searching he meets his friend the Little Hedgehogess. Since she is looking for herbs for her grandparents, they decide to do it together. While searching and playing they [&hellip;]<\/p>\n","protected":false},"featured_media":739,"comment_status":"closed","ping_status":"closed","template":"","meta":[],"product_brand":[],"product_cat":[60,30],"product_tag":[],"class_list":{"0":"post-738","1":"product","2":"type-product","3":"status-publish","4":"has-post-thumbnail","6":"product_cat-englische-theaterstuecke","7":"product_cat-igelgeschichten","9":"first","10":"instock","11":"sale","12":"downloadable","13":"virtual","14":"purchasable","15":"product-type-simple"},"yoast_head":"<!-- This site is optimized with the Yoast SEO plugin v27.3 - https:\/\/yoast.com\/product\/yoast-seo-wordpress\/ -->\n<title>The Paradise - Kinder spielen Theater<\/title>\n<meta name=\"description\" content=\"\u201cLooking for Paradise\u201d is one of the \u201cTales of the little Hedgehogs\u201d. In this play the Little Hedgehog is looking for paradise. While searching he meets his friend the Little Hedgehogess. Since she is looking for herbs for her grandparents, they decide to do it together. While searching and playing they meet the animals of the forest, which help them to find the herbs. But they do not know where to look for the Little Hedghog\u2019s paradise. Finally, when both of them feel butterflies in their bellies, they think they are very close to finding it.\" \/>\n<meta name=\"robots\" content=\"index, follow, max-snippet:-1, max-image-preview:large, max-video-preview:-1\" \/>\n<link rel=\"canonical\" href=\"https:\/\/kinder-spielen-theater.de\/de_de\/produkt\/the-paradise\/\" \/>\n<meta property=\"og:locale\" content=\"de_DE\" \/>\n<meta property=\"og:type\" content=\"article\" \/>\n<meta property=\"og:title\" content=\"The Paradise - Kinder spielen Theater\" \/>\n<meta property=\"og:description\" content=\"\u201cLooking for Paradise\u201d is one of the \u201cTales of the little Hedgehogs\u201d. In this play the Little Hedgehog is looking for paradise. While searching he meets his friend the Little Hedgehogess. Since she is looking for herbs for her grandparents, they decide to do it together. While searching and playing they meet the animals of the forest, which help them to find the herbs. But they do not know where to look for the Little Hedghog\u2019s paradise. Finally, when both of them feel butterflies in their bellies, they think they are very close to finding it.\" \/>\n<meta property=\"og:url\" content=\"https:\/\/kinder-spielen-theater.de\/de_de\/produkt\/the-paradise\/\" \/>\n<meta property=\"og:site_name\" content=\"Kinder spielen Theater\" \/>\n<meta property=\"article:modified_time\" content=\"2023-02-05T18:20:53+00:00\" \/>\n<meta property=\"og:image\" content=\"https:\/\/kinder-spielen-theater.de\/wp-content\/uploads\/2022\/10\/5a-E-The-Paradise-Cover-page-001.jpg\" \/>\n\t<meta property=\"og:image:width\" content=\"1240\" \/>\n\t<meta property=\"og:image:height\" content=\"1754\" \/>\n\t<meta property=\"og:image:type\" content=\"image\/jpeg\" \/>\n<meta name=\"twitter:card\" content=\"summary_large_image\" \/>\n<meta name=\"twitter:label1\" content=\"Gesch\u00e4tzte Lesezeit\" \/>\n\t<meta name=\"twitter:data1\" content=\"1\u00a0Minute\" \/>\n<script type=\"application\/ld+json\" class=\"yoast-schema-graph\">{\"@context\":\"https:\\\/\\\/schema.org\",\"@graph\":[{\"@type\":\"WebPage\",\"@id\":\"https:\\\/\\\/kinder-spielen-theater.de\\\/produkt\\\/the-paradise\\\/\",\"url\":\"https:\\\/\\\/kinder-spielen-theater.de\\\/produkt\\\/the-paradise\\\/\",\"name\":\"The Paradise - Kinder spielen Theater\",\"isPartOf\":{\"@id\":\"https:\\\/\\\/kinder-spielen-theater.de\\\/#website\"},\"primaryImageOfPage\":{\"@id\":\"https:\\\/\\\/kinder-spielen-theater.de\\\/produkt\\\/the-paradise\\\/#primaryimage\"},\"image\":{\"@id\":\"https:\\\/\\\/kinder-spielen-theater.de\\\/produkt\\\/the-paradise\\\/#primaryimage\"},\"thumbnailUrl\":\"https:\\\/\\\/kinder-spielen-theater.de\\\/wp-content\\\/uploads\\\/2022\\\/10\\\/5a-E-The-Paradise-Cover-page-001.jpg\",\"datePublished\":\"2022-10-31T14:50:37+00:00\",\"dateModified\":\"2023-02-05T18:20:53+00:00\",\"description\":\"\u201cLooking for Paradise\u201d is one of the \u201cTales of the little Hedgehogs\u201d. In this play the Little Hedgehog is looking for paradise. While searching he meets his friend the Little Hedgehogess. Since she is looking for herbs for her grandparents, they decide to do it together. While searching and playing they meet the animals of the forest, which help them to find the herbs. But they do not know where to look for the Little Hedghog\u2019s paradise. Finally, when both of them feel butterflies in their bellies, they think they are very close to finding it.\",\"breadcrumb\":{\"@id\":\"https:\\\/\\\/kinder-spielen-theater.de\\\/produkt\\\/the-paradise\\\/#breadcrumb\"},\"inLanguage\":\"de\",\"potentialAction\":[{\"@type\":\"ReadAction\",\"target\":[\"https:\\\/\\\/kinder-spielen-theater.de\\\/produkt\\\/the-paradise\\\/\"]}]},{\"@type\":\"ImageObject\",\"inLanguage\":\"de\",\"@id\":\"https:\\\/\\\/kinder-spielen-theater.de\\\/produkt\\\/the-paradise\\\/#primaryimage\",\"url\":\"https:\\\/\\\/kinder-spielen-theater.de\\\/wp-content\\\/uploads\\\/2022\\\/10\\\/5a-E-The-Paradise-Cover-page-001.jpg\",\"contentUrl\":\"https:\\\/\\\/kinder-spielen-theater.de\\\/wp-content\\\/uploads\\\/2022\\\/10\\\/5a-E-The-Paradise-Cover-page-001.jpg\",\"width\":1240,\"height\":1754},{\"@type\":\"BreadcrumbList\",\"@id\":\"https:\\\/\\\/kinder-spielen-theater.de\\\/produkt\\\/the-paradise\\\/#breadcrumb\",\"itemListElement\":[{\"@type\":\"ListItem\",\"position\":1,\"name\":\"Startseite\",\"item\":\"https:\\\/\\\/kinder-spielen-theater.de\\\/\"},{\"@type\":\"ListItem\",\"position\":2,\"name\":\"Shop: Theaterst\u00fccke zum Download\",\"item\":\"https:\\\/\\\/kinder-spielen-theater.de\\\/shop\\\/\"},{\"@type\":\"ListItem\",\"position\":3,\"name\":\"The Paradise\"}]},{\"@type\":\"WebSite\",\"@id\":\"https:\\\/\\\/kinder-spielen-theater.de\\\/#website\",\"url\":\"https:\\\/\\\/kinder-spielen-theater.de\\\/\",\"name\":\"Kinder spielen Theater\",\"description\":\"Theaterst\u00fccke f\u00fcr die Grundschule, Haupt- und Realschule, Gesamtschule und Gymnasium, Theaterst\u00fccke f\u00fcr Kinder\",\"potentialAction\":[{\"@type\":\"SearchAction\",\"target\":{\"@type\":\"EntryPoint\",\"urlTemplate\":\"https:\\\/\\\/kinder-spielen-theater.de\\\/?s={search_term_string}\"},\"query-input\":{\"@type\":\"PropertyValueSpecification\",\"valueRequired\":true,\"valueName\":\"search_term_string\"}}],\"inLanguage\":\"de\"}]}<\/script>\n<!-- \/ Yoast SEO plugin. -->","yoast_head_json":{"title":"The Paradise - Kinder spielen Theater","description":"\u201cLooking for Paradise\u201d is one of the \u201cTales of the little Hedgehogs\u201d. In this play the Little Hedgehog is looking for paradise. While searching he meets his friend the Little Hedgehogess. Since she is looking for herbs for her grandparents, they decide to do it together. While searching and playing they meet the animals of the forest, which help them to find the herbs. But they do not know where to look for the Little Hedghog\u2019s paradise. Finally, when both of them feel butterflies in their bellies, they think they are very close to finding it.","robots":{"index":"index","follow":"follow","max-snippet":"max-snippet:-1","max-image-preview":"max-image-preview:large","max-video-preview":"max-video-preview:-1"},"canonical":"https:\/\/kinder-spielen-theater.de\/de_de\/produkt\/the-paradise\/","og_locale":"de_DE","og_type":"article","og_title":"The Paradise - Kinder spielen Theater","og_description":"\u201cLooking for Paradise\u201d is one of the \u201cTales of the little Hedgehogs\u201d. In this play the Little Hedgehog is looking for paradise. While searching he meets his friend the Little Hedgehogess. Since she is looking for herbs for her grandparents, they decide to do it together. While searching and playing they meet the animals of the forest, which help them to find the herbs. But they do not know where to look for the Little Hedghog\u2019s paradise. Finally, when both of them feel butterflies in their bellies, they think they are very close to finding it.","og_url":"https:\/\/kinder-spielen-theater.de\/de_de\/produkt\/the-paradise\/","og_site_name":"Kinder spielen Theater","article_modified_time":"2023-02-05T18:20:53+00:00","og_image":[{"width":1240,"height":1754,"url":"https:\/\/kinder-spielen-theater.de\/wp-content\/uploads\/2022\/10\/5a-E-The-Paradise-Cover-page-001.jpg","type":"image\/jpeg"}],"twitter_card":"summary_large_image","twitter_misc":{"Gesch\u00e4tzte Lesezeit":"1\u00a0Minute"},"schema":{"@context":"https:\/\/schema.org","@graph":[{"@type":"WebPage","@id":"https:\/\/kinder-spielen-theater.de\/produkt\/the-paradise\/","url":"https:\/\/kinder-spielen-theater.de\/produkt\/the-paradise\/","name":"The Paradise - Kinder spielen Theater","isPartOf":{"@id":"https:\/\/kinder-spielen-theater.de\/#website"},"primaryImageOfPage":{"@id":"https:\/\/kinder-spielen-theater.de\/produkt\/the-paradise\/#primaryimage"},"image":{"@id":"https:\/\/kinder-spielen-theater.de\/produkt\/the-paradise\/#primaryimage"},"thumbnailUrl":"https:\/\/kinder-spielen-theater.de\/wp-content\/uploads\/2022\/10\/5a-E-The-Paradise-Cover-page-001.jpg","datePublished":"2022-10-31T14:50:37+00:00","dateModified":"2023-02-05T18:20:53+00:00","description":"\u201cLooking for Paradise\u201d is one of the \u201cTales of the little Hedgehogs\u201d. In this play the Little Hedgehog is looking for paradise. While searching he meets his friend the Little Hedgehogess. Since she is looking for herbs for her grandparents, they decide to do it together. While searching and playing they meet the animals of the forest, which help them to find the herbs. But they do not know where to look for the Little Hedghog\u2019s paradise. Finally, when both of them feel butterflies in their bellies, they think they are very close to finding it.","breadcrumb":{"@id":"https:\/\/kinder-spielen-theater.de\/produkt\/the-paradise\/#breadcrumb"},"inLanguage":"de","potentialAction":[{"@type":"ReadAction","target":["https:\/\/kinder-spielen-theater.de\/produkt\/the-paradise\/"]}]},{"@type":"ImageObject","inLanguage":"de","@id":"https:\/\/kinder-spielen-theater.de\/produkt\/the-paradise\/#primaryimage","url":"https:\/\/kinder-spielen-theater.de\/wp-content\/uploads\/2022\/10\/5a-E-The-Paradise-Cover-page-001.jpg","contentUrl":"https:\/\/kinder-spielen-theater.de\/wp-content\/uploads\/2022\/10\/5a-E-The-Paradise-Cover-page-001.jpg","width":1240,"height":1754},{"@type":"BreadcrumbList","@id":"https:\/\/kinder-spielen-theater.de\/produkt\/the-paradise\/#breadcrumb","itemListElement":[{"@type":"ListItem","position":1,"name":"Startseite","item":"https:\/\/kinder-spielen-theater.de\/"},{"@type":"ListItem","position":2,"name":"Shop: Theaterst\u00fccke zum Download","item":"https:\/\/kinder-spielen-theater.de\/shop\/"},{"@type":"ListItem","position":3,"name":"The Paradise"}]},{"@type":"WebSite","@id":"https:\/\/kinder-spielen-theater.de\/#website","url":"https:\/\/kinder-spielen-theater.de\/","name":"Kinder spielen Theater","description":"Theaterst\u00fccke f\u00fcr die Grundschule, Haupt- und Realschule, Gesamtschule und Gymnasium, Theaterst\u00fccke f\u00fcr Kinder","potentialAction":[{"@type":"SearchAction","target":{"@type":"EntryPoint","urlTemplate":"https:\/\/kinder-spielen-theater.de\/?s={search_term_string}"},"query-input":{"@type":"PropertyValueSpecification","valueRequired":true,"valueName":"search_term_string"}}],"inLanguage":"de"}]}},"_links":{"self":[{"href":"https:\/\/kinder-spielen-theater.de\/de_de\/wp-json\/wp\/v2\/product\/738","targetHints":{"allow":["GET"]}}],"collection":[{"href":"https:\/\/kinder-spielen-theater.de\/de_de\/wp-json\/wp\/v2\/product"}],"about":[{"href":"https:\/\/kinder-spielen-theater.de\/de_de\/wp-json\/wp\/v2\/types\/product"}],"replies":[{"embeddable":true,"href":"https:\/\/kinder-spielen-theater.de\/de_de\/wp-json\/wp\/v2\/comments?post=738"}],"wp:featuredmedia":[{"embeddable":true,"href":"https:\/\/kinder-spielen-theater.de\/de_de\/wp-json\/wp\/v2\/media\/739"}],"wp:attachment":[{"href":"https:\/\/kinder-spielen-theater.de\/de_de\/wp-json\/wp\/v2\/media?parent=738"}],"wp:term":[{"taxonomy":"product_brand","embeddable":true,"href":"https:\/\/kinder-spielen-theater.de\/de_de\/wp-json\/wp\/v2\/product_brand?post=738"},{"taxonomy":"product_cat","embeddable":true,"href":"https:\/\/kinder-spielen-theater.de\/de_de\/wp-json\/wp\/v2\/product_cat?post=738"},{"taxonomy":"product_tag","embeddable":true,"href":"https:\/\/kinder-spielen-theater.de\/de_de\/wp-json\/wp\/v2\/product_tag?post=738"}],"curies":[{"name":"wp","href":"https:\/\/api.w.org\/{rel}","templated":true}]}}