{"id":604,"date":"2022-04-24T18:30:09","date_gmt":"2022-04-24T18:30:09","guid":{"rendered":"https:\/\/kinder-spielen-theater.de\/?post_type=product&#038;p=604"},"modified":"2022-08-02T00:02:11","modified_gmt":"2022-08-02T00:02:11","slug":"der-bunte-vogel-danish","status":"publish","type":"product","link":"https:\/\/kinder-spielen-theater.de\/de_de\/produkt\/der-bunte-vogel-danish\/","title":{"rendered":"Den Farverige Fugl"},"content":{"rendered":"<p><span style=\"font-size: 18pt;\"><strong>Beskrivelse<\/strong><\/span><\/p>\n<p><strong><span style=\"font-size: 14pt;\">Content<\/span><\/strong><\/p>\n<p>&#8222;Den farverige fugl&#8220; er en &#8222;historie om det lille pindsvin&#8220; (se nedenfor). I denne<br \/>\nhistorie g\u00e5r det lille pindsvin p\u00e5 jagt efter en smuk farverig fugl, som det engang<br \/>\ns\u00e5 p\u00e5 en eng. Hans s\u00f8gen f\u00f8rer ham gennem mange lande, hvor han m\u00f8der<br \/>\nmange forskellige dyr, og til sidst finder han ud af, at den smukke fugl er fl\u00f8jet<br \/>\ntilbage til det dr\u00f8mmeland, den kom fra.<\/p>\n<p>&nbsp;<\/p>\n<p><span style=\"font-size: 14pt;\"><strong>Antal ruller og tid til ydeevne<\/strong><\/span><\/p>\n<p>I den nuv\u00e6rende udgave indeholder &#8222;Den farverige fugl&#8220; 28 roller. Dette antal<br \/>\nkan \u00f8ges eller reduceres kraftigt ved at tilf\u00f8je (roller uden taletekst) eller slette<br \/>\ndyrearter, der optr\u00e6der i de enkelte, n\u00e6sten identiske scener. Antallet af<br \/>\ndyrearter, der optr\u00e6der, kan ogs\u00e5 \u00f8ges eller reduceres. Taleteksterne til disse kan<br \/>\nsimpelthen inds\u00e6ttes eller slettes i overensstemmelse hermed. Opf\u00f8relsestiden er<br \/>\nca. 20 minutter. Hvis antallet af dyrearter \u00e6ndres, vil denne tid naturligvis ogs\u00e5<br \/>\n\u00e6ndre sig.<\/p>\n<p><strong><span style=\"font-size: 14pt;\">Rulletekst p\u00e5 dansk, hj\u00e6lpemidler til ydeevne p\u00e5 tysk<\/span><\/strong><br \/>\nRolletekst 4 sider , i alt 30 side<\/p>\n<p><strong>Musik:<\/strong> Ud over rolleteksten og l\u00e6rerens noter er der ogs\u00e5 8 musikfiler i mp3-<br \/>\nformat inkluderet<\/p>\n<p><a href=\"https:\/\/kinder-spielen-theater.de\/wp-content\/uploads\/2022\/04\/6-Den-farverige-fugl-Daen.-vollst..pdf\">L\u00e6sningspr\u00f8ve<\/a><\/p>\n","protected":false},"excerpt":{"rendered":"<p>Beskrivelse Content &#8222;Den farverige fugl&#8220; er en &#8222;historie om det lille pindsvin&#8220; (se nedenfor). I denne historie g\u00e5r det lille pindsvin p\u00e5 jagt efter en smuk farverig fugl, som det engang s\u00e5 p\u00e5 en eng. Hans s\u00f8gen f\u00f8rer ham gennem mange lande, hvor han m\u00f8der mange forskellige dyr, og til sidst finder han ud af, [&hellip;]<\/p>\n","protected":false},"featured_media":607,"comment_status":"closed","ping_status":"closed","template":"","meta":[],"product_brand":[],"product_cat":[51,30],"product_tag":[],"class_list":{"0":"post-604","1":"product","2":"type-product","3":"status-publish","4":"has-post-thumbnail","6":"product_cat-daenische-theaterstuecke","7":"product_cat-igelgeschichten","9":"first","10":"instock","11":"downloadable","12":"virtual","13":"purchasable","14":"product-type-simple"},"yoast_head":"<!-- This site is optimized with the Yoast SEO plugin v27.3 - https:\/\/yoast.com\/product\/yoast-seo-wordpress\/ -->\n<title>Den Farverige Fugl - Kinder spielen Theater<\/title>\n<meta name=\"description\" content=\"&quot;Den farverige fugl&quot; er en &quot;historie om det lille pindsvin&quot; (se nedenfor). I dennehistorie g\u00e5r det lille pindsvin p\u00e5 jagt efter en smuk farverig fugl, som det engangs\u00e5 p\u00e5 en eng. Hans s\u00f8gen f\u00f8rer ham gennem mange lande, hvor han m\u00f8dermange forskellige dyr, og til sidst finder han ud af, at den smukke fugl er fl\u00f8jettilbage til det dr\u00f8mmeland, den kom fra.\" \/>\n<meta name=\"robots\" content=\"index, follow, max-snippet:-1, max-image-preview:large, max-video-preview:-1\" \/>\n<link rel=\"canonical\" href=\"https:\/\/kinder-spielen-theater.de\/de_de\/produkt\/der-bunte-vogel-danish\/\" \/>\n<meta property=\"og:locale\" content=\"de_DE\" \/>\n<meta property=\"og:type\" content=\"article\" \/>\n<meta property=\"og:title\" content=\"Den Farverige Fugl - Kinder spielen Theater\" \/>\n<meta property=\"og:description\" content=\"&quot;Den farverige fugl&quot; er en &quot;historie om det lille pindsvin&quot; (se nedenfor). I dennehistorie g\u00e5r det lille pindsvin p\u00e5 jagt efter en smuk farverig fugl, som det engangs\u00e5 p\u00e5 en eng. Hans s\u00f8gen f\u00f8rer ham gennem mange lande, hvor han m\u00f8dermange forskellige dyr, og til sidst finder han ud af, at den smukke fugl er fl\u00f8jettilbage til det dr\u00f8mmeland, den kom fra.\" \/>\n<meta property=\"og:url\" content=\"https:\/\/kinder-spielen-theater.de\/de_de\/produkt\/der-bunte-vogel-danish\/\" \/>\n<meta property=\"og:site_name\" content=\"Kinder spielen Theater\" \/>\n<meta property=\"article:modified_time\" content=\"2022-08-02T00:02:11+00:00\" \/>\n<meta property=\"og:image\" content=\"https:\/\/kinder-spielen-theater.de\/wp-content\/uploads\/2022\/04\/6_DenFarverigeFugl.jpg\" \/>\n\t<meta property=\"og:image:width\" content=\"650\" \/>\n\t<meta property=\"og:image:height\" content=\"926\" \/>\n\t<meta property=\"og:image:type\" content=\"image\/jpeg\" \/>\n<meta name=\"twitter:card\" content=\"summary_large_image\" \/>\n<meta name=\"twitter:label1\" content=\"Gesch\u00e4tzte Lesezeit\" \/>\n\t<meta name=\"twitter:data1\" content=\"1\u00a0Minute\" \/>\n<script type=\"application\/ld+json\" class=\"yoast-schema-graph\">{\"@context\":\"https:\\\/\\\/schema.org\",\"@graph\":[{\"@type\":\"WebPage\",\"@id\":\"https:\\\/\\\/kinder-spielen-theater.de\\\/produkt\\\/der-bunte-vogel-danish\\\/\",\"url\":\"https:\\\/\\\/kinder-spielen-theater.de\\\/produkt\\\/der-bunte-vogel-danish\\\/\",\"name\":\"Den Farverige Fugl - Kinder spielen Theater\",\"isPartOf\":{\"@id\":\"https:\\\/\\\/kinder-spielen-theater.de\\\/#website\"},\"primaryImageOfPage\":{\"@id\":\"https:\\\/\\\/kinder-spielen-theater.de\\\/produkt\\\/der-bunte-vogel-danish\\\/#primaryimage\"},\"image\":{\"@id\":\"https:\\\/\\\/kinder-spielen-theater.de\\\/produkt\\\/der-bunte-vogel-danish\\\/#primaryimage\"},\"thumbnailUrl\":\"https:\\\/\\\/kinder-spielen-theater.de\\\/wp-content\\\/uploads\\\/2022\\\/04\\\/6_DenFarverigeFugl.jpg\",\"datePublished\":\"2022-04-24T18:30:09+00:00\",\"dateModified\":\"2022-08-02T00:02:11+00:00\",\"description\":\"\\\"Den farverige fugl\\\" er en \\\"historie om det lille pindsvin\\\" (se nedenfor). I dennehistorie g\u00e5r det lille pindsvin p\u00e5 jagt efter en smuk farverig fugl, som det engangs\u00e5 p\u00e5 en eng. Hans s\u00f8gen f\u00f8rer ham gennem mange lande, hvor han m\u00f8dermange forskellige dyr, og til sidst finder han ud af, at den smukke fugl er fl\u00f8jettilbage til det dr\u00f8mmeland, den kom fra.\",\"breadcrumb\":{\"@id\":\"https:\\\/\\\/kinder-spielen-theater.de\\\/produkt\\\/der-bunte-vogel-danish\\\/#breadcrumb\"},\"inLanguage\":\"de\",\"potentialAction\":[{\"@type\":\"ReadAction\",\"target\":[\"https:\\\/\\\/kinder-spielen-theater.de\\\/produkt\\\/der-bunte-vogel-danish\\\/\"]}]},{\"@type\":\"ImageObject\",\"inLanguage\":\"de\",\"@id\":\"https:\\\/\\\/kinder-spielen-theater.de\\\/produkt\\\/der-bunte-vogel-danish\\\/#primaryimage\",\"url\":\"https:\\\/\\\/kinder-spielen-theater.de\\\/wp-content\\\/uploads\\\/2022\\\/04\\\/6_DenFarverigeFugl.jpg\",\"contentUrl\":\"https:\\\/\\\/kinder-spielen-theater.de\\\/wp-content\\\/uploads\\\/2022\\\/04\\\/6_DenFarverigeFugl.jpg\",\"width\":650,\"height\":926},{\"@type\":\"BreadcrumbList\",\"@id\":\"https:\\\/\\\/kinder-spielen-theater.de\\\/produkt\\\/der-bunte-vogel-danish\\\/#breadcrumb\",\"itemListElement\":[{\"@type\":\"ListItem\",\"position\":1,\"name\":\"Startseite\",\"item\":\"https:\\\/\\\/kinder-spielen-theater.de\\\/\"},{\"@type\":\"ListItem\",\"position\":2,\"name\":\"Shop: Theaterst\u00fccke zum Download\",\"item\":\"https:\\\/\\\/kinder-spielen-theater.de\\\/shop\\\/\"},{\"@type\":\"ListItem\",\"position\":3,\"name\":\"Den Farverige Fugl\"}]},{\"@type\":\"WebSite\",\"@id\":\"https:\\\/\\\/kinder-spielen-theater.de\\\/#website\",\"url\":\"https:\\\/\\\/kinder-spielen-theater.de\\\/\",\"name\":\"Kinder spielen Theater\",\"description\":\"Theaterst\u00fccke f\u00fcr die Grundschule, Haupt- und Realschule, Gesamtschule und Gymnasium, Theaterst\u00fccke f\u00fcr Kinder\",\"potentialAction\":[{\"@type\":\"SearchAction\",\"target\":{\"@type\":\"EntryPoint\",\"urlTemplate\":\"https:\\\/\\\/kinder-spielen-theater.de\\\/?s={search_term_string}\"},\"query-input\":{\"@type\":\"PropertyValueSpecification\",\"valueRequired\":true,\"valueName\":\"search_term_string\"}}],\"inLanguage\":\"de\"}]}<\/script>\n<!-- \/ Yoast SEO plugin. -->","yoast_head_json":{"title":"Den Farverige Fugl - Kinder spielen Theater","description":"\"Den farverige fugl\" er en \"historie om det lille pindsvin\" (se nedenfor). I dennehistorie g\u00e5r det lille pindsvin p\u00e5 jagt efter en smuk farverig fugl, som det engangs\u00e5 p\u00e5 en eng. Hans s\u00f8gen f\u00f8rer ham gennem mange lande, hvor han m\u00f8dermange forskellige dyr, og til sidst finder han ud af, at den smukke fugl er fl\u00f8jettilbage til det dr\u00f8mmeland, den kom fra.","robots":{"index":"index","follow":"follow","max-snippet":"max-snippet:-1","max-image-preview":"max-image-preview:large","max-video-preview":"max-video-preview:-1"},"canonical":"https:\/\/kinder-spielen-theater.de\/de_de\/produkt\/der-bunte-vogel-danish\/","og_locale":"de_DE","og_type":"article","og_title":"Den Farverige Fugl - Kinder spielen Theater","og_description":"\"Den farverige fugl\" er en \"historie om det lille pindsvin\" (se nedenfor). I dennehistorie g\u00e5r det lille pindsvin p\u00e5 jagt efter en smuk farverig fugl, som det engangs\u00e5 p\u00e5 en eng. Hans s\u00f8gen f\u00f8rer ham gennem mange lande, hvor han m\u00f8dermange forskellige dyr, og til sidst finder han ud af, at den smukke fugl er fl\u00f8jettilbage til det dr\u00f8mmeland, den kom fra.","og_url":"https:\/\/kinder-spielen-theater.de\/de_de\/produkt\/der-bunte-vogel-danish\/","og_site_name":"Kinder spielen Theater","article_modified_time":"2022-08-02T00:02:11+00:00","og_image":[{"width":650,"height":926,"url":"https:\/\/kinder-spielen-theater.de\/wp-content\/uploads\/2022\/04\/6_DenFarverigeFugl.jpg","type":"image\/jpeg"}],"twitter_card":"summary_large_image","twitter_misc":{"Gesch\u00e4tzte Lesezeit":"1\u00a0Minute"},"schema":{"@context":"https:\/\/schema.org","@graph":[{"@type":"WebPage","@id":"https:\/\/kinder-spielen-theater.de\/produkt\/der-bunte-vogel-danish\/","url":"https:\/\/kinder-spielen-theater.de\/produkt\/der-bunte-vogel-danish\/","name":"Den Farverige Fugl - Kinder spielen Theater","isPartOf":{"@id":"https:\/\/kinder-spielen-theater.de\/#website"},"primaryImageOfPage":{"@id":"https:\/\/kinder-spielen-theater.de\/produkt\/der-bunte-vogel-danish\/#primaryimage"},"image":{"@id":"https:\/\/kinder-spielen-theater.de\/produkt\/der-bunte-vogel-danish\/#primaryimage"},"thumbnailUrl":"https:\/\/kinder-spielen-theater.de\/wp-content\/uploads\/2022\/04\/6_DenFarverigeFugl.jpg","datePublished":"2022-04-24T18:30:09+00:00","dateModified":"2022-08-02T00:02:11+00:00","description":"\"Den farverige fugl\" er en \"historie om det lille pindsvin\" (se nedenfor). I dennehistorie g\u00e5r det lille pindsvin p\u00e5 jagt efter en smuk farverig fugl, som det engangs\u00e5 p\u00e5 en eng. Hans s\u00f8gen f\u00f8rer ham gennem mange lande, hvor han m\u00f8dermange forskellige dyr, og til sidst finder han ud af, at den smukke fugl er fl\u00f8jettilbage til det dr\u00f8mmeland, den kom fra.","breadcrumb":{"@id":"https:\/\/kinder-spielen-theater.de\/produkt\/der-bunte-vogel-danish\/#breadcrumb"},"inLanguage":"de","potentialAction":[{"@type":"ReadAction","target":["https:\/\/kinder-spielen-theater.de\/produkt\/der-bunte-vogel-danish\/"]}]},{"@type":"ImageObject","inLanguage":"de","@id":"https:\/\/kinder-spielen-theater.de\/produkt\/der-bunte-vogel-danish\/#primaryimage","url":"https:\/\/kinder-spielen-theater.de\/wp-content\/uploads\/2022\/04\/6_DenFarverigeFugl.jpg","contentUrl":"https:\/\/kinder-spielen-theater.de\/wp-content\/uploads\/2022\/04\/6_DenFarverigeFugl.jpg","width":650,"height":926},{"@type":"BreadcrumbList","@id":"https:\/\/kinder-spielen-theater.de\/produkt\/der-bunte-vogel-danish\/#breadcrumb","itemListElement":[{"@type":"ListItem","position":1,"name":"Startseite","item":"https:\/\/kinder-spielen-theater.de\/"},{"@type":"ListItem","position":2,"name":"Shop: Theaterst\u00fccke zum Download","item":"https:\/\/kinder-spielen-theater.de\/shop\/"},{"@type":"ListItem","position":3,"name":"Den Farverige Fugl"}]},{"@type":"WebSite","@id":"https:\/\/kinder-spielen-theater.de\/#website","url":"https:\/\/kinder-spielen-theater.de\/","name":"Kinder spielen Theater","description":"Theaterst\u00fccke f\u00fcr die Grundschule, Haupt- und Realschule, Gesamtschule und Gymnasium, Theaterst\u00fccke f\u00fcr Kinder","potentialAction":[{"@type":"SearchAction","target":{"@type":"EntryPoint","urlTemplate":"https:\/\/kinder-spielen-theater.de\/?s={search_term_string}"},"query-input":{"@type":"PropertyValueSpecification","valueRequired":true,"valueName":"search_term_string"}}],"inLanguage":"de"}]}},"_links":{"self":[{"href":"https:\/\/kinder-spielen-theater.de\/de_de\/wp-json\/wp\/v2\/product\/604","targetHints":{"allow":["GET"]}}],"collection":[{"href":"https:\/\/kinder-spielen-theater.de\/de_de\/wp-json\/wp\/v2\/product"}],"about":[{"href":"https:\/\/kinder-spielen-theater.de\/de_de\/wp-json\/wp\/v2\/types\/product"}],"replies":[{"embeddable":true,"href":"https:\/\/kinder-spielen-theater.de\/de_de\/wp-json\/wp\/v2\/comments?post=604"}],"wp:featuredmedia":[{"embeddable":true,"href":"https:\/\/kinder-spielen-theater.de\/de_de\/wp-json\/wp\/v2\/media\/607"}],"wp:attachment":[{"href":"https:\/\/kinder-spielen-theater.de\/de_de\/wp-json\/wp\/v2\/media?parent=604"}],"wp:term":[{"taxonomy":"product_brand","embeddable":true,"href":"https:\/\/kinder-spielen-theater.de\/de_de\/wp-json\/wp\/v2\/product_brand?post=604"},{"taxonomy":"product_cat","embeddable":true,"href":"https:\/\/kinder-spielen-theater.de\/de_de\/wp-json\/wp\/v2\/product_cat?post=604"},{"taxonomy":"product_tag","embeddable":true,"href":"https:\/\/kinder-spielen-theater.de\/de_de\/wp-json\/wp\/v2\/product_tag?post=604"}],"curies":[{"name":"wp","href":"https:\/\/api.w.org\/{rel}","templated":true}]}}