{"id":600,"date":"2022-04-24T18:21:56","date_gmt":"2022-04-24T18:21:56","guid":{"rendered":"https:\/\/kinder-spielen-theater.de\/?post_type=product&#038;p=600"},"modified":"2022-08-02T00:02:11","modified_gmt":"2022-08-02T00:02:11","slug":"die-grosse-fantasie-danish","status":"publish","type":"product","link":"https:\/\/kinder-spielen-theater.de\/de_de\/produkt\/die-grosse-fantasie-danish\/","title":{"rendered":"Den Store Fantasi"},"content":{"rendered":"<p><strong><span style=\"font-size: 18pt;\">Beskrivelse<\/span><\/strong><\/p>\n<p><strong><span style=\"font-size: 14pt;\">Content<\/span> <\/strong><\/p>\n<p>Denne pindsvin-historie handler om milj\u00f8beskyttelse ud fra et religi\u00f8st perspektiv. Det lille pindsvin og det lille pindsvin-pige beundrer Guds store fantasi, n\u00e5r han skaber dyr. Begge er sikre at de aldrig kunne have skabt f.eks. girafferne eller statskvaler. Derfor m\u00e5 mennesket ikke \u00f8del\u00e6gge skabelsen, for den er unik og ikke overladt til menneskets luner.<\/p>\n<p><strong><span style=\"font-size: 14pt;\">Antal ruller og tid til ydeevne<\/span> <\/strong><\/p>\n<p>Der er 29 talende roller i dette stykke. Afh\u00e6ngigt af klassens st\u00f8rrelse kan antallet af giraffer, vandm\u00e6nd og l\u00f8vefisk varieres i overensstemmelse hermed. Det har vist sig nyttigt at v\u00e6lge mindst \u00e9n god opl\u00e6ser til rollen som fort\u00e6llere, som kan f\u00f8lge teksten bag kulissen og gribe ind, hvis et barn vakler. De to andre fort\u00e6llere kan f\u00e5 en anden rolle, eventuelt uden tekst. Stykket varer mellem 20 og 30 minutter, afh\u00e6ngigt af brugen af danser.<\/p>\n<p><strong><span style=\"font-size: 14pt;\">Rulletekst p\u00e5 dansk, hj\u00e6lpemidler til ydeevne p\u00e5 tysk<\/span> <\/strong><\/p>\n<p>Rulletekst 4 sider, i alt 49 sider<\/p>\n<p><a href=\"https:\/\/kinder-spielen-theater.de\/wp-content\/uploads\/woocommerce_uploads\/2022\/04\/5-Lesepr.-store-Fantasi-Daen.-tpcbvn.pdf\">L\u00e6sningspr\u00f8ve<\/a><\/p>\n<p>&nbsp;<\/p>\n","protected":false},"excerpt":{"rendered":"<p>Beskrivelse Content Denne pindsvin-historie handler om milj\u00f8beskyttelse ud fra et religi\u00f8st perspektiv. Det lille pindsvin og det lille pindsvin-pige beundrer Guds store fantasi, n\u00e5r han skaber dyr. Begge er sikre at de aldrig kunne have skabt f.eks. girafferne eller statskvaler. Derfor m\u00e5 mennesket ikke \u00f8del\u00e6gge skabelsen, for den er unik og ikke overladt til menneskets [&hellip;]<\/p>\n","protected":false},"featured_media":601,"comment_status":"closed","ping_status":"closed","template":"","meta":[],"product_brand":[],"product_cat":[47,51,30],"product_tag":[],"class_list":{"0":"post-600","1":"product","2":"type-product","3":"status-publish","4":"has-post-thumbnail","6":"product_cat-achtung-der-umwelt","7":"product_cat-daenische-theaterstuecke","8":"product_cat-igelgeschichten","10":"first","11":"instock","12":"downloadable","13":"virtual","14":"purchasable","15":"product-type-simple"},"yoast_head":"<!-- This site is optimized with the Yoast SEO plugin v27.4 - https:\/\/yoast.com\/product\/yoast-seo-wordpress\/ -->\n<title>Den Store Fantasi - Kinder spielen Theater<\/title>\n<meta name=\"description\" content=\"Content: Denne pindsvin-historie handler om milj\u00f8beskyttelse ud fra et religi\u00f8st perspektiv. Det lille pindsvin og det lille pindsvin-pige beundrer Guds store fantasi, n\u00e5r han skaber dyr. Begge er sikre at de aldrig kunne have skabt f.eks. girafferne eller statskvaler. Derfor m\u00e5 mennesket ikke \u00f8del\u00e6gge skabelsen, for den er unik og ikke overladt til menneskets luner.Antal ruller og tid til ydeevneDer er 29 talende roller i dette stykke. Afh\u00e6ngigt af klassens st\u00f8rrelse kan antallet af giraffer, vandm\u00e6nd og l\u00f8vefisk varieres i overensstemmelse hermed. Det har vist sig nyttigt at v\u00e6lge mindst \u00e9n god opl\u00e6ser til rollen som fort\u00e6llere, som kan f\u00f8lge teksten bag kulissen og gribe ind, hvis et barn vakler. De to andre fort\u00e6llere kan f\u00e5 en anden rolle, eventuelt uden tekst. Stykket varer mellem 20 og 30 minutter, afh\u00e6ngigt af brugen af danser.\" \/>\n<meta name=\"robots\" content=\"index, follow, max-snippet:-1, max-image-preview:large, max-video-preview:-1\" \/>\n<link rel=\"canonical\" href=\"https:\/\/kinder-spielen-theater.de\/de_de\/produkt\/die-grosse-fantasie-danish\/\" \/>\n<meta property=\"og:locale\" content=\"de_DE\" \/>\n<meta property=\"og:type\" content=\"article\" \/>\n<meta property=\"og:title\" content=\"Den Store Fantasi - Kinder spielen Theater\" \/>\n<meta property=\"og:description\" content=\"Content: Denne pindsvin-historie handler om milj\u00f8beskyttelse ud fra et religi\u00f8st perspektiv. Det lille pindsvin og det lille pindsvin-pige beundrer Guds store fantasi, n\u00e5r han skaber dyr. Begge er sikre at de aldrig kunne have skabt f.eks. girafferne eller statskvaler. Derfor m\u00e5 mennesket ikke \u00f8del\u00e6gge skabelsen, for den er unik og ikke overladt til menneskets luner.Antal ruller og tid til ydeevneDer er 29 talende roller i dette stykke. Afh\u00e6ngigt af klassens st\u00f8rrelse kan antallet af giraffer, vandm\u00e6nd og l\u00f8vefisk varieres i overensstemmelse hermed. Det har vist sig nyttigt at v\u00e6lge mindst \u00e9n god opl\u00e6ser til rollen som fort\u00e6llere, som kan f\u00f8lge teksten bag kulissen og gribe ind, hvis et barn vakler. De to andre fort\u00e6llere kan f\u00e5 en anden rolle, eventuelt uden tekst. Stykket varer mellem 20 og 30 minutter, afh\u00e6ngigt af brugen af danser.\" \/>\n<meta property=\"og:url\" content=\"https:\/\/kinder-spielen-theater.de\/de_de\/produkt\/die-grosse-fantasie-danish\/\" \/>\n<meta property=\"og:site_name\" content=\"Kinder spielen Theater\" \/>\n<meta property=\"article:modified_time\" content=\"2022-08-02T00:02:11+00:00\" \/>\n<meta property=\"og:image\" content=\"https:\/\/kinder-spielen-theater.de\/wp-content\/uploads\/2022\/04\/5_DenStoreFantasi.jpg\" \/>\n\t<meta property=\"og:image:width\" content=\"654\" \/>\n\t<meta property=\"og:image:height\" content=\"922\" \/>\n\t<meta property=\"og:image:type\" content=\"image\/jpeg\" \/>\n<meta name=\"twitter:card\" content=\"summary_large_image\" \/>\n<meta name=\"twitter:label1\" content=\"Gesch\u00e4tzte Lesezeit\" \/>\n\t<meta name=\"twitter:data1\" content=\"1\u00a0Minute\" \/>\n<script type=\"application\/ld+json\" class=\"yoast-schema-graph\">{\"@context\":\"https:\\\/\\\/schema.org\",\"@graph\":[{\"@type\":\"WebPage\",\"@id\":\"https:\\\/\\\/kinder-spielen-theater.de\\\/produkt\\\/die-grosse-fantasie-danish\\\/\",\"url\":\"https:\\\/\\\/kinder-spielen-theater.de\\\/produkt\\\/die-grosse-fantasie-danish\\\/\",\"name\":\"Den Store Fantasi - Kinder spielen Theater\",\"isPartOf\":{\"@id\":\"https:\\\/\\\/kinder-spielen-theater.de\\\/#website\"},\"primaryImageOfPage\":{\"@id\":\"https:\\\/\\\/kinder-spielen-theater.de\\\/produkt\\\/die-grosse-fantasie-danish\\\/#primaryimage\"},\"image\":{\"@id\":\"https:\\\/\\\/kinder-spielen-theater.de\\\/produkt\\\/die-grosse-fantasie-danish\\\/#primaryimage\"},\"thumbnailUrl\":\"https:\\\/\\\/kinder-spielen-theater.de\\\/wp-content\\\/uploads\\\/2022\\\/04\\\/5_DenStoreFantasi.jpg\",\"datePublished\":\"2022-04-24T18:21:56+00:00\",\"dateModified\":\"2022-08-02T00:02:11+00:00\",\"description\":\"Content: Denne pindsvin-historie handler om milj\u00f8beskyttelse ud fra et religi\u00f8st perspektiv. Det lille pindsvin og det lille pindsvin-pige beundrer Guds store fantasi, n\u00e5r han skaber dyr. Begge er sikre at de aldrig kunne have skabt f.eks. girafferne eller statskvaler. Derfor m\u00e5 mennesket ikke \u00f8del\u00e6gge skabelsen, for den er unik og ikke overladt til menneskets luner.Antal ruller og tid til ydeevneDer er 29 talende roller i dette stykke. Afh\u00e6ngigt af klassens st\u00f8rrelse kan antallet af giraffer, vandm\u00e6nd og l\u00f8vefisk varieres i overensstemmelse hermed. Det har vist sig nyttigt at v\u00e6lge mindst \u00e9n god opl\u00e6ser til rollen som fort\u00e6llere, som kan f\u00f8lge teksten bag kulissen og gribe ind, hvis et barn vakler. De to andre fort\u00e6llere kan f\u00e5 en anden rolle, eventuelt uden tekst. Stykket varer mellem 20 og 30 minutter, afh\u00e6ngigt af brugen af danser.\",\"breadcrumb\":{\"@id\":\"https:\\\/\\\/kinder-spielen-theater.de\\\/produkt\\\/die-grosse-fantasie-danish\\\/#breadcrumb\"},\"inLanguage\":\"de\",\"potentialAction\":[{\"@type\":\"ReadAction\",\"target\":[\"https:\\\/\\\/kinder-spielen-theater.de\\\/produkt\\\/die-grosse-fantasie-danish\\\/\"]}]},{\"@type\":\"ImageObject\",\"inLanguage\":\"de\",\"@id\":\"https:\\\/\\\/kinder-spielen-theater.de\\\/produkt\\\/die-grosse-fantasie-danish\\\/#primaryimage\",\"url\":\"https:\\\/\\\/kinder-spielen-theater.de\\\/wp-content\\\/uploads\\\/2022\\\/04\\\/5_DenStoreFantasi.jpg\",\"contentUrl\":\"https:\\\/\\\/kinder-spielen-theater.de\\\/wp-content\\\/uploads\\\/2022\\\/04\\\/5_DenStoreFantasi.jpg\",\"width\":654,\"height\":922},{\"@type\":\"BreadcrumbList\",\"@id\":\"https:\\\/\\\/kinder-spielen-theater.de\\\/produkt\\\/die-grosse-fantasie-danish\\\/#breadcrumb\",\"itemListElement\":[{\"@type\":\"ListItem\",\"position\":1,\"name\":\"Startseite\",\"item\":\"https:\\\/\\\/kinder-spielen-theater.de\\\/\"},{\"@type\":\"ListItem\",\"position\":2,\"name\":\"Shop: Theaterst\u00fccke zum Download\",\"item\":\"https:\\\/\\\/kinder-spielen-theater.de\\\/shop\\\/\"},{\"@type\":\"ListItem\",\"position\":3,\"name\":\"Den Store Fantasi\"}]},{\"@type\":\"WebSite\",\"@id\":\"https:\\\/\\\/kinder-spielen-theater.de\\\/#website\",\"url\":\"https:\\\/\\\/kinder-spielen-theater.de\\\/\",\"name\":\"Kinder spielen Theater\",\"description\":\"Theaterst\u00fccke f\u00fcr die Grundschule, Haupt- und Realschule, Gesamtschule und Gymnasium, Theaterst\u00fccke f\u00fcr Kinder\",\"potentialAction\":[{\"@type\":\"SearchAction\",\"target\":{\"@type\":\"EntryPoint\",\"urlTemplate\":\"https:\\\/\\\/kinder-spielen-theater.de\\\/?s={search_term_string}\"},\"query-input\":{\"@type\":\"PropertyValueSpecification\",\"valueRequired\":true,\"valueName\":\"search_term_string\"}}],\"inLanguage\":\"de\"}]}<\/script>\n<!-- \/ Yoast SEO plugin. -->","yoast_head_json":{"title":"Den Store Fantasi - Kinder spielen Theater","description":"Content: Denne pindsvin-historie handler om milj\u00f8beskyttelse ud fra et religi\u00f8st perspektiv. Det lille pindsvin og det lille pindsvin-pige beundrer Guds store fantasi, n\u00e5r han skaber dyr. Begge er sikre at de aldrig kunne have skabt f.eks. girafferne eller statskvaler. Derfor m\u00e5 mennesket ikke \u00f8del\u00e6gge skabelsen, for den er unik og ikke overladt til menneskets luner.Antal ruller og tid til ydeevneDer er 29 talende roller i dette stykke. Afh\u00e6ngigt af klassens st\u00f8rrelse kan antallet af giraffer, vandm\u00e6nd og l\u00f8vefisk varieres i overensstemmelse hermed. Det har vist sig nyttigt at v\u00e6lge mindst \u00e9n god opl\u00e6ser til rollen som fort\u00e6llere, som kan f\u00f8lge teksten bag kulissen og gribe ind, hvis et barn vakler. De to andre fort\u00e6llere kan f\u00e5 en anden rolle, eventuelt uden tekst. Stykket varer mellem 20 og 30 minutter, afh\u00e6ngigt af brugen af danser.","robots":{"index":"index","follow":"follow","max-snippet":"max-snippet:-1","max-image-preview":"max-image-preview:large","max-video-preview":"max-video-preview:-1"},"canonical":"https:\/\/kinder-spielen-theater.de\/de_de\/produkt\/die-grosse-fantasie-danish\/","og_locale":"de_DE","og_type":"article","og_title":"Den Store Fantasi - Kinder spielen Theater","og_description":"Content: Denne pindsvin-historie handler om milj\u00f8beskyttelse ud fra et religi\u00f8st perspektiv. Det lille pindsvin og det lille pindsvin-pige beundrer Guds store fantasi, n\u00e5r han skaber dyr. Begge er sikre at de aldrig kunne have skabt f.eks. girafferne eller statskvaler. Derfor m\u00e5 mennesket ikke \u00f8del\u00e6gge skabelsen, for den er unik og ikke overladt til menneskets luner.Antal ruller og tid til ydeevneDer er 29 talende roller i dette stykke. Afh\u00e6ngigt af klassens st\u00f8rrelse kan antallet af giraffer, vandm\u00e6nd og l\u00f8vefisk varieres i overensstemmelse hermed. Det har vist sig nyttigt at v\u00e6lge mindst \u00e9n god opl\u00e6ser til rollen som fort\u00e6llere, som kan f\u00f8lge teksten bag kulissen og gribe ind, hvis et barn vakler. De to andre fort\u00e6llere kan f\u00e5 en anden rolle, eventuelt uden tekst. Stykket varer mellem 20 og 30 minutter, afh\u00e6ngigt af brugen af danser.","og_url":"https:\/\/kinder-spielen-theater.de\/de_de\/produkt\/die-grosse-fantasie-danish\/","og_site_name":"Kinder spielen Theater","article_modified_time":"2022-08-02T00:02:11+00:00","og_image":[{"width":654,"height":922,"url":"https:\/\/kinder-spielen-theater.de\/wp-content\/uploads\/2022\/04\/5_DenStoreFantasi.jpg","type":"image\/jpeg"}],"twitter_card":"summary_large_image","twitter_misc":{"Gesch\u00e4tzte Lesezeit":"1\u00a0Minute"},"schema":{"@context":"https:\/\/schema.org","@graph":[{"@type":"WebPage","@id":"https:\/\/kinder-spielen-theater.de\/produkt\/die-grosse-fantasie-danish\/","url":"https:\/\/kinder-spielen-theater.de\/produkt\/die-grosse-fantasie-danish\/","name":"Den Store Fantasi - Kinder spielen Theater","isPartOf":{"@id":"https:\/\/kinder-spielen-theater.de\/#website"},"primaryImageOfPage":{"@id":"https:\/\/kinder-spielen-theater.de\/produkt\/die-grosse-fantasie-danish\/#primaryimage"},"image":{"@id":"https:\/\/kinder-spielen-theater.de\/produkt\/die-grosse-fantasie-danish\/#primaryimage"},"thumbnailUrl":"https:\/\/kinder-spielen-theater.de\/wp-content\/uploads\/2022\/04\/5_DenStoreFantasi.jpg","datePublished":"2022-04-24T18:21:56+00:00","dateModified":"2022-08-02T00:02:11+00:00","description":"Content: Denne pindsvin-historie handler om milj\u00f8beskyttelse ud fra et religi\u00f8st perspektiv. Det lille pindsvin og det lille pindsvin-pige beundrer Guds store fantasi, n\u00e5r han skaber dyr. Begge er sikre at de aldrig kunne have skabt f.eks. girafferne eller statskvaler. Derfor m\u00e5 mennesket ikke \u00f8del\u00e6gge skabelsen, for den er unik og ikke overladt til menneskets luner.Antal ruller og tid til ydeevneDer er 29 talende roller i dette stykke. Afh\u00e6ngigt af klassens st\u00f8rrelse kan antallet af giraffer, vandm\u00e6nd og l\u00f8vefisk varieres i overensstemmelse hermed. Det har vist sig nyttigt at v\u00e6lge mindst \u00e9n god opl\u00e6ser til rollen som fort\u00e6llere, som kan f\u00f8lge teksten bag kulissen og gribe ind, hvis et barn vakler. De to andre fort\u00e6llere kan f\u00e5 en anden rolle, eventuelt uden tekst. Stykket varer mellem 20 og 30 minutter, afh\u00e6ngigt af brugen af danser.","breadcrumb":{"@id":"https:\/\/kinder-spielen-theater.de\/produkt\/die-grosse-fantasie-danish\/#breadcrumb"},"inLanguage":"de","potentialAction":[{"@type":"ReadAction","target":["https:\/\/kinder-spielen-theater.de\/produkt\/die-grosse-fantasie-danish\/"]}]},{"@type":"ImageObject","inLanguage":"de","@id":"https:\/\/kinder-spielen-theater.de\/produkt\/die-grosse-fantasie-danish\/#primaryimage","url":"https:\/\/kinder-spielen-theater.de\/wp-content\/uploads\/2022\/04\/5_DenStoreFantasi.jpg","contentUrl":"https:\/\/kinder-spielen-theater.de\/wp-content\/uploads\/2022\/04\/5_DenStoreFantasi.jpg","width":654,"height":922},{"@type":"BreadcrumbList","@id":"https:\/\/kinder-spielen-theater.de\/produkt\/die-grosse-fantasie-danish\/#breadcrumb","itemListElement":[{"@type":"ListItem","position":1,"name":"Startseite","item":"https:\/\/kinder-spielen-theater.de\/"},{"@type":"ListItem","position":2,"name":"Shop: Theaterst\u00fccke zum Download","item":"https:\/\/kinder-spielen-theater.de\/shop\/"},{"@type":"ListItem","position":3,"name":"Den Store Fantasi"}]},{"@type":"WebSite","@id":"https:\/\/kinder-spielen-theater.de\/#website","url":"https:\/\/kinder-spielen-theater.de\/","name":"Kinder spielen Theater","description":"Theaterst\u00fccke f\u00fcr die Grundschule, Haupt- und Realschule, Gesamtschule und Gymnasium, Theaterst\u00fccke f\u00fcr Kinder","potentialAction":[{"@type":"SearchAction","target":{"@type":"EntryPoint","urlTemplate":"https:\/\/kinder-spielen-theater.de\/?s={search_term_string}"},"query-input":{"@type":"PropertyValueSpecification","valueRequired":true,"valueName":"search_term_string"}}],"inLanguage":"de"}]}},"_links":{"self":[{"href":"https:\/\/kinder-spielen-theater.de\/de_de\/wp-json\/wp\/v2\/product\/600","targetHints":{"allow":["GET"]}}],"collection":[{"href":"https:\/\/kinder-spielen-theater.de\/de_de\/wp-json\/wp\/v2\/product"}],"about":[{"href":"https:\/\/kinder-spielen-theater.de\/de_de\/wp-json\/wp\/v2\/types\/product"}],"replies":[{"embeddable":true,"href":"https:\/\/kinder-spielen-theater.de\/de_de\/wp-json\/wp\/v2\/comments?post=600"}],"wp:featuredmedia":[{"embeddable":true,"href":"https:\/\/kinder-spielen-theater.de\/de_de\/wp-json\/wp\/v2\/media\/601"}],"wp:attachment":[{"href":"https:\/\/kinder-spielen-theater.de\/de_de\/wp-json\/wp\/v2\/media?parent=600"}],"wp:term":[{"taxonomy":"product_brand","embeddable":true,"href":"https:\/\/kinder-spielen-theater.de\/de_de\/wp-json\/wp\/v2\/product_brand?post=600"},{"taxonomy":"product_cat","embeddable":true,"href":"https:\/\/kinder-spielen-theater.de\/de_de\/wp-json\/wp\/v2\/product_cat?post=600"},{"taxonomy":"product_tag","embeddable":true,"href":"https:\/\/kinder-spielen-theater.de\/de_de\/wp-json\/wp\/v2\/product_tag?post=600"}],"curies":[{"name":"wp","href":"https:\/\/api.w.org\/{rel}","templated":true}]}}