{"id":590,"date":"2022-04-24T12:05:19","date_gmt":"2022-04-24T12:05:19","guid":{"rendered":"https:\/\/kinder-spielen-theater.de\/?post_type=product&#038;p=590"},"modified":"2022-06-09T14:09:37","modified_gmt":"2022-06-09T14:09:37","slug":"das-schoenste-auf-der-welt-danish","status":"publish","type":"product","link":"https:\/\/kinder-spielen-theater.de\/de_de\/produkt\/das-schoenste-auf-der-welt-danish\/","title":{"rendered":"Den Smukkeste i Verden"},"content":{"rendered":"<p><span style=\"font-size: 18pt;\">Beskrivelse<\/span><\/p>\n<p><strong><span style=\"font-size: 14pt;\">Indhold<\/span> <\/strong><\/p>\n<p>Stykket fort\u00e6ller en &#8222;historie om det lille pindsvin og det lille pindsvin-pige&#8220;. Her fors\u00f8ger de at finde ud af, hvad der er det smukkeste i verden ved at sp\u00f8rge alle dyrene, hvad de synes, der er det smukkeste. Til sidst ser publikum tydeligt, at de to sm\u00e5 pindsvin faktisk allerede ved, hvad det smukkeste i hele verden er, men de ved ikke, at de allerede ved det.<\/p>\n<p><strong><span style=\"font-size: 14pt;\">Antal ruller og tid til ydeevne<\/span> <\/strong><\/p>\n<p>I den version, der pr\u00e6senteres her, indeholder stykket 15 roller. Dette antal kan reduceres ved at have f\u00e6rre end tre dyr i hver scene eller \u00f8ges ved at have flere end tre dyr i hver scene. Forestillingens varighed er ca. 15 minutter<\/p>\n<p><strong><span style=\"font-size: 14pt;\">Rulletekst p\u00e5 dansk, hj\u00e6lpemidler til ydeevne p\u00e5 tysk Tekst 5 sider, i alt 26 sider<\/span><\/strong><\/p>\n<p><strong>Musik:<\/strong> Ud over rollens tekst og l\u00e6rerens noter er der 7 musikfiler i mp3- format. filer i mp3-format er inkluderet<\/p>\n<p><a href=\"https:\/\/kinder-spielen-theater.de\/wp-content\/uploads\/2022\/04\/3-Leseprobe-Das-Schoenste-auf...Daen_..pdf\">L\u00e6sningspr\u00f8ve<\/a><\/p>\n","protected":false},"excerpt":{"rendered":"<p>Beskrivelse Indhold Stykket fort\u00e6ller en &#8222;historie om det lille pindsvin og det lille pindsvin-pige&#8220;. Her fors\u00f8ger de at finde ud af, hvad der er det smukkeste i verden ved at sp\u00f8rge alle dyrene, hvad de synes, der er det smukkeste. Til sidst ser publikum tydeligt, at de to sm\u00e5 pindsvin faktisk allerede ved, hvad det [&hellip;]<\/p>\n","protected":false},"featured_media":594,"comment_status":"open","ping_status":"closed","template":"","meta":[],"product_brand":[],"product_cat":[51,30],"product_tag":[],"class_list":{"0":"post-590","1":"product","2":"type-product","3":"status-publish","4":"has-post-thumbnail","6":"product_cat-daenische-theaterstuecke","7":"product_cat-igelgeschichten","9":"first","10":"instock","11":"sale","12":"downloadable","13":"virtual","14":"purchasable","15":"product-type-simple"},"yoast_head":"<!-- This site is optimized with the Yoast SEO plugin v27.3 - https:\/\/yoast.com\/product\/yoast-seo-wordpress\/ -->\n<title>Den Smukkeste i Verden - Kinder spielen Theater<\/title>\n<meta name=\"description\" content=\"D\u00e4nisches Theaterst\u00fcck &quot;Den Smukkeste i Verden&quot;: Stykket fort\u00e6ller en &quot;historie om det lille pindsvin og det lille pindsvin-pige&quot;. Her fors\u00f8ger de at finde ud af, hvad der er det smukkeste i verden ved at sp\u00f8rge alle dyrene, hvad de synes, der er det smukkeste. Til sidst ser publikum tydeligt, at de to sm\u00e5 pindsvin faktisk allerede ved, hvad det smukkeste i hele verden er, men de ved ikke, at de allerede ved det.\" \/>\n<meta name=\"robots\" content=\"index, follow, max-snippet:-1, max-image-preview:large, max-video-preview:-1\" \/>\n<link rel=\"canonical\" href=\"https:\/\/kinder-spielen-theater.de\/de_de\/produkt\/das-schoenste-auf-der-welt-danish\/\" \/>\n<meta property=\"og:locale\" content=\"de_DE\" \/>\n<meta property=\"og:type\" content=\"article\" \/>\n<meta property=\"og:title\" content=\"Den Smukkeste i Verden - Kinder spielen Theater\" \/>\n<meta property=\"og:description\" content=\"D\u00e4nisches Theaterst\u00fcck &quot;Den Smukkeste i Verden&quot;: Stykket fort\u00e6ller en &quot;historie om det lille pindsvin og det lille pindsvin-pige&quot;. Her fors\u00f8ger de at finde ud af, hvad der er det smukkeste i verden ved at sp\u00f8rge alle dyrene, hvad de synes, der er det smukkeste. Til sidst ser publikum tydeligt, at de to sm\u00e5 pindsvin faktisk allerede ved, hvad det smukkeste i hele verden er, men de ved ikke, at de allerede ved det.\" \/>\n<meta property=\"og:url\" content=\"https:\/\/kinder-spielen-theater.de\/de_de\/produkt\/das-schoenste-auf-der-welt-danish\/\" \/>\n<meta property=\"og:site_name\" content=\"Kinder spielen Theater\" \/>\n<meta property=\"article:modified_time\" content=\"2022-06-09T14:09:37+00:00\" \/>\n<meta property=\"og:image\" content=\"https:\/\/kinder-spielen-theater.de\/wp-content\/uploads\/2022\/04\/3_DenSmukkeste.jpg\" \/>\n\t<meta property=\"og:image:width\" content=\"653\" \/>\n\t<meta property=\"og:image:height\" content=\"924\" \/>\n\t<meta property=\"og:image:type\" content=\"image\/jpeg\" \/>\n<meta name=\"twitter:card\" content=\"summary_large_image\" \/>\n<meta name=\"twitter:label1\" content=\"Gesch\u00e4tzte Lesezeit\" \/>\n\t<meta name=\"twitter:data1\" content=\"1\u00a0Minute\" \/>\n<script type=\"application\/ld+json\" class=\"yoast-schema-graph\">{\"@context\":\"https:\\\/\\\/schema.org\",\"@graph\":[{\"@type\":\"WebPage\",\"@id\":\"https:\\\/\\\/kinder-spielen-theater.de\\\/produkt\\\/das-schoenste-auf-der-welt-danish\\\/\",\"url\":\"https:\\\/\\\/kinder-spielen-theater.de\\\/produkt\\\/das-schoenste-auf-der-welt-danish\\\/\",\"name\":\"Den Smukkeste i Verden - Kinder spielen Theater\",\"isPartOf\":{\"@id\":\"https:\\\/\\\/kinder-spielen-theater.de\\\/#website\"},\"primaryImageOfPage\":{\"@id\":\"https:\\\/\\\/kinder-spielen-theater.de\\\/produkt\\\/das-schoenste-auf-der-welt-danish\\\/#primaryimage\"},\"image\":{\"@id\":\"https:\\\/\\\/kinder-spielen-theater.de\\\/produkt\\\/das-schoenste-auf-der-welt-danish\\\/#primaryimage\"},\"thumbnailUrl\":\"https:\\\/\\\/kinder-spielen-theater.de\\\/wp-content\\\/uploads\\\/2022\\\/04\\\/3_DenSmukkeste.jpg\",\"datePublished\":\"2022-04-24T12:05:19+00:00\",\"dateModified\":\"2022-06-09T14:09:37+00:00\",\"description\":\"D\u00e4nisches Theaterst\u00fcck \\\"Den Smukkeste i Verden\\\": Stykket fort\u00e6ller en \\\"historie om det lille pindsvin og det lille pindsvin-pige\\\". Her fors\u00f8ger de at finde ud af, hvad der er det smukkeste i verden ved at sp\u00f8rge alle dyrene, hvad de synes, der er det smukkeste. Til sidst ser publikum tydeligt, at de to sm\u00e5 pindsvin faktisk allerede ved, hvad det smukkeste i hele verden er, men de ved ikke, at de allerede ved det.\",\"breadcrumb\":{\"@id\":\"https:\\\/\\\/kinder-spielen-theater.de\\\/produkt\\\/das-schoenste-auf-der-welt-danish\\\/#breadcrumb\"},\"inLanguage\":\"de\",\"potentialAction\":[{\"@type\":\"ReadAction\",\"target\":[\"https:\\\/\\\/kinder-spielen-theater.de\\\/produkt\\\/das-schoenste-auf-der-welt-danish\\\/\"]}]},{\"@type\":\"ImageObject\",\"inLanguage\":\"de\",\"@id\":\"https:\\\/\\\/kinder-spielen-theater.de\\\/produkt\\\/das-schoenste-auf-der-welt-danish\\\/#primaryimage\",\"url\":\"https:\\\/\\\/kinder-spielen-theater.de\\\/wp-content\\\/uploads\\\/2022\\\/04\\\/3_DenSmukkeste.jpg\",\"contentUrl\":\"https:\\\/\\\/kinder-spielen-theater.de\\\/wp-content\\\/uploads\\\/2022\\\/04\\\/3_DenSmukkeste.jpg\",\"width\":653,\"height\":924},{\"@type\":\"BreadcrumbList\",\"@id\":\"https:\\\/\\\/kinder-spielen-theater.de\\\/produkt\\\/das-schoenste-auf-der-welt-danish\\\/#breadcrumb\",\"itemListElement\":[{\"@type\":\"ListItem\",\"position\":1,\"name\":\"Startseite\",\"item\":\"https:\\\/\\\/kinder-spielen-theater.de\\\/\"},{\"@type\":\"ListItem\",\"position\":2,\"name\":\"Shop: Theaterst\u00fccke zum Download\",\"item\":\"https:\\\/\\\/kinder-spielen-theater.de\\\/shop\\\/\"},{\"@type\":\"ListItem\",\"position\":3,\"name\":\"Den Smukkeste i Verden\"}]},{\"@type\":\"WebSite\",\"@id\":\"https:\\\/\\\/kinder-spielen-theater.de\\\/#website\",\"url\":\"https:\\\/\\\/kinder-spielen-theater.de\\\/\",\"name\":\"Kinder spielen Theater\",\"description\":\"Theaterst\u00fccke f\u00fcr die Grundschule, Haupt- und Realschule, Gesamtschule und Gymnasium, Theaterst\u00fccke f\u00fcr Kinder\",\"potentialAction\":[{\"@type\":\"SearchAction\",\"target\":{\"@type\":\"EntryPoint\",\"urlTemplate\":\"https:\\\/\\\/kinder-spielen-theater.de\\\/?s={search_term_string}\"},\"query-input\":{\"@type\":\"PropertyValueSpecification\",\"valueRequired\":true,\"valueName\":\"search_term_string\"}}],\"inLanguage\":\"de\"}]}<\/script>\n<!-- \/ Yoast SEO plugin. -->","yoast_head_json":{"title":"Den Smukkeste i Verden - Kinder spielen Theater","description":"D\u00e4nisches Theaterst\u00fcck \"Den Smukkeste i Verden\": Stykket fort\u00e6ller en \"historie om det lille pindsvin og det lille pindsvin-pige\". Her fors\u00f8ger de at finde ud af, hvad der er det smukkeste i verden ved at sp\u00f8rge alle dyrene, hvad de synes, der er det smukkeste. Til sidst ser publikum tydeligt, at de to sm\u00e5 pindsvin faktisk allerede ved, hvad det smukkeste i hele verden er, men de ved ikke, at de allerede ved det.","robots":{"index":"index","follow":"follow","max-snippet":"max-snippet:-1","max-image-preview":"max-image-preview:large","max-video-preview":"max-video-preview:-1"},"canonical":"https:\/\/kinder-spielen-theater.de\/de_de\/produkt\/das-schoenste-auf-der-welt-danish\/","og_locale":"de_DE","og_type":"article","og_title":"Den Smukkeste i Verden - Kinder spielen Theater","og_description":"D\u00e4nisches Theaterst\u00fcck \"Den Smukkeste i Verden\": Stykket fort\u00e6ller en \"historie om det lille pindsvin og det lille pindsvin-pige\". Her fors\u00f8ger de at finde ud af, hvad der er det smukkeste i verden ved at sp\u00f8rge alle dyrene, hvad de synes, der er det smukkeste. Til sidst ser publikum tydeligt, at de to sm\u00e5 pindsvin faktisk allerede ved, hvad det smukkeste i hele verden er, men de ved ikke, at de allerede ved det.","og_url":"https:\/\/kinder-spielen-theater.de\/de_de\/produkt\/das-schoenste-auf-der-welt-danish\/","og_site_name":"Kinder spielen Theater","article_modified_time":"2022-06-09T14:09:37+00:00","og_image":[{"width":653,"height":924,"url":"https:\/\/kinder-spielen-theater.de\/wp-content\/uploads\/2022\/04\/3_DenSmukkeste.jpg","type":"image\/jpeg"}],"twitter_card":"summary_large_image","twitter_misc":{"Gesch\u00e4tzte Lesezeit":"1\u00a0Minute"},"schema":{"@context":"https:\/\/schema.org","@graph":[{"@type":"WebPage","@id":"https:\/\/kinder-spielen-theater.de\/produkt\/das-schoenste-auf-der-welt-danish\/","url":"https:\/\/kinder-spielen-theater.de\/produkt\/das-schoenste-auf-der-welt-danish\/","name":"Den Smukkeste i Verden - Kinder spielen Theater","isPartOf":{"@id":"https:\/\/kinder-spielen-theater.de\/#website"},"primaryImageOfPage":{"@id":"https:\/\/kinder-spielen-theater.de\/produkt\/das-schoenste-auf-der-welt-danish\/#primaryimage"},"image":{"@id":"https:\/\/kinder-spielen-theater.de\/produkt\/das-schoenste-auf-der-welt-danish\/#primaryimage"},"thumbnailUrl":"https:\/\/kinder-spielen-theater.de\/wp-content\/uploads\/2022\/04\/3_DenSmukkeste.jpg","datePublished":"2022-04-24T12:05:19+00:00","dateModified":"2022-06-09T14:09:37+00:00","description":"D\u00e4nisches Theaterst\u00fcck \"Den Smukkeste i Verden\": Stykket fort\u00e6ller en \"historie om det lille pindsvin og det lille pindsvin-pige\". Her fors\u00f8ger de at finde ud af, hvad der er det smukkeste i verden ved at sp\u00f8rge alle dyrene, hvad de synes, der er det smukkeste. Til sidst ser publikum tydeligt, at de to sm\u00e5 pindsvin faktisk allerede ved, hvad det smukkeste i hele verden er, men de ved ikke, at de allerede ved det.","breadcrumb":{"@id":"https:\/\/kinder-spielen-theater.de\/produkt\/das-schoenste-auf-der-welt-danish\/#breadcrumb"},"inLanguage":"de","potentialAction":[{"@type":"ReadAction","target":["https:\/\/kinder-spielen-theater.de\/produkt\/das-schoenste-auf-der-welt-danish\/"]}]},{"@type":"ImageObject","inLanguage":"de","@id":"https:\/\/kinder-spielen-theater.de\/produkt\/das-schoenste-auf-der-welt-danish\/#primaryimage","url":"https:\/\/kinder-spielen-theater.de\/wp-content\/uploads\/2022\/04\/3_DenSmukkeste.jpg","contentUrl":"https:\/\/kinder-spielen-theater.de\/wp-content\/uploads\/2022\/04\/3_DenSmukkeste.jpg","width":653,"height":924},{"@type":"BreadcrumbList","@id":"https:\/\/kinder-spielen-theater.de\/produkt\/das-schoenste-auf-der-welt-danish\/#breadcrumb","itemListElement":[{"@type":"ListItem","position":1,"name":"Startseite","item":"https:\/\/kinder-spielen-theater.de\/"},{"@type":"ListItem","position":2,"name":"Shop: Theaterst\u00fccke zum Download","item":"https:\/\/kinder-spielen-theater.de\/shop\/"},{"@type":"ListItem","position":3,"name":"Den Smukkeste i Verden"}]},{"@type":"WebSite","@id":"https:\/\/kinder-spielen-theater.de\/#website","url":"https:\/\/kinder-spielen-theater.de\/","name":"Kinder spielen Theater","description":"Theaterst\u00fccke f\u00fcr die Grundschule, Haupt- und Realschule, Gesamtschule und Gymnasium, Theaterst\u00fccke f\u00fcr Kinder","potentialAction":[{"@type":"SearchAction","target":{"@type":"EntryPoint","urlTemplate":"https:\/\/kinder-spielen-theater.de\/?s={search_term_string}"},"query-input":{"@type":"PropertyValueSpecification","valueRequired":true,"valueName":"search_term_string"}}],"inLanguage":"de"}]}},"_links":{"self":[{"href":"https:\/\/kinder-spielen-theater.de\/de_de\/wp-json\/wp\/v2\/product\/590","targetHints":{"allow":["GET"]}}],"collection":[{"href":"https:\/\/kinder-spielen-theater.de\/de_de\/wp-json\/wp\/v2\/product"}],"about":[{"href":"https:\/\/kinder-spielen-theater.de\/de_de\/wp-json\/wp\/v2\/types\/product"}],"replies":[{"embeddable":true,"href":"https:\/\/kinder-spielen-theater.de\/de_de\/wp-json\/wp\/v2\/comments?post=590"}],"wp:featuredmedia":[{"embeddable":true,"href":"https:\/\/kinder-spielen-theater.de\/de_de\/wp-json\/wp\/v2\/media\/594"}],"wp:attachment":[{"href":"https:\/\/kinder-spielen-theater.de\/de_de\/wp-json\/wp\/v2\/media?parent=590"}],"wp:term":[{"taxonomy":"product_brand","embeddable":true,"href":"https:\/\/kinder-spielen-theater.de\/de_de\/wp-json\/wp\/v2\/product_brand?post=590"},{"taxonomy":"product_cat","embeddable":true,"href":"https:\/\/kinder-spielen-theater.de\/de_de\/wp-json\/wp\/v2\/product_cat?post=590"},{"taxonomy":"product_tag","embeddable":true,"href":"https:\/\/kinder-spielen-theater.de\/de_de\/wp-json\/wp\/v2\/product_tag?post=590"}],"curies":[{"name":"wp","href":"https:\/\/api.w.org\/{rel}","templated":true}]}}