{"id":584,"date":"2022-04-24T11:52:16","date_gmt":"2022-04-24T11:52:16","guid":{"rendered":"https:\/\/kinder-spielen-theater.de\/?post_type=product&#038;p=584"},"modified":"2022-06-09T14:11:09","modified_gmt":"2022-06-09T14:11:09","slug":"der-horizont-danish","status":"publish","type":"product","link":"https:\/\/kinder-spielen-theater.de\/de_de\/produkt\/der-horizont-danish\/","title":{"rendered":"Den Horisonten"},"content":{"rendered":"<p><span style=\"font-size: 14pt;\"><strong>Beskrivelse<\/strong><\/span><\/p>\n<p><strong>Content<\/strong><\/p>\n<p>&#8222;Horisonten&#8220; er en &#8222;fort\u00e6lling om det lille pindsvin&#8220;. I denne historie fors\u00f8ger det lille pindsvin at n\u00e5 horisonten p\u00e5 en rejse gennem hav af solskin, storm og ro, og oplever, at bag hver horisont, det n\u00e5r, dukker en ny horisont op igen.<\/p>\n<p><strong>Antal ruller og tid til ydeevne<\/strong><br \/>\n&#8222;The Horizon&#8220; indeholder 18 roller. Dette antal kan \u00f8ges eller mindskes ved at \u00f8ge eller mindske antallet af &#8222;\u00f8boere&#8220; (roller uden taletekst). Forestillingen varer ca. 15 minutter.<\/p>\n<p><strong>Rulletekst p\u00e5 dansk, hj\u00e6lpemidler til ydeevne p\u00e5 tysk<\/strong><br \/>\nRulletekst 5 sider, i alt 25 sider<\/p>\n<p><strong>Musik:<\/strong> Ud over rolleteksten og l\u00e6rerens noter er der ogs\u00e5 4 musikfiler i mp3- format inkluderet<\/p>\n<p>L\u00e6sningspr\u00f8ve<\/p>\n<p><a href=\"https:\/\/kinder-spielen-theater.de\/wp-content\/uploads\/woocommerce_uploads\/2022\/04\/2-Leseprobe-Horizont-Daen.-pplp5q.pdf\">L\u00e6sningspr\u00f8ve<\/a><\/p>\n","protected":false},"excerpt":{"rendered":"<p>Beskrivelse Content &#8222;Horisonten&#8220; er en &#8222;fort\u00e6lling om det lille pindsvin&#8220;. I denne historie fors\u00f8ger det lille pindsvin at n\u00e5 horisonten p\u00e5 en rejse gennem hav af solskin, storm og ro, og oplever, at bag hver horisont, det n\u00e5r, dukker en ny horisont op igen. Antal ruller og tid til ydeevne &#8222;The Horizon&#8220; indeholder 18 roller. [&hellip;]<\/p>\n","protected":false},"featured_media":586,"comment_status":"closed","ping_status":"closed","template":"","meta":[],"product_brand":[],"product_cat":[51,30],"product_tag":[],"class_list":{"0":"post-584","1":"product","2":"type-product","3":"status-publish","4":"has-post-thumbnail","6":"product_cat-daenische-theaterstuecke","7":"product_cat-igelgeschichten","9":"first","10":"instock","11":"sale","12":"downloadable","13":"virtual","14":"purchasable","15":"product-type-simple"},"yoast_head":"<!-- This site is optimized with the Yoast SEO plugin v27.3 - https:\/\/yoast.com\/product\/yoast-seo-wordpress\/ -->\n<title>Den Horisonten - Kinder spielen Theater<\/title>\n<meta name=\"description\" content=\"&quot;Horisonten&quot; er en &quot;fort\u00e6lling om det lille pindsvin&quot;. I denne historie fors\u00f8ger det lille pindsvin at n\u00e5 horisonten p\u00e5 en rejse gennem hav af solskin, storm og ro, og oplever, at bag hver horisont, det n\u00e5r, dukker en ny horisont op igen.Antal ruller og tid til ydeevne&quot;The Horizon&quot; indeholder 18 roller. Dette antal kan \u00f8ges eller mindskes ved at \u00f8ge eller mindske antallet af &quot;\u00f8boere&quot; (roller uden taletekst). Forestillingen varer ca. 15 minutter.\" \/>\n<meta name=\"robots\" content=\"index, follow, max-snippet:-1, max-image-preview:large, max-video-preview:-1\" \/>\n<link rel=\"canonical\" href=\"https:\/\/kinder-spielen-theater.de\/de_de\/produkt\/der-horizont-danish\/\" \/>\n<meta property=\"og:locale\" content=\"de_DE\" \/>\n<meta property=\"og:type\" content=\"article\" \/>\n<meta property=\"og:title\" content=\"Den Horisonten - Kinder spielen Theater\" \/>\n<meta property=\"og:description\" content=\"&quot;Horisonten&quot; er en &quot;fort\u00e6lling om det lille pindsvin&quot;. I denne historie fors\u00f8ger det lille pindsvin at n\u00e5 horisonten p\u00e5 en rejse gennem hav af solskin, storm og ro, og oplever, at bag hver horisont, det n\u00e5r, dukker en ny horisont op igen.Antal ruller og tid til ydeevne&quot;The Horizon&quot; indeholder 18 roller. Dette antal kan \u00f8ges eller mindskes ved at \u00f8ge eller mindske antallet af &quot;\u00f8boere&quot; (roller uden taletekst). Forestillingen varer ca. 15 minutter.\" \/>\n<meta property=\"og:url\" content=\"https:\/\/kinder-spielen-theater.de\/de_de\/produkt\/der-horizont-danish\/\" \/>\n<meta property=\"og:site_name\" content=\"Kinder spielen Theater\" \/>\n<meta property=\"article:modified_time\" content=\"2022-06-09T14:11:09+00:00\" \/>\n<meta property=\"og:image\" content=\"https:\/\/kinder-spielen-theater.de\/wp-content\/uploads\/2022\/04\/2_DenHorisonten.jpg\" \/>\n\t<meta property=\"og:image:width\" content=\"657\" \/>\n\t<meta property=\"og:image:height\" content=\"927\" \/>\n\t<meta property=\"og:image:type\" content=\"image\/jpeg\" \/>\n<meta name=\"twitter:card\" content=\"summary_large_image\" \/>\n<meta name=\"twitter:label1\" content=\"Gesch\u00e4tzte Lesezeit\" \/>\n\t<meta name=\"twitter:data1\" content=\"1\u00a0Minute\" \/>\n<script type=\"application\/ld+json\" class=\"yoast-schema-graph\">{\"@context\":\"https:\\\/\\\/schema.org\",\"@graph\":[{\"@type\":\"WebPage\",\"@id\":\"https:\\\/\\\/kinder-spielen-theater.de\\\/produkt\\\/der-horizont-danish\\\/\",\"url\":\"https:\\\/\\\/kinder-spielen-theater.de\\\/produkt\\\/der-horizont-danish\\\/\",\"name\":\"Den Horisonten - Kinder spielen Theater\",\"isPartOf\":{\"@id\":\"https:\\\/\\\/kinder-spielen-theater.de\\\/#website\"},\"primaryImageOfPage\":{\"@id\":\"https:\\\/\\\/kinder-spielen-theater.de\\\/produkt\\\/der-horizont-danish\\\/#primaryimage\"},\"image\":{\"@id\":\"https:\\\/\\\/kinder-spielen-theater.de\\\/produkt\\\/der-horizont-danish\\\/#primaryimage\"},\"thumbnailUrl\":\"https:\\\/\\\/kinder-spielen-theater.de\\\/wp-content\\\/uploads\\\/2022\\\/04\\\/2_DenHorisonten.jpg\",\"datePublished\":\"2022-04-24T11:52:16+00:00\",\"dateModified\":\"2022-06-09T14:11:09+00:00\",\"description\":\"\\\"Horisonten\\\" er en \\\"fort\u00e6lling om det lille pindsvin\\\". I denne historie fors\u00f8ger det lille pindsvin at n\u00e5 horisonten p\u00e5 en rejse gennem hav af solskin, storm og ro, og oplever, at bag hver horisont, det n\u00e5r, dukker en ny horisont op igen.Antal ruller og tid til ydeevne\\\"The Horizon\\\" indeholder 18 roller. Dette antal kan \u00f8ges eller mindskes ved at \u00f8ge eller mindske antallet af \\\"\u00f8boere\\\" (roller uden taletekst). Forestillingen varer ca. 15 minutter.\",\"breadcrumb\":{\"@id\":\"https:\\\/\\\/kinder-spielen-theater.de\\\/produkt\\\/der-horizont-danish\\\/#breadcrumb\"},\"inLanguage\":\"de\",\"potentialAction\":[{\"@type\":\"ReadAction\",\"target\":[\"https:\\\/\\\/kinder-spielen-theater.de\\\/produkt\\\/der-horizont-danish\\\/\"]}]},{\"@type\":\"ImageObject\",\"inLanguage\":\"de\",\"@id\":\"https:\\\/\\\/kinder-spielen-theater.de\\\/produkt\\\/der-horizont-danish\\\/#primaryimage\",\"url\":\"https:\\\/\\\/kinder-spielen-theater.de\\\/wp-content\\\/uploads\\\/2022\\\/04\\\/2_DenHorisonten.jpg\",\"contentUrl\":\"https:\\\/\\\/kinder-spielen-theater.de\\\/wp-content\\\/uploads\\\/2022\\\/04\\\/2_DenHorisonten.jpg\",\"width\":657,\"height\":927},{\"@type\":\"BreadcrumbList\",\"@id\":\"https:\\\/\\\/kinder-spielen-theater.de\\\/produkt\\\/der-horizont-danish\\\/#breadcrumb\",\"itemListElement\":[{\"@type\":\"ListItem\",\"position\":1,\"name\":\"Startseite\",\"item\":\"https:\\\/\\\/kinder-spielen-theater.de\\\/\"},{\"@type\":\"ListItem\",\"position\":2,\"name\":\"Shop: Theaterst\u00fccke zum Download\",\"item\":\"https:\\\/\\\/kinder-spielen-theater.de\\\/shop\\\/\"},{\"@type\":\"ListItem\",\"position\":3,\"name\":\"Den Horisonten\"}]},{\"@type\":\"WebSite\",\"@id\":\"https:\\\/\\\/kinder-spielen-theater.de\\\/#website\",\"url\":\"https:\\\/\\\/kinder-spielen-theater.de\\\/\",\"name\":\"Kinder spielen Theater\",\"description\":\"Theaterst\u00fccke f\u00fcr die Grundschule, Haupt- und Realschule, Gesamtschule und Gymnasium, Theaterst\u00fccke f\u00fcr Kinder\",\"potentialAction\":[{\"@type\":\"SearchAction\",\"target\":{\"@type\":\"EntryPoint\",\"urlTemplate\":\"https:\\\/\\\/kinder-spielen-theater.de\\\/?s={search_term_string}\"},\"query-input\":{\"@type\":\"PropertyValueSpecification\",\"valueRequired\":true,\"valueName\":\"search_term_string\"}}],\"inLanguage\":\"de\"}]}<\/script>\n<!-- \/ Yoast SEO plugin. -->","yoast_head_json":{"title":"Den Horisonten - Kinder spielen Theater","description":"\"Horisonten\" er en \"fort\u00e6lling om det lille pindsvin\". I denne historie fors\u00f8ger det lille pindsvin at n\u00e5 horisonten p\u00e5 en rejse gennem hav af solskin, storm og ro, og oplever, at bag hver horisont, det n\u00e5r, dukker en ny horisont op igen.Antal ruller og tid til ydeevne\"The Horizon\" indeholder 18 roller. Dette antal kan \u00f8ges eller mindskes ved at \u00f8ge eller mindske antallet af \"\u00f8boere\" (roller uden taletekst). Forestillingen varer ca. 15 minutter.","robots":{"index":"index","follow":"follow","max-snippet":"max-snippet:-1","max-image-preview":"max-image-preview:large","max-video-preview":"max-video-preview:-1"},"canonical":"https:\/\/kinder-spielen-theater.de\/de_de\/produkt\/der-horizont-danish\/","og_locale":"de_DE","og_type":"article","og_title":"Den Horisonten - Kinder spielen Theater","og_description":"\"Horisonten\" er en \"fort\u00e6lling om det lille pindsvin\". I denne historie fors\u00f8ger det lille pindsvin at n\u00e5 horisonten p\u00e5 en rejse gennem hav af solskin, storm og ro, og oplever, at bag hver horisont, det n\u00e5r, dukker en ny horisont op igen.Antal ruller og tid til ydeevne\"The Horizon\" indeholder 18 roller. Dette antal kan \u00f8ges eller mindskes ved at \u00f8ge eller mindske antallet af \"\u00f8boere\" (roller uden taletekst). Forestillingen varer ca. 15 minutter.","og_url":"https:\/\/kinder-spielen-theater.de\/de_de\/produkt\/der-horizont-danish\/","og_site_name":"Kinder spielen Theater","article_modified_time":"2022-06-09T14:11:09+00:00","og_image":[{"width":657,"height":927,"url":"https:\/\/kinder-spielen-theater.de\/wp-content\/uploads\/2022\/04\/2_DenHorisonten.jpg","type":"image\/jpeg"}],"twitter_card":"summary_large_image","twitter_misc":{"Gesch\u00e4tzte Lesezeit":"1\u00a0Minute"},"schema":{"@context":"https:\/\/schema.org","@graph":[{"@type":"WebPage","@id":"https:\/\/kinder-spielen-theater.de\/produkt\/der-horizont-danish\/","url":"https:\/\/kinder-spielen-theater.de\/produkt\/der-horizont-danish\/","name":"Den Horisonten - Kinder spielen Theater","isPartOf":{"@id":"https:\/\/kinder-spielen-theater.de\/#website"},"primaryImageOfPage":{"@id":"https:\/\/kinder-spielen-theater.de\/produkt\/der-horizont-danish\/#primaryimage"},"image":{"@id":"https:\/\/kinder-spielen-theater.de\/produkt\/der-horizont-danish\/#primaryimage"},"thumbnailUrl":"https:\/\/kinder-spielen-theater.de\/wp-content\/uploads\/2022\/04\/2_DenHorisonten.jpg","datePublished":"2022-04-24T11:52:16+00:00","dateModified":"2022-06-09T14:11:09+00:00","description":"\"Horisonten\" er en \"fort\u00e6lling om det lille pindsvin\". I denne historie fors\u00f8ger det lille pindsvin at n\u00e5 horisonten p\u00e5 en rejse gennem hav af solskin, storm og ro, og oplever, at bag hver horisont, det n\u00e5r, dukker en ny horisont op igen.Antal ruller og tid til ydeevne\"The Horizon\" indeholder 18 roller. Dette antal kan \u00f8ges eller mindskes ved at \u00f8ge eller mindske antallet af \"\u00f8boere\" (roller uden taletekst). Forestillingen varer ca. 15 minutter.","breadcrumb":{"@id":"https:\/\/kinder-spielen-theater.de\/produkt\/der-horizont-danish\/#breadcrumb"},"inLanguage":"de","potentialAction":[{"@type":"ReadAction","target":["https:\/\/kinder-spielen-theater.de\/produkt\/der-horizont-danish\/"]}]},{"@type":"ImageObject","inLanguage":"de","@id":"https:\/\/kinder-spielen-theater.de\/produkt\/der-horizont-danish\/#primaryimage","url":"https:\/\/kinder-spielen-theater.de\/wp-content\/uploads\/2022\/04\/2_DenHorisonten.jpg","contentUrl":"https:\/\/kinder-spielen-theater.de\/wp-content\/uploads\/2022\/04\/2_DenHorisonten.jpg","width":657,"height":927},{"@type":"BreadcrumbList","@id":"https:\/\/kinder-spielen-theater.de\/produkt\/der-horizont-danish\/#breadcrumb","itemListElement":[{"@type":"ListItem","position":1,"name":"Startseite","item":"https:\/\/kinder-spielen-theater.de\/"},{"@type":"ListItem","position":2,"name":"Shop: Theaterst\u00fccke zum Download","item":"https:\/\/kinder-spielen-theater.de\/shop\/"},{"@type":"ListItem","position":3,"name":"Den Horisonten"}]},{"@type":"WebSite","@id":"https:\/\/kinder-spielen-theater.de\/#website","url":"https:\/\/kinder-spielen-theater.de\/","name":"Kinder spielen Theater","description":"Theaterst\u00fccke f\u00fcr die Grundschule, Haupt- und Realschule, Gesamtschule und Gymnasium, Theaterst\u00fccke f\u00fcr Kinder","potentialAction":[{"@type":"SearchAction","target":{"@type":"EntryPoint","urlTemplate":"https:\/\/kinder-spielen-theater.de\/?s={search_term_string}"},"query-input":{"@type":"PropertyValueSpecification","valueRequired":true,"valueName":"search_term_string"}}],"inLanguage":"de"}]}},"_links":{"self":[{"href":"https:\/\/kinder-spielen-theater.de\/de_de\/wp-json\/wp\/v2\/product\/584","targetHints":{"allow":["GET"]}}],"collection":[{"href":"https:\/\/kinder-spielen-theater.de\/de_de\/wp-json\/wp\/v2\/product"}],"about":[{"href":"https:\/\/kinder-spielen-theater.de\/de_de\/wp-json\/wp\/v2\/types\/product"}],"replies":[{"embeddable":true,"href":"https:\/\/kinder-spielen-theater.de\/de_de\/wp-json\/wp\/v2\/comments?post=584"}],"wp:featuredmedia":[{"embeddable":true,"href":"https:\/\/kinder-spielen-theater.de\/de_de\/wp-json\/wp\/v2\/media\/586"}],"wp:attachment":[{"href":"https:\/\/kinder-spielen-theater.de\/de_de\/wp-json\/wp\/v2\/media?parent=584"}],"wp:term":[{"taxonomy":"product_brand","embeddable":true,"href":"https:\/\/kinder-spielen-theater.de\/de_de\/wp-json\/wp\/v2\/product_brand?post=584"},{"taxonomy":"product_cat","embeddable":true,"href":"https:\/\/kinder-spielen-theater.de\/de_de\/wp-json\/wp\/v2\/product_cat?post=584"},{"taxonomy":"product_tag","embeddable":true,"href":"https:\/\/kinder-spielen-theater.de\/de_de\/wp-json\/wp\/v2\/product_tag?post=584"}],"curies":[{"name":"wp","href":"https:\/\/api.w.org\/{rel}","templated":true}]}}