{"id":582,"date":"2022-04-24T11:09:30","date_gmt":"2022-04-24T11:09:30","guid":{"rendered":"https:\/\/kinder-spielen-theater.de\/?post_type=product&#038;p=582"},"modified":"2022-06-09T14:14:20","modified_gmt":"2022-06-09T14:14:20","slug":"die-sternreise-danish-2","status":"publish","type":"product","link":"https:\/\/kinder-spielen-theater.de\/de_de\/produkt\/die-sternreise-danish-2\/","title":{"rendered":"Rejsen til Stjernerne"},"content":{"rendered":"<p><span style=\"font-size: 14pt;\"><strong>Beskrivelse<\/strong><\/span><\/p>\n<p><strong>Indhold<\/strong><br \/>\n&#8222;Stjernerejsen&#8220; er en &#8222;historie om det lille pindsvin&#8220; (se nedenfor). I denne historie fors\u00f8ger det lille pindsvin at rejse til stjernerne med et stjerneskud. I l\u00f8bet af stykket finder han ikke et stjerneskud, der er stort nok til at tage ham med, men i slutningen af stykket ved han med sikkerhed, at han ikke beh\u00f8ver at opgive h\u00e5bet om, at hans dr\u00f8m vil g\u00e5 i opfyldelse.<\/p>\n<p><strong><span style=\"font-size: 12pt;\">Antal ruller og tid til ydeevne<\/span><\/strong><br \/>\nI &#8222;Den stjerneklare rejse&#8220; er der 19 roller i den nuv\u00e6rende version. Dette antal kan \u00f8ges ved at tilf\u00f8je stjerne- eller stjerneskudroller (uden talt tekst) eller reduceres til 10 roller. Opf\u00f8relsestiden er ca. 10 minutter. Den kan udvides ved at inkludere yderligere danse.<\/p>\n<p><strong>Rulletekst p\u00e5 dansk, hj\u00e6lpemidler til ydeevne p\u00e5 tysk<\/strong><br \/>\nRolletekst 2 sider, 15 sider i alt<\/p>\n<p><strong>Musik:<\/strong> Og over rolleteksten og l\u00e6rerens not<\/p>\n","protected":false},"excerpt":{"rendered":"<p>Beskrivelse Indhold &#8222;Stjernerejsen&#8220; er en &#8222;historie om det lille pindsvin&#8220; (se nedenfor). I denne historie fors\u00f8ger det lille pindsvin at rejse til stjernerne med et stjerneskud. I l\u00f8bet af stykket finder han ikke et stjerneskud, der er stort nok til at tage ham med, men i slutningen af stykket ved han med sikkerhed, at han [&hellip;]<\/p>\n","protected":false},"featured_media":583,"comment_status":"closed","ping_status":"closed","template":"","meta":[],"product_brand":[],"product_cat":[51,30],"product_tag":[],"class_list":{"0":"post-582","1":"product","2":"type-product","3":"status-publish","4":"has-post-thumbnail","6":"product_cat-daenische-theaterstuecke","7":"product_cat-igelgeschichten","9":"first","10":"instock","11":"sale","12":"downloadable","13":"virtual","14":"purchasable","15":"product-type-simple"},"yoast_head":"<!-- This site is optimized with the Yoast SEO plugin v27.3 - https:\/\/yoast.com\/product\/yoast-seo-wordpress\/ -->\n<title>Rejsen til Stjernerne - Kinder spielen Theater<\/title>\n<meta name=\"description\" content=\"D\u00e4nisches Theaterst\u00fcck: &quot;Stjernerejsen&quot; er en &quot;historie om det lille pindsvin&quot; (se nedenfor). I denne historie fors\u00f8ger det lille pindsvin at rejse til stjernerne med et stjerneskud. I l\u00f8bet af stykket finder han ikke et stjerneskud, der er stort nok til at tage ham med, men i slutningen af stykket ved han med sikkerhed, at han ikke beh\u00f8ver at opgive h\u00e5bet om, at hans dr\u00f8m vil g\u00e5 i opfyldelse.\" \/>\n<meta name=\"robots\" content=\"index, follow, max-snippet:-1, max-image-preview:large, max-video-preview:-1\" \/>\n<link rel=\"canonical\" href=\"https:\/\/kinder-spielen-theater.de\/de_de\/produkt\/die-sternreise-danish-2\/\" \/>\n<meta property=\"og:locale\" content=\"de_DE\" \/>\n<meta property=\"og:type\" content=\"article\" \/>\n<meta property=\"og:title\" content=\"Rejsen til Stjernerne - Kinder spielen Theater\" \/>\n<meta property=\"og:description\" content=\"D\u00e4nisches Theaterst\u00fcck: &quot;Stjernerejsen&quot; er en &quot;historie om det lille pindsvin&quot; (se nedenfor). I denne historie fors\u00f8ger det lille pindsvin at rejse til stjernerne med et stjerneskud. I l\u00f8bet af stykket finder han ikke et stjerneskud, der er stort nok til at tage ham med, men i slutningen af stykket ved han med sikkerhed, at han ikke beh\u00f8ver at opgive h\u00e5bet om, at hans dr\u00f8m vil g\u00e5 i opfyldelse.\" \/>\n<meta property=\"og:url\" content=\"https:\/\/kinder-spielen-theater.de\/de_de\/produkt\/die-sternreise-danish-2\/\" \/>\n<meta property=\"og:site_name\" content=\"Kinder spielen Theater\" \/>\n<meta property=\"article:modified_time\" content=\"2022-06-09T14:14:20+00:00\" \/>\n<meta property=\"og:image\" content=\"https:\/\/kinder-spielen-theater.de\/wp-content\/uploads\/2022\/04\/1_ReisenTilStjernerne.jpg\" \/>\n\t<meta property=\"og:image:width\" content=\"653\" \/>\n\t<meta property=\"og:image:height\" content=\"913\" \/>\n\t<meta property=\"og:image:type\" content=\"image\/jpeg\" \/>\n<meta name=\"twitter:card\" content=\"summary_large_image\" \/>\n<meta name=\"twitter:label1\" content=\"Gesch\u00e4tzte Lesezeit\" \/>\n\t<meta name=\"twitter:data1\" content=\"1\u00a0Minute\" \/>\n<script type=\"application\/ld+json\" class=\"yoast-schema-graph\">{\"@context\":\"https:\\\/\\\/schema.org\",\"@graph\":[{\"@type\":\"WebPage\",\"@id\":\"https:\\\/\\\/kinder-spielen-theater.de\\\/produkt\\\/die-sternreise-danish-2\\\/\",\"url\":\"https:\\\/\\\/kinder-spielen-theater.de\\\/produkt\\\/die-sternreise-danish-2\\\/\",\"name\":\"Rejsen til Stjernerne - Kinder spielen Theater\",\"isPartOf\":{\"@id\":\"https:\\\/\\\/kinder-spielen-theater.de\\\/#website\"},\"primaryImageOfPage\":{\"@id\":\"https:\\\/\\\/kinder-spielen-theater.de\\\/produkt\\\/die-sternreise-danish-2\\\/#primaryimage\"},\"image\":{\"@id\":\"https:\\\/\\\/kinder-spielen-theater.de\\\/produkt\\\/die-sternreise-danish-2\\\/#primaryimage\"},\"thumbnailUrl\":\"https:\\\/\\\/kinder-spielen-theater.de\\\/wp-content\\\/uploads\\\/2022\\\/04\\\/1_ReisenTilStjernerne.jpg\",\"datePublished\":\"2022-04-24T11:09:30+00:00\",\"dateModified\":\"2022-06-09T14:14:20+00:00\",\"description\":\"D\u00e4nisches Theaterst\u00fcck: \\\"Stjernerejsen\\\" er en \\\"historie om det lille pindsvin\\\" (se nedenfor). I denne historie fors\u00f8ger det lille pindsvin at rejse til stjernerne med et stjerneskud. I l\u00f8bet af stykket finder han ikke et stjerneskud, der er stort nok til at tage ham med, men i slutningen af stykket ved han med sikkerhed, at han ikke beh\u00f8ver at opgive h\u00e5bet om, at hans dr\u00f8m vil g\u00e5 i opfyldelse.\",\"breadcrumb\":{\"@id\":\"https:\\\/\\\/kinder-spielen-theater.de\\\/produkt\\\/die-sternreise-danish-2\\\/#breadcrumb\"},\"inLanguage\":\"de\",\"potentialAction\":[{\"@type\":\"ReadAction\",\"target\":[\"https:\\\/\\\/kinder-spielen-theater.de\\\/produkt\\\/die-sternreise-danish-2\\\/\"]}]},{\"@type\":\"ImageObject\",\"inLanguage\":\"de\",\"@id\":\"https:\\\/\\\/kinder-spielen-theater.de\\\/produkt\\\/die-sternreise-danish-2\\\/#primaryimage\",\"url\":\"https:\\\/\\\/kinder-spielen-theater.de\\\/wp-content\\\/uploads\\\/2022\\\/04\\\/1_ReisenTilStjernerne.jpg\",\"contentUrl\":\"https:\\\/\\\/kinder-spielen-theater.de\\\/wp-content\\\/uploads\\\/2022\\\/04\\\/1_ReisenTilStjernerne.jpg\",\"width\":653,\"height\":913},{\"@type\":\"BreadcrumbList\",\"@id\":\"https:\\\/\\\/kinder-spielen-theater.de\\\/produkt\\\/die-sternreise-danish-2\\\/#breadcrumb\",\"itemListElement\":[{\"@type\":\"ListItem\",\"position\":1,\"name\":\"Startseite\",\"item\":\"https:\\\/\\\/kinder-spielen-theater.de\\\/\"},{\"@type\":\"ListItem\",\"position\":2,\"name\":\"Shop: Theaterst\u00fccke zum Download\",\"item\":\"https:\\\/\\\/kinder-spielen-theater.de\\\/shop\\\/\"},{\"@type\":\"ListItem\",\"position\":3,\"name\":\"Rejsen til Stjernerne\"}]},{\"@type\":\"WebSite\",\"@id\":\"https:\\\/\\\/kinder-spielen-theater.de\\\/#website\",\"url\":\"https:\\\/\\\/kinder-spielen-theater.de\\\/\",\"name\":\"Kinder spielen Theater\",\"description\":\"Theaterst\u00fccke f\u00fcr die Grundschule, Haupt- und Realschule, Gesamtschule und Gymnasium, Theaterst\u00fccke f\u00fcr Kinder\",\"potentialAction\":[{\"@type\":\"SearchAction\",\"target\":{\"@type\":\"EntryPoint\",\"urlTemplate\":\"https:\\\/\\\/kinder-spielen-theater.de\\\/?s={search_term_string}\"},\"query-input\":{\"@type\":\"PropertyValueSpecification\",\"valueRequired\":true,\"valueName\":\"search_term_string\"}}],\"inLanguage\":\"de\"}]}<\/script>\n<!-- \/ Yoast SEO plugin. -->","yoast_head_json":{"title":"Rejsen til Stjernerne - Kinder spielen Theater","description":"D\u00e4nisches Theaterst\u00fcck: \"Stjernerejsen\" er en \"historie om det lille pindsvin\" (se nedenfor). I denne historie fors\u00f8ger det lille pindsvin at rejse til stjernerne med et stjerneskud. I l\u00f8bet af stykket finder han ikke et stjerneskud, der er stort nok til at tage ham med, men i slutningen af stykket ved han med sikkerhed, at han ikke beh\u00f8ver at opgive h\u00e5bet om, at hans dr\u00f8m vil g\u00e5 i opfyldelse.","robots":{"index":"index","follow":"follow","max-snippet":"max-snippet:-1","max-image-preview":"max-image-preview:large","max-video-preview":"max-video-preview:-1"},"canonical":"https:\/\/kinder-spielen-theater.de\/de_de\/produkt\/die-sternreise-danish-2\/","og_locale":"de_DE","og_type":"article","og_title":"Rejsen til Stjernerne - Kinder spielen Theater","og_description":"D\u00e4nisches Theaterst\u00fcck: \"Stjernerejsen\" er en \"historie om det lille pindsvin\" (se nedenfor). I denne historie fors\u00f8ger det lille pindsvin at rejse til stjernerne med et stjerneskud. I l\u00f8bet af stykket finder han ikke et stjerneskud, der er stort nok til at tage ham med, men i slutningen af stykket ved han med sikkerhed, at han ikke beh\u00f8ver at opgive h\u00e5bet om, at hans dr\u00f8m vil g\u00e5 i opfyldelse.","og_url":"https:\/\/kinder-spielen-theater.de\/de_de\/produkt\/die-sternreise-danish-2\/","og_site_name":"Kinder spielen Theater","article_modified_time":"2022-06-09T14:14:20+00:00","og_image":[{"width":653,"height":913,"url":"https:\/\/kinder-spielen-theater.de\/wp-content\/uploads\/2022\/04\/1_ReisenTilStjernerne.jpg","type":"image\/jpeg"}],"twitter_card":"summary_large_image","twitter_misc":{"Gesch\u00e4tzte Lesezeit":"1\u00a0Minute"},"schema":{"@context":"https:\/\/schema.org","@graph":[{"@type":"WebPage","@id":"https:\/\/kinder-spielen-theater.de\/produkt\/die-sternreise-danish-2\/","url":"https:\/\/kinder-spielen-theater.de\/produkt\/die-sternreise-danish-2\/","name":"Rejsen til Stjernerne - Kinder spielen Theater","isPartOf":{"@id":"https:\/\/kinder-spielen-theater.de\/#website"},"primaryImageOfPage":{"@id":"https:\/\/kinder-spielen-theater.de\/produkt\/die-sternreise-danish-2\/#primaryimage"},"image":{"@id":"https:\/\/kinder-spielen-theater.de\/produkt\/die-sternreise-danish-2\/#primaryimage"},"thumbnailUrl":"https:\/\/kinder-spielen-theater.de\/wp-content\/uploads\/2022\/04\/1_ReisenTilStjernerne.jpg","datePublished":"2022-04-24T11:09:30+00:00","dateModified":"2022-06-09T14:14:20+00:00","description":"D\u00e4nisches Theaterst\u00fcck: \"Stjernerejsen\" er en \"historie om det lille pindsvin\" (se nedenfor). I denne historie fors\u00f8ger det lille pindsvin at rejse til stjernerne med et stjerneskud. I l\u00f8bet af stykket finder han ikke et stjerneskud, der er stort nok til at tage ham med, men i slutningen af stykket ved han med sikkerhed, at han ikke beh\u00f8ver at opgive h\u00e5bet om, at hans dr\u00f8m vil g\u00e5 i opfyldelse.","breadcrumb":{"@id":"https:\/\/kinder-spielen-theater.de\/produkt\/die-sternreise-danish-2\/#breadcrumb"},"inLanguage":"de","potentialAction":[{"@type":"ReadAction","target":["https:\/\/kinder-spielen-theater.de\/produkt\/die-sternreise-danish-2\/"]}]},{"@type":"ImageObject","inLanguage":"de","@id":"https:\/\/kinder-spielen-theater.de\/produkt\/die-sternreise-danish-2\/#primaryimage","url":"https:\/\/kinder-spielen-theater.de\/wp-content\/uploads\/2022\/04\/1_ReisenTilStjernerne.jpg","contentUrl":"https:\/\/kinder-spielen-theater.de\/wp-content\/uploads\/2022\/04\/1_ReisenTilStjernerne.jpg","width":653,"height":913},{"@type":"BreadcrumbList","@id":"https:\/\/kinder-spielen-theater.de\/produkt\/die-sternreise-danish-2\/#breadcrumb","itemListElement":[{"@type":"ListItem","position":1,"name":"Startseite","item":"https:\/\/kinder-spielen-theater.de\/"},{"@type":"ListItem","position":2,"name":"Shop: Theaterst\u00fccke zum Download","item":"https:\/\/kinder-spielen-theater.de\/shop\/"},{"@type":"ListItem","position":3,"name":"Rejsen til Stjernerne"}]},{"@type":"WebSite","@id":"https:\/\/kinder-spielen-theater.de\/#website","url":"https:\/\/kinder-spielen-theater.de\/","name":"Kinder spielen Theater","description":"Theaterst\u00fccke f\u00fcr die Grundschule, Haupt- und Realschule, Gesamtschule und Gymnasium, Theaterst\u00fccke f\u00fcr Kinder","potentialAction":[{"@type":"SearchAction","target":{"@type":"EntryPoint","urlTemplate":"https:\/\/kinder-spielen-theater.de\/?s={search_term_string}"},"query-input":{"@type":"PropertyValueSpecification","valueRequired":true,"valueName":"search_term_string"}}],"inLanguage":"de"}]}},"_links":{"self":[{"href":"https:\/\/kinder-spielen-theater.de\/de_de\/wp-json\/wp\/v2\/product\/582","targetHints":{"allow":["GET"]}}],"collection":[{"href":"https:\/\/kinder-spielen-theater.de\/de_de\/wp-json\/wp\/v2\/product"}],"about":[{"href":"https:\/\/kinder-spielen-theater.de\/de_de\/wp-json\/wp\/v2\/types\/product"}],"replies":[{"embeddable":true,"href":"https:\/\/kinder-spielen-theater.de\/de_de\/wp-json\/wp\/v2\/comments?post=582"}],"wp:featuredmedia":[{"embeddable":true,"href":"https:\/\/kinder-spielen-theater.de\/de_de\/wp-json\/wp\/v2\/media\/583"}],"wp:attachment":[{"href":"https:\/\/kinder-spielen-theater.de\/de_de\/wp-json\/wp\/v2\/media?parent=582"}],"wp:term":[{"taxonomy":"product_brand","embeddable":true,"href":"https:\/\/kinder-spielen-theater.de\/de_de\/wp-json\/wp\/v2\/product_brand?post=582"},{"taxonomy":"product_cat","embeddable":true,"href":"https:\/\/kinder-spielen-theater.de\/de_de\/wp-json\/wp\/v2\/product_cat?post=582"},{"taxonomy":"product_tag","embeddable":true,"href":"https:\/\/kinder-spielen-theater.de\/de_de\/wp-json\/wp\/v2\/product_tag?post=582"}],"curies":[{"name":"wp","href":"https:\/\/api.w.org\/{rel}","templated":true}]}}