{"id":503,"date":"2021-11-18T15:52:19","date_gmt":"2021-11-18T15:52:19","guid":{"rendered":"https:\/\/kinder-spielen-theater.de\/?post_type=product&#038;p=503"},"modified":"2021-11-18T16:10:48","modified_gmt":"2021-11-18T16:10:48","slug":"geschichten-vom-kleinen-igel-und-von-der-kleinen-igelin-bd1","status":"publish","type":"product","link":"https:\/\/kinder-spielen-theater.de\/de_de\/produkt\/geschichten-vom-kleinen-igel-und-von-der-kleinen-igelin-bd1\/","title":{"rendered":"Geschichten vom kleinen Igel und von der kleinen Igelin &#8211; Band 1"},"content":{"rendered":"<p><strong><span id=\"page3R_mcid3\" class=\"markedContent\" style=\"font-size: 18pt;\"><span dir=\"ltr\" role=\"presentation\"><span id=\"page3R_mcid2\" class=\"markedContent\">Informationen zum Bd. 1 \u201eGeschichten vom kleinen Igel und der kleinen Igelin\u201c (mit 8 Rollentexten von Igeltheaterst\u00fccken mit Fotos) <\/span><\/span><\/span><\/strong><\/p>\n<p><span style=\"font-size: 18pt;\"><strong>Inhalt<\/strong><\/span><br \/>\n<span id=\"page3R_mcid7\" class=\"markedContent\"><span dir=\"ltr\" role=\"presentation\">Dieser Band 1 enth\u00e4lt die Rollentexte (ohne Auff\u00fchrungshilfen) von acht Theaterst\u00fccken einer Geschichte vom kleinen Igel und der kleinen Igelin. Die Geschichten erz\u00e4hlen in m\u00e4rchenhafter Form von den Erlebnissen des kleinen Igels und der kleinen Igelin. Diese Geschichten sind aber nicht nur vordergr\u00fcndig spannend und unterhaltsam, sondern es geht in ihnen auch jeweils um allgemein g\u00fcltige Themen, wie z.B. Freundschaft, Hilfsbereitschaft, Hoffnung usw. Die Geschichten sind f\u00fcr Kinder von f\u00fcnf bis zehn Jahren geeignet. <span id=\"undefined\" class=\"markedContent\"><\/span><span id=\"page3R_mcid8\" class=\"markedContent\"><\/span><\/span><\/span><\/p>\n<p><span id=\"page3R_mcid7\" class=\"markedContent\"><span dir=\"ltr\" role=\"presentation\"><span id=\"page3R_mcid8\" class=\"markedContent\"><br role=\"presentation\" \/>Diese Theaterst\u00fccke sind so konzipiert, dass sie auch besonders gut zur F\u00f6rderung der Sprach- und Lese Kompetenz und dem Lernen der deutschen Sprache, insbesondere f\u00fcr Anf\u00e4nger, eingesetzt werden k\u00f6nnen: kurze S\u00e4tze, szenische Wiederholungen, etc. <\/span><\/span><\/span><\/p>\n<p><span id=\"page3R_mcid7\" class=\"markedContent\"><span dir=\"ltr\" role=\"presentation\"><span id=\"page3R_mcid8\" class=\"markedContent\">Da dieser Band nur die Rollentexte, aber nicht die zugeh\u00f6rigen Auff\u00fchrungshilfen enth\u00e4lt, daf\u00fcr aber Fotos von Auff\u00fchrungen der jeweiligen St\u00fccke in die Rollentexte eingef\u00fcgt sind, eignen sich die Theaterst\u00fccke in dieser Anordnung besonders gut zum Lesen und Sprachenlernen. <\/span><\/span><\/span><\/p>\n<p><span id=\"page3R_mcid7\" class=\"markedContent\"><span dir=\"ltr\" role=\"presentation\"><span id=\"page3R_mcid8\" class=\"markedContent\">Diese Theaterst\u00fccke sind auch in Form von Einzelheften verf\u00fcgbar. <\/span><\/span><\/span><\/p>\n<p><span style=\"font-size: 18pt;\"><strong>Textumfang<\/strong> <\/span><br \/>\n<span id=\"page3R_mcid5\" class=\"markedContent\"><span dir=\"ltr\" role=\"presentation\">82 Seiten<\/span> <span dir=\"ltr\" role=\"presentation\">(nur Rollentexte)<\/span> <\/span><\/p>\n<p><span style=\"font-size: 18pt;\"><strong>Musik<\/strong> <\/span><br \/>\n<span id=\"page3R_mcid8\" class=\"markedContent\"><span dir=\"ltr\" role=\"presentation\">Zu <\/span><span dir=\"ltr\" role=\"presentation\">einer <\/span><span dir=\"ltr\" role=\"presentation\">gr\u00f6\u00dferen Zahl von<\/span> <span dir=\"ltr\" role=\"presentation\">Igeltheaterst\u00fccken<\/span> <span dir=\"ltr\" role=\"presentation\">in Einzelheften<\/span> <span dir=\"ltr\" role=\"presentation\">geh\u00f6r<\/span><span dir=\"ltr\" role=\"presentation\">en<\/span> <span dir=\"ltr\" role=\"presentation\">auch<\/span> <\/span><span id=\"page3R_mcid9\" class=\"markedContent\">Musikdateien im mp3-Format.<br role=\"presentation\" \/><\/span><\/p>\n<p>&nbsp;<\/p>\n","protected":false},"excerpt":{"rendered":"<p>Informationen zum Bd. 1 \u201eGeschichten vom kleinen Igel und der kleinen Igelin\u201c (mit 8 Rollentexten von Igeltheaterst\u00fccken mit Fotos) Inhalt Dieser Band 1 enth\u00e4lt die Rollentexte (ohne Auff\u00fchrungshilfen) von acht Theaterst\u00fccken einer Geschichte vom kleinen Igel und der kleinen Igelin. Die Geschichten erz\u00e4hlen in m\u00e4rchenhafter Form von den Erlebnissen des kleinen Igels und der kleinen [&hellip;]<\/p>\n","protected":false},"featured_media":505,"comment_status":"closed","ping_status":"closed","template":"","meta":[],"product_brand":[],"product_cat":[49],"product_tag":[],"class_list":{"0":"post-503","1":"product","2":"type-product","3":"status-publish","4":"has-post-thumbnail","6":"product_cat-sammelbaende","8":"first","9":"instock","10":"downloadable","11":"virtual","12":"purchasable","13":"product-type-simple"},"yoast_head":"<!-- This site is optimized with the Yoast SEO plugin v27.3 - https:\/\/yoast.com\/product\/yoast-seo-wordpress\/ -->\n<title>Geschichten vom kleinen Igel und von der kleinen Igelin - Band 1 - Kinder spielen Theater<\/title>\n<meta name=\"robots\" content=\"index, follow, max-snippet:-1, max-image-preview:large, max-video-preview:-1\" \/>\n<link rel=\"canonical\" href=\"https:\/\/kinder-spielen-theater.de\/de_de\/produkt\/geschichten-vom-kleinen-igel-und-von-der-kleinen-igelin-bd1\/\" \/>\n<meta property=\"og:locale\" content=\"de_DE\" \/>\n<meta property=\"og:type\" content=\"article\" \/>\n<meta property=\"og:title\" content=\"Geschichten vom kleinen Igel und von der kleinen Igelin - Band 1 - Kinder spielen Theater\" \/>\n<meta property=\"og:description\" content=\"Informationen zum Bd. 1 \u201eGeschichten vom kleinen Igel und der kleinen Igelin\u201c (mit 8 Rollentexten von Igeltheaterst\u00fccken mit Fotos) Inhalt Dieser Band 1 enth\u00e4lt die Rollentexte (ohne Auff\u00fchrungshilfen) von acht Theaterst\u00fccken einer Geschichte vom kleinen Igel und der kleinen Igelin. Die Geschichten erz\u00e4hlen in m\u00e4rchenhafter Form von den Erlebnissen des kleinen Igels und der kleinen [&hellip;]\" \/>\n<meta property=\"og:url\" content=\"https:\/\/kinder-spielen-theater.de\/de_de\/produkt\/geschichten-vom-kleinen-igel-und-von-der-kleinen-igelin-bd1\/\" \/>\n<meta property=\"og:site_name\" content=\"Kinder spielen Theater\" \/>\n<meta property=\"article:modified_time\" content=\"2021-11-18T16:10:48+00:00\" \/>\n<meta property=\"og:image\" content=\"https:\/\/kinder-spielen-theater.de\/wp-content\/uploads\/2021\/11\/Igelgeschichten_Bd1_Cover.jpg\" \/>\n\t<meta property=\"og:image:width\" content=\"252\" \/>\n\t<meta property=\"og:image:height\" content=\"359\" \/>\n\t<meta property=\"og:image:type\" content=\"image\/jpeg\" \/>\n<meta name=\"twitter:card\" content=\"summary_large_image\" \/>\n<meta name=\"twitter:label1\" content=\"Gesch\u00e4tzte Lesezeit\" \/>\n\t<meta name=\"twitter:data1\" content=\"1\u00a0Minute\" \/>\n<script type=\"application\/ld+json\" class=\"yoast-schema-graph\">{\"@context\":\"https:\\\/\\\/schema.org\",\"@graph\":[{\"@type\":\"WebPage\",\"@id\":\"https:\\\/\\\/kinder-spielen-theater.de\\\/produkt\\\/geschichten-vom-kleinen-igel-und-von-der-kleinen-igelin-bd1\\\/\",\"url\":\"https:\\\/\\\/kinder-spielen-theater.de\\\/produkt\\\/geschichten-vom-kleinen-igel-und-von-der-kleinen-igelin-bd1\\\/\",\"name\":\"Geschichten vom kleinen Igel und von der kleinen Igelin - Band 1 - Kinder spielen Theater\",\"isPartOf\":{\"@id\":\"https:\\\/\\\/kinder-spielen-theater.de\\\/#website\"},\"primaryImageOfPage\":{\"@id\":\"https:\\\/\\\/kinder-spielen-theater.de\\\/produkt\\\/geschichten-vom-kleinen-igel-und-von-der-kleinen-igelin-bd1\\\/#primaryimage\"},\"image\":{\"@id\":\"https:\\\/\\\/kinder-spielen-theater.de\\\/produkt\\\/geschichten-vom-kleinen-igel-und-von-der-kleinen-igelin-bd1\\\/#primaryimage\"},\"thumbnailUrl\":\"https:\\\/\\\/kinder-spielen-theater.de\\\/wp-content\\\/uploads\\\/2021\\\/11\\\/Igelgeschichten_Bd1_Cover.jpg\",\"datePublished\":\"2021-11-18T15:52:19+00:00\",\"dateModified\":\"2021-11-18T16:10:48+00:00\",\"breadcrumb\":{\"@id\":\"https:\\\/\\\/kinder-spielen-theater.de\\\/produkt\\\/geschichten-vom-kleinen-igel-und-von-der-kleinen-igelin-bd1\\\/#breadcrumb\"},\"inLanguage\":\"de\",\"potentialAction\":[{\"@type\":\"ReadAction\",\"target\":[\"https:\\\/\\\/kinder-spielen-theater.de\\\/produkt\\\/geschichten-vom-kleinen-igel-und-von-der-kleinen-igelin-bd1\\\/\"]}]},{\"@type\":\"ImageObject\",\"inLanguage\":\"de\",\"@id\":\"https:\\\/\\\/kinder-spielen-theater.de\\\/produkt\\\/geschichten-vom-kleinen-igel-und-von-der-kleinen-igelin-bd1\\\/#primaryimage\",\"url\":\"https:\\\/\\\/kinder-spielen-theater.de\\\/wp-content\\\/uploads\\\/2021\\\/11\\\/Igelgeschichten_Bd1_Cover.jpg\",\"contentUrl\":\"https:\\\/\\\/kinder-spielen-theater.de\\\/wp-content\\\/uploads\\\/2021\\\/11\\\/Igelgeschichten_Bd1_Cover.jpg\",\"width\":252,\"height\":359},{\"@type\":\"BreadcrumbList\",\"@id\":\"https:\\\/\\\/kinder-spielen-theater.de\\\/produkt\\\/geschichten-vom-kleinen-igel-und-von-der-kleinen-igelin-bd1\\\/#breadcrumb\",\"itemListElement\":[{\"@type\":\"ListItem\",\"position\":1,\"name\":\"Startseite\",\"item\":\"https:\\\/\\\/kinder-spielen-theater.de\\\/\"},{\"@type\":\"ListItem\",\"position\":2,\"name\":\"Shop: Theaterst\u00fccke zum Download\",\"item\":\"https:\\\/\\\/kinder-spielen-theater.de\\\/shop\\\/\"},{\"@type\":\"ListItem\",\"position\":3,\"name\":\"Geschichten vom kleinen Igel und von der kleinen Igelin &#8211; Band 1\"}]},{\"@type\":\"WebSite\",\"@id\":\"https:\\\/\\\/kinder-spielen-theater.de\\\/#website\",\"url\":\"https:\\\/\\\/kinder-spielen-theater.de\\\/\",\"name\":\"Kinder spielen Theater\",\"description\":\"Theaterst\u00fccke f\u00fcr die Grundschule, Haupt- und Realschule, Gesamtschule und Gymnasium, Theaterst\u00fccke f\u00fcr Kinder\",\"potentialAction\":[{\"@type\":\"SearchAction\",\"target\":{\"@type\":\"EntryPoint\",\"urlTemplate\":\"https:\\\/\\\/kinder-spielen-theater.de\\\/?s={search_term_string}\"},\"query-input\":{\"@type\":\"PropertyValueSpecification\",\"valueRequired\":true,\"valueName\":\"search_term_string\"}}],\"inLanguage\":\"de\"}]}<\/script>\n<!-- \/ Yoast SEO plugin. -->","yoast_head_json":{"title":"Geschichten vom kleinen Igel und von der kleinen Igelin - Band 1 - Kinder spielen Theater","robots":{"index":"index","follow":"follow","max-snippet":"max-snippet:-1","max-image-preview":"max-image-preview:large","max-video-preview":"max-video-preview:-1"},"canonical":"https:\/\/kinder-spielen-theater.de\/de_de\/produkt\/geschichten-vom-kleinen-igel-und-von-der-kleinen-igelin-bd1\/","og_locale":"de_DE","og_type":"article","og_title":"Geschichten vom kleinen Igel und von der kleinen Igelin - Band 1 - Kinder spielen Theater","og_description":"Informationen zum Bd. 1 \u201eGeschichten vom kleinen Igel und der kleinen Igelin\u201c (mit 8 Rollentexten von Igeltheaterst\u00fccken mit Fotos) Inhalt Dieser Band 1 enth\u00e4lt die Rollentexte (ohne Auff\u00fchrungshilfen) von acht Theaterst\u00fccken einer Geschichte vom kleinen Igel und der kleinen Igelin. Die Geschichten erz\u00e4hlen in m\u00e4rchenhafter Form von den Erlebnissen des kleinen Igels und der kleinen [&hellip;]","og_url":"https:\/\/kinder-spielen-theater.de\/de_de\/produkt\/geschichten-vom-kleinen-igel-und-von-der-kleinen-igelin-bd1\/","og_site_name":"Kinder spielen Theater","article_modified_time":"2021-11-18T16:10:48+00:00","og_image":[{"width":252,"height":359,"url":"https:\/\/kinder-spielen-theater.de\/wp-content\/uploads\/2021\/11\/Igelgeschichten_Bd1_Cover.jpg","type":"image\/jpeg"}],"twitter_card":"summary_large_image","twitter_misc":{"Gesch\u00e4tzte Lesezeit":"1\u00a0Minute"},"schema":{"@context":"https:\/\/schema.org","@graph":[{"@type":"WebPage","@id":"https:\/\/kinder-spielen-theater.de\/produkt\/geschichten-vom-kleinen-igel-und-von-der-kleinen-igelin-bd1\/","url":"https:\/\/kinder-spielen-theater.de\/produkt\/geschichten-vom-kleinen-igel-und-von-der-kleinen-igelin-bd1\/","name":"Geschichten vom kleinen Igel und von der kleinen Igelin - Band 1 - Kinder spielen Theater","isPartOf":{"@id":"https:\/\/kinder-spielen-theater.de\/#website"},"primaryImageOfPage":{"@id":"https:\/\/kinder-spielen-theater.de\/produkt\/geschichten-vom-kleinen-igel-und-von-der-kleinen-igelin-bd1\/#primaryimage"},"image":{"@id":"https:\/\/kinder-spielen-theater.de\/produkt\/geschichten-vom-kleinen-igel-und-von-der-kleinen-igelin-bd1\/#primaryimage"},"thumbnailUrl":"https:\/\/kinder-spielen-theater.de\/wp-content\/uploads\/2021\/11\/Igelgeschichten_Bd1_Cover.jpg","datePublished":"2021-11-18T15:52:19+00:00","dateModified":"2021-11-18T16:10:48+00:00","breadcrumb":{"@id":"https:\/\/kinder-spielen-theater.de\/produkt\/geschichten-vom-kleinen-igel-und-von-der-kleinen-igelin-bd1\/#breadcrumb"},"inLanguage":"de","potentialAction":[{"@type":"ReadAction","target":["https:\/\/kinder-spielen-theater.de\/produkt\/geschichten-vom-kleinen-igel-und-von-der-kleinen-igelin-bd1\/"]}]},{"@type":"ImageObject","inLanguage":"de","@id":"https:\/\/kinder-spielen-theater.de\/produkt\/geschichten-vom-kleinen-igel-und-von-der-kleinen-igelin-bd1\/#primaryimage","url":"https:\/\/kinder-spielen-theater.de\/wp-content\/uploads\/2021\/11\/Igelgeschichten_Bd1_Cover.jpg","contentUrl":"https:\/\/kinder-spielen-theater.de\/wp-content\/uploads\/2021\/11\/Igelgeschichten_Bd1_Cover.jpg","width":252,"height":359},{"@type":"BreadcrumbList","@id":"https:\/\/kinder-spielen-theater.de\/produkt\/geschichten-vom-kleinen-igel-und-von-der-kleinen-igelin-bd1\/#breadcrumb","itemListElement":[{"@type":"ListItem","position":1,"name":"Startseite","item":"https:\/\/kinder-spielen-theater.de\/"},{"@type":"ListItem","position":2,"name":"Shop: Theaterst\u00fccke zum Download","item":"https:\/\/kinder-spielen-theater.de\/shop\/"},{"@type":"ListItem","position":3,"name":"Geschichten vom kleinen Igel und von der kleinen Igelin &#8211; Band 1"}]},{"@type":"WebSite","@id":"https:\/\/kinder-spielen-theater.de\/#website","url":"https:\/\/kinder-spielen-theater.de\/","name":"Kinder spielen Theater","description":"Theaterst\u00fccke f\u00fcr die Grundschule, Haupt- und Realschule, Gesamtschule und Gymnasium, Theaterst\u00fccke f\u00fcr Kinder","potentialAction":[{"@type":"SearchAction","target":{"@type":"EntryPoint","urlTemplate":"https:\/\/kinder-spielen-theater.de\/?s={search_term_string}"},"query-input":{"@type":"PropertyValueSpecification","valueRequired":true,"valueName":"search_term_string"}}],"inLanguage":"de"}]}},"_links":{"self":[{"href":"https:\/\/kinder-spielen-theater.de\/de_de\/wp-json\/wp\/v2\/product\/503","targetHints":{"allow":["GET"]}}],"collection":[{"href":"https:\/\/kinder-spielen-theater.de\/de_de\/wp-json\/wp\/v2\/product"}],"about":[{"href":"https:\/\/kinder-spielen-theater.de\/de_de\/wp-json\/wp\/v2\/types\/product"}],"replies":[{"embeddable":true,"href":"https:\/\/kinder-spielen-theater.de\/de_de\/wp-json\/wp\/v2\/comments?post=503"}],"wp:featuredmedia":[{"embeddable":true,"href":"https:\/\/kinder-spielen-theater.de\/de_de\/wp-json\/wp\/v2\/media\/505"}],"wp:attachment":[{"href":"https:\/\/kinder-spielen-theater.de\/de_de\/wp-json\/wp\/v2\/media?parent=503"}],"wp:term":[{"taxonomy":"product_brand","embeddable":true,"href":"https:\/\/kinder-spielen-theater.de\/de_de\/wp-json\/wp\/v2\/product_brand?post=503"},{"taxonomy":"product_cat","embeddable":true,"href":"https:\/\/kinder-spielen-theater.de\/de_de\/wp-json\/wp\/v2\/product_cat?post=503"},{"taxonomy":"product_tag","embeddable":true,"href":"https:\/\/kinder-spielen-theater.de\/de_de\/wp-json\/wp\/v2\/product_tag?post=503"}],"curies":[{"name":"wp","href":"https:\/\/api.w.org\/{rel}","templated":true}]}}