{"id":499,"date":"2021-11-18T15:42:25","date_gmt":"2021-11-18T15:42:25","guid":{"rendered":"https:\/\/kinder-spielen-theater.de\/?post_type=product&#038;p=499"},"modified":"2021-11-18T16:06:35","modified_gmt":"2021-11-18T16:06:35","slug":"igel_gesamt","status":"publish","type":"product","link":"https:\/\/kinder-spielen-theater.de\/de_de\/produkt\/igel_gesamt\/","title":{"rendered":"Geschichten vom kleinen Igel  und von der kleinen Igelin"},"content":{"rendered":"<p><strong><span id=\"page3R_mcid3\" class=\"markedContent\" style=\"font-size: 18pt;\"><span dir=\"ltr\" role=\"presentation\">Informationen zum <\/span><span dir=\"ltr\" role=\"presentation\">Sammelb<\/span><span dir=\"ltr\" role=\"presentation\">and mit 16<\/span> <span dir=\"ltr\" role=\"presentation\">Igeltheaterst\u00fccken<\/span><\/span><\/strong><\/p>\n<p><span style=\"font-size: 18pt;\"><strong>Inhalt<\/strong><\/span><br \/>\n<span id=\"page3R_mcid7\" class=\"markedContent\"><span dir=\"ltr\" role=\"presentation\">Dieser Band <\/span><span dir=\"ltr\" role=\"presentation\">enth\u00e4lt <\/span><span dir=\"ltr\" role=\"presentation\">die Rollentexte (ohne <\/span><span dir=\"ltr\" role=\"presentation\">Auff\u00fchrungshilfen) von<\/span> <span dir=\"ltr\" role=\"presentation\">16<\/span><span dir=\"ltr\" role=\"presentation\">Theaterst\u00fccke<\/span><span dir=\"ltr\" role=\"presentation\">n<\/span> <span dir=\"ltr\" role=\"presentation\">von<\/span> <span dir=\"ltr\" role=\"presentation\">Geschichte<\/span><span dir=\"ltr\" role=\"presentation\">n<\/span> <span dir=\"ltr\" role=\"presentation\">vom kleinen Igel<\/span> <span dir=\"ltr\" role=\"presentation\">und der <\/span><span dir=\"ltr\" role=\"presentation\">kleinen Igelin<\/span><span dir=\"ltr\" role=\"presentation\">.<\/span> <\/span><\/p>\n<p><span id=\"page3R_mcid7\" class=\"markedContent\"><span dir=\"ltr\" role=\"presentation\">Di<\/span><span dir=\"ltr\" role=\"presentation\">e <\/span><span dir=\"ltr\" role=\"presentation\">Geschichten <\/span><span dir=\"ltr\" role=\"presentation\">erz\u00e4hlen <\/span><span dir=\"ltr\" role=\"presentation\">in m\u00e4rchenhafter Form von den <\/span><span dir=\"ltr\" role=\"presentation\">Erlebnissen des kleinen Igels und de<\/span><span dir=\"ltr\" role=\"presentation\">r <\/span><span dir=\"ltr\" role=\"presentation\">kl<\/span><span dir=\"ltr\" role=\"presentation\">e<\/span><span dir=\"ltr\" role=\"presentation\">inen Ige<\/span><span dir=\"ltr\" role=\"presentation\">lin. <\/span><\/span><\/p>\n<p><span id=\"page3R_mcid7\" class=\"markedContent\"><span dir=\"ltr\" role=\"presentation\">Diese Geschichten sind <\/span><span dir=\"ltr\" role=\"presentation\">aber nich<\/span><span dir=\"ltr\" role=\"presentation\">t nur vordergr\u00fcndig spannend <\/span><span dir=\"ltr\" role=\"presentation\">und unterhaltsam, sondern es geht in <\/span><span dir=\"ltr\" role=\"presentation\">ihnen auch jeweils um allgemein g\u00fcltige <\/span><span dir=\"ltr\" role=\"presentation\">Themen, wie z.B. Freundschaft, <\/span><span dir=\"ltr\" role=\"presentation\">Hilfsbereitschaft, Hoffnung<\/span> <span dir=\"ltr\" role=\"presentation\">usw. <\/span><\/span><\/p>\n<p><span id=\"page3R_mcid7\" class=\"markedContent\"><span dir=\"ltr\" role=\"presentation\">Die <\/span><span dir=\"ltr\" role=\"presentation\">Geschichten sind f\u00fcr Kinder von <\/span><span dir=\"ltr\" role=\"presentation\">f\u00fcnf<\/span> <span dir=\"ltr\" role=\"presentation\">bis <\/span><span dir=\"ltr\" role=\"presentation\">zehn<\/span> <span dir=\"ltr\" role=\"presentation\">Jahren geeignet. Diese Theaterst\u00fccke<\/span> <span dir=\"ltr\" role=\"presentation\">sind so konzipiert, dass sie auch <\/span><span dir=\"ltr\" role=\"presentation\">besonders gut zur F\u00f6rderung der Sprach<\/span><span dir=\"ltr\" role=\"presentation\">&#8211;<\/span> <span dir=\"ltr\" role=\"presentation\">und Lese K<\/span><span dir=\"ltr\" role=\"presentation\">ompetenz <\/span><span dir=\"ltr\" role=\"presentation\">und dem Lernen der <\/span><span dir=\"ltr\" role=\"presentation\">deutschen Sprache<\/span><span dir=\"ltr\" role=\"presentation\">, insbesondere <\/span><span dir=\"ltr\" role=\"presentation\">f\u00fcr <\/span><span dir=\"ltr\" role=\"presentation\">A<\/span><span dir=\"ltr\" role=\"presentation\">nf\u00e4nger,<\/span> <span dir=\"ltr\" role=\"presentation\">eingesetzt<\/span> <span dir=\"ltr\" role=\"presentation\">werden k\u00f6nnen: <\/span><span dir=\"ltr\" role=\"presentation\">kurze S\u00e4tze, szenisc<\/span><span dir=\"ltr\" role=\"presentation\">he W<\/span><span dir=\"ltr\" role=\"presentation\">i<\/span><span dir=\"ltr\" role=\"presentation\">ederhol<\/span><span dir=\"ltr\" role=\"presentation\">ungen, <\/span><span dir=\"ltr\" role=\"presentation\">etc. <\/span><\/span><\/p>\n<p><span id=\"page3R_mcid7\" class=\"markedContent\"><span dir=\"ltr\" role=\"presentation\">Alle diese <\/span><span dir=\"ltr\" role=\"presentation\">Theaterst\u00fccke sind<\/span> <span dir=\"ltr\" role=\"presentation\">auch in <\/span><span dir=\"ltr\" role=\"presentation\">Form von Einzelheften<\/span> <span dir=\"ltr\" role=\"presentation\">mit<\/span> <span dir=\"ltr\" role=\"presentation\">Auff\u00fchrungs<\/span><span dir=\"ltr\" role=\"presentation\">hilfen <\/span><span dir=\"ltr\" role=\"presentation\">verf\u00fcgbar.<\/span><\/span><\/p>\n<p><span style=\"font-size: 18pt;\"><strong>Textumfang<\/strong> <\/span><br \/>\n<span id=\"page3R_mcid5\" class=\"markedContent\"><span dir=\"ltr\" role=\"presentation\">118 Seiten<\/span> <span dir=\"ltr\" role=\"presentation\">(nur Rollentexte)<\/span> <\/span><\/p>\n<p><span style=\"font-size: 18pt;\"><strong>Musik<\/strong> <\/span><br \/>\n<span id=\"page3R_mcid8\" class=\"markedContent\"><span dir=\"ltr\" role=\"presentation\">Zu <\/span><span dir=\"ltr\" role=\"presentation\">einer <\/span><span dir=\"ltr\" role=\"presentation\">gr\u00f6\u00dferen Zahl von<\/span> <span dir=\"ltr\" role=\"presentation\">Igeltheaterst\u00fccken<\/span> <span dir=\"ltr\" role=\"presentation\">in Einzelheften<\/span> <span dir=\"ltr\" role=\"presentation\">geh\u00f6r<\/span><span dir=\"ltr\" role=\"presentation\">en<\/span> <span dir=\"ltr\" role=\"presentation\">auch<\/span> <\/span><span id=\"page3R_mcid9\" class=\"markedContent\">Musikdateien im mp3-Format.<br role=\"presentation\" \/><\/span><\/p>\n<p>&nbsp;<\/p>\n","protected":false},"excerpt":{"rendered":"<p>Informationen zum Sammelband mit 16 Igeltheaterst\u00fccken Inhalt Dieser Band enth\u00e4lt die Rollentexte (ohne Auff\u00fchrungshilfen) von 16Theaterst\u00fccken von Geschichten vom kleinen Igel und der kleinen Igelin. Die Geschichten erz\u00e4hlen in m\u00e4rchenhafter Form von den Erlebnissen des kleinen Igels und der kleinen Igelin. Diese Geschichten sind aber nicht nur vordergr\u00fcndig spannend und unterhaltsam, sondern es geht in [&hellip;]<\/p>\n","protected":false},"featured_media":500,"comment_status":"closed","ping_status":"closed","template":"","meta":[],"product_brand":[],"product_cat":[49],"product_tag":[],"class_list":{"0":"post-499","1":"product","2":"type-product","3":"status-publish","4":"has-post-thumbnail","6":"product_cat-sammelbaende","8":"first","9":"instock","10":"downloadable","11":"virtual","12":"purchasable","13":"product-type-simple"},"yoast_head":"<!-- This site is optimized with the Yoast SEO plugin v27.3 - https:\/\/yoast.com\/product\/yoast-seo-wordpress\/ -->\n<title>Geschichten vom kleinen Igel und von der kleinen Igelin - Kinder spielen Theater<\/title>\n<meta name=\"robots\" content=\"index, follow, max-snippet:-1, max-image-preview:large, max-video-preview:-1\" \/>\n<link rel=\"canonical\" href=\"https:\/\/kinder-spielen-theater.de\/de_de\/produkt\/igel_gesamt\/\" \/>\n<meta property=\"og:locale\" content=\"de_DE\" \/>\n<meta property=\"og:type\" content=\"article\" \/>\n<meta property=\"og:title\" content=\"Geschichten vom kleinen Igel und von der kleinen Igelin - Kinder spielen Theater\" \/>\n<meta property=\"og:description\" content=\"Informationen zum Sammelband mit 16 Igeltheaterst\u00fccken Inhalt Dieser Band enth\u00e4lt die Rollentexte (ohne Auff\u00fchrungshilfen) von 16Theaterst\u00fccken von Geschichten vom kleinen Igel und der kleinen Igelin. Die Geschichten erz\u00e4hlen in m\u00e4rchenhafter Form von den Erlebnissen des kleinen Igels und der kleinen Igelin. Diese Geschichten sind aber nicht nur vordergr\u00fcndig spannend und unterhaltsam, sondern es geht in [&hellip;]\" \/>\n<meta property=\"og:url\" content=\"https:\/\/kinder-spielen-theater.de\/de_de\/produkt\/igel_gesamt\/\" \/>\n<meta property=\"og:site_name\" content=\"Kinder spielen Theater\" \/>\n<meta property=\"article:modified_time\" content=\"2021-11-18T16:06:35+00:00\" \/>\n<meta property=\"og:image\" content=\"https:\/\/kinder-spielen-theater.de\/wp-content\/uploads\/2021\/11\/Igelgeschichten_cover.jpg\" \/>\n\t<meta property=\"og:image:width\" content=\"252\" \/>\n\t<meta property=\"og:image:height\" content=\"338\" \/>\n\t<meta property=\"og:image:type\" content=\"image\/jpeg\" \/>\n<meta name=\"twitter:card\" content=\"summary_large_image\" \/>\n<meta name=\"twitter:label1\" content=\"Gesch\u00e4tzte Lesezeit\" \/>\n\t<meta name=\"twitter:data1\" content=\"1\u00a0Minute\" \/>\n<script type=\"application\/ld+json\" class=\"yoast-schema-graph\">{\"@context\":\"https:\\\/\\\/schema.org\",\"@graph\":[{\"@type\":\"WebPage\",\"@id\":\"https:\\\/\\\/kinder-spielen-theater.de\\\/produkt\\\/igel_gesamt\\\/\",\"url\":\"https:\\\/\\\/kinder-spielen-theater.de\\\/produkt\\\/igel_gesamt\\\/\",\"name\":\"Geschichten vom kleinen Igel und von der kleinen Igelin - Kinder spielen Theater\",\"isPartOf\":{\"@id\":\"https:\\\/\\\/kinder-spielen-theater.de\\\/#website\"},\"primaryImageOfPage\":{\"@id\":\"https:\\\/\\\/kinder-spielen-theater.de\\\/produkt\\\/igel_gesamt\\\/#primaryimage\"},\"image\":{\"@id\":\"https:\\\/\\\/kinder-spielen-theater.de\\\/produkt\\\/igel_gesamt\\\/#primaryimage\"},\"thumbnailUrl\":\"https:\\\/\\\/kinder-spielen-theater.de\\\/wp-content\\\/uploads\\\/2021\\\/11\\\/Igelgeschichten_cover.jpg\",\"datePublished\":\"2021-11-18T15:42:25+00:00\",\"dateModified\":\"2021-11-18T16:06:35+00:00\",\"breadcrumb\":{\"@id\":\"https:\\\/\\\/kinder-spielen-theater.de\\\/produkt\\\/igel_gesamt\\\/#breadcrumb\"},\"inLanguage\":\"de\",\"potentialAction\":[{\"@type\":\"ReadAction\",\"target\":[\"https:\\\/\\\/kinder-spielen-theater.de\\\/produkt\\\/igel_gesamt\\\/\"]}]},{\"@type\":\"ImageObject\",\"inLanguage\":\"de\",\"@id\":\"https:\\\/\\\/kinder-spielen-theater.de\\\/produkt\\\/igel_gesamt\\\/#primaryimage\",\"url\":\"https:\\\/\\\/kinder-spielen-theater.de\\\/wp-content\\\/uploads\\\/2021\\\/11\\\/Igelgeschichten_cover.jpg\",\"contentUrl\":\"https:\\\/\\\/kinder-spielen-theater.de\\\/wp-content\\\/uploads\\\/2021\\\/11\\\/Igelgeschichten_cover.jpg\",\"width\":252,\"height\":338},{\"@type\":\"BreadcrumbList\",\"@id\":\"https:\\\/\\\/kinder-spielen-theater.de\\\/produkt\\\/igel_gesamt\\\/#breadcrumb\",\"itemListElement\":[{\"@type\":\"ListItem\",\"position\":1,\"name\":\"Startseite\",\"item\":\"https:\\\/\\\/kinder-spielen-theater.de\\\/\"},{\"@type\":\"ListItem\",\"position\":2,\"name\":\"Shop: Theaterst\u00fccke zum Download\",\"item\":\"https:\\\/\\\/kinder-spielen-theater.de\\\/shop\\\/\"},{\"@type\":\"ListItem\",\"position\":3,\"name\":\"Geschichten vom kleinen Igel und von der kleinen Igelin\"}]},{\"@type\":\"WebSite\",\"@id\":\"https:\\\/\\\/kinder-spielen-theater.de\\\/#website\",\"url\":\"https:\\\/\\\/kinder-spielen-theater.de\\\/\",\"name\":\"Kinder spielen Theater\",\"description\":\"Theaterst\u00fccke f\u00fcr die Grundschule, Haupt- und Realschule, Gesamtschule und Gymnasium, Theaterst\u00fccke f\u00fcr Kinder\",\"potentialAction\":[{\"@type\":\"SearchAction\",\"target\":{\"@type\":\"EntryPoint\",\"urlTemplate\":\"https:\\\/\\\/kinder-spielen-theater.de\\\/?s={search_term_string}\"},\"query-input\":{\"@type\":\"PropertyValueSpecification\",\"valueRequired\":true,\"valueName\":\"search_term_string\"}}],\"inLanguage\":\"de\"}]}<\/script>\n<!-- \/ Yoast SEO plugin. -->","yoast_head_json":{"title":"Geschichten vom kleinen Igel und von der kleinen Igelin - Kinder spielen Theater","robots":{"index":"index","follow":"follow","max-snippet":"max-snippet:-1","max-image-preview":"max-image-preview:large","max-video-preview":"max-video-preview:-1"},"canonical":"https:\/\/kinder-spielen-theater.de\/de_de\/produkt\/igel_gesamt\/","og_locale":"de_DE","og_type":"article","og_title":"Geschichten vom kleinen Igel und von der kleinen Igelin - Kinder spielen Theater","og_description":"Informationen zum Sammelband mit 16 Igeltheaterst\u00fccken Inhalt Dieser Band enth\u00e4lt die Rollentexte (ohne Auff\u00fchrungshilfen) von 16Theaterst\u00fccken von Geschichten vom kleinen Igel und der kleinen Igelin. Die Geschichten erz\u00e4hlen in m\u00e4rchenhafter Form von den Erlebnissen des kleinen Igels und der kleinen Igelin. Diese Geschichten sind aber nicht nur vordergr\u00fcndig spannend und unterhaltsam, sondern es geht in [&hellip;]","og_url":"https:\/\/kinder-spielen-theater.de\/de_de\/produkt\/igel_gesamt\/","og_site_name":"Kinder spielen Theater","article_modified_time":"2021-11-18T16:06:35+00:00","og_image":[{"width":252,"height":338,"url":"https:\/\/kinder-spielen-theater.de\/wp-content\/uploads\/2021\/11\/Igelgeschichten_cover.jpg","type":"image\/jpeg"}],"twitter_card":"summary_large_image","twitter_misc":{"Gesch\u00e4tzte Lesezeit":"1\u00a0Minute"},"schema":{"@context":"https:\/\/schema.org","@graph":[{"@type":"WebPage","@id":"https:\/\/kinder-spielen-theater.de\/produkt\/igel_gesamt\/","url":"https:\/\/kinder-spielen-theater.de\/produkt\/igel_gesamt\/","name":"Geschichten vom kleinen Igel und von der kleinen Igelin - Kinder spielen Theater","isPartOf":{"@id":"https:\/\/kinder-spielen-theater.de\/#website"},"primaryImageOfPage":{"@id":"https:\/\/kinder-spielen-theater.de\/produkt\/igel_gesamt\/#primaryimage"},"image":{"@id":"https:\/\/kinder-spielen-theater.de\/produkt\/igel_gesamt\/#primaryimage"},"thumbnailUrl":"https:\/\/kinder-spielen-theater.de\/wp-content\/uploads\/2021\/11\/Igelgeschichten_cover.jpg","datePublished":"2021-11-18T15:42:25+00:00","dateModified":"2021-11-18T16:06:35+00:00","breadcrumb":{"@id":"https:\/\/kinder-spielen-theater.de\/produkt\/igel_gesamt\/#breadcrumb"},"inLanguage":"de","potentialAction":[{"@type":"ReadAction","target":["https:\/\/kinder-spielen-theater.de\/produkt\/igel_gesamt\/"]}]},{"@type":"ImageObject","inLanguage":"de","@id":"https:\/\/kinder-spielen-theater.de\/produkt\/igel_gesamt\/#primaryimage","url":"https:\/\/kinder-spielen-theater.de\/wp-content\/uploads\/2021\/11\/Igelgeschichten_cover.jpg","contentUrl":"https:\/\/kinder-spielen-theater.de\/wp-content\/uploads\/2021\/11\/Igelgeschichten_cover.jpg","width":252,"height":338},{"@type":"BreadcrumbList","@id":"https:\/\/kinder-spielen-theater.de\/produkt\/igel_gesamt\/#breadcrumb","itemListElement":[{"@type":"ListItem","position":1,"name":"Startseite","item":"https:\/\/kinder-spielen-theater.de\/"},{"@type":"ListItem","position":2,"name":"Shop: Theaterst\u00fccke zum Download","item":"https:\/\/kinder-spielen-theater.de\/shop\/"},{"@type":"ListItem","position":3,"name":"Geschichten vom kleinen Igel und von der kleinen Igelin"}]},{"@type":"WebSite","@id":"https:\/\/kinder-spielen-theater.de\/#website","url":"https:\/\/kinder-spielen-theater.de\/","name":"Kinder spielen Theater","description":"Theaterst\u00fccke f\u00fcr die Grundschule, Haupt- und Realschule, Gesamtschule und Gymnasium, Theaterst\u00fccke f\u00fcr Kinder","potentialAction":[{"@type":"SearchAction","target":{"@type":"EntryPoint","urlTemplate":"https:\/\/kinder-spielen-theater.de\/?s={search_term_string}"},"query-input":{"@type":"PropertyValueSpecification","valueRequired":true,"valueName":"search_term_string"}}],"inLanguage":"de"}]}},"_links":{"self":[{"href":"https:\/\/kinder-spielen-theater.de\/de_de\/wp-json\/wp\/v2\/product\/499","targetHints":{"allow":["GET"]}}],"collection":[{"href":"https:\/\/kinder-spielen-theater.de\/de_de\/wp-json\/wp\/v2\/product"}],"about":[{"href":"https:\/\/kinder-spielen-theater.de\/de_de\/wp-json\/wp\/v2\/types\/product"}],"replies":[{"embeddable":true,"href":"https:\/\/kinder-spielen-theater.de\/de_de\/wp-json\/wp\/v2\/comments?post=499"}],"wp:featuredmedia":[{"embeddable":true,"href":"https:\/\/kinder-spielen-theater.de\/de_de\/wp-json\/wp\/v2\/media\/500"}],"wp:attachment":[{"href":"https:\/\/kinder-spielen-theater.de\/de_de\/wp-json\/wp\/v2\/media?parent=499"}],"wp:term":[{"taxonomy":"product_brand","embeddable":true,"href":"https:\/\/kinder-spielen-theater.de\/de_de\/wp-json\/wp\/v2\/product_brand?post=499"},{"taxonomy":"product_cat","embeddable":true,"href":"https:\/\/kinder-spielen-theater.de\/de_de\/wp-json\/wp\/v2\/product_cat?post=499"},{"taxonomy":"product_tag","embeddable":true,"href":"https:\/\/kinder-spielen-theater.de\/de_de\/wp-json\/wp\/v2\/product_tag?post=499"}],"curies":[{"name":"wp","href":"https:\/\/api.w.org\/{rel}","templated":true}]}}