{"id":402,"date":"2021-06-02T15:23:34","date_gmt":"2021-06-02T15:23:34","guid":{"rendered":"https:\/\/kinder-spielen-theater.de\/?post_type=product&#038;p=402"},"modified":"2022-09-27T06:26:21","modified_gmt":"2022-09-27T06:26:21","slug":"wie-die-sternbilder-erfunden-wurden","status":"publish","type":"product","link":"https:\/\/kinder-spielen-theater.de\/de_de\/produkt\/wie-die-sternbilder-erfunden-wurden\/","title":{"rendered":"Wie die Sternbilder erfunden wurden"},"content":{"rendered":"<p><span style=\"font-size: 18pt;\"><strong>Inhalt<\/strong> <\/span><br \/>\nIn diesem St\u00fcck wird dargestellt aus welchen Gr\u00fcnden die Menschen im Laufe der geschichtlichen Entwicklung, beginnend vor ca. 30 000 Jahren, \u00fcber die Kultur der Sumerer, Babylonier und Griechen bis hin zur Neuzeit Sternbilder erfunden und an den Himmel gesetzt haben.<\/p>\n<p><span style=\"font-size: 18pt;\"><strong>Rollenzahl und Spieldauer<\/strong><\/span><br \/>\nDas St\u00fcck besteht aus vier Akten. In den einzelnen Akten sind jeweils 8 bis 12 Rollen zu besetzen.<br \/>\nDie Auff\u00fchrungszeit f\u00fcr einen Akt betr\u00e4gt ca. 10 Minuten. Wenn zwei Klassen an der Auff\u00fchrung mitwirken, k\u00f6nnte jede der beiden Klassen jeweils zwei Akte spielen. Dadurch w\u00fcrde der Arbeitsaufwand (insbesondere zur Herstellung der B\u00fchnenbilder) f\u00fcr die Klassen vermindert werden. Es k\u00f6nnte sogar jeder Akt von einer anderen Klasse gespielt werden oder es w\u00e4re sogar m\u00f6glich, zwei Akte wegzulassen und die Inhalte dieser Akte von den Erz\u00e4hlern nur vortragen zu lassen.<\/p>\n<p><span style=\"font-size: 18pt;\"><strong>Textumfang<\/strong><\/span><br \/>\nRollentext 16 Seiten, insgesamt 65 Seiten<\/p>\n<p><span style=\"font-size: 18pt;\"><a href=\"https:\/\/kinder-spielen-theater.de\/wp-content\/uploads\/2021\/06\/63-Sternbilder-Leseprobe-Adobe.pdf\">Leseprobe<\/a><\/span><\/p>\n","protected":false},"excerpt":{"rendered":"<p>Inhalt In diesem St\u00fcck wird dargestellt aus welchen Gr\u00fcnden die Menschen im Laufe der geschichtlichen Entwicklung, beginnend vor ca. 30 000 Jahren, \u00fcber die Kultur der Sumerer, Babylonier und Griechen bis hin zur Neuzeit Sternbilder erfunden und an den Himmel gesetzt haben. Rollenzahl und Spieldauer Das St\u00fcck besteht aus vier Akten. In den einzelnen Akten [&hellip;]<\/p>\n","protected":false},"featured_media":676,"comment_status":"open","ping_status":"closed","template":"","meta":[],"product_brand":[],"product_cat":[38,42,41],"product_tag":[],"class_list":{"0":"post-402","1":"product","2":"type-product","3":"status-publish","4":"has-post-thumbnail","6":"product_cat-anfaenge-der-kultur","7":"product_cat-kulturelles-erbe","8":"product_cat-naturwissenschaft-technik","10":"first","11":"instock","12":"downloadable","13":"virtual","14":"purchasable","15":"product-type-simple"},"yoast_head":"<!-- This site is optimized with the Yoast SEO plugin v27.3 - https:\/\/yoast.com\/product\/yoast-seo-wordpress\/ -->\n<title>Wie die Sternbilder erfunden wurden - Kinder spielen Theater<\/title>\n<meta name=\"description\" content=\"Kinder spielen Theater: Wie die Sternbilder erfundne wurden: In diesem St\u00fcck wird dargestellt aus welchen Gr\u00fcnden die Menschen im Laufe der geschichtlichen Entwicklung, beginnend vor ca. 30 000 Jahren, \u00fcber die Kultur der Sumerer, Babylonier und Griechen bis hin zur Neuzeit Sternbilder erfunden und an den Himmel gesetzt haben.\" \/>\n<meta name=\"robots\" content=\"index, follow, max-snippet:-1, max-image-preview:large, max-video-preview:-1\" \/>\n<link rel=\"canonical\" href=\"https:\/\/kinder-spielen-theater.de\/de_de\/produkt\/wie-die-sternbilder-erfunden-wurden\/\" \/>\n<meta property=\"og:locale\" content=\"de_DE\" \/>\n<meta property=\"og:type\" content=\"article\" \/>\n<meta property=\"og:title\" content=\"Wie die Sternbilder erfunden wurden - Kinder spielen Theater\" \/>\n<meta property=\"og:description\" content=\"Kinder spielen Theater: Wie die Sternbilder erfundne wurden: In diesem St\u00fcck wird dargestellt aus welchen Gr\u00fcnden die Menschen im Laufe der geschichtlichen Entwicklung, beginnend vor ca. 30 000 Jahren, \u00fcber die Kultur der Sumerer, Babylonier und Griechen bis hin zur Neuzeit Sternbilder erfunden und an den Himmel gesetzt haben.\" \/>\n<meta property=\"og:url\" content=\"https:\/\/kinder-spielen-theater.de\/de_de\/produkt\/wie-die-sternbilder-erfunden-wurden\/\" \/>\n<meta property=\"og:site_name\" content=\"Kinder spielen Theater\" \/>\n<meta property=\"article:modified_time\" content=\"2022-09-27T06:26:21+00:00\" \/>\n<meta property=\"og:image\" content=\"https:\/\/kinder-spielen-theater.de\/wp-content\/uploads\/2021\/06\/63-Wie-die-Sternbilder..-o.k.-page-001.jpg\" \/>\n\t<meta property=\"og:image:width\" content=\"1240\" \/>\n\t<meta property=\"og:image:height\" content=\"1754\" \/>\n\t<meta property=\"og:image:type\" content=\"image\/jpeg\" \/>\n<meta name=\"twitter:card\" content=\"summary_large_image\" \/>\n<meta name=\"twitter:label1\" content=\"Gesch\u00e4tzte Lesezeit\" \/>\n\t<meta name=\"twitter:data1\" content=\"1\u00a0Minute\" \/>\n<script type=\"application\/ld+json\" class=\"yoast-schema-graph\">{\"@context\":\"https:\\\/\\\/schema.org\",\"@graph\":[{\"@type\":\"WebPage\",\"@id\":\"https:\\\/\\\/kinder-spielen-theater.de\\\/produkt\\\/wie-die-sternbilder-erfunden-wurden\\\/\",\"url\":\"https:\\\/\\\/kinder-spielen-theater.de\\\/produkt\\\/wie-die-sternbilder-erfunden-wurden\\\/\",\"name\":\"Wie die Sternbilder erfunden wurden - Kinder spielen Theater\",\"isPartOf\":{\"@id\":\"https:\\\/\\\/kinder-spielen-theater.de\\\/#website\"},\"primaryImageOfPage\":{\"@id\":\"https:\\\/\\\/kinder-spielen-theater.de\\\/produkt\\\/wie-die-sternbilder-erfunden-wurden\\\/#primaryimage\"},\"image\":{\"@id\":\"https:\\\/\\\/kinder-spielen-theater.de\\\/produkt\\\/wie-die-sternbilder-erfunden-wurden\\\/#primaryimage\"},\"thumbnailUrl\":\"https:\\\/\\\/kinder-spielen-theater.de\\\/wp-content\\\/uploads\\\/2021\\\/06\\\/63-Wie-die-Sternbilder..-o.k.-page-001.jpg\",\"datePublished\":\"2021-06-02T15:23:34+00:00\",\"dateModified\":\"2022-09-27T06:26:21+00:00\",\"description\":\"Kinder spielen Theater: Wie die Sternbilder erfundne wurden: In diesem St\u00fcck wird dargestellt aus welchen Gr\u00fcnden die Menschen im Laufe der geschichtlichen Entwicklung, beginnend vor ca. 30 000 Jahren, \u00fcber die Kultur der Sumerer, Babylonier und Griechen bis hin zur Neuzeit Sternbilder erfunden und an den Himmel gesetzt haben.\",\"breadcrumb\":{\"@id\":\"https:\\\/\\\/kinder-spielen-theater.de\\\/produkt\\\/wie-die-sternbilder-erfunden-wurden\\\/#breadcrumb\"},\"inLanguage\":\"de\",\"potentialAction\":[{\"@type\":\"ReadAction\",\"target\":[\"https:\\\/\\\/kinder-spielen-theater.de\\\/produkt\\\/wie-die-sternbilder-erfunden-wurden\\\/\"]}]},{\"@type\":\"ImageObject\",\"inLanguage\":\"de\",\"@id\":\"https:\\\/\\\/kinder-spielen-theater.de\\\/produkt\\\/wie-die-sternbilder-erfunden-wurden\\\/#primaryimage\",\"url\":\"https:\\\/\\\/kinder-spielen-theater.de\\\/wp-content\\\/uploads\\\/2021\\\/06\\\/63-Wie-die-Sternbilder..-o.k.-page-001.jpg\",\"contentUrl\":\"https:\\\/\\\/kinder-spielen-theater.de\\\/wp-content\\\/uploads\\\/2021\\\/06\\\/63-Wie-die-Sternbilder..-o.k.-page-001.jpg\",\"width\":1240,\"height\":1754},{\"@type\":\"BreadcrumbList\",\"@id\":\"https:\\\/\\\/kinder-spielen-theater.de\\\/produkt\\\/wie-die-sternbilder-erfunden-wurden\\\/#breadcrumb\",\"itemListElement\":[{\"@type\":\"ListItem\",\"position\":1,\"name\":\"Startseite\",\"item\":\"https:\\\/\\\/kinder-spielen-theater.de\\\/\"},{\"@type\":\"ListItem\",\"position\":2,\"name\":\"Shop: Theaterst\u00fccke zum Download\",\"item\":\"https:\\\/\\\/kinder-spielen-theater.de\\\/shop\\\/\"},{\"@type\":\"ListItem\",\"position\":3,\"name\":\"Wie die Sternbilder erfunden wurden\"}]},{\"@type\":\"WebSite\",\"@id\":\"https:\\\/\\\/kinder-spielen-theater.de\\\/#website\",\"url\":\"https:\\\/\\\/kinder-spielen-theater.de\\\/\",\"name\":\"Kinder spielen Theater\",\"description\":\"Theaterst\u00fccke f\u00fcr die Grundschule, Haupt- und Realschule, Gesamtschule und Gymnasium, Theaterst\u00fccke f\u00fcr Kinder\",\"potentialAction\":[{\"@type\":\"SearchAction\",\"target\":{\"@type\":\"EntryPoint\",\"urlTemplate\":\"https:\\\/\\\/kinder-spielen-theater.de\\\/?s={search_term_string}\"},\"query-input\":{\"@type\":\"PropertyValueSpecification\",\"valueRequired\":true,\"valueName\":\"search_term_string\"}}],\"inLanguage\":\"de\"}]}<\/script>\n<!-- \/ Yoast SEO plugin. -->","yoast_head_json":{"title":"Wie die Sternbilder erfunden wurden - Kinder spielen Theater","description":"Kinder spielen Theater: Wie die Sternbilder erfundne wurden: In diesem St\u00fcck wird dargestellt aus welchen Gr\u00fcnden die Menschen im Laufe der geschichtlichen Entwicklung, beginnend vor ca. 30 000 Jahren, \u00fcber die Kultur der Sumerer, Babylonier und Griechen bis hin zur Neuzeit Sternbilder erfunden und an den Himmel gesetzt haben.","robots":{"index":"index","follow":"follow","max-snippet":"max-snippet:-1","max-image-preview":"max-image-preview:large","max-video-preview":"max-video-preview:-1"},"canonical":"https:\/\/kinder-spielen-theater.de\/de_de\/produkt\/wie-die-sternbilder-erfunden-wurden\/","og_locale":"de_DE","og_type":"article","og_title":"Wie die Sternbilder erfunden wurden - Kinder spielen Theater","og_description":"Kinder spielen Theater: Wie die Sternbilder erfundne wurden: In diesem St\u00fcck wird dargestellt aus welchen Gr\u00fcnden die Menschen im Laufe der geschichtlichen Entwicklung, beginnend vor ca. 30 000 Jahren, \u00fcber die Kultur der Sumerer, Babylonier und Griechen bis hin zur Neuzeit Sternbilder erfunden und an den Himmel gesetzt haben.","og_url":"https:\/\/kinder-spielen-theater.de\/de_de\/produkt\/wie-die-sternbilder-erfunden-wurden\/","og_site_name":"Kinder spielen Theater","article_modified_time":"2022-09-27T06:26:21+00:00","og_image":[{"width":1240,"height":1754,"url":"https:\/\/kinder-spielen-theater.de\/wp-content\/uploads\/2021\/06\/63-Wie-die-Sternbilder..-o.k.-page-001.jpg","type":"image\/jpeg"}],"twitter_card":"summary_large_image","twitter_misc":{"Gesch\u00e4tzte Lesezeit":"1\u00a0Minute"},"schema":{"@context":"https:\/\/schema.org","@graph":[{"@type":"WebPage","@id":"https:\/\/kinder-spielen-theater.de\/produkt\/wie-die-sternbilder-erfunden-wurden\/","url":"https:\/\/kinder-spielen-theater.de\/produkt\/wie-die-sternbilder-erfunden-wurden\/","name":"Wie die Sternbilder erfunden wurden - Kinder spielen Theater","isPartOf":{"@id":"https:\/\/kinder-spielen-theater.de\/#website"},"primaryImageOfPage":{"@id":"https:\/\/kinder-spielen-theater.de\/produkt\/wie-die-sternbilder-erfunden-wurden\/#primaryimage"},"image":{"@id":"https:\/\/kinder-spielen-theater.de\/produkt\/wie-die-sternbilder-erfunden-wurden\/#primaryimage"},"thumbnailUrl":"https:\/\/kinder-spielen-theater.de\/wp-content\/uploads\/2021\/06\/63-Wie-die-Sternbilder..-o.k.-page-001.jpg","datePublished":"2021-06-02T15:23:34+00:00","dateModified":"2022-09-27T06:26:21+00:00","description":"Kinder spielen Theater: Wie die Sternbilder erfundne wurden: In diesem St\u00fcck wird dargestellt aus welchen Gr\u00fcnden die Menschen im Laufe der geschichtlichen Entwicklung, beginnend vor ca. 30 000 Jahren, \u00fcber die Kultur der Sumerer, Babylonier und Griechen bis hin zur Neuzeit Sternbilder erfunden und an den Himmel gesetzt haben.","breadcrumb":{"@id":"https:\/\/kinder-spielen-theater.de\/produkt\/wie-die-sternbilder-erfunden-wurden\/#breadcrumb"},"inLanguage":"de","potentialAction":[{"@type":"ReadAction","target":["https:\/\/kinder-spielen-theater.de\/produkt\/wie-die-sternbilder-erfunden-wurden\/"]}]},{"@type":"ImageObject","inLanguage":"de","@id":"https:\/\/kinder-spielen-theater.de\/produkt\/wie-die-sternbilder-erfunden-wurden\/#primaryimage","url":"https:\/\/kinder-spielen-theater.de\/wp-content\/uploads\/2021\/06\/63-Wie-die-Sternbilder..-o.k.-page-001.jpg","contentUrl":"https:\/\/kinder-spielen-theater.de\/wp-content\/uploads\/2021\/06\/63-Wie-die-Sternbilder..-o.k.-page-001.jpg","width":1240,"height":1754},{"@type":"BreadcrumbList","@id":"https:\/\/kinder-spielen-theater.de\/produkt\/wie-die-sternbilder-erfunden-wurden\/#breadcrumb","itemListElement":[{"@type":"ListItem","position":1,"name":"Startseite","item":"https:\/\/kinder-spielen-theater.de\/"},{"@type":"ListItem","position":2,"name":"Shop: Theaterst\u00fccke zum Download","item":"https:\/\/kinder-spielen-theater.de\/shop\/"},{"@type":"ListItem","position":3,"name":"Wie die Sternbilder erfunden wurden"}]},{"@type":"WebSite","@id":"https:\/\/kinder-spielen-theater.de\/#website","url":"https:\/\/kinder-spielen-theater.de\/","name":"Kinder spielen Theater","description":"Theaterst\u00fccke f\u00fcr die Grundschule, Haupt- und Realschule, Gesamtschule und Gymnasium, Theaterst\u00fccke f\u00fcr Kinder","potentialAction":[{"@type":"SearchAction","target":{"@type":"EntryPoint","urlTemplate":"https:\/\/kinder-spielen-theater.de\/?s={search_term_string}"},"query-input":{"@type":"PropertyValueSpecification","valueRequired":true,"valueName":"search_term_string"}}],"inLanguage":"de"}]}},"_links":{"self":[{"href":"https:\/\/kinder-spielen-theater.de\/de_de\/wp-json\/wp\/v2\/product\/402","targetHints":{"allow":["GET"]}}],"collection":[{"href":"https:\/\/kinder-spielen-theater.de\/de_de\/wp-json\/wp\/v2\/product"}],"about":[{"href":"https:\/\/kinder-spielen-theater.de\/de_de\/wp-json\/wp\/v2\/types\/product"}],"replies":[{"embeddable":true,"href":"https:\/\/kinder-spielen-theater.de\/de_de\/wp-json\/wp\/v2\/comments?post=402"}],"wp:featuredmedia":[{"embeddable":true,"href":"https:\/\/kinder-spielen-theater.de\/de_de\/wp-json\/wp\/v2\/media\/676"}],"wp:attachment":[{"href":"https:\/\/kinder-spielen-theater.de\/de_de\/wp-json\/wp\/v2\/media?parent=402"}],"wp:term":[{"taxonomy":"product_brand","embeddable":true,"href":"https:\/\/kinder-spielen-theater.de\/de_de\/wp-json\/wp\/v2\/product_brand?post=402"},{"taxonomy":"product_cat","embeddable":true,"href":"https:\/\/kinder-spielen-theater.de\/de_de\/wp-json\/wp\/v2\/product_cat?post=402"},{"taxonomy":"product_tag","embeddable":true,"href":"https:\/\/kinder-spielen-theater.de\/de_de\/wp-json\/wp\/v2\/product_tag?post=402"}],"curies":[{"name":"wp","href":"https:\/\/api.w.org\/{rel}","templated":true}]}}