{"id":390,"date":"2021-06-02T15:11:03","date_gmt":"2021-06-02T15:11:03","guid":{"rendered":"https:\/\/kinder-spielen-theater.de\/?post_type=product&#038;p=390"},"modified":"2022-09-27T06:30:53","modified_gmt":"2022-09-27T06:30:53","slug":"wie-die-blumen-wieder-auf-die-erde-zurueckkehrten","status":"publish","type":"product","link":"https:\/\/kinder-spielen-theater.de\/de_de\/produkt\/wie-die-blumen-wieder-auf-die-erde-zurueckkehrten\/","title":{"rendered":"Wie die Blumen wieder auf die Erde zur\u00fcckkehrten"},"content":{"rendered":"<p><span style=\"font-size: 18pt;\"><strong>Inhalt<\/strong> <\/span><br \/>\nDas Theaterst\u00fcck \u201eWie die Blumen wieder auf die Erde zur\u00fcckkehrten\u201c ist eine kindgem\u00e4\u00dfe Version einer Ursprungsmythe der australischen Ureinwohner.<br \/>\nDas St\u00fcck erz\u00e4hlt, wie der Gott Pisme die Blumen von der Erde genommen hatte, weil die Menschen sich immer wieder untereinander gestritten und dabei die Blumen zertrampelt hatten und er sie ihnen erst wieder zur\u00fcckgab, als sie versprachen, zuk\u00fcnftig miteinander in Frieden zu leben und die Blumen zu achten.<\/p>\n<hr \/>\n<p><span style=\"font-size: 18pt;\"><strong>Rollenzahl und Spieldauer<\/strong><\/span><br \/>\nIn \u201eWie die Blumen wieder auf die Erde zur\u00fcckkehrten\u201c sind 7 Rollen zu besetzen.<br \/>\nDiese Zahl kann durch zus\u00e4tzliche Blumen- und Eingeborenenrollen (Rollen ohne Sprechtext) bis auf ca. 12 Rollen vergr\u00f6\u00dfert werden.<br \/>\nDie Auff\u00fchrungszeit betr\u00e4gt ca.10 Minuten.<\/p>\n<hr \/>\n<p><span style=\"font-size: 18pt;\"><strong>Textumfang<\/strong><\/span><br \/>\nRollentext 2 Seiten, insgesamt 21 Seiten<\/p>\n<hr \/>\n<p><span style=\"font-size: 18pt;\"><a href=\"https:\/\/kinder-spielen-theater.de\/wp-content\/uploads\/2021\/06\/60a-Wie-die-Blumen..Leseprobe-Adobe.pdf\">Leseprobe<\/a><\/span><\/p>\n","protected":false},"excerpt":{"rendered":"<p>Inhalt Das Theaterst\u00fcck \u201eWie die Blumen wieder auf die Erde zur\u00fcckkehrten\u201c ist eine kindgem\u00e4\u00dfe Version einer Ursprungsmythe der australischen Ureinwohner. Das St\u00fcck erz\u00e4hlt, wie der Gott Pisme die Blumen von der Erde genommen hatte, weil die Menschen sich immer wieder untereinander gestritten und dabei die Blumen zertrampelt hatten und er sie ihnen erst wieder zur\u00fcckgab, [&hellip;]<\/p>\n","protected":false},"featured_media":678,"comment_status":"open","ping_status":"closed","template":"","meta":[],"product_brand":[],"product_cat":[47,46,42,36,44],"product_tag":[],"class_list":{"0":"post-390","1":"product","2":"type-product","3":"status-publish","4":"has-post-thumbnail","6":"product_cat-achtung-der-umwelt","7":"product_cat-aussereuroaeisches-kulturelles-erbe","8":"product_cat-kulturelles-erbe","9":"product_cat-maerchen","10":"product_cat-gewaltlosigkeit","12":"first","13":"instock","14":"sale","15":"downloadable","16":"virtual","17":"purchasable","18":"product-type-simple"},"yoast_head":"<!-- This site is optimized with the Yoast SEO plugin v27.4 - https:\/\/yoast.com\/product\/yoast-seo-wordpress\/ -->\n<title>Wie die Blumen wieder auf die Erde zur\u00fcckkehrten - Kinder spielen Theater<\/title>\n<meta name=\"description\" content=\"Das Theaterst\u00fcck \u201eWie die Blumen wieder auf die Erde zur\u00fcckkehrten\u201c ist eine kindgem\u00e4\u00dfe Version einer Ursprungsmythe der australischen Ureinwohner.Das St\u00fcck erz\u00e4hlt, wie der Gott Pisme die Blumen von der Erde genommen hatte, weil die Menschen sich immer wieder untereinander gestritten und dabei die Blumen zertrampelt hatten und er sie ihnen erst wieder zur\u00fcckgab, als sie versprachen, zuk\u00fcnftig miteinander in Frieden zu leben und die Blumen zu achten.\" \/>\n<meta name=\"robots\" content=\"index, follow, max-snippet:-1, max-image-preview:large, max-video-preview:-1\" \/>\n<link rel=\"canonical\" href=\"https:\/\/kinder-spielen-theater.de\/de_de\/produkt\/wie-die-blumen-wieder-auf-die-erde-zurueckkehrten\/\" \/>\n<meta property=\"og:locale\" content=\"de_DE\" \/>\n<meta property=\"og:type\" content=\"article\" \/>\n<meta property=\"og:title\" content=\"Wie die Blumen wieder auf die Erde zur\u00fcckkehrten - Kinder spielen Theater\" \/>\n<meta property=\"og:description\" content=\"Das Theaterst\u00fcck \u201eWie die Blumen wieder auf die Erde zur\u00fcckkehrten\u201c ist eine kindgem\u00e4\u00dfe Version einer Ursprungsmythe der australischen Ureinwohner.Das St\u00fcck erz\u00e4hlt, wie der Gott Pisme die Blumen von der Erde genommen hatte, weil die Menschen sich immer wieder untereinander gestritten und dabei die Blumen zertrampelt hatten und er sie ihnen erst wieder zur\u00fcckgab, als sie versprachen, zuk\u00fcnftig miteinander in Frieden zu leben und die Blumen zu achten.\" \/>\n<meta property=\"og:url\" content=\"https:\/\/kinder-spielen-theater.de\/de_de\/produkt\/wie-die-blumen-wieder-auf-die-erde-zurueckkehrten\/\" \/>\n<meta property=\"og:site_name\" content=\"Kinder spielen Theater\" \/>\n<meta property=\"article:modified_time\" content=\"2022-09-27T06:30:53+00:00\" \/>\n<meta property=\"og:image\" content=\"https:\/\/kinder-spielen-theater.de\/wp-content\/uploads\/2021\/06\/60a-Wie-die-Blumen...-o.k.-page-001.jpg\" \/>\n\t<meta property=\"og:image:width\" content=\"1240\" \/>\n\t<meta property=\"og:image:height\" content=\"1754\" \/>\n\t<meta property=\"og:image:type\" content=\"image\/jpeg\" \/>\n<meta name=\"twitter:card\" content=\"summary_large_image\" \/>\n<meta name=\"twitter:label1\" content=\"Gesch\u00e4tzte Lesezeit\" \/>\n\t<meta name=\"twitter:data1\" content=\"1\u00a0Minute\" \/>\n<script type=\"application\/ld+json\" class=\"yoast-schema-graph\">{\"@context\":\"https:\\\/\\\/schema.org\",\"@graph\":[{\"@type\":\"WebPage\",\"@id\":\"https:\\\/\\\/kinder-spielen-theater.de\\\/produkt\\\/wie-die-blumen-wieder-auf-die-erde-zurueckkehrten\\\/\",\"url\":\"https:\\\/\\\/kinder-spielen-theater.de\\\/produkt\\\/wie-die-blumen-wieder-auf-die-erde-zurueckkehrten\\\/\",\"name\":\"Wie die Blumen wieder auf die Erde zur\u00fcckkehrten - Kinder spielen Theater\",\"isPartOf\":{\"@id\":\"https:\\\/\\\/kinder-spielen-theater.de\\\/#website\"},\"primaryImageOfPage\":{\"@id\":\"https:\\\/\\\/kinder-spielen-theater.de\\\/produkt\\\/wie-die-blumen-wieder-auf-die-erde-zurueckkehrten\\\/#primaryimage\"},\"image\":{\"@id\":\"https:\\\/\\\/kinder-spielen-theater.de\\\/produkt\\\/wie-die-blumen-wieder-auf-die-erde-zurueckkehrten\\\/#primaryimage\"},\"thumbnailUrl\":\"https:\\\/\\\/kinder-spielen-theater.de\\\/wp-content\\\/uploads\\\/2021\\\/06\\\/60a-Wie-die-Blumen...-o.k.-page-001.jpg\",\"datePublished\":\"2021-06-02T15:11:03+00:00\",\"dateModified\":\"2022-09-27T06:30:53+00:00\",\"description\":\"Das Theaterst\u00fcck \u201eWie die Blumen wieder auf die Erde zur\u00fcckkehrten\u201c ist eine kindgem\u00e4\u00dfe Version einer Ursprungsmythe der australischen Ureinwohner.Das St\u00fcck erz\u00e4hlt, wie der Gott Pisme die Blumen von der Erde genommen hatte, weil die Menschen sich immer wieder untereinander gestritten und dabei die Blumen zertrampelt hatten und er sie ihnen erst wieder zur\u00fcckgab, als sie versprachen, zuk\u00fcnftig miteinander in Frieden zu leben und die Blumen zu achten.\",\"breadcrumb\":{\"@id\":\"https:\\\/\\\/kinder-spielen-theater.de\\\/produkt\\\/wie-die-blumen-wieder-auf-die-erde-zurueckkehrten\\\/#breadcrumb\"},\"inLanguage\":\"de\",\"potentialAction\":[{\"@type\":\"ReadAction\",\"target\":[\"https:\\\/\\\/kinder-spielen-theater.de\\\/produkt\\\/wie-die-blumen-wieder-auf-die-erde-zurueckkehrten\\\/\"]}]},{\"@type\":\"ImageObject\",\"inLanguage\":\"de\",\"@id\":\"https:\\\/\\\/kinder-spielen-theater.de\\\/produkt\\\/wie-die-blumen-wieder-auf-die-erde-zurueckkehrten\\\/#primaryimage\",\"url\":\"https:\\\/\\\/kinder-spielen-theater.de\\\/wp-content\\\/uploads\\\/2021\\\/06\\\/60a-Wie-die-Blumen...-o.k.-page-001.jpg\",\"contentUrl\":\"https:\\\/\\\/kinder-spielen-theater.de\\\/wp-content\\\/uploads\\\/2021\\\/06\\\/60a-Wie-die-Blumen...-o.k.-page-001.jpg\",\"width\":1240,\"height\":1754},{\"@type\":\"BreadcrumbList\",\"@id\":\"https:\\\/\\\/kinder-spielen-theater.de\\\/produkt\\\/wie-die-blumen-wieder-auf-die-erde-zurueckkehrten\\\/#breadcrumb\",\"itemListElement\":[{\"@type\":\"ListItem\",\"position\":1,\"name\":\"Startseite\",\"item\":\"https:\\\/\\\/kinder-spielen-theater.de\\\/\"},{\"@type\":\"ListItem\",\"position\":2,\"name\":\"Shop: Theaterst\u00fccke zum Download\",\"item\":\"https:\\\/\\\/kinder-spielen-theater.de\\\/shop\\\/\"},{\"@type\":\"ListItem\",\"position\":3,\"name\":\"Wie die Blumen wieder auf die Erde zur\u00fcckkehrten\"}]},{\"@type\":\"WebSite\",\"@id\":\"https:\\\/\\\/kinder-spielen-theater.de\\\/#website\",\"url\":\"https:\\\/\\\/kinder-spielen-theater.de\\\/\",\"name\":\"Kinder spielen Theater\",\"description\":\"Theaterst\u00fccke f\u00fcr die Grundschule, Haupt- und Realschule, Gesamtschule und Gymnasium, Theaterst\u00fccke f\u00fcr Kinder\",\"potentialAction\":[{\"@type\":\"SearchAction\",\"target\":{\"@type\":\"EntryPoint\",\"urlTemplate\":\"https:\\\/\\\/kinder-spielen-theater.de\\\/?s={search_term_string}\"},\"query-input\":{\"@type\":\"PropertyValueSpecification\",\"valueRequired\":true,\"valueName\":\"search_term_string\"}}],\"inLanguage\":\"de\"}]}<\/script>\n<!-- \/ Yoast SEO plugin. -->","yoast_head_json":{"title":"Wie die Blumen wieder auf die Erde zur\u00fcckkehrten - Kinder spielen Theater","description":"Das Theaterst\u00fcck \u201eWie die Blumen wieder auf die Erde zur\u00fcckkehrten\u201c ist eine kindgem\u00e4\u00dfe Version einer Ursprungsmythe der australischen Ureinwohner.Das St\u00fcck erz\u00e4hlt, wie der Gott Pisme die Blumen von der Erde genommen hatte, weil die Menschen sich immer wieder untereinander gestritten und dabei die Blumen zertrampelt hatten und er sie ihnen erst wieder zur\u00fcckgab, als sie versprachen, zuk\u00fcnftig miteinander in Frieden zu leben und die Blumen zu achten.","robots":{"index":"index","follow":"follow","max-snippet":"max-snippet:-1","max-image-preview":"max-image-preview:large","max-video-preview":"max-video-preview:-1"},"canonical":"https:\/\/kinder-spielen-theater.de\/de_de\/produkt\/wie-die-blumen-wieder-auf-die-erde-zurueckkehrten\/","og_locale":"de_DE","og_type":"article","og_title":"Wie die Blumen wieder auf die Erde zur\u00fcckkehrten - Kinder spielen Theater","og_description":"Das Theaterst\u00fcck \u201eWie die Blumen wieder auf die Erde zur\u00fcckkehrten\u201c ist eine kindgem\u00e4\u00dfe Version einer Ursprungsmythe der australischen Ureinwohner.Das St\u00fcck erz\u00e4hlt, wie der Gott Pisme die Blumen von der Erde genommen hatte, weil die Menschen sich immer wieder untereinander gestritten und dabei die Blumen zertrampelt hatten und er sie ihnen erst wieder zur\u00fcckgab, als sie versprachen, zuk\u00fcnftig miteinander in Frieden zu leben und die Blumen zu achten.","og_url":"https:\/\/kinder-spielen-theater.de\/de_de\/produkt\/wie-die-blumen-wieder-auf-die-erde-zurueckkehrten\/","og_site_name":"Kinder spielen Theater","article_modified_time":"2022-09-27T06:30:53+00:00","og_image":[{"width":1240,"height":1754,"url":"https:\/\/kinder-spielen-theater.de\/wp-content\/uploads\/2021\/06\/60a-Wie-die-Blumen...-o.k.-page-001.jpg","type":"image\/jpeg"}],"twitter_card":"summary_large_image","twitter_misc":{"Gesch\u00e4tzte Lesezeit":"1\u00a0Minute"},"schema":{"@context":"https:\/\/schema.org","@graph":[{"@type":"WebPage","@id":"https:\/\/kinder-spielen-theater.de\/produkt\/wie-die-blumen-wieder-auf-die-erde-zurueckkehrten\/","url":"https:\/\/kinder-spielen-theater.de\/produkt\/wie-die-blumen-wieder-auf-die-erde-zurueckkehrten\/","name":"Wie die Blumen wieder auf die Erde zur\u00fcckkehrten - Kinder spielen Theater","isPartOf":{"@id":"https:\/\/kinder-spielen-theater.de\/#website"},"primaryImageOfPage":{"@id":"https:\/\/kinder-spielen-theater.de\/produkt\/wie-die-blumen-wieder-auf-die-erde-zurueckkehrten\/#primaryimage"},"image":{"@id":"https:\/\/kinder-spielen-theater.de\/produkt\/wie-die-blumen-wieder-auf-die-erde-zurueckkehrten\/#primaryimage"},"thumbnailUrl":"https:\/\/kinder-spielen-theater.de\/wp-content\/uploads\/2021\/06\/60a-Wie-die-Blumen...-o.k.-page-001.jpg","datePublished":"2021-06-02T15:11:03+00:00","dateModified":"2022-09-27T06:30:53+00:00","description":"Das Theaterst\u00fcck \u201eWie die Blumen wieder auf die Erde zur\u00fcckkehrten\u201c ist eine kindgem\u00e4\u00dfe Version einer Ursprungsmythe der australischen Ureinwohner.Das St\u00fcck erz\u00e4hlt, wie der Gott Pisme die Blumen von der Erde genommen hatte, weil die Menschen sich immer wieder untereinander gestritten und dabei die Blumen zertrampelt hatten und er sie ihnen erst wieder zur\u00fcckgab, als sie versprachen, zuk\u00fcnftig miteinander in Frieden zu leben und die Blumen zu achten.","breadcrumb":{"@id":"https:\/\/kinder-spielen-theater.de\/produkt\/wie-die-blumen-wieder-auf-die-erde-zurueckkehrten\/#breadcrumb"},"inLanguage":"de","potentialAction":[{"@type":"ReadAction","target":["https:\/\/kinder-spielen-theater.de\/produkt\/wie-die-blumen-wieder-auf-die-erde-zurueckkehrten\/"]}]},{"@type":"ImageObject","inLanguage":"de","@id":"https:\/\/kinder-spielen-theater.de\/produkt\/wie-die-blumen-wieder-auf-die-erde-zurueckkehrten\/#primaryimage","url":"https:\/\/kinder-spielen-theater.de\/wp-content\/uploads\/2021\/06\/60a-Wie-die-Blumen...-o.k.-page-001.jpg","contentUrl":"https:\/\/kinder-spielen-theater.de\/wp-content\/uploads\/2021\/06\/60a-Wie-die-Blumen...-o.k.-page-001.jpg","width":1240,"height":1754},{"@type":"BreadcrumbList","@id":"https:\/\/kinder-spielen-theater.de\/produkt\/wie-die-blumen-wieder-auf-die-erde-zurueckkehrten\/#breadcrumb","itemListElement":[{"@type":"ListItem","position":1,"name":"Startseite","item":"https:\/\/kinder-spielen-theater.de\/"},{"@type":"ListItem","position":2,"name":"Shop: Theaterst\u00fccke zum Download","item":"https:\/\/kinder-spielen-theater.de\/shop\/"},{"@type":"ListItem","position":3,"name":"Wie die Blumen wieder auf die Erde zur\u00fcckkehrten"}]},{"@type":"WebSite","@id":"https:\/\/kinder-spielen-theater.de\/#website","url":"https:\/\/kinder-spielen-theater.de\/","name":"Kinder spielen Theater","description":"Theaterst\u00fccke f\u00fcr die Grundschule, Haupt- und Realschule, Gesamtschule und Gymnasium, Theaterst\u00fccke f\u00fcr Kinder","potentialAction":[{"@type":"SearchAction","target":{"@type":"EntryPoint","urlTemplate":"https:\/\/kinder-spielen-theater.de\/?s={search_term_string}"},"query-input":{"@type":"PropertyValueSpecification","valueRequired":true,"valueName":"search_term_string"}}],"inLanguage":"de"}]}},"_links":{"self":[{"href":"https:\/\/kinder-spielen-theater.de\/de_de\/wp-json\/wp\/v2\/product\/390","targetHints":{"allow":["GET"]}}],"collection":[{"href":"https:\/\/kinder-spielen-theater.de\/de_de\/wp-json\/wp\/v2\/product"}],"about":[{"href":"https:\/\/kinder-spielen-theater.de\/de_de\/wp-json\/wp\/v2\/types\/product"}],"replies":[{"embeddable":true,"href":"https:\/\/kinder-spielen-theater.de\/de_de\/wp-json\/wp\/v2\/comments?post=390"}],"wp:featuredmedia":[{"embeddable":true,"href":"https:\/\/kinder-spielen-theater.de\/de_de\/wp-json\/wp\/v2\/media\/678"}],"wp:attachment":[{"href":"https:\/\/kinder-spielen-theater.de\/de_de\/wp-json\/wp\/v2\/media?parent=390"}],"wp:term":[{"taxonomy":"product_brand","embeddable":true,"href":"https:\/\/kinder-spielen-theater.de\/de_de\/wp-json\/wp\/v2\/product_brand?post=390"},{"taxonomy":"product_cat","embeddable":true,"href":"https:\/\/kinder-spielen-theater.de\/de_de\/wp-json\/wp\/v2\/product_cat?post=390"},{"taxonomy":"product_tag","embeddable":true,"href":"https:\/\/kinder-spielen-theater.de\/de_de\/wp-json\/wp\/v2\/product_tag?post=390"}],"curies":[{"name":"wp","href":"https:\/\/api.w.org\/{rel}","templated":true}]}}