{"id":380,"date":"2021-06-02T15:00:05","date_gmt":"2021-06-02T15:00:05","guid":{"rendered":"https:\/\/kinder-spielen-theater.de\/?post_type=product&#038;p=380"},"modified":"2022-09-26T18:49:50","modified_gmt":"2022-09-26T18:49:50","slug":"der-traum","status":"publish","type":"product","link":"https:\/\/kinder-spielen-theater.de\/de_de\/produkt\/der-traum\/","title":{"rendered":"Der Traum"},"content":{"rendered":"<p><span style=\"font-size: 18pt;\"><strong>Inhalt<\/strong><\/span><br \/>\nDieses Theaterst\u00fcck erz\u00e4hlt eine \u201eGeschichte vom kleinen Igel und der kleinen Igelin\u201c(s.u.).<br \/>\nDie kleine Igelin erz\u00e4hlt dem kleinen Igel, wie sie in einem Traum mit einem Ballon bis \u00fcber die Wolken geflogen ist. In dieser Geschichte wollen sich die beiden kleinen Igel deshalb einen richtigen Ballon bauen, um zu versuchen, mit ihm wirklich bis \u00fcber die Wolken zu steigen. Die kleine Igelin hofft, auch noch weiter, sogar bis in den Himmel fliegen zu k\u00f6nnen.<\/p>\n<p><span style=\"font-size: 18pt;\"><strong>Rollenzahl und Spieldauer<\/strong> <\/span><br \/>\nDas St\u00fcck enth\u00e4lt 9 verschiedene Rollen.<br \/>\nDiese Zahl kann durch Hinzunahme von zus\u00e4tzlichen \u201eTieren\u201c in den einzelnen Szenen vergr\u00f6\u00dfert (Rollen ohne Sprechtext) werden.<br \/>\nDie Auff\u00fchrungszeit betr\u00e4gt ca. 20 Minuten.<\/p>\n<p><span style=\"font-size: 18pt;\"><strong>Textumfang<\/strong> <\/span><br \/>\nRollentext 5 Seiten, insgesamt 34 Seiten<\/p>\n<p><span style=\"font-size: 18pt;\"><strong>Musik<\/strong> <\/span><br \/>\nZus\u00e4tzlich zum Rollentext und den Lehrerhinweisen sind noch 7 Musik-Dateien im mp3-Format enthalten.<\/p>\n<p><a href=\"https:\/\/kinder-spielen-theater.de\/wp-content\/uploads\/2021\/06\/24-Der-Traum-Leseprobe-Adobe.pdf\"><span style=\"font-size: 18pt;\">Leseprobe<\/span><\/a><\/p>\n","protected":false},"excerpt":{"rendered":"<p>Inhalt Dieses Theaterst\u00fcck erz\u00e4hlt eine \u201eGeschichte vom kleinen Igel und der kleinen Igelin\u201c(s.u.). Die kleine Igelin erz\u00e4hlt dem kleinen Igel, wie sie in einem Traum mit einem Ballon bis \u00fcber die Wolken geflogen ist. In dieser Geschichte wollen sich die beiden kleinen Igel deshalb einen richtigen Ballon bauen, um zu versuchen, mit ihm wirklich bis [&hellip;]<\/p>\n","protected":false},"featured_media":672,"comment_status":"open","ping_status":"closed","template":"","meta":[],"product_brand":[],"product_cat":[30],"product_tag":[],"class_list":{"0":"post-380","1":"product","2":"type-product","3":"status-publish","4":"has-post-thumbnail","6":"product_cat-igelgeschichten","8":"first","9":"instock","10":"sale","11":"downloadable","12":"virtual","13":"purchasable","14":"product-type-simple"},"yoast_head":"<!-- This site is optimized with the Yoast SEO plugin v27.3 - https:\/\/yoast.com\/product\/yoast-seo-wordpress\/ -->\n<title>Der Traum - Kinder spielen Theater<\/title>\n<meta name=\"description\" content=\"Dieses Theaterst\u00fcck erz\u00e4hlt eine \u201eGeschichte vom kleinen Igel und der kleinen Igelin\u201c(s.u.).Die kleine Igelin erz\u00e4hlt dem kleinen Igel, wie sie in einem Traum mit einem Ballon bis \u00fcber die Wolken geflogen ist. In dieser Geschichte wollen sich die beiden kleinen Igel deshalb einen richtigen Ballon bauen, um zu versuchen, mit ihm wirklich bis \u00fcber die Wolken zu steigen. Die kleine Igelin hofft, auch noch weiter, sogar bis in den Himmel fliegen zu k\u00f6nnen.\" \/>\n<meta name=\"robots\" content=\"index, follow, max-snippet:-1, max-image-preview:large, max-video-preview:-1\" \/>\n<link rel=\"canonical\" href=\"https:\/\/kinder-spielen-theater.de\/de_de\/produkt\/der-traum\/\" \/>\n<meta property=\"og:locale\" content=\"de_DE\" \/>\n<meta property=\"og:type\" content=\"article\" \/>\n<meta property=\"og:title\" content=\"Der Traum - Kinder spielen Theater\" \/>\n<meta property=\"og:description\" content=\"Dieses Theaterst\u00fcck erz\u00e4hlt eine \u201eGeschichte vom kleinen Igel und der kleinen Igelin\u201c(s.u.).Die kleine Igelin erz\u00e4hlt dem kleinen Igel, wie sie in einem Traum mit einem Ballon bis \u00fcber die Wolken geflogen ist. In dieser Geschichte wollen sich die beiden kleinen Igel deshalb einen richtigen Ballon bauen, um zu versuchen, mit ihm wirklich bis \u00fcber die Wolken zu steigen. Die kleine Igelin hofft, auch noch weiter, sogar bis in den Himmel fliegen zu k\u00f6nnen.\" \/>\n<meta property=\"og:url\" content=\"https:\/\/kinder-spielen-theater.de\/de_de\/produkt\/der-traum\/\" \/>\n<meta property=\"og:site_name\" content=\"Kinder spielen Theater\" \/>\n<meta property=\"article:modified_time\" content=\"2022-09-26T18:49:50+00:00\" \/>\n<meta property=\"og:image\" content=\"https:\/\/kinder-spielen-theater.de\/wp-content\/uploads\/2021\/06\/24-Der-Traum-o.k.-page-001.jpg\" \/>\n\t<meta property=\"og:image:width\" content=\"1240\" \/>\n\t<meta property=\"og:image:height\" content=\"1754\" \/>\n\t<meta property=\"og:image:type\" content=\"image\/jpeg\" \/>\n<meta name=\"twitter:card\" content=\"summary_large_image\" \/>\n<meta name=\"twitter:label1\" content=\"Gesch\u00e4tzte Lesezeit\" \/>\n\t<meta name=\"twitter:data1\" content=\"1\u00a0Minute\" \/>\n<script type=\"application\/ld+json\" class=\"yoast-schema-graph\">{\"@context\":\"https:\\\/\\\/schema.org\",\"@graph\":[{\"@type\":\"WebPage\",\"@id\":\"https:\\\/\\\/kinder-spielen-theater.de\\\/produkt\\\/der-traum\\\/\",\"url\":\"https:\\\/\\\/kinder-spielen-theater.de\\\/produkt\\\/der-traum\\\/\",\"name\":\"Der Traum - Kinder spielen Theater\",\"isPartOf\":{\"@id\":\"https:\\\/\\\/kinder-spielen-theater.de\\\/#website\"},\"primaryImageOfPage\":{\"@id\":\"https:\\\/\\\/kinder-spielen-theater.de\\\/produkt\\\/der-traum\\\/#primaryimage\"},\"image\":{\"@id\":\"https:\\\/\\\/kinder-spielen-theater.de\\\/produkt\\\/der-traum\\\/#primaryimage\"},\"thumbnailUrl\":\"https:\\\/\\\/kinder-spielen-theater.de\\\/wp-content\\\/uploads\\\/2021\\\/06\\\/24-Der-Traum-o.k.-page-001.jpg\",\"datePublished\":\"2021-06-02T15:00:05+00:00\",\"dateModified\":\"2022-09-26T18:49:50+00:00\",\"description\":\"Dieses Theaterst\u00fcck erz\u00e4hlt eine \u201eGeschichte vom kleinen Igel und der kleinen Igelin\u201c(s.u.).Die kleine Igelin erz\u00e4hlt dem kleinen Igel, wie sie in einem Traum mit einem Ballon bis \u00fcber die Wolken geflogen ist. In dieser Geschichte wollen sich die beiden kleinen Igel deshalb einen richtigen Ballon bauen, um zu versuchen, mit ihm wirklich bis \u00fcber die Wolken zu steigen. Die kleine Igelin hofft, auch noch weiter, sogar bis in den Himmel fliegen zu k\u00f6nnen.\",\"breadcrumb\":{\"@id\":\"https:\\\/\\\/kinder-spielen-theater.de\\\/produkt\\\/der-traum\\\/#breadcrumb\"},\"inLanguage\":\"de\",\"potentialAction\":[{\"@type\":\"ReadAction\",\"target\":[\"https:\\\/\\\/kinder-spielen-theater.de\\\/produkt\\\/der-traum\\\/\"]}]},{\"@type\":\"ImageObject\",\"inLanguage\":\"de\",\"@id\":\"https:\\\/\\\/kinder-spielen-theater.de\\\/produkt\\\/der-traum\\\/#primaryimage\",\"url\":\"https:\\\/\\\/kinder-spielen-theater.de\\\/wp-content\\\/uploads\\\/2021\\\/06\\\/24-Der-Traum-o.k.-page-001.jpg\",\"contentUrl\":\"https:\\\/\\\/kinder-spielen-theater.de\\\/wp-content\\\/uploads\\\/2021\\\/06\\\/24-Der-Traum-o.k.-page-001.jpg\",\"width\":1240,\"height\":1754},{\"@type\":\"BreadcrumbList\",\"@id\":\"https:\\\/\\\/kinder-spielen-theater.de\\\/produkt\\\/der-traum\\\/#breadcrumb\",\"itemListElement\":[{\"@type\":\"ListItem\",\"position\":1,\"name\":\"Startseite\",\"item\":\"https:\\\/\\\/kinder-spielen-theater.de\\\/\"},{\"@type\":\"ListItem\",\"position\":2,\"name\":\"Shop: Theaterst\u00fccke zum Download\",\"item\":\"https:\\\/\\\/kinder-spielen-theater.de\\\/shop\\\/\"},{\"@type\":\"ListItem\",\"position\":3,\"name\":\"Der Traum\"}]},{\"@type\":\"WebSite\",\"@id\":\"https:\\\/\\\/kinder-spielen-theater.de\\\/#website\",\"url\":\"https:\\\/\\\/kinder-spielen-theater.de\\\/\",\"name\":\"Kinder spielen Theater\",\"description\":\"Theaterst\u00fccke f\u00fcr die Grundschule, Haupt- und Realschule, Gesamtschule und Gymnasium, Theaterst\u00fccke f\u00fcr Kinder\",\"potentialAction\":[{\"@type\":\"SearchAction\",\"target\":{\"@type\":\"EntryPoint\",\"urlTemplate\":\"https:\\\/\\\/kinder-spielen-theater.de\\\/?s={search_term_string}\"},\"query-input\":{\"@type\":\"PropertyValueSpecification\",\"valueRequired\":true,\"valueName\":\"search_term_string\"}}],\"inLanguage\":\"de\"}]}<\/script>\n<!-- \/ Yoast SEO plugin. -->","yoast_head_json":{"title":"Der Traum - Kinder spielen Theater","description":"Dieses Theaterst\u00fcck erz\u00e4hlt eine \u201eGeschichte vom kleinen Igel und der kleinen Igelin\u201c(s.u.).Die kleine Igelin erz\u00e4hlt dem kleinen Igel, wie sie in einem Traum mit einem Ballon bis \u00fcber die Wolken geflogen ist. In dieser Geschichte wollen sich die beiden kleinen Igel deshalb einen richtigen Ballon bauen, um zu versuchen, mit ihm wirklich bis \u00fcber die Wolken zu steigen. Die kleine Igelin hofft, auch noch weiter, sogar bis in den Himmel fliegen zu k\u00f6nnen.","robots":{"index":"index","follow":"follow","max-snippet":"max-snippet:-1","max-image-preview":"max-image-preview:large","max-video-preview":"max-video-preview:-1"},"canonical":"https:\/\/kinder-spielen-theater.de\/de_de\/produkt\/der-traum\/","og_locale":"de_DE","og_type":"article","og_title":"Der Traum - Kinder spielen Theater","og_description":"Dieses Theaterst\u00fcck erz\u00e4hlt eine \u201eGeschichte vom kleinen Igel und der kleinen Igelin\u201c(s.u.).Die kleine Igelin erz\u00e4hlt dem kleinen Igel, wie sie in einem Traum mit einem Ballon bis \u00fcber die Wolken geflogen ist. In dieser Geschichte wollen sich die beiden kleinen Igel deshalb einen richtigen Ballon bauen, um zu versuchen, mit ihm wirklich bis \u00fcber die Wolken zu steigen. Die kleine Igelin hofft, auch noch weiter, sogar bis in den Himmel fliegen zu k\u00f6nnen.","og_url":"https:\/\/kinder-spielen-theater.de\/de_de\/produkt\/der-traum\/","og_site_name":"Kinder spielen Theater","article_modified_time":"2022-09-26T18:49:50+00:00","og_image":[{"width":1240,"height":1754,"url":"https:\/\/kinder-spielen-theater.de\/wp-content\/uploads\/2021\/06\/24-Der-Traum-o.k.-page-001.jpg","type":"image\/jpeg"}],"twitter_card":"summary_large_image","twitter_misc":{"Gesch\u00e4tzte Lesezeit":"1\u00a0Minute"},"schema":{"@context":"https:\/\/schema.org","@graph":[{"@type":"WebPage","@id":"https:\/\/kinder-spielen-theater.de\/produkt\/der-traum\/","url":"https:\/\/kinder-spielen-theater.de\/produkt\/der-traum\/","name":"Der Traum - Kinder spielen Theater","isPartOf":{"@id":"https:\/\/kinder-spielen-theater.de\/#website"},"primaryImageOfPage":{"@id":"https:\/\/kinder-spielen-theater.de\/produkt\/der-traum\/#primaryimage"},"image":{"@id":"https:\/\/kinder-spielen-theater.de\/produkt\/der-traum\/#primaryimage"},"thumbnailUrl":"https:\/\/kinder-spielen-theater.de\/wp-content\/uploads\/2021\/06\/24-Der-Traum-o.k.-page-001.jpg","datePublished":"2021-06-02T15:00:05+00:00","dateModified":"2022-09-26T18:49:50+00:00","description":"Dieses Theaterst\u00fcck erz\u00e4hlt eine \u201eGeschichte vom kleinen Igel und der kleinen Igelin\u201c(s.u.).Die kleine Igelin erz\u00e4hlt dem kleinen Igel, wie sie in einem Traum mit einem Ballon bis \u00fcber die Wolken geflogen ist. In dieser Geschichte wollen sich die beiden kleinen Igel deshalb einen richtigen Ballon bauen, um zu versuchen, mit ihm wirklich bis \u00fcber die Wolken zu steigen. Die kleine Igelin hofft, auch noch weiter, sogar bis in den Himmel fliegen zu k\u00f6nnen.","breadcrumb":{"@id":"https:\/\/kinder-spielen-theater.de\/produkt\/der-traum\/#breadcrumb"},"inLanguage":"de","potentialAction":[{"@type":"ReadAction","target":["https:\/\/kinder-spielen-theater.de\/produkt\/der-traum\/"]}]},{"@type":"ImageObject","inLanguage":"de","@id":"https:\/\/kinder-spielen-theater.de\/produkt\/der-traum\/#primaryimage","url":"https:\/\/kinder-spielen-theater.de\/wp-content\/uploads\/2021\/06\/24-Der-Traum-o.k.-page-001.jpg","contentUrl":"https:\/\/kinder-spielen-theater.de\/wp-content\/uploads\/2021\/06\/24-Der-Traum-o.k.-page-001.jpg","width":1240,"height":1754},{"@type":"BreadcrumbList","@id":"https:\/\/kinder-spielen-theater.de\/produkt\/der-traum\/#breadcrumb","itemListElement":[{"@type":"ListItem","position":1,"name":"Startseite","item":"https:\/\/kinder-spielen-theater.de\/"},{"@type":"ListItem","position":2,"name":"Shop: Theaterst\u00fccke zum Download","item":"https:\/\/kinder-spielen-theater.de\/shop\/"},{"@type":"ListItem","position":3,"name":"Der Traum"}]},{"@type":"WebSite","@id":"https:\/\/kinder-spielen-theater.de\/#website","url":"https:\/\/kinder-spielen-theater.de\/","name":"Kinder spielen Theater","description":"Theaterst\u00fccke f\u00fcr die Grundschule, Haupt- und Realschule, Gesamtschule und Gymnasium, Theaterst\u00fccke f\u00fcr Kinder","potentialAction":[{"@type":"SearchAction","target":{"@type":"EntryPoint","urlTemplate":"https:\/\/kinder-spielen-theater.de\/?s={search_term_string}"},"query-input":{"@type":"PropertyValueSpecification","valueRequired":true,"valueName":"search_term_string"}}],"inLanguage":"de"}]}},"_links":{"self":[{"href":"https:\/\/kinder-spielen-theater.de\/de_de\/wp-json\/wp\/v2\/product\/380","targetHints":{"allow":["GET"]}}],"collection":[{"href":"https:\/\/kinder-spielen-theater.de\/de_de\/wp-json\/wp\/v2\/product"}],"about":[{"href":"https:\/\/kinder-spielen-theater.de\/de_de\/wp-json\/wp\/v2\/types\/product"}],"replies":[{"embeddable":true,"href":"https:\/\/kinder-spielen-theater.de\/de_de\/wp-json\/wp\/v2\/comments?post=380"}],"wp:featuredmedia":[{"embeddable":true,"href":"https:\/\/kinder-spielen-theater.de\/de_de\/wp-json\/wp\/v2\/media\/672"}],"wp:attachment":[{"href":"https:\/\/kinder-spielen-theater.de\/de_de\/wp-json\/wp\/v2\/media?parent=380"}],"wp:term":[{"taxonomy":"product_brand","embeddable":true,"href":"https:\/\/kinder-spielen-theater.de\/de_de\/wp-json\/wp\/v2\/product_brand?post=380"},{"taxonomy":"product_cat","embeddable":true,"href":"https:\/\/kinder-spielen-theater.de\/de_de\/wp-json\/wp\/v2\/product_cat?post=380"},{"taxonomy":"product_tag","embeddable":true,"href":"https:\/\/kinder-spielen-theater.de\/de_de\/wp-json\/wp\/v2\/product_tag?post=380"}],"curies":[{"name":"wp","href":"https:\/\/api.w.org\/{rel}","templated":true}]}}