{"id":375,"date":"2021-06-02T14:44:52","date_gmt":"2021-06-02T14:44:52","guid":{"rendered":"https:\/\/kinder-spielen-theater.de\/?post_type=product&#038;p=375"},"modified":"2022-09-26T18:51:40","modified_gmt":"2022-09-26T18:51:40","slug":"der-teich","status":"publish","type":"product","link":"https:\/\/kinder-spielen-theater.de\/de_de\/produkt\/der-teich\/","title":{"rendered":"Der Teich"},"content":{"rendered":"<p><span style=\"font-size: 18pt;\"><strong>Inhalt<\/strong> <\/span><br \/>\nDieses Theaterst\u00fcck erz\u00e4hlt eine \u201eGeschichte vom kleinen Igel und der kleinen Igelin\u201c(s.u.).<br \/>\nIn dieser Geschichte versuchen der kleine Igel und die kleine Igelin herauszufinden, ob die Fische k\u00fcssen. Bei diesem Versuch ergeben sich gro\u00dfe Kommunikationsprobleme, da die Fische in einem anderen Element leben.<br \/>\nDie Geschichte kann interpretiert werden als eine Darstellung der Kommunikationsprobleme zwischen Menschen verschiedener Kulturen, die aber, bei gutem Willen auf beiden Seiten, gel\u00f6st werden k\u00f6nnen.<\/p>\n<p><span style=\"font-size: 18pt;\"><strong>Rollenzahl und Spieldauer<\/strong> <\/span><br \/>\nDas St\u00fcck enth\u00e4lt in der vorliegenden Fassung 9 Rollen.<br \/>\nDurch Hinzunahme von zus\u00e4tzlichen \u201eFischen\u201c (Rollen ohne Sprechtext) kann die Zahl vergr\u00f6\u00dfert werden.<br \/>\nDie Auff\u00fchrungszeit betr\u00e4gt ca. 20 Minuten.<\/p>\n<p><span style=\"font-size: 18pt;\"><strong>Textumfang<\/strong> <\/span><br \/>\nRollentext 7 Seiten, insgesamt 28 Seiten<\/p>\n<p><span style=\"font-size: 18pt;\"><a href=\"https:\/\/kinder-spielen-theater.de\/wp-content\/uploads\/2021\/06\/23-Der-Teich-Leseprobe-Adobe.pdf\">Leseprobe<\/a><\/span><\/p>\n","protected":false},"excerpt":{"rendered":"<p>Inhalt Dieses Theaterst\u00fcck erz\u00e4hlt eine \u201eGeschichte vom kleinen Igel und der kleinen Igelin\u201c(s.u.). In dieser Geschichte versuchen der kleine Igel und die kleine Igelin herauszufinden, ob die Fische k\u00fcssen. Bei diesem Versuch ergeben sich gro\u00dfe Kommunikationsprobleme, da die Fische in einem anderen Element leben. Die Geschichte kann interpretiert werden als eine Darstellung der Kommunikationsprobleme zwischen [&hellip;]<\/p>\n","protected":false},"featured_media":674,"comment_status":"open","ping_status":"closed","template":"","meta":[],"product_brand":[],"product_cat":[30,44],"product_tag":[],"class_list":{"0":"post-375","1":"product","2":"type-product","3":"status-publish","4":"has-post-thumbnail","6":"product_cat-igelgeschichten","7":"product_cat-gewaltlosigkeit","9":"first","10":"instock","11":"sale","12":"downloadable","13":"virtual","14":"purchasable","15":"product-type-simple"},"yoast_head":"<!-- This site is optimized with the Yoast SEO plugin v27.3 - https:\/\/yoast.com\/product\/yoast-seo-wordpress\/ -->\n<title>Der Teich - Kinder spielen Theater<\/title>\n<meta name=\"description\" content=\"Dieses Theaterst\u00fcck erz\u00e4hlt eine \u201eGeschichte vom kleinen Igel und der kleinen Igelin\u201c(s.u.).In dieser Geschichte versuchen der kleine Igel und die kleine Igelin herauszufinden, ob die Fische k\u00fcssen. Bei diesem Versuch ergeben sich gro\u00dfe Kommunikationsprobleme, da die Fische in einem anderen Element leben.Die Geschichte kann interpretiert werden als eine Darstellung der Kommunikationsprobleme zwischen Menschen verschiedener Kulturen, die aber, bei gutem Willen auf beiden Seiten, gel\u00f6st werden k\u00f6nnen.\" \/>\n<meta name=\"robots\" content=\"index, follow, max-snippet:-1, max-image-preview:large, max-video-preview:-1\" \/>\n<link rel=\"canonical\" href=\"https:\/\/kinder-spielen-theater.de\/de_de\/produkt\/der-teich\/\" \/>\n<meta property=\"og:locale\" content=\"de_DE\" \/>\n<meta property=\"og:type\" content=\"article\" \/>\n<meta property=\"og:title\" content=\"Der Teich - Kinder spielen Theater\" \/>\n<meta property=\"og:description\" content=\"Dieses Theaterst\u00fcck erz\u00e4hlt eine \u201eGeschichte vom kleinen Igel und der kleinen Igelin\u201c(s.u.).In dieser Geschichte versuchen der kleine Igel und die kleine Igelin herauszufinden, ob die Fische k\u00fcssen. Bei diesem Versuch ergeben sich gro\u00dfe Kommunikationsprobleme, da die Fische in einem anderen Element leben.Die Geschichte kann interpretiert werden als eine Darstellung der Kommunikationsprobleme zwischen Menschen verschiedener Kulturen, die aber, bei gutem Willen auf beiden Seiten, gel\u00f6st werden k\u00f6nnen.\" \/>\n<meta property=\"og:url\" content=\"https:\/\/kinder-spielen-theater.de\/de_de\/produkt\/der-teich\/\" \/>\n<meta property=\"og:site_name\" content=\"Kinder spielen Theater\" \/>\n<meta property=\"article:modified_time\" content=\"2022-09-26T18:51:40+00:00\" \/>\n<meta property=\"og:image\" content=\"https:\/\/kinder-spielen-theater.de\/wp-content\/uploads\/2021\/06\/23-Der-Teich-o.k.-page-001.jpg\" \/>\n\t<meta property=\"og:image:width\" content=\"1240\" \/>\n\t<meta property=\"og:image:height\" content=\"1754\" \/>\n\t<meta property=\"og:image:type\" content=\"image\/jpeg\" \/>\n<meta name=\"twitter:card\" content=\"summary_large_image\" \/>\n<meta name=\"twitter:label1\" content=\"Gesch\u00e4tzte Lesezeit\" \/>\n\t<meta name=\"twitter:data1\" content=\"1\u00a0Minute\" \/>\n<script type=\"application\/ld+json\" class=\"yoast-schema-graph\">{\"@context\":\"https:\\\/\\\/schema.org\",\"@graph\":[{\"@type\":\"WebPage\",\"@id\":\"https:\\\/\\\/kinder-spielen-theater.de\\\/produkt\\\/der-teich\\\/\",\"url\":\"https:\\\/\\\/kinder-spielen-theater.de\\\/produkt\\\/der-teich\\\/\",\"name\":\"Der Teich - Kinder spielen Theater\",\"isPartOf\":{\"@id\":\"https:\\\/\\\/kinder-spielen-theater.de\\\/#website\"},\"primaryImageOfPage\":{\"@id\":\"https:\\\/\\\/kinder-spielen-theater.de\\\/produkt\\\/der-teich\\\/#primaryimage\"},\"image\":{\"@id\":\"https:\\\/\\\/kinder-spielen-theater.de\\\/produkt\\\/der-teich\\\/#primaryimage\"},\"thumbnailUrl\":\"https:\\\/\\\/kinder-spielen-theater.de\\\/wp-content\\\/uploads\\\/2021\\\/06\\\/23-Der-Teich-o.k.-page-001.jpg\",\"datePublished\":\"2021-06-02T14:44:52+00:00\",\"dateModified\":\"2022-09-26T18:51:40+00:00\",\"description\":\"Dieses Theaterst\u00fcck erz\u00e4hlt eine \u201eGeschichte vom kleinen Igel und der kleinen Igelin\u201c(s.u.).In dieser Geschichte versuchen der kleine Igel und die kleine Igelin herauszufinden, ob die Fische k\u00fcssen. Bei diesem Versuch ergeben sich gro\u00dfe Kommunikationsprobleme, da die Fische in einem anderen Element leben.Die Geschichte kann interpretiert werden als eine Darstellung der Kommunikationsprobleme zwischen Menschen verschiedener Kulturen, die aber, bei gutem Willen auf beiden Seiten, gel\u00f6st werden k\u00f6nnen.\",\"breadcrumb\":{\"@id\":\"https:\\\/\\\/kinder-spielen-theater.de\\\/produkt\\\/der-teich\\\/#breadcrumb\"},\"inLanguage\":\"de\",\"potentialAction\":[{\"@type\":\"ReadAction\",\"target\":[\"https:\\\/\\\/kinder-spielen-theater.de\\\/produkt\\\/der-teich\\\/\"]}]},{\"@type\":\"ImageObject\",\"inLanguage\":\"de\",\"@id\":\"https:\\\/\\\/kinder-spielen-theater.de\\\/produkt\\\/der-teich\\\/#primaryimage\",\"url\":\"https:\\\/\\\/kinder-spielen-theater.de\\\/wp-content\\\/uploads\\\/2021\\\/06\\\/23-Der-Teich-o.k.-page-001.jpg\",\"contentUrl\":\"https:\\\/\\\/kinder-spielen-theater.de\\\/wp-content\\\/uploads\\\/2021\\\/06\\\/23-Der-Teich-o.k.-page-001.jpg\",\"width\":1240,\"height\":1754},{\"@type\":\"BreadcrumbList\",\"@id\":\"https:\\\/\\\/kinder-spielen-theater.de\\\/produkt\\\/der-teich\\\/#breadcrumb\",\"itemListElement\":[{\"@type\":\"ListItem\",\"position\":1,\"name\":\"Startseite\",\"item\":\"https:\\\/\\\/kinder-spielen-theater.de\\\/\"},{\"@type\":\"ListItem\",\"position\":2,\"name\":\"Shop: Theaterst\u00fccke zum Download\",\"item\":\"https:\\\/\\\/kinder-spielen-theater.de\\\/shop\\\/\"},{\"@type\":\"ListItem\",\"position\":3,\"name\":\"Der Teich\"}]},{\"@type\":\"WebSite\",\"@id\":\"https:\\\/\\\/kinder-spielen-theater.de\\\/#website\",\"url\":\"https:\\\/\\\/kinder-spielen-theater.de\\\/\",\"name\":\"Kinder spielen Theater\",\"description\":\"Theaterst\u00fccke f\u00fcr die Grundschule, Haupt- und Realschule, Gesamtschule und Gymnasium, Theaterst\u00fccke f\u00fcr Kinder\",\"potentialAction\":[{\"@type\":\"SearchAction\",\"target\":{\"@type\":\"EntryPoint\",\"urlTemplate\":\"https:\\\/\\\/kinder-spielen-theater.de\\\/?s={search_term_string}\"},\"query-input\":{\"@type\":\"PropertyValueSpecification\",\"valueRequired\":true,\"valueName\":\"search_term_string\"}}],\"inLanguage\":\"de\"}]}<\/script>\n<!-- \/ Yoast SEO plugin. -->","yoast_head_json":{"title":"Der Teich - Kinder spielen Theater","description":"Dieses Theaterst\u00fcck erz\u00e4hlt eine \u201eGeschichte vom kleinen Igel und der kleinen Igelin\u201c(s.u.).In dieser Geschichte versuchen der kleine Igel und die kleine Igelin herauszufinden, ob die Fische k\u00fcssen. Bei diesem Versuch ergeben sich gro\u00dfe Kommunikationsprobleme, da die Fische in einem anderen Element leben.Die Geschichte kann interpretiert werden als eine Darstellung der Kommunikationsprobleme zwischen Menschen verschiedener Kulturen, die aber, bei gutem Willen auf beiden Seiten, gel\u00f6st werden k\u00f6nnen.","robots":{"index":"index","follow":"follow","max-snippet":"max-snippet:-1","max-image-preview":"max-image-preview:large","max-video-preview":"max-video-preview:-1"},"canonical":"https:\/\/kinder-spielen-theater.de\/de_de\/produkt\/der-teich\/","og_locale":"de_DE","og_type":"article","og_title":"Der Teich - Kinder spielen Theater","og_description":"Dieses Theaterst\u00fcck erz\u00e4hlt eine \u201eGeschichte vom kleinen Igel und der kleinen Igelin\u201c(s.u.).In dieser Geschichte versuchen der kleine Igel und die kleine Igelin herauszufinden, ob die Fische k\u00fcssen. Bei diesem Versuch ergeben sich gro\u00dfe Kommunikationsprobleme, da die Fische in einem anderen Element leben.Die Geschichte kann interpretiert werden als eine Darstellung der Kommunikationsprobleme zwischen Menschen verschiedener Kulturen, die aber, bei gutem Willen auf beiden Seiten, gel\u00f6st werden k\u00f6nnen.","og_url":"https:\/\/kinder-spielen-theater.de\/de_de\/produkt\/der-teich\/","og_site_name":"Kinder spielen Theater","article_modified_time":"2022-09-26T18:51:40+00:00","og_image":[{"width":1240,"height":1754,"url":"https:\/\/kinder-spielen-theater.de\/wp-content\/uploads\/2021\/06\/23-Der-Teich-o.k.-page-001.jpg","type":"image\/jpeg"}],"twitter_card":"summary_large_image","twitter_misc":{"Gesch\u00e4tzte Lesezeit":"1\u00a0Minute"},"schema":{"@context":"https:\/\/schema.org","@graph":[{"@type":"WebPage","@id":"https:\/\/kinder-spielen-theater.de\/produkt\/der-teich\/","url":"https:\/\/kinder-spielen-theater.de\/produkt\/der-teich\/","name":"Der Teich - Kinder spielen Theater","isPartOf":{"@id":"https:\/\/kinder-spielen-theater.de\/#website"},"primaryImageOfPage":{"@id":"https:\/\/kinder-spielen-theater.de\/produkt\/der-teich\/#primaryimage"},"image":{"@id":"https:\/\/kinder-spielen-theater.de\/produkt\/der-teich\/#primaryimage"},"thumbnailUrl":"https:\/\/kinder-spielen-theater.de\/wp-content\/uploads\/2021\/06\/23-Der-Teich-o.k.-page-001.jpg","datePublished":"2021-06-02T14:44:52+00:00","dateModified":"2022-09-26T18:51:40+00:00","description":"Dieses Theaterst\u00fcck erz\u00e4hlt eine \u201eGeschichte vom kleinen Igel und der kleinen Igelin\u201c(s.u.).In dieser Geschichte versuchen der kleine Igel und die kleine Igelin herauszufinden, ob die Fische k\u00fcssen. Bei diesem Versuch ergeben sich gro\u00dfe Kommunikationsprobleme, da die Fische in einem anderen Element leben.Die Geschichte kann interpretiert werden als eine Darstellung der Kommunikationsprobleme zwischen Menschen verschiedener Kulturen, die aber, bei gutem Willen auf beiden Seiten, gel\u00f6st werden k\u00f6nnen.","breadcrumb":{"@id":"https:\/\/kinder-spielen-theater.de\/produkt\/der-teich\/#breadcrumb"},"inLanguage":"de","potentialAction":[{"@type":"ReadAction","target":["https:\/\/kinder-spielen-theater.de\/produkt\/der-teich\/"]}]},{"@type":"ImageObject","inLanguage":"de","@id":"https:\/\/kinder-spielen-theater.de\/produkt\/der-teich\/#primaryimage","url":"https:\/\/kinder-spielen-theater.de\/wp-content\/uploads\/2021\/06\/23-Der-Teich-o.k.-page-001.jpg","contentUrl":"https:\/\/kinder-spielen-theater.de\/wp-content\/uploads\/2021\/06\/23-Der-Teich-o.k.-page-001.jpg","width":1240,"height":1754},{"@type":"BreadcrumbList","@id":"https:\/\/kinder-spielen-theater.de\/produkt\/der-teich\/#breadcrumb","itemListElement":[{"@type":"ListItem","position":1,"name":"Startseite","item":"https:\/\/kinder-spielen-theater.de\/"},{"@type":"ListItem","position":2,"name":"Shop: Theaterst\u00fccke zum Download","item":"https:\/\/kinder-spielen-theater.de\/shop\/"},{"@type":"ListItem","position":3,"name":"Der Teich"}]},{"@type":"WebSite","@id":"https:\/\/kinder-spielen-theater.de\/#website","url":"https:\/\/kinder-spielen-theater.de\/","name":"Kinder spielen Theater","description":"Theaterst\u00fccke f\u00fcr die Grundschule, Haupt- und Realschule, Gesamtschule und Gymnasium, Theaterst\u00fccke f\u00fcr Kinder","potentialAction":[{"@type":"SearchAction","target":{"@type":"EntryPoint","urlTemplate":"https:\/\/kinder-spielen-theater.de\/?s={search_term_string}"},"query-input":{"@type":"PropertyValueSpecification","valueRequired":true,"valueName":"search_term_string"}}],"inLanguage":"de"}]}},"_links":{"self":[{"href":"https:\/\/kinder-spielen-theater.de\/de_de\/wp-json\/wp\/v2\/product\/375","targetHints":{"allow":["GET"]}}],"collection":[{"href":"https:\/\/kinder-spielen-theater.de\/de_de\/wp-json\/wp\/v2\/product"}],"about":[{"href":"https:\/\/kinder-spielen-theater.de\/de_de\/wp-json\/wp\/v2\/types\/product"}],"replies":[{"embeddable":true,"href":"https:\/\/kinder-spielen-theater.de\/de_de\/wp-json\/wp\/v2\/comments?post=375"}],"wp:featuredmedia":[{"embeddable":true,"href":"https:\/\/kinder-spielen-theater.de\/de_de\/wp-json\/wp\/v2\/media\/674"}],"wp:attachment":[{"href":"https:\/\/kinder-spielen-theater.de\/de_de\/wp-json\/wp\/v2\/media?parent=375"}],"wp:term":[{"taxonomy":"product_brand","embeddable":true,"href":"https:\/\/kinder-spielen-theater.de\/de_de\/wp-json\/wp\/v2\/product_brand?post=375"},{"taxonomy":"product_cat","embeddable":true,"href":"https:\/\/kinder-spielen-theater.de\/de_de\/wp-json\/wp\/v2\/product_cat?post=375"},{"taxonomy":"product_tag","embeddable":true,"href":"https:\/\/kinder-spielen-theater.de\/de_de\/wp-json\/wp\/v2\/product_tag?post=375"}],"curies":[{"name":"wp","href":"https:\/\/api.w.org\/{rel}","templated":true}]}}