{"id":359,"date":"2021-06-02T12:27:14","date_gmt":"2021-06-02T12:27:14","guid":{"rendered":"https:\/\/kinder-spielen-theater.de\/?post_type=product&#038;p=359"},"modified":"2022-09-27T06:36:24","modified_gmt":"2022-09-27T06:36:24","slug":"reisen-zu-anderen-sonnensystemen","status":"publish","type":"product","link":"https:\/\/kinder-spielen-theater.de\/de_de\/produkt\/reisen-zu-anderen-sonnensystemen\/","title":{"rendered":"Reisen zu anderen Sonnensystemen"},"content":{"rendered":"<p><span style=\"font-size: 18pt;\"><strong>Inhalt<\/strong> <\/span><br \/>\nDieses Theaterst\u00fcck ist eine in ferner Zukunft spielende Sciencefiction Geschichte.<br \/>\nMit einem Raumschiff gelangen die Erdbewohner zu drei der unserer Erde relativ nahen Planeten und machen dabei \u00fcberraschende Entdeckungen. Dieses Theaterst\u00fcck ist zum Teil in Anlehnung an Geschichten von Stanislaw Lem verfasst.<\/p>\n<p><span style=\"font-size: 18pt;\"><strong>Rollenzahl und Spieldauer<\/strong><\/span><br \/>\nIn diesem St\u00fcck sind 18 Rollen zu besetzen.<br \/>\nWenn nicht alle drei Akte gespielt werden (was m\u00f6glich ist), verringert sich die Rollenzahl entsprechend.<br \/>\nDie Auff\u00fchrungszeit des vollst\u00e4ndigen St\u00fcckes betr\u00e4gt ca.30 Minuten.<\/p>\n<p><span style=\"font-size: 18pt;\"><strong>Textumfang<\/strong><\/span><br \/>\nRollentext 15 Seiten, insgesamt 46 Seiten<\/p>\n<p><span style=\"font-size: 18pt;\"><a href=\"https:\/\/kinder-spielen-theater.de\/wp-content\/uploads\/2021\/06\/52-Reisen-zu-anderen-Sonnen..Lesepr.-Adobe.pdf\">Leseprobe<\/a><\/span><\/p>\n","protected":false},"excerpt":{"rendered":"<p>Inhalt Dieses Theaterst\u00fcck ist eine in ferner Zukunft spielende Sciencefiction Geschichte. Mit einem Raumschiff gelangen die Erdbewohner zu drei der unserer Erde relativ nahen Planeten und machen dabei \u00fcberraschende Entdeckungen. Dieses Theaterst\u00fcck ist zum Teil in Anlehnung an Geschichten von Stanislaw Lem verfasst. Rollenzahl und Spieldauer In diesem St\u00fcck sind 18 Rollen zu besetzen. Wenn [&hellip;]<\/p>\n","protected":false},"featured_media":683,"comment_status":"closed","ping_status":"closed","template":"","meta":[],"product_brand":[],"product_cat":[41],"product_tag":[],"class_list":{"0":"post-359","1":"product","2":"type-product","3":"status-publish","4":"has-post-thumbnail","6":"product_cat-naturwissenschaft-technik","8":"first","9":"instock","10":"downloadable","11":"virtual","12":"purchasable","13":"product-type-simple"},"yoast_head":"<!-- This site is optimized with the Yoast SEO plugin v27.4 - https:\/\/yoast.com\/product\/yoast-seo-wordpress\/ -->\n<title>Reisen zu anderen Sonnensystemen - Kinder spielen Theater<\/title>\n<meta name=\"robots\" content=\"index, follow, max-snippet:-1, max-image-preview:large, max-video-preview:-1\" \/>\n<link rel=\"canonical\" href=\"https:\/\/kinder-spielen-theater.de\/de_de\/produkt\/reisen-zu-anderen-sonnensystemen\/\" \/>\n<meta property=\"og:locale\" content=\"de_DE\" \/>\n<meta property=\"og:type\" content=\"article\" \/>\n<meta property=\"og:title\" content=\"Reisen zu anderen Sonnensystemen - Kinder spielen Theater\" \/>\n<meta property=\"og:description\" content=\"Inhalt Dieses Theaterst\u00fcck ist eine in ferner Zukunft spielende Sciencefiction Geschichte. Mit einem Raumschiff gelangen die Erdbewohner zu drei der unserer Erde relativ nahen Planeten und machen dabei \u00fcberraschende Entdeckungen. Dieses Theaterst\u00fcck ist zum Teil in Anlehnung an Geschichten von Stanislaw Lem verfasst. Rollenzahl und Spieldauer In diesem St\u00fcck sind 18 Rollen zu besetzen. Wenn [&hellip;]\" \/>\n<meta property=\"og:url\" content=\"https:\/\/kinder-spielen-theater.de\/de_de\/produkt\/reisen-zu-anderen-sonnensystemen\/\" \/>\n<meta property=\"og:site_name\" content=\"Kinder spielen Theater\" \/>\n<meta property=\"article:modified_time\" content=\"2022-09-27T06:36:24+00:00\" \/>\n<meta property=\"og:image\" content=\"https:\/\/kinder-spielen-theater.de\/wp-content\/uploads\/2021\/06\/52-Reisen-zu-anderen-Sonnn.-o.k.-page-001.jpg\" \/>\n\t<meta property=\"og:image:width\" content=\"1240\" \/>\n\t<meta property=\"og:image:height\" content=\"1754\" \/>\n\t<meta property=\"og:image:type\" content=\"image\/jpeg\" \/>\n<meta name=\"twitter:card\" content=\"summary_large_image\" \/>\n<meta name=\"twitter:label1\" content=\"Gesch\u00e4tzte Lesezeit\" \/>\n\t<meta name=\"twitter:data1\" content=\"1\u00a0Minute\" \/>\n<script type=\"application\/ld+json\" class=\"yoast-schema-graph\">{\"@context\":\"https:\\\/\\\/schema.org\",\"@graph\":[{\"@type\":\"WebPage\",\"@id\":\"https:\\\/\\\/kinder-spielen-theater.de\\\/produkt\\\/reisen-zu-anderen-sonnensystemen\\\/\",\"url\":\"https:\\\/\\\/kinder-spielen-theater.de\\\/produkt\\\/reisen-zu-anderen-sonnensystemen\\\/\",\"name\":\"Reisen zu anderen Sonnensystemen - Kinder spielen Theater\",\"isPartOf\":{\"@id\":\"https:\\\/\\\/kinder-spielen-theater.de\\\/#website\"},\"primaryImageOfPage\":{\"@id\":\"https:\\\/\\\/kinder-spielen-theater.de\\\/produkt\\\/reisen-zu-anderen-sonnensystemen\\\/#primaryimage\"},\"image\":{\"@id\":\"https:\\\/\\\/kinder-spielen-theater.de\\\/produkt\\\/reisen-zu-anderen-sonnensystemen\\\/#primaryimage\"},\"thumbnailUrl\":\"https:\\\/\\\/kinder-spielen-theater.de\\\/wp-content\\\/uploads\\\/2021\\\/06\\\/52-Reisen-zu-anderen-Sonnn.-o.k.-page-001.jpg\",\"datePublished\":\"2021-06-02T12:27:14+00:00\",\"dateModified\":\"2022-09-27T06:36:24+00:00\",\"breadcrumb\":{\"@id\":\"https:\\\/\\\/kinder-spielen-theater.de\\\/produkt\\\/reisen-zu-anderen-sonnensystemen\\\/#breadcrumb\"},\"inLanguage\":\"de\",\"potentialAction\":[{\"@type\":\"ReadAction\",\"target\":[\"https:\\\/\\\/kinder-spielen-theater.de\\\/produkt\\\/reisen-zu-anderen-sonnensystemen\\\/\"]}]},{\"@type\":\"ImageObject\",\"inLanguage\":\"de\",\"@id\":\"https:\\\/\\\/kinder-spielen-theater.de\\\/produkt\\\/reisen-zu-anderen-sonnensystemen\\\/#primaryimage\",\"url\":\"https:\\\/\\\/kinder-spielen-theater.de\\\/wp-content\\\/uploads\\\/2021\\\/06\\\/52-Reisen-zu-anderen-Sonnn.-o.k.-page-001.jpg\",\"contentUrl\":\"https:\\\/\\\/kinder-spielen-theater.de\\\/wp-content\\\/uploads\\\/2021\\\/06\\\/52-Reisen-zu-anderen-Sonnn.-o.k.-page-001.jpg\",\"width\":1240,\"height\":1754},{\"@type\":\"BreadcrumbList\",\"@id\":\"https:\\\/\\\/kinder-spielen-theater.de\\\/produkt\\\/reisen-zu-anderen-sonnensystemen\\\/#breadcrumb\",\"itemListElement\":[{\"@type\":\"ListItem\",\"position\":1,\"name\":\"Startseite\",\"item\":\"https:\\\/\\\/kinder-spielen-theater.de\\\/\"},{\"@type\":\"ListItem\",\"position\":2,\"name\":\"Shop: Theaterst\u00fccke zum Download\",\"item\":\"https:\\\/\\\/kinder-spielen-theater.de\\\/shop\\\/\"},{\"@type\":\"ListItem\",\"position\":3,\"name\":\"Reisen zu anderen Sonnensystemen\"}]},{\"@type\":\"WebSite\",\"@id\":\"https:\\\/\\\/kinder-spielen-theater.de\\\/#website\",\"url\":\"https:\\\/\\\/kinder-spielen-theater.de\\\/\",\"name\":\"Kinder spielen Theater\",\"description\":\"Theaterst\u00fccke f\u00fcr die Grundschule, Haupt- und Realschule, Gesamtschule und Gymnasium, Theaterst\u00fccke f\u00fcr Kinder\",\"potentialAction\":[{\"@type\":\"SearchAction\",\"target\":{\"@type\":\"EntryPoint\",\"urlTemplate\":\"https:\\\/\\\/kinder-spielen-theater.de\\\/?s={search_term_string}\"},\"query-input\":{\"@type\":\"PropertyValueSpecification\",\"valueRequired\":true,\"valueName\":\"search_term_string\"}}],\"inLanguage\":\"de\"}]}<\/script>\n<!-- \/ Yoast SEO plugin. -->","yoast_head_json":{"title":"Reisen zu anderen Sonnensystemen - Kinder spielen Theater","robots":{"index":"index","follow":"follow","max-snippet":"max-snippet:-1","max-image-preview":"max-image-preview:large","max-video-preview":"max-video-preview:-1"},"canonical":"https:\/\/kinder-spielen-theater.de\/de_de\/produkt\/reisen-zu-anderen-sonnensystemen\/","og_locale":"de_DE","og_type":"article","og_title":"Reisen zu anderen Sonnensystemen - Kinder spielen Theater","og_description":"Inhalt Dieses Theaterst\u00fcck ist eine in ferner Zukunft spielende Sciencefiction Geschichte. Mit einem Raumschiff gelangen die Erdbewohner zu drei der unserer Erde relativ nahen Planeten und machen dabei \u00fcberraschende Entdeckungen. Dieses Theaterst\u00fcck ist zum Teil in Anlehnung an Geschichten von Stanislaw Lem verfasst. Rollenzahl und Spieldauer In diesem St\u00fcck sind 18 Rollen zu besetzen. Wenn [&hellip;]","og_url":"https:\/\/kinder-spielen-theater.de\/de_de\/produkt\/reisen-zu-anderen-sonnensystemen\/","og_site_name":"Kinder spielen Theater","article_modified_time":"2022-09-27T06:36:24+00:00","og_image":[{"width":1240,"height":1754,"url":"https:\/\/kinder-spielen-theater.de\/wp-content\/uploads\/2021\/06\/52-Reisen-zu-anderen-Sonnn.-o.k.-page-001.jpg","type":"image\/jpeg"}],"twitter_card":"summary_large_image","twitter_misc":{"Gesch\u00e4tzte Lesezeit":"1\u00a0Minute"},"schema":{"@context":"https:\/\/schema.org","@graph":[{"@type":"WebPage","@id":"https:\/\/kinder-spielen-theater.de\/produkt\/reisen-zu-anderen-sonnensystemen\/","url":"https:\/\/kinder-spielen-theater.de\/produkt\/reisen-zu-anderen-sonnensystemen\/","name":"Reisen zu anderen Sonnensystemen - Kinder spielen Theater","isPartOf":{"@id":"https:\/\/kinder-spielen-theater.de\/#website"},"primaryImageOfPage":{"@id":"https:\/\/kinder-spielen-theater.de\/produkt\/reisen-zu-anderen-sonnensystemen\/#primaryimage"},"image":{"@id":"https:\/\/kinder-spielen-theater.de\/produkt\/reisen-zu-anderen-sonnensystemen\/#primaryimage"},"thumbnailUrl":"https:\/\/kinder-spielen-theater.de\/wp-content\/uploads\/2021\/06\/52-Reisen-zu-anderen-Sonnn.-o.k.-page-001.jpg","datePublished":"2021-06-02T12:27:14+00:00","dateModified":"2022-09-27T06:36:24+00:00","breadcrumb":{"@id":"https:\/\/kinder-spielen-theater.de\/produkt\/reisen-zu-anderen-sonnensystemen\/#breadcrumb"},"inLanguage":"de","potentialAction":[{"@type":"ReadAction","target":["https:\/\/kinder-spielen-theater.de\/produkt\/reisen-zu-anderen-sonnensystemen\/"]}]},{"@type":"ImageObject","inLanguage":"de","@id":"https:\/\/kinder-spielen-theater.de\/produkt\/reisen-zu-anderen-sonnensystemen\/#primaryimage","url":"https:\/\/kinder-spielen-theater.de\/wp-content\/uploads\/2021\/06\/52-Reisen-zu-anderen-Sonnn.-o.k.-page-001.jpg","contentUrl":"https:\/\/kinder-spielen-theater.de\/wp-content\/uploads\/2021\/06\/52-Reisen-zu-anderen-Sonnn.-o.k.-page-001.jpg","width":1240,"height":1754},{"@type":"BreadcrumbList","@id":"https:\/\/kinder-spielen-theater.de\/produkt\/reisen-zu-anderen-sonnensystemen\/#breadcrumb","itemListElement":[{"@type":"ListItem","position":1,"name":"Startseite","item":"https:\/\/kinder-spielen-theater.de\/"},{"@type":"ListItem","position":2,"name":"Shop: Theaterst\u00fccke zum Download","item":"https:\/\/kinder-spielen-theater.de\/shop\/"},{"@type":"ListItem","position":3,"name":"Reisen zu anderen Sonnensystemen"}]},{"@type":"WebSite","@id":"https:\/\/kinder-spielen-theater.de\/#website","url":"https:\/\/kinder-spielen-theater.de\/","name":"Kinder spielen Theater","description":"Theaterst\u00fccke f\u00fcr die Grundschule, Haupt- und Realschule, Gesamtschule und Gymnasium, Theaterst\u00fccke f\u00fcr Kinder","potentialAction":[{"@type":"SearchAction","target":{"@type":"EntryPoint","urlTemplate":"https:\/\/kinder-spielen-theater.de\/?s={search_term_string}"},"query-input":{"@type":"PropertyValueSpecification","valueRequired":true,"valueName":"search_term_string"}}],"inLanguage":"de"}]}},"_links":{"self":[{"href":"https:\/\/kinder-spielen-theater.de\/de_de\/wp-json\/wp\/v2\/product\/359","targetHints":{"allow":["GET"]}}],"collection":[{"href":"https:\/\/kinder-spielen-theater.de\/de_de\/wp-json\/wp\/v2\/product"}],"about":[{"href":"https:\/\/kinder-spielen-theater.de\/de_de\/wp-json\/wp\/v2\/types\/product"}],"replies":[{"embeddable":true,"href":"https:\/\/kinder-spielen-theater.de\/de_de\/wp-json\/wp\/v2\/comments?post=359"}],"wp:featuredmedia":[{"embeddable":true,"href":"https:\/\/kinder-spielen-theater.de\/de_de\/wp-json\/wp\/v2\/media\/683"}],"wp:attachment":[{"href":"https:\/\/kinder-spielen-theater.de\/de_de\/wp-json\/wp\/v2\/media?parent=359"}],"wp:term":[{"taxonomy":"product_brand","embeddable":true,"href":"https:\/\/kinder-spielen-theater.de\/de_de\/wp-json\/wp\/v2\/product_brand?post=359"},{"taxonomy":"product_cat","embeddable":true,"href":"https:\/\/kinder-spielen-theater.de\/de_de\/wp-json\/wp\/v2\/product_cat?post=359"},{"taxonomy":"product_tag","embeddable":true,"href":"https:\/\/kinder-spielen-theater.de\/de_de\/wp-json\/wp\/v2\/product_tag?post=359"}],"curies":[{"name":"wp","href":"https:\/\/api.w.org\/{rel}","templated":true}]}}