{"id":353,"date":"2021-06-02T12:21:59","date_gmt":"2021-06-02T12:21:59","guid":{"rendered":"https:\/\/kinder-spielen-theater.de\/?post_type=product&#038;p=353"},"modified":"2022-09-27T06:37:20","modified_gmt":"2022-09-27T06:37:20","slug":"muenchhausen-auf-der-reise-nach-konstantinopel","status":"publish","type":"product","link":"https:\/\/kinder-spielen-theater.de\/de_de\/produkt\/muenchhausen-auf-der-reise-nach-konstantinopel\/","title":{"rendered":"M\u00fcnchhausen auf der Reise nach Konstantinopel"},"content":{"rendered":"<p><span style=\"font-size: 18pt;\"><strong>Inhalt<\/strong><\/span><br \/>\nDieses Theaterst\u00fcck erz\u00e4hlt eine der vielen fantasievollen Geschichten des Barons von M\u00fcnchhausen.<br \/>\nAuf dem Weg nach Konstantinopel heuert M\u00fcnchhausen vier M\u00e4nner mit \u00fcbermenschlichen F\u00e4higkeiten als Diener an: einen Schnelll\u00e4ufer, einen starken Mann, einen Windmacher und einen Scharfsch\u00fctzen. Mit Hilfe der \u00fcbermenschlichen F\u00e4higkeiten seiner Diener gelingt es dem L\u00fcgenbaron, gegen den Gro\u00dfsultan von Konstantinopel eine Wette zu gewinnen. Gegen den Willen des Herrschers, mit dem er um dessen Schatz gewettet hat, gelingt M\u00fcnchhausen im letzten Moment die Flucht mit dem Schatz.<\/p>\n<p><span style=\"font-size: 18pt;\"><strong>Rollenzahl und Spieldauer<\/strong><\/span><br \/>\nIn diesem St\u00fcck sind 15 Rollen zu besetzen.<br \/>\nDiese Zahl kann durch Hinzuf\u00fcgen von zus\u00e4tzlichen Diener- und Matrosenrollen (Rollen ohne Sprechtext) vergr\u00f6\u00dfert werden.<br \/>\nDie Auff\u00fchrungszeit betr\u00e4gt ca. 15 Minuten.<\/p>\n<p><span style=\"font-size: 18pt;\"><strong>Textumfang<\/strong><\/span><br \/>\nRollentext 8 Seiten, insgesamt 34 Seiten<\/p>\n<p><span style=\"font-size: 18pt;\"><a href=\"https:\/\/kinder-spielen-theater.de\/wp-content\/uploads\/2021\/06\/50-Muenchhausen-Leseprobe-Adobe.pdf\">Leseprobe<\/a><\/span><\/p>\n","protected":false},"excerpt":{"rendered":"<p>Inhalt Dieses Theaterst\u00fcck erz\u00e4hlt eine der vielen fantasievollen Geschichten des Barons von M\u00fcnchhausen. Auf dem Weg nach Konstantinopel heuert M\u00fcnchhausen vier M\u00e4nner mit \u00fcbermenschlichen F\u00e4higkeiten als Diener an: einen Schnelll\u00e4ufer, einen starken Mann, einen Windmacher und einen Scharfsch\u00fctzen. Mit Hilfe der \u00fcbermenschlichen F\u00e4higkeiten seiner Diener gelingt es dem L\u00fcgenbaron, gegen den Gro\u00dfsultan von Konstantinopel eine [&hellip;]<\/p>\n","protected":false},"featured_media":684,"comment_status":"closed","ping_status":"closed","template":"","meta":[],"product_brand":[],"product_cat":[40,42,36],"product_tag":[],"class_list":{"0":"post-353","1":"product","2":"type-product","3":"status-publish","4":"has-post-thumbnail","6":"product_cat-deutsches-kulturelles-erbe","7":"product_cat-kulturelles-erbe","8":"product_cat-maerchen","10":"first","11":"instock","12":"downloadable","13":"virtual","14":"purchasable","15":"product-type-simple"},"yoast_head":"<!-- This site is optimized with the Yoast SEO plugin v27.4 - https:\/\/yoast.com\/product\/yoast-seo-wordpress\/ -->\n<title>M\u00fcnchhausen auf der Reise nach Konstantinopel - Kinder spielen Theater<\/title>\n<meta name=\"robots\" content=\"index, follow, max-snippet:-1, max-image-preview:large, max-video-preview:-1\" \/>\n<link rel=\"canonical\" href=\"https:\/\/kinder-spielen-theater.de\/de_de\/produkt\/muenchhausen-auf-der-reise-nach-konstantinopel\/\" \/>\n<meta property=\"og:locale\" content=\"de_DE\" \/>\n<meta property=\"og:type\" content=\"article\" \/>\n<meta property=\"og:title\" content=\"M\u00fcnchhausen auf der Reise nach Konstantinopel - Kinder spielen Theater\" \/>\n<meta property=\"og:description\" content=\"Inhalt Dieses Theaterst\u00fcck erz\u00e4hlt eine der vielen fantasievollen Geschichten des Barons von M\u00fcnchhausen. Auf dem Weg nach Konstantinopel heuert M\u00fcnchhausen vier M\u00e4nner mit \u00fcbermenschlichen F\u00e4higkeiten als Diener an: einen Schnelll\u00e4ufer, einen starken Mann, einen Windmacher und einen Scharfsch\u00fctzen. Mit Hilfe der \u00fcbermenschlichen F\u00e4higkeiten seiner Diener gelingt es dem L\u00fcgenbaron, gegen den Gro\u00dfsultan von Konstantinopel eine [&hellip;]\" \/>\n<meta property=\"og:url\" content=\"https:\/\/kinder-spielen-theater.de\/de_de\/produkt\/muenchhausen-auf-der-reise-nach-konstantinopel\/\" \/>\n<meta property=\"og:site_name\" content=\"Kinder spielen Theater\" \/>\n<meta property=\"article:modified_time\" content=\"2022-09-27T06:37:20+00:00\" \/>\n<meta property=\"og:image\" content=\"https:\/\/kinder-spielen-theater.de\/wp-content\/uploads\/2021\/06\/50-Muenchhausen...-o.k.-page-001.jpg\" \/>\n\t<meta property=\"og:image:width\" content=\"1240\" \/>\n\t<meta property=\"og:image:height\" content=\"1754\" \/>\n\t<meta property=\"og:image:type\" content=\"image\/jpeg\" \/>\n<meta name=\"twitter:card\" content=\"summary_large_image\" \/>\n<meta name=\"twitter:label1\" content=\"Gesch\u00e4tzte Lesezeit\" \/>\n\t<meta name=\"twitter:data1\" content=\"1\u00a0Minute\" \/>\n<script type=\"application\/ld+json\" class=\"yoast-schema-graph\">{\"@context\":\"https:\\\/\\\/schema.org\",\"@graph\":[{\"@type\":\"WebPage\",\"@id\":\"https:\\\/\\\/kinder-spielen-theater.de\\\/produkt\\\/muenchhausen-auf-der-reise-nach-konstantinopel\\\/\",\"url\":\"https:\\\/\\\/kinder-spielen-theater.de\\\/produkt\\\/muenchhausen-auf-der-reise-nach-konstantinopel\\\/\",\"name\":\"M\u00fcnchhausen auf der Reise nach Konstantinopel - Kinder spielen Theater\",\"isPartOf\":{\"@id\":\"https:\\\/\\\/kinder-spielen-theater.de\\\/#website\"},\"primaryImageOfPage\":{\"@id\":\"https:\\\/\\\/kinder-spielen-theater.de\\\/produkt\\\/muenchhausen-auf-der-reise-nach-konstantinopel\\\/#primaryimage\"},\"image\":{\"@id\":\"https:\\\/\\\/kinder-spielen-theater.de\\\/produkt\\\/muenchhausen-auf-der-reise-nach-konstantinopel\\\/#primaryimage\"},\"thumbnailUrl\":\"https:\\\/\\\/kinder-spielen-theater.de\\\/wp-content\\\/uploads\\\/2021\\\/06\\\/50-Muenchhausen...-o.k.-page-001.jpg\",\"datePublished\":\"2021-06-02T12:21:59+00:00\",\"dateModified\":\"2022-09-27T06:37:20+00:00\",\"breadcrumb\":{\"@id\":\"https:\\\/\\\/kinder-spielen-theater.de\\\/produkt\\\/muenchhausen-auf-der-reise-nach-konstantinopel\\\/#breadcrumb\"},\"inLanguage\":\"de\",\"potentialAction\":[{\"@type\":\"ReadAction\",\"target\":[\"https:\\\/\\\/kinder-spielen-theater.de\\\/produkt\\\/muenchhausen-auf-der-reise-nach-konstantinopel\\\/\"]}]},{\"@type\":\"ImageObject\",\"inLanguage\":\"de\",\"@id\":\"https:\\\/\\\/kinder-spielen-theater.de\\\/produkt\\\/muenchhausen-auf-der-reise-nach-konstantinopel\\\/#primaryimage\",\"url\":\"https:\\\/\\\/kinder-spielen-theater.de\\\/wp-content\\\/uploads\\\/2021\\\/06\\\/50-Muenchhausen...-o.k.-page-001.jpg\",\"contentUrl\":\"https:\\\/\\\/kinder-spielen-theater.de\\\/wp-content\\\/uploads\\\/2021\\\/06\\\/50-Muenchhausen...-o.k.-page-001.jpg\",\"width\":1240,\"height\":1754},{\"@type\":\"BreadcrumbList\",\"@id\":\"https:\\\/\\\/kinder-spielen-theater.de\\\/produkt\\\/muenchhausen-auf-der-reise-nach-konstantinopel\\\/#breadcrumb\",\"itemListElement\":[{\"@type\":\"ListItem\",\"position\":1,\"name\":\"Startseite\",\"item\":\"https:\\\/\\\/kinder-spielen-theater.de\\\/\"},{\"@type\":\"ListItem\",\"position\":2,\"name\":\"Shop: Theaterst\u00fccke zum Download\",\"item\":\"https:\\\/\\\/kinder-spielen-theater.de\\\/shop\\\/\"},{\"@type\":\"ListItem\",\"position\":3,\"name\":\"M\u00fcnchhausen auf der Reise nach Konstantinopel\"}]},{\"@type\":\"WebSite\",\"@id\":\"https:\\\/\\\/kinder-spielen-theater.de\\\/#website\",\"url\":\"https:\\\/\\\/kinder-spielen-theater.de\\\/\",\"name\":\"Kinder spielen Theater\",\"description\":\"Theaterst\u00fccke f\u00fcr die Grundschule, Haupt- und Realschule, Gesamtschule und Gymnasium, Theaterst\u00fccke f\u00fcr Kinder\",\"potentialAction\":[{\"@type\":\"SearchAction\",\"target\":{\"@type\":\"EntryPoint\",\"urlTemplate\":\"https:\\\/\\\/kinder-spielen-theater.de\\\/?s={search_term_string}\"},\"query-input\":{\"@type\":\"PropertyValueSpecification\",\"valueRequired\":true,\"valueName\":\"search_term_string\"}}],\"inLanguage\":\"de\"}]}<\/script>\n<!-- \/ Yoast SEO plugin. -->","yoast_head_json":{"title":"M\u00fcnchhausen auf der Reise nach Konstantinopel - Kinder spielen Theater","robots":{"index":"index","follow":"follow","max-snippet":"max-snippet:-1","max-image-preview":"max-image-preview:large","max-video-preview":"max-video-preview:-1"},"canonical":"https:\/\/kinder-spielen-theater.de\/de_de\/produkt\/muenchhausen-auf-der-reise-nach-konstantinopel\/","og_locale":"de_DE","og_type":"article","og_title":"M\u00fcnchhausen auf der Reise nach Konstantinopel - Kinder spielen Theater","og_description":"Inhalt Dieses Theaterst\u00fcck erz\u00e4hlt eine der vielen fantasievollen Geschichten des Barons von M\u00fcnchhausen. Auf dem Weg nach Konstantinopel heuert M\u00fcnchhausen vier M\u00e4nner mit \u00fcbermenschlichen F\u00e4higkeiten als Diener an: einen Schnelll\u00e4ufer, einen starken Mann, einen Windmacher und einen Scharfsch\u00fctzen. Mit Hilfe der \u00fcbermenschlichen F\u00e4higkeiten seiner Diener gelingt es dem L\u00fcgenbaron, gegen den Gro\u00dfsultan von Konstantinopel eine [&hellip;]","og_url":"https:\/\/kinder-spielen-theater.de\/de_de\/produkt\/muenchhausen-auf-der-reise-nach-konstantinopel\/","og_site_name":"Kinder spielen Theater","article_modified_time":"2022-09-27T06:37:20+00:00","og_image":[{"width":1240,"height":1754,"url":"https:\/\/kinder-spielen-theater.de\/wp-content\/uploads\/2021\/06\/50-Muenchhausen...-o.k.-page-001.jpg","type":"image\/jpeg"}],"twitter_card":"summary_large_image","twitter_misc":{"Gesch\u00e4tzte Lesezeit":"1\u00a0Minute"},"schema":{"@context":"https:\/\/schema.org","@graph":[{"@type":"WebPage","@id":"https:\/\/kinder-spielen-theater.de\/produkt\/muenchhausen-auf-der-reise-nach-konstantinopel\/","url":"https:\/\/kinder-spielen-theater.de\/produkt\/muenchhausen-auf-der-reise-nach-konstantinopel\/","name":"M\u00fcnchhausen auf der Reise nach Konstantinopel - Kinder spielen Theater","isPartOf":{"@id":"https:\/\/kinder-spielen-theater.de\/#website"},"primaryImageOfPage":{"@id":"https:\/\/kinder-spielen-theater.de\/produkt\/muenchhausen-auf-der-reise-nach-konstantinopel\/#primaryimage"},"image":{"@id":"https:\/\/kinder-spielen-theater.de\/produkt\/muenchhausen-auf-der-reise-nach-konstantinopel\/#primaryimage"},"thumbnailUrl":"https:\/\/kinder-spielen-theater.de\/wp-content\/uploads\/2021\/06\/50-Muenchhausen...-o.k.-page-001.jpg","datePublished":"2021-06-02T12:21:59+00:00","dateModified":"2022-09-27T06:37:20+00:00","breadcrumb":{"@id":"https:\/\/kinder-spielen-theater.de\/produkt\/muenchhausen-auf-der-reise-nach-konstantinopel\/#breadcrumb"},"inLanguage":"de","potentialAction":[{"@type":"ReadAction","target":["https:\/\/kinder-spielen-theater.de\/produkt\/muenchhausen-auf-der-reise-nach-konstantinopel\/"]}]},{"@type":"ImageObject","inLanguage":"de","@id":"https:\/\/kinder-spielen-theater.de\/produkt\/muenchhausen-auf-der-reise-nach-konstantinopel\/#primaryimage","url":"https:\/\/kinder-spielen-theater.de\/wp-content\/uploads\/2021\/06\/50-Muenchhausen...-o.k.-page-001.jpg","contentUrl":"https:\/\/kinder-spielen-theater.de\/wp-content\/uploads\/2021\/06\/50-Muenchhausen...-o.k.-page-001.jpg","width":1240,"height":1754},{"@type":"BreadcrumbList","@id":"https:\/\/kinder-spielen-theater.de\/produkt\/muenchhausen-auf-der-reise-nach-konstantinopel\/#breadcrumb","itemListElement":[{"@type":"ListItem","position":1,"name":"Startseite","item":"https:\/\/kinder-spielen-theater.de\/"},{"@type":"ListItem","position":2,"name":"Shop: Theaterst\u00fccke zum Download","item":"https:\/\/kinder-spielen-theater.de\/shop\/"},{"@type":"ListItem","position":3,"name":"M\u00fcnchhausen auf der Reise nach Konstantinopel"}]},{"@type":"WebSite","@id":"https:\/\/kinder-spielen-theater.de\/#website","url":"https:\/\/kinder-spielen-theater.de\/","name":"Kinder spielen Theater","description":"Theaterst\u00fccke f\u00fcr die Grundschule, Haupt- und Realschule, Gesamtschule und Gymnasium, Theaterst\u00fccke f\u00fcr Kinder","potentialAction":[{"@type":"SearchAction","target":{"@type":"EntryPoint","urlTemplate":"https:\/\/kinder-spielen-theater.de\/?s={search_term_string}"},"query-input":{"@type":"PropertyValueSpecification","valueRequired":true,"valueName":"search_term_string"}}],"inLanguage":"de"}]}},"_links":{"self":[{"href":"https:\/\/kinder-spielen-theater.de\/de_de\/wp-json\/wp\/v2\/product\/353","targetHints":{"allow":["GET"]}}],"collection":[{"href":"https:\/\/kinder-spielen-theater.de\/de_de\/wp-json\/wp\/v2\/product"}],"about":[{"href":"https:\/\/kinder-spielen-theater.de\/de_de\/wp-json\/wp\/v2\/types\/product"}],"replies":[{"embeddable":true,"href":"https:\/\/kinder-spielen-theater.de\/de_de\/wp-json\/wp\/v2\/comments?post=353"}],"wp:featuredmedia":[{"embeddable":true,"href":"https:\/\/kinder-spielen-theater.de\/de_de\/wp-json\/wp\/v2\/media\/684"}],"wp:attachment":[{"href":"https:\/\/kinder-spielen-theater.de\/de_de\/wp-json\/wp\/v2\/media?parent=353"}],"wp:term":[{"taxonomy":"product_brand","embeddable":true,"href":"https:\/\/kinder-spielen-theater.de\/de_de\/wp-json\/wp\/v2\/product_brand?post=353"},{"taxonomy":"product_cat","embeddable":true,"href":"https:\/\/kinder-spielen-theater.de\/de_de\/wp-json\/wp\/v2\/product_cat?post=353"},{"taxonomy":"product_tag","embeddable":true,"href":"https:\/\/kinder-spielen-theater.de\/de_de\/wp-json\/wp\/v2\/product_tag?post=353"}],"curies":[{"name":"wp","href":"https:\/\/api.w.org\/{rel}","templated":true}]}}