{"id":348,"date":"2021-06-02T12:17:40","date_gmt":"2021-06-02T12:17:40","guid":{"rendered":"https:\/\/kinder-spielen-theater.de\/?post_type=product&#038;p=348"},"modified":"2022-09-26T18:39:28","modified_gmt":"2022-09-26T18:39:28","slug":"komm-ich-helfe-dir","status":"publish","type":"product","link":"https:\/\/kinder-spielen-theater.de\/de_de\/produkt\/komm-ich-helfe-dir\/","title":{"rendered":"Komm, ich helfe Dir"},"content":{"rendered":"<p><span style=\"font-size: 18pt;\"><strong>Inhalt<\/strong> <\/span><br \/>\nIn diesem St\u00fcck wird eine \u201eGeschichte vom kleinen Igel und der kleinen Igelin\u201c (s.u.) erz\u00e4hlt.<br \/>\nAn einem sch\u00f6nen sonnigen Tag machen der kleine Igel und die kleine Igelin einen Spaziergang. Bald kommen sie in einen Wald, und da wird es pl\u00f6tzlich dunkel und regnerisch. Sogar ein Gewitter zieht auf. In der Dunkelheit verlaufen sie sich und f\u00fcrchten sich. Als sich der kleine Igel dann auch noch den Fu\u00df verletzt und er nicht ohne Hilfe der kleinen Igelin weiter gehen kann, sind sie in einer Notlage. Sie m\u00fcssen tapfer sein und Hilfe suchen. Zum Gl\u00fcck k\u00f6nnen ihnen die Gl\u00fchw\u00fcrmchen den Weg leuchten. Sie erfahren, wie wichtig es ist, selbst hilfsbereit zu sein, aber auch die Hilfe anderer anzunehmen.<\/p>\n<p><span style=\"font-size: 18pt;\"><strong>Rollenzahl und Spieldauer<\/strong> <\/span><br \/>\nIn diesem St\u00fcck sind 14 Rollen zu besetzen. Diese Zahl kann vergr\u00f6\u00dfert werden, indem von jeder auftretenden Tierart mehrere Tiere auf die B\u00fchne kommen. Das w\u00e4ren Rollen ohne Sprechtext, aber die Texte k\u00f6nnten auch gemeinsam gesprochen werden. Die Auff\u00fchrungszeit betr\u00e4gt ca. 15 Minuten. Sie kann durch Tanzeinlagen verl\u00e4ngert werden.<\/p>\n<p><span style=\"font-size: 18pt;\"><strong>Textumfang<\/strong><\/span><br \/>\nRollentext 5 Seiten, insgesamt 23 Seiten<\/p>\n<p><span style=\"font-size: 18pt;\"><a href=\"https:\/\/kinder-spielen-theater.de\/wp-content\/uploads\/2021\/06\/22-Komm-ich-helfe-Dir-Leseprobe-Adobe.pdf\">Leseprobe<\/a><\/span><\/p>\n","protected":false},"excerpt":{"rendered":"<p>Inhalt In diesem St\u00fcck wird eine \u201eGeschichte vom kleinen Igel und der kleinen Igelin\u201c (s.u.) erz\u00e4hlt. An einem sch\u00f6nen sonnigen Tag machen der kleine Igel und die kleine Igelin einen Spaziergang. Bald kommen sie in einen Wald, und da wird es pl\u00f6tzlich dunkel und regnerisch. Sogar ein Gewitter zieht auf. In der Dunkelheit verlaufen sie [&hellip;]<\/p>\n","protected":false},"featured_media":670,"comment_status":"closed","ping_status":"closed","template":"","meta":[],"product_brand":[],"product_cat":[30],"product_tag":[],"class_list":{"0":"post-348","1":"product","2":"type-product","3":"status-publish","4":"has-post-thumbnail","6":"product_cat-igelgeschichten","8":"first","9":"instock","10":"downloadable","11":"virtual","12":"purchasable","13":"product-type-simple"},"yoast_head":"<!-- This site is optimized with the Yoast SEO plugin v27.4 - https:\/\/yoast.com\/product\/yoast-seo-wordpress\/ -->\n<title>Komm, ich helfe Dir - Kinder spielen Theater<\/title>\n<meta name=\"robots\" content=\"index, follow, max-snippet:-1, max-image-preview:large, max-video-preview:-1\" \/>\n<link rel=\"canonical\" href=\"https:\/\/kinder-spielen-theater.de\/de_de\/produkt\/komm-ich-helfe-dir\/\" \/>\n<meta property=\"og:locale\" content=\"de_DE\" \/>\n<meta property=\"og:type\" content=\"article\" \/>\n<meta property=\"og:title\" content=\"Komm, ich helfe Dir - Kinder spielen Theater\" \/>\n<meta property=\"og:description\" content=\"Inhalt In diesem St\u00fcck wird eine \u201eGeschichte vom kleinen Igel und der kleinen Igelin\u201c (s.u.) erz\u00e4hlt. An einem sch\u00f6nen sonnigen Tag machen der kleine Igel und die kleine Igelin einen Spaziergang. Bald kommen sie in einen Wald, und da wird es pl\u00f6tzlich dunkel und regnerisch. Sogar ein Gewitter zieht auf. In der Dunkelheit verlaufen sie [&hellip;]\" \/>\n<meta property=\"og:url\" content=\"https:\/\/kinder-spielen-theater.de\/de_de\/produkt\/komm-ich-helfe-dir\/\" \/>\n<meta property=\"og:site_name\" content=\"Kinder spielen Theater\" \/>\n<meta property=\"article:modified_time\" content=\"2022-09-26T18:39:28+00:00\" \/>\n<meta property=\"og:image\" content=\"https:\/\/kinder-spielen-theater.de\/wp-content\/uploads\/2021\/06\/22-Komm-ich-helfe-Dir-o.k.-page-001.jpg\" \/>\n\t<meta property=\"og:image:width\" content=\"1240\" \/>\n\t<meta property=\"og:image:height\" content=\"1754\" \/>\n\t<meta property=\"og:image:type\" content=\"image\/jpeg\" \/>\n<meta name=\"twitter:card\" content=\"summary_large_image\" \/>\n<meta name=\"twitter:label1\" content=\"Gesch\u00e4tzte Lesezeit\" \/>\n\t<meta name=\"twitter:data1\" content=\"1\u00a0Minute\" \/>\n<script type=\"application\/ld+json\" class=\"yoast-schema-graph\">{\"@context\":\"https:\\\/\\\/schema.org\",\"@graph\":[{\"@type\":\"WebPage\",\"@id\":\"https:\\\/\\\/kinder-spielen-theater.de\\\/produkt\\\/komm-ich-helfe-dir\\\/\",\"url\":\"https:\\\/\\\/kinder-spielen-theater.de\\\/produkt\\\/komm-ich-helfe-dir\\\/\",\"name\":\"Komm, ich helfe Dir - Kinder spielen Theater\",\"isPartOf\":{\"@id\":\"https:\\\/\\\/kinder-spielen-theater.de\\\/#website\"},\"primaryImageOfPage\":{\"@id\":\"https:\\\/\\\/kinder-spielen-theater.de\\\/produkt\\\/komm-ich-helfe-dir\\\/#primaryimage\"},\"image\":{\"@id\":\"https:\\\/\\\/kinder-spielen-theater.de\\\/produkt\\\/komm-ich-helfe-dir\\\/#primaryimage\"},\"thumbnailUrl\":\"https:\\\/\\\/kinder-spielen-theater.de\\\/wp-content\\\/uploads\\\/2021\\\/06\\\/22-Komm-ich-helfe-Dir-o.k.-page-001.jpg\",\"datePublished\":\"2021-06-02T12:17:40+00:00\",\"dateModified\":\"2022-09-26T18:39:28+00:00\",\"breadcrumb\":{\"@id\":\"https:\\\/\\\/kinder-spielen-theater.de\\\/produkt\\\/komm-ich-helfe-dir\\\/#breadcrumb\"},\"inLanguage\":\"de\",\"potentialAction\":[{\"@type\":\"ReadAction\",\"target\":[\"https:\\\/\\\/kinder-spielen-theater.de\\\/produkt\\\/komm-ich-helfe-dir\\\/\"]}]},{\"@type\":\"ImageObject\",\"inLanguage\":\"de\",\"@id\":\"https:\\\/\\\/kinder-spielen-theater.de\\\/produkt\\\/komm-ich-helfe-dir\\\/#primaryimage\",\"url\":\"https:\\\/\\\/kinder-spielen-theater.de\\\/wp-content\\\/uploads\\\/2021\\\/06\\\/22-Komm-ich-helfe-Dir-o.k.-page-001.jpg\",\"contentUrl\":\"https:\\\/\\\/kinder-spielen-theater.de\\\/wp-content\\\/uploads\\\/2021\\\/06\\\/22-Komm-ich-helfe-Dir-o.k.-page-001.jpg\",\"width\":1240,\"height\":1754},{\"@type\":\"BreadcrumbList\",\"@id\":\"https:\\\/\\\/kinder-spielen-theater.de\\\/produkt\\\/komm-ich-helfe-dir\\\/#breadcrumb\",\"itemListElement\":[{\"@type\":\"ListItem\",\"position\":1,\"name\":\"Startseite\",\"item\":\"https:\\\/\\\/kinder-spielen-theater.de\\\/\"},{\"@type\":\"ListItem\",\"position\":2,\"name\":\"Shop: Theaterst\u00fccke zum Download\",\"item\":\"https:\\\/\\\/kinder-spielen-theater.de\\\/shop\\\/\"},{\"@type\":\"ListItem\",\"position\":3,\"name\":\"Komm, ich helfe Dir\"}]},{\"@type\":\"WebSite\",\"@id\":\"https:\\\/\\\/kinder-spielen-theater.de\\\/#website\",\"url\":\"https:\\\/\\\/kinder-spielen-theater.de\\\/\",\"name\":\"Kinder spielen Theater\",\"description\":\"Theaterst\u00fccke f\u00fcr die Grundschule, Haupt- und Realschule, Gesamtschule und Gymnasium, Theaterst\u00fccke f\u00fcr Kinder\",\"potentialAction\":[{\"@type\":\"SearchAction\",\"target\":{\"@type\":\"EntryPoint\",\"urlTemplate\":\"https:\\\/\\\/kinder-spielen-theater.de\\\/?s={search_term_string}\"},\"query-input\":{\"@type\":\"PropertyValueSpecification\",\"valueRequired\":true,\"valueName\":\"search_term_string\"}}],\"inLanguage\":\"de\"}]}<\/script>\n<!-- \/ Yoast SEO plugin. -->","yoast_head_json":{"title":"Komm, ich helfe Dir - Kinder spielen Theater","robots":{"index":"index","follow":"follow","max-snippet":"max-snippet:-1","max-image-preview":"max-image-preview:large","max-video-preview":"max-video-preview:-1"},"canonical":"https:\/\/kinder-spielen-theater.de\/de_de\/produkt\/komm-ich-helfe-dir\/","og_locale":"de_DE","og_type":"article","og_title":"Komm, ich helfe Dir - Kinder spielen Theater","og_description":"Inhalt In diesem St\u00fcck wird eine \u201eGeschichte vom kleinen Igel und der kleinen Igelin\u201c (s.u.) erz\u00e4hlt. An einem sch\u00f6nen sonnigen Tag machen der kleine Igel und die kleine Igelin einen Spaziergang. Bald kommen sie in einen Wald, und da wird es pl\u00f6tzlich dunkel und regnerisch. Sogar ein Gewitter zieht auf. In der Dunkelheit verlaufen sie [&hellip;]","og_url":"https:\/\/kinder-spielen-theater.de\/de_de\/produkt\/komm-ich-helfe-dir\/","og_site_name":"Kinder spielen Theater","article_modified_time":"2022-09-26T18:39:28+00:00","og_image":[{"width":1240,"height":1754,"url":"https:\/\/kinder-spielen-theater.de\/wp-content\/uploads\/2021\/06\/22-Komm-ich-helfe-Dir-o.k.-page-001.jpg","type":"image\/jpeg"}],"twitter_card":"summary_large_image","twitter_misc":{"Gesch\u00e4tzte Lesezeit":"1\u00a0Minute"},"schema":{"@context":"https:\/\/schema.org","@graph":[{"@type":"WebPage","@id":"https:\/\/kinder-spielen-theater.de\/produkt\/komm-ich-helfe-dir\/","url":"https:\/\/kinder-spielen-theater.de\/produkt\/komm-ich-helfe-dir\/","name":"Komm, ich helfe Dir - Kinder spielen Theater","isPartOf":{"@id":"https:\/\/kinder-spielen-theater.de\/#website"},"primaryImageOfPage":{"@id":"https:\/\/kinder-spielen-theater.de\/produkt\/komm-ich-helfe-dir\/#primaryimage"},"image":{"@id":"https:\/\/kinder-spielen-theater.de\/produkt\/komm-ich-helfe-dir\/#primaryimage"},"thumbnailUrl":"https:\/\/kinder-spielen-theater.de\/wp-content\/uploads\/2021\/06\/22-Komm-ich-helfe-Dir-o.k.-page-001.jpg","datePublished":"2021-06-02T12:17:40+00:00","dateModified":"2022-09-26T18:39:28+00:00","breadcrumb":{"@id":"https:\/\/kinder-spielen-theater.de\/produkt\/komm-ich-helfe-dir\/#breadcrumb"},"inLanguage":"de","potentialAction":[{"@type":"ReadAction","target":["https:\/\/kinder-spielen-theater.de\/produkt\/komm-ich-helfe-dir\/"]}]},{"@type":"ImageObject","inLanguage":"de","@id":"https:\/\/kinder-spielen-theater.de\/produkt\/komm-ich-helfe-dir\/#primaryimage","url":"https:\/\/kinder-spielen-theater.de\/wp-content\/uploads\/2021\/06\/22-Komm-ich-helfe-Dir-o.k.-page-001.jpg","contentUrl":"https:\/\/kinder-spielen-theater.de\/wp-content\/uploads\/2021\/06\/22-Komm-ich-helfe-Dir-o.k.-page-001.jpg","width":1240,"height":1754},{"@type":"BreadcrumbList","@id":"https:\/\/kinder-spielen-theater.de\/produkt\/komm-ich-helfe-dir\/#breadcrumb","itemListElement":[{"@type":"ListItem","position":1,"name":"Startseite","item":"https:\/\/kinder-spielen-theater.de\/"},{"@type":"ListItem","position":2,"name":"Shop: Theaterst\u00fccke zum Download","item":"https:\/\/kinder-spielen-theater.de\/shop\/"},{"@type":"ListItem","position":3,"name":"Komm, ich helfe Dir"}]},{"@type":"WebSite","@id":"https:\/\/kinder-spielen-theater.de\/#website","url":"https:\/\/kinder-spielen-theater.de\/","name":"Kinder spielen Theater","description":"Theaterst\u00fccke f\u00fcr die Grundschule, Haupt- und Realschule, Gesamtschule und Gymnasium, Theaterst\u00fccke f\u00fcr Kinder","potentialAction":[{"@type":"SearchAction","target":{"@type":"EntryPoint","urlTemplate":"https:\/\/kinder-spielen-theater.de\/?s={search_term_string}"},"query-input":{"@type":"PropertyValueSpecification","valueRequired":true,"valueName":"search_term_string"}}],"inLanguage":"de"}]}},"_links":{"self":[{"href":"https:\/\/kinder-spielen-theater.de\/de_de\/wp-json\/wp\/v2\/product\/348","targetHints":{"allow":["GET"]}}],"collection":[{"href":"https:\/\/kinder-spielen-theater.de\/de_de\/wp-json\/wp\/v2\/product"}],"about":[{"href":"https:\/\/kinder-spielen-theater.de\/de_de\/wp-json\/wp\/v2\/types\/product"}],"replies":[{"embeddable":true,"href":"https:\/\/kinder-spielen-theater.de\/de_de\/wp-json\/wp\/v2\/comments?post=348"}],"wp:featuredmedia":[{"embeddable":true,"href":"https:\/\/kinder-spielen-theater.de\/de_de\/wp-json\/wp\/v2\/media\/670"}],"wp:attachment":[{"href":"https:\/\/kinder-spielen-theater.de\/de_de\/wp-json\/wp\/v2\/media?parent=348"}],"wp:term":[{"taxonomy":"product_brand","embeddable":true,"href":"https:\/\/kinder-spielen-theater.de\/de_de\/wp-json\/wp\/v2\/product_brand?post=348"},{"taxonomy":"product_cat","embeddable":true,"href":"https:\/\/kinder-spielen-theater.de\/de_de\/wp-json\/wp\/v2\/product_cat?post=348"},{"taxonomy":"product_tag","embeddable":true,"href":"https:\/\/kinder-spielen-theater.de\/de_de\/wp-json\/wp\/v2\/product_tag?post=348"}],"curies":[{"name":"wp","href":"https:\/\/api.w.org\/{rel}","templated":true}]}}