{"id":328,"date":"2021-06-02T10:44:15","date_gmt":"2021-06-02T10:44:15","guid":{"rendered":"https:\/\/kinder-spielen-theater.de\/?post_type=product&#038;p=328"},"modified":"2022-09-27T07:07:41","modified_gmt":"2022-09-27T07:07:41","slug":"gutenberg","status":"publish","type":"product","link":"https:\/\/kinder-spielen-theater.de\/de_de\/produkt\/gutenberg\/","title":{"rendered":"Gutenberg"},"content":{"rendered":"<p><span style=\"font-size: 18pt;\"><strong>Inhalt<\/strong><\/span><br \/>\nDas Theaterst\u00fcck berichtet \u00fcber die Technik des neuen, von Gutenberg erfundenen Druckverfahrens mit beweglichen Lettern.<br \/>\nDar\u00fcber hinaus wird ausf\u00fchrlich dargestellt, welche Gr\u00fcnde Gutenberg veranlassten, dieses neue Verfahren zu entwickeln, n\u00e4mlich die Bibel, das Wort Gottes, besonders sch\u00f6n und fehlerfrei herzustellen. Auch auf die ungeheuren Folgen dieser Erfindung wird kurz eingegangen.<\/p>\n<p><span style=\"font-size: 18pt;\"><strong>Rollenzahl und Spieldauer<\/strong><\/span><br \/>\nVorgesehen sind 20 Rollen. Da man aber die Erz\u00e4hler 1 bis 4 in der Vorrede, im dritten Akt und in der Nachrede unterschiedlich besetzen kann, k\u00f6nnen vier oder acht weitere Akteure mitspielen.<br \/>\nEine andere M\u00f6glichkeit die Rollenzahl zu erh\u00f6hen, w\u00e4re, die schweren Hauptrollen von Gutenberg, Nikolaus oder Bruder Hilarius doppelt zu besetzen, so dass sechs weitere Rollen zugeteilt werden k\u00f6nnten. Es bestehen vielf\u00e4ltige M\u00f6glichkeiten, die Rollentexte den individuellen Bed\u00fcrfnissen der Klasse oder einzelner Sch\u00fcler\/-innen anzupassen.<br \/>\nStatistenrollen k\u00f6nnen hinzugenommen oder weggelassen werden. Hauptrollen (Johannes Gutenberg, Nikolaus Funke und Bruder Hilarius) k\u00f6nnen pro Akt von verschiedenen Teilnehmern statt durchg\u00e4ngig von einem Akteur besetzt werden.<br \/>\nDadurch verringern sich auch die Schwierigkeiten beim Ausfall eines Darstellers und schwierige Texte k\u00f6nnen auch parallel gelernt werden. Die Texte in der Vorrede, zu Beginn des 3. Aktes und in der Nachrede k\u00f6nnen von den Sch\u00fclern und Sch\u00fclerinnen z. B. von Papyrusrollen abgelesen werden.<br \/>\nDie Spieldauer betr\u00e4gt ca. 35 \u2013 40 Minuten.<\/p>\n<p><span style=\"font-size: 18pt;\"><strong>Textumfang<\/strong><\/span><br \/>\nRollentext 12 Seiten, insgesamt 33 Seiten<\/p>\n<p><span style=\"font-size: 18pt;\"><a href=\"https:\/\/kinder-spielen-theater.de\/wp-content\/uploads\/2021\/06\/27-Gutenberg-Leseprobe-Adobe.pdf\">Leseprobe<\/a><\/span><\/p>\n","protected":false},"excerpt":{"rendered":"<p>Inhalt Das Theaterst\u00fcck berichtet \u00fcber die Technik des neuen, von Gutenberg erfundenen Druckverfahrens mit beweglichen Lettern. Dar\u00fcber hinaus wird ausf\u00fchrlich dargestellt, welche Gr\u00fcnde Gutenberg veranlassten, dieses neue Verfahren zu entwickeln, n\u00e4mlich die Bibel, das Wort Gottes, besonders sch\u00f6n und fehlerfrei herzustellen. Auch auf die ungeheuren Folgen dieser Erfindung wird kurz eingegangen. Rollenzahl und Spieldauer Vorgesehen [&hellip;]<\/p>\n","protected":false},"featured_media":702,"comment_status":"closed","ping_status":"closed","template":"","meta":[],"product_brand":[],"product_cat":[40,42,41],"product_tag":[],"class_list":{"0":"post-328","1":"product","2":"type-product","3":"status-publish","4":"has-post-thumbnail","6":"product_cat-deutsches-kulturelles-erbe","7":"product_cat-kulturelles-erbe","8":"product_cat-naturwissenschaft-technik","10":"first","11":"instock","12":"downloadable","13":"virtual","14":"purchasable","15":"product-type-simple"},"yoast_head":"<!-- This site is optimized with the Yoast SEO plugin v27.4 - https:\/\/yoast.com\/product\/yoast-seo-wordpress\/ -->\n<title>Gutenberg - Kinder spielen Theater<\/title>\n<meta name=\"robots\" content=\"index, follow, max-snippet:-1, max-image-preview:large, max-video-preview:-1\" \/>\n<link rel=\"canonical\" href=\"https:\/\/kinder-spielen-theater.de\/de_de\/produkt\/gutenberg\/\" \/>\n<meta property=\"og:locale\" content=\"de_DE\" \/>\n<meta property=\"og:type\" content=\"article\" \/>\n<meta property=\"og:title\" content=\"Gutenberg - Kinder spielen Theater\" \/>\n<meta property=\"og:description\" content=\"Inhalt Das Theaterst\u00fcck berichtet \u00fcber die Technik des neuen, von Gutenberg erfundenen Druckverfahrens mit beweglichen Lettern. Dar\u00fcber hinaus wird ausf\u00fchrlich dargestellt, welche Gr\u00fcnde Gutenberg veranlassten, dieses neue Verfahren zu entwickeln, n\u00e4mlich die Bibel, das Wort Gottes, besonders sch\u00f6n und fehlerfrei herzustellen. Auch auf die ungeheuren Folgen dieser Erfindung wird kurz eingegangen. Rollenzahl und Spieldauer Vorgesehen [&hellip;]\" \/>\n<meta property=\"og:url\" content=\"https:\/\/kinder-spielen-theater.de\/de_de\/produkt\/gutenberg\/\" \/>\n<meta property=\"og:site_name\" content=\"Kinder spielen Theater\" \/>\n<meta property=\"article:modified_time\" content=\"2022-09-27T07:07:41+00:00\" \/>\n<meta property=\"og:image\" content=\"https:\/\/kinder-spielen-theater.de\/wp-content\/uploads\/2021\/06\/27-Gutenberg-o.k.-page-001.jpg\" \/>\n\t<meta property=\"og:image:width\" content=\"1240\" \/>\n\t<meta property=\"og:image:height\" content=\"1754\" \/>\n\t<meta property=\"og:image:type\" content=\"image\/jpeg\" \/>\n<meta name=\"twitter:card\" content=\"summary_large_image\" \/>\n<meta name=\"twitter:label1\" content=\"Gesch\u00e4tzte Lesezeit\" \/>\n\t<meta name=\"twitter:data1\" content=\"2\u00a0Minuten\" \/>\n<script type=\"application\/ld+json\" class=\"yoast-schema-graph\">{\"@context\":\"https:\\\/\\\/schema.org\",\"@graph\":[{\"@type\":\"WebPage\",\"@id\":\"https:\\\/\\\/kinder-spielen-theater.de\\\/produkt\\\/gutenberg\\\/\",\"url\":\"https:\\\/\\\/kinder-spielen-theater.de\\\/produkt\\\/gutenberg\\\/\",\"name\":\"Gutenberg - Kinder spielen Theater\",\"isPartOf\":{\"@id\":\"https:\\\/\\\/kinder-spielen-theater.de\\\/#website\"},\"primaryImageOfPage\":{\"@id\":\"https:\\\/\\\/kinder-spielen-theater.de\\\/produkt\\\/gutenberg\\\/#primaryimage\"},\"image\":{\"@id\":\"https:\\\/\\\/kinder-spielen-theater.de\\\/produkt\\\/gutenberg\\\/#primaryimage\"},\"thumbnailUrl\":\"https:\\\/\\\/kinder-spielen-theater.de\\\/wp-content\\\/uploads\\\/2021\\\/06\\\/27-Gutenberg-o.k.-page-001.jpg\",\"datePublished\":\"2021-06-02T10:44:15+00:00\",\"dateModified\":\"2022-09-27T07:07:41+00:00\",\"breadcrumb\":{\"@id\":\"https:\\\/\\\/kinder-spielen-theater.de\\\/produkt\\\/gutenberg\\\/#breadcrumb\"},\"inLanguage\":\"de\",\"potentialAction\":[{\"@type\":\"ReadAction\",\"target\":[\"https:\\\/\\\/kinder-spielen-theater.de\\\/produkt\\\/gutenberg\\\/\"]}]},{\"@type\":\"ImageObject\",\"inLanguage\":\"de\",\"@id\":\"https:\\\/\\\/kinder-spielen-theater.de\\\/produkt\\\/gutenberg\\\/#primaryimage\",\"url\":\"https:\\\/\\\/kinder-spielen-theater.de\\\/wp-content\\\/uploads\\\/2021\\\/06\\\/27-Gutenberg-o.k.-page-001.jpg\",\"contentUrl\":\"https:\\\/\\\/kinder-spielen-theater.de\\\/wp-content\\\/uploads\\\/2021\\\/06\\\/27-Gutenberg-o.k.-page-001.jpg\",\"width\":1240,\"height\":1754},{\"@type\":\"BreadcrumbList\",\"@id\":\"https:\\\/\\\/kinder-spielen-theater.de\\\/produkt\\\/gutenberg\\\/#breadcrumb\",\"itemListElement\":[{\"@type\":\"ListItem\",\"position\":1,\"name\":\"Startseite\",\"item\":\"https:\\\/\\\/kinder-spielen-theater.de\\\/\"},{\"@type\":\"ListItem\",\"position\":2,\"name\":\"Shop: Theaterst\u00fccke zum Download\",\"item\":\"https:\\\/\\\/kinder-spielen-theater.de\\\/shop\\\/\"},{\"@type\":\"ListItem\",\"position\":3,\"name\":\"Gutenberg\"}]},{\"@type\":\"WebSite\",\"@id\":\"https:\\\/\\\/kinder-spielen-theater.de\\\/#website\",\"url\":\"https:\\\/\\\/kinder-spielen-theater.de\\\/\",\"name\":\"Kinder spielen Theater\",\"description\":\"Theaterst\u00fccke f\u00fcr die Grundschule, Haupt- und Realschule, Gesamtschule und Gymnasium, Theaterst\u00fccke f\u00fcr Kinder\",\"potentialAction\":[{\"@type\":\"SearchAction\",\"target\":{\"@type\":\"EntryPoint\",\"urlTemplate\":\"https:\\\/\\\/kinder-spielen-theater.de\\\/?s={search_term_string}\"},\"query-input\":{\"@type\":\"PropertyValueSpecification\",\"valueRequired\":true,\"valueName\":\"search_term_string\"}}],\"inLanguage\":\"de\"}]}<\/script>\n<!-- \/ Yoast SEO plugin. -->","yoast_head_json":{"title":"Gutenberg - Kinder spielen Theater","robots":{"index":"index","follow":"follow","max-snippet":"max-snippet:-1","max-image-preview":"max-image-preview:large","max-video-preview":"max-video-preview:-1"},"canonical":"https:\/\/kinder-spielen-theater.de\/de_de\/produkt\/gutenberg\/","og_locale":"de_DE","og_type":"article","og_title":"Gutenberg - Kinder spielen Theater","og_description":"Inhalt Das Theaterst\u00fcck berichtet \u00fcber die Technik des neuen, von Gutenberg erfundenen Druckverfahrens mit beweglichen Lettern. Dar\u00fcber hinaus wird ausf\u00fchrlich dargestellt, welche Gr\u00fcnde Gutenberg veranlassten, dieses neue Verfahren zu entwickeln, n\u00e4mlich die Bibel, das Wort Gottes, besonders sch\u00f6n und fehlerfrei herzustellen. Auch auf die ungeheuren Folgen dieser Erfindung wird kurz eingegangen. Rollenzahl und Spieldauer Vorgesehen [&hellip;]","og_url":"https:\/\/kinder-spielen-theater.de\/de_de\/produkt\/gutenberg\/","og_site_name":"Kinder spielen Theater","article_modified_time":"2022-09-27T07:07:41+00:00","og_image":[{"width":1240,"height":1754,"url":"https:\/\/kinder-spielen-theater.de\/wp-content\/uploads\/2021\/06\/27-Gutenberg-o.k.-page-001.jpg","type":"image\/jpeg"}],"twitter_card":"summary_large_image","twitter_misc":{"Gesch\u00e4tzte Lesezeit":"2\u00a0Minuten"},"schema":{"@context":"https:\/\/schema.org","@graph":[{"@type":"WebPage","@id":"https:\/\/kinder-spielen-theater.de\/produkt\/gutenberg\/","url":"https:\/\/kinder-spielen-theater.de\/produkt\/gutenberg\/","name":"Gutenberg - Kinder spielen Theater","isPartOf":{"@id":"https:\/\/kinder-spielen-theater.de\/#website"},"primaryImageOfPage":{"@id":"https:\/\/kinder-spielen-theater.de\/produkt\/gutenberg\/#primaryimage"},"image":{"@id":"https:\/\/kinder-spielen-theater.de\/produkt\/gutenberg\/#primaryimage"},"thumbnailUrl":"https:\/\/kinder-spielen-theater.de\/wp-content\/uploads\/2021\/06\/27-Gutenberg-o.k.-page-001.jpg","datePublished":"2021-06-02T10:44:15+00:00","dateModified":"2022-09-27T07:07:41+00:00","breadcrumb":{"@id":"https:\/\/kinder-spielen-theater.de\/produkt\/gutenberg\/#breadcrumb"},"inLanguage":"de","potentialAction":[{"@type":"ReadAction","target":["https:\/\/kinder-spielen-theater.de\/produkt\/gutenberg\/"]}]},{"@type":"ImageObject","inLanguage":"de","@id":"https:\/\/kinder-spielen-theater.de\/produkt\/gutenberg\/#primaryimage","url":"https:\/\/kinder-spielen-theater.de\/wp-content\/uploads\/2021\/06\/27-Gutenberg-o.k.-page-001.jpg","contentUrl":"https:\/\/kinder-spielen-theater.de\/wp-content\/uploads\/2021\/06\/27-Gutenberg-o.k.-page-001.jpg","width":1240,"height":1754},{"@type":"BreadcrumbList","@id":"https:\/\/kinder-spielen-theater.de\/produkt\/gutenberg\/#breadcrumb","itemListElement":[{"@type":"ListItem","position":1,"name":"Startseite","item":"https:\/\/kinder-spielen-theater.de\/"},{"@type":"ListItem","position":2,"name":"Shop: Theaterst\u00fccke zum Download","item":"https:\/\/kinder-spielen-theater.de\/shop\/"},{"@type":"ListItem","position":3,"name":"Gutenberg"}]},{"@type":"WebSite","@id":"https:\/\/kinder-spielen-theater.de\/#website","url":"https:\/\/kinder-spielen-theater.de\/","name":"Kinder spielen Theater","description":"Theaterst\u00fccke f\u00fcr die Grundschule, Haupt- und Realschule, Gesamtschule und Gymnasium, Theaterst\u00fccke f\u00fcr Kinder","potentialAction":[{"@type":"SearchAction","target":{"@type":"EntryPoint","urlTemplate":"https:\/\/kinder-spielen-theater.de\/?s={search_term_string}"},"query-input":{"@type":"PropertyValueSpecification","valueRequired":true,"valueName":"search_term_string"}}],"inLanguage":"de"}]}},"_links":{"self":[{"href":"https:\/\/kinder-spielen-theater.de\/de_de\/wp-json\/wp\/v2\/product\/328","targetHints":{"allow":["GET"]}}],"collection":[{"href":"https:\/\/kinder-spielen-theater.de\/de_de\/wp-json\/wp\/v2\/product"}],"about":[{"href":"https:\/\/kinder-spielen-theater.de\/de_de\/wp-json\/wp\/v2\/types\/product"}],"replies":[{"embeddable":true,"href":"https:\/\/kinder-spielen-theater.de\/de_de\/wp-json\/wp\/v2\/comments?post=328"}],"wp:featuredmedia":[{"embeddable":true,"href":"https:\/\/kinder-spielen-theater.de\/de_de\/wp-json\/wp\/v2\/media\/702"}],"wp:attachment":[{"href":"https:\/\/kinder-spielen-theater.de\/de_de\/wp-json\/wp\/v2\/media?parent=328"}],"wp:term":[{"taxonomy":"product_brand","embeddable":true,"href":"https:\/\/kinder-spielen-theater.de\/de_de\/wp-json\/wp\/v2\/product_brand?post=328"},{"taxonomy":"product_cat","embeddable":true,"href":"https:\/\/kinder-spielen-theater.de\/de_de\/wp-json\/wp\/v2\/product_cat?post=328"},{"taxonomy":"product_tag","embeddable":true,"href":"https:\/\/kinder-spielen-theater.de\/de_de\/wp-json\/wp\/v2\/product_tag?post=328"}],"curies":[{"name":"wp","href":"https:\/\/api.w.org\/{rel}","templated":true}]}}