{"id":323,"date":"2021-06-02T10:37:54","date_gmt":"2021-06-02T10:37:54","guid":{"rendered":"https:\/\/kinder-spielen-theater.de\/?post_type=product&#038;p=323"},"modified":"2022-09-27T07:19:28","modified_gmt":"2022-09-27T07:19:28","slug":"eulenspiegel","status":"publish","type":"product","link":"https:\/\/kinder-spielen-theater.de\/de_de\/produkt\/eulenspiegel\/","title":{"rendered":"Eulenspiegel"},"content":{"rendered":"<p><span style=\"font-size: 18pt;\"><strong>Inhalt<\/strong><\/span><br \/>\nIn diesem Theaterst\u00fcck werden zwei Episoden aus den ber\u00fchmten Eulenspiegelgeschichten dargestellt: Den Schneidern bringt Eulenspiegel bei, dass Ank\u00fcndigungen, nur weil sie lautstark vorgetragen werden, nicht immer halten, was sie versprechen. Den Professoren beweist er, dass sie nicht so klug sind, wie sie es sich immer eingebildet haben, denn Eulenspiegel macht das von ihnen f\u00fcr unm\u00f6gliche gehaltene wahr: er lehrt einem Esel das Lesen. Jede der beiden Episoden kann auch einzeln gespielt werden.<\/p>\n<p><span style=\"font-size: 18pt;\"><strong>Rollenzahl und Spieldauer<\/strong><\/span><br \/>\nIm ersten St\u00fcck sind 20, im zweiten 25 Rollen zu besetzen.<br \/>\nDa der gr\u00f6\u00dfte Teil der Rollen nur sehr klein ist (nur ein Sprecheinsatz mit wenigen Worten), k\u00f6nnen mehrere Rollen zu jeweils einer Rolle zusammengefasst werden.<br \/>\nDurch Hinzunahme weiterer \u201eSchneider\u201c oder \u201eProfessoren\u201c (jeweils Rollen ohne Sprechtext) kann die Rollenzahl vergr\u00f6\u00dfert werden.<br \/>\nDie Auff\u00fchrungszeit f\u00fcr jedes der St\u00fccke betr\u00e4gt ca. 10 Minuten.<\/p>\n<p><span style=\"font-size: 18pt;\"><strong>Textumfang<\/strong><\/span><br \/>\nRollentext 3\/4 Seiten, insgesamt 29 Seiten<\/p>\n<p><span style=\"font-size: 18pt;\"><a href=\"https:\/\/kinder-spielen-theater.de\/wp-content\/uploads\/2021\/06\/43-Eulenspiegel-Leseprobe-Adobe.pdf\">Leseprobe<\/a><\/span><\/p>\n","protected":false},"excerpt":{"rendered":"<p>Inhalt In diesem Theaterst\u00fcck werden zwei Episoden aus den ber\u00fchmten Eulenspiegelgeschichten dargestellt: Den Schneidern bringt Eulenspiegel bei, dass Ank\u00fcndigungen, nur weil sie lautstark vorgetragen werden, nicht immer halten, was sie versprechen. Den Professoren beweist er, dass sie nicht so klug sind, wie sie es sich immer eingebildet haben, denn Eulenspiegel macht das von ihnen f\u00fcr [&hellip;]<\/p>\n","protected":false},"featured_media":710,"comment_status":"closed","ping_status":"closed","template":"","meta":[],"product_brand":[],"product_cat":[40,42],"product_tag":[],"class_list":{"0":"post-323","1":"product","2":"type-product","3":"status-publish","4":"has-post-thumbnail","6":"product_cat-deutsches-kulturelles-erbe","7":"product_cat-kulturelles-erbe","9":"first","10":"instock","11":"downloadable","12":"virtual","13":"purchasable","14":"product-type-simple"},"yoast_head":"<!-- This site is optimized with the Yoast SEO plugin v27.3 - https:\/\/yoast.com\/product\/yoast-seo-wordpress\/ -->\n<title>Eulenspiegel - Kinder spielen Theater<\/title>\n<meta name=\"robots\" content=\"index, follow, max-snippet:-1, max-image-preview:large, max-video-preview:-1\" \/>\n<link rel=\"canonical\" href=\"https:\/\/kinder-spielen-theater.de\/de_de\/produkt\/eulenspiegel\/\" \/>\n<meta property=\"og:locale\" content=\"de_DE\" \/>\n<meta property=\"og:type\" content=\"article\" \/>\n<meta property=\"og:title\" content=\"Eulenspiegel - Kinder spielen Theater\" \/>\n<meta property=\"og:description\" content=\"Inhalt In diesem Theaterst\u00fcck werden zwei Episoden aus den ber\u00fchmten Eulenspiegelgeschichten dargestellt: Den Schneidern bringt Eulenspiegel bei, dass Ank\u00fcndigungen, nur weil sie lautstark vorgetragen werden, nicht immer halten, was sie versprechen. Den Professoren beweist er, dass sie nicht so klug sind, wie sie es sich immer eingebildet haben, denn Eulenspiegel macht das von ihnen f\u00fcr [&hellip;]\" \/>\n<meta property=\"og:url\" content=\"https:\/\/kinder-spielen-theater.de\/de_de\/produkt\/eulenspiegel\/\" \/>\n<meta property=\"og:site_name\" content=\"Kinder spielen Theater\" \/>\n<meta property=\"article:modified_time\" content=\"2022-09-27T07:19:28+00:00\" \/>\n<meta property=\"og:image\" content=\"https:\/\/kinder-spielen-theater.de\/wp-content\/uploads\/2021\/06\/43-Eulenspiegel...-o.k.-page-001.jpg\" \/>\n\t<meta property=\"og:image:width\" content=\"1240\" \/>\n\t<meta property=\"og:image:height\" content=\"1754\" \/>\n\t<meta property=\"og:image:type\" content=\"image\/jpeg\" \/>\n<meta name=\"twitter:card\" content=\"summary_large_image\" \/>\n<meta name=\"twitter:label1\" content=\"Gesch\u00e4tzte Lesezeit\" \/>\n\t<meta name=\"twitter:data1\" content=\"1\u00a0Minute\" \/>\n<script type=\"application\/ld+json\" class=\"yoast-schema-graph\">{\"@context\":\"https:\\\/\\\/schema.org\",\"@graph\":[{\"@type\":\"WebPage\",\"@id\":\"https:\\\/\\\/kinder-spielen-theater.de\\\/produkt\\\/eulenspiegel\\\/\",\"url\":\"https:\\\/\\\/kinder-spielen-theater.de\\\/produkt\\\/eulenspiegel\\\/\",\"name\":\"Eulenspiegel - Kinder spielen Theater\",\"isPartOf\":{\"@id\":\"https:\\\/\\\/kinder-spielen-theater.de\\\/#website\"},\"primaryImageOfPage\":{\"@id\":\"https:\\\/\\\/kinder-spielen-theater.de\\\/produkt\\\/eulenspiegel\\\/#primaryimage\"},\"image\":{\"@id\":\"https:\\\/\\\/kinder-spielen-theater.de\\\/produkt\\\/eulenspiegel\\\/#primaryimage\"},\"thumbnailUrl\":\"https:\\\/\\\/kinder-spielen-theater.de\\\/wp-content\\\/uploads\\\/2021\\\/06\\\/43-Eulenspiegel...-o.k.-page-001.jpg\",\"datePublished\":\"2021-06-02T10:37:54+00:00\",\"dateModified\":\"2022-09-27T07:19:28+00:00\",\"breadcrumb\":{\"@id\":\"https:\\\/\\\/kinder-spielen-theater.de\\\/produkt\\\/eulenspiegel\\\/#breadcrumb\"},\"inLanguage\":\"de\",\"potentialAction\":[{\"@type\":\"ReadAction\",\"target\":[\"https:\\\/\\\/kinder-spielen-theater.de\\\/produkt\\\/eulenspiegel\\\/\"]}]},{\"@type\":\"ImageObject\",\"inLanguage\":\"de\",\"@id\":\"https:\\\/\\\/kinder-spielen-theater.de\\\/produkt\\\/eulenspiegel\\\/#primaryimage\",\"url\":\"https:\\\/\\\/kinder-spielen-theater.de\\\/wp-content\\\/uploads\\\/2021\\\/06\\\/43-Eulenspiegel...-o.k.-page-001.jpg\",\"contentUrl\":\"https:\\\/\\\/kinder-spielen-theater.de\\\/wp-content\\\/uploads\\\/2021\\\/06\\\/43-Eulenspiegel...-o.k.-page-001.jpg\",\"width\":1240,\"height\":1754},{\"@type\":\"BreadcrumbList\",\"@id\":\"https:\\\/\\\/kinder-spielen-theater.de\\\/produkt\\\/eulenspiegel\\\/#breadcrumb\",\"itemListElement\":[{\"@type\":\"ListItem\",\"position\":1,\"name\":\"Startseite\",\"item\":\"https:\\\/\\\/kinder-spielen-theater.de\\\/\"},{\"@type\":\"ListItem\",\"position\":2,\"name\":\"Shop: Theaterst\u00fccke zum Download\",\"item\":\"https:\\\/\\\/kinder-spielen-theater.de\\\/shop\\\/\"},{\"@type\":\"ListItem\",\"position\":3,\"name\":\"Eulenspiegel\"}]},{\"@type\":\"WebSite\",\"@id\":\"https:\\\/\\\/kinder-spielen-theater.de\\\/#website\",\"url\":\"https:\\\/\\\/kinder-spielen-theater.de\\\/\",\"name\":\"Kinder spielen Theater\",\"description\":\"Theaterst\u00fccke f\u00fcr die Grundschule, Haupt- und Realschule, Gesamtschule und Gymnasium, Theaterst\u00fccke f\u00fcr Kinder\",\"potentialAction\":[{\"@type\":\"SearchAction\",\"target\":{\"@type\":\"EntryPoint\",\"urlTemplate\":\"https:\\\/\\\/kinder-spielen-theater.de\\\/?s={search_term_string}\"},\"query-input\":{\"@type\":\"PropertyValueSpecification\",\"valueRequired\":true,\"valueName\":\"search_term_string\"}}],\"inLanguage\":\"de\"}]}<\/script>\n<!-- \/ Yoast SEO plugin. -->","yoast_head_json":{"title":"Eulenspiegel - Kinder spielen Theater","robots":{"index":"index","follow":"follow","max-snippet":"max-snippet:-1","max-image-preview":"max-image-preview:large","max-video-preview":"max-video-preview:-1"},"canonical":"https:\/\/kinder-spielen-theater.de\/de_de\/produkt\/eulenspiegel\/","og_locale":"de_DE","og_type":"article","og_title":"Eulenspiegel - Kinder spielen Theater","og_description":"Inhalt In diesem Theaterst\u00fcck werden zwei Episoden aus den ber\u00fchmten Eulenspiegelgeschichten dargestellt: Den Schneidern bringt Eulenspiegel bei, dass Ank\u00fcndigungen, nur weil sie lautstark vorgetragen werden, nicht immer halten, was sie versprechen. Den Professoren beweist er, dass sie nicht so klug sind, wie sie es sich immer eingebildet haben, denn Eulenspiegel macht das von ihnen f\u00fcr [&hellip;]","og_url":"https:\/\/kinder-spielen-theater.de\/de_de\/produkt\/eulenspiegel\/","og_site_name":"Kinder spielen Theater","article_modified_time":"2022-09-27T07:19:28+00:00","og_image":[{"width":1240,"height":1754,"url":"https:\/\/kinder-spielen-theater.de\/wp-content\/uploads\/2021\/06\/43-Eulenspiegel...-o.k.-page-001.jpg","type":"image\/jpeg"}],"twitter_card":"summary_large_image","twitter_misc":{"Gesch\u00e4tzte Lesezeit":"1\u00a0Minute"},"schema":{"@context":"https:\/\/schema.org","@graph":[{"@type":"WebPage","@id":"https:\/\/kinder-spielen-theater.de\/produkt\/eulenspiegel\/","url":"https:\/\/kinder-spielen-theater.de\/produkt\/eulenspiegel\/","name":"Eulenspiegel - Kinder spielen Theater","isPartOf":{"@id":"https:\/\/kinder-spielen-theater.de\/#website"},"primaryImageOfPage":{"@id":"https:\/\/kinder-spielen-theater.de\/produkt\/eulenspiegel\/#primaryimage"},"image":{"@id":"https:\/\/kinder-spielen-theater.de\/produkt\/eulenspiegel\/#primaryimage"},"thumbnailUrl":"https:\/\/kinder-spielen-theater.de\/wp-content\/uploads\/2021\/06\/43-Eulenspiegel...-o.k.-page-001.jpg","datePublished":"2021-06-02T10:37:54+00:00","dateModified":"2022-09-27T07:19:28+00:00","breadcrumb":{"@id":"https:\/\/kinder-spielen-theater.de\/produkt\/eulenspiegel\/#breadcrumb"},"inLanguage":"de","potentialAction":[{"@type":"ReadAction","target":["https:\/\/kinder-spielen-theater.de\/produkt\/eulenspiegel\/"]}]},{"@type":"ImageObject","inLanguage":"de","@id":"https:\/\/kinder-spielen-theater.de\/produkt\/eulenspiegel\/#primaryimage","url":"https:\/\/kinder-spielen-theater.de\/wp-content\/uploads\/2021\/06\/43-Eulenspiegel...-o.k.-page-001.jpg","contentUrl":"https:\/\/kinder-spielen-theater.de\/wp-content\/uploads\/2021\/06\/43-Eulenspiegel...-o.k.-page-001.jpg","width":1240,"height":1754},{"@type":"BreadcrumbList","@id":"https:\/\/kinder-spielen-theater.de\/produkt\/eulenspiegel\/#breadcrumb","itemListElement":[{"@type":"ListItem","position":1,"name":"Startseite","item":"https:\/\/kinder-spielen-theater.de\/"},{"@type":"ListItem","position":2,"name":"Shop: Theaterst\u00fccke zum Download","item":"https:\/\/kinder-spielen-theater.de\/shop\/"},{"@type":"ListItem","position":3,"name":"Eulenspiegel"}]},{"@type":"WebSite","@id":"https:\/\/kinder-spielen-theater.de\/#website","url":"https:\/\/kinder-spielen-theater.de\/","name":"Kinder spielen Theater","description":"Theaterst\u00fccke f\u00fcr die Grundschule, Haupt- und Realschule, Gesamtschule und Gymnasium, Theaterst\u00fccke f\u00fcr Kinder","potentialAction":[{"@type":"SearchAction","target":{"@type":"EntryPoint","urlTemplate":"https:\/\/kinder-spielen-theater.de\/?s={search_term_string}"},"query-input":{"@type":"PropertyValueSpecification","valueRequired":true,"valueName":"search_term_string"}}],"inLanguage":"de"}]}},"_links":{"self":[{"href":"https:\/\/kinder-spielen-theater.de\/de_de\/wp-json\/wp\/v2\/product\/323","targetHints":{"allow":["GET"]}}],"collection":[{"href":"https:\/\/kinder-spielen-theater.de\/de_de\/wp-json\/wp\/v2\/product"}],"about":[{"href":"https:\/\/kinder-spielen-theater.de\/de_de\/wp-json\/wp\/v2\/types\/product"}],"replies":[{"embeddable":true,"href":"https:\/\/kinder-spielen-theater.de\/de_de\/wp-json\/wp\/v2\/comments?post=323"}],"wp:featuredmedia":[{"embeddable":true,"href":"https:\/\/kinder-spielen-theater.de\/de_de\/wp-json\/wp\/v2\/media\/710"}],"wp:attachment":[{"href":"https:\/\/kinder-spielen-theater.de\/de_de\/wp-json\/wp\/v2\/media?parent=323"}],"wp:term":[{"taxonomy":"product_brand","embeddable":true,"href":"https:\/\/kinder-spielen-theater.de\/de_de\/wp-json\/wp\/v2\/product_brand?post=323"},{"taxonomy":"product_cat","embeddable":true,"href":"https:\/\/kinder-spielen-theater.de\/de_de\/wp-json\/wp\/v2\/product_cat?post=323"},{"taxonomy":"product_tag","embeddable":true,"href":"https:\/\/kinder-spielen-theater.de\/de_de\/wp-json\/wp\/v2\/product_tag?post=323"}],"curies":[{"name":"wp","href":"https:\/\/api.w.org\/{rel}","templated":true}]}}