{"id":308,"date":"2021-06-02T09:06:22","date_gmt":"2021-06-02T09:06:22","guid":{"rendered":"https:\/\/kinder-spielen-theater.de\/?post_type=product&#038;p=308"},"modified":"2022-09-27T07:22:17","modified_gmt":"2022-09-27T07:22:17","slug":"eine-pyramide-wird-gebaut","status":"publish","type":"product","link":"https:\/\/kinder-spielen-theater.de\/de_de\/produkt\/eine-pyramide-wird-gebaut\/","title":{"rendered":"Eine Pyramide wird gebaut"},"content":{"rendered":"<p><span style=\"font-size: 18pt;\"><strong>Inhalt<\/strong> <\/span><br \/>\nDieses Theaterst\u00fcck f\u00fchrt die Kinder in die Welt der alten \u00c4gypter, die vor 5000 Jahren lebten, und gibt einen umfassenden Einblick in deren Leben und Kultur.<br \/>\nErz\u00e4hlt wird von den Kindern zweier Familien unterschiedlichen Standes. Potiphar, der Sohn eines Arbeiters auf der Baustelle der Pyramide, darf die Kinder des Arztes Sinuhe in die Schule begleiten, die ihm sonst versagt ist. Dort lernt er etwas \u00fcber das Lesen und Schreiben der \u00e4gyptischen Hieroglyphen und \u00fcber die Verg\u00f6tterung des Pharaos. Anschlie\u00dfend besuchen die Kinder gemeinsam ihre V\u00e4ter auf der Baustelle der Pyramide und beobachten erstaunliche Techniken, aber auch Probleme bei ihrem Bau. Am Abend sie, zusammen mit vielen anderen Familien, beim Pharao und der Pharaonin eingeladen.<\/p>\n<p><span style=\"font-size: 18pt;\"><strong>Rollenzahl und Spieldauer<\/strong><\/span><br \/>\nDas St\u00fcck besteht aus vier Akten.<br \/>\nWenn alle vier gespielt werden, sind 34 Rollen zu besetzen.<br \/>\nWenn ein oder sogar zwei Akte weggelassen werden (was m\u00f6glich ist), verkleinert sich die Rollenzahl entsprechend.<br \/>\nWenn z.B. zwei Klassen an der Auff\u00fchrung beteiligt werden, k\u00f6nnte jede der beiden Klassen jeweils zwei Akte spielen, was den Arbeitsaufwand f\u00fcr die einzelnen Klassen verringern w\u00fcrde.<br \/>\nDie Auff\u00fchrungszeit des vollst\u00e4ndigen St\u00fcckes betr\u00e4gt ca. 50 Minuten.<\/p>\n<p><span style=\"font-size: 18pt;\"><strong>Textumfang<\/strong><\/span><br \/>\nRollentext 16 Seiten, insgesamt 53 Seiten<\/p>\n<p><span style=\"font-size: 18pt;\"><a href=\"https:\/\/kinder-spielen-theater.de\/wp-content\/uploads\/2021\/06\/40-Pyramide-Leseprobe-Adobe.pdf\">Leseprobe<\/a><\/span><\/p>\n","protected":false},"excerpt":{"rendered":"<p>Inhalt Dieses Theaterst\u00fcck f\u00fchrt die Kinder in die Welt der alten \u00c4gypter, die vor 5000 Jahren lebten, und gibt einen umfassenden Einblick in deren Leben und Kultur. Erz\u00e4hlt wird von den Kindern zweier Familien unterschiedlichen Standes. Potiphar, der Sohn eines Arbeiters auf der Baustelle der Pyramide, darf die Kinder des Arztes Sinuhe in die Schule [&hellip;]<\/p>\n","protected":false},"featured_media":713,"comment_status":"closed","ping_status":"closed","template":"","meta":[],"product_brand":[],"product_cat":[37,42],"product_tag":[],"class_list":{"0":"post-308","1":"product","2":"type-product","3":"status-publish","4":"has-post-thumbnail","6":"product_cat-europaeisches-kulturelles-erbe","7":"product_cat-kulturelles-erbe","9":"first","10":"instock","11":"sale","12":"downloadable","13":"virtual","14":"purchasable","15":"product-type-simple"},"yoast_head":"<!-- This site is optimized with the Yoast SEO plugin v27.4 - https:\/\/yoast.com\/product\/yoast-seo-wordpress\/ -->\n<title>Eine Pyramide wird gebaut - Kinder spielen Theater<\/title>\n<meta name=\"robots\" content=\"index, follow, max-snippet:-1, max-image-preview:large, max-video-preview:-1\" \/>\n<link rel=\"canonical\" href=\"https:\/\/kinder-spielen-theater.de\/de_de\/produkt\/eine-pyramide-wird-gebaut\/\" \/>\n<meta property=\"og:locale\" content=\"de_DE\" \/>\n<meta property=\"og:type\" content=\"article\" \/>\n<meta property=\"og:title\" content=\"Eine Pyramide wird gebaut - Kinder spielen Theater\" \/>\n<meta property=\"og:description\" content=\"Inhalt Dieses Theaterst\u00fcck f\u00fchrt die Kinder in die Welt der alten \u00c4gypter, die vor 5000 Jahren lebten, und gibt einen umfassenden Einblick in deren Leben und Kultur. Erz\u00e4hlt wird von den Kindern zweier Familien unterschiedlichen Standes. Potiphar, der Sohn eines Arbeiters auf der Baustelle der Pyramide, darf die Kinder des Arztes Sinuhe in die Schule [&hellip;]\" \/>\n<meta property=\"og:url\" content=\"https:\/\/kinder-spielen-theater.de\/de_de\/produkt\/eine-pyramide-wird-gebaut\/\" \/>\n<meta property=\"og:site_name\" content=\"Kinder spielen Theater\" \/>\n<meta property=\"article:modified_time\" content=\"2022-09-27T07:22:17+00:00\" \/>\n<meta property=\"og:image\" content=\"https:\/\/kinder-spielen-theater.de\/wp-content\/uploads\/2021\/06\/40-Eine-Pyramide-...-o.k.-page-001.jpg\" \/>\n\t<meta property=\"og:image:width\" content=\"1240\" \/>\n\t<meta property=\"og:image:height\" content=\"1754\" \/>\n\t<meta property=\"og:image:type\" content=\"image\/jpeg\" \/>\n<meta name=\"twitter:card\" content=\"summary_large_image\" \/>\n<meta name=\"twitter:label1\" content=\"Gesch\u00e4tzte Lesezeit\" \/>\n\t<meta name=\"twitter:data1\" content=\"2\u00a0Minuten\" \/>\n<script type=\"application\/ld+json\" class=\"yoast-schema-graph\">{\"@context\":\"https:\\\/\\\/schema.org\",\"@graph\":[{\"@type\":\"WebPage\",\"@id\":\"https:\\\/\\\/kinder-spielen-theater.de\\\/produkt\\\/eine-pyramide-wird-gebaut\\\/\",\"url\":\"https:\\\/\\\/kinder-spielen-theater.de\\\/produkt\\\/eine-pyramide-wird-gebaut\\\/\",\"name\":\"Eine Pyramide wird gebaut - Kinder spielen Theater\",\"isPartOf\":{\"@id\":\"https:\\\/\\\/kinder-spielen-theater.de\\\/#website\"},\"primaryImageOfPage\":{\"@id\":\"https:\\\/\\\/kinder-spielen-theater.de\\\/produkt\\\/eine-pyramide-wird-gebaut\\\/#primaryimage\"},\"image\":{\"@id\":\"https:\\\/\\\/kinder-spielen-theater.de\\\/produkt\\\/eine-pyramide-wird-gebaut\\\/#primaryimage\"},\"thumbnailUrl\":\"https:\\\/\\\/kinder-spielen-theater.de\\\/wp-content\\\/uploads\\\/2021\\\/06\\\/40-Eine-Pyramide-...-o.k.-page-001.jpg\",\"datePublished\":\"2021-06-02T09:06:22+00:00\",\"dateModified\":\"2022-09-27T07:22:17+00:00\",\"breadcrumb\":{\"@id\":\"https:\\\/\\\/kinder-spielen-theater.de\\\/produkt\\\/eine-pyramide-wird-gebaut\\\/#breadcrumb\"},\"inLanguage\":\"de\",\"potentialAction\":[{\"@type\":\"ReadAction\",\"target\":[\"https:\\\/\\\/kinder-spielen-theater.de\\\/produkt\\\/eine-pyramide-wird-gebaut\\\/\"]}]},{\"@type\":\"ImageObject\",\"inLanguage\":\"de\",\"@id\":\"https:\\\/\\\/kinder-spielen-theater.de\\\/produkt\\\/eine-pyramide-wird-gebaut\\\/#primaryimage\",\"url\":\"https:\\\/\\\/kinder-spielen-theater.de\\\/wp-content\\\/uploads\\\/2021\\\/06\\\/40-Eine-Pyramide-...-o.k.-page-001.jpg\",\"contentUrl\":\"https:\\\/\\\/kinder-spielen-theater.de\\\/wp-content\\\/uploads\\\/2021\\\/06\\\/40-Eine-Pyramide-...-o.k.-page-001.jpg\",\"width\":1240,\"height\":1754},{\"@type\":\"BreadcrumbList\",\"@id\":\"https:\\\/\\\/kinder-spielen-theater.de\\\/produkt\\\/eine-pyramide-wird-gebaut\\\/#breadcrumb\",\"itemListElement\":[{\"@type\":\"ListItem\",\"position\":1,\"name\":\"Startseite\",\"item\":\"https:\\\/\\\/kinder-spielen-theater.de\\\/\"},{\"@type\":\"ListItem\",\"position\":2,\"name\":\"Shop: Theaterst\u00fccke zum Download\",\"item\":\"https:\\\/\\\/kinder-spielen-theater.de\\\/shop\\\/\"},{\"@type\":\"ListItem\",\"position\":3,\"name\":\"Eine Pyramide wird gebaut\"}]},{\"@type\":\"WebSite\",\"@id\":\"https:\\\/\\\/kinder-spielen-theater.de\\\/#website\",\"url\":\"https:\\\/\\\/kinder-spielen-theater.de\\\/\",\"name\":\"Kinder spielen Theater\",\"description\":\"Theaterst\u00fccke f\u00fcr die Grundschule, Haupt- und Realschule, Gesamtschule und Gymnasium, Theaterst\u00fccke f\u00fcr Kinder\",\"potentialAction\":[{\"@type\":\"SearchAction\",\"target\":{\"@type\":\"EntryPoint\",\"urlTemplate\":\"https:\\\/\\\/kinder-spielen-theater.de\\\/?s={search_term_string}\"},\"query-input\":{\"@type\":\"PropertyValueSpecification\",\"valueRequired\":true,\"valueName\":\"search_term_string\"}}],\"inLanguage\":\"de\"}]}<\/script>\n<!-- \/ Yoast SEO plugin. -->","yoast_head_json":{"title":"Eine Pyramide wird gebaut - Kinder spielen Theater","robots":{"index":"index","follow":"follow","max-snippet":"max-snippet:-1","max-image-preview":"max-image-preview:large","max-video-preview":"max-video-preview:-1"},"canonical":"https:\/\/kinder-spielen-theater.de\/de_de\/produkt\/eine-pyramide-wird-gebaut\/","og_locale":"de_DE","og_type":"article","og_title":"Eine Pyramide wird gebaut - Kinder spielen Theater","og_description":"Inhalt Dieses Theaterst\u00fcck f\u00fchrt die Kinder in die Welt der alten \u00c4gypter, die vor 5000 Jahren lebten, und gibt einen umfassenden Einblick in deren Leben und Kultur. Erz\u00e4hlt wird von den Kindern zweier Familien unterschiedlichen Standes. Potiphar, der Sohn eines Arbeiters auf der Baustelle der Pyramide, darf die Kinder des Arztes Sinuhe in die Schule [&hellip;]","og_url":"https:\/\/kinder-spielen-theater.de\/de_de\/produkt\/eine-pyramide-wird-gebaut\/","og_site_name":"Kinder spielen Theater","article_modified_time":"2022-09-27T07:22:17+00:00","og_image":[{"width":1240,"height":1754,"url":"https:\/\/kinder-spielen-theater.de\/wp-content\/uploads\/2021\/06\/40-Eine-Pyramide-...-o.k.-page-001.jpg","type":"image\/jpeg"}],"twitter_card":"summary_large_image","twitter_misc":{"Gesch\u00e4tzte Lesezeit":"2\u00a0Minuten"},"schema":{"@context":"https:\/\/schema.org","@graph":[{"@type":"WebPage","@id":"https:\/\/kinder-spielen-theater.de\/produkt\/eine-pyramide-wird-gebaut\/","url":"https:\/\/kinder-spielen-theater.de\/produkt\/eine-pyramide-wird-gebaut\/","name":"Eine Pyramide wird gebaut - Kinder spielen Theater","isPartOf":{"@id":"https:\/\/kinder-spielen-theater.de\/#website"},"primaryImageOfPage":{"@id":"https:\/\/kinder-spielen-theater.de\/produkt\/eine-pyramide-wird-gebaut\/#primaryimage"},"image":{"@id":"https:\/\/kinder-spielen-theater.de\/produkt\/eine-pyramide-wird-gebaut\/#primaryimage"},"thumbnailUrl":"https:\/\/kinder-spielen-theater.de\/wp-content\/uploads\/2021\/06\/40-Eine-Pyramide-...-o.k.-page-001.jpg","datePublished":"2021-06-02T09:06:22+00:00","dateModified":"2022-09-27T07:22:17+00:00","breadcrumb":{"@id":"https:\/\/kinder-spielen-theater.de\/produkt\/eine-pyramide-wird-gebaut\/#breadcrumb"},"inLanguage":"de","potentialAction":[{"@type":"ReadAction","target":["https:\/\/kinder-spielen-theater.de\/produkt\/eine-pyramide-wird-gebaut\/"]}]},{"@type":"ImageObject","inLanguage":"de","@id":"https:\/\/kinder-spielen-theater.de\/produkt\/eine-pyramide-wird-gebaut\/#primaryimage","url":"https:\/\/kinder-spielen-theater.de\/wp-content\/uploads\/2021\/06\/40-Eine-Pyramide-...-o.k.-page-001.jpg","contentUrl":"https:\/\/kinder-spielen-theater.de\/wp-content\/uploads\/2021\/06\/40-Eine-Pyramide-...-o.k.-page-001.jpg","width":1240,"height":1754},{"@type":"BreadcrumbList","@id":"https:\/\/kinder-spielen-theater.de\/produkt\/eine-pyramide-wird-gebaut\/#breadcrumb","itemListElement":[{"@type":"ListItem","position":1,"name":"Startseite","item":"https:\/\/kinder-spielen-theater.de\/"},{"@type":"ListItem","position":2,"name":"Shop: Theaterst\u00fccke zum Download","item":"https:\/\/kinder-spielen-theater.de\/shop\/"},{"@type":"ListItem","position":3,"name":"Eine Pyramide wird gebaut"}]},{"@type":"WebSite","@id":"https:\/\/kinder-spielen-theater.de\/#website","url":"https:\/\/kinder-spielen-theater.de\/","name":"Kinder spielen Theater","description":"Theaterst\u00fccke f\u00fcr die Grundschule, Haupt- und Realschule, Gesamtschule und Gymnasium, Theaterst\u00fccke f\u00fcr Kinder","potentialAction":[{"@type":"SearchAction","target":{"@type":"EntryPoint","urlTemplate":"https:\/\/kinder-spielen-theater.de\/?s={search_term_string}"},"query-input":{"@type":"PropertyValueSpecification","valueRequired":true,"valueName":"search_term_string"}}],"inLanguage":"de"}]}},"_links":{"self":[{"href":"https:\/\/kinder-spielen-theater.de\/de_de\/wp-json\/wp\/v2\/product\/308","targetHints":{"allow":["GET"]}}],"collection":[{"href":"https:\/\/kinder-spielen-theater.de\/de_de\/wp-json\/wp\/v2\/product"}],"about":[{"href":"https:\/\/kinder-spielen-theater.de\/de_de\/wp-json\/wp\/v2\/types\/product"}],"replies":[{"embeddable":true,"href":"https:\/\/kinder-spielen-theater.de\/de_de\/wp-json\/wp\/v2\/comments?post=308"}],"wp:featuredmedia":[{"embeddable":true,"href":"https:\/\/kinder-spielen-theater.de\/de_de\/wp-json\/wp\/v2\/media\/713"}],"wp:attachment":[{"href":"https:\/\/kinder-spielen-theater.de\/de_de\/wp-json\/wp\/v2\/media?parent=308"}],"wp:term":[{"taxonomy":"product_brand","embeddable":true,"href":"https:\/\/kinder-spielen-theater.de\/de_de\/wp-json\/wp\/v2\/product_brand?post=308"},{"taxonomy":"product_cat","embeddable":true,"href":"https:\/\/kinder-spielen-theater.de\/de_de\/wp-json\/wp\/v2\/product_cat?post=308"},{"taxonomy":"product_tag","embeddable":true,"href":"https:\/\/kinder-spielen-theater.de\/de_de\/wp-json\/wp\/v2\/product_tag?post=308"}],"curies":[{"name":"wp","href":"https:\/\/api.w.org\/{rel}","templated":true}]}}