{"id":298,"date":"2021-06-02T08:57:01","date_gmt":"2021-06-02T08:57:01","guid":{"rendered":"https:\/\/kinder-spielen-theater.de\/?post_type=product&#038;p=298"},"modified":"2022-09-27T07:23:15","modified_gmt":"2022-09-27T07:23:15","slug":"die-zerrbrille","status":"publish","type":"product","link":"https:\/\/kinder-spielen-theater.de\/de_de\/produkt\/die-zerrbrille\/","title":{"rendered":"Die Zerrbrille"},"content":{"rendered":"<p><span style=\"font-size: 18pt;\"><strong>Inhalt<\/strong><\/span><br \/>\nIn diesem Theaterst\u00fcck geht es um die Toleranz gegen\u00fcber Menschen anderer Rasse, Religion oder Lebensweise.<br \/>\nDie Geschichte spielt in einem fiktiven Land vor langer Zeit. Die Mehrheit in diesem Land unterdr\u00fcckt Andersdenkende und Menschen anderer Religion und anderer Lebensweise, weil viele Menschen behaupten, dass diese anderen Menschen minderwertig seien. Diese negative Bewertung anderer Menschen wird hier symbolisch als die &#8222;Zerrbrillenkrankheit&#8220; dargestellt: Die kranken Menschen sehen die Menschen anderer Lebensweise wie durch eine Zerrbrille. Nur Kinder werden von dieser Krankheit nicht angesteckt, sie sollten deshalb Beispiel f\u00fcr die Erwachsenen sein.<\/p>\n<p><span style=\"font-size: 18pt;\"><strong>Rollenzahl und Spieldauer<\/strong><\/span><br \/>\nDas St\u00fcck enth\u00e4lt 35 Rollen. Diese Zahl kann durch Zusammenfassen mehrerer sehr kleiner Rollen auf 20 bis 25 Rollen verringert werden.<br \/>\nDie Auff\u00fchrungszeit betr\u00e4gt ca. 35 Minuten.<\/p>\n<p><span style=\"font-size: 18pt;\"><strong>Textumfang<\/strong><\/span><br \/>\nRollentext 10 Seiten, insgesamt 33 Seiten<\/p>\n<p><strong><span style=\"font-size: 18pt;\">Musik<\/span> <\/strong><br \/>\nZus\u00e4tzlich zum Rollentext und den Lehrerhinweisen sind noch 5 Musik-Dateien im mp3-Format enthalten.<\/p>\n<p><a href=\"https:\/\/kinder-spielen-theater.de\/wp-content\/uploads\/2021\/06\/37-Die-Zerrbrille-Leseprobe-Adobe.pdf\">37-Die Zerrbrille Leseprobe Adobe<\/a><\/p>\n","protected":false},"excerpt":{"rendered":"<p>Inhalt In diesem Theaterst\u00fcck geht es um die Toleranz gegen\u00fcber Menschen anderer Rasse, Religion oder Lebensweise. Die Geschichte spielt in einem fiktiven Land vor langer Zeit. Die Mehrheit in diesem Land unterdr\u00fcckt Andersdenkende und Menschen anderer Religion und anderer Lebensweise, weil viele Menschen behaupten, dass diese anderen Menschen minderwertig seien. Diese negative Bewertung anderer Menschen [&hellip;]<\/p>\n","protected":false},"featured_media":714,"comment_status":"open","ping_status":"closed","template":"","meta":[],"product_brand":[],"product_cat":[44],"product_tag":[],"class_list":{"0":"post-298","1":"product","2":"type-product","3":"status-publish","4":"has-post-thumbnail","6":"product_cat-gewaltlosigkeit","8":"first","9":"instock","10":"downloadable","11":"virtual","12":"purchasable","13":"product-type-simple"},"yoast_head":"<!-- This site is optimized with the Yoast SEO plugin v27.3 - https:\/\/yoast.com\/product\/yoast-seo-wordpress\/ -->\n<title>Die Zerrbrille - Kinder spielen Theater<\/title>\n<meta name=\"robots\" content=\"index, follow, max-snippet:-1, max-image-preview:large, max-video-preview:-1\" \/>\n<link rel=\"canonical\" href=\"https:\/\/kinder-spielen-theater.de\/de_de\/produkt\/die-zerrbrille\/\" \/>\n<meta property=\"og:locale\" content=\"de_DE\" \/>\n<meta property=\"og:type\" content=\"article\" \/>\n<meta property=\"og:title\" content=\"Die Zerrbrille - Kinder spielen Theater\" \/>\n<meta property=\"og:description\" content=\"Inhalt In diesem Theaterst\u00fcck geht es um die Toleranz gegen\u00fcber Menschen anderer Rasse, Religion oder Lebensweise. Die Geschichte spielt in einem fiktiven Land vor langer Zeit. Die Mehrheit in diesem Land unterdr\u00fcckt Andersdenkende und Menschen anderer Religion und anderer Lebensweise, weil viele Menschen behaupten, dass diese anderen Menschen minderwertig seien. Diese negative Bewertung anderer Menschen [&hellip;]\" \/>\n<meta property=\"og:url\" content=\"https:\/\/kinder-spielen-theater.de\/de_de\/produkt\/die-zerrbrille\/\" \/>\n<meta property=\"og:site_name\" content=\"Kinder spielen Theater\" \/>\n<meta property=\"article:modified_time\" content=\"2022-09-27T07:23:15+00:00\" \/>\n<meta property=\"og:image\" content=\"https:\/\/kinder-spielen-theater.de\/wp-content\/uploads\/2021\/06\/37-Die-Zerrbrille-o.k.-page-001.jpg\" \/>\n\t<meta property=\"og:image:width\" content=\"1240\" \/>\n\t<meta property=\"og:image:height\" content=\"1754\" \/>\n\t<meta property=\"og:image:type\" content=\"image\/jpeg\" \/>\n<meta name=\"twitter:card\" content=\"summary_large_image\" \/>\n<meta name=\"twitter:label1\" content=\"Gesch\u00e4tzte Lesezeit\" \/>\n\t<meta name=\"twitter:data1\" content=\"1\u00a0Minute\" \/>\n<script type=\"application\/ld+json\" class=\"yoast-schema-graph\">{\"@context\":\"https:\\\/\\\/schema.org\",\"@graph\":[{\"@type\":\"WebPage\",\"@id\":\"https:\\\/\\\/kinder-spielen-theater.de\\\/produkt\\\/die-zerrbrille\\\/\",\"url\":\"https:\\\/\\\/kinder-spielen-theater.de\\\/produkt\\\/die-zerrbrille\\\/\",\"name\":\"Die Zerrbrille - Kinder spielen Theater\",\"isPartOf\":{\"@id\":\"https:\\\/\\\/kinder-spielen-theater.de\\\/#website\"},\"primaryImageOfPage\":{\"@id\":\"https:\\\/\\\/kinder-spielen-theater.de\\\/produkt\\\/die-zerrbrille\\\/#primaryimage\"},\"image\":{\"@id\":\"https:\\\/\\\/kinder-spielen-theater.de\\\/produkt\\\/die-zerrbrille\\\/#primaryimage\"},\"thumbnailUrl\":\"https:\\\/\\\/kinder-spielen-theater.de\\\/wp-content\\\/uploads\\\/2021\\\/06\\\/37-Die-Zerrbrille-o.k.-page-001.jpg\",\"datePublished\":\"2021-06-02T08:57:01+00:00\",\"dateModified\":\"2022-09-27T07:23:15+00:00\",\"breadcrumb\":{\"@id\":\"https:\\\/\\\/kinder-spielen-theater.de\\\/produkt\\\/die-zerrbrille\\\/#breadcrumb\"},\"inLanguage\":\"de\",\"potentialAction\":[{\"@type\":\"ReadAction\",\"target\":[\"https:\\\/\\\/kinder-spielen-theater.de\\\/produkt\\\/die-zerrbrille\\\/\"]}]},{\"@type\":\"ImageObject\",\"inLanguage\":\"de\",\"@id\":\"https:\\\/\\\/kinder-spielen-theater.de\\\/produkt\\\/die-zerrbrille\\\/#primaryimage\",\"url\":\"https:\\\/\\\/kinder-spielen-theater.de\\\/wp-content\\\/uploads\\\/2021\\\/06\\\/37-Die-Zerrbrille-o.k.-page-001.jpg\",\"contentUrl\":\"https:\\\/\\\/kinder-spielen-theater.de\\\/wp-content\\\/uploads\\\/2021\\\/06\\\/37-Die-Zerrbrille-o.k.-page-001.jpg\",\"width\":1240,\"height\":1754},{\"@type\":\"BreadcrumbList\",\"@id\":\"https:\\\/\\\/kinder-spielen-theater.de\\\/produkt\\\/die-zerrbrille\\\/#breadcrumb\",\"itemListElement\":[{\"@type\":\"ListItem\",\"position\":1,\"name\":\"Startseite\",\"item\":\"https:\\\/\\\/kinder-spielen-theater.de\\\/\"},{\"@type\":\"ListItem\",\"position\":2,\"name\":\"Shop: Theaterst\u00fccke zum Download\",\"item\":\"https:\\\/\\\/kinder-spielen-theater.de\\\/shop\\\/\"},{\"@type\":\"ListItem\",\"position\":3,\"name\":\"Die Zerrbrille\"}]},{\"@type\":\"WebSite\",\"@id\":\"https:\\\/\\\/kinder-spielen-theater.de\\\/#website\",\"url\":\"https:\\\/\\\/kinder-spielen-theater.de\\\/\",\"name\":\"Kinder spielen Theater\",\"description\":\"Theaterst\u00fccke f\u00fcr die Grundschule, Haupt- und Realschule, Gesamtschule und Gymnasium, Theaterst\u00fccke f\u00fcr Kinder\",\"potentialAction\":[{\"@type\":\"SearchAction\",\"target\":{\"@type\":\"EntryPoint\",\"urlTemplate\":\"https:\\\/\\\/kinder-spielen-theater.de\\\/?s={search_term_string}\"},\"query-input\":{\"@type\":\"PropertyValueSpecification\",\"valueRequired\":true,\"valueName\":\"search_term_string\"}}],\"inLanguage\":\"de\"}]}<\/script>\n<!-- \/ Yoast SEO plugin. -->","yoast_head_json":{"title":"Die Zerrbrille - Kinder spielen Theater","robots":{"index":"index","follow":"follow","max-snippet":"max-snippet:-1","max-image-preview":"max-image-preview:large","max-video-preview":"max-video-preview:-1"},"canonical":"https:\/\/kinder-spielen-theater.de\/de_de\/produkt\/die-zerrbrille\/","og_locale":"de_DE","og_type":"article","og_title":"Die Zerrbrille - Kinder spielen Theater","og_description":"Inhalt In diesem Theaterst\u00fcck geht es um die Toleranz gegen\u00fcber Menschen anderer Rasse, Religion oder Lebensweise. Die Geschichte spielt in einem fiktiven Land vor langer Zeit. Die Mehrheit in diesem Land unterdr\u00fcckt Andersdenkende und Menschen anderer Religion und anderer Lebensweise, weil viele Menschen behaupten, dass diese anderen Menschen minderwertig seien. Diese negative Bewertung anderer Menschen [&hellip;]","og_url":"https:\/\/kinder-spielen-theater.de\/de_de\/produkt\/die-zerrbrille\/","og_site_name":"Kinder spielen Theater","article_modified_time":"2022-09-27T07:23:15+00:00","og_image":[{"width":1240,"height":1754,"url":"https:\/\/kinder-spielen-theater.de\/wp-content\/uploads\/2021\/06\/37-Die-Zerrbrille-o.k.-page-001.jpg","type":"image\/jpeg"}],"twitter_card":"summary_large_image","twitter_misc":{"Gesch\u00e4tzte Lesezeit":"1\u00a0Minute"},"schema":{"@context":"https:\/\/schema.org","@graph":[{"@type":"WebPage","@id":"https:\/\/kinder-spielen-theater.de\/produkt\/die-zerrbrille\/","url":"https:\/\/kinder-spielen-theater.de\/produkt\/die-zerrbrille\/","name":"Die Zerrbrille - Kinder spielen Theater","isPartOf":{"@id":"https:\/\/kinder-spielen-theater.de\/#website"},"primaryImageOfPage":{"@id":"https:\/\/kinder-spielen-theater.de\/produkt\/die-zerrbrille\/#primaryimage"},"image":{"@id":"https:\/\/kinder-spielen-theater.de\/produkt\/die-zerrbrille\/#primaryimage"},"thumbnailUrl":"https:\/\/kinder-spielen-theater.de\/wp-content\/uploads\/2021\/06\/37-Die-Zerrbrille-o.k.-page-001.jpg","datePublished":"2021-06-02T08:57:01+00:00","dateModified":"2022-09-27T07:23:15+00:00","breadcrumb":{"@id":"https:\/\/kinder-spielen-theater.de\/produkt\/die-zerrbrille\/#breadcrumb"},"inLanguage":"de","potentialAction":[{"@type":"ReadAction","target":["https:\/\/kinder-spielen-theater.de\/produkt\/die-zerrbrille\/"]}]},{"@type":"ImageObject","inLanguage":"de","@id":"https:\/\/kinder-spielen-theater.de\/produkt\/die-zerrbrille\/#primaryimage","url":"https:\/\/kinder-spielen-theater.de\/wp-content\/uploads\/2021\/06\/37-Die-Zerrbrille-o.k.-page-001.jpg","contentUrl":"https:\/\/kinder-spielen-theater.de\/wp-content\/uploads\/2021\/06\/37-Die-Zerrbrille-o.k.-page-001.jpg","width":1240,"height":1754},{"@type":"BreadcrumbList","@id":"https:\/\/kinder-spielen-theater.de\/produkt\/die-zerrbrille\/#breadcrumb","itemListElement":[{"@type":"ListItem","position":1,"name":"Startseite","item":"https:\/\/kinder-spielen-theater.de\/"},{"@type":"ListItem","position":2,"name":"Shop: Theaterst\u00fccke zum Download","item":"https:\/\/kinder-spielen-theater.de\/shop\/"},{"@type":"ListItem","position":3,"name":"Die Zerrbrille"}]},{"@type":"WebSite","@id":"https:\/\/kinder-spielen-theater.de\/#website","url":"https:\/\/kinder-spielen-theater.de\/","name":"Kinder spielen Theater","description":"Theaterst\u00fccke f\u00fcr die Grundschule, Haupt- und Realschule, Gesamtschule und Gymnasium, Theaterst\u00fccke f\u00fcr Kinder","potentialAction":[{"@type":"SearchAction","target":{"@type":"EntryPoint","urlTemplate":"https:\/\/kinder-spielen-theater.de\/?s={search_term_string}"},"query-input":{"@type":"PropertyValueSpecification","valueRequired":true,"valueName":"search_term_string"}}],"inLanguage":"de"}]}},"_links":{"self":[{"href":"https:\/\/kinder-spielen-theater.de\/de_de\/wp-json\/wp\/v2\/product\/298","targetHints":{"allow":["GET"]}}],"collection":[{"href":"https:\/\/kinder-spielen-theater.de\/de_de\/wp-json\/wp\/v2\/product"}],"about":[{"href":"https:\/\/kinder-spielen-theater.de\/de_de\/wp-json\/wp\/v2\/types\/product"}],"replies":[{"embeddable":true,"href":"https:\/\/kinder-spielen-theater.de\/de_de\/wp-json\/wp\/v2\/comments?post=298"}],"wp:featuredmedia":[{"embeddable":true,"href":"https:\/\/kinder-spielen-theater.de\/de_de\/wp-json\/wp\/v2\/media\/714"}],"wp:attachment":[{"href":"https:\/\/kinder-spielen-theater.de\/de_de\/wp-json\/wp\/v2\/media?parent=298"}],"wp:term":[{"taxonomy":"product_brand","embeddable":true,"href":"https:\/\/kinder-spielen-theater.de\/de_de\/wp-json\/wp\/v2\/product_brand?post=298"},{"taxonomy":"product_cat","embeddable":true,"href":"https:\/\/kinder-spielen-theater.de\/de_de\/wp-json\/wp\/v2\/product_cat?post=298"},{"taxonomy":"product_tag","embeddable":true,"href":"https:\/\/kinder-spielen-theater.de\/de_de\/wp-json\/wp\/v2\/product_tag?post=298"}],"curies":[{"name":"wp","href":"https:\/\/api.w.org\/{rel}","templated":true}]}}