{"id":287,"date":"2021-06-02T07:27:13","date_gmt":"2021-06-02T07:27:13","guid":{"rendered":"https:\/\/kinder-spielen-theater.de\/?post_type=product&#038;p=287"},"modified":"2022-09-27T07:18:10","modified_gmt":"2022-09-27T07:18:10","slug":"die-sternreise","status":"publish","type":"product","link":"https:\/\/kinder-spielen-theater.de\/de_de\/produkt\/die-sternreise\/","title":{"rendered":"Die Sternreise"},"content":{"rendered":"<p><span style=\"font-family: georgia, palatino, serif;\"><span style=\"font-size: 18pt;\"><strong>Inhalt<\/strong><\/span><br \/>\n\u201eDie Sternenreise\u201c ist eine \u201eGeschichte vom kleinen Igel\/ der kleinen Igelin\u201c(s.u.). In dieser Geschichte versucht der kleine Igel, mit einer Sternschnuppe zu den Sternen zu reisen. Er findet im Verlauf des St\u00fcckes zwar keine Sternschnuppe, die gro\u00df genug ist ihn mitzunehmen, doch am Schluss des St\u00fcckes wei\u00df er ganz sicher, dass er die Hoffnung auf die Erf\u00fcllung seines Traumes nicht aufgeben muss.<\/span><\/p>\n<p><span style=\"font-family: georgia, palatino, serif;\"><span style=\"font-size: 18pt;\"><strong>Rollenzahl und Spieldauer<\/strong> <\/span><br \/>\nIn \u201cDie Sternenreise\u201c gibt es in der vorliegenden Fassung 19 Rollen.<br \/>\nDiese Zahl kann durch Hinzunahme von Stern-bzw. Sternschnuppenrollen (ohne Sprechtext) vergr\u00f6\u00dfert bzw. bis auf 10 Rollen verkleinert werden.<br \/>\nDie Auff\u00fchrungszeit betr\u00e4gt ca. 10 Minuten. Sie kann durch Einbindung weiterer T\u00e4nze verl\u00e4ngert werden.<\/span><\/p>\n<p><span style=\"font-family: georgia, palatino, serif;\"><span style=\"font-size: 18pt;\"><strong>Textumfang Rollentext<\/strong><\/span><br \/>\n2 Seiten, insgesamt 17 Seiten<\/span><\/p>\n<p><span style=\"font-family: georgia, palatino, serif;\"><strong><span style=\"font-size: 18pt;\">Musik<\/span> <\/strong><br \/>\nZus\u00e4tzlich zum Rollentext und den Lehrerhinweisen sind noch 2 Musik-Dateien im mp3-Format enthalten.<\/span><\/p>\n<p><span style=\"font-size: 18pt;\"><a href=\"https:\/\/kinder-spielen-theater.de\/wp-content\/uploads\/2021\/06\/10b-Die-Sternreise-Leseprobe-Adobe.pdf\">Leseprobe<\/a><\/span><\/p>\n","protected":false},"excerpt":{"rendered":"<p>Inhalt \u201eDie Sternenreise\u201c ist eine \u201eGeschichte vom kleinen Igel\/ der kleinen Igelin\u201c(s.u.). In dieser Geschichte versucht der kleine Igel, mit einer Sternschnuppe zu den Sternen zu reisen. Er findet im Verlauf des St\u00fcckes zwar keine Sternschnuppe, die gro\u00df genug ist ihn mitzunehmen, doch am Schluss des St\u00fcckes wei\u00df er ganz sicher, dass er die Hoffnung [&hellip;]<\/p>\n","protected":false},"featured_media":709,"comment_status":"closed","ping_status":"closed","template":"","meta":[],"product_brand":[],"product_cat":[30],"product_tag":[],"class_list":{"0":"post-287","1":"product","2":"type-product","3":"status-publish","4":"has-post-thumbnail","6":"product_cat-igelgeschichten","8":"first","9":"instock","10":"downloadable","11":"virtual","12":"purchasable","13":"product-type-simple"},"yoast_head":"<!-- This site is optimized with the Yoast SEO plugin v27.4 - https:\/\/yoast.com\/product\/yoast-seo-wordpress\/ -->\n<title>Die Sternreise - Kinder spielen Theater<\/title>\n<meta name=\"robots\" content=\"index, follow, max-snippet:-1, max-image-preview:large, max-video-preview:-1\" \/>\n<link rel=\"canonical\" href=\"https:\/\/kinder-spielen-theater.de\/de_de\/produkt\/die-sternreise\/\" \/>\n<meta property=\"og:locale\" content=\"de_DE\" \/>\n<meta property=\"og:type\" content=\"article\" \/>\n<meta property=\"og:title\" content=\"Die Sternreise - Kinder spielen Theater\" \/>\n<meta property=\"og:description\" content=\"Inhalt \u201eDie Sternenreise\u201c ist eine \u201eGeschichte vom kleinen Igel\/ der kleinen Igelin\u201c(s.u.). In dieser Geschichte versucht der kleine Igel, mit einer Sternschnuppe zu den Sternen zu reisen. Er findet im Verlauf des St\u00fcckes zwar keine Sternschnuppe, die gro\u00df genug ist ihn mitzunehmen, doch am Schluss des St\u00fcckes wei\u00df er ganz sicher, dass er die Hoffnung [&hellip;]\" \/>\n<meta property=\"og:url\" content=\"https:\/\/kinder-spielen-theater.de\/de_de\/produkt\/die-sternreise\/\" \/>\n<meta property=\"og:site_name\" content=\"Kinder spielen Theater\" \/>\n<meta property=\"article:modified_time\" content=\"2022-09-27T07:18:10+00:00\" \/>\n<meta property=\"og:image\" content=\"https:\/\/kinder-spielen-theater.de\/wp-content\/uploads\/2021\/06\/10b-Die-Sternreise-o.k.-page-001.jpg\" \/>\n\t<meta property=\"og:image:width\" content=\"1240\" \/>\n\t<meta property=\"og:image:height\" content=\"1754\" \/>\n\t<meta property=\"og:image:type\" content=\"image\/jpeg\" \/>\n<meta name=\"twitter:card\" content=\"summary_large_image\" \/>\n<meta name=\"twitter:label1\" content=\"Gesch\u00e4tzte Lesezeit\" \/>\n\t<meta name=\"twitter:data1\" content=\"1\u00a0Minute\" \/>\n<script type=\"application\/ld+json\" class=\"yoast-schema-graph\">{\"@context\":\"https:\\\/\\\/schema.org\",\"@graph\":[{\"@type\":\"WebPage\",\"@id\":\"https:\\\/\\\/kinder-spielen-theater.de\\\/produkt\\\/die-sternreise\\\/\",\"url\":\"https:\\\/\\\/kinder-spielen-theater.de\\\/produkt\\\/die-sternreise\\\/\",\"name\":\"Die Sternreise - Kinder spielen Theater\",\"isPartOf\":{\"@id\":\"https:\\\/\\\/kinder-spielen-theater.de\\\/#website\"},\"primaryImageOfPage\":{\"@id\":\"https:\\\/\\\/kinder-spielen-theater.de\\\/produkt\\\/die-sternreise\\\/#primaryimage\"},\"image\":{\"@id\":\"https:\\\/\\\/kinder-spielen-theater.de\\\/produkt\\\/die-sternreise\\\/#primaryimage\"},\"thumbnailUrl\":\"https:\\\/\\\/kinder-spielen-theater.de\\\/wp-content\\\/uploads\\\/2021\\\/06\\\/10b-Die-Sternreise-o.k.-page-001.jpg\",\"datePublished\":\"2021-06-02T07:27:13+00:00\",\"dateModified\":\"2022-09-27T07:18:10+00:00\",\"breadcrumb\":{\"@id\":\"https:\\\/\\\/kinder-spielen-theater.de\\\/produkt\\\/die-sternreise\\\/#breadcrumb\"},\"inLanguage\":\"de\",\"potentialAction\":[{\"@type\":\"ReadAction\",\"target\":[\"https:\\\/\\\/kinder-spielen-theater.de\\\/produkt\\\/die-sternreise\\\/\"]}]},{\"@type\":\"ImageObject\",\"inLanguage\":\"de\",\"@id\":\"https:\\\/\\\/kinder-spielen-theater.de\\\/produkt\\\/die-sternreise\\\/#primaryimage\",\"url\":\"https:\\\/\\\/kinder-spielen-theater.de\\\/wp-content\\\/uploads\\\/2021\\\/06\\\/10b-Die-Sternreise-o.k.-page-001.jpg\",\"contentUrl\":\"https:\\\/\\\/kinder-spielen-theater.de\\\/wp-content\\\/uploads\\\/2021\\\/06\\\/10b-Die-Sternreise-o.k.-page-001.jpg\",\"width\":1240,\"height\":1754},{\"@type\":\"BreadcrumbList\",\"@id\":\"https:\\\/\\\/kinder-spielen-theater.de\\\/produkt\\\/die-sternreise\\\/#breadcrumb\",\"itemListElement\":[{\"@type\":\"ListItem\",\"position\":1,\"name\":\"Startseite\",\"item\":\"https:\\\/\\\/kinder-spielen-theater.de\\\/\"},{\"@type\":\"ListItem\",\"position\":2,\"name\":\"Shop: Theaterst\u00fccke zum Download\",\"item\":\"https:\\\/\\\/kinder-spielen-theater.de\\\/shop\\\/\"},{\"@type\":\"ListItem\",\"position\":3,\"name\":\"Die Sternreise\"}]},{\"@type\":\"WebSite\",\"@id\":\"https:\\\/\\\/kinder-spielen-theater.de\\\/#website\",\"url\":\"https:\\\/\\\/kinder-spielen-theater.de\\\/\",\"name\":\"Kinder spielen Theater\",\"description\":\"Theaterst\u00fccke f\u00fcr die Grundschule, Haupt- und Realschule, Gesamtschule und Gymnasium, Theaterst\u00fccke f\u00fcr Kinder\",\"potentialAction\":[{\"@type\":\"SearchAction\",\"target\":{\"@type\":\"EntryPoint\",\"urlTemplate\":\"https:\\\/\\\/kinder-spielen-theater.de\\\/?s={search_term_string}\"},\"query-input\":{\"@type\":\"PropertyValueSpecification\",\"valueRequired\":true,\"valueName\":\"search_term_string\"}}],\"inLanguage\":\"de\"}]}<\/script>\n<!-- \/ Yoast SEO plugin. -->","yoast_head_json":{"title":"Die Sternreise - Kinder spielen Theater","robots":{"index":"index","follow":"follow","max-snippet":"max-snippet:-1","max-image-preview":"max-image-preview:large","max-video-preview":"max-video-preview:-1"},"canonical":"https:\/\/kinder-spielen-theater.de\/de_de\/produkt\/die-sternreise\/","og_locale":"de_DE","og_type":"article","og_title":"Die Sternreise - Kinder spielen Theater","og_description":"Inhalt \u201eDie Sternenreise\u201c ist eine \u201eGeschichte vom kleinen Igel\/ der kleinen Igelin\u201c(s.u.). In dieser Geschichte versucht der kleine Igel, mit einer Sternschnuppe zu den Sternen zu reisen. Er findet im Verlauf des St\u00fcckes zwar keine Sternschnuppe, die gro\u00df genug ist ihn mitzunehmen, doch am Schluss des St\u00fcckes wei\u00df er ganz sicher, dass er die Hoffnung [&hellip;]","og_url":"https:\/\/kinder-spielen-theater.de\/de_de\/produkt\/die-sternreise\/","og_site_name":"Kinder spielen Theater","article_modified_time":"2022-09-27T07:18:10+00:00","og_image":[{"width":1240,"height":1754,"url":"https:\/\/kinder-spielen-theater.de\/wp-content\/uploads\/2021\/06\/10b-Die-Sternreise-o.k.-page-001.jpg","type":"image\/jpeg"}],"twitter_card":"summary_large_image","twitter_misc":{"Gesch\u00e4tzte Lesezeit":"1\u00a0Minute"},"schema":{"@context":"https:\/\/schema.org","@graph":[{"@type":"WebPage","@id":"https:\/\/kinder-spielen-theater.de\/produkt\/die-sternreise\/","url":"https:\/\/kinder-spielen-theater.de\/produkt\/die-sternreise\/","name":"Die Sternreise - Kinder spielen Theater","isPartOf":{"@id":"https:\/\/kinder-spielen-theater.de\/#website"},"primaryImageOfPage":{"@id":"https:\/\/kinder-spielen-theater.de\/produkt\/die-sternreise\/#primaryimage"},"image":{"@id":"https:\/\/kinder-spielen-theater.de\/produkt\/die-sternreise\/#primaryimage"},"thumbnailUrl":"https:\/\/kinder-spielen-theater.de\/wp-content\/uploads\/2021\/06\/10b-Die-Sternreise-o.k.-page-001.jpg","datePublished":"2021-06-02T07:27:13+00:00","dateModified":"2022-09-27T07:18:10+00:00","breadcrumb":{"@id":"https:\/\/kinder-spielen-theater.de\/produkt\/die-sternreise\/#breadcrumb"},"inLanguage":"de","potentialAction":[{"@type":"ReadAction","target":["https:\/\/kinder-spielen-theater.de\/produkt\/die-sternreise\/"]}]},{"@type":"ImageObject","inLanguage":"de","@id":"https:\/\/kinder-spielen-theater.de\/produkt\/die-sternreise\/#primaryimage","url":"https:\/\/kinder-spielen-theater.de\/wp-content\/uploads\/2021\/06\/10b-Die-Sternreise-o.k.-page-001.jpg","contentUrl":"https:\/\/kinder-spielen-theater.de\/wp-content\/uploads\/2021\/06\/10b-Die-Sternreise-o.k.-page-001.jpg","width":1240,"height":1754},{"@type":"BreadcrumbList","@id":"https:\/\/kinder-spielen-theater.de\/produkt\/die-sternreise\/#breadcrumb","itemListElement":[{"@type":"ListItem","position":1,"name":"Startseite","item":"https:\/\/kinder-spielen-theater.de\/"},{"@type":"ListItem","position":2,"name":"Shop: Theaterst\u00fccke zum Download","item":"https:\/\/kinder-spielen-theater.de\/shop\/"},{"@type":"ListItem","position":3,"name":"Die Sternreise"}]},{"@type":"WebSite","@id":"https:\/\/kinder-spielen-theater.de\/#website","url":"https:\/\/kinder-spielen-theater.de\/","name":"Kinder spielen Theater","description":"Theaterst\u00fccke f\u00fcr die Grundschule, Haupt- und Realschule, Gesamtschule und Gymnasium, Theaterst\u00fccke f\u00fcr Kinder","potentialAction":[{"@type":"SearchAction","target":{"@type":"EntryPoint","urlTemplate":"https:\/\/kinder-spielen-theater.de\/?s={search_term_string}"},"query-input":{"@type":"PropertyValueSpecification","valueRequired":true,"valueName":"search_term_string"}}],"inLanguage":"de"}]}},"_links":{"self":[{"href":"https:\/\/kinder-spielen-theater.de\/de_de\/wp-json\/wp\/v2\/product\/287","targetHints":{"allow":["GET"]}}],"collection":[{"href":"https:\/\/kinder-spielen-theater.de\/de_de\/wp-json\/wp\/v2\/product"}],"about":[{"href":"https:\/\/kinder-spielen-theater.de\/de_de\/wp-json\/wp\/v2\/types\/product"}],"replies":[{"embeddable":true,"href":"https:\/\/kinder-spielen-theater.de\/de_de\/wp-json\/wp\/v2\/comments?post=287"}],"wp:featuredmedia":[{"embeddable":true,"href":"https:\/\/kinder-spielen-theater.de\/de_de\/wp-json\/wp\/v2\/media\/709"}],"wp:attachment":[{"href":"https:\/\/kinder-spielen-theater.de\/de_de\/wp-json\/wp\/v2\/media?parent=287"}],"wp:term":[{"taxonomy":"product_brand","embeddable":true,"href":"https:\/\/kinder-spielen-theater.de\/de_de\/wp-json\/wp\/v2\/product_brand?post=287"},{"taxonomy":"product_cat","embeddable":true,"href":"https:\/\/kinder-spielen-theater.de\/de_de\/wp-json\/wp\/v2\/product_cat?post=287"},{"taxonomy":"product_tag","embeddable":true,"href":"https:\/\/kinder-spielen-theater.de\/de_de\/wp-json\/wp\/v2\/product_tag?post=287"}],"curies":[{"name":"wp","href":"https:\/\/api.w.org\/{rel}","templated":true}]}}