{"id":282,"date":"2021-06-02T07:21:20","date_gmt":"2021-06-02T07:21:20","guid":{"rendered":"https:\/\/kinder-spielen-theater.de\/?post_type=product&#038;p=282"},"modified":"2022-09-27T07:16:17","modified_gmt":"2022-09-27T07:16:17","slug":"die-schildbuerger","status":"publish","type":"product","link":"https:\/\/kinder-spielen-theater.de\/de_de\/produkt\/die-schildbuerger\/","title":{"rendered":"Die Schildb\u00fcrger"},"content":{"rendered":"<p><span style=\"font-size: 18pt;\"><strong>Inhalt<\/strong><\/span><br \/>\nZwei bekannte Schildb\u00fcrgergeschichten werden gespielt. Im ersten St\u00fcck bauen die Schildb\u00fcrger ein neues Rathaus und machen dabei haarstr\u00e4ubend dumme Fehler. Im zweiten St\u00fcck handeln sie zun\u00e4chst klug. Zur Bek\u00e4mpfung einer M\u00e4useplage kaufen sie eine Katze. Als sie jedoch aus Angst vor der Katze versuchen, diese mit Feuer zu vertreiben, brennen sie nach und nach ihre ganze Stadt ab. Beide Geschichten zeigen, dass Misserfolge oder sogar Katastrophen zu erwarten sind, wenn Menschen nur oberfl\u00e4chlich \u00fcber die Folgen ihres Tuns nachdenken.<\/p>\n<p><span style=\"font-size: 18pt;\"><strong>Rollenzahl und Spieldauer<\/strong><\/span><br \/>\nDas erste St\u00fcck enth\u00e4lt 18, das zweite 9 (jeweils zum gr\u00f6\u00dften Teil sehr kurze) Rollen.<br \/>\nDurch Hinzunahme von weiteren \u201eSchildb\u00fcrgern\u201c(ohne Sprechtext) kann die Anzahl der Rollen vergr\u00f6\u00dfert, durch Zusammenfassen mehrerer ganz kleiner Rollen verkleinert werden.<br \/>\nDie Auff\u00fchrungszeiten betragen ca. 15 bzw. 10 Minuten.<\/p>\n<p><span style=\"font-size: 18pt;\"><strong>Textumfang<\/strong><\/span><br \/>\nRollentext 2\/2 Seiten insgesamt 20 Seiten<\/p>\n<p><span style=\"font-size: 18pt;\"><a href=\"https:\/\/kinder-spielen-theater.de\/wp-content\/uploads\/2021\/06\/35-Die-Schildbuerger...Leseprobe-Adobe.pdf\">Leseprobe<\/a><\/span><\/p>\n","protected":false},"excerpt":{"rendered":"<p>Inhalt Zwei bekannte Schildb\u00fcrgergeschichten werden gespielt. Im ersten St\u00fcck bauen die Schildb\u00fcrger ein neues Rathaus und machen dabei haarstr\u00e4ubend dumme Fehler. Im zweiten St\u00fcck handeln sie zun\u00e4chst klug. Zur Bek\u00e4mpfung einer M\u00e4useplage kaufen sie eine Katze. Als sie jedoch aus Angst vor der Katze versuchen, diese mit Feuer zu vertreiben, brennen sie nach und nach [&hellip;]<\/p>\n","protected":false},"featured_media":707,"comment_status":"open","ping_status":"closed","template":"","meta":[],"product_brand":[],"product_cat":[40,42],"product_tag":[],"class_list":{"0":"post-282","1":"product","2":"type-product","3":"status-publish","4":"has-post-thumbnail","6":"product_cat-deutsches-kulturelles-erbe","7":"product_cat-kulturelles-erbe","9":"first","10":"instock","11":"downloadable","12":"virtual","13":"purchasable","14":"product-type-simple"},"yoast_head":"<!-- This site is optimized with the Yoast SEO plugin v27.4 - https:\/\/yoast.com\/product\/yoast-seo-wordpress\/ -->\n<title>Die Schildb\u00fcrger - Kinder spielen Theater<\/title>\n<meta name=\"robots\" content=\"index, follow, max-snippet:-1, max-image-preview:large, max-video-preview:-1\" \/>\n<link rel=\"canonical\" href=\"https:\/\/kinder-spielen-theater.de\/de_de\/produkt\/die-schildbuerger\/\" \/>\n<meta property=\"og:locale\" content=\"de_DE\" \/>\n<meta property=\"og:type\" content=\"article\" \/>\n<meta property=\"og:title\" content=\"Die Schildb\u00fcrger - Kinder spielen Theater\" \/>\n<meta property=\"og:description\" content=\"Inhalt Zwei bekannte Schildb\u00fcrgergeschichten werden gespielt. Im ersten St\u00fcck bauen die Schildb\u00fcrger ein neues Rathaus und machen dabei haarstr\u00e4ubend dumme Fehler. Im zweiten St\u00fcck handeln sie zun\u00e4chst klug. Zur Bek\u00e4mpfung einer M\u00e4useplage kaufen sie eine Katze. Als sie jedoch aus Angst vor der Katze versuchen, diese mit Feuer zu vertreiben, brennen sie nach und nach [&hellip;]\" \/>\n<meta property=\"og:url\" content=\"https:\/\/kinder-spielen-theater.de\/de_de\/produkt\/die-schildbuerger\/\" \/>\n<meta property=\"og:site_name\" content=\"Kinder spielen Theater\" \/>\n<meta property=\"article:modified_time\" content=\"2022-09-27T07:16:17+00:00\" \/>\n<meta property=\"og:image\" content=\"https:\/\/kinder-spielen-theater.de\/wp-content\/uploads\/2021\/06\/35-Die-Schildbuerger...-o.k.-page-001.jpg\" \/>\n\t<meta property=\"og:image:width\" content=\"1240\" \/>\n\t<meta property=\"og:image:height\" content=\"1754\" \/>\n\t<meta property=\"og:image:type\" content=\"image\/jpeg\" \/>\n<meta name=\"twitter:card\" content=\"summary_large_image\" \/>\n<meta name=\"twitter:label1\" content=\"Gesch\u00e4tzte Lesezeit\" \/>\n\t<meta name=\"twitter:data1\" content=\"1\u00a0Minute\" \/>\n<script type=\"application\/ld+json\" class=\"yoast-schema-graph\">{\"@context\":\"https:\\\/\\\/schema.org\",\"@graph\":[{\"@type\":\"WebPage\",\"@id\":\"https:\\\/\\\/kinder-spielen-theater.de\\\/produkt\\\/die-schildbuerger\\\/\",\"url\":\"https:\\\/\\\/kinder-spielen-theater.de\\\/produkt\\\/die-schildbuerger\\\/\",\"name\":\"Die Schildb\u00fcrger - Kinder spielen Theater\",\"isPartOf\":{\"@id\":\"https:\\\/\\\/kinder-spielen-theater.de\\\/#website\"},\"primaryImageOfPage\":{\"@id\":\"https:\\\/\\\/kinder-spielen-theater.de\\\/produkt\\\/die-schildbuerger\\\/#primaryimage\"},\"image\":{\"@id\":\"https:\\\/\\\/kinder-spielen-theater.de\\\/produkt\\\/die-schildbuerger\\\/#primaryimage\"},\"thumbnailUrl\":\"https:\\\/\\\/kinder-spielen-theater.de\\\/wp-content\\\/uploads\\\/2021\\\/06\\\/35-Die-Schildbuerger...-o.k.-page-001.jpg\",\"datePublished\":\"2021-06-02T07:21:20+00:00\",\"dateModified\":\"2022-09-27T07:16:17+00:00\",\"breadcrumb\":{\"@id\":\"https:\\\/\\\/kinder-spielen-theater.de\\\/produkt\\\/die-schildbuerger\\\/#breadcrumb\"},\"inLanguage\":\"de\",\"potentialAction\":[{\"@type\":\"ReadAction\",\"target\":[\"https:\\\/\\\/kinder-spielen-theater.de\\\/produkt\\\/die-schildbuerger\\\/\"]}]},{\"@type\":\"ImageObject\",\"inLanguage\":\"de\",\"@id\":\"https:\\\/\\\/kinder-spielen-theater.de\\\/produkt\\\/die-schildbuerger\\\/#primaryimage\",\"url\":\"https:\\\/\\\/kinder-spielen-theater.de\\\/wp-content\\\/uploads\\\/2021\\\/06\\\/35-Die-Schildbuerger...-o.k.-page-001.jpg\",\"contentUrl\":\"https:\\\/\\\/kinder-spielen-theater.de\\\/wp-content\\\/uploads\\\/2021\\\/06\\\/35-Die-Schildbuerger...-o.k.-page-001.jpg\",\"width\":1240,\"height\":1754},{\"@type\":\"BreadcrumbList\",\"@id\":\"https:\\\/\\\/kinder-spielen-theater.de\\\/produkt\\\/die-schildbuerger\\\/#breadcrumb\",\"itemListElement\":[{\"@type\":\"ListItem\",\"position\":1,\"name\":\"Startseite\",\"item\":\"https:\\\/\\\/kinder-spielen-theater.de\\\/\"},{\"@type\":\"ListItem\",\"position\":2,\"name\":\"Shop: Theaterst\u00fccke zum Download\",\"item\":\"https:\\\/\\\/kinder-spielen-theater.de\\\/shop\\\/\"},{\"@type\":\"ListItem\",\"position\":3,\"name\":\"Die Schildb\u00fcrger\"}]},{\"@type\":\"WebSite\",\"@id\":\"https:\\\/\\\/kinder-spielen-theater.de\\\/#website\",\"url\":\"https:\\\/\\\/kinder-spielen-theater.de\\\/\",\"name\":\"Kinder spielen Theater\",\"description\":\"Theaterst\u00fccke f\u00fcr die Grundschule, Haupt- und Realschule, Gesamtschule und Gymnasium, Theaterst\u00fccke f\u00fcr Kinder\",\"potentialAction\":[{\"@type\":\"SearchAction\",\"target\":{\"@type\":\"EntryPoint\",\"urlTemplate\":\"https:\\\/\\\/kinder-spielen-theater.de\\\/?s={search_term_string}\"},\"query-input\":{\"@type\":\"PropertyValueSpecification\",\"valueRequired\":true,\"valueName\":\"search_term_string\"}}],\"inLanguage\":\"de\"}]}<\/script>\n<!-- \/ Yoast SEO plugin. -->","yoast_head_json":{"title":"Die Schildb\u00fcrger - Kinder spielen Theater","robots":{"index":"index","follow":"follow","max-snippet":"max-snippet:-1","max-image-preview":"max-image-preview:large","max-video-preview":"max-video-preview:-1"},"canonical":"https:\/\/kinder-spielen-theater.de\/de_de\/produkt\/die-schildbuerger\/","og_locale":"de_DE","og_type":"article","og_title":"Die Schildb\u00fcrger - Kinder spielen Theater","og_description":"Inhalt Zwei bekannte Schildb\u00fcrgergeschichten werden gespielt. Im ersten St\u00fcck bauen die Schildb\u00fcrger ein neues Rathaus und machen dabei haarstr\u00e4ubend dumme Fehler. Im zweiten St\u00fcck handeln sie zun\u00e4chst klug. Zur Bek\u00e4mpfung einer M\u00e4useplage kaufen sie eine Katze. Als sie jedoch aus Angst vor der Katze versuchen, diese mit Feuer zu vertreiben, brennen sie nach und nach [&hellip;]","og_url":"https:\/\/kinder-spielen-theater.de\/de_de\/produkt\/die-schildbuerger\/","og_site_name":"Kinder spielen Theater","article_modified_time":"2022-09-27T07:16:17+00:00","og_image":[{"width":1240,"height":1754,"url":"https:\/\/kinder-spielen-theater.de\/wp-content\/uploads\/2021\/06\/35-Die-Schildbuerger...-o.k.-page-001.jpg","type":"image\/jpeg"}],"twitter_card":"summary_large_image","twitter_misc":{"Gesch\u00e4tzte Lesezeit":"1\u00a0Minute"},"schema":{"@context":"https:\/\/schema.org","@graph":[{"@type":"WebPage","@id":"https:\/\/kinder-spielen-theater.de\/produkt\/die-schildbuerger\/","url":"https:\/\/kinder-spielen-theater.de\/produkt\/die-schildbuerger\/","name":"Die Schildb\u00fcrger - Kinder spielen Theater","isPartOf":{"@id":"https:\/\/kinder-spielen-theater.de\/#website"},"primaryImageOfPage":{"@id":"https:\/\/kinder-spielen-theater.de\/produkt\/die-schildbuerger\/#primaryimage"},"image":{"@id":"https:\/\/kinder-spielen-theater.de\/produkt\/die-schildbuerger\/#primaryimage"},"thumbnailUrl":"https:\/\/kinder-spielen-theater.de\/wp-content\/uploads\/2021\/06\/35-Die-Schildbuerger...-o.k.-page-001.jpg","datePublished":"2021-06-02T07:21:20+00:00","dateModified":"2022-09-27T07:16:17+00:00","breadcrumb":{"@id":"https:\/\/kinder-spielen-theater.de\/produkt\/die-schildbuerger\/#breadcrumb"},"inLanguage":"de","potentialAction":[{"@type":"ReadAction","target":["https:\/\/kinder-spielen-theater.de\/produkt\/die-schildbuerger\/"]}]},{"@type":"ImageObject","inLanguage":"de","@id":"https:\/\/kinder-spielen-theater.de\/produkt\/die-schildbuerger\/#primaryimage","url":"https:\/\/kinder-spielen-theater.de\/wp-content\/uploads\/2021\/06\/35-Die-Schildbuerger...-o.k.-page-001.jpg","contentUrl":"https:\/\/kinder-spielen-theater.de\/wp-content\/uploads\/2021\/06\/35-Die-Schildbuerger...-o.k.-page-001.jpg","width":1240,"height":1754},{"@type":"BreadcrumbList","@id":"https:\/\/kinder-spielen-theater.de\/produkt\/die-schildbuerger\/#breadcrumb","itemListElement":[{"@type":"ListItem","position":1,"name":"Startseite","item":"https:\/\/kinder-spielen-theater.de\/"},{"@type":"ListItem","position":2,"name":"Shop: Theaterst\u00fccke zum Download","item":"https:\/\/kinder-spielen-theater.de\/shop\/"},{"@type":"ListItem","position":3,"name":"Die Schildb\u00fcrger"}]},{"@type":"WebSite","@id":"https:\/\/kinder-spielen-theater.de\/#website","url":"https:\/\/kinder-spielen-theater.de\/","name":"Kinder spielen Theater","description":"Theaterst\u00fccke f\u00fcr die Grundschule, Haupt- und Realschule, Gesamtschule und Gymnasium, Theaterst\u00fccke f\u00fcr Kinder","potentialAction":[{"@type":"SearchAction","target":{"@type":"EntryPoint","urlTemplate":"https:\/\/kinder-spielen-theater.de\/?s={search_term_string}"},"query-input":{"@type":"PropertyValueSpecification","valueRequired":true,"valueName":"search_term_string"}}],"inLanguage":"de"}]}},"_links":{"self":[{"href":"https:\/\/kinder-spielen-theater.de\/de_de\/wp-json\/wp\/v2\/product\/282","targetHints":{"allow":["GET"]}}],"collection":[{"href":"https:\/\/kinder-spielen-theater.de\/de_de\/wp-json\/wp\/v2\/product"}],"about":[{"href":"https:\/\/kinder-spielen-theater.de\/de_de\/wp-json\/wp\/v2\/types\/product"}],"replies":[{"embeddable":true,"href":"https:\/\/kinder-spielen-theater.de\/de_de\/wp-json\/wp\/v2\/comments?post=282"}],"wp:featuredmedia":[{"embeddable":true,"href":"https:\/\/kinder-spielen-theater.de\/de_de\/wp-json\/wp\/v2\/media\/707"}],"wp:attachment":[{"href":"https:\/\/kinder-spielen-theater.de\/de_de\/wp-json\/wp\/v2\/media?parent=282"}],"wp:term":[{"taxonomy":"product_brand","embeddable":true,"href":"https:\/\/kinder-spielen-theater.de\/de_de\/wp-json\/wp\/v2\/product_brand?post=282"},{"taxonomy":"product_cat","embeddable":true,"href":"https:\/\/kinder-spielen-theater.de\/de_de\/wp-json\/wp\/v2\/product_cat?post=282"},{"taxonomy":"product_tag","embeddable":true,"href":"https:\/\/kinder-spielen-theater.de\/de_de\/wp-json\/wp\/v2\/product_tag?post=282"}],"curies":[{"name":"wp","href":"https:\/\/api.w.org\/{rel}","templated":true}]}}