{"id":271,"date":"2021-06-02T07:08:08","date_gmt":"2021-06-02T07:08:08","guid":{"rendered":"https:\/\/kinder-spielen-theater.de\/?post_type=product&#038;p=271"},"modified":"2022-09-27T07:14:03","modified_gmt":"2022-09-27T07:14:03","slug":"die-grosse-fantasie","status":"publish","type":"product","link":"https:\/\/kinder-spielen-theater.de\/de_de\/produkt\/die-grosse-fantasie\/","title":{"rendered":"Die gro\u00dfe Fantasie"},"content":{"rendered":"<p><span style=\"font-size: 18pt;\"><strong>Inhalt<\/strong> <\/span><br \/>\nIn dieser Igelgeschichte geht es um das Thema Umweltschutz aus religi\u00f6ser Perspektive. Die kleine Igelin und der kleine Igel bewundern die gro\u00dfe Fantasie Gottes bei der Erschaffung der Tiere. Beide sind sicher, dass sie niemals z.B. die Giraffen oder die Staatsquallen h\u00e4tten schaffen k\u00f6nnen. Deshalb, so meinen sie, darf der Mensch die Sch\u00f6pfung nicht zerst\u00f6ren, denn sie ist einzigartig und nicht dem Belieben des Menschen \u00fcberlassen.<\/p>\n<p><span style=\"font-size: 18pt;\"><strong>Rollenzahl und Spieldauer<\/strong><\/span><br \/>\nF\u00fcr dieses Theaterst\u00fcck sind 29 Sprechrollen vorgesehen.<br \/>\nJe nach Klassenst\u00e4rke kann man bei diesem St\u00fcck bei den Giraffen, Staatsquallen und Rotfeuerfischen die Zahl entsprechend variieren. Es hat sich bew\u00e4hrt f\u00fcr die Rolle der Erz\u00e4hler zumindest einen guten Leser auszuw\u00e4hlen, der nach seinem Auftritt hinter dem B\u00fchnenbild den Text mit verfolgt und beim Stocken eines Kindes eingreifen kann. Den anderen beiden Erz\u00e4hlern kann man eine zweite Rolle, ggf. ohne Text, zuweisen. Die Spieldauer betr\u00e4gt, je nach Einsatz von T\u00e4nzen, ca. 20 bis 30 Minuten.<\/p>\n<p><span style=\"font-size: 18pt;\"><strong>Textumfang<\/strong> <\/span><br \/>\nRollentext 4 Seiten, insgesamt 49 Seiten<\/p>\n<p><span style=\"font-size: 18pt;\"><a href=\"https:\/\/kinder-spielen-theater.de\/wp-content\/uploads\/2021\/06\/30-Leseprobe-Die-grosse-Fantasie-Adobe.pdf\">Leseprobe<\/a><\/span><\/p>\n","protected":false},"excerpt":{"rendered":"<p>Inhalt In dieser Igelgeschichte geht es um das Thema Umweltschutz aus religi\u00f6ser Perspektive. Die kleine Igelin und der kleine Igel bewundern die gro\u00dfe Fantasie Gottes bei der Erschaffung der Tiere. Beide sind sicher, dass sie niemals z.B. die Giraffen oder die Staatsquallen h\u00e4tten schaffen k\u00f6nnen. Deshalb, so meinen sie, darf der Mensch die Sch\u00f6pfung nicht [&hellip;]<\/p>\n","protected":false},"featured_media":705,"comment_status":"closed","ping_status":"closed","template":"","meta":[],"product_brand":[],"product_cat":[47,30],"product_tag":[],"class_list":{"0":"post-271","1":"product","2":"type-product","3":"status-publish","4":"has-post-thumbnail","6":"product_cat-achtung-der-umwelt","7":"product_cat-igelgeschichten","9":"first","10":"instock","11":"downloadable","12":"virtual","13":"purchasable","14":"product-type-simple"},"yoast_head":"<!-- This site is optimized with the Yoast SEO plugin v27.4 - https:\/\/yoast.com\/product\/yoast-seo-wordpress\/ -->\n<title>Die gro\u00dfe Fantasie - Kinder spielen Theater<\/title>\n<meta name=\"robots\" content=\"index, follow, max-snippet:-1, max-image-preview:large, max-video-preview:-1\" \/>\n<link rel=\"canonical\" href=\"https:\/\/kinder-spielen-theater.de\/de_de\/produkt\/die-grosse-fantasie\/\" \/>\n<meta property=\"og:locale\" content=\"de_DE\" \/>\n<meta property=\"og:type\" content=\"article\" \/>\n<meta property=\"og:title\" content=\"Die gro\u00dfe Fantasie - Kinder spielen Theater\" \/>\n<meta property=\"og:description\" content=\"Inhalt In dieser Igelgeschichte geht es um das Thema Umweltschutz aus religi\u00f6ser Perspektive. Die kleine Igelin und der kleine Igel bewundern die gro\u00dfe Fantasie Gottes bei der Erschaffung der Tiere. Beide sind sicher, dass sie niemals z.B. die Giraffen oder die Staatsquallen h\u00e4tten schaffen k\u00f6nnen. Deshalb, so meinen sie, darf der Mensch die Sch\u00f6pfung nicht [&hellip;]\" \/>\n<meta property=\"og:url\" content=\"https:\/\/kinder-spielen-theater.de\/de_de\/produkt\/die-grosse-fantasie\/\" \/>\n<meta property=\"og:site_name\" content=\"Kinder spielen Theater\" \/>\n<meta property=\"article:modified_time\" content=\"2022-09-27T07:14:03+00:00\" \/>\n<meta property=\"og:image\" content=\"https:\/\/kinder-spielen-theater.de\/wp-content\/uploads\/2021\/06\/30-Die-grosse-Fantasie-o.k.-page-001.jpg\" \/>\n\t<meta property=\"og:image:width\" content=\"1240\" \/>\n\t<meta property=\"og:image:height\" content=\"1754\" \/>\n\t<meta property=\"og:image:type\" content=\"image\/jpeg\" \/>\n<meta name=\"twitter:card\" content=\"summary_large_image\" \/>\n<meta name=\"twitter:label1\" content=\"Gesch\u00e4tzte Lesezeit\" \/>\n\t<meta name=\"twitter:data1\" content=\"1\u00a0Minute\" \/>\n<script type=\"application\/ld+json\" class=\"yoast-schema-graph\">{\"@context\":\"https:\\\/\\\/schema.org\",\"@graph\":[{\"@type\":\"WebPage\",\"@id\":\"https:\\\/\\\/kinder-spielen-theater.de\\\/produkt\\\/die-grosse-fantasie\\\/\",\"url\":\"https:\\\/\\\/kinder-spielen-theater.de\\\/produkt\\\/die-grosse-fantasie\\\/\",\"name\":\"Die gro\u00dfe Fantasie - Kinder spielen Theater\",\"isPartOf\":{\"@id\":\"https:\\\/\\\/kinder-spielen-theater.de\\\/#website\"},\"primaryImageOfPage\":{\"@id\":\"https:\\\/\\\/kinder-spielen-theater.de\\\/produkt\\\/die-grosse-fantasie\\\/#primaryimage\"},\"image\":{\"@id\":\"https:\\\/\\\/kinder-spielen-theater.de\\\/produkt\\\/die-grosse-fantasie\\\/#primaryimage\"},\"thumbnailUrl\":\"https:\\\/\\\/kinder-spielen-theater.de\\\/wp-content\\\/uploads\\\/2021\\\/06\\\/30-Die-grosse-Fantasie-o.k.-page-001.jpg\",\"datePublished\":\"2021-06-02T07:08:08+00:00\",\"dateModified\":\"2022-09-27T07:14:03+00:00\",\"breadcrumb\":{\"@id\":\"https:\\\/\\\/kinder-spielen-theater.de\\\/produkt\\\/die-grosse-fantasie\\\/#breadcrumb\"},\"inLanguage\":\"de\",\"potentialAction\":[{\"@type\":\"ReadAction\",\"target\":[\"https:\\\/\\\/kinder-spielen-theater.de\\\/produkt\\\/die-grosse-fantasie\\\/\"]}]},{\"@type\":\"ImageObject\",\"inLanguage\":\"de\",\"@id\":\"https:\\\/\\\/kinder-spielen-theater.de\\\/produkt\\\/die-grosse-fantasie\\\/#primaryimage\",\"url\":\"https:\\\/\\\/kinder-spielen-theater.de\\\/wp-content\\\/uploads\\\/2021\\\/06\\\/30-Die-grosse-Fantasie-o.k.-page-001.jpg\",\"contentUrl\":\"https:\\\/\\\/kinder-spielen-theater.de\\\/wp-content\\\/uploads\\\/2021\\\/06\\\/30-Die-grosse-Fantasie-o.k.-page-001.jpg\",\"width\":1240,\"height\":1754},{\"@type\":\"BreadcrumbList\",\"@id\":\"https:\\\/\\\/kinder-spielen-theater.de\\\/produkt\\\/die-grosse-fantasie\\\/#breadcrumb\",\"itemListElement\":[{\"@type\":\"ListItem\",\"position\":1,\"name\":\"Startseite\",\"item\":\"https:\\\/\\\/kinder-spielen-theater.de\\\/\"},{\"@type\":\"ListItem\",\"position\":2,\"name\":\"Shop: Theaterst\u00fccke zum Download\",\"item\":\"https:\\\/\\\/kinder-spielen-theater.de\\\/shop\\\/\"},{\"@type\":\"ListItem\",\"position\":3,\"name\":\"Die gro\u00dfe Fantasie\"}]},{\"@type\":\"WebSite\",\"@id\":\"https:\\\/\\\/kinder-spielen-theater.de\\\/#website\",\"url\":\"https:\\\/\\\/kinder-spielen-theater.de\\\/\",\"name\":\"Kinder spielen Theater\",\"description\":\"Theaterst\u00fccke f\u00fcr die Grundschule, Haupt- und Realschule, Gesamtschule und Gymnasium, Theaterst\u00fccke f\u00fcr Kinder\",\"potentialAction\":[{\"@type\":\"SearchAction\",\"target\":{\"@type\":\"EntryPoint\",\"urlTemplate\":\"https:\\\/\\\/kinder-spielen-theater.de\\\/?s={search_term_string}\"},\"query-input\":{\"@type\":\"PropertyValueSpecification\",\"valueRequired\":true,\"valueName\":\"search_term_string\"}}],\"inLanguage\":\"de\"}]}<\/script>\n<!-- \/ Yoast SEO plugin. -->","yoast_head_json":{"title":"Die gro\u00dfe Fantasie - Kinder spielen Theater","robots":{"index":"index","follow":"follow","max-snippet":"max-snippet:-1","max-image-preview":"max-image-preview:large","max-video-preview":"max-video-preview:-1"},"canonical":"https:\/\/kinder-spielen-theater.de\/de_de\/produkt\/die-grosse-fantasie\/","og_locale":"de_DE","og_type":"article","og_title":"Die gro\u00dfe Fantasie - Kinder spielen Theater","og_description":"Inhalt In dieser Igelgeschichte geht es um das Thema Umweltschutz aus religi\u00f6ser Perspektive. Die kleine Igelin und der kleine Igel bewundern die gro\u00dfe Fantasie Gottes bei der Erschaffung der Tiere. Beide sind sicher, dass sie niemals z.B. die Giraffen oder die Staatsquallen h\u00e4tten schaffen k\u00f6nnen. Deshalb, so meinen sie, darf der Mensch die Sch\u00f6pfung nicht [&hellip;]","og_url":"https:\/\/kinder-spielen-theater.de\/de_de\/produkt\/die-grosse-fantasie\/","og_site_name":"Kinder spielen Theater","article_modified_time":"2022-09-27T07:14:03+00:00","og_image":[{"width":1240,"height":1754,"url":"https:\/\/kinder-spielen-theater.de\/wp-content\/uploads\/2021\/06\/30-Die-grosse-Fantasie-o.k.-page-001.jpg","type":"image\/jpeg"}],"twitter_card":"summary_large_image","twitter_misc":{"Gesch\u00e4tzte Lesezeit":"1\u00a0Minute"},"schema":{"@context":"https:\/\/schema.org","@graph":[{"@type":"WebPage","@id":"https:\/\/kinder-spielen-theater.de\/produkt\/die-grosse-fantasie\/","url":"https:\/\/kinder-spielen-theater.de\/produkt\/die-grosse-fantasie\/","name":"Die gro\u00dfe Fantasie - Kinder spielen Theater","isPartOf":{"@id":"https:\/\/kinder-spielen-theater.de\/#website"},"primaryImageOfPage":{"@id":"https:\/\/kinder-spielen-theater.de\/produkt\/die-grosse-fantasie\/#primaryimage"},"image":{"@id":"https:\/\/kinder-spielen-theater.de\/produkt\/die-grosse-fantasie\/#primaryimage"},"thumbnailUrl":"https:\/\/kinder-spielen-theater.de\/wp-content\/uploads\/2021\/06\/30-Die-grosse-Fantasie-o.k.-page-001.jpg","datePublished":"2021-06-02T07:08:08+00:00","dateModified":"2022-09-27T07:14:03+00:00","breadcrumb":{"@id":"https:\/\/kinder-spielen-theater.de\/produkt\/die-grosse-fantasie\/#breadcrumb"},"inLanguage":"de","potentialAction":[{"@type":"ReadAction","target":["https:\/\/kinder-spielen-theater.de\/produkt\/die-grosse-fantasie\/"]}]},{"@type":"ImageObject","inLanguage":"de","@id":"https:\/\/kinder-spielen-theater.de\/produkt\/die-grosse-fantasie\/#primaryimage","url":"https:\/\/kinder-spielen-theater.de\/wp-content\/uploads\/2021\/06\/30-Die-grosse-Fantasie-o.k.-page-001.jpg","contentUrl":"https:\/\/kinder-spielen-theater.de\/wp-content\/uploads\/2021\/06\/30-Die-grosse-Fantasie-o.k.-page-001.jpg","width":1240,"height":1754},{"@type":"BreadcrumbList","@id":"https:\/\/kinder-spielen-theater.de\/produkt\/die-grosse-fantasie\/#breadcrumb","itemListElement":[{"@type":"ListItem","position":1,"name":"Startseite","item":"https:\/\/kinder-spielen-theater.de\/"},{"@type":"ListItem","position":2,"name":"Shop: Theaterst\u00fccke zum Download","item":"https:\/\/kinder-spielen-theater.de\/shop\/"},{"@type":"ListItem","position":3,"name":"Die gro\u00dfe Fantasie"}]},{"@type":"WebSite","@id":"https:\/\/kinder-spielen-theater.de\/#website","url":"https:\/\/kinder-spielen-theater.de\/","name":"Kinder spielen Theater","description":"Theaterst\u00fccke f\u00fcr die Grundschule, Haupt- und Realschule, Gesamtschule und Gymnasium, Theaterst\u00fccke f\u00fcr Kinder","potentialAction":[{"@type":"SearchAction","target":{"@type":"EntryPoint","urlTemplate":"https:\/\/kinder-spielen-theater.de\/?s={search_term_string}"},"query-input":{"@type":"PropertyValueSpecification","valueRequired":true,"valueName":"search_term_string"}}],"inLanguage":"de"}]}},"_links":{"self":[{"href":"https:\/\/kinder-spielen-theater.de\/de_de\/wp-json\/wp\/v2\/product\/271","targetHints":{"allow":["GET"]}}],"collection":[{"href":"https:\/\/kinder-spielen-theater.de\/de_de\/wp-json\/wp\/v2\/product"}],"about":[{"href":"https:\/\/kinder-spielen-theater.de\/de_de\/wp-json\/wp\/v2\/types\/product"}],"replies":[{"embeddable":true,"href":"https:\/\/kinder-spielen-theater.de\/de_de\/wp-json\/wp\/v2\/comments?post=271"}],"wp:featuredmedia":[{"embeddable":true,"href":"https:\/\/kinder-spielen-theater.de\/de_de\/wp-json\/wp\/v2\/media\/705"}],"wp:attachment":[{"href":"https:\/\/kinder-spielen-theater.de\/de_de\/wp-json\/wp\/v2\/media?parent=271"}],"wp:term":[{"taxonomy":"product_brand","embeddable":true,"href":"https:\/\/kinder-spielen-theater.de\/de_de\/wp-json\/wp\/v2\/product_brand?post=271"},{"taxonomy":"product_cat","embeddable":true,"href":"https:\/\/kinder-spielen-theater.de\/de_de\/wp-json\/wp\/v2\/product_cat?post=271"},{"taxonomy":"product_tag","embeddable":true,"href":"https:\/\/kinder-spielen-theater.de\/de_de\/wp-json\/wp\/v2\/product_tag?post=271"}],"curies":[{"name":"wp","href":"https:\/\/api.w.org\/{rel}","templated":true}]}}