{"id":265,"date":"2021-06-02T06:46:16","date_gmt":"2021-06-02T06:46:16","guid":{"rendered":"https:\/\/kinder-spielen-theater.de\/?post_type=product&#038;p=265"},"modified":"2022-09-27T07:13:03","modified_gmt":"2022-09-27T07:13:03","slug":"die-erste-eisenbahn-in-deutschland","status":"publish","type":"product","link":"https:\/\/kinder-spielen-theater.de\/de_de\/produkt\/die-erste-eisenbahn-in-deutschland\/","title":{"rendered":"Die erste Eisenbahn in Deutschland"},"content":{"rendered":"<p><span style=\"font-size: 18pt;\"><strong>Inhalt<\/strong><\/span><br \/>\nErz\u00e4hlt wird die Einweihung der ersten deutschen Eisenbahnlinie zwischen N\u00fcrnberg und F\u00fcrth am 7. Dezember 1835. Doch bis es soweit ist, m\u00fcssen viele Schwierigkeiten gemeistert werden. Von diesen berichten die Wegbereiter der Bahnlinie Scharrer, Plattner, Montgelas und Denis dem K\u00f6nig Ludwig I. von Bayern. Kurz vor der Fertigstellung lockt die Einweihung der Eisenbahn in N\u00fcrnberg viele ausw\u00e4rtige G\u00e4ste an, die sich mit der Postkutsche dorthin auf den Weg machen. Doch Regenwetter und ein gebrochener Radreifen macht die Reise dahin beschwerlich und zwingt die Reisenden in einem Wirtshaus zu \u00fcbernachten. Zum Gl\u00fcck verspricht die Eisenbahn von nun an angenehmeres Reisen.<\/p>\n<p><span style=\"font-size: 18pt;\"><strong>Rollenzahl und Spieldauer<\/strong><\/span><br \/>\nWenn in jedem Akt andere Kinder spielen, enth\u00e4lt das St\u00fcck 36 Rollen. Diese Zahl kann auf ca. 20 reduziert werden, wenn in allen Akten die gleichen Kinder die gleichen Rollen spielen.<br \/>\nDie Auff\u00fchrungszeit betr\u00e4gt ca. 40 Minuten.<\/p>\n<p><span style=\"font-size: 18pt;\"><strong>Textumfang<\/strong><\/span><br \/>\nRollentext 11 Seiten, insgesamt 37 Seiten<\/p>\n","protected":false},"excerpt":{"rendered":"<p>Inhalt Erz\u00e4hlt wird die Einweihung der ersten deutschen Eisenbahnlinie zwischen N\u00fcrnberg und F\u00fcrth am 7. Dezember 1835. Doch bis es soweit ist, m\u00fcssen viele Schwierigkeiten gemeistert werden. Von diesen berichten die Wegbereiter der Bahnlinie Scharrer, Plattner, Montgelas und Denis dem K\u00f6nig Ludwig I. von Bayern. Kurz vor der Fertigstellung lockt die Einweihung der Eisenbahn in [&hellip;]<\/p>\n","protected":false},"featured_media":704,"comment_status":"open","ping_status":"closed","template":"","meta":[],"product_brand":[],"product_cat":[40,42,41],"product_tag":[],"class_list":{"0":"post-265","1":"product","2":"type-product","3":"status-publish","4":"has-post-thumbnail","6":"product_cat-deutsches-kulturelles-erbe","7":"product_cat-kulturelles-erbe","8":"product_cat-naturwissenschaft-technik","10":"first","11":"instock","12":"downloadable","13":"virtual","14":"purchasable","15":"product-type-simple"},"yoast_head":"<!-- This site is optimized with the Yoast SEO plugin v27.3 - https:\/\/yoast.com\/product\/yoast-seo-wordpress\/ -->\n<title>Die erste Eisenbahn in Deutschland - Kinder spielen Theater<\/title>\n<meta name=\"robots\" content=\"index, follow, max-snippet:-1, max-image-preview:large, max-video-preview:-1\" \/>\n<link rel=\"canonical\" href=\"https:\/\/kinder-spielen-theater.de\/de_de\/produkt\/die-erste-eisenbahn-in-deutschland\/\" \/>\n<meta property=\"og:locale\" content=\"de_DE\" \/>\n<meta property=\"og:type\" content=\"article\" \/>\n<meta property=\"og:title\" content=\"Die erste Eisenbahn in Deutschland - Kinder spielen Theater\" \/>\n<meta property=\"og:description\" content=\"Inhalt Erz\u00e4hlt wird die Einweihung der ersten deutschen Eisenbahnlinie zwischen N\u00fcrnberg und F\u00fcrth am 7. Dezember 1835. Doch bis es soweit ist, m\u00fcssen viele Schwierigkeiten gemeistert werden. Von diesen berichten die Wegbereiter der Bahnlinie Scharrer, Plattner, Montgelas und Denis dem K\u00f6nig Ludwig I. von Bayern. Kurz vor der Fertigstellung lockt die Einweihung der Eisenbahn in [&hellip;]\" \/>\n<meta property=\"og:url\" content=\"https:\/\/kinder-spielen-theater.de\/de_de\/produkt\/die-erste-eisenbahn-in-deutschland\/\" \/>\n<meta property=\"og:site_name\" content=\"Kinder spielen Theater\" \/>\n<meta property=\"article:modified_time\" content=\"2022-09-27T07:13:03+00:00\" \/>\n<meta property=\"og:image\" content=\"https:\/\/kinder-spielen-theater.de\/wp-content\/uploads\/2021\/06\/28-Die-erste-Eisenbahn..-o.k.-page-001.jpg\" \/>\n\t<meta property=\"og:image:width\" content=\"1240\" \/>\n\t<meta property=\"og:image:height\" content=\"1754\" \/>\n\t<meta property=\"og:image:type\" content=\"image\/jpeg\" \/>\n<meta name=\"twitter:card\" content=\"summary_large_image\" \/>\n<meta name=\"twitter:label1\" content=\"Gesch\u00e4tzte Lesezeit\" \/>\n\t<meta name=\"twitter:data1\" content=\"1\u00a0Minute\" \/>\n<script type=\"application\/ld+json\" class=\"yoast-schema-graph\">{\"@context\":\"https:\\\/\\\/schema.org\",\"@graph\":[{\"@type\":\"WebPage\",\"@id\":\"https:\\\/\\\/kinder-spielen-theater.de\\\/produkt\\\/die-erste-eisenbahn-in-deutschland\\\/\",\"url\":\"https:\\\/\\\/kinder-spielen-theater.de\\\/produkt\\\/die-erste-eisenbahn-in-deutschland\\\/\",\"name\":\"Die erste Eisenbahn in Deutschland - Kinder spielen Theater\",\"isPartOf\":{\"@id\":\"https:\\\/\\\/kinder-spielen-theater.de\\\/#website\"},\"primaryImageOfPage\":{\"@id\":\"https:\\\/\\\/kinder-spielen-theater.de\\\/produkt\\\/die-erste-eisenbahn-in-deutschland\\\/#primaryimage\"},\"image\":{\"@id\":\"https:\\\/\\\/kinder-spielen-theater.de\\\/produkt\\\/die-erste-eisenbahn-in-deutschland\\\/#primaryimage\"},\"thumbnailUrl\":\"https:\\\/\\\/kinder-spielen-theater.de\\\/wp-content\\\/uploads\\\/2021\\\/06\\\/28-Die-erste-Eisenbahn..-o.k.-page-001.jpg\",\"datePublished\":\"2021-06-02T06:46:16+00:00\",\"dateModified\":\"2022-09-27T07:13:03+00:00\",\"breadcrumb\":{\"@id\":\"https:\\\/\\\/kinder-spielen-theater.de\\\/produkt\\\/die-erste-eisenbahn-in-deutschland\\\/#breadcrumb\"},\"inLanguage\":\"de\",\"potentialAction\":[{\"@type\":\"ReadAction\",\"target\":[\"https:\\\/\\\/kinder-spielen-theater.de\\\/produkt\\\/die-erste-eisenbahn-in-deutschland\\\/\"]}]},{\"@type\":\"ImageObject\",\"inLanguage\":\"de\",\"@id\":\"https:\\\/\\\/kinder-spielen-theater.de\\\/produkt\\\/die-erste-eisenbahn-in-deutschland\\\/#primaryimage\",\"url\":\"https:\\\/\\\/kinder-spielen-theater.de\\\/wp-content\\\/uploads\\\/2021\\\/06\\\/28-Die-erste-Eisenbahn..-o.k.-page-001.jpg\",\"contentUrl\":\"https:\\\/\\\/kinder-spielen-theater.de\\\/wp-content\\\/uploads\\\/2021\\\/06\\\/28-Die-erste-Eisenbahn..-o.k.-page-001.jpg\",\"width\":1240,\"height\":1754},{\"@type\":\"BreadcrumbList\",\"@id\":\"https:\\\/\\\/kinder-spielen-theater.de\\\/produkt\\\/die-erste-eisenbahn-in-deutschland\\\/#breadcrumb\",\"itemListElement\":[{\"@type\":\"ListItem\",\"position\":1,\"name\":\"Startseite\",\"item\":\"https:\\\/\\\/kinder-spielen-theater.de\\\/\"},{\"@type\":\"ListItem\",\"position\":2,\"name\":\"Shop: Theaterst\u00fccke zum Download\",\"item\":\"https:\\\/\\\/kinder-spielen-theater.de\\\/shop\\\/\"},{\"@type\":\"ListItem\",\"position\":3,\"name\":\"Die erste Eisenbahn in Deutschland\"}]},{\"@type\":\"WebSite\",\"@id\":\"https:\\\/\\\/kinder-spielen-theater.de\\\/#website\",\"url\":\"https:\\\/\\\/kinder-spielen-theater.de\\\/\",\"name\":\"Kinder spielen Theater\",\"description\":\"Theaterst\u00fccke f\u00fcr die Grundschule, Haupt- und Realschule, Gesamtschule und Gymnasium, Theaterst\u00fccke f\u00fcr Kinder\",\"potentialAction\":[{\"@type\":\"SearchAction\",\"target\":{\"@type\":\"EntryPoint\",\"urlTemplate\":\"https:\\\/\\\/kinder-spielen-theater.de\\\/?s={search_term_string}\"},\"query-input\":{\"@type\":\"PropertyValueSpecification\",\"valueRequired\":true,\"valueName\":\"search_term_string\"}}],\"inLanguage\":\"de\"}]}<\/script>\n<!-- \/ Yoast SEO plugin. -->","yoast_head_json":{"title":"Die erste Eisenbahn in Deutschland - Kinder spielen Theater","robots":{"index":"index","follow":"follow","max-snippet":"max-snippet:-1","max-image-preview":"max-image-preview:large","max-video-preview":"max-video-preview:-1"},"canonical":"https:\/\/kinder-spielen-theater.de\/de_de\/produkt\/die-erste-eisenbahn-in-deutschland\/","og_locale":"de_DE","og_type":"article","og_title":"Die erste Eisenbahn in Deutschland - Kinder spielen Theater","og_description":"Inhalt Erz\u00e4hlt wird die Einweihung der ersten deutschen Eisenbahnlinie zwischen N\u00fcrnberg und F\u00fcrth am 7. Dezember 1835. Doch bis es soweit ist, m\u00fcssen viele Schwierigkeiten gemeistert werden. Von diesen berichten die Wegbereiter der Bahnlinie Scharrer, Plattner, Montgelas und Denis dem K\u00f6nig Ludwig I. von Bayern. Kurz vor der Fertigstellung lockt die Einweihung der Eisenbahn in [&hellip;]","og_url":"https:\/\/kinder-spielen-theater.de\/de_de\/produkt\/die-erste-eisenbahn-in-deutschland\/","og_site_name":"Kinder spielen Theater","article_modified_time":"2022-09-27T07:13:03+00:00","og_image":[{"width":1240,"height":1754,"url":"https:\/\/kinder-spielen-theater.de\/wp-content\/uploads\/2021\/06\/28-Die-erste-Eisenbahn..-o.k.-page-001.jpg","type":"image\/jpeg"}],"twitter_card":"summary_large_image","twitter_misc":{"Gesch\u00e4tzte Lesezeit":"1\u00a0Minute"},"schema":{"@context":"https:\/\/schema.org","@graph":[{"@type":"WebPage","@id":"https:\/\/kinder-spielen-theater.de\/produkt\/die-erste-eisenbahn-in-deutschland\/","url":"https:\/\/kinder-spielen-theater.de\/produkt\/die-erste-eisenbahn-in-deutschland\/","name":"Die erste Eisenbahn in Deutschland - Kinder spielen Theater","isPartOf":{"@id":"https:\/\/kinder-spielen-theater.de\/#website"},"primaryImageOfPage":{"@id":"https:\/\/kinder-spielen-theater.de\/produkt\/die-erste-eisenbahn-in-deutschland\/#primaryimage"},"image":{"@id":"https:\/\/kinder-spielen-theater.de\/produkt\/die-erste-eisenbahn-in-deutschland\/#primaryimage"},"thumbnailUrl":"https:\/\/kinder-spielen-theater.de\/wp-content\/uploads\/2021\/06\/28-Die-erste-Eisenbahn..-o.k.-page-001.jpg","datePublished":"2021-06-02T06:46:16+00:00","dateModified":"2022-09-27T07:13:03+00:00","breadcrumb":{"@id":"https:\/\/kinder-spielen-theater.de\/produkt\/die-erste-eisenbahn-in-deutschland\/#breadcrumb"},"inLanguage":"de","potentialAction":[{"@type":"ReadAction","target":["https:\/\/kinder-spielen-theater.de\/produkt\/die-erste-eisenbahn-in-deutschland\/"]}]},{"@type":"ImageObject","inLanguage":"de","@id":"https:\/\/kinder-spielen-theater.de\/produkt\/die-erste-eisenbahn-in-deutschland\/#primaryimage","url":"https:\/\/kinder-spielen-theater.de\/wp-content\/uploads\/2021\/06\/28-Die-erste-Eisenbahn..-o.k.-page-001.jpg","contentUrl":"https:\/\/kinder-spielen-theater.de\/wp-content\/uploads\/2021\/06\/28-Die-erste-Eisenbahn..-o.k.-page-001.jpg","width":1240,"height":1754},{"@type":"BreadcrumbList","@id":"https:\/\/kinder-spielen-theater.de\/produkt\/die-erste-eisenbahn-in-deutschland\/#breadcrumb","itemListElement":[{"@type":"ListItem","position":1,"name":"Startseite","item":"https:\/\/kinder-spielen-theater.de\/"},{"@type":"ListItem","position":2,"name":"Shop: Theaterst\u00fccke zum Download","item":"https:\/\/kinder-spielen-theater.de\/shop\/"},{"@type":"ListItem","position":3,"name":"Die erste Eisenbahn in Deutschland"}]},{"@type":"WebSite","@id":"https:\/\/kinder-spielen-theater.de\/#website","url":"https:\/\/kinder-spielen-theater.de\/","name":"Kinder spielen Theater","description":"Theaterst\u00fccke f\u00fcr die Grundschule, Haupt- und Realschule, Gesamtschule und Gymnasium, Theaterst\u00fccke f\u00fcr Kinder","potentialAction":[{"@type":"SearchAction","target":{"@type":"EntryPoint","urlTemplate":"https:\/\/kinder-spielen-theater.de\/?s={search_term_string}"},"query-input":{"@type":"PropertyValueSpecification","valueRequired":true,"valueName":"search_term_string"}}],"inLanguage":"de"}]}},"_links":{"self":[{"href":"https:\/\/kinder-spielen-theater.de\/de_de\/wp-json\/wp\/v2\/product\/265","targetHints":{"allow":["GET"]}}],"collection":[{"href":"https:\/\/kinder-spielen-theater.de\/de_de\/wp-json\/wp\/v2\/product"}],"about":[{"href":"https:\/\/kinder-spielen-theater.de\/de_de\/wp-json\/wp\/v2\/types\/product"}],"replies":[{"embeddable":true,"href":"https:\/\/kinder-spielen-theater.de\/de_de\/wp-json\/wp\/v2\/comments?post=265"}],"wp:featuredmedia":[{"embeddable":true,"href":"https:\/\/kinder-spielen-theater.de\/de_de\/wp-json\/wp\/v2\/media\/704"}],"wp:attachment":[{"href":"https:\/\/kinder-spielen-theater.de\/de_de\/wp-json\/wp\/v2\/media?parent=265"}],"wp:term":[{"taxonomy":"product_brand","embeddable":true,"href":"https:\/\/kinder-spielen-theater.de\/de_de\/wp-json\/wp\/v2\/product_brand?post=265"},{"taxonomy":"product_cat","embeddable":true,"href":"https:\/\/kinder-spielen-theater.de\/de_de\/wp-json\/wp\/v2\/product_cat?post=265"},{"taxonomy":"product_tag","embeddable":true,"href":"https:\/\/kinder-spielen-theater.de\/de_de\/wp-json\/wp\/v2\/product_tag?post=265"}],"curies":[{"name":"wp","href":"https:\/\/api.w.org\/{rel}","templated":true}]}}