{"id":246,"date":"2021-06-02T06:05:12","date_gmt":"2021-06-02T06:05:12","guid":{"rendered":"https:\/\/kinder-spielen-theater.de\/?post_type=product&#038;p=246"},"modified":"2024-01-09T08:36:19","modified_gmt":"2024-01-09T08:36:19","slug":"der-horizont","status":"publish","type":"product","link":"https:\/\/kinder-spielen-theater.de\/de_de\/produkt\/der-horizont\/","title":{"rendered":"Der Horizont"},"content":{"rendered":"<p><span style=\"font-size: 18pt;\"><strong>Inhalt<\/strong><\/span><br \/>\n\u201eDer Horizont\u201c ist eine \u201eGeschichte vom kleinen Igel\u201c(s,u.).<br \/>\nIn dieser Geschichte versucht der kleine Igel, auf einer Reise durch die Meere des Sonnenscheins, des Sturms und der Windstille den Horizont zu erreichen und macht dabei die Erfahrung, dass hinter jedem Horizont, den er erreicht, wieder ein neuer Horizont auftaucht.<\/p>\n<p><span style=\"font-size: 18pt;\"><strong>Rollenzahl und Spieldauer<\/strong> <\/span><br \/>\n\u201eDer Horizont\u201c enth\u00e4lt 18 Rollen. Diese Zahl kann vergr\u00f6\u00dfert, bzw. verkleinert werden, indem die Anzahl der auftretenden \u201eInselbewohner\u201c vergr\u00f6\u00dfert, bzw. verkleinert wird (jeweils Rollen ohne Sprechtext). Die Auff\u00fchrungszeit betr\u00e4gt ca. 15 Minuten.<\/p>\n<p><span style=\"font-size: 18pt;\"><strong>Textumfang<\/strong><\/span><br \/>\nRollentext 5 Seiten, insgesamt 27 Seiten<\/p>\n<p><span style=\"font-size: 18pt;\"><a href=\"https:\/\/kinder-spielen-theater.de\/wp-content\/uploads\/2021\/06\/5b-Leseprobe-Horizont-Adobe.pdf\">Leseprobe<\/a><\/span><\/p>\n","protected":false},"excerpt":{"rendered":"<p>Inhalt \u201eDer Horizont\u201c ist eine \u201eGeschichte vom kleinen Igel\u201c(s,u.). In dieser Geschichte versucht der kleine Igel, auf einer Reise durch die Meere des Sonnenscheins, des Sturms und der Windstille den Horizont zu erreichen und macht dabei die Erfahrung, dass hinter jedem Horizont, den er erreicht, wieder ein neuer Horizont auftaucht. Rollenzahl und Spieldauer \u201eDer Horizont\u201c [&hellip;]<\/p>\n","protected":false},"featured_media":686,"comment_status":"closed","ping_status":"closed","template":"","meta":[],"product_brand":[],"product_cat":[30],"product_tag":[],"class_list":{"0":"post-246","1":"product","2":"type-product","3":"status-publish","4":"has-post-thumbnail","6":"product_cat-igelgeschichten","8":"first","9":"instock","10":"downloadable","11":"virtual","12":"purchasable","13":"product-type-simple"},"yoast_head":"<!-- This site is optimized with the Yoast SEO plugin v27.3 - https:\/\/yoast.com\/product\/yoast-seo-wordpress\/ -->\n<title>Der Horizont - Kinder spielen Theater<\/title>\n<meta name=\"robots\" content=\"index, follow, max-snippet:-1, max-image-preview:large, max-video-preview:-1\" \/>\n<link rel=\"canonical\" href=\"https:\/\/kinder-spielen-theater.de\/de_de\/produkt\/der-horizont\/\" \/>\n<meta property=\"og:locale\" content=\"de_DE\" \/>\n<meta property=\"og:type\" content=\"article\" \/>\n<meta property=\"og:title\" content=\"Der Horizont - Kinder spielen Theater\" \/>\n<meta property=\"og:description\" content=\"Inhalt \u201eDer Horizont\u201c ist eine \u201eGeschichte vom kleinen Igel\u201c(s,u.). In dieser Geschichte versucht der kleine Igel, auf einer Reise durch die Meere des Sonnenscheins, des Sturms und der Windstille den Horizont zu erreichen und macht dabei die Erfahrung, dass hinter jedem Horizont, den er erreicht, wieder ein neuer Horizont auftaucht. Rollenzahl und Spieldauer \u201eDer Horizont\u201c [&hellip;]\" \/>\n<meta property=\"og:url\" content=\"https:\/\/kinder-spielen-theater.de\/de_de\/produkt\/der-horizont\/\" \/>\n<meta property=\"og:site_name\" content=\"Kinder spielen Theater\" \/>\n<meta property=\"article:modified_time\" content=\"2024-01-09T08:36:19+00:00\" \/>\n<meta property=\"og:image\" content=\"https:\/\/kinder-spielen-theater.de\/wp-content\/uploads\/2021\/06\/5b-Der-Horizont-o.k.-page-001.jpg\" \/>\n\t<meta property=\"og:image:width\" content=\"1240\" \/>\n\t<meta property=\"og:image:height\" content=\"1754\" \/>\n\t<meta property=\"og:image:type\" content=\"image\/jpeg\" \/>\n<meta name=\"twitter:card\" content=\"summary_large_image\" \/>\n<meta name=\"twitter:label1\" content=\"Gesch\u00e4tzte Lesezeit\" \/>\n\t<meta name=\"twitter:data1\" content=\"1\u00a0Minute\" \/>\n<script type=\"application\/ld+json\" class=\"yoast-schema-graph\">{\"@context\":\"https:\\\/\\\/schema.org\",\"@graph\":[{\"@type\":\"WebPage\",\"@id\":\"https:\\\/\\\/kinder-spielen-theater.de\\\/produkt\\\/der-horizont\\\/\",\"url\":\"https:\\\/\\\/kinder-spielen-theater.de\\\/produkt\\\/der-horizont\\\/\",\"name\":\"Der Horizont - Kinder spielen Theater\",\"isPartOf\":{\"@id\":\"https:\\\/\\\/kinder-spielen-theater.de\\\/#website\"},\"primaryImageOfPage\":{\"@id\":\"https:\\\/\\\/kinder-spielen-theater.de\\\/produkt\\\/der-horizont\\\/#primaryimage\"},\"image\":{\"@id\":\"https:\\\/\\\/kinder-spielen-theater.de\\\/produkt\\\/der-horizont\\\/#primaryimage\"},\"thumbnailUrl\":\"https:\\\/\\\/kinder-spielen-theater.de\\\/wp-content\\\/uploads\\\/2021\\\/06\\\/5b-Der-Horizont-o.k.-page-001.jpg\",\"datePublished\":\"2021-06-02T06:05:12+00:00\",\"dateModified\":\"2024-01-09T08:36:19+00:00\",\"breadcrumb\":{\"@id\":\"https:\\\/\\\/kinder-spielen-theater.de\\\/produkt\\\/der-horizont\\\/#breadcrumb\"},\"inLanguage\":\"de\",\"potentialAction\":[{\"@type\":\"ReadAction\",\"target\":[\"https:\\\/\\\/kinder-spielen-theater.de\\\/produkt\\\/der-horizont\\\/\"]}]},{\"@type\":\"ImageObject\",\"inLanguage\":\"de\",\"@id\":\"https:\\\/\\\/kinder-spielen-theater.de\\\/produkt\\\/der-horizont\\\/#primaryimage\",\"url\":\"https:\\\/\\\/kinder-spielen-theater.de\\\/wp-content\\\/uploads\\\/2021\\\/06\\\/5b-Der-Horizont-o.k.-page-001.jpg\",\"contentUrl\":\"https:\\\/\\\/kinder-spielen-theater.de\\\/wp-content\\\/uploads\\\/2021\\\/06\\\/5b-Der-Horizont-o.k.-page-001.jpg\",\"width\":1240,\"height\":1754},{\"@type\":\"BreadcrumbList\",\"@id\":\"https:\\\/\\\/kinder-spielen-theater.de\\\/produkt\\\/der-horizont\\\/#breadcrumb\",\"itemListElement\":[{\"@type\":\"ListItem\",\"position\":1,\"name\":\"Startseite\",\"item\":\"https:\\\/\\\/kinder-spielen-theater.de\\\/\"},{\"@type\":\"ListItem\",\"position\":2,\"name\":\"Shop: Theaterst\u00fccke zum Download\",\"item\":\"https:\\\/\\\/kinder-spielen-theater.de\\\/shop\\\/\"},{\"@type\":\"ListItem\",\"position\":3,\"name\":\"Der Horizont\"}]},{\"@type\":\"WebSite\",\"@id\":\"https:\\\/\\\/kinder-spielen-theater.de\\\/#website\",\"url\":\"https:\\\/\\\/kinder-spielen-theater.de\\\/\",\"name\":\"Kinder spielen Theater\",\"description\":\"Theaterst\u00fccke f\u00fcr die Grundschule, Haupt- und Realschule, Gesamtschule und Gymnasium, Theaterst\u00fccke f\u00fcr Kinder\",\"potentialAction\":[{\"@type\":\"SearchAction\",\"target\":{\"@type\":\"EntryPoint\",\"urlTemplate\":\"https:\\\/\\\/kinder-spielen-theater.de\\\/?s={search_term_string}\"},\"query-input\":{\"@type\":\"PropertyValueSpecification\",\"valueRequired\":true,\"valueName\":\"search_term_string\"}}],\"inLanguage\":\"de\"}]}<\/script>\n<!-- \/ Yoast SEO plugin. -->","yoast_head_json":{"title":"Der Horizont - Kinder spielen Theater","robots":{"index":"index","follow":"follow","max-snippet":"max-snippet:-1","max-image-preview":"max-image-preview:large","max-video-preview":"max-video-preview:-1"},"canonical":"https:\/\/kinder-spielen-theater.de\/de_de\/produkt\/der-horizont\/","og_locale":"de_DE","og_type":"article","og_title":"Der Horizont - Kinder spielen Theater","og_description":"Inhalt \u201eDer Horizont\u201c ist eine \u201eGeschichte vom kleinen Igel\u201c(s,u.). In dieser Geschichte versucht der kleine Igel, auf einer Reise durch die Meere des Sonnenscheins, des Sturms und der Windstille den Horizont zu erreichen und macht dabei die Erfahrung, dass hinter jedem Horizont, den er erreicht, wieder ein neuer Horizont auftaucht. Rollenzahl und Spieldauer \u201eDer Horizont\u201c [&hellip;]","og_url":"https:\/\/kinder-spielen-theater.de\/de_de\/produkt\/der-horizont\/","og_site_name":"Kinder spielen Theater","article_modified_time":"2024-01-09T08:36:19+00:00","og_image":[{"width":1240,"height":1754,"url":"https:\/\/kinder-spielen-theater.de\/wp-content\/uploads\/2021\/06\/5b-Der-Horizont-o.k.-page-001.jpg","type":"image\/jpeg"}],"twitter_card":"summary_large_image","twitter_misc":{"Gesch\u00e4tzte Lesezeit":"1\u00a0Minute"},"schema":{"@context":"https:\/\/schema.org","@graph":[{"@type":"WebPage","@id":"https:\/\/kinder-spielen-theater.de\/produkt\/der-horizont\/","url":"https:\/\/kinder-spielen-theater.de\/produkt\/der-horizont\/","name":"Der Horizont - Kinder spielen Theater","isPartOf":{"@id":"https:\/\/kinder-spielen-theater.de\/#website"},"primaryImageOfPage":{"@id":"https:\/\/kinder-spielen-theater.de\/produkt\/der-horizont\/#primaryimage"},"image":{"@id":"https:\/\/kinder-spielen-theater.de\/produkt\/der-horizont\/#primaryimage"},"thumbnailUrl":"https:\/\/kinder-spielen-theater.de\/wp-content\/uploads\/2021\/06\/5b-Der-Horizont-o.k.-page-001.jpg","datePublished":"2021-06-02T06:05:12+00:00","dateModified":"2024-01-09T08:36:19+00:00","breadcrumb":{"@id":"https:\/\/kinder-spielen-theater.de\/produkt\/der-horizont\/#breadcrumb"},"inLanguage":"de","potentialAction":[{"@type":"ReadAction","target":["https:\/\/kinder-spielen-theater.de\/produkt\/der-horizont\/"]}]},{"@type":"ImageObject","inLanguage":"de","@id":"https:\/\/kinder-spielen-theater.de\/produkt\/der-horizont\/#primaryimage","url":"https:\/\/kinder-spielen-theater.de\/wp-content\/uploads\/2021\/06\/5b-Der-Horizont-o.k.-page-001.jpg","contentUrl":"https:\/\/kinder-spielen-theater.de\/wp-content\/uploads\/2021\/06\/5b-Der-Horizont-o.k.-page-001.jpg","width":1240,"height":1754},{"@type":"BreadcrumbList","@id":"https:\/\/kinder-spielen-theater.de\/produkt\/der-horizont\/#breadcrumb","itemListElement":[{"@type":"ListItem","position":1,"name":"Startseite","item":"https:\/\/kinder-spielen-theater.de\/"},{"@type":"ListItem","position":2,"name":"Shop: Theaterst\u00fccke zum Download","item":"https:\/\/kinder-spielen-theater.de\/shop\/"},{"@type":"ListItem","position":3,"name":"Der Horizont"}]},{"@type":"WebSite","@id":"https:\/\/kinder-spielen-theater.de\/#website","url":"https:\/\/kinder-spielen-theater.de\/","name":"Kinder spielen Theater","description":"Theaterst\u00fccke f\u00fcr die Grundschule, Haupt- und Realschule, Gesamtschule und Gymnasium, Theaterst\u00fccke f\u00fcr Kinder","potentialAction":[{"@type":"SearchAction","target":{"@type":"EntryPoint","urlTemplate":"https:\/\/kinder-spielen-theater.de\/?s={search_term_string}"},"query-input":{"@type":"PropertyValueSpecification","valueRequired":true,"valueName":"search_term_string"}}],"inLanguage":"de"}]}},"_links":{"self":[{"href":"https:\/\/kinder-spielen-theater.de\/de_de\/wp-json\/wp\/v2\/product\/246","targetHints":{"allow":["GET"]}}],"collection":[{"href":"https:\/\/kinder-spielen-theater.de\/de_de\/wp-json\/wp\/v2\/product"}],"about":[{"href":"https:\/\/kinder-spielen-theater.de\/de_de\/wp-json\/wp\/v2\/types\/product"}],"replies":[{"embeddable":true,"href":"https:\/\/kinder-spielen-theater.de\/de_de\/wp-json\/wp\/v2\/comments?post=246"}],"wp:featuredmedia":[{"embeddable":true,"href":"https:\/\/kinder-spielen-theater.de\/de_de\/wp-json\/wp\/v2\/media\/686"}],"wp:attachment":[{"href":"https:\/\/kinder-spielen-theater.de\/de_de\/wp-json\/wp\/v2\/media?parent=246"}],"wp:term":[{"taxonomy":"product_brand","embeddable":true,"href":"https:\/\/kinder-spielen-theater.de\/de_de\/wp-json\/wp\/v2\/product_brand?post=246"},{"taxonomy":"product_cat","embeddable":true,"href":"https:\/\/kinder-spielen-theater.de\/de_de\/wp-json\/wp\/v2\/product_cat?post=246"},{"taxonomy":"product_tag","embeddable":true,"href":"https:\/\/kinder-spielen-theater.de\/de_de\/wp-json\/wp\/v2\/product_tag?post=246"}],"curies":[{"name":"wp","href":"https:\/\/api.w.org\/{rel}","templated":true}]}}