{"id":236,"date":"2021-06-02T05:44:30","date_gmt":"2021-06-02T05:44:30","guid":{"rendered":"https:\/\/kinder-spielen-theater.de\/?post_type=product&#038;p=236"},"modified":"2022-09-27T06:54:29","modified_gmt":"2022-09-27T06:54:29","slug":"der-grosse-bogen","status":"publish","type":"product","link":"https:\/\/kinder-spielen-theater.de\/de_de\/produkt\/der-grosse-bogen\/","title":{"rendered":"Der gro\u00dfe Bogen"},"content":{"rendered":"<p><span style=\"font-size: 18pt;\"><strong>Inhalt<\/strong><\/span><br \/>\n&#8222;Der gro\u00dfe Bogen&#8220; spielt in einem fiktiven Land in ferner Vergangenheit. Die Einwohner dieses Staates versuchen ein Klimaproblem ihres Landes zu l\u00f6sen, indem sie mit einem gro\u00dfen Bogen ein St\u00fcck aus der Sonne herausschie\u00dfen. Der Versuch gelingt, aber die nicht vorhergesehenen Folgewirkungen zwingen sie mithilfe eines noch gr\u00f6\u00dferen Bogens die Sonne wieder zu reparieren. Die Geschichte zeigt, dass zur Beseitigung unvorhergesehener Folgewirkungen technischer Eingriffe in die Natur m\u00f6glicherweise extrem aufwendige und damit teure technische Mittel n\u00f6tig werden k\u00f6nnen.<\/p>\n<p><span style=\"font-size: 18pt;\"><strong>Rollenzahl und Spieldauer<\/strong><\/span><br \/>\nWenn in jedem der beiden Akte des St\u00fcckes andere Kinder spielen, werden 32 Spieler ben\u00f6tigt. Wenn das nicht so gehandhabt wird, sinkt die Rollenzahl auf ca. 20 Sprechrollen.<br \/>\nDie Auff\u00fchrungszeit betr\u00e4gt ca. 25 Minuten.<\/p>\n<p><span style=\"font-size: 18pt;\"><strong>Textumfang<\/strong><\/span><\/p>\n<p>13 Seiten, insgesamt 34 Seiten<\/p>\n<p><span style=\"font-size: 18pt;\"><strong>Musik<\/strong><\/span><br \/>\nZus\u00e4tzlich zum Rollentext und den Lehrerhinweisen sind noch 2 Musik-Dateien im mp3-Format enthalten.<\/p>\n<p><span style=\"font-size: 18pt;\"><a href=\"https:\/\/kinder-spielen-theater.de\/wp-content\/uploads\/2021\/06\/17-Der-grosse-Bogen-Leseprobe-Adobe.pdf\">Leseprobe<\/a><\/span><\/p>\n","protected":false},"excerpt":{"rendered":"<p>Inhalt &#8222;Der gro\u00dfe Bogen&#8220; spielt in einem fiktiven Land in ferner Vergangenheit. Die Einwohner dieses Staates versuchen ein Klimaproblem ihres Landes zu l\u00f6sen, indem sie mit einem gro\u00dfen Bogen ein St\u00fcck aus der Sonne herausschie\u00dfen. Der Versuch gelingt, aber die nicht vorhergesehenen Folgewirkungen zwingen sie mithilfe eines noch gr\u00f6\u00dferen Bogens die Sonne wieder zu reparieren. [&hellip;]<\/p>\n","protected":false},"featured_media":691,"comment_status":"open","ping_status":"closed","template":"","meta":[],"product_brand":[],"product_cat":[47,41],"product_tag":[],"class_list":{"0":"post-236","1":"product","2":"type-product","3":"status-publish","4":"has-post-thumbnail","6":"product_cat-achtung-der-umwelt","7":"product_cat-naturwissenschaft-technik","9":"first","10":"instock","11":"downloadable","12":"virtual","13":"purchasable","14":"product-type-simple"},"yoast_head":"<!-- This site is optimized with the Yoast SEO plugin v27.3 - https:\/\/yoast.com\/product\/yoast-seo-wordpress\/ -->\n<title>Der gro\u00dfe Bogen - Kinder spielen Theater<\/title>\n<meta name=\"robots\" content=\"index, follow, max-snippet:-1, max-image-preview:large, max-video-preview:-1\" \/>\n<link rel=\"canonical\" href=\"https:\/\/kinder-spielen-theater.de\/de_de\/produkt\/der-grosse-bogen\/\" \/>\n<meta property=\"og:locale\" content=\"de_DE\" \/>\n<meta property=\"og:type\" content=\"article\" \/>\n<meta property=\"og:title\" content=\"Der gro\u00dfe Bogen - Kinder spielen Theater\" \/>\n<meta property=\"og:description\" content=\"Inhalt &#8222;Der gro\u00dfe Bogen&#8220; spielt in einem fiktiven Land in ferner Vergangenheit. Die Einwohner dieses Staates versuchen ein Klimaproblem ihres Landes zu l\u00f6sen, indem sie mit einem gro\u00dfen Bogen ein St\u00fcck aus der Sonne herausschie\u00dfen. Der Versuch gelingt, aber die nicht vorhergesehenen Folgewirkungen zwingen sie mithilfe eines noch gr\u00f6\u00dferen Bogens die Sonne wieder zu reparieren. [&hellip;]\" \/>\n<meta property=\"og:url\" content=\"https:\/\/kinder-spielen-theater.de\/de_de\/produkt\/der-grosse-bogen\/\" \/>\n<meta property=\"og:site_name\" content=\"Kinder spielen Theater\" \/>\n<meta property=\"article:modified_time\" content=\"2022-09-27T06:54:29+00:00\" \/>\n<meta property=\"og:image\" content=\"https:\/\/kinder-spielen-theater.de\/wp-content\/uploads\/2021\/06\/17-Der-grosse-Bogen-o.k.-page-001.jpg\" \/>\n\t<meta property=\"og:image:width\" content=\"1240\" \/>\n\t<meta property=\"og:image:height\" content=\"1754\" \/>\n\t<meta property=\"og:image:type\" content=\"image\/jpeg\" \/>\n<meta name=\"twitter:card\" content=\"summary_large_image\" \/>\n<meta name=\"twitter:label1\" content=\"Gesch\u00e4tzte Lesezeit\" \/>\n\t<meta name=\"twitter:data1\" content=\"1\u00a0Minute\" \/>\n<script type=\"application\/ld+json\" class=\"yoast-schema-graph\">{\"@context\":\"https:\\\/\\\/schema.org\",\"@graph\":[{\"@type\":\"WebPage\",\"@id\":\"https:\\\/\\\/kinder-spielen-theater.de\\\/produkt\\\/der-grosse-bogen\\\/\",\"url\":\"https:\\\/\\\/kinder-spielen-theater.de\\\/produkt\\\/der-grosse-bogen\\\/\",\"name\":\"Der gro\u00dfe Bogen - Kinder spielen Theater\",\"isPartOf\":{\"@id\":\"https:\\\/\\\/kinder-spielen-theater.de\\\/#website\"},\"primaryImageOfPage\":{\"@id\":\"https:\\\/\\\/kinder-spielen-theater.de\\\/produkt\\\/der-grosse-bogen\\\/#primaryimage\"},\"image\":{\"@id\":\"https:\\\/\\\/kinder-spielen-theater.de\\\/produkt\\\/der-grosse-bogen\\\/#primaryimage\"},\"thumbnailUrl\":\"https:\\\/\\\/kinder-spielen-theater.de\\\/wp-content\\\/uploads\\\/2021\\\/06\\\/17-Der-grosse-Bogen-o.k.-page-001.jpg\",\"datePublished\":\"2021-06-02T05:44:30+00:00\",\"dateModified\":\"2022-09-27T06:54:29+00:00\",\"breadcrumb\":{\"@id\":\"https:\\\/\\\/kinder-spielen-theater.de\\\/produkt\\\/der-grosse-bogen\\\/#breadcrumb\"},\"inLanguage\":\"de\",\"potentialAction\":[{\"@type\":\"ReadAction\",\"target\":[\"https:\\\/\\\/kinder-spielen-theater.de\\\/produkt\\\/der-grosse-bogen\\\/\"]}]},{\"@type\":\"ImageObject\",\"inLanguage\":\"de\",\"@id\":\"https:\\\/\\\/kinder-spielen-theater.de\\\/produkt\\\/der-grosse-bogen\\\/#primaryimage\",\"url\":\"https:\\\/\\\/kinder-spielen-theater.de\\\/wp-content\\\/uploads\\\/2021\\\/06\\\/17-Der-grosse-Bogen-o.k.-page-001.jpg\",\"contentUrl\":\"https:\\\/\\\/kinder-spielen-theater.de\\\/wp-content\\\/uploads\\\/2021\\\/06\\\/17-Der-grosse-Bogen-o.k.-page-001.jpg\",\"width\":1240,\"height\":1754},{\"@type\":\"BreadcrumbList\",\"@id\":\"https:\\\/\\\/kinder-spielen-theater.de\\\/produkt\\\/der-grosse-bogen\\\/#breadcrumb\",\"itemListElement\":[{\"@type\":\"ListItem\",\"position\":1,\"name\":\"Startseite\",\"item\":\"https:\\\/\\\/kinder-spielen-theater.de\\\/\"},{\"@type\":\"ListItem\",\"position\":2,\"name\":\"Shop: Theaterst\u00fccke zum Download\",\"item\":\"https:\\\/\\\/kinder-spielen-theater.de\\\/shop\\\/\"},{\"@type\":\"ListItem\",\"position\":3,\"name\":\"Der gro\u00dfe Bogen\"}]},{\"@type\":\"WebSite\",\"@id\":\"https:\\\/\\\/kinder-spielen-theater.de\\\/#website\",\"url\":\"https:\\\/\\\/kinder-spielen-theater.de\\\/\",\"name\":\"Kinder spielen Theater\",\"description\":\"Theaterst\u00fccke f\u00fcr die Grundschule, Haupt- und Realschule, Gesamtschule und Gymnasium, Theaterst\u00fccke f\u00fcr Kinder\",\"potentialAction\":[{\"@type\":\"SearchAction\",\"target\":{\"@type\":\"EntryPoint\",\"urlTemplate\":\"https:\\\/\\\/kinder-spielen-theater.de\\\/?s={search_term_string}\"},\"query-input\":{\"@type\":\"PropertyValueSpecification\",\"valueRequired\":true,\"valueName\":\"search_term_string\"}}],\"inLanguage\":\"de\"}]}<\/script>\n<!-- \/ Yoast SEO plugin. -->","yoast_head_json":{"title":"Der gro\u00dfe Bogen - Kinder spielen Theater","robots":{"index":"index","follow":"follow","max-snippet":"max-snippet:-1","max-image-preview":"max-image-preview:large","max-video-preview":"max-video-preview:-1"},"canonical":"https:\/\/kinder-spielen-theater.de\/de_de\/produkt\/der-grosse-bogen\/","og_locale":"de_DE","og_type":"article","og_title":"Der gro\u00dfe Bogen - Kinder spielen Theater","og_description":"Inhalt &#8222;Der gro\u00dfe Bogen&#8220; spielt in einem fiktiven Land in ferner Vergangenheit. Die Einwohner dieses Staates versuchen ein Klimaproblem ihres Landes zu l\u00f6sen, indem sie mit einem gro\u00dfen Bogen ein St\u00fcck aus der Sonne herausschie\u00dfen. Der Versuch gelingt, aber die nicht vorhergesehenen Folgewirkungen zwingen sie mithilfe eines noch gr\u00f6\u00dferen Bogens die Sonne wieder zu reparieren. [&hellip;]","og_url":"https:\/\/kinder-spielen-theater.de\/de_de\/produkt\/der-grosse-bogen\/","og_site_name":"Kinder spielen Theater","article_modified_time":"2022-09-27T06:54:29+00:00","og_image":[{"width":1240,"height":1754,"url":"https:\/\/kinder-spielen-theater.de\/wp-content\/uploads\/2021\/06\/17-Der-grosse-Bogen-o.k.-page-001.jpg","type":"image\/jpeg"}],"twitter_card":"summary_large_image","twitter_misc":{"Gesch\u00e4tzte Lesezeit":"1\u00a0Minute"},"schema":{"@context":"https:\/\/schema.org","@graph":[{"@type":"WebPage","@id":"https:\/\/kinder-spielen-theater.de\/produkt\/der-grosse-bogen\/","url":"https:\/\/kinder-spielen-theater.de\/produkt\/der-grosse-bogen\/","name":"Der gro\u00dfe Bogen - Kinder spielen Theater","isPartOf":{"@id":"https:\/\/kinder-spielen-theater.de\/#website"},"primaryImageOfPage":{"@id":"https:\/\/kinder-spielen-theater.de\/produkt\/der-grosse-bogen\/#primaryimage"},"image":{"@id":"https:\/\/kinder-spielen-theater.de\/produkt\/der-grosse-bogen\/#primaryimage"},"thumbnailUrl":"https:\/\/kinder-spielen-theater.de\/wp-content\/uploads\/2021\/06\/17-Der-grosse-Bogen-o.k.-page-001.jpg","datePublished":"2021-06-02T05:44:30+00:00","dateModified":"2022-09-27T06:54:29+00:00","breadcrumb":{"@id":"https:\/\/kinder-spielen-theater.de\/produkt\/der-grosse-bogen\/#breadcrumb"},"inLanguage":"de","potentialAction":[{"@type":"ReadAction","target":["https:\/\/kinder-spielen-theater.de\/produkt\/der-grosse-bogen\/"]}]},{"@type":"ImageObject","inLanguage":"de","@id":"https:\/\/kinder-spielen-theater.de\/produkt\/der-grosse-bogen\/#primaryimage","url":"https:\/\/kinder-spielen-theater.de\/wp-content\/uploads\/2021\/06\/17-Der-grosse-Bogen-o.k.-page-001.jpg","contentUrl":"https:\/\/kinder-spielen-theater.de\/wp-content\/uploads\/2021\/06\/17-Der-grosse-Bogen-o.k.-page-001.jpg","width":1240,"height":1754},{"@type":"BreadcrumbList","@id":"https:\/\/kinder-spielen-theater.de\/produkt\/der-grosse-bogen\/#breadcrumb","itemListElement":[{"@type":"ListItem","position":1,"name":"Startseite","item":"https:\/\/kinder-spielen-theater.de\/"},{"@type":"ListItem","position":2,"name":"Shop: Theaterst\u00fccke zum Download","item":"https:\/\/kinder-spielen-theater.de\/shop\/"},{"@type":"ListItem","position":3,"name":"Der gro\u00dfe Bogen"}]},{"@type":"WebSite","@id":"https:\/\/kinder-spielen-theater.de\/#website","url":"https:\/\/kinder-spielen-theater.de\/","name":"Kinder spielen Theater","description":"Theaterst\u00fccke f\u00fcr die Grundschule, Haupt- und Realschule, Gesamtschule und Gymnasium, Theaterst\u00fccke f\u00fcr Kinder","potentialAction":[{"@type":"SearchAction","target":{"@type":"EntryPoint","urlTemplate":"https:\/\/kinder-spielen-theater.de\/?s={search_term_string}"},"query-input":{"@type":"PropertyValueSpecification","valueRequired":true,"valueName":"search_term_string"}}],"inLanguage":"de"}]}},"_links":{"self":[{"href":"https:\/\/kinder-spielen-theater.de\/de_de\/wp-json\/wp\/v2\/product\/236","targetHints":{"allow":["GET"]}}],"collection":[{"href":"https:\/\/kinder-spielen-theater.de\/de_de\/wp-json\/wp\/v2\/product"}],"about":[{"href":"https:\/\/kinder-spielen-theater.de\/de_de\/wp-json\/wp\/v2\/types\/product"}],"replies":[{"embeddable":true,"href":"https:\/\/kinder-spielen-theater.de\/de_de\/wp-json\/wp\/v2\/comments?post=236"}],"wp:featuredmedia":[{"embeddable":true,"href":"https:\/\/kinder-spielen-theater.de\/de_de\/wp-json\/wp\/v2\/media\/691"}],"wp:attachment":[{"href":"https:\/\/kinder-spielen-theater.de\/de_de\/wp-json\/wp\/v2\/media?parent=236"}],"wp:term":[{"taxonomy":"product_brand","embeddable":true,"href":"https:\/\/kinder-spielen-theater.de\/de_de\/wp-json\/wp\/v2\/product_brand?post=236"},{"taxonomy":"product_cat","embeddable":true,"href":"https:\/\/kinder-spielen-theater.de\/de_de\/wp-json\/wp\/v2\/product_cat?post=236"},{"taxonomy":"product_tag","embeddable":true,"href":"https:\/\/kinder-spielen-theater.de\/de_de\/wp-json\/wp\/v2\/product_tag?post=236"}],"curies":[{"name":"wp","href":"https:\/\/api.w.org\/{rel}","templated":true}]}}