{"id":231,"date":"2021-06-02T05:36:32","date_gmt":"2021-06-02T05:36:32","guid":{"rendered":"https:\/\/kinder-spielen-theater.de\/?post_type=product&#038;p=231"},"modified":"2022-09-27T06:55:20","modified_gmt":"2022-09-27T06:55:20","slug":"der-germanenjunge-siegfried-in-einer-roemischen-stadt","status":"publish","type":"product","link":"https:\/\/kinder-spielen-theater.de\/de_de\/produkt\/der-germanenjunge-siegfried-in-einer-roemischen-stadt\/","title":{"rendered":"Der Germanenjunge Siegfried in einer r\u00f6mischen Stadt"},"content":{"rendered":"<p><span style=\"font-size: 18pt;\"><strong>Inhalt<\/strong><\/span><br \/>\nSchauplatz ist eine typisch r\u00f6mische Stadt (wie z.B. die Colonia Ulpia Traiana bei Xanten), wie sie die R\u00f6mer nach der Eroberung Germaniens errichtet hatten.<br \/>\nDer Germanenjunge Siegfried kommt aus dem freien Teil Germaniens zu Besuch in die Stadt und lernt dort das Leben in einer r\u00f6mischen Familie kennen. Er staunt \u00fcber die vielen technischen Einrichtungen, die die R\u00f6mer mit nach Germanien gebracht hatten wie z.B. Wasserleitungen, Heizungen und Stra\u00dfen und sieht zum ersten Mal Dinge wie Geld und Glas. Schlie\u00dflich besucht er sogar einen Gladiatorenkampf im Amphitheater.<\/p>\n<p><span style=\"font-size: 18pt;\"><strong>Rollenzahl und Spieldauer<\/strong><\/span><br \/>\nDas St\u00fcck enth\u00e4lt in der vorliegenden Fassung 20 Rollen. Diese Zahl kann durch Hinzuf\u00fcgen, Wegnahme oder Zusammenfassen von Sch\u00fcler-, Kinder-, bzw. Zuschauerrollen vergr\u00f6\u00dfert (Rollen ohne Sprechtext), bzw. verkleinert werden.<\/p>\n<p>Die Auff\u00fchrungszeit betr\u00e4gt ca. 25 Minuten.<\/p>\n<p><span style=\"font-size: 18pt;\"><strong>Textumfang<\/strong><\/span><br \/>\nRollentext 11 Seiten, insgesamt 36 Seiten<\/p>\n<p><span style=\"font-size: 18pt;\"><a href=\"https:\/\/kinder-spielen-theater.de\/wp-content\/uploads\/2021\/06\/15-Der-Germanenjunge...Leseprobe-Adobe.pdf\">Leseprobe<\/a><\/span><\/p>\n","protected":false},"excerpt":{"rendered":"<p>Inhalt Schauplatz ist eine typisch r\u00f6mische Stadt (wie z.B. die Colonia Ulpia Traiana bei Xanten), wie sie die R\u00f6mer nach der Eroberung Germaniens errichtet hatten. Der Germanenjunge Siegfried kommt aus dem freien Teil Germaniens zu Besuch in die Stadt und lernt dort das Leben in einer r\u00f6mischen Familie kennen. Er staunt \u00fcber die vielen technischen [&hellip;]<\/p>\n","protected":false},"featured_media":692,"comment_status":"open","ping_status":"closed","template":"","meta":[],"product_brand":[],"product_cat":[40,42,41],"product_tag":[],"class_list":{"0":"post-231","1":"product","2":"type-product","3":"status-publish","4":"has-post-thumbnail","6":"product_cat-deutsches-kulturelles-erbe","7":"product_cat-kulturelles-erbe","8":"product_cat-naturwissenschaft-technik","10":"first","11":"instock","12":"downloadable","13":"virtual","14":"purchasable","15":"product-type-simple"},"yoast_head":"<!-- This site is optimized with the Yoast SEO plugin v27.3 - https:\/\/yoast.com\/product\/yoast-seo-wordpress\/ -->\n<title>Der Germanenjunge Siegfried in einer r\u00f6mischen Stadt - Kinder spielen Theater<\/title>\n<meta name=\"robots\" content=\"index, follow, max-snippet:-1, max-image-preview:large, max-video-preview:-1\" \/>\n<link rel=\"canonical\" href=\"https:\/\/kinder-spielen-theater.de\/de_de\/produkt\/der-germanenjunge-siegfried-in-einer-roemischen-stadt\/\" \/>\n<meta property=\"og:locale\" content=\"de_DE\" \/>\n<meta property=\"og:type\" content=\"article\" \/>\n<meta property=\"og:title\" content=\"Der Germanenjunge Siegfried in einer r\u00f6mischen Stadt - Kinder spielen Theater\" \/>\n<meta property=\"og:description\" content=\"Inhalt Schauplatz ist eine typisch r\u00f6mische Stadt (wie z.B. die Colonia Ulpia Traiana bei Xanten), wie sie die R\u00f6mer nach der Eroberung Germaniens errichtet hatten. Der Germanenjunge Siegfried kommt aus dem freien Teil Germaniens zu Besuch in die Stadt und lernt dort das Leben in einer r\u00f6mischen Familie kennen. Er staunt \u00fcber die vielen technischen [&hellip;]\" \/>\n<meta property=\"og:url\" content=\"https:\/\/kinder-spielen-theater.de\/de_de\/produkt\/der-germanenjunge-siegfried-in-einer-roemischen-stadt\/\" \/>\n<meta property=\"og:site_name\" content=\"Kinder spielen Theater\" \/>\n<meta property=\"article:modified_time\" content=\"2022-09-27T06:55:20+00:00\" \/>\n<meta property=\"og:image\" content=\"https:\/\/kinder-spielen-theater.de\/wp-content\/uploads\/2021\/06\/15-Der-Germanenj.-Siegfried-o.k.-page-001.jpg\" \/>\n\t<meta property=\"og:image:width\" content=\"1240\" \/>\n\t<meta property=\"og:image:height\" content=\"1754\" \/>\n\t<meta property=\"og:image:type\" content=\"image\/jpeg\" \/>\n<meta name=\"twitter:card\" content=\"summary_large_image\" \/>\n<meta name=\"twitter:label1\" content=\"Gesch\u00e4tzte Lesezeit\" \/>\n\t<meta name=\"twitter:data1\" content=\"1\u00a0Minute\" \/>\n<script type=\"application\/ld+json\" class=\"yoast-schema-graph\">{\"@context\":\"https:\\\/\\\/schema.org\",\"@graph\":[{\"@type\":\"WebPage\",\"@id\":\"https:\\\/\\\/kinder-spielen-theater.de\\\/produkt\\\/der-germanenjunge-siegfried-in-einer-roemischen-stadt\\\/\",\"url\":\"https:\\\/\\\/kinder-spielen-theater.de\\\/produkt\\\/der-germanenjunge-siegfried-in-einer-roemischen-stadt\\\/\",\"name\":\"Der Germanenjunge Siegfried in einer r\u00f6mischen Stadt - Kinder spielen Theater\",\"isPartOf\":{\"@id\":\"https:\\\/\\\/kinder-spielen-theater.de\\\/#website\"},\"primaryImageOfPage\":{\"@id\":\"https:\\\/\\\/kinder-spielen-theater.de\\\/produkt\\\/der-germanenjunge-siegfried-in-einer-roemischen-stadt\\\/#primaryimage\"},\"image\":{\"@id\":\"https:\\\/\\\/kinder-spielen-theater.de\\\/produkt\\\/der-germanenjunge-siegfried-in-einer-roemischen-stadt\\\/#primaryimage\"},\"thumbnailUrl\":\"https:\\\/\\\/kinder-spielen-theater.de\\\/wp-content\\\/uploads\\\/2021\\\/06\\\/15-Der-Germanenj.-Siegfried-o.k.-page-001.jpg\",\"datePublished\":\"2021-06-02T05:36:32+00:00\",\"dateModified\":\"2022-09-27T06:55:20+00:00\",\"breadcrumb\":{\"@id\":\"https:\\\/\\\/kinder-spielen-theater.de\\\/produkt\\\/der-germanenjunge-siegfried-in-einer-roemischen-stadt\\\/#breadcrumb\"},\"inLanguage\":\"de\",\"potentialAction\":[{\"@type\":\"ReadAction\",\"target\":[\"https:\\\/\\\/kinder-spielen-theater.de\\\/produkt\\\/der-germanenjunge-siegfried-in-einer-roemischen-stadt\\\/\"]}]},{\"@type\":\"ImageObject\",\"inLanguage\":\"de\",\"@id\":\"https:\\\/\\\/kinder-spielen-theater.de\\\/produkt\\\/der-germanenjunge-siegfried-in-einer-roemischen-stadt\\\/#primaryimage\",\"url\":\"https:\\\/\\\/kinder-spielen-theater.de\\\/wp-content\\\/uploads\\\/2021\\\/06\\\/15-Der-Germanenj.-Siegfried-o.k.-page-001.jpg\",\"contentUrl\":\"https:\\\/\\\/kinder-spielen-theater.de\\\/wp-content\\\/uploads\\\/2021\\\/06\\\/15-Der-Germanenj.-Siegfried-o.k.-page-001.jpg\",\"width\":1240,\"height\":1754},{\"@type\":\"BreadcrumbList\",\"@id\":\"https:\\\/\\\/kinder-spielen-theater.de\\\/produkt\\\/der-germanenjunge-siegfried-in-einer-roemischen-stadt\\\/#breadcrumb\",\"itemListElement\":[{\"@type\":\"ListItem\",\"position\":1,\"name\":\"Startseite\",\"item\":\"https:\\\/\\\/kinder-spielen-theater.de\\\/\"},{\"@type\":\"ListItem\",\"position\":2,\"name\":\"Shop: Theaterst\u00fccke zum Download\",\"item\":\"https:\\\/\\\/kinder-spielen-theater.de\\\/shop\\\/\"},{\"@type\":\"ListItem\",\"position\":3,\"name\":\"Der Germanenjunge Siegfried in einer r\u00f6mischen Stadt\"}]},{\"@type\":\"WebSite\",\"@id\":\"https:\\\/\\\/kinder-spielen-theater.de\\\/#website\",\"url\":\"https:\\\/\\\/kinder-spielen-theater.de\\\/\",\"name\":\"Kinder spielen Theater\",\"description\":\"Theaterst\u00fccke f\u00fcr die Grundschule, Haupt- und Realschule, Gesamtschule und Gymnasium, Theaterst\u00fccke f\u00fcr Kinder\",\"potentialAction\":[{\"@type\":\"SearchAction\",\"target\":{\"@type\":\"EntryPoint\",\"urlTemplate\":\"https:\\\/\\\/kinder-spielen-theater.de\\\/?s={search_term_string}\"},\"query-input\":{\"@type\":\"PropertyValueSpecification\",\"valueRequired\":true,\"valueName\":\"search_term_string\"}}],\"inLanguage\":\"de\"}]}<\/script>\n<!-- \/ Yoast SEO plugin. -->","yoast_head_json":{"title":"Der Germanenjunge Siegfried in einer r\u00f6mischen Stadt - Kinder spielen Theater","robots":{"index":"index","follow":"follow","max-snippet":"max-snippet:-1","max-image-preview":"max-image-preview:large","max-video-preview":"max-video-preview:-1"},"canonical":"https:\/\/kinder-spielen-theater.de\/de_de\/produkt\/der-germanenjunge-siegfried-in-einer-roemischen-stadt\/","og_locale":"de_DE","og_type":"article","og_title":"Der Germanenjunge Siegfried in einer r\u00f6mischen Stadt - Kinder spielen Theater","og_description":"Inhalt Schauplatz ist eine typisch r\u00f6mische Stadt (wie z.B. die Colonia Ulpia Traiana bei Xanten), wie sie die R\u00f6mer nach der Eroberung Germaniens errichtet hatten. Der Germanenjunge Siegfried kommt aus dem freien Teil Germaniens zu Besuch in die Stadt und lernt dort das Leben in einer r\u00f6mischen Familie kennen. Er staunt \u00fcber die vielen technischen [&hellip;]","og_url":"https:\/\/kinder-spielen-theater.de\/de_de\/produkt\/der-germanenjunge-siegfried-in-einer-roemischen-stadt\/","og_site_name":"Kinder spielen Theater","article_modified_time":"2022-09-27T06:55:20+00:00","og_image":[{"width":1240,"height":1754,"url":"https:\/\/kinder-spielen-theater.de\/wp-content\/uploads\/2021\/06\/15-Der-Germanenj.-Siegfried-o.k.-page-001.jpg","type":"image\/jpeg"}],"twitter_card":"summary_large_image","twitter_misc":{"Gesch\u00e4tzte Lesezeit":"1\u00a0Minute"},"schema":{"@context":"https:\/\/schema.org","@graph":[{"@type":"WebPage","@id":"https:\/\/kinder-spielen-theater.de\/produkt\/der-germanenjunge-siegfried-in-einer-roemischen-stadt\/","url":"https:\/\/kinder-spielen-theater.de\/produkt\/der-germanenjunge-siegfried-in-einer-roemischen-stadt\/","name":"Der Germanenjunge Siegfried in einer r\u00f6mischen Stadt - Kinder spielen Theater","isPartOf":{"@id":"https:\/\/kinder-spielen-theater.de\/#website"},"primaryImageOfPage":{"@id":"https:\/\/kinder-spielen-theater.de\/produkt\/der-germanenjunge-siegfried-in-einer-roemischen-stadt\/#primaryimage"},"image":{"@id":"https:\/\/kinder-spielen-theater.de\/produkt\/der-germanenjunge-siegfried-in-einer-roemischen-stadt\/#primaryimage"},"thumbnailUrl":"https:\/\/kinder-spielen-theater.de\/wp-content\/uploads\/2021\/06\/15-Der-Germanenj.-Siegfried-o.k.-page-001.jpg","datePublished":"2021-06-02T05:36:32+00:00","dateModified":"2022-09-27T06:55:20+00:00","breadcrumb":{"@id":"https:\/\/kinder-spielen-theater.de\/produkt\/der-germanenjunge-siegfried-in-einer-roemischen-stadt\/#breadcrumb"},"inLanguage":"de","potentialAction":[{"@type":"ReadAction","target":["https:\/\/kinder-spielen-theater.de\/produkt\/der-germanenjunge-siegfried-in-einer-roemischen-stadt\/"]}]},{"@type":"ImageObject","inLanguage":"de","@id":"https:\/\/kinder-spielen-theater.de\/produkt\/der-germanenjunge-siegfried-in-einer-roemischen-stadt\/#primaryimage","url":"https:\/\/kinder-spielen-theater.de\/wp-content\/uploads\/2021\/06\/15-Der-Germanenj.-Siegfried-o.k.-page-001.jpg","contentUrl":"https:\/\/kinder-spielen-theater.de\/wp-content\/uploads\/2021\/06\/15-Der-Germanenj.-Siegfried-o.k.-page-001.jpg","width":1240,"height":1754},{"@type":"BreadcrumbList","@id":"https:\/\/kinder-spielen-theater.de\/produkt\/der-germanenjunge-siegfried-in-einer-roemischen-stadt\/#breadcrumb","itemListElement":[{"@type":"ListItem","position":1,"name":"Startseite","item":"https:\/\/kinder-spielen-theater.de\/"},{"@type":"ListItem","position":2,"name":"Shop: Theaterst\u00fccke zum Download","item":"https:\/\/kinder-spielen-theater.de\/shop\/"},{"@type":"ListItem","position":3,"name":"Der Germanenjunge Siegfried in einer r\u00f6mischen Stadt"}]},{"@type":"WebSite","@id":"https:\/\/kinder-spielen-theater.de\/#website","url":"https:\/\/kinder-spielen-theater.de\/","name":"Kinder spielen Theater","description":"Theaterst\u00fccke f\u00fcr die Grundschule, Haupt- und Realschule, Gesamtschule und Gymnasium, Theaterst\u00fccke f\u00fcr Kinder","potentialAction":[{"@type":"SearchAction","target":{"@type":"EntryPoint","urlTemplate":"https:\/\/kinder-spielen-theater.de\/?s={search_term_string}"},"query-input":{"@type":"PropertyValueSpecification","valueRequired":true,"valueName":"search_term_string"}}],"inLanguage":"de"}]}},"_links":{"self":[{"href":"https:\/\/kinder-spielen-theater.de\/de_de\/wp-json\/wp\/v2\/product\/231","targetHints":{"allow":["GET"]}}],"collection":[{"href":"https:\/\/kinder-spielen-theater.de\/de_de\/wp-json\/wp\/v2\/product"}],"about":[{"href":"https:\/\/kinder-spielen-theater.de\/de_de\/wp-json\/wp\/v2\/types\/product"}],"replies":[{"embeddable":true,"href":"https:\/\/kinder-spielen-theater.de\/de_de\/wp-json\/wp\/v2\/comments?post=231"}],"wp:featuredmedia":[{"embeddable":true,"href":"https:\/\/kinder-spielen-theater.de\/de_de\/wp-json\/wp\/v2\/media\/692"}],"wp:attachment":[{"href":"https:\/\/kinder-spielen-theater.de\/de_de\/wp-json\/wp\/v2\/media?parent=231"}],"wp:term":[{"taxonomy":"product_brand","embeddable":true,"href":"https:\/\/kinder-spielen-theater.de\/de_de\/wp-json\/wp\/v2\/product_brand?post=231"},{"taxonomy":"product_cat","embeddable":true,"href":"https:\/\/kinder-spielen-theater.de\/de_de\/wp-json\/wp\/v2\/product_cat?post=231"},{"taxonomy":"product_tag","embeddable":true,"href":"https:\/\/kinder-spielen-theater.de\/de_de\/wp-json\/wp\/v2\/product_tag?post=231"}],"curies":[{"name":"wp","href":"https:\/\/api.w.org\/{rel}","templated":true}]}}