{"id":200,"date":"2021-06-01T19:40:23","date_gmt":"2021-06-01T19:40:23","guid":{"rendered":"https:\/\/kinder-spielen-theater.de\/?post_type=product&#038;p=200"},"modified":"2022-11-11T11:12:07","modified_gmt":"2022-11-11T11:12:07","slug":"der-fliegende-teppich","status":"publish","type":"product","link":"https:\/\/kinder-spielen-theater.de\/de_de\/produkt\/der-fliegende-teppich\/","title":{"rendered":"Der fliegende Teppich"},"content":{"rendered":"<p><span style=\"font-size: 18pt;\"><strong>Inhalt<\/strong><\/span><br \/>\nIn diesem Theaterst\u00fcck werden drei zusammengeh\u00f6rende Geschichten aus den \u201eGeschichten aus 1001 Nacht\u201c erz\u00e4hlt:<br \/>\n(1) Der fliegende Teppich<br \/>\n(2) Das wundersame Fernrohr<br \/>\n(3) Der heilende Apfel.<br \/>\nAlle drei der genannten Gegenst\u00e4nde werden im Verlauf der Geschichte eingesetzt, um das Leben der wundersch\u00f6nen Prinzessin Nurenahar zu retten.<\/p>\n<p><span style=\"font-size: 18pt;\"><strong>Rollenzahl und Spieldauer<\/strong><\/span><br \/>\nWenn beide Akte und alle Szenen gespielt werden, enth\u00e4lt \u201eDer fliegende Teppich\u201c 25 Rollen und hat eine Auff\u00fchrungszeit von ca. 45 Minuten. Es ist aber ohne weiteres m\u00f6glich, z.B. den ersten Akt (das ist die Rahmengeschichte) und\/oder eine der Szenen aus dem zweiten Akt wegzulassen. Der Inhalt der nicht gespielten Szenen k\u00f6nnte den Zuschauern von einem \u201eErz\u00e4hler\u201c vorgetragen werden. Damit k\u00f6nnte die Auff\u00fchrungszeit stark verk\u00fcrzt werden. Eine alternative M\u00f6glichkeit w\u00e4re, die einzelnen Szenen von zwei oder sogar drei Klassen spielen zu lassen.<\/p>\n<p><span style=\"font-size: 18pt;\"><strong>Textumfang<\/strong> <\/span><br \/>\nRollentext 15 Seiten, insgesamt 41 Seiten<\/p>\n<p><span style=\"font-size: 18pt;\"><a href=\"https:\/\/kinder-spielen-theater.de\/wp-content\/uploads\/2021\/06\/14-Der-fl.-Teppich-Leseprobe-Adobe.pdf\">Leseprobe<\/a><\/span><\/p>\n","protected":false},"excerpt":{"rendered":"<p>Inhalt In diesem Theaterst\u00fcck werden drei zusammengeh\u00f6rende Geschichten aus den \u201eGeschichten aus 1001 Nacht\u201c erz\u00e4hlt: (1) Der fliegende Teppich (2) Das wundersame Fernrohr (3) Der heilende Apfel. Alle drei der genannten Gegenst\u00e4nde werden im Verlauf der Geschichte eingesetzt, um das Leben der wundersch\u00f6nen Prinzessin Nurenahar zu retten. Rollenzahl und Spieldauer Wenn beide Akte und alle [&hellip;]<\/p>\n","protected":false},"featured_media":693,"comment_status":"open","ping_status":"closed","template":"","meta":[],"product_brand":[],"product_cat":[46,36],"product_tag":[],"class_list":{"0":"post-200","1":"product","2":"type-product","3":"status-publish","4":"has-post-thumbnail","6":"product_cat-aussereuroaeisches-kulturelles-erbe","7":"product_cat-maerchen","9":"first","10":"instock","11":"downloadable","12":"virtual","13":"purchasable","14":"product-type-simple"},"yoast_head":"<!-- This site is optimized with the Yoast SEO plugin v27.4 - https:\/\/yoast.com\/product\/yoast-seo-wordpress\/ -->\n<title>Der fliegende Teppich - Kinder spielen Theater<\/title>\n<meta name=\"description\" content=\"In diesem Theaterst\u00fcck werden drei zusammengeh\u00f6rende Geschichten aus den \u201eGeschichten aus 1001 Nacht\u201c erz\u00e4hlt:(1) Der fliegende Teppich(2) Das wundersame Fernrohr(3) Der heilende Apfel.Alle drei der genannten Gegenst\u00e4nde werden im Verlauf der Geschichte eingesetzt, um das Leben der wundersch\u00f6nen Prinzessin Nurenahar zu retten.\" \/>\n<meta name=\"robots\" content=\"index, follow, max-snippet:-1, max-image-preview:large, max-video-preview:-1\" \/>\n<link rel=\"canonical\" href=\"https:\/\/kinder-spielen-theater.de\/de_de\/produkt\/der-fliegende-teppich\/\" \/>\n<meta property=\"og:locale\" content=\"de_DE\" \/>\n<meta property=\"og:type\" content=\"article\" \/>\n<meta property=\"og:title\" content=\"Der fliegende Teppich - Kinder spielen Theater\" \/>\n<meta property=\"og:description\" content=\"In diesem Theaterst\u00fcck werden drei zusammengeh\u00f6rende Geschichten aus den \u201eGeschichten aus 1001 Nacht\u201c erz\u00e4hlt:(1) Der fliegende Teppich(2) Das wundersame Fernrohr(3) Der heilende Apfel.Alle drei der genannten Gegenst\u00e4nde werden im Verlauf der Geschichte eingesetzt, um das Leben der wundersch\u00f6nen Prinzessin Nurenahar zu retten.\" \/>\n<meta property=\"og:url\" content=\"https:\/\/kinder-spielen-theater.de\/de_de\/produkt\/der-fliegende-teppich\/\" \/>\n<meta property=\"og:site_name\" content=\"Kinder spielen Theater\" \/>\n<meta property=\"article:modified_time\" content=\"2022-11-11T11:12:07+00:00\" \/>\n<meta property=\"og:image\" content=\"https:\/\/kinder-spielen-theater.de\/wp-content\/uploads\/2021\/06\/14-Der-fliegende-Teppich-o.k.-page-001.jpg\" \/>\n\t<meta property=\"og:image:width\" content=\"1240\" \/>\n\t<meta property=\"og:image:height\" content=\"1754\" \/>\n\t<meta property=\"og:image:type\" content=\"image\/jpeg\" \/>\n<meta name=\"twitter:card\" content=\"summary_large_image\" \/>\n<meta name=\"twitter:label1\" content=\"Gesch\u00e4tzte Lesezeit\" \/>\n\t<meta name=\"twitter:data1\" content=\"1\u00a0Minute\" \/>\n<script type=\"application\/ld+json\" class=\"yoast-schema-graph\">{\"@context\":\"https:\\\/\\\/schema.org\",\"@graph\":[{\"@type\":\"WebPage\",\"@id\":\"https:\\\/\\\/kinder-spielen-theater.de\\\/produkt\\\/der-fliegende-teppich\\\/\",\"url\":\"https:\\\/\\\/kinder-spielen-theater.de\\\/produkt\\\/der-fliegende-teppich\\\/\",\"name\":\"Der fliegende Teppich - Kinder spielen Theater\",\"isPartOf\":{\"@id\":\"https:\\\/\\\/kinder-spielen-theater.de\\\/#website\"},\"primaryImageOfPage\":{\"@id\":\"https:\\\/\\\/kinder-spielen-theater.de\\\/produkt\\\/der-fliegende-teppich\\\/#primaryimage\"},\"image\":{\"@id\":\"https:\\\/\\\/kinder-spielen-theater.de\\\/produkt\\\/der-fliegende-teppich\\\/#primaryimage\"},\"thumbnailUrl\":\"https:\\\/\\\/kinder-spielen-theater.de\\\/wp-content\\\/uploads\\\/2021\\\/06\\\/14-Der-fliegende-Teppich-o.k.-page-001.jpg\",\"datePublished\":\"2021-06-01T19:40:23+00:00\",\"dateModified\":\"2022-11-11T11:12:07+00:00\",\"description\":\"In diesem Theaterst\u00fcck werden drei zusammengeh\u00f6rende Geschichten aus den \u201eGeschichten aus 1001 Nacht\u201c erz\u00e4hlt:(1) Der fliegende Teppich(2) Das wundersame Fernrohr(3) Der heilende Apfel.Alle drei der genannten Gegenst\u00e4nde werden im Verlauf der Geschichte eingesetzt, um das Leben der wundersch\u00f6nen Prinzessin Nurenahar zu retten.\",\"breadcrumb\":{\"@id\":\"https:\\\/\\\/kinder-spielen-theater.de\\\/produkt\\\/der-fliegende-teppich\\\/#breadcrumb\"},\"inLanguage\":\"de\",\"potentialAction\":[{\"@type\":\"ReadAction\",\"target\":[\"https:\\\/\\\/kinder-spielen-theater.de\\\/produkt\\\/der-fliegende-teppich\\\/\"]}]},{\"@type\":\"ImageObject\",\"inLanguage\":\"de\",\"@id\":\"https:\\\/\\\/kinder-spielen-theater.de\\\/produkt\\\/der-fliegende-teppich\\\/#primaryimage\",\"url\":\"https:\\\/\\\/kinder-spielen-theater.de\\\/wp-content\\\/uploads\\\/2021\\\/06\\\/14-Der-fliegende-Teppich-o.k.-page-001.jpg\",\"contentUrl\":\"https:\\\/\\\/kinder-spielen-theater.de\\\/wp-content\\\/uploads\\\/2021\\\/06\\\/14-Der-fliegende-Teppich-o.k.-page-001.jpg\",\"width\":1240,\"height\":1754},{\"@type\":\"BreadcrumbList\",\"@id\":\"https:\\\/\\\/kinder-spielen-theater.de\\\/produkt\\\/der-fliegende-teppich\\\/#breadcrumb\",\"itemListElement\":[{\"@type\":\"ListItem\",\"position\":1,\"name\":\"Startseite\",\"item\":\"https:\\\/\\\/kinder-spielen-theater.de\\\/\"},{\"@type\":\"ListItem\",\"position\":2,\"name\":\"Shop: Theaterst\u00fccke zum Download\",\"item\":\"https:\\\/\\\/kinder-spielen-theater.de\\\/shop\\\/\"},{\"@type\":\"ListItem\",\"position\":3,\"name\":\"Der fliegende Teppich\"}]},{\"@type\":\"WebSite\",\"@id\":\"https:\\\/\\\/kinder-spielen-theater.de\\\/#website\",\"url\":\"https:\\\/\\\/kinder-spielen-theater.de\\\/\",\"name\":\"Kinder spielen Theater\",\"description\":\"Theaterst\u00fccke f\u00fcr die Grundschule, Haupt- und Realschule, Gesamtschule und Gymnasium, Theaterst\u00fccke f\u00fcr Kinder\",\"potentialAction\":[{\"@type\":\"SearchAction\",\"target\":{\"@type\":\"EntryPoint\",\"urlTemplate\":\"https:\\\/\\\/kinder-spielen-theater.de\\\/?s={search_term_string}\"},\"query-input\":{\"@type\":\"PropertyValueSpecification\",\"valueRequired\":true,\"valueName\":\"search_term_string\"}}],\"inLanguage\":\"de\"}]}<\/script>\n<!-- \/ Yoast SEO plugin. -->","yoast_head_json":{"title":"Der fliegende Teppich - Kinder spielen Theater","description":"In diesem Theaterst\u00fcck werden drei zusammengeh\u00f6rende Geschichten aus den \u201eGeschichten aus 1001 Nacht\u201c erz\u00e4hlt:(1) Der fliegende Teppich(2) Das wundersame Fernrohr(3) Der heilende Apfel.Alle drei der genannten Gegenst\u00e4nde werden im Verlauf der Geschichte eingesetzt, um das Leben der wundersch\u00f6nen Prinzessin Nurenahar zu retten.","robots":{"index":"index","follow":"follow","max-snippet":"max-snippet:-1","max-image-preview":"max-image-preview:large","max-video-preview":"max-video-preview:-1"},"canonical":"https:\/\/kinder-spielen-theater.de\/de_de\/produkt\/der-fliegende-teppich\/","og_locale":"de_DE","og_type":"article","og_title":"Der fliegende Teppich - Kinder spielen Theater","og_description":"In diesem Theaterst\u00fcck werden drei zusammengeh\u00f6rende Geschichten aus den \u201eGeschichten aus 1001 Nacht\u201c erz\u00e4hlt:(1) Der fliegende Teppich(2) Das wundersame Fernrohr(3) Der heilende Apfel.Alle drei der genannten Gegenst\u00e4nde werden im Verlauf der Geschichte eingesetzt, um das Leben der wundersch\u00f6nen Prinzessin Nurenahar zu retten.","og_url":"https:\/\/kinder-spielen-theater.de\/de_de\/produkt\/der-fliegende-teppich\/","og_site_name":"Kinder spielen Theater","article_modified_time":"2022-11-11T11:12:07+00:00","og_image":[{"width":1240,"height":1754,"url":"https:\/\/kinder-spielen-theater.de\/wp-content\/uploads\/2021\/06\/14-Der-fliegende-Teppich-o.k.-page-001.jpg","type":"image\/jpeg"}],"twitter_card":"summary_large_image","twitter_misc":{"Gesch\u00e4tzte Lesezeit":"1\u00a0Minute"},"schema":{"@context":"https:\/\/schema.org","@graph":[{"@type":"WebPage","@id":"https:\/\/kinder-spielen-theater.de\/produkt\/der-fliegende-teppich\/","url":"https:\/\/kinder-spielen-theater.de\/produkt\/der-fliegende-teppich\/","name":"Der fliegende Teppich - Kinder spielen Theater","isPartOf":{"@id":"https:\/\/kinder-spielen-theater.de\/#website"},"primaryImageOfPage":{"@id":"https:\/\/kinder-spielen-theater.de\/produkt\/der-fliegende-teppich\/#primaryimage"},"image":{"@id":"https:\/\/kinder-spielen-theater.de\/produkt\/der-fliegende-teppich\/#primaryimage"},"thumbnailUrl":"https:\/\/kinder-spielen-theater.de\/wp-content\/uploads\/2021\/06\/14-Der-fliegende-Teppich-o.k.-page-001.jpg","datePublished":"2021-06-01T19:40:23+00:00","dateModified":"2022-11-11T11:12:07+00:00","description":"In diesem Theaterst\u00fcck werden drei zusammengeh\u00f6rende Geschichten aus den \u201eGeschichten aus 1001 Nacht\u201c erz\u00e4hlt:(1) Der fliegende Teppich(2) Das wundersame Fernrohr(3) Der heilende Apfel.Alle drei der genannten Gegenst\u00e4nde werden im Verlauf der Geschichte eingesetzt, um das Leben der wundersch\u00f6nen Prinzessin Nurenahar zu retten.","breadcrumb":{"@id":"https:\/\/kinder-spielen-theater.de\/produkt\/der-fliegende-teppich\/#breadcrumb"},"inLanguage":"de","potentialAction":[{"@type":"ReadAction","target":["https:\/\/kinder-spielen-theater.de\/produkt\/der-fliegende-teppich\/"]}]},{"@type":"ImageObject","inLanguage":"de","@id":"https:\/\/kinder-spielen-theater.de\/produkt\/der-fliegende-teppich\/#primaryimage","url":"https:\/\/kinder-spielen-theater.de\/wp-content\/uploads\/2021\/06\/14-Der-fliegende-Teppich-o.k.-page-001.jpg","contentUrl":"https:\/\/kinder-spielen-theater.de\/wp-content\/uploads\/2021\/06\/14-Der-fliegende-Teppich-o.k.-page-001.jpg","width":1240,"height":1754},{"@type":"BreadcrumbList","@id":"https:\/\/kinder-spielen-theater.de\/produkt\/der-fliegende-teppich\/#breadcrumb","itemListElement":[{"@type":"ListItem","position":1,"name":"Startseite","item":"https:\/\/kinder-spielen-theater.de\/"},{"@type":"ListItem","position":2,"name":"Shop: Theaterst\u00fccke zum Download","item":"https:\/\/kinder-spielen-theater.de\/shop\/"},{"@type":"ListItem","position":3,"name":"Der fliegende Teppich"}]},{"@type":"WebSite","@id":"https:\/\/kinder-spielen-theater.de\/#website","url":"https:\/\/kinder-spielen-theater.de\/","name":"Kinder spielen Theater","description":"Theaterst\u00fccke f\u00fcr die Grundschule, Haupt- und Realschule, Gesamtschule und Gymnasium, Theaterst\u00fccke f\u00fcr Kinder","potentialAction":[{"@type":"SearchAction","target":{"@type":"EntryPoint","urlTemplate":"https:\/\/kinder-spielen-theater.de\/?s={search_term_string}"},"query-input":{"@type":"PropertyValueSpecification","valueRequired":true,"valueName":"search_term_string"}}],"inLanguage":"de"}]}},"_links":{"self":[{"href":"https:\/\/kinder-spielen-theater.de\/de_de\/wp-json\/wp\/v2\/product\/200","targetHints":{"allow":["GET"]}}],"collection":[{"href":"https:\/\/kinder-spielen-theater.de\/de_de\/wp-json\/wp\/v2\/product"}],"about":[{"href":"https:\/\/kinder-spielen-theater.de\/de_de\/wp-json\/wp\/v2\/types\/product"}],"replies":[{"embeddable":true,"href":"https:\/\/kinder-spielen-theater.de\/de_de\/wp-json\/wp\/v2\/comments?post=200"}],"wp:featuredmedia":[{"embeddable":true,"href":"https:\/\/kinder-spielen-theater.de\/de_de\/wp-json\/wp\/v2\/media\/693"}],"wp:attachment":[{"href":"https:\/\/kinder-spielen-theater.de\/de_de\/wp-json\/wp\/v2\/media?parent=200"}],"wp:term":[{"taxonomy":"product_brand","embeddable":true,"href":"https:\/\/kinder-spielen-theater.de\/de_de\/wp-json\/wp\/v2\/product_brand?post=200"},{"taxonomy":"product_cat","embeddable":true,"href":"https:\/\/kinder-spielen-theater.de\/de_de\/wp-json\/wp\/v2\/product_cat?post=200"},{"taxonomy":"product_tag","embeddable":true,"href":"https:\/\/kinder-spielen-theater.de\/de_de\/wp-json\/wp\/v2\/product_tag?post=200"}],"curies":[{"name":"wp","href":"https:\/\/api.w.org\/{rel}","templated":true}]}}