{"id":190,"date":"2021-06-01T19:20:12","date_gmt":"2021-06-01T19:20:12","guid":{"rendered":"https:\/\/kinder-spielen-theater.de\/?post_type=product&#038;p=190"},"modified":"2022-09-27T06:58:17","modified_gmt":"2022-09-27T06:58:17","slug":"der-erste-ballonflug","status":"publish","type":"product","link":"https:\/\/kinder-spielen-theater.de\/de_de\/produkt\/der-erste-ballonflug\/","title":{"rendered":"Der erste Ballonflug"},"content":{"rendered":"<p><span style=\"font-size: 18pt;\"><strong>Inhalt<\/strong> <\/span><br \/>\nErz\u00e4hlt wird die Geschichte des ersten bemannten Ballonflugs im Jahre 1783.<br \/>\nIm Beisein des franz\u00f6sischen K\u00f6nigshauses und vieler ungl\u00e4ubiger Zuschauer wagen die Br\u00fcder Montgolfier in Versailles den ersten Flug mit einem Hei\u00dfluftballon. Die Passagiere sind ein Schaf, eine Katze und ein Hahn. Zum Erstaunen der Zuschauer landen die Tiere wieder wohlbehalten auf dem Erdboden. Gut zwei Monate sp\u00e4ter wagt Montgolfier in La Muette den Ballonflug mit menschlichen Passagieren. Es beginnt ein spannendes Abenteuer mit erfolgreichem Ausgang. Die Br\u00fcder Montgolfier sowie die Passagiere Rozier und d&#8217;Arlandes werden schlie\u00dflich f\u00fcr ihre Verdienste f\u00fcr die Wissenschaft ruhmreich gefeiert.<\/p>\n<p><span style=\"font-size: 18pt;\"><strong>Rollenzahl und Spieldauer<\/strong><\/span><br \/>\nDas St\u00fcck enth\u00e4lt in der vorliegenden Fassung 28 Rollen.<br \/>\nDiese Zahl kann durch Hinzuf\u00fcgen bzw. Zusammenfassen von B\u00fcrger-und\/oder Soldatenrollen vergr\u00f6\u00dfert (Rollen ohne Sprechtext) bzw. verkleinert werden.<br \/>\nDie Auff\u00fchrungszeit betr\u00e4gt ca. 35 Minuten.<\/p>\n<p><span style=\"font-size: 18pt;\"><strong>Textumfang<\/strong><\/span><br \/>\nRollentext 11 Seiten, insgesamt 37 Seiten<\/p>\n<p><span style=\"font-size: 18pt;\"><a href=\"https:\/\/kinder-spielen-theater.de\/wp-content\/uploads\/2021\/06\/12-Der-erste-Ballonfl-Leseprobe-Adobe-neu.pdf\">Leseprobe<\/a><\/span><\/p>\n","protected":false},"excerpt":{"rendered":"<p>Inhalt Erz\u00e4hlt wird die Geschichte des ersten bemannten Ballonflugs im Jahre 1783. Im Beisein des franz\u00f6sischen K\u00f6nigshauses und vieler ungl\u00e4ubiger Zuschauer wagen die Br\u00fcder Montgolfier in Versailles den ersten Flug mit einem Hei\u00dfluftballon. Die Passagiere sind ein Schaf, eine Katze und ein Hahn. Zum Erstaunen der Zuschauer landen die Tiere wieder wohlbehalten auf dem Erdboden. [&hellip;]<\/p>\n","protected":false},"featured_media":695,"comment_status":"open","ping_status":"closed","template":"","meta":[],"product_brand":[],"product_cat":[37,42,41],"product_tag":[],"class_list":{"0":"post-190","1":"product","2":"type-product","3":"status-publish","4":"has-post-thumbnail","6":"product_cat-europaeisches-kulturelles-erbe","7":"product_cat-kulturelles-erbe","8":"product_cat-naturwissenschaft-technik","10":"first","11":"instock","12":"downloadable","13":"virtual","14":"purchasable","15":"product-type-simple"},"yoast_head":"<!-- This site is optimized with the Yoast SEO plugin v27.3 - https:\/\/yoast.com\/product\/yoast-seo-wordpress\/ -->\n<title>Der erste Ballonflug - Kinder spielen Theater<\/title>\n<meta name=\"robots\" content=\"index, follow, max-snippet:-1, max-image-preview:large, max-video-preview:-1\" \/>\n<link rel=\"canonical\" href=\"https:\/\/kinder-spielen-theater.de\/de_de\/produkt\/der-erste-ballonflug\/\" \/>\n<meta property=\"og:locale\" content=\"de_DE\" \/>\n<meta property=\"og:type\" content=\"article\" \/>\n<meta property=\"og:title\" content=\"Der erste Ballonflug - Kinder spielen Theater\" \/>\n<meta property=\"og:description\" content=\"Inhalt Erz\u00e4hlt wird die Geschichte des ersten bemannten Ballonflugs im Jahre 1783. Im Beisein des franz\u00f6sischen K\u00f6nigshauses und vieler ungl\u00e4ubiger Zuschauer wagen die Br\u00fcder Montgolfier in Versailles den ersten Flug mit einem Hei\u00dfluftballon. Die Passagiere sind ein Schaf, eine Katze und ein Hahn. Zum Erstaunen der Zuschauer landen die Tiere wieder wohlbehalten auf dem Erdboden. [&hellip;]\" \/>\n<meta property=\"og:url\" content=\"https:\/\/kinder-spielen-theater.de\/de_de\/produkt\/der-erste-ballonflug\/\" \/>\n<meta property=\"og:site_name\" content=\"Kinder spielen Theater\" \/>\n<meta property=\"article:modified_time\" content=\"2022-09-27T06:58:17+00:00\" \/>\n<meta property=\"og:image\" content=\"https:\/\/kinder-spielen-theater.de\/wp-content\/uploads\/2021\/06\/12-Der-erste-Ballonflug-o.k.-page-001.jpg\" \/>\n\t<meta property=\"og:image:width\" content=\"1240\" \/>\n\t<meta property=\"og:image:height\" content=\"1754\" \/>\n\t<meta property=\"og:image:type\" content=\"image\/jpeg\" \/>\n<meta name=\"twitter:card\" content=\"summary_large_image\" \/>\n<meta name=\"twitter:label1\" content=\"Gesch\u00e4tzte Lesezeit\" \/>\n\t<meta name=\"twitter:data1\" content=\"1\u00a0Minute\" \/>\n<script type=\"application\/ld+json\" class=\"yoast-schema-graph\">{\"@context\":\"https:\\\/\\\/schema.org\",\"@graph\":[{\"@type\":\"WebPage\",\"@id\":\"https:\\\/\\\/kinder-spielen-theater.de\\\/produkt\\\/der-erste-ballonflug\\\/\",\"url\":\"https:\\\/\\\/kinder-spielen-theater.de\\\/produkt\\\/der-erste-ballonflug\\\/\",\"name\":\"Der erste Ballonflug - Kinder spielen Theater\",\"isPartOf\":{\"@id\":\"https:\\\/\\\/kinder-spielen-theater.de\\\/#website\"},\"primaryImageOfPage\":{\"@id\":\"https:\\\/\\\/kinder-spielen-theater.de\\\/produkt\\\/der-erste-ballonflug\\\/#primaryimage\"},\"image\":{\"@id\":\"https:\\\/\\\/kinder-spielen-theater.de\\\/produkt\\\/der-erste-ballonflug\\\/#primaryimage\"},\"thumbnailUrl\":\"https:\\\/\\\/kinder-spielen-theater.de\\\/wp-content\\\/uploads\\\/2021\\\/06\\\/12-Der-erste-Ballonflug-o.k.-page-001.jpg\",\"datePublished\":\"2021-06-01T19:20:12+00:00\",\"dateModified\":\"2022-09-27T06:58:17+00:00\",\"breadcrumb\":{\"@id\":\"https:\\\/\\\/kinder-spielen-theater.de\\\/produkt\\\/der-erste-ballonflug\\\/#breadcrumb\"},\"inLanguage\":\"de\",\"potentialAction\":[{\"@type\":\"ReadAction\",\"target\":[\"https:\\\/\\\/kinder-spielen-theater.de\\\/produkt\\\/der-erste-ballonflug\\\/\"]}]},{\"@type\":\"ImageObject\",\"inLanguage\":\"de\",\"@id\":\"https:\\\/\\\/kinder-spielen-theater.de\\\/produkt\\\/der-erste-ballonflug\\\/#primaryimage\",\"url\":\"https:\\\/\\\/kinder-spielen-theater.de\\\/wp-content\\\/uploads\\\/2021\\\/06\\\/12-Der-erste-Ballonflug-o.k.-page-001.jpg\",\"contentUrl\":\"https:\\\/\\\/kinder-spielen-theater.de\\\/wp-content\\\/uploads\\\/2021\\\/06\\\/12-Der-erste-Ballonflug-o.k.-page-001.jpg\",\"width\":1240,\"height\":1754},{\"@type\":\"BreadcrumbList\",\"@id\":\"https:\\\/\\\/kinder-spielen-theater.de\\\/produkt\\\/der-erste-ballonflug\\\/#breadcrumb\",\"itemListElement\":[{\"@type\":\"ListItem\",\"position\":1,\"name\":\"Startseite\",\"item\":\"https:\\\/\\\/kinder-spielen-theater.de\\\/\"},{\"@type\":\"ListItem\",\"position\":2,\"name\":\"Shop: Theaterst\u00fccke zum Download\",\"item\":\"https:\\\/\\\/kinder-spielen-theater.de\\\/shop\\\/\"},{\"@type\":\"ListItem\",\"position\":3,\"name\":\"Der erste Ballonflug\"}]},{\"@type\":\"WebSite\",\"@id\":\"https:\\\/\\\/kinder-spielen-theater.de\\\/#website\",\"url\":\"https:\\\/\\\/kinder-spielen-theater.de\\\/\",\"name\":\"Kinder spielen Theater\",\"description\":\"Theaterst\u00fccke f\u00fcr die Grundschule, Haupt- und Realschule, Gesamtschule und Gymnasium, Theaterst\u00fccke f\u00fcr Kinder\",\"potentialAction\":[{\"@type\":\"SearchAction\",\"target\":{\"@type\":\"EntryPoint\",\"urlTemplate\":\"https:\\\/\\\/kinder-spielen-theater.de\\\/?s={search_term_string}\"},\"query-input\":{\"@type\":\"PropertyValueSpecification\",\"valueRequired\":true,\"valueName\":\"search_term_string\"}}],\"inLanguage\":\"de\"}]}<\/script>\n<!-- \/ Yoast SEO plugin. -->","yoast_head_json":{"title":"Der erste Ballonflug - Kinder spielen Theater","robots":{"index":"index","follow":"follow","max-snippet":"max-snippet:-1","max-image-preview":"max-image-preview:large","max-video-preview":"max-video-preview:-1"},"canonical":"https:\/\/kinder-spielen-theater.de\/de_de\/produkt\/der-erste-ballonflug\/","og_locale":"de_DE","og_type":"article","og_title":"Der erste Ballonflug - Kinder spielen Theater","og_description":"Inhalt Erz\u00e4hlt wird die Geschichte des ersten bemannten Ballonflugs im Jahre 1783. Im Beisein des franz\u00f6sischen K\u00f6nigshauses und vieler ungl\u00e4ubiger Zuschauer wagen die Br\u00fcder Montgolfier in Versailles den ersten Flug mit einem Hei\u00dfluftballon. Die Passagiere sind ein Schaf, eine Katze und ein Hahn. Zum Erstaunen der Zuschauer landen die Tiere wieder wohlbehalten auf dem Erdboden. [&hellip;]","og_url":"https:\/\/kinder-spielen-theater.de\/de_de\/produkt\/der-erste-ballonflug\/","og_site_name":"Kinder spielen Theater","article_modified_time":"2022-09-27T06:58:17+00:00","og_image":[{"width":1240,"height":1754,"url":"https:\/\/kinder-spielen-theater.de\/wp-content\/uploads\/2021\/06\/12-Der-erste-Ballonflug-o.k.-page-001.jpg","type":"image\/jpeg"}],"twitter_card":"summary_large_image","twitter_misc":{"Gesch\u00e4tzte Lesezeit":"1\u00a0Minute"},"schema":{"@context":"https:\/\/schema.org","@graph":[{"@type":"WebPage","@id":"https:\/\/kinder-spielen-theater.de\/produkt\/der-erste-ballonflug\/","url":"https:\/\/kinder-spielen-theater.de\/produkt\/der-erste-ballonflug\/","name":"Der erste Ballonflug - Kinder spielen Theater","isPartOf":{"@id":"https:\/\/kinder-spielen-theater.de\/#website"},"primaryImageOfPage":{"@id":"https:\/\/kinder-spielen-theater.de\/produkt\/der-erste-ballonflug\/#primaryimage"},"image":{"@id":"https:\/\/kinder-spielen-theater.de\/produkt\/der-erste-ballonflug\/#primaryimage"},"thumbnailUrl":"https:\/\/kinder-spielen-theater.de\/wp-content\/uploads\/2021\/06\/12-Der-erste-Ballonflug-o.k.-page-001.jpg","datePublished":"2021-06-01T19:20:12+00:00","dateModified":"2022-09-27T06:58:17+00:00","breadcrumb":{"@id":"https:\/\/kinder-spielen-theater.de\/produkt\/der-erste-ballonflug\/#breadcrumb"},"inLanguage":"de","potentialAction":[{"@type":"ReadAction","target":["https:\/\/kinder-spielen-theater.de\/produkt\/der-erste-ballonflug\/"]}]},{"@type":"ImageObject","inLanguage":"de","@id":"https:\/\/kinder-spielen-theater.de\/produkt\/der-erste-ballonflug\/#primaryimage","url":"https:\/\/kinder-spielen-theater.de\/wp-content\/uploads\/2021\/06\/12-Der-erste-Ballonflug-o.k.-page-001.jpg","contentUrl":"https:\/\/kinder-spielen-theater.de\/wp-content\/uploads\/2021\/06\/12-Der-erste-Ballonflug-o.k.-page-001.jpg","width":1240,"height":1754},{"@type":"BreadcrumbList","@id":"https:\/\/kinder-spielen-theater.de\/produkt\/der-erste-ballonflug\/#breadcrumb","itemListElement":[{"@type":"ListItem","position":1,"name":"Startseite","item":"https:\/\/kinder-spielen-theater.de\/"},{"@type":"ListItem","position":2,"name":"Shop: Theaterst\u00fccke zum Download","item":"https:\/\/kinder-spielen-theater.de\/shop\/"},{"@type":"ListItem","position":3,"name":"Der erste Ballonflug"}]},{"@type":"WebSite","@id":"https:\/\/kinder-spielen-theater.de\/#website","url":"https:\/\/kinder-spielen-theater.de\/","name":"Kinder spielen Theater","description":"Theaterst\u00fccke f\u00fcr die Grundschule, Haupt- und Realschule, Gesamtschule und Gymnasium, Theaterst\u00fccke f\u00fcr Kinder","potentialAction":[{"@type":"SearchAction","target":{"@type":"EntryPoint","urlTemplate":"https:\/\/kinder-spielen-theater.de\/?s={search_term_string}"},"query-input":{"@type":"PropertyValueSpecification","valueRequired":true,"valueName":"search_term_string"}}],"inLanguage":"de"}]}},"_links":{"self":[{"href":"https:\/\/kinder-spielen-theater.de\/de_de\/wp-json\/wp\/v2\/product\/190","targetHints":{"allow":["GET"]}}],"collection":[{"href":"https:\/\/kinder-spielen-theater.de\/de_de\/wp-json\/wp\/v2\/product"}],"about":[{"href":"https:\/\/kinder-spielen-theater.de\/de_de\/wp-json\/wp\/v2\/types\/product"}],"replies":[{"embeddable":true,"href":"https:\/\/kinder-spielen-theater.de\/de_de\/wp-json\/wp\/v2\/comments?post=190"}],"wp:featuredmedia":[{"embeddable":true,"href":"https:\/\/kinder-spielen-theater.de\/de_de\/wp-json\/wp\/v2\/media\/695"}],"wp:attachment":[{"href":"https:\/\/kinder-spielen-theater.de\/de_de\/wp-json\/wp\/v2\/media?parent=190"}],"wp:term":[{"taxonomy":"product_brand","embeddable":true,"href":"https:\/\/kinder-spielen-theater.de\/de_de\/wp-json\/wp\/v2\/product_brand?post=190"},{"taxonomy":"product_cat","embeddable":true,"href":"https:\/\/kinder-spielen-theater.de\/de_de\/wp-json\/wp\/v2\/product_cat?post=190"},{"taxonomy":"product_tag","embeddable":true,"href":"https:\/\/kinder-spielen-theater.de\/de_de\/wp-json\/wp\/v2\/product_tag?post=190"}],"curies":[{"name":"wp","href":"https:\/\/api.w.org\/{rel}","templated":true}]}}