{"id":154,"date":"2021-05-31T20:39:09","date_gmt":"2021-05-31T20:39:09","guid":{"rendered":"https:\/\/kinder-spielen-theater.de\/?post_type=product&#038;p=154"},"modified":"2021-10-03T12:25:49","modified_gmt":"2021-10-03T12:25:49","slug":"das-schattenspringen","status":"publish","type":"product","link":"https:\/\/kinder-spielen-theater.de\/de_de\/produkt\/das-schattenspringen\/","title":{"rendered":"Das Schattenspringen"},"content":{"rendered":"<p><span style=\"font-size: 18pt;\"><strong>Inhalt<\/strong><\/span><br \/>\nIn dieser Geschichte versuchen die kleine Igelin und der kleine Igel \u00fcber ihre Schatten zu springen. Da ihnen das nicht gelingt, bitten sie viele Tiere, das auch zu versuchen. Aber auch die Tiere haben keinen Erfolg. Schlie\u00dflich, zur \u00dcberraschung der kleinen Igelin, gelingt es dem kleinen Igel doch.<\/p>\n<p><span style=\"font-size: 18pt;\"><strong>Rollenzahl und Spieldauer<\/strong><\/span><br \/>\nIn der hier vorliegenden Fassung enth\u00e4lt das St\u00fcck 11 Rollen. Diese Zahl kann verringert werden, indem in den einzelnen Szenen weniger als drei Tiere auftreten, vergr\u00f6\u00dfert, indem dort mehr als drei Tiere auftreten.<\/p>\n<p>Die Auff\u00fchrungsdauer betr\u00e4gt ca. 15 Minuten.<\/p>\n<p><span style=\"font-size: 18pt;\"><strong>Textumfang<\/strong><br \/>\n<\/span>Rollentext 6 Seiten, insgesamt: 32 Seiten<\/p>\n<p><span style=\"font-size: 18pt;\"><a href=\"https:\/\/kinder-spielen-theater.de\/wp-content\/uploads\/2021\/05\/6-Leseprobe-Das-Schattenspringen-Adobe.pdf\">Leseprobe<\/a><\/span><\/p>\n","protected":false},"excerpt":{"rendered":"<p>Inhalt In dieser Geschichte versuchen die kleine Igelin und der kleine Igel \u00fcber ihre Schatten zu springen. Da ihnen das nicht gelingt, bitten sie viele Tiere, das auch zu versuchen. Aber auch die Tiere haben keinen Erfolg. Schlie\u00dflich, zur \u00dcberraschung der kleinen Igelin, gelingt es dem kleinen Igel doch. Rollenzahl und Spieldauer In der hier [&hellip;]<\/p>\n","protected":false},"featured_media":156,"comment_status":"closed","ping_status":"closed","template":"","meta":[],"product_brand":[],"product_cat":[30],"product_tag":[],"class_list":{"0":"post-154","1":"product","2":"type-product","3":"status-publish","4":"has-post-thumbnail","6":"product_cat-igelgeschichten","8":"first","9":"instock","10":"downloadable","11":"virtual","12":"purchasable","13":"product-type-simple"},"yoast_head":"<!-- This site is optimized with the Yoast SEO plugin v27.3 - https:\/\/yoast.com\/product\/yoast-seo-wordpress\/ -->\n<title>Das Schattenspringen - Kinder spielen Theater<\/title>\n<meta name=\"robots\" content=\"index, follow, max-snippet:-1, max-image-preview:large, max-video-preview:-1\" \/>\n<link rel=\"canonical\" href=\"https:\/\/kinder-spielen-theater.de\/de_de\/produkt\/das-schattenspringen\/\" \/>\n<meta property=\"og:locale\" content=\"de_DE\" \/>\n<meta property=\"og:type\" content=\"article\" \/>\n<meta property=\"og:title\" content=\"Das Schattenspringen - Kinder spielen Theater\" \/>\n<meta property=\"og:description\" content=\"Inhalt In dieser Geschichte versuchen die kleine Igelin und der kleine Igel \u00fcber ihre Schatten zu springen. Da ihnen das nicht gelingt, bitten sie viele Tiere, das auch zu versuchen. Aber auch die Tiere haben keinen Erfolg. Schlie\u00dflich, zur \u00dcberraschung der kleinen Igelin, gelingt es dem kleinen Igel doch. Rollenzahl und Spieldauer In der hier [&hellip;]\" \/>\n<meta property=\"og:url\" content=\"https:\/\/kinder-spielen-theater.de\/de_de\/produkt\/das-schattenspringen\/\" \/>\n<meta property=\"og:site_name\" content=\"Kinder spielen Theater\" \/>\n<meta property=\"article:modified_time\" content=\"2021-10-03T12:25:49+00:00\" \/>\n<meta property=\"og:image\" content=\"https:\/\/kinder-spielen-theater.de\/wp-content\/uploads\/2021\/05\/6-Cover-Das-Schattenspringen-Adobe-1.jpg\" \/>\n\t<meta property=\"og:image:width\" content=\"1655\" \/>\n\t<meta property=\"og:image:height\" content=\"2340\" \/>\n\t<meta property=\"og:image:type\" content=\"image\/jpeg\" \/>\n<meta name=\"twitter:card\" content=\"summary_large_image\" \/>\n<meta name=\"twitter:label1\" content=\"Gesch\u00e4tzte Lesezeit\" \/>\n\t<meta name=\"twitter:data1\" content=\"1\u00a0Minute\" \/>\n<script type=\"application\/ld+json\" class=\"yoast-schema-graph\">{\"@context\":\"https:\\\/\\\/schema.org\",\"@graph\":[{\"@type\":\"WebPage\",\"@id\":\"https:\\\/\\\/kinder-spielen-theater.de\\\/produkt\\\/das-schattenspringen\\\/\",\"url\":\"https:\\\/\\\/kinder-spielen-theater.de\\\/produkt\\\/das-schattenspringen\\\/\",\"name\":\"Das Schattenspringen - Kinder spielen Theater\",\"isPartOf\":{\"@id\":\"https:\\\/\\\/kinder-spielen-theater.de\\\/#website\"},\"primaryImageOfPage\":{\"@id\":\"https:\\\/\\\/kinder-spielen-theater.de\\\/produkt\\\/das-schattenspringen\\\/#primaryimage\"},\"image\":{\"@id\":\"https:\\\/\\\/kinder-spielen-theater.de\\\/produkt\\\/das-schattenspringen\\\/#primaryimage\"},\"thumbnailUrl\":\"https:\\\/\\\/kinder-spielen-theater.de\\\/wp-content\\\/uploads\\\/2021\\\/05\\\/6-Cover-Das-Schattenspringen-Adobe-1.jpg\",\"datePublished\":\"2021-05-31T20:39:09+00:00\",\"dateModified\":\"2021-10-03T12:25:49+00:00\",\"breadcrumb\":{\"@id\":\"https:\\\/\\\/kinder-spielen-theater.de\\\/produkt\\\/das-schattenspringen\\\/#breadcrumb\"},\"inLanguage\":\"de\",\"potentialAction\":[{\"@type\":\"ReadAction\",\"target\":[\"https:\\\/\\\/kinder-spielen-theater.de\\\/produkt\\\/das-schattenspringen\\\/\"]}]},{\"@type\":\"ImageObject\",\"inLanguage\":\"de\",\"@id\":\"https:\\\/\\\/kinder-spielen-theater.de\\\/produkt\\\/das-schattenspringen\\\/#primaryimage\",\"url\":\"https:\\\/\\\/kinder-spielen-theater.de\\\/wp-content\\\/uploads\\\/2021\\\/05\\\/6-Cover-Das-Schattenspringen-Adobe-1.jpg\",\"contentUrl\":\"https:\\\/\\\/kinder-spielen-theater.de\\\/wp-content\\\/uploads\\\/2021\\\/05\\\/6-Cover-Das-Schattenspringen-Adobe-1.jpg\",\"width\":1655,\"height\":2340},{\"@type\":\"BreadcrumbList\",\"@id\":\"https:\\\/\\\/kinder-spielen-theater.de\\\/produkt\\\/das-schattenspringen\\\/#breadcrumb\",\"itemListElement\":[{\"@type\":\"ListItem\",\"position\":1,\"name\":\"Startseite\",\"item\":\"https:\\\/\\\/kinder-spielen-theater.de\\\/\"},{\"@type\":\"ListItem\",\"position\":2,\"name\":\"Shop: Theaterst\u00fccke zum Download\",\"item\":\"https:\\\/\\\/kinder-spielen-theater.de\\\/shop\\\/\"},{\"@type\":\"ListItem\",\"position\":3,\"name\":\"Das Schattenspringen\"}]},{\"@type\":\"WebSite\",\"@id\":\"https:\\\/\\\/kinder-spielen-theater.de\\\/#website\",\"url\":\"https:\\\/\\\/kinder-spielen-theater.de\\\/\",\"name\":\"Kinder spielen Theater\",\"description\":\"Theaterst\u00fccke f\u00fcr die Grundschule, Haupt- und Realschule, Gesamtschule und Gymnasium, Theaterst\u00fccke f\u00fcr Kinder\",\"potentialAction\":[{\"@type\":\"SearchAction\",\"target\":{\"@type\":\"EntryPoint\",\"urlTemplate\":\"https:\\\/\\\/kinder-spielen-theater.de\\\/?s={search_term_string}\"},\"query-input\":{\"@type\":\"PropertyValueSpecification\",\"valueRequired\":true,\"valueName\":\"search_term_string\"}}],\"inLanguage\":\"de\"}]}<\/script>\n<!-- \/ Yoast SEO plugin. -->","yoast_head_json":{"title":"Das Schattenspringen - Kinder spielen Theater","robots":{"index":"index","follow":"follow","max-snippet":"max-snippet:-1","max-image-preview":"max-image-preview:large","max-video-preview":"max-video-preview:-1"},"canonical":"https:\/\/kinder-spielen-theater.de\/de_de\/produkt\/das-schattenspringen\/","og_locale":"de_DE","og_type":"article","og_title":"Das Schattenspringen - Kinder spielen Theater","og_description":"Inhalt In dieser Geschichte versuchen die kleine Igelin und der kleine Igel \u00fcber ihre Schatten zu springen. Da ihnen das nicht gelingt, bitten sie viele Tiere, das auch zu versuchen. Aber auch die Tiere haben keinen Erfolg. Schlie\u00dflich, zur \u00dcberraschung der kleinen Igelin, gelingt es dem kleinen Igel doch. Rollenzahl und Spieldauer In der hier [&hellip;]","og_url":"https:\/\/kinder-spielen-theater.de\/de_de\/produkt\/das-schattenspringen\/","og_site_name":"Kinder spielen Theater","article_modified_time":"2021-10-03T12:25:49+00:00","og_image":[{"width":1655,"height":2340,"url":"https:\/\/kinder-spielen-theater.de\/wp-content\/uploads\/2021\/05\/6-Cover-Das-Schattenspringen-Adobe-1.jpg","type":"image\/jpeg"}],"twitter_card":"summary_large_image","twitter_misc":{"Gesch\u00e4tzte Lesezeit":"1\u00a0Minute"},"schema":{"@context":"https:\/\/schema.org","@graph":[{"@type":"WebPage","@id":"https:\/\/kinder-spielen-theater.de\/produkt\/das-schattenspringen\/","url":"https:\/\/kinder-spielen-theater.de\/produkt\/das-schattenspringen\/","name":"Das Schattenspringen - Kinder spielen Theater","isPartOf":{"@id":"https:\/\/kinder-spielen-theater.de\/#website"},"primaryImageOfPage":{"@id":"https:\/\/kinder-spielen-theater.de\/produkt\/das-schattenspringen\/#primaryimage"},"image":{"@id":"https:\/\/kinder-spielen-theater.de\/produkt\/das-schattenspringen\/#primaryimage"},"thumbnailUrl":"https:\/\/kinder-spielen-theater.de\/wp-content\/uploads\/2021\/05\/6-Cover-Das-Schattenspringen-Adobe-1.jpg","datePublished":"2021-05-31T20:39:09+00:00","dateModified":"2021-10-03T12:25:49+00:00","breadcrumb":{"@id":"https:\/\/kinder-spielen-theater.de\/produkt\/das-schattenspringen\/#breadcrumb"},"inLanguage":"de","potentialAction":[{"@type":"ReadAction","target":["https:\/\/kinder-spielen-theater.de\/produkt\/das-schattenspringen\/"]}]},{"@type":"ImageObject","inLanguage":"de","@id":"https:\/\/kinder-spielen-theater.de\/produkt\/das-schattenspringen\/#primaryimage","url":"https:\/\/kinder-spielen-theater.de\/wp-content\/uploads\/2021\/05\/6-Cover-Das-Schattenspringen-Adobe-1.jpg","contentUrl":"https:\/\/kinder-spielen-theater.de\/wp-content\/uploads\/2021\/05\/6-Cover-Das-Schattenspringen-Adobe-1.jpg","width":1655,"height":2340},{"@type":"BreadcrumbList","@id":"https:\/\/kinder-spielen-theater.de\/produkt\/das-schattenspringen\/#breadcrumb","itemListElement":[{"@type":"ListItem","position":1,"name":"Startseite","item":"https:\/\/kinder-spielen-theater.de\/"},{"@type":"ListItem","position":2,"name":"Shop: Theaterst\u00fccke zum Download","item":"https:\/\/kinder-spielen-theater.de\/shop\/"},{"@type":"ListItem","position":3,"name":"Das Schattenspringen"}]},{"@type":"WebSite","@id":"https:\/\/kinder-spielen-theater.de\/#website","url":"https:\/\/kinder-spielen-theater.de\/","name":"Kinder spielen Theater","description":"Theaterst\u00fccke f\u00fcr die Grundschule, Haupt- und Realschule, Gesamtschule und Gymnasium, Theaterst\u00fccke f\u00fcr Kinder","potentialAction":[{"@type":"SearchAction","target":{"@type":"EntryPoint","urlTemplate":"https:\/\/kinder-spielen-theater.de\/?s={search_term_string}"},"query-input":{"@type":"PropertyValueSpecification","valueRequired":true,"valueName":"search_term_string"}}],"inLanguage":"de"}]}},"_links":{"self":[{"href":"https:\/\/kinder-spielen-theater.de\/de_de\/wp-json\/wp\/v2\/product\/154","targetHints":{"allow":["GET"]}}],"collection":[{"href":"https:\/\/kinder-spielen-theater.de\/de_de\/wp-json\/wp\/v2\/product"}],"about":[{"href":"https:\/\/kinder-spielen-theater.de\/de_de\/wp-json\/wp\/v2\/types\/product"}],"replies":[{"embeddable":true,"href":"https:\/\/kinder-spielen-theater.de\/de_de\/wp-json\/wp\/v2\/comments?post=154"}],"wp:featuredmedia":[{"embeddable":true,"href":"https:\/\/kinder-spielen-theater.de\/de_de\/wp-json\/wp\/v2\/media\/156"}],"wp:attachment":[{"href":"https:\/\/kinder-spielen-theater.de\/de_de\/wp-json\/wp\/v2\/media?parent=154"}],"wp:term":[{"taxonomy":"product_brand","embeddable":true,"href":"https:\/\/kinder-spielen-theater.de\/de_de\/wp-json\/wp\/v2\/product_brand?post=154"},{"taxonomy":"product_cat","embeddable":true,"href":"https:\/\/kinder-spielen-theater.de\/de_de\/wp-json\/wp\/v2\/product_cat?post=154"},{"taxonomy":"product_tag","embeddable":true,"href":"https:\/\/kinder-spielen-theater.de\/de_de\/wp-json\/wp\/v2\/product_tag?post=154"}],"curies":[{"name":"wp","href":"https:\/\/api.w.org\/{rel}","templated":true}]}}