{"id":145,"date":"2021-05-31T20:01:09","date_gmt":"2021-05-31T20:01:09","guid":{"rendered":"http:\/\/kinder-spielen-theater.de\/?post_type=product&#038;p=145"},"modified":"2022-09-27T07:00:29","modified_gmt":"2022-09-27T07:00:29","slug":"das-paradies","status":"publish","type":"product","link":"https:\/\/kinder-spielen-theater.de\/de_de\/produkt\/das-paradies\/","title":{"rendered":"Das Paradies"},"content":{"rendered":"<p><span style=\"font-size: 18pt;\"><strong>Inhalt<\/strong> <\/span><br \/>\n\u201eDas Paradies\u201c ist eine \u201eGeschichte vom kleinen Igel und der kleinen Igelin\u201c (s,u.).<br \/>\nIn dieser Geschichte machen sich der kleine Igel und die kleine Igelin auf die Suche nach dem Paradies und glauben schlie\u00dflich, ihm schon ganz nahe gekommen zu sein.<\/p>\n<p><span style=\"font-size: 18pt;\"><strong>Rollenzahl und Spieldauer<\/strong><\/span><br \/>\n\u201eDas Paradies\u201c enth\u00e4lt 7 Rollen. Diese Zahl kann vergr\u00f6\u00dfert werden, indem die auftretenden Tiere jeweils nicht nur einzeln, sondern jeweils mehrfach auftreten (Rollen ohne Sprechtext).<\/p>\n<p>Die Auff\u00fchrungszeit betr\u00e4gt ca. 15 Minuten.<\/p>\n<p><span style=\"font-size: 18pt;\"><strong>Textumfang<\/strong> <\/span><br \/>\nRollentext 5 Seiten, insgesamt 25 Seiten<\/p>\n<p><a href=\"http:\/\/kinder-spielen-theater.de\/wp-content\/uploads\/2021\/05\/5a-Das-Paradies-Leseprobe-Adobe.pdf\">Leseprobe<\/a><\/p>\n","protected":false},"excerpt":{"rendered":"<p>Inhalt \u201eDas Paradies\u201c ist eine \u201eGeschichte vom kleinen Igel und der kleinen Igelin\u201c (s,u.). In dieser Geschichte machen sich der kleine Igel und die kleine Igelin auf die Suche nach dem Paradies und glauben schlie\u00dflich, ihm schon ganz nahe gekommen zu sein. Rollenzahl und Spieldauer \u201eDas Paradies\u201c enth\u00e4lt 7 Rollen. Diese Zahl kann vergr\u00f6\u00dfert werden, [&hellip;]<\/p>\n","protected":false},"featured_media":697,"comment_status":"closed","ping_status":"closed","template":"","meta":[],"product_brand":[],"product_cat":[30],"product_tag":[],"class_list":{"0":"post-145","1":"product","2":"type-product","3":"status-publish","4":"has-post-thumbnail","6":"product_cat-igelgeschichten","8":"first","9":"instock","10":"downloadable","11":"virtual","12":"purchasable","13":"product-type-simple"},"yoast_head":"<!-- This site is optimized with the Yoast SEO plugin v27.3 - https:\/\/yoast.com\/product\/yoast-seo-wordpress\/ -->\n<title>Das Paradies - Kinder spielen Theater<\/title>\n<meta name=\"robots\" content=\"index, follow, max-snippet:-1, max-image-preview:large, max-video-preview:-1\" \/>\n<link rel=\"canonical\" href=\"https:\/\/kinder-spielen-theater.de\/de_de\/produkt\/das-paradies\/\" \/>\n<meta property=\"og:locale\" content=\"de_DE\" \/>\n<meta property=\"og:type\" content=\"article\" \/>\n<meta property=\"og:title\" content=\"Das Paradies - Kinder spielen Theater\" \/>\n<meta property=\"og:description\" content=\"Inhalt \u201eDas Paradies\u201c ist eine \u201eGeschichte vom kleinen Igel und der kleinen Igelin\u201c (s,u.). In dieser Geschichte machen sich der kleine Igel und die kleine Igelin auf die Suche nach dem Paradies und glauben schlie\u00dflich, ihm schon ganz nahe gekommen zu sein. Rollenzahl und Spieldauer \u201eDas Paradies\u201c enth\u00e4lt 7 Rollen. Diese Zahl kann vergr\u00f6\u00dfert werden, [&hellip;]\" \/>\n<meta property=\"og:url\" content=\"https:\/\/kinder-spielen-theater.de\/de_de\/produkt\/das-paradies\/\" \/>\n<meta property=\"og:site_name\" content=\"Kinder spielen Theater\" \/>\n<meta property=\"article:modified_time\" content=\"2022-09-27T07:00:29+00:00\" \/>\n<meta property=\"og:image\" content=\"https:\/\/kinder-spielen-theater.de\/wp-content\/uploads\/2021\/05\/5a-Das-Paradies-o.k.-page-001.jpg\" \/>\n\t<meta property=\"og:image:width\" content=\"1240\" \/>\n\t<meta property=\"og:image:height\" content=\"1754\" \/>\n\t<meta property=\"og:image:type\" content=\"image\/jpeg\" \/>\n<meta name=\"twitter:card\" content=\"summary_large_image\" \/>\n<meta name=\"twitter:label1\" content=\"Gesch\u00e4tzte Lesezeit\" \/>\n\t<meta name=\"twitter:data1\" content=\"1\u00a0Minute\" \/>\n<script type=\"application\/ld+json\" class=\"yoast-schema-graph\">{\"@context\":\"https:\\\/\\\/schema.org\",\"@graph\":[{\"@type\":\"WebPage\",\"@id\":\"https:\\\/\\\/kinder-spielen-theater.de\\\/produkt\\\/das-paradies\\\/\",\"url\":\"https:\\\/\\\/kinder-spielen-theater.de\\\/produkt\\\/das-paradies\\\/\",\"name\":\"Das Paradies - Kinder spielen Theater\",\"isPartOf\":{\"@id\":\"https:\\\/\\\/kinder-spielen-theater.de\\\/#website\"},\"primaryImageOfPage\":{\"@id\":\"https:\\\/\\\/kinder-spielen-theater.de\\\/produkt\\\/das-paradies\\\/#primaryimage\"},\"image\":{\"@id\":\"https:\\\/\\\/kinder-spielen-theater.de\\\/produkt\\\/das-paradies\\\/#primaryimage\"},\"thumbnailUrl\":\"https:\\\/\\\/kinder-spielen-theater.de\\\/wp-content\\\/uploads\\\/2021\\\/05\\\/5a-Das-Paradies-o.k.-page-001.jpg\",\"datePublished\":\"2021-05-31T20:01:09+00:00\",\"dateModified\":\"2022-09-27T07:00:29+00:00\",\"breadcrumb\":{\"@id\":\"https:\\\/\\\/kinder-spielen-theater.de\\\/produkt\\\/das-paradies\\\/#breadcrumb\"},\"inLanguage\":\"de\",\"potentialAction\":[{\"@type\":\"ReadAction\",\"target\":[\"https:\\\/\\\/kinder-spielen-theater.de\\\/produkt\\\/das-paradies\\\/\"]}]},{\"@type\":\"ImageObject\",\"inLanguage\":\"de\",\"@id\":\"https:\\\/\\\/kinder-spielen-theater.de\\\/produkt\\\/das-paradies\\\/#primaryimage\",\"url\":\"https:\\\/\\\/kinder-spielen-theater.de\\\/wp-content\\\/uploads\\\/2021\\\/05\\\/5a-Das-Paradies-o.k.-page-001.jpg\",\"contentUrl\":\"https:\\\/\\\/kinder-spielen-theater.de\\\/wp-content\\\/uploads\\\/2021\\\/05\\\/5a-Das-Paradies-o.k.-page-001.jpg\",\"width\":1240,\"height\":1754},{\"@type\":\"BreadcrumbList\",\"@id\":\"https:\\\/\\\/kinder-spielen-theater.de\\\/produkt\\\/das-paradies\\\/#breadcrumb\",\"itemListElement\":[{\"@type\":\"ListItem\",\"position\":1,\"name\":\"Startseite\",\"item\":\"https:\\\/\\\/kinder-spielen-theater.de\\\/\"},{\"@type\":\"ListItem\",\"position\":2,\"name\":\"Shop: Theaterst\u00fccke zum Download\",\"item\":\"https:\\\/\\\/kinder-spielen-theater.de\\\/shop\\\/\"},{\"@type\":\"ListItem\",\"position\":3,\"name\":\"Das Paradies\"}]},{\"@type\":\"WebSite\",\"@id\":\"https:\\\/\\\/kinder-spielen-theater.de\\\/#website\",\"url\":\"https:\\\/\\\/kinder-spielen-theater.de\\\/\",\"name\":\"Kinder spielen Theater\",\"description\":\"Theaterst\u00fccke f\u00fcr die Grundschule, Haupt- und Realschule, Gesamtschule und Gymnasium, Theaterst\u00fccke f\u00fcr Kinder\",\"potentialAction\":[{\"@type\":\"SearchAction\",\"target\":{\"@type\":\"EntryPoint\",\"urlTemplate\":\"https:\\\/\\\/kinder-spielen-theater.de\\\/?s={search_term_string}\"},\"query-input\":{\"@type\":\"PropertyValueSpecification\",\"valueRequired\":true,\"valueName\":\"search_term_string\"}}],\"inLanguage\":\"de\"}]}<\/script>\n<!-- \/ Yoast SEO plugin. -->","yoast_head_json":{"title":"Das Paradies - Kinder spielen Theater","robots":{"index":"index","follow":"follow","max-snippet":"max-snippet:-1","max-image-preview":"max-image-preview:large","max-video-preview":"max-video-preview:-1"},"canonical":"https:\/\/kinder-spielen-theater.de\/de_de\/produkt\/das-paradies\/","og_locale":"de_DE","og_type":"article","og_title":"Das Paradies - Kinder spielen Theater","og_description":"Inhalt \u201eDas Paradies\u201c ist eine \u201eGeschichte vom kleinen Igel und der kleinen Igelin\u201c (s,u.). In dieser Geschichte machen sich der kleine Igel und die kleine Igelin auf die Suche nach dem Paradies und glauben schlie\u00dflich, ihm schon ganz nahe gekommen zu sein. Rollenzahl und Spieldauer \u201eDas Paradies\u201c enth\u00e4lt 7 Rollen. Diese Zahl kann vergr\u00f6\u00dfert werden, [&hellip;]","og_url":"https:\/\/kinder-spielen-theater.de\/de_de\/produkt\/das-paradies\/","og_site_name":"Kinder spielen Theater","article_modified_time":"2022-09-27T07:00:29+00:00","og_image":[{"width":1240,"height":1754,"url":"https:\/\/kinder-spielen-theater.de\/wp-content\/uploads\/2021\/05\/5a-Das-Paradies-o.k.-page-001.jpg","type":"image\/jpeg"}],"twitter_card":"summary_large_image","twitter_misc":{"Gesch\u00e4tzte Lesezeit":"1\u00a0Minute"},"schema":{"@context":"https:\/\/schema.org","@graph":[{"@type":"WebPage","@id":"https:\/\/kinder-spielen-theater.de\/produkt\/das-paradies\/","url":"https:\/\/kinder-spielen-theater.de\/produkt\/das-paradies\/","name":"Das Paradies - Kinder spielen Theater","isPartOf":{"@id":"https:\/\/kinder-spielen-theater.de\/#website"},"primaryImageOfPage":{"@id":"https:\/\/kinder-spielen-theater.de\/produkt\/das-paradies\/#primaryimage"},"image":{"@id":"https:\/\/kinder-spielen-theater.de\/produkt\/das-paradies\/#primaryimage"},"thumbnailUrl":"https:\/\/kinder-spielen-theater.de\/wp-content\/uploads\/2021\/05\/5a-Das-Paradies-o.k.-page-001.jpg","datePublished":"2021-05-31T20:01:09+00:00","dateModified":"2022-09-27T07:00:29+00:00","breadcrumb":{"@id":"https:\/\/kinder-spielen-theater.de\/produkt\/das-paradies\/#breadcrumb"},"inLanguage":"de","potentialAction":[{"@type":"ReadAction","target":["https:\/\/kinder-spielen-theater.de\/produkt\/das-paradies\/"]}]},{"@type":"ImageObject","inLanguage":"de","@id":"https:\/\/kinder-spielen-theater.de\/produkt\/das-paradies\/#primaryimage","url":"https:\/\/kinder-spielen-theater.de\/wp-content\/uploads\/2021\/05\/5a-Das-Paradies-o.k.-page-001.jpg","contentUrl":"https:\/\/kinder-spielen-theater.de\/wp-content\/uploads\/2021\/05\/5a-Das-Paradies-o.k.-page-001.jpg","width":1240,"height":1754},{"@type":"BreadcrumbList","@id":"https:\/\/kinder-spielen-theater.de\/produkt\/das-paradies\/#breadcrumb","itemListElement":[{"@type":"ListItem","position":1,"name":"Startseite","item":"https:\/\/kinder-spielen-theater.de\/"},{"@type":"ListItem","position":2,"name":"Shop: Theaterst\u00fccke zum Download","item":"https:\/\/kinder-spielen-theater.de\/shop\/"},{"@type":"ListItem","position":3,"name":"Das Paradies"}]},{"@type":"WebSite","@id":"https:\/\/kinder-spielen-theater.de\/#website","url":"https:\/\/kinder-spielen-theater.de\/","name":"Kinder spielen Theater","description":"Theaterst\u00fccke f\u00fcr die Grundschule, Haupt- und Realschule, Gesamtschule und Gymnasium, Theaterst\u00fccke f\u00fcr Kinder","potentialAction":[{"@type":"SearchAction","target":{"@type":"EntryPoint","urlTemplate":"https:\/\/kinder-spielen-theater.de\/?s={search_term_string}"},"query-input":{"@type":"PropertyValueSpecification","valueRequired":true,"valueName":"search_term_string"}}],"inLanguage":"de"}]}},"_links":{"self":[{"href":"https:\/\/kinder-spielen-theater.de\/de_de\/wp-json\/wp\/v2\/product\/145","targetHints":{"allow":["GET"]}}],"collection":[{"href":"https:\/\/kinder-spielen-theater.de\/de_de\/wp-json\/wp\/v2\/product"}],"about":[{"href":"https:\/\/kinder-spielen-theater.de\/de_de\/wp-json\/wp\/v2\/types\/product"}],"replies":[{"embeddable":true,"href":"https:\/\/kinder-spielen-theater.de\/de_de\/wp-json\/wp\/v2\/comments?post=145"}],"wp:featuredmedia":[{"embeddable":true,"href":"https:\/\/kinder-spielen-theater.de\/de_de\/wp-json\/wp\/v2\/media\/697"}],"wp:attachment":[{"href":"https:\/\/kinder-spielen-theater.de\/de_de\/wp-json\/wp\/v2\/media?parent=145"}],"wp:term":[{"taxonomy":"product_brand","embeddable":true,"href":"https:\/\/kinder-spielen-theater.de\/de_de\/wp-json\/wp\/v2\/product_brand?post=145"},{"taxonomy":"product_cat","embeddable":true,"href":"https:\/\/kinder-spielen-theater.de\/de_de\/wp-json\/wp\/v2\/product_cat?post=145"},{"taxonomy":"product_tag","embeddable":true,"href":"https:\/\/kinder-spielen-theater.de\/de_de\/wp-json\/wp\/v2\/product_tag?post=145"}],"curies":[{"name":"wp","href":"https:\/\/api.w.org\/{rel}","templated":true}]}}