{"id":91,"date":"2021-05-31T17:38:18","date_gmt":"2021-05-31T17:38:18","guid":{"rendered":"http:\/\/kinder-spielen-theater.de\/?page_id=91"},"modified":"2021-10-03T10:30:58","modified_gmt":"2021-10-03T10:30:58","slug":"richtlinien-fuer-die-grundschule-nrw","status":"publish","type":"page","link":"https:\/\/kinder-spielen-theater.de\/de_de\/kinder-spielen-theater\/richtlinien-fuer-die-grundschule-nrw\/","title":{"rendered":"Ausz\u00fcge aus den Richtlinien f\u00fcr die Grundschule in NRW und der vorl\u00e4ufigen Satzung der UNESCO"},"content":{"rendered":"\n<p><\/p>\n\n\n\n<p><strong>Auszug aus den Richtlinien f\u00fcr die Grundschule NRW<br><\/strong>\u2026die Erziehung zu umweltbewusstem Verhalten, die Erziehung zur Friedensf\u00e4higkeit und Gewaltfreiheit, die religi\u00f6se Erziehung, die interkulturelle Erziehung\u2026<br>Toleranz gegen\u00fcber den Entscheidungen anderer zu entwickeln \u2022 die grundlegenden Normen des Grundgesetzes und der Landesverfassung zu verstehen und f\u00fcr die Demokratie einzutreten\u2026&nbsp;<br><strong>Auszug aus der vorl\u00e4ufigen Satzung der Unesco Paris 2004&nbsp;<br><\/strong>Affirming the fundamental right of all individuels and societies to share in the benefits of diversity and dialoge as primary features of culture as the defining characteristics of humanity.<br>Being aware that cultural diversity, the common heritage of humanity, is a mainspring of sutanable development and that it is thus as vital for mankind as biological diversity is for living organisms.<br>Being aware that cultural diversity, florishing within a framework of democracy, tolerance and social justice is indispensible for peace and security at the national and internationel levels.<br><strong>Therefore States Parties shall:<br><\/strong>encourage and promote of the understanding of the importance of the protection and promotion oft he diversity of culturel expressions through public relations the media and educational programs.<\/p>\n\n\n\n<p>&nbsp;___________<br>&nbsp;Cultural diversity is made manifest through the varied ways in which the<br>&nbsp;cultural heritage is protected, augmented and transmitted to future&nbsp;<br>&nbsp;generations.<\/p>\n","protected":false},"excerpt":{"rendered":"<p>Auszug aus den Richtlinien f\u00fcr die Grundschule NRW\u2026die Erziehung zu umweltbewusstem Verhalten, die Erziehung zur Friedensf\u00e4higkeit und Gewaltfreiheit, die religi\u00f6se Erziehung, die interkulturelle Erziehung\u2026Toleranz gegen\u00fcber den Entscheidungen anderer zu entwickeln \u2022 die grundlegenden Normen des Grundgesetzes und der Landesverfassung zu verstehen und f\u00fcr die Demokratie einzutreten\u2026&nbsp;Auszug aus der vorl\u00e4ufigen Satzung der Unesco Paris 2004&nbsp;Affirming the [&hellip;]<\/p>\n","protected":false},"author":1,"featured_media":0,"parent":4,"menu_order":4,"comment_status":"closed","ping_status":"closed","template":"","meta":{"footnotes":""},"class_list":["post-91","page","type-page","status-publish","hentry"],"yoast_head":"<!-- This site is optimized with the Yoast SEO plugin v27.3 - https:\/\/yoast.com\/product\/yoast-seo-wordpress\/ -->\n<title>Ausz\u00fcge aus den Richtlinien f\u00fcr die Grundschule in NRW und der vorl\u00e4ufigen Satzung der UNESCO - Kinder spielen Theater<\/title>\n<meta name=\"robots\" content=\"index, follow, max-snippet:-1, max-image-preview:large, max-video-preview:-1\" \/>\n<link rel=\"canonical\" href=\"https:\/\/kinder-spielen-theater.de\/de_de\/kinder-spielen-theater\/richtlinien-fuer-die-grundschule-nrw\/\" \/>\n<meta property=\"og:locale\" content=\"de_DE\" \/>\n<meta property=\"og:type\" content=\"article\" \/>\n<meta property=\"og:title\" content=\"Ausz\u00fcge aus den Richtlinien f\u00fcr die Grundschule in NRW und der vorl\u00e4ufigen Satzung der UNESCO - Kinder spielen Theater\" \/>\n<meta property=\"og:description\" content=\"Auszug aus den Richtlinien f\u00fcr die Grundschule NRW\u2026die Erziehung zu umweltbewusstem Verhalten, die Erziehung zur Friedensf\u00e4higkeit und Gewaltfreiheit, die religi\u00f6se Erziehung, die interkulturelle Erziehung\u2026Toleranz gegen\u00fcber den Entscheidungen anderer zu entwickeln \u2022 die grundlegenden Normen des Grundgesetzes und der Landesverfassung zu verstehen und f\u00fcr die Demokratie einzutreten\u2026&nbsp;Auszug aus der vorl\u00e4ufigen Satzung der Unesco Paris 2004&nbsp;Affirming the [&hellip;]\" \/>\n<meta property=\"og:url\" content=\"https:\/\/kinder-spielen-theater.de\/de_de\/kinder-spielen-theater\/richtlinien-fuer-die-grundschule-nrw\/\" \/>\n<meta property=\"og:site_name\" content=\"Kinder spielen Theater\" \/>\n<meta property=\"article:modified_time\" content=\"2021-10-03T10:30:58+00:00\" \/>\n<meta name=\"twitter:card\" content=\"summary_large_image\" \/>\n<meta name=\"twitter:label1\" content=\"Gesch\u00e4tzte Lesezeit\" \/>\n\t<meta name=\"twitter:data1\" content=\"1\u00a0Minute\" \/>\n<script type=\"application\/ld+json\" class=\"yoast-schema-graph\">{\"@context\":\"https:\\\/\\\/schema.org\",\"@graph\":[{\"@type\":\"WebPage\",\"@id\":\"https:\\\/\\\/kinder-spielen-theater.de\\\/kinder-spielen-theater\\\/richtlinien-fuer-die-grundschule-nrw\\\/\",\"url\":\"https:\\\/\\\/kinder-spielen-theater.de\\\/kinder-spielen-theater\\\/richtlinien-fuer-die-grundschule-nrw\\\/\",\"name\":\"Ausz\u00fcge aus den Richtlinien f\u00fcr die Grundschule in NRW und der vorl\u00e4ufigen Satzung der UNESCO - Kinder spielen Theater\",\"isPartOf\":{\"@id\":\"https:\\\/\\\/kinder-spielen-theater.de\\\/#website\"},\"datePublished\":\"2021-05-31T17:38:18+00:00\",\"dateModified\":\"2021-10-03T10:30:58+00:00\",\"breadcrumb\":{\"@id\":\"https:\\\/\\\/kinder-spielen-theater.de\\\/kinder-spielen-theater\\\/richtlinien-fuer-die-grundschule-nrw\\\/#breadcrumb\"},\"inLanguage\":\"de\",\"potentialAction\":[{\"@type\":\"ReadAction\",\"target\":[\"https:\\\/\\\/kinder-spielen-theater.de\\\/kinder-spielen-theater\\\/richtlinien-fuer-die-grundschule-nrw\\\/\"]}]},{\"@type\":\"BreadcrumbList\",\"@id\":\"https:\\\/\\\/kinder-spielen-theater.de\\\/kinder-spielen-theater\\\/richtlinien-fuer-die-grundschule-nrw\\\/#breadcrumb\",\"itemListElement\":[{\"@type\":\"ListItem\",\"position\":1,\"name\":\"Startseite\",\"item\":\"https:\\\/\\\/kinder-spielen-theater.de\\\/\"},{\"@type\":\"ListItem\",\"position\":2,\"name\":\"Kinder spielen Theater\",\"item\":\"https:\\\/\\\/kinder-spielen-theater.de\\\/\"},{\"@type\":\"ListItem\",\"position\":3,\"name\":\"Ausz\u00fcge aus den Richtlinien f\u00fcr die Grundschule in NRW und der vorl\u00e4ufigen Satzung der UNESCO\"}]},{\"@type\":\"WebSite\",\"@id\":\"https:\\\/\\\/kinder-spielen-theater.de\\\/#website\",\"url\":\"https:\\\/\\\/kinder-spielen-theater.de\\\/\",\"name\":\"Kinder spielen Theater\",\"description\":\"Theaterst\u00fccke f\u00fcr die Grundschule, Haupt- und Realschule, Gesamtschule und Gymnasium, Theaterst\u00fccke f\u00fcr Kinder\",\"potentialAction\":[{\"@type\":\"SearchAction\",\"target\":{\"@type\":\"EntryPoint\",\"urlTemplate\":\"https:\\\/\\\/kinder-spielen-theater.de\\\/?s={search_term_string}\"},\"query-input\":{\"@type\":\"PropertyValueSpecification\",\"valueRequired\":true,\"valueName\":\"search_term_string\"}}],\"inLanguage\":\"de\"}]}<\/script>\n<!-- \/ Yoast SEO plugin. -->","yoast_head_json":{"title":"Ausz\u00fcge aus den Richtlinien f\u00fcr die Grundschule in NRW und der vorl\u00e4ufigen Satzung der UNESCO - Kinder spielen Theater","robots":{"index":"index","follow":"follow","max-snippet":"max-snippet:-1","max-image-preview":"max-image-preview:large","max-video-preview":"max-video-preview:-1"},"canonical":"https:\/\/kinder-spielen-theater.de\/de_de\/kinder-spielen-theater\/richtlinien-fuer-die-grundschule-nrw\/","og_locale":"de_DE","og_type":"article","og_title":"Ausz\u00fcge aus den Richtlinien f\u00fcr die Grundschule in NRW und der vorl\u00e4ufigen Satzung der UNESCO - Kinder spielen Theater","og_description":"Auszug aus den Richtlinien f\u00fcr die Grundschule NRW\u2026die Erziehung zu umweltbewusstem Verhalten, die Erziehung zur Friedensf\u00e4higkeit und Gewaltfreiheit, die religi\u00f6se Erziehung, die interkulturelle Erziehung\u2026Toleranz gegen\u00fcber den Entscheidungen anderer zu entwickeln \u2022 die grundlegenden Normen des Grundgesetzes und der Landesverfassung zu verstehen und f\u00fcr die Demokratie einzutreten\u2026&nbsp;Auszug aus der vorl\u00e4ufigen Satzung der Unesco Paris 2004&nbsp;Affirming the [&hellip;]","og_url":"https:\/\/kinder-spielen-theater.de\/de_de\/kinder-spielen-theater\/richtlinien-fuer-die-grundschule-nrw\/","og_site_name":"Kinder spielen Theater","article_modified_time":"2021-10-03T10:30:58+00:00","twitter_card":"summary_large_image","twitter_misc":{"Gesch\u00e4tzte Lesezeit":"1\u00a0Minute"},"schema":{"@context":"https:\/\/schema.org","@graph":[{"@type":"WebPage","@id":"https:\/\/kinder-spielen-theater.de\/kinder-spielen-theater\/richtlinien-fuer-die-grundschule-nrw\/","url":"https:\/\/kinder-spielen-theater.de\/kinder-spielen-theater\/richtlinien-fuer-die-grundschule-nrw\/","name":"Ausz\u00fcge aus den Richtlinien f\u00fcr die Grundschule in NRW und der vorl\u00e4ufigen Satzung der UNESCO - Kinder spielen Theater","isPartOf":{"@id":"https:\/\/kinder-spielen-theater.de\/#website"},"datePublished":"2021-05-31T17:38:18+00:00","dateModified":"2021-10-03T10:30:58+00:00","breadcrumb":{"@id":"https:\/\/kinder-spielen-theater.de\/kinder-spielen-theater\/richtlinien-fuer-die-grundschule-nrw\/#breadcrumb"},"inLanguage":"de","potentialAction":[{"@type":"ReadAction","target":["https:\/\/kinder-spielen-theater.de\/kinder-spielen-theater\/richtlinien-fuer-die-grundschule-nrw\/"]}]},{"@type":"BreadcrumbList","@id":"https:\/\/kinder-spielen-theater.de\/kinder-spielen-theater\/richtlinien-fuer-die-grundschule-nrw\/#breadcrumb","itemListElement":[{"@type":"ListItem","position":1,"name":"Startseite","item":"https:\/\/kinder-spielen-theater.de\/"},{"@type":"ListItem","position":2,"name":"Kinder spielen Theater","item":"https:\/\/kinder-spielen-theater.de\/"},{"@type":"ListItem","position":3,"name":"Ausz\u00fcge aus den Richtlinien f\u00fcr die Grundschule in NRW und der vorl\u00e4ufigen Satzung der UNESCO"}]},{"@type":"WebSite","@id":"https:\/\/kinder-spielen-theater.de\/#website","url":"https:\/\/kinder-spielen-theater.de\/","name":"Kinder spielen Theater","description":"Theaterst\u00fccke f\u00fcr die Grundschule, Haupt- und Realschule, Gesamtschule und Gymnasium, Theaterst\u00fccke f\u00fcr Kinder","potentialAction":[{"@type":"SearchAction","target":{"@type":"EntryPoint","urlTemplate":"https:\/\/kinder-spielen-theater.de\/?s={search_term_string}"},"query-input":{"@type":"PropertyValueSpecification","valueRequired":true,"valueName":"search_term_string"}}],"inLanguage":"de"}]}},"_links":{"self":[{"href":"https:\/\/kinder-spielen-theater.de\/de_de\/wp-json\/wp\/v2\/pages\/91","targetHints":{"allow":["GET"]}}],"collection":[{"href":"https:\/\/kinder-spielen-theater.de\/de_de\/wp-json\/wp\/v2\/pages"}],"about":[{"href":"https:\/\/kinder-spielen-theater.de\/de_de\/wp-json\/wp\/v2\/types\/page"}],"author":[{"embeddable":true,"href":"https:\/\/kinder-spielen-theater.de\/de_de\/wp-json\/wp\/v2\/users\/1"}],"replies":[{"embeddable":true,"href":"https:\/\/kinder-spielen-theater.de\/de_de\/wp-json\/wp\/v2\/comments?post=91"}],"version-history":[{"count":3,"href":"https:\/\/kinder-spielen-theater.de\/de_de\/wp-json\/wp\/v2\/pages\/91\/revisions"}],"predecessor-version":[{"id":477,"href":"https:\/\/kinder-spielen-theater.de\/de_de\/wp-json\/wp\/v2\/pages\/91\/revisions\/477"}],"up":[{"embeddable":true,"href":"https:\/\/kinder-spielen-theater.de\/de_de\/wp-json\/wp\/v2\/pages\/4"}],"wp:attachment":[{"href":"https:\/\/kinder-spielen-theater.de\/de_de\/wp-json\/wp\/v2\/media?parent=91"}],"curies":[{"name":"wp","href":"https:\/\/api.w.org\/{rel}","templated":true}]}}