{"id":546,"date":"2022-02-15T12:03:04","date_gmt":"2022-02-15T12:03:04","guid":{"rendered":"https:\/\/kinder-spielen-theater.de\/?page_id=546"},"modified":"2022-11-11T14:03:09","modified_gmt":"2022-11-11T14:03:09","slug":"3-ausbildung-von-lehramtsstudierenden","status":"publish","type":"page","link":"https:\/\/kinder-spielen-theater.de\/de_de\/kinder-spielen-theater\/beispiele-fuer-einsatzmoeglichkeiten-der-theaterstuecke-kinder-spielen-theater\/3-ausbildung-von-lehramtsstudierenden\/","title":{"rendered":"3. Ausbildung von Lehramtsstudierenden"},"content":{"rendered":"\n<p>Universit\u00e4t Duisburg-Essen und Schulen in Essen<\/p>\n\n\n\n<p><\/p>\n\n\n\n<figure class=\"wp-block-image size-full\"><img loading=\"lazy\" decoding=\"async\" width=\"606\" height=\"800\" src=\"https:\/\/kinder-spielen-theater.de\/wp-content\/uploads\/2022\/11\/LehramtStudierende01_defaced.jpg\" alt=\"\" class=\"wp-image-808\" srcset=\"https:\/\/kinder-spielen-theater.de\/wp-content\/uploads\/2022\/11\/LehramtStudierende01_defaced.jpg 606w, https:\/\/kinder-spielen-theater.de\/wp-content\/uploads\/2022\/11\/LehramtStudierende01_defaced-227x300.jpg 227w, https:\/\/kinder-spielen-theater.de\/wp-content\/uploads\/2022\/11\/LehramtStudierende01_defaced-9x12.jpg 9w, https:\/\/kinder-spielen-theater.de\/wp-content\/uploads\/2022\/11\/LehramtStudierende01_defaced-379x500.jpg 379w, https:\/\/kinder-spielen-theater.de\/wp-content\/uploads\/2022\/11\/LehramtStudierende01_defaced-300x396.jpg 300w, https:\/\/kinder-spielen-theater.de\/wp-content\/uploads\/2022\/11\/LehramtStudierende01_defaced-600x792.jpg 600w\" sizes=\"auto, (max-width: 606px) 100vw, 606px\" \/><\/figure>\n","protected":false},"excerpt":{"rendered":"<p>Universit\u00e4t Duisburg-Essen und Schulen in Essen<\/p>\n","protected":false},"author":1,"featured_media":0,"parent":518,"menu_order":0,"comment_status":"closed","ping_status":"closed","template":"","meta":{"footnotes":""},"class_list":["post-546","page","type-page","status-publish","hentry"],"yoast_head":"<!-- This site is optimized with the Yoast SEO plugin v27.3 - https:\/\/yoast.com\/product\/yoast-seo-wordpress\/ -->\n<title>3. Ausbildung von Lehramtsstudierenden - Kinder spielen Theater<\/title>\n<meta name=\"robots\" content=\"index, follow, max-snippet:-1, max-image-preview:large, max-video-preview:-1\" \/>\n<link rel=\"canonical\" href=\"https:\/\/kinder-spielen-theater.de\/de_de\/kinder-spielen-theater\/beispiele-fuer-einsatzmoeglichkeiten-der-theaterstuecke-kinder-spielen-theater\/3-ausbildung-von-lehramtsstudierenden\/\" \/>\n<meta property=\"og:locale\" content=\"de_DE\" \/>\n<meta property=\"og:type\" content=\"article\" \/>\n<meta property=\"og:title\" content=\"3. Ausbildung von Lehramtsstudierenden - Kinder spielen Theater\" \/>\n<meta property=\"og:description\" content=\"Universit\u00e4t Duisburg-Essen und Schulen in Essen\" \/>\n<meta property=\"og:url\" content=\"https:\/\/kinder-spielen-theater.de\/de_de\/kinder-spielen-theater\/beispiele-fuer-einsatzmoeglichkeiten-der-theaterstuecke-kinder-spielen-theater\/3-ausbildung-von-lehramtsstudierenden\/\" \/>\n<meta property=\"og:site_name\" content=\"Kinder spielen Theater\" \/>\n<meta property=\"article:modified_time\" content=\"2022-11-11T14:03:09+00:00\" \/>\n<meta property=\"og:image\" content=\"https:\/\/kinder-spielen-theater.de\/wp-content\/uploads\/2022\/11\/LehramtStudierende01_defaced.jpg\" \/>\n<meta name=\"twitter:card\" content=\"summary_large_image\" \/>\n<meta name=\"twitter:label1\" content=\"Gesch\u00e4tzte Lesezeit\" \/>\n\t<meta name=\"twitter:data1\" content=\"1\u00a0Minute\" \/>\n<script type=\"application\/ld+json\" class=\"yoast-schema-graph\">{\"@context\":\"https:\\\/\\\/schema.org\",\"@graph\":[{\"@type\":\"WebPage\",\"@id\":\"https:\\\/\\\/kinder-spielen-theater.de\\\/kinder-spielen-theater\\\/beispiele-fuer-einsatzmoeglichkeiten-der-theaterstuecke-kinder-spielen-theater\\\/3-ausbildung-von-lehramtsstudierenden\\\/\",\"url\":\"https:\\\/\\\/kinder-spielen-theater.de\\\/kinder-spielen-theater\\\/beispiele-fuer-einsatzmoeglichkeiten-der-theaterstuecke-kinder-spielen-theater\\\/3-ausbildung-von-lehramtsstudierenden\\\/\",\"name\":\"3. Ausbildung von Lehramtsstudierenden - Kinder spielen Theater\",\"isPartOf\":{\"@id\":\"https:\\\/\\\/kinder-spielen-theater.de\\\/#website\"},\"primaryImageOfPage\":{\"@id\":\"https:\\\/\\\/kinder-spielen-theater.de\\\/kinder-spielen-theater\\\/beispiele-fuer-einsatzmoeglichkeiten-der-theaterstuecke-kinder-spielen-theater\\\/3-ausbildung-von-lehramtsstudierenden\\\/#primaryimage\"},\"image\":{\"@id\":\"https:\\\/\\\/kinder-spielen-theater.de\\\/kinder-spielen-theater\\\/beispiele-fuer-einsatzmoeglichkeiten-der-theaterstuecke-kinder-spielen-theater\\\/3-ausbildung-von-lehramtsstudierenden\\\/#primaryimage\"},\"thumbnailUrl\":\"https:\\\/\\\/kinder-spielen-theater.de\\\/wp-content\\\/uploads\\\/2022\\\/11\\\/LehramtStudierende01_defaced.jpg\",\"datePublished\":\"2022-02-15T12:03:04+00:00\",\"dateModified\":\"2022-11-11T14:03:09+00:00\",\"breadcrumb\":{\"@id\":\"https:\\\/\\\/kinder-spielen-theater.de\\\/kinder-spielen-theater\\\/beispiele-fuer-einsatzmoeglichkeiten-der-theaterstuecke-kinder-spielen-theater\\\/3-ausbildung-von-lehramtsstudierenden\\\/#breadcrumb\"},\"inLanguage\":\"de\",\"potentialAction\":[{\"@type\":\"ReadAction\",\"target\":[\"https:\\\/\\\/kinder-spielen-theater.de\\\/kinder-spielen-theater\\\/beispiele-fuer-einsatzmoeglichkeiten-der-theaterstuecke-kinder-spielen-theater\\\/3-ausbildung-von-lehramtsstudierenden\\\/\"]}]},{\"@type\":\"ImageObject\",\"inLanguage\":\"de\",\"@id\":\"https:\\\/\\\/kinder-spielen-theater.de\\\/kinder-spielen-theater\\\/beispiele-fuer-einsatzmoeglichkeiten-der-theaterstuecke-kinder-spielen-theater\\\/3-ausbildung-von-lehramtsstudierenden\\\/#primaryimage\",\"url\":\"https:\\\/\\\/kinder-spielen-theater.de\\\/wp-content\\\/uploads\\\/2022\\\/11\\\/LehramtStudierende01_defaced.jpg\",\"contentUrl\":\"https:\\\/\\\/kinder-spielen-theater.de\\\/wp-content\\\/uploads\\\/2022\\\/11\\\/LehramtStudierende01_defaced.jpg\"},{\"@type\":\"BreadcrumbList\",\"@id\":\"https:\\\/\\\/kinder-spielen-theater.de\\\/kinder-spielen-theater\\\/beispiele-fuer-einsatzmoeglichkeiten-der-theaterstuecke-kinder-spielen-theater\\\/3-ausbildung-von-lehramtsstudierenden\\\/#breadcrumb\",\"itemListElement\":[{\"@type\":\"ListItem\",\"position\":1,\"name\":\"Startseite\",\"item\":\"https:\\\/\\\/kinder-spielen-theater.de\\\/\"},{\"@type\":\"ListItem\",\"position\":2,\"name\":\"Kinder spielen Theater\",\"item\":\"https:\\\/\\\/kinder-spielen-theater.de\\\/\"},{\"@type\":\"ListItem\",\"position\":3,\"name\":\"Beispiele f\u00fcr Einsatzm\u00f6glichkeiten der Theaterst\u00fccke \u201eKinder spielen Theater\u201c\",\"item\":\"https:\\\/\\\/kinder-spielen-theater.de\\\/kinder-spielen-theater\\\/beispiele-fuer-einsatzmoeglichkeiten-der-theaterstuecke-kinder-spielen-theater\\\/\"},{\"@type\":\"ListItem\",\"position\":4,\"name\":\"3. Ausbildung von Lehramtsstudierenden\"}]},{\"@type\":\"WebSite\",\"@id\":\"https:\\\/\\\/kinder-spielen-theater.de\\\/#website\",\"url\":\"https:\\\/\\\/kinder-spielen-theater.de\\\/\",\"name\":\"Kinder spielen Theater\",\"description\":\"Theaterst\u00fccke f\u00fcr die Grundschule, Haupt- und Realschule, Gesamtschule und Gymnasium, Theaterst\u00fccke f\u00fcr Kinder\",\"potentialAction\":[{\"@type\":\"SearchAction\",\"target\":{\"@type\":\"EntryPoint\",\"urlTemplate\":\"https:\\\/\\\/kinder-spielen-theater.de\\\/?s={search_term_string}\"},\"query-input\":{\"@type\":\"PropertyValueSpecification\",\"valueRequired\":true,\"valueName\":\"search_term_string\"}}],\"inLanguage\":\"de\"}]}<\/script>\n<!-- \/ Yoast SEO plugin. -->","yoast_head_json":{"title":"3. Ausbildung von Lehramtsstudierenden - Kinder spielen Theater","robots":{"index":"index","follow":"follow","max-snippet":"max-snippet:-1","max-image-preview":"max-image-preview:large","max-video-preview":"max-video-preview:-1"},"canonical":"https:\/\/kinder-spielen-theater.de\/de_de\/kinder-spielen-theater\/beispiele-fuer-einsatzmoeglichkeiten-der-theaterstuecke-kinder-spielen-theater\/3-ausbildung-von-lehramtsstudierenden\/","og_locale":"de_DE","og_type":"article","og_title":"3. Ausbildung von Lehramtsstudierenden - Kinder spielen Theater","og_description":"Universit\u00e4t Duisburg-Essen und Schulen in Essen","og_url":"https:\/\/kinder-spielen-theater.de\/de_de\/kinder-spielen-theater\/beispiele-fuer-einsatzmoeglichkeiten-der-theaterstuecke-kinder-spielen-theater\/3-ausbildung-von-lehramtsstudierenden\/","og_site_name":"Kinder spielen Theater","article_modified_time":"2022-11-11T14:03:09+00:00","og_image":[{"url":"https:\/\/kinder-spielen-theater.de\/wp-content\/uploads\/2022\/11\/LehramtStudierende01_defaced.jpg","type":"","width":"","height":""}],"twitter_card":"summary_large_image","twitter_misc":{"Gesch\u00e4tzte Lesezeit":"1\u00a0Minute"},"schema":{"@context":"https:\/\/schema.org","@graph":[{"@type":"WebPage","@id":"https:\/\/kinder-spielen-theater.de\/kinder-spielen-theater\/beispiele-fuer-einsatzmoeglichkeiten-der-theaterstuecke-kinder-spielen-theater\/3-ausbildung-von-lehramtsstudierenden\/","url":"https:\/\/kinder-spielen-theater.de\/kinder-spielen-theater\/beispiele-fuer-einsatzmoeglichkeiten-der-theaterstuecke-kinder-spielen-theater\/3-ausbildung-von-lehramtsstudierenden\/","name":"3. Ausbildung von Lehramtsstudierenden - Kinder spielen Theater","isPartOf":{"@id":"https:\/\/kinder-spielen-theater.de\/#website"},"primaryImageOfPage":{"@id":"https:\/\/kinder-spielen-theater.de\/kinder-spielen-theater\/beispiele-fuer-einsatzmoeglichkeiten-der-theaterstuecke-kinder-spielen-theater\/3-ausbildung-von-lehramtsstudierenden\/#primaryimage"},"image":{"@id":"https:\/\/kinder-spielen-theater.de\/kinder-spielen-theater\/beispiele-fuer-einsatzmoeglichkeiten-der-theaterstuecke-kinder-spielen-theater\/3-ausbildung-von-lehramtsstudierenden\/#primaryimage"},"thumbnailUrl":"https:\/\/kinder-spielen-theater.de\/wp-content\/uploads\/2022\/11\/LehramtStudierende01_defaced.jpg","datePublished":"2022-02-15T12:03:04+00:00","dateModified":"2022-11-11T14:03:09+00:00","breadcrumb":{"@id":"https:\/\/kinder-spielen-theater.de\/kinder-spielen-theater\/beispiele-fuer-einsatzmoeglichkeiten-der-theaterstuecke-kinder-spielen-theater\/3-ausbildung-von-lehramtsstudierenden\/#breadcrumb"},"inLanguage":"de","potentialAction":[{"@type":"ReadAction","target":["https:\/\/kinder-spielen-theater.de\/kinder-spielen-theater\/beispiele-fuer-einsatzmoeglichkeiten-der-theaterstuecke-kinder-spielen-theater\/3-ausbildung-von-lehramtsstudierenden\/"]}]},{"@type":"ImageObject","inLanguage":"de","@id":"https:\/\/kinder-spielen-theater.de\/kinder-spielen-theater\/beispiele-fuer-einsatzmoeglichkeiten-der-theaterstuecke-kinder-spielen-theater\/3-ausbildung-von-lehramtsstudierenden\/#primaryimage","url":"https:\/\/kinder-spielen-theater.de\/wp-content\/uploads\/2022\/11\/LehramtStudierende01_defaced.jpg","contentUrl":"https:\/\/kinder-spielen-theater.de\/wp-content\/uploads\/2022\/11\/LehramtStudierende01_defaced.jpg"},{"@type":"BreadcrumbList","@id":"https:\/\/kinder-spielen-theater.de\/kinder-spielen-theater\/beispiele-fuer-einsatzmoeglichkeiten-der-theaterstuecke-kinder-spielen-theater\/3-ausbildung-von-lehramtsstudierenden\/#breadcrumb","itemListElement":[{"@type":"ListItem","position":1,"name":"Startseite","item":"https:\/\/kinder-spielen-theater.de\/"},{"@type":"ListItem","position":2,"name":"Kinder spielen Theater","item":"https:\/\/kinder-spielen-theater.de\/"},{"@type":"ListItem","position":3,"name":"Beispiele f\u00fcr Einsatzm\u00f6glichkeiten der Theaterst\u00fccke \u201eKinder spielen Theater\u201c","item":"https:\/\/kinder-spielen-theater.de\/kinder-spielen-theater\/beispiele-fuer-einsatzmoeglichkeiten-der-theaterstuecke-kinder-spielen-theater\/"},{"@type":"ListItem","position":4,"name":"3. Ausbildung von Lehramtsstudierenden"}]},{"@type":"WebSite","@id":"https:\/\/kinder-spielen-theater.de\/#website","url":"https:\/\/kinder-spielen-theater.de\/","name":"Kinder spielen Theater","description":"Theaterst\u00fccke f\u00fcr die Grundschule, Haupt- und Realschule, Gesamtschule und Gymnasium, Theaterst\u00fccke f\u00fcr Kinder","potentialAction":[{"@type":"SearchAction","target":{"@type":"EntryPoint","urlTemplate":"https:\/\/kinder-spielen-theater.de\/?s={search_term_string}"},"query-input":{"@type":"PropertyValueSpecification","valueRequired":true,"valueName":"search_term_string"}}],"inLanguage":"de"}]}},"_links":{"self":[{"href":"https:\/\/kinder-spielen-theater.de\/de_de\/wp-json\/wp\/v2\/pages\/546","targetHints":{"allow":["GET"]}}],"collection":[{"href":"https:\/\/kinder-spielen-theater.de\/de_de\/wp-json\/wp\/v2\/pages"}],"about":[{"href":"https:\/\/kinder-spielen-theater.de\/de_de\/wp-json\/wp\/v2\/types\/page"}],"author":[{"embeddable":true,"href":"https:\/\/kinder-spielen-theater.de\/de_de\/wp-json\/wp\/v2\/users\/1"}],"replies":[{"embeddable":true,"href":"https:\/\/kinder-spielen-theater.de\/de_de\/wp-json\/wp\/v2\/comments?post=546"}],"version-history":[{"count":2,"href":"https:\/\/kinder-spielen-theater.de\/de_de\/wp-json\/wp\/v2\/pages\/546\/revisions"}],"predecessor-version":[{"id":809,"href":"https:\/\/kinder-spielen-theater.de\/de_de\/wp-json\/wp\/v2\/pages\/546\/revisions\/809"}],"up":[{"embeddable":true,"href":"https:\/\/kinder-spielen-theater.de\/de_de\/wp-json\/wp\/v2\/pages\/518"}],"wp:attachment":[{"href":"https:\/\/kinder-spielen-theater.de\/de_de\/wp-json\/wp\/v2\/media?parent=546"}],"curies":[{"name":"wp","href":"https:\/\/api.w.org\/{rel}","templated":true}]}}