{"id":536,"date":"2022-02-15T11:51:54","date_gmt":"2022-02-15T11:51:54","guid":{"rendered":"https:\/\/kinder-spielen-theater.de\/?page_id=536"},"modified":"2022-11-11T14:01:22","modified_gmt":"2022-11-11T14:01:22","slug":"2-kitas","status":"publish","type":"page","link":"https:\/\/kinder-spielen-theater.de\/de_de\/kinder-spielen-theater\/beispiele-fuer-einsatzmoeglichkeiten-der-theaterstuecke-kinder-spielen-theater\/2-kitas\/","title":{"rendered":"2. Kitas"},"content":{"rendered":"\n<p class=\"has-medium-font-size\">Ev. Kindergarten, Insel F\u00f6hr<\/p>\n\n\n\n<p>Fotos einer Auff\u00fchrung des Theaterst\u00fcckes \u201eDie Sternreise\u201c (Eine Geschichte<br>vom kleinen Igel und der kleinen Igelin.) im August 2011<\/p>\n\n\n\n<figure class=\"wp-block-image size-full\"><img loading=\"lazy\" decoding=\"async\" width=\"621\" height=\"366\" src=\"https:\/\/kinder-spielen-theater.de\/wp-content\/uploads\/2022\/11\/Kitas01_defaced.jpg\" alt=\"\" class=\"wp-image-804\" srcset=\"https:\/\/kinder-spielen-theater.de\/wp-content\/uploads\/2022\/11\/Kitas01_defaced.jpg 621w, https:\/\/kinder-spielen-theater.de\/wp-content\/uploads\/2022\/11\/Kitas01_defaced-300x177.jpg 300w, https:\/\/kinder-spielen-theater.de\/wp-content\/uploads\/2022\/11\/Kitas01_defaced-18x12.jpg 18w, https:\/\/kinder-spielen-theater.de\/wp-content\/uploads\/2022\/11\/Kitas01_defaced-509x300.jpg 509w, https:\/\/kinder-spielen-theater.de\/wp-content\/uploads\/2022\/11\/Kitas01_defaced-600x354.jpg 600w\" sizes=\"auto, (max-width: 621px) 100vw, 621px\" \/><\/figure>\n\n\n\n<hr class=\"wp-block-separator has-text-color has-vivid-cyan-blue-color has-css-opacity has-vivid-cyan-blue-background-color has-background is-style-wide\"\/>\n\n\n\n<figure class=\"wp-block-image size-full\"><img loading=\"lazy\" decoding=\"async\" width=\"629\" height=\"344\" src=\"https:\/\/kinder-spielen-theater.de\/wp-content\/uploads\/2022\/11\/Kitas02_defaced.jpg\" alt=\"\" class=\"wp-image-805\" srcset=\"https:\/\/kinder-spielen-theater.de\/wp-content\/uploads\/2022\/11\/Kitas02_defaced.jpg 629w, https:\/\/kinder-spielen-theater.de\/wp-content\/uploads\/2022\/11\/Kitas02_defaced-300x164.jpg 300w, https:\/\/kinder-spielen-theater.de\/wp-content\/uploads\/2022\/11\/Kitas02_defaced-18x10.jpg 18w, https:\/\/kinder-spielen-theater.de\/wp-content\/uploads\/2022\/11\/Kitas02_defaced-549x300.jpg 549w, https:\/\/kinder-spielen-theater.de\/wp-content\/uploads\/2022\/11\/Kitas02_defaced-600x328.jpg 600w\" sizes=\"auto, (max-width: 629px) 100vw, 629px\" \/><\/figure>\n\n\n\n<hr class=\"wp-block-separator has-text-color has-vivid-cyan-blue-color has-css-opacity has-vivid-cyan-blue-background-color has-background is-style-wide\"\/>\n\n\n\n<figure class=\"wp-block-image size-full\"><img loading=\"lazy\" decoding=\"async\" width=\"628\" height=\"371\" src=\"https:\/\/kinder-spielen-theater.de\/wp-content\/uploads\/2022\/11\/Kitas03_defaced.jpg\" alt=\"\" class=\"wp-image-806\" srcset=\"https:\/\/kinder-spielen-theater.de\/wp-content\/uploads\/2022\/11\/Kitas03_defaced.jpg 628w, https:\/\/kinder-spielen-theater.de\/wp-content\/uploads\/2022\/11\/Kitas03_defaced-300x177.jpg 300w, https:\/\/kinder-spielen-theater.de\/wp-content\/uploads\/2022\/11\/Kitas03_defaced-18x12.jpg 18w, https:\/\/kinder-spielen-theater.de\/wp-content\/uploads\/2022\/11\/Kitas03_defaced-508x300.jpg 508w, https:\/\/kinder-spielen-theater.de\/wp-content\/uploads\/2022\/11\/Kitas03_defaced-600x354.jpg 600w\" sizes=\"auto, (max-width: 628px) 100vw, 628px\" \/><figcaption>Die Auff\u00fchrung fand statt in der St. Laurentii Kirche, Insel F\u00f6hr, S\u00fcderende<br>zum 20j\u00e4hrigen Bestehen des ev. Kindergartens St. Laurentii. Die Spieler<br>waren die Kinder des Kindergartens<\/figcaption><\/figure>\n","protected":false},"excerpt":{"rendered":"<p>Ev. Kindergarten, Insel F\u00f6hr Fotos einer Auff\u00fchrung des Theaterst\u00fcckes \u201eDie Sternreise\u201c (Eine Geschichtevom kleinen Igel und der kleinen Igelin.) im August 2011<\/p>\n","protected":false},"author":1,"featured_media":0,"parent":518,"menu_order":0,"comment_status":"closed","ping_status":"closed","template":"","meta":{"footnotes":""},"class_list":["post-536","page","type-page","status-publish","hentry"],"yoast_head":"<!-- This site is optimized with the Yoast SEO plugin v27.3 - https:\/\/yoast.com\/product\/yoast-seo-wordpress\/ -->\n<title>2. Kitas - Kinder spielen Theater<\/title>\n<meta name=\"robots\" content=\"index, follow, max-snippet:-1, max-image-preview:large, max-video-preview:-1\" \/>\n<link rel=\"canonical\" href=\"https:\/\/kinder-spielen-theater.de\/de_de\/kinder-spielen-theater\/beispiele-fuer-einsatzmoeglichkeiten-der-theaterstuecke-kinder-spielen-theater\/2-kitas\/\" \/>\n<meta property=\"og:locale\" content=\"de_DE\" \/>\n<meta property=\"og:type\" content=\"article\" \/>\n<meta property=\"og:title\" content=\"2. Kitas - Kinder spielen Theater\" \/>\n<meta property=\"og:description\" content=\"Ev. Kindergarten, Insel F\u00f6hr Fotos einer Auff\u00fchrung des Theaterst\u00fcckes \u201eDie Sternreise\u201c (Eine Geschichtevom kleinen Igel und der kleinen Igelin.) im August 2011\" \/>\n<meta property=\"og:url\" content=\"https:\/\/kinder-spielen-theater.de\/de_de\/kinder-spielen-theater\/beispiele-fuer-einsatzmoeglichkeiten-der-theaterstuecke-kinder-spielen-theater\/2-kitas\/\" \/>\n<meta property=\"og:site_name\" content=\"Kinder spielen Theater\" \/>\n<meta property=\"article:modified_time\" content=\"2022-11-11T14:01:22+00:00\" \/>\n<meta property=\"og:image\" content=\"https:\/\/kinder-spielen-theater.de\/wp-content\/uploads\/2022\/11\/Kitas01_defaced.jpg\" \/>\n<meta name=\"twitter:card\" content=\"summary_large_image\" \/>\n<meta name=\"twitter:label1\" content=\"Gesch\u00e4tzte Lesezeit\" \/>\n\t<meta name=\"twitter:data1\" content=\"1\u00a0Minute\" \/>\n<script type=\"application\/ld+json\" class=\"yoast-schema-graph\">{\"@context\":\"https:\\\/\\\/schema.org\",\"@graph\":[{\"@type\":\"WebPage\",\"@id\":\"https:\\\/\\\/kinder-spielen-theater.de\\\/kinder-spielen-theater\\\/beispiele-fuer-einsatzmoeglichkeiten-der-theaterstuecke-kinder-spielen-theater\\\/2-kitas\\\/\",\"url\":\"https:\\\/\\\/kinder-spielen-theater.de\\\/kinder-spielen-theater\\\/beispiele-fuer-einsatzmoeglichkeiten-der-theaterstuecke-kinder-spielen-theater\\\/2-kitas\\\/\",\"name\":\"2. Kitas - Kinder spielen Theater\",\"isPartOf\":{\"@id\":\"https:\\\/\\\/kinder-spielen-theater.de\\\/#website\"},\"primaryImageOfPage\":{\"@id\":\"https:\\\/\\\/kinder-spielen-theater.de\\\/kinder-spielen-theater\\\/beispiele-fuer-einsatzmoeglichkeiten-der-theaterstuecke-kinder-spielen-theater\\\/2-kitas\\\/#primaryimage\"},\"image\":{\"@id\":\"https:\\\/\\\/kinder-spielen-theater.de\\\/kinder-spielen-theater\\\/beispiele-fuer-einsatzmoeglichkeiten-der-theaterstuecke-kinder-spielen-theater\\\/2-kitas\\\/#primaryimage\"},\"thumbnailUrl\":\"https:\\\/\\\/kinder-spielen-theater.de\\\/wp-content\\\/uploads\\\/2022\\\/11\\\/Kitas01_defaced.jpg\",\"datePublished\":\"2022-02-15T11:51:54+00:00\",\"dateModified\":\"2022-11-11T14:01:22+00:00\",\"breadcrumb\":{\"@id\":\"https:\\\/\\\/kinder-spielen-theater.de\\\/kinder-spielen-theater\\\/beispiele-fuer-einsatzmoeglichkeiten-der-theaterstuecke-kinder-spielen-theater\\\/2-kitas\\\/#breadcrumb\"},\"inLanguage\":\"de\",\"potentialAction\":[{\"@type\":\"ReadAction\",\"target\":[\"https:\\\/\\\/kinder-spielen-theater.de\\\/kinder-spielen-theater\\\/beispiele-fuer-einsatzmoeglichkeiten-der-theaterstuecke-kinder-spielen-theater\\\/2-kitas\\\/\"]}]},{\"@type\":\"ImageObject\",\"inLanguage\":\"de\",\"@id\":\"https:\\\/\\\/kinder-spielen-theater.de\\\/kinder-spielen-theater\\\/beispiele-fuer-einsatzmoeglichkeiten-der-theaterstuecke-kinder-spielen-theater\\\/2-kitas\\\/#primaryimage\",\"url\":\"https:\\\/\\\/kinder-spielen-theater.de\\\/wp-content\\\/uploads\\\/2022\\\/11\\\/Kitas01_defaced.jpg\",\"contentUrl\":\"https:\\\/\\\/kinder-spielen-theater.de\\\/wp-content\\\/uploads\\\/2022\\\/11\\\/Kitas01_defaced.jpg\"},{\"@type\":\"BreadcrumbList\",\"@id\":\"https:\\\/\\\/kinder-spielen-theater.de\\\/kinder-spielen-theater\\\/beispiele-fuer-einsatzmoeglichkeiten-der-theaterstuecke-kinder-spielen-theater\\\/2-kitas\\\/#breadcrumb\",\"itemListElement\":[{\"@type\":\"ListItem\",\"position\":1,\"name\":\"Startseite\",\"item\":\"https:\\\/\\\/kinder-spielen-theater.de\\\/\"},{\"@type\":\"ListItem\",\"position\":2,\"name\":\"Kinder spielen Theater\",\"item\":\"https:\\\/\\\/kinder-spielen-theater.de\\\/\"},{\"@type\":\"ListItem\",\"position\":3,\"name\":\"Beispiele f\u00fcr Einsatzm\u00f6glichkeiten der Theaterst\u00fccke \u201eKinder spielen Theater\u201c\",\"item\":\"https:\\\/\\\/kinder-spielen-theater.de\\\/kinder-spielen-theater\\\/beispiele-fuer-einsatzmoeglichkeiten-der-theaterstuecke-kinder-spielen-theater\\\/\"},{\"@type\":\"ListItem\",\"position\":4,\"name\":\"2. Kitas\"}]},{\"@type\":\"WebSite\",\"@id\":\"https:\\\/\\\/kinder-spielen-theater.de\\\/#website\",\"url\":\"https:\\\/\\\/kinder-spielen-theater.de\\\/\",\"name\":\"Kinder spielen Theater\",\"description\":\"Theaterst\u00fccke f\u00fcr die Grundschule, Haupt- und Realschule, Gesamtschule und Gymnasium, Theaterst\u00fccke f\u00fcr Kinder\",\"potentialAction\":[{\"@type\":\"SearchAction\",\"target\":{\"@type\":\"EntryPoint\",\"urlTemplate\":\"https:\\\/\\\/kinder-spielen-theater.de\\\/?s={search_term_string}\"},\"query-input\":{\"@type\":\"PropertyValueSpecification\",\"valueRequired\":true,\"valueName\":\"search_term_string\"}}],\"inLanguage\":\"de\"}]}<\/script>\n<!-- \/ Yoast SEO plugin. -->","yoast_head_json":{"title":"2. Kitas - Kinder spielen Theater","robots":{"index":"index","follow":"follow","max-snippet":"max-snippet:-1","max-image-preview":"max-image-preview:large","max-video-preview":"max-video-preview:-1"},"canonical":"https:\/\/kinder-spielen-theater.de\/de_de\/kinder-spielen-theater\/beispiele-fuer-einsatzmoeglichkeiten-der-theaterstuecke-kinder-spielen-theater\/2-kitas\/","og_locale":"de_DE","og_type":"article","og_title":"2. Kitas - Kinder spielen Theater","og_description":"Ev. Kindergarten, Insel F\u00f6hr Fotos einer Auff\u00fchrung des Theaterst\u00fcckes \u201eDie Sternreise\u201c (Eine Geschichtevom kleinen Igel und der kleinen Igelin.) im August 2011","og_url":"https:\/\/kinder-spielen-theater.de\/de_de\/kinder-spielen-theater\/beispiele-fuer-einsatzmoeglichkeiten-der-theaterstuecke-kinder-spielen-theater\/2-kitas\/","og_site_name":"Kinder spielen Theater","article_modified_time":"2022-11-11T14:01:22+00:00","og_image":[{"url":"https:\/\/kinder-spielen-theater.de\/wp-content\/uploads\/2022\/11\/Kitas01_defaced.jpg","type":"","width":"","height":""}],"twitter_card":"summary_large_image","twitter_misc":{"Gesch\u00e4tzte Lesezeit":"1\u00a0Minute"},"schema":{"@context":"https:\/\/schema.org","@graph":[{"@type":"WebPage","@id":"https:\/\/kinder-spielen-theater.de\/kinder-spielen-theater\/beispiele-fuer-einsatzmoeglichkeiten-der-theaterstuecke-kinder-spielen-theater\/2-kitas\/","url":"https:\/\/kinder-spielen-theater.de\/kinder-spielen-theater\/beispiele-fuer-einsatzmoeglichkeiten-der-theaterstuecke-kinder-spielen-theater\/2-kitas\/","name":"2. Kitas - Kinder spielen Theater","isPartOf":{"@id":"https:\/\/kinder-spielen-theater.de\/#website"},"primaryImageOfPage":{"@id":"https:\/\/kinder-spielen-theater.de\/kinder-spielen-theater\/beispiele-fuer-einsatzmoeglichkeiten-der-theaterstuecke-kinder-spielen-theater\/2-kitas\/#primaryimage"},"image":{"@id":"https:\/\/kinder-spielen-theater.de\/kinder-spielen-theater\/beispiele-fuer-einsatzmoeglichkeiten-der-theaterstuecke-kinder-spielen-theater\/2-kitas\/#primaryimage"},"thumbnailUrl":"https:\/\/kinder-spielen-theater.de\/wp-content\/uploads\/2022\/11\/Kitas01_defaced.jpg","datePublished":"2022-02-15T11:51:54+00:00","dateModified":"2022-11-11T14:01:22+00:00","breadcrumb":{"@id":"https:\/\/kinder-spielen-theater.de\/kinder-spielen-theater\/beispiele-fuer-einsatzmoeglichkeiten-der-theaterstuecke-kinder-spielen-theater\/2-kitas\/#breadcrumb"},"inLanguage":"de","potentialAction":[{"@type":"ReadAction","target":["https:\/\/kinder-spielen-theater.de\/kinder-spielen-theater\/beispiele-fuer-einsatzmoeglichkeiten-der-theaterstuecke-kinder-spielen-theater\/2-kitas\/"]}]},{"@type":"ImageObject","inLanguage":"de","@id":"https:\/\/kinder-spielen-theater.de\/kinder-spielen-theater\/beispiele-fuer-einsatzmoeglichkeiten-der-theaterstuecke-kinder-spielen-theater\/2-kitas\/#primaryimage","url":"https:\/\/kinder-spielen-theater.de\/wp-content\/uploads\/2022\/11\/Kitas01_defaced.jpg","contentUrl":"https:\/\/kinder-spielen-theater.de\/wp-content\/uploads\/2022\/11\/Kitas01_defaced.jpg"},{"@type":"BreadcrumbList","@id":"https:\/\/kinder-spielen-theater.de\/kinder-spielen-theater\/beispiele-fuer-einsatzmoeglichkeiten-der-theaterstuecke-kinder-spielen-theater\/2-kitas\/#breadcrumb","itemListElement":[{"@type":"ListItem","position":1,"name":"Startseite","item":"https:\/\/kinder-spielen-theater.de\/"},{"@type":"ListItem","position":2,"name":"Kinder spielen Theater","item":"https:\/\/kinder-spielen-theater.de\/"},{"@type":"ListItem","position":3,"name":"Beispiele f\u00fcr Einsatzm\u00f6glichkeiten der Theaterst\u00fccke \u201eKinder spielen Theater\u201c","item":"https:\/\/kinder-spielen-theater.de\/kinder-spielen-theater\/beispiele-fuer-einsatzmoeglichkeiten-der-theaterstuecke-kinder-spielen-theater\/"},{"@type":"ListItem","position":4,"name":"2. Kitas"}]},{"@type":"WebSite","@id":"https:\/\/kinder-spielen-theater.de\/#website","url":"https:\/\/kinder-spielen-theater.de\/","name":"Kinder spielen Theater","description":"Theaterst\u00fccke f\u00fcr die Grundschule, Haupt- und Realschule, Gesamtschule und Gymnasium, Theaterst\u00fccke f\u00fcr Kinder","potentialAction":[{"@type":"SearchAction","target":{"@type":"EntryPoint","urlTemplate":"https:\/\/kinder-spielen-theater.de\/?s={search_term_string}"},"query-input":{"@type":"PropertyValueSpecification","valueRequired":true,"valueName":"search_term_string"}}],"inLanguage":"de"}]}},"_links":{"self":[{"href":"https:\/\/kinder-spielen-theater.de\/de_de\/wp-json\/wp\/v2\/pages\/536","targetHints":{"allow":["GET"]}}],"collection":[{"href":"https:\/\/kinder-spielen-theater.de\/de_de\/wp-json\/wp\/v2\/pages"}],"about":[{"href":"https:\/\/kinder-spielen-theater.de\/de_de\/wp-json\/wp\/v2\/types\/page"}],"author":[{"embeddable":true,"href":"https:\/\/kinder-spielen-theater.de\/de_de\/wp-json\/wp\/v2\/users\/1"}],"replies":[{"embeddable":true,"href":"https:\/\/kinder-spielen-theater.de\/de_de\/wp-json\/wp\/v2\/comments?post=536"}],"version-history":[{"count":4,"href":"https:\/\/kinder-spielen-theater.de\/de_de\/wp-json\/wp\/v2\/pages\/536\/revisions"}],"predecessor-version":[{"id":807,"href":"https:\/\/kinder-spielen-theater.de\/de_de\/wp-json\/wp\/v2\/pages\/536\/revisions\/807"}],"up":[{"embeddable":true,"href":"https:\/\/kinder-spielen-theater.de\/de_de\/wp-json\/wp\/v2\/pages\/518"}],"wp:attachment":[{"href":"https:\/\/kinder-spielen-theater.de\/de_de\/wp-json\/wp\/v2\/media?parent=536"}],"curies":[{"name":"wp","href":"https:\/\/api.w.org\/{rel}","templated":true}]}}