{"id":518,"date":"2022-02-15T11:24:15","date_gmt":"2022-02-15T11:24:15","guid":{"rendered":"https:\/\/kinder-spielen-theater.de\/?page_id=518"},"modified":"2022-02-17T08:37:59","modified_gmt":"2022-02-17T08:37:59","slug":"beispiele-fuer-einsatzmoeglichkeiten-der-theaterstuecke-kinder-spielen-theater","status":"publish","type":"page","link":"https:\/\/kinder-spielen-theater.de\/de_de\/kinder-spielen-theater\/beispiele-fuer-einsatzmoeglichkeiten-der-theaterstuecke-kinder-spielen-theater\/","title":{"rendered":"Beispiele f\u00fcr Einsatzm\u00f6glichkeiten der Theaterst\u00fccke \u201eKinder spielen Theater\u201c"},"content":{"rendered":"\n<ol class=\"has-medium-font-size wp-block-list\"><li><a href=\"https:\/\/kinder-spielen-theater.de\/kinder-spielen-theater\/beispiele-fuer-einsatzmoeglichkeiten-der-theaterstuecke-kinder-spielen-theater\/1-deutsche-schulen-im-ausland\/\">Deutsche Schulen im Ausland<\/a><br>Internationale Deutsche Schule in Paris<br><\/li><li><a href=\"https:\/\/kinder-spielen-theater.de\/kinder-spielen-theater\/beispiele-fuer-einsatzmoeglichkeiten-der-theaterstuecke-kinder-spielen-theater\/2-kitas\/\">Kitas<\/a><br>Ev. Kindergarten, Insel F\u00f6hr<br><\/li><li><a href=\"https:\/\/kinder-spielen-theater.de\/kinder-spielen-theater\/beispiele-fuer-einsatzmoeglichkeiten-der-theaterstuecke-kinder-spielen-theater\/3-ausbildung-von-lehramtsstudierenden\/\">Ausbildung von Lehramtsstudierenden<\/a><br>Universit\u00e4t Duisburg-Essen und Schulen in Essen<br><\/li><li><a href=\"https:\/\/kinder-spielen-theater.de\/kinder-spielen-theater\/beispiele-fuer-einsatzmoeglichkeiten-der-theaterstuecke-kinder-spielen-theater\/4-kooperationsprojekte\/\">Kooperationsprojekte<\/a><br>Schulen in Essen und Wlen (Polen) und Universit\u00e4t Duisburg-Essen<br><\/li><li><a href=\"https:\/\/kinder-spielen-theater.de\/kinder-spielen-theater\/beispiele-fuer-einsatzmoeglichkeiten-der-theaterstuecke-kinder-spielen-theater\/5-distanzunterricht\/\">Distanzunterricht<\/a><br>Leitherschule und Universit\u00e4t Duisburg-Essen<br><br><\/li><\/ol>\n","protected":false},"excerpt":{"rendered":"<p>Deutsche Schulen im AuslandInternationale Deutsche Schule in Paris KitasEv. Kindergarten, Insel F\u00f6hr Ausbildung von LehramtsstudierendenUniversit\u00e4t Duisburg-Essen und Schulen in Essen KooperationsprojekteSchulen in Essen und Wlen (Polen) und Universit\u00e4t Duisburg-Essen DistanzunterrichtLeitherschule und Universit\u00e4t Duisburg-Essen<\/p>\n","protected":false},"author":1,"featured_media":0,"parent":4,"menu_order":6,"comment_status":"closed","ping_status":"closed","template":"","meta":{"footnotes":""},"class_list":["post-518","page","type-page","status-publish","hentry"],"yoast_head":"<!-- This site is optimized with the Yoast SEO plugin v27.4 - https:\/\/yoast.com\/product\/yoast-seo-wordpress\/ -->\n<title>Beispiele f\u00fcr Einsatzm\u00f6glichkeiten der Theaterst\u00fccke \u201eKinder spielen Theater\u201c - Kinder spielen Theater<\/title>\n<meta name=\"robots\" content=\"index, follow, max-snippet:-1, max-image-preview:large, max-video-preview:-1\" \/>\n<link rel=\"canonical\" href=\"https:\/\/kinder-spielen-theater.de\/de_de\/kinder-spielen-theater\/beispiele-fuer-einsatzmoeglichkeiten-der-theaterstuecke-kinder-spielen-theater\/\" \/>\n<meta property=\"og:locale\" content=\"de_DE\" \/>\n<meta property=\"og:type\" content=\"article\" \/>\n<meta property=\"og:title\" content=\"Beispiele f\u00fcr Einsatzm\u00f6glichkeiten der Theaterst\u00fccke \u201eKinder spielen Theater\u201c - Kinder spielen Theater\" \/>\n<meta property=\"og:description\" content=\"Deutsche Schulen im AuslandInternationale Deutsche Schule in Paris KitasEv. Kindergarten, Insel F\u00f6hr Ausbildung von LehramtsstudierendenUniversit\u00e4t Duisburg-Essen und Schulen in Essen KooperationsprojekteSchulen in Essen und Wlen (Polen) und Universit\u00e4t Duisburg-Essen DistanzunterrichtLeitherschule und Universit\u00e4t Duisburg-Essen\" \/>\n<meta property=\"og:url\" content=\"https:\/\/kinder-spielen-theater.de\/de_de\/kinder-spielen-theater\/beispiele-fuer-einsatzmoeglichkeiten-der-theaterstuecke-kinder-spielen-theater\/\" \/>\n<meta property=\"og:site_name\" content=\"Kinder spielen Theater\" \/>\n<meta property=\"article:modified_time\" content=\"2022-02-17T08:37:59+00:00\" \/>\n<meta name=\"twitter:card\" content=\"summary_large_image\" \/>\n<meta name=\"twitter:label1\" content=\"Gesch\u00e4tzte Lesezeit\" \/>\n\t<meta name=\"twitter:data1\" content=\"1\u00a0Minute\" \/>\n<script type=\"application\/ld+json\" class=\"yoast-schema-graph\">{\"@context\":\"https:\\\/\\\/schema.org\",\"@graph\":[{\"@type\":\"WebPage\",\"@id\":\"https:\\\/\\\/kinder-spielen-theater.de\\\/kinder-spielen-theater\\\/beispiele-fuer-einsatzmoeglichkeiten-der-theaterstuecke-kinder-spielen-theater\\\/\",\"url\":\"https:\\\/\\\/kinder-spielen-theater.de\\\/kinder-spielen-theater\\\/beispiele-fuer-einsatzmoeglichkeiten-der-theaterstuecke-kinder-spielen-theater\\\/\",\"name\":\"Beispiele f\u00fcr Einsatzm\u00f6glichkeiten der Theaterst\u00fccke \u201eKinder spielen Theater\u201c - Kinder spielen Theater\",\"isPartOf\":{\"@id\":\"https:\\\/\\\/kinder-spielen-theater.de\\\/#website\"},\"datePublished\":\"2022-02-15T11:24:15+00:00\",\"dateModified\":\"2022-02-17T08:37:59+00:00\",\"breadcrumb\":{\"@id\":\"https:\\\/\\\/kinder-spielen-theater.de\\\/kinder-spielen-theater\\\/beispiele-fuer-einsatzmoeglichkeiten-der-theaterstuecke-kinder-spielen-theater\\\/#breadcrumb\"},\"inLanguage\":\"de\",\"potentialAction\":[{\"@type\":\"ReadAction\",\"target\":[\"https:\\\/\\\/kinder-spielen-theater.de\\\/kinder-spielen-theater\\\/beispiele-fuer-einsatzmoeglichkeiten-der-theaterstuecke-kinder-spielen-theater\\\/\"]}]},{\"@type\":\"BreadcrumbList\",\"@id\":\"https:\\\/\\\/kinder-spielen-theater.de\\\/kinder-spielen-theater\\\/beispiele-fuer-einsatzmoeglichkeiten-der-theaterstuecke-kinder-spielen-theater\\\/#breadcrumb\",\"itemListElement\":[{\"@type\":\"ListItem\",\"position\":1,\"name\":\"Startseite\",\"item\":\"https:\\\/\\\/kinder-spielen-theater.de\\\/\"},{\"@type\":\"ListItem\",\"position\":2,\"name\":\"Kinder spielen Theater\",\"item\":\"https:\\\/\\\/kinder-spielen-theater.de\\\/\"},{\"@type\":\"ListItem\",\"position\":3,\"name\":\"Beispiele f\u00fcr Einsatzm\u00f6glichkeiten der Theaterst\u00fccke \u201eKinder spielen Theater\u201c\"}]},{\"@type\":\"WebSite\",\"@id\":\"https:\\\/\\\/kinder-spielen-theater.de\\\/#website\",\"url\":\"https:\\\/\\\/kinder-spielen-theater.de\\\/\",\"name\":\"Kinder spielen Theater\",\"description\":\"Theaterst\u00fccke f\u00fcr die Grundschule, Haupt- und Realschule, Gesamtschule und Gymnasium, Theaterst\u00fccke f\u00fcr Kinder\",\"potentialAction\":[{\"@type\":\"SearchAction\",\"target\":{\"@type\":\"EntryPoint\",\"urlTemplate\":\"https:\\\/\\\/kinder-spielen-theater.de\\\/?s={search_term_string}\"},\"query-input\":{\"@type\":\"PropertyValueSpecification\",\"valueRequired\":true,\"valueName\":\"search_term_string\"}}],\"inLanguage\":\"de\"}]}<\/script>\n<!-- \/ Yoast SEO plugin. -->","yoast_head_json":{"title":"Beispiele f\u00fcr Einsatzm\u00f6glichkeiten der Theaterst\u00fccke \u201eKinder spielen Theater\u201c - Kinder spielen Theater","robots":{"index":"index","follow":"follow","max-snippet":"max-snippet:-1","max-image-preview":"max-image-preview:large","max-video-preview":"max-video-preview:-1"},"canonical":"https:\/\/kinder-spielen-theater.de\/de_de\/kinder-spielen-theater\/beispiele-fuer-einsatzmoeglichkeiten-der-theaterstuecke-kinder-spielen-theater\/","og_locale":"de_DE","og_type":"article","og_title":"Beispiele f\u00fcr Einsatzm\u00f6glichkeiten der Theaterst\u00fccke \u201eKinder spielen Theater\u201c - Kinder spielen Theater","og_description":"Deutsche Schulen im AuslandInternationale Deutsche Schule in Paris KitasEv. Kindergarten, Insel F\u00f6hr Ausbildung von LehramtsstudierendenUniversit\u00e4t Duisburg-Essen und Schulen in Essen KooperationsprojekteSchulen in Essen und Wlen (Polen) und Universit\u00e4t Duisburg-Essen DistanzunterrichtLeitherschule und Universit\u00e4t Duisburg-Essen","og_url":"https:\/\/kinder-spielen-theater.de\/de_de\/kinder-spielen-theater\/beispiele-fuer-einsatzmoeglichkeiten-der-theaterstuecke-kinder-spielen-theater\/","og_site_name":"Kinder spielen Theater","article_modified_time":"2022-02-17T08:37:59+00:00","twitter_card":"summary_large_image","twitter_misc":{"Gesch\u00e4tzte Lesezeit":"1\u00a0Minute"},"schema":{"@context":"https:\/\/schema.org","@graph":[{"@type":"WebPage","@id":"https:\/\/kinder-spielen-theater.de\/kinder-spielen-theater\/beispiele-fuer-einsatzmoeglichkeiten-der-theaterstuecke-kinder-spielen-theater\/","url":"https:\/\/kinder-spielen-theater.de\/kinder-spielen-theater\/beispiele-fuer-einsatzmoeglichkeiten-der-theaterstuecke-kinder-spielen-theater\/","name":"Beispiele f\u00fcr Einsatzm\u00f6glichkeiten der Theaterst\u00fccke \u201eKinder spielen Theater\u201c - Kinder spielen Theater","isPartOf":{"@id":"https:\/\/kinder-spielen-theater.de\/#website"},"datePublished":"2022-02-15T11:24:15+00:00","dateModified":"2022-02-17T08:37:59+00:00","breadcrumb":{"@id":"https:\/\/kinder-spielen-theater.de\/kinder-spielen-theater\/beispiele-fuer-einsatzmoeglichkeiten-der-theaterstuecke-kinder-spielen-theater\/#breadcrumb"},"inLanguage":"de","potentialAction":[{"@type":"ReadAction","target":["https:\/\/kinder-spielen-theater.de\/kinder-spielen-theater\/beispiele-fuer-einsatzmoeglichkeiten-der-theaterstuecke-kinder-spielen-theater\/"]}]},{"@type":"BreadcrumbList","@id":"https:\/\/kinder-spielen-theater.de\/kinder-spielen-theater\/beispiele-fuer-einsatzmoeglichkeiten-der-theaterstuecke-kinder-spielen-theater\/#breadcrumb","itemListElement":[{"@type":"ListItem","position":1,"name":"Startseite","item":"https:\/\/kinder-spielen-theater.de\/"},{"@type":"ListItem","position":2,"name":"Kinder spielen Theater","item":"https:\/\/kinder-spielen-theater.de\/"},{"@type":"ListItem","position":3,"name":"Beispiele f\u00fcr Einsatzm\u00f6glichkeiten der Theaterst\u00fccke \u201eKinder spielen Theater\u201c"}]},{"@type":"WebSite","@id":"https:\/\/kinder-spielen-theater.de\/#website","url":"https:\/\/kinder-spielen-theater.de\/","name":"Kinder spielen Theater","description":"Theaterst\u00fccke f\u00fcr die Grundschule, Haupt- und Realschule, Gesamtschule und Gymnasium, Theaterst\u00fccke f\u00fcr Kinder","potentialAction":[{"@type":"SearchAction","target":{"@type":"EntryPoint","urlTemplate":"https:\/\/kinder-spielen-theater.de\/?s={search_term_string}"},"query-input":{"@type":"PropertyValueSpecification","valueRequired":true,"valueName":"search_term_string"}}],"inLanguage":"de"}]}},"_links":{"self":[{"href":"https:\/\/kinder-spielen-theater.de\/de_de\/wp-json\/wp\/v2\/pages\/518","targetHints":{"allow":["GET"]}}],"collection":[{"href":"https:\/\/kinder-spielen-theater.de\/de_de\/wp-json\/wp\/v2\/pages"}],"about":[{"href":"https:\/\/kinder-spielen-theater.de\/de_de\/wp-json\/wp\/v2\/types\/page"}],"author":[{"embeddable":true,"href":"https:\/\/kinder-spielen-theater.de\/de_de\/wp-json\/wp\/v2\/users\/1"}],"replies":[{"embeddable":true,"href":"https:\/\/kinder-spielen-theater.de\/de_de\/wp-json\/wp\/v2\/comments?post=518"}],"version-history":[{"count":7,"href":"https:\/\/kinder-spielen-theater.de\/de_de\/wp-json\/wp\/v2\/pages\/518\/revisions"}],"predecessor-version":[{"id":576,"href":"https:\/\/kinder-spielen-theater.de\/de_de\/wp-json\/wp\/v2\/pages\/518\/revisions\/576"}],"up":[{"embeddable":true,"href":"https:\/\/kinder-spielen-theater.de\/de_de\/wp-json\/wp\/v2\/pages\/4"}],"wp:attachment":[{"href":"https:\/\/kinder-spielen-theater.de\/de_de\/wp-json\/wp\/v2\/media?parent=518"}],"curies":[{"name":"wp","href":"https:\/\/api.w.org\/{rel}","templated":true}]}}