{"id":497,"date":"2021-11-18T08:42:22","date_gmt":"2021-11-18T08:42:22","guid":{"rendered":"https:\/\/kinder-spielen-theater.de\/?page_id=497"},"modified":"2021-11-18T08:43:49","modified_gmt":"2021-11-18T08:43:49","slug":"kontakt","status":"publish","type":"page","link":"https:\/\/kinder-spielen-theater.de\/de_de\/kontakt\/","title":{"rendered":"Kontakt"},"content":{"rendered":"<div class=\"wpforms-container wpforms-container-full wpforms-block\" id=\"wpforms-496\"><form id=\"wpforms-form-496\" class=\"wpforms-validate wpforms-form wpforms-ajax-form\" data-formid=\"496\" method=\"post\" enctype=\"multipart\/form-data\" action=\"\/de_de\/wp-json\/wp\/v2\/pages\/497\" data-token=\"9e11abd78c3ce137416515af3071a17f\" data-token-time=\"1775405093\"><div class=\"wpforms-head-container\"><div class=\"wpforms-title\">Nachricht an &quot;Kinder spielen Theater&quot;<\/div><\/div><noscript class=\"wpforms-error-noscript\">Bitte aktiviere JavaScript in deinem Browser, um dieses Formular fertigzustellen.<\/noscript><div class=\"wpforms-field-container\"><div id=\"wpforms-496-field_0-container\" class=\"wpforms-field wpforms-field-name\" data-field-id=\"0\"><label class=\"wpforms-field-label\">Name <span class=\"wpforms-required-label\">*<\/span><\/label><div class=\"wpforms-field-row wpforms-field-medium\"><div class=\"wpforms-field-row-block wpforms-first wpforms-one-half\"><input type=\"text\" id=\"wpforms-496-field_0\" class=\"wpforms-field-name-first wpforms-field-required\" name=\"wpforms[fields][0][first]\" required><label for=\"wpforms-496-field_0\" class=\"wpforms-field-sublabel after\">Vorname<\/label><\/div><div class=\"wpforms-field-row-block wpforms-one-half\"><input type=\"text\" id=\"wpforms-496-field_0-last\" class=\"wpforms-field-name-last wpforms-field-required\" name=\"wpforms[fields][0][last]\" required><label for=\"wpforms-496-field_0-last\" class=\"wpforms-field-sublabel after\">Nachname<\/label><\/div><\/div><\/div><div id=\"wpforms-496-field_1-container\" class=\"wpforms-field wpforms-field-email\" data-field-id=\"1\"><label class=\"wpforms-field-label\" for=\"wpforms-496-field_1\">Email <span class=\"wpforms-required-label\">*<\/span><\/label><input type=\"email\" id=\"wpforms-496-field_1\" class=\"wpforms-field-medium wpforms-field-required\" name=\"wpforms[fields][1]\" spellcheck=\"false\" required><\/div><div id=\"wpforms-496-field_5-container\" class=\"wpforms-field wpforms-field-checkbox\" data-field-id=\"5\"><label class=\"wpforms-field-label\">Grund Ihrer Nachricht\/Anmerkung\/Frage<\/label><ul id=\"wpforms-496-field_5\"><li class=\"choice-1 depth-1\"><input type=\"checkbox\" id=\"wpforms-496-field_5_1\" name=\"wpforms[fields][5][]\" value=\"Theaterst\u00fccke\"  ><label class=\"wpforms-field-label-inline\" for=\"wpforms-496-field_5_1\">Theaterst\u00fccke<\/label><\/li><li class=\"choice-2 depth-1\"><input type=\"checkbox\" id=\"wpforms-496-field_5_2\" name=\"wpforms[fields][5][]\" value=\"Download\"  ><label class=\"wpforms-field-label-inline\" for=\"wpforms-496-field_5_2\">Download<\/label><\/li><li class=\"choice-3 depth-1\"><input type=\"checkbox\" id=\"wpforms-496-field_5_3\" name=\"wpforms[fields][5][]\" value=\"Zahlungen\"  ><label class=\"wpforms-field-label-inline\" for=\"wpforms-496-field_5_3\">Zahlungen<\/label><\/li><li class=\"choice-4 depth-1\"><input type=\"checkbox\" id=\"wpforms-496-field_5_4\" name=\"wpforms[fields][5][]\" value=\"Sonstiges\"  ><label class=\"wpforms-field-label-inline\" for=\"wpforms-496-field_5_4\">Sonstiges<\/label><\/li><\/ul><div class=\"wpforms-field-description\">Sie k\u00f6nnen hier angeben, zu welchem Themenbereich Sie uns schreiben m\u00f6chten.<\/div><\/div><div id=\"wpforms-496-field_2-container\" class=\"wpforms-field wpforms-field-textarea\" data-field-id=\"2\"><label class=\"wpforms-field-label\" for=\"wpforms-496-field_2\">Nachricht <span class=\"wpforms-required-label\">*<\/span><\/label><textarea id=\"wpforms-496-field_2\" class=\"wpforms-field-medium wpforms-field-required\" name=\"wpforms[fields][2]\" required><\/textarea><div class=\"wpforms-field-description\">Geben Sie bitte hier Ihre Nachricht an den Verlag &#8222;Kinder spielen Theater&#8220; ein.<\/div><\/div><\/div><!-- .wpforms-field-container --><div class=\"wpforms-recaptcha-container wpforms-is-hcaptcha\" ><div class=\"h-captcha\" data-sitekey=\"2b047f12-3c37-48b0-804d-abb16edb3bbd\"><\/div><input type=\"text\" name=\"g-recaptcha-hidden\" class=\"wpforms-recaptcha-hidden\" style=\"position:absolute!important;clip:rect(0,0,0,0)!important;height:1px!important;width:1px!important;border:0!important;overflow:hidden!important;padding:0!important;margin:0!important;\" data-rule-hcaptcha=\"1\"><\/div><div class=\"wpforms-submit-container\" ><input type=\"hidden\" name=\"wpforms[id]\" value=\"496\"><input type=\"hidden\" name=\"page_title\" value=\"\"><input type=\"hidden\" name=\"page_url\" value=\"https:\/\/kinder-spielen-theater.de\/de_de\/wp-json\/wp\/v2\/pages\/497\"><input type=\"hidden\" name=\"url_referer\" value=\"\"><button type=\"submit\" name=\"wpforms[submit]\" id=\"wpforms-submit-496\" class=\"wpforms-submit\" data-alt-text=\"Sending...\" data-submit-text=\"Senden\" aria-live=\"assertive\" value=\"wpforms-submit\">Senden<\/button><img loading=\"lazy\" decoding=\"async\" src=\"https:\/\/kinder-spielen-theater.de\/wp-content\/plugins\/wpforms-lite\/assets\/images\/submit-spin.svg\" class=\"wpforms-submit-spinner\" style=\"display: none;\" width=\"26\" height=\"26\" alt=\"Wird geladen\"><\/div><\/form><\/div>  <!-- .wpforms-container -->","protected":false},"excerpt":{"rendered":"","protected":false},"author":1,"featured_media":0,"parent":0,"menu_order":5,"comment_status":"closed","ping_status":"closed","template":"","meta":{"footnotes":""},"class_list":["post-497","page","type-page","status-publish","hentry"],"yoast_head":"<!-- This site is optimized with the Yoast SEO plugin v27.3 - https:\/\/yoast.com\/product\/yoast-seo-wordpress\/ -->\n<title>Kontakt - Kinder spielen Theater<\/title>\n<meta name=\"robots\" content=\"index, follow, max-snippet:-1, max-image-preview:large, max-video-preview:-1\" \/>\n<link rel=\"canonical\" href=\"https:\/\/kinder-spielen-theater.de\/de_de\/kontakt\/\" \/>\n<meta property=\"og:locale\" content=\"de_DE\" \/>\n<meta property=\"og:type\" content=\"article\" \/>\n<meta property=\"og:title\" content=\"Kontakt - Kinder spielen Theater\" \/>\n<meta property=\"og:url\" content=\"https:\/\/kinder-spielen-theater.de\/de_de\/kontakt\/\" \/>\n<meta property=\"og:site_name\" content=\"Kinder spielen Theater\" \/>\n<meta property=\"article:modified_time\" content=\"2021-11-18T08:43:49+00:00\" \/>\n<meta name=\"twitter:card\" content=\"summary_large_image\" \/>\n<script type=\"application\/ld+json\" class=\"yoast-schema-graph\">{\"@context\":\"https:\\\/\\\/schema.org\",\"@graph\":[{\"@type\":\"WebPage\",\"@id\":\"https:\\\/\\\/kinder-spielen-theater.de\\\/kontakt\\\/\",\"url\":\"https:\\\/\\\/kinder-spielen-theater.de\\\/kontakt\\\/\",\"name\":\"Kontakt - Kinder spielen Theater\",\"isPartOf\":{\"@id\":\"https:\\\/\\\/kinder-spielen-theater.de\\\/#website\"},\"datePublished\":\"2021-11-18T08:42:22+00:00\",\"dateModified\":\"2021-11-18T08:43:49+00:00\",\"breadcrumb\":{\"@id\":\"https:\\\/\\\/kinder-spielen-theater.de\\\/kontakt\\\/#breadcrumb\"},\"inLanguage\":\"de\",\"potentialAction\":[{\"@type\":\"ReadAction\",\"target\":[\"https:\\\/\\\/kinder-spielen-theater.de\\\/kontakt\\\/\"]}]},{\"@type\":\"BreadcrumbList\",\"@id\":\"https:\\\/\\\/kinder-spielen-theater.de\\\/kontakt\\\/#breadcrumb\",\"itemListElement\":[{\"@type\":\"ListItem\",\"position\":1,\"name\":\"Startseite\",\"item\":\"https:\\\/\\\/kinder-spielen-theater.de\\\/\"},{\"@type\":\"ListItem\",\"position\":2,\"name\":\"Kontakt\"}]},{\"@type\":\"WebSite\",\"@id\":\"https:\\\/\\\/kinder-spielen-theater.de\\\/#website\",\"url\":\"https:\\\/\\\/kinder-spielen-theater.de\\\/\",\"name\":\"Kinder spielen Theater\",\"description\":\"Theaterst\u00fccke f\u00fcr die Grundschule, Haupt- und Realschule, Gesamtschule und Gymnasium, Theaterst\u00fccke f\u00fcr Kinder\",\"potentialAction\":[{\"@type\":\"SearchAction\",\"target\":{\"@type\":\"EntryPoint\",\"urlTemplate\":\"https:\\\/\\\/kinder-spielen-theater.de\\\/?s={search_term_string}\"},\"query-input\":{\"@type\":\"PropertyValueSpecification\",\"valueRequired\":true,\"valueName\":\"search_term_string\"}}],\"inLanguage\":\"de\"}]}<\/script>\n<!-- \/ Yoast SEO plugin. -->","yoast_head_json":{"title":"Kontakt - Kinder spielen Theater","robots":{"index":"index","follow":"follow","max-snippet":"max-snippet:-1","max-image-preview":"max-image-preview:large","max-video-preview":"max-video-preview:-1"},"canonical":"https:\/\/kinder-spielen-theater.de\/de_de\/kontakt\/","og_locale":"de_DE","og_type":"article","og_title":"Kontakt - Kinder spielen Theater","og_url":"https:\/\/kinder-spielen-theater.de\/de_de\/kontakt\/","og_site_name":"Kinder spielen Theater","article_modified_time":"2021-11-18T08:43:49+00:00","twitter_card":"summary_large_image","schema":{"@context":"https:\/\/schema.org","@graph":[{"@type":"WebPage","@id":"https:\/\/kinder-spielen-theater.de\/kontakt\/","url":"https:\/\/kinder-spielen-theater.de\/kontakt\/","name":"Kontakt - Kinder spielen Theater","isPartOf":{"@id":"https:\/\/kinder-spielen-theater.de\/#website"},"datePublished":"2021-11-18T08:42:22+00:00","dateModified":"2021-11-18T08:43:49+00:00","breadcrumb":{"@id":"https:\/\/kinder-spielen-theater.de\/kontakt\/#breadcrumb"},"inLanguage":"de","potentialAction":[{"@type":"ReadAction","target":["https:\/\/kinder-spielen-theater.de\/kontakt\/"]}]},{"@type":"BreadcrumbList","@id":"https:\/\/kinder-spielen-theater.de\/kontakt\/#breadcrumb","itemListElement":[{"@type":"ListItem","position":1,"name":"Startseite","item":"https:\/\/kinder-spielen-theater.de\/"},{"@type":"ListItem","position":2,"name":"Kontakt"}]},{"@type":"WebSite","@id":"https:\/\/kinder-spielen-theater.de\/#website","url":"https:\/\/kinder-spielen-theater.de\/","name":"Kinder spielen Theater","description":"Theaterst\u00fccke f\u00fcr die Grundschule, Haupt- und Realschule, Gesamtschule und Gymnasium, Theaterst\u00fccke f\u00fcr Kinder","potentialAction":[{"@type":"SearchAction","target":{"@type":"EntryPoint","urlTemplate":"https:\/\/kinder-spielen-theater.de\/?s={search_term_string}"},"query-input":{"@type":"PropertyValueSpecification","valueRequired":true,"valueName":"search_term_string"}}],"inLanguage":"de"}]}},"_links":{"self":[{"href":"https:\/\/kinder-spielen-theater.de\/de_de\/wp-json\/wp\/v2\/pages\/497","targetHints":{"allow":["GET"]}}],"collection":[{"href":"https:\/\/kinder-spielen-theater.de\/de_de\/wp-json\/wp\/v2\/pages"}],"about":[{"href":"https:\/\/kinder-spielen-theater.de\/de_de\/wp-json\/wp\/v2\/types\/page"}],"author":[{"embeddable":true,"href":"https:\/\/kinder-spielen-theater.de\/de_de\/wp-json\/wp\/v2\/users\/1"}],"replies":[{"embeddable":true,"href":"https:\/\/kinder-spielen-theater.de\/de_de\/wp-json\/wp\/v2\/comments?post=497"}],"version-history":[{"count":1,"href":"https:\/\/kinder-spielen-theater.de\/de_de\/wp-json\/wp\/v2\/pages\/497\/revisions"}],"predecessor-version":[{"id":498,"href":"https:\/\/kinder-spielen-theater.de\/de_de\/wp-json\/wp\/v2\/pages\/497\/revisions\/498"}],"wp:attachment":[{"href":"https:\/\/kinder-spielen-theater.de\/de_de\/wp-json\/wp\/v2\/media?parent=497"}],"curies":[{"name":"wp","href":"https:\/\/api.w.org\/{rel}","templated":true}]}}