{"id":215,"date":"2021-06-01T20:08:41","date_gmt":"2021-06-01T20:08:41","guid":{"rendered":"https:\/\/kinder-spielen-theater.de\/?page_id=215"},"modified":"2022-11-11T13:49:17","modified_gmt":"2022-11-11T13:49:17","slug":"geschichten-vom-kleinen-igel-und-der-kleinen-igelin","status":"publish","type":"page","link":"https:\/\/kinder-spielen-theater.de\/de_de\/kinder-spielen-theater\/geschichten-vom-kleinen-igel-und-der-kleinen-igelin\/","title":{"rendered":"Hinweise zu den Geschichten vom kleinen Igel und der kleinen Igelin"},"content":{"rendered":"\n<figure class=\"wp-block-image size-large\"><img loading=\"lazy\" decoding=\"async\" width=\"1024\" height=\"220\" src=\"https:\/\/kinder-spielen-theater.de\/wp-content\/uploads\/2022\/11\/igel_3Bilder_oben_defaced1-1024x220.jpg\" alt=\"\" class=\"wp-image-792\" srcset=\"https:\/\/kinder-spielen-theater.de\/wp-content\/uploads\/2022\/11\/igel_3Bilder_oben_defaced1-1024x220.jpg 1024w, https:\/\/kinder-spielen-theater.de\/wp-content\/uploads\/2022\/11\/igel_3Bilder_oben_defaced1-300x64.jpg 300w, https:\/\/kinder-spielen-theater.de\/wp-content\/uploads\/2022\/11\/igel_3Bilder_oben_defaced1-768x165.jpg 768w, https:\/\/kinder-spielen-theater.de\/wp-content\/uploads\/2022\/11\/igel_3Bilder_oben_defaced1-18x4.jpg 18w, https:\/\/kinder-spielen-theater.de\/wp-content\/uploads\/2022\/11\/igel_3Bilder_oben_defaced1-840x180.jpg 840w, https:\/\/kinder-spielen-theater.de\/wp-content\/uploads\/2022\/11\/igel_3Bilder_oben_defaced1-600x129.jpg 600w, https:\/\/kinder-spielen-theater.de\/wp-content\/uploads\/2022\/11\/igel_3Bilder_oben_defaced1.jpg 1508w\" sizes=\"auto, (max-width: 1024px) 100vw, 1024px\" \/><\/figure>\n\n\n\n<p>Die Theaterst\u00fccke \u201eGeschichten vom kleinen Igel und der kleinen Igelin\u201c sind mit ihrer Thematik, Form und Sprache an Kinder der Altersgruppe von 5 bis 10 Jahren angepasst.<br>So werden z. B. in den St\u00fccken die schon f\u00fcr Kinder dieser Altersgruppe bedeutsamen Themen \u201eFreundschaft\u201c, \u201eDas Wahrwerden von Tr\u00e4umen\u201c, \u201eHilfsbereitschaft\u201c, aber auch schon die Themen \u201eBewahrung der Sch\u00f6pfung\u201c und \u201eIntegration\u201c angesprochen.<br>Auch Form und Sprache der St\u00fccke kommen Kindern dieser Altersgruppe entgegen: die St\u00fccke bestehen aus einer Aneinanderreihung vieler einzelner kurzer Szenen, die immer nach dem gleichen Muster, auch gleichen Dialogen, ablaufen.&nbsp;<br>Diese Wiederholungen erleichtern den Kindern, insbesondere den Kindern mit geringen Deutschkenntnissen, nicht nur das Verst\u00e4ndnis, sondern auch das Ein\u00fcben der St\u00fccke.<br>Die Erfahrungen im Rahmen der Erprobungen der St\u00fccke haben nun immer wieder gezeigt, dass diese St\u00fccke insbesondere auch bei Kindern mit sehr geringen Deutschkenntnissen erfolgreich zur Verbesserung ihrer Sprachkompetenz eingesetzt werden konnten: ihre Mitarbeit in der Ein\u00fcbungsphase bewirkte deutlich erkennbar eine starke Motivation zum Deutsch-Sprechen, war aber auch danach im \u201enormalen Unterricht\u201c deutlich an ihrem weiterhin bestehenden gro\u00dfen Interesse sich in deutscher Sprache auszudr\u00fccken zu beobachten.<\/p>\n\n\n\n<p>&nbsp;<em>\u201eIch denke an ein Kind, was auf der B\u00fchne in dieser Zwerg- und Riesengruppe agiert hat. Ein Sch\u00fcler, der erst im Laufe des Schuljahres zu unserer Schule gekommen ist. Bei dem ist das frappierend, wie sich seine Artikulationsf\u00e4higkeit in der deutschen Sprache im Laufe des Projektes entwickelt hat. Ich wei\u00df, in den ersten Proben kriegte er einen oder zwei S\u00e4tze, die er zu sprechen hatte, fast nicht \u00fcber die Lippen. Trotz der Nervosit\u00e4t, mit Mikrophon in der Hand und dem Licht, hat er das in der Generalprobe und in der Auff\u00fchrung auf jeden Fall geschafft, das, was er auswendig gelernt hatte, einigerma\u00dfen artikuliert her\u00fcber zu bringen. Das ist bei diesen Kindern mit Migrationshintergrund extrem. Es ist eine Steigerung der F\u00e4higkeiten, die deutsche Sprache anzuwenden,<\/em> <em>indem man auswendig Gelerntes abruft, um 100% erh\u00f6ht.\u201c<\/em><br>(Auszug aus der leitfadengest\u00fctzten Befragung eines Lehrers im Projekt:<br>Ein Projekt zur F\u00f6rderung der Sprachkompetenz von Grund- und F\u00f6rdersch\u00fclern, insbesondere von Kindern mit Migrationshintergrund (2006-2007, S. 18)<br>Ein Kooperationsprojekt zwischen der Stadt Essen, Essener Schulen und der Universit\u00e4t Duisburg-Essen) Speziell f\u00fcr diese Altersgruppe verfasste Theaterst\u00fccke k\u00f6nnen also Kinder ohne Deutschkenntnisse beim Theaterspielen in einem ersten Schritt zum Deutsch-Lernen dazu motivieren, einen kurzen Text (einen oder zwei S\u00e4tze) in deutscher Sprache vor Publikum verst\u00e4ndlich artikuliert auswendig vorzutragen, um sich dann auch im Unterricht weitere Schritte auf dem Weg zum \u201esich in deutscher Sprache auszudr\u00fccken\u201c zuzutrauen.<br>Dieses Potential kann auch bei Auff\u00fchrungen der Theaterst\u00fccke durch Kinder mit Stabfiguren im Distanz-Unterricht genutzt werden.<br><\/p>\n","protected":false},"excerpt":{"rendered":"<p>Die Theaterst\u00fccke \u201eGeschichten vom kleinen Igel und der kleinen Igelin\u201c sind mit ihrer Thematik, Form und Sprache an Kinder der Altersgruppe von 5 bis 10 Jahren angepasst.So werden z. B. in den St\u00fccken die schon f\u00fcr Kinder dieser Altersgruppe bedeutsamen Themen \u201eFreundschaft\u201c, \u201eDas Wahrwerden von Tr\u00e4umen\u201c, \u201eHilfsbereitschaft\u201c, aber auch schon die Themen \u201eBewahrung der Sch\u00f6pfung\u201c [&hellip;]<\/p>\n","protected":false},"author":1,"featured_media":0,"parent":4,"menu_order":2,"comment_status":"closed","ping_status":"closed","template":"","meta":{"footnotes":""},"class_list":["post-215","page","type-page","status-publish","hentry"],"yoast_head":"<!-- This site is optimized with the Yoast SEO plugin v27.3 - https:\/\/yoast.com\/product\/yoast-seo-wordpress\/ -->\n<title>Hinweise zu den Geschichten vom kleinen Igel und der kleinen Igelin - Kinder spielen Theater<\/title>\n<meta name=\"robots\" content=\"index, follow, max-snippet:-1, max-image-preview:large, max-video-preview:-1\" \/>\n<link rel=\"canonical\" href=\"https:\/\/kinder-spielen-theater.de\/de_de\/kinder-spielen-theater\/geschichten-vom-kleinen-igel-und-der-kleinen-igelin\/\" \/>\n<meta property=\"og:locale\" content=\"de_DE\" \/>\n<meta property=\"og:type\" content=\"article\" \/>\n<meta property=\"og:title\" content=\"Hinweise zu den Geschichten vom kleinen Igel und der kleinen Igelin - Kinder spielen Theater\" \/>\n<meta property=\"og:description\" content=\"Die Theaterst\u00fccke \u201eGeschichten vom kleinen Igel und der kleinen Igelin\u201c sind mit ihrer Thematik, Form und Sprache an Kinder der Altersgruppe von 5 bis 10 Jahren angepasst.So werden z. B. in den St\u00fccken die schon f\u00fcr Kinder dieser Altersgruppe bedeutsamen Themen \u201eFreundschaft\u201c, \u201eDas Wahrwerden von Tr\u00e4umen\u201c, \u201eHilfsbereitschaft\u201c, aber auch schon die Themen \u201eBewahrung der Sch\u00f6pfung\u201c [&hellip;]\" \/>\n<meta property=\"og:url\" content=\"https:\/\/kinder-spielen-theater.de\/de_de\/kinder-spielen-theater\/geschichten-vom-kleinen-igel-und-der-kleinen-igelin\/\" \/>\n<meta property=\"og:site_name\" content=\"Kinder spielen Theater\" \/>\n<meta property=\"article:modified_time\" content=\"2022-11-11T13:49:17+00:00\" \/>\n<meta property=\"og:image\" content=\"https:\/\/kinder-spielen-theater.de\/wp-content\/uploads\/2022\/11\/igel_3Bilder_oben_defaced1-1024x220.jpg\" \/>\n<meta name=\"twitter:card\" content=\"summary_large_image\" \/>\n<meta name=\"twitter:label1\" content=\"Gesch\u00e4tzte Lesezeit\" \/>\n\t<meta name=\"twitter:data1\" content=\"3\u00a0Minuten\" \/>\n<script type=\"application\/ld+json\" class=\"yoast-schema-graph\">{\"@context\":\"https:\\\/\\\/schema.org\",\"@graph\":[{\"@type\":\"WebPage\",\"@id\":\"https:\\\/\\\/kinder-spielen-theater.de\\\/kinder-spielen-theater\\\/geschichten-vom-kleinen-igel-und-der-kleinen-igelin\\\/\",\"url\":\"https:\\\/\\\/kinder-spielen-theater.de\\\/kinder-spielen-theater\\\/geschichten-vom-kleinen-igel-und-der-kleinen-igelin\\\/\",\"name\":\"Hinweise zu den Geschichten vom kleinen Igel und der kleinen Igelin - Kinder spielen Theater\",\"isPartOf\":{\"@id\":\"https:\\\/\\\/kinder-spielen-theater.de\\\/#website\"},\"primaryImageOfPage\":{\"@id\":\"https:\\\/\\\/kinder-spielen-theater.de\\\/kinder-spielen-theater\\\/geschichten-vom-kleinen-igel-und-der-kleinen-igelin\\\/#primaryimage\"},\"image\":{\"@id\":\"https:\\\/\\\/kinder-spielen-theater.de\\\/kinder-spielen-theater\\\/geschichten-vom-kleinen-igel-und-der-kleinen-igelin\\\/#primaryimage\"},\"thumbnailUrl\":\"https:\\\/\\\/kinder-spielen-theater.de\\\/wp-content\\\/uploads\\\/2022\\\/11\\\/igel_3Bilder_oben_defaced1-1024x220.jpg\",\"datePublished\":\"2021-06-01T20:08:41+00:00\",\"dateModified\":\"2022-11-11T13:49:17+00:00\",\"breadcrumb\":{\"@id\":\"https:\\\/\\\/kinder-spielen-theater.de\\\/kinder-spielen-theater\\\/geschichten-vom-kleinen-igel-und-der-kleinen-igelin\\\/#breadcrumb\"},\"inLanguage\":\"de\",\"potentialAction\":[{\"@type\":\"ReadAction\",\"target\":[\"https:\\\/\\\/kinder-spielen-theater.de\\\/kinder-spielen-theater\\\/geschichten-vom-kleinen-igel-und-der-kleinen-igelin\\\/\"]}]},{\"@type\":\"ImageObject\",\"inLanguage\":\"de\",\"@id\":\"https:\\\/\\\/kinder-spielen-theater.de\\\/kinder-spielen-theater\\\/geschichten-vom-kleinen-igel-und-der-kleinen-igelin\\\/#primaryimage\",\"url\":\"https:\\\/\\\/kinder-spielen-theater.de\\\/wp-content\\\/uploads\\\/2022\\\/11\\\/igel_3Bilder_oben_defaced1-1024x220.jpg\",\"contentUrl\":\"https:\\\/\\\/kinder-spielen-theater.de\\\/wp-content\\\/uploads\\\/2022\\\/11\\\/igel_3Bilder_oben_defaced1-1024x220.jpg\"},{\"@type\":\"BreadcrumbList\",\"@id\":\"https:\\\/\\\/kinder-spielen-theater.de\\\/kinder-spielen-theater\\\/geschichten-vom-kleinen-igel-und-der-kleinen-igelin\\\/#breadcrumb\",\"itemListElement\":[{\"@type\":\"ListItem\",\"position\":1,\"name\":\"Startseite\",\"item\":\"https:\\\/\\\/kinder-spielen-theater.de\\\/\"},{\"@type\":\"ListItem\",\"position\":2,\"name\":\"Kinder spielen Theater\",\"item\":\"https:\\\/\\\/kinder-spielen-theater.de\\\/\"},{\"@type\":\"ListItem\",\"position\":3,\"name\":\"Hinweise zu den Geschichten vom kleinen Igel und der kleinen Igelin\"}]},{\"@type\":\"WebSite\",\"@id\":\"https:\\\/\\\/kinder-spielen-theater.de\\\/#website\",\"url\":\"https:\\\/\\\/kinder-spielen-theater.de\\\/\",\"name\":\"Kinder spielen Theater\",\"description\":\"Theaterst\u00fccke f\u00fcr die Grundschule, Haupt- und Realschule, Gesamtschule und Gymnasium, Theaterst\u00fccke f\u00fcr Kinder\",\"potentialAction\":[{\"@type\":\"SearchAction\",\"target\":{\"@type\":\"EntryPoint\",\"urlTemplate\":\"https:\\\/\\\/kinder-spielen-theater.de\\\/?s={search_term_string}\"},\"query-input\":{\"@type\":\"PropertyValueSpecification\",\"valueRequired\":true,\"valueName\":\"search_term_string\"}}],\"inLanguage\":\"de\"}]}<\/script>\n<!-- \/ Yoast SEO plugin. -->","yoast_head_json":{"title":"Hinweise zu den Geschichten vom kleinen Igel und der kleinen Igelin - Kinder spielen Theater","robots":{"index":"index","follow":"follow","max-snippet":"max-snippet:-1","max-image-preview":"max-image-preview:large","max-video-preview":"max-video-preview:-1"},"canonical":"https:\/\/kinder-spielen-theater.de\/de_de\/kinder-spielen-theater\/geschichten-vom-kleinen-igel-und-der-kleinen-igelin\/","og_locale":"de_DE","og_type":"article","og_title":"Hinweise zu den Geschichten vom kleinen Igel und der kleinen Igelin - Kinder spielen Theater","og_description":"Die Theaterst\u00fccke \u201eGeschichten vom kleinen Igel und der kleinen Igelin\u201c sind mit ihrer Thematik, Form und Sprache an Kinder der Altersgruppe von 5 bis 10 Jahren angepasst.So werden z. B. in den St\u00fccken die schon f\u00fcr Kinder dieser Altersgruppe bedeutsamen Themen \u201eFreundschaft\u201c, \u201eDas Wahrwerden von Tr\u00e4umen\u201c, \u201eHilfsbereitschaft\u201c, aber auch schon die Themen \u201eBewahrung der Sch\u00f6pfung\u201c [&hellip;]","og_url":"https:\/\/kinder-spielen-theater.de\/de_de\/kinder-spielen-theater\/geschichten-vom-kleinen-igel-und-der-kleinen-igelin\/","og_site_name":"Kinder spielen Theater","article_modified_time":"2022-11-11T13:49:17+00:00","og_image":[{"url":"https:\/\/kinder-spielen-theater.de\/wp-content\/uploads\/2022\/11\/igel_3Bilder_oben_defaced1-1024x220.jpg","type":"","width":"","height":""}],"twitter_card":"summary_large_image","twitter_misc":{"Gesch\u00e4tzte Lesezeit":"3\u00a0Minuten"},"schema":{"@context":"https:\/\/schema.org","@graph":[{"@type":"WebPage","@id":"https:\/\/kinder-spielen-theater.de\/kinder-spielen-theater\/geschichten-vom-kleinen-igel-und-der-kleinen-igelin\/","url":"https:\/\/kinder-spielen-theater.de\/kinder-spielen-theater\/geschichten-vom-kleinen-igel-und-der-kleinen-igelin\/","name":"Hinweise zu den Geschichten vom kleinen Igel und der kleinen Igelin - Kinder spielen Theater","isPartOf":{"@id":"https:\/\/kinder-spielen-theater.de\/#website"},"primaryImageOfPage":{"@id":"https:\/\/kinder-spielen-theater.de\/kinder-spielen-theater\/geschichten-vom-kleinen-igel-und-der-kleinen-igelin\/#primaryimage"},"image":{"@id":"https:\/\/kinder-spielen-theater.de\/kinder-spielen-theater\/geschichten-vom-kleinen-igel-und-der-kleinen-igelin\/#primaryimage"},"thumbnailUrl":"https:\/\/kinder-spielen-theater.de\/wp-content\/uploads\/2022\/11\/igel_3Bilder_oben_defaced1-1024x220.jpg","datePublished":"2021-06-01T20:08:41+00:00","dateModified":"2022-11-11T13:49:17+00:00","breadcrumb":{"@id":"https:\/\/kinder-spielen-theater.de\/kinder-spielen-theater\/geschichten-vom-kleinen-igel-und-der-kleinen-igelin\/#breadcrumb"},"inLanguage":"de","potentialAction":[{"@type":"ReadAction","target":["https:\/\/kinder-spielen-theater.de\/kinder-spielen-theater\/geschichten-vom-kleinen-igel-und-der-kleinen-igelin\/"]}]},{"@type":"ImageObject","inLanguage":"de","@id":"https:\/\/kinder-spielen-theater.de\/kinder-spielen-theater\/geschichten-vom-kleinen-igel-und-der-kleinen-igelin\/#primaryimage","url":"https:\/\/kinder-spielen-theater.de\/wp-content\/uploads\/2022\/11\/igel_3Bilder_oben_defaced1-1024x220.jpg","contentUrl":"https:\/\/kinder-spielen-theater.de\/wp-content\/uploads\/2022\/11\/igel_3Bilder_oben_defaced1-1024x220.jpg"},{"@type":"BreadcrumbList","@id":"https:\/\/kinder-spielen-theater.de\/kinder-spielen-theater\/geschichten-vom-kleinen-igel-und-der-kleinen-igelin\/#breadcrumb","itemListElement":[{"@type":"ListItem","position":1,"name":"Startseite","item":"https:\/\/kinder-spielen-theater.de\/"},{"@type":"ListItem","position":2,"name":"Kinder spielen Theater","item":"https:\/\/kinder-spielen-theater.de\/"},{"@type":"ListItem","position":3,"name":"Hinweise zu den Geschichten vom kleinen Igel und der kleinen Igelin"}]},{"@type":"WebSite","@id":"https:\/\/kinder-spielen-theater.de\/#website","url":"https:\/\/kinder-spielen-theater.de\/","name":"Kinder spielen Theater","description":"Theaterst\u00fccke f\u00fcr die Grundschule, Haupt- und Realschule, Gesamtschule und Gymnasium, Theaterst\u00fccke f\u00fcr Kinder","potentialAction":[{"@type":"SearchAction","target":{"@type":"EntryPoint","urlTemplate":"https:\/\/kinder-spielen-theater.de\/?s={search_term_string}"},"query-input":{"@type":"PropertyValueSpecification","valueRequired":true,"valueName":"search_term_string"}}],"inLanguage":"de"}]}},"_links":{"self":[{"href":"https:\/\/kinder-spielen-theater.de\/de_de\/wp-json\/wp\/v2\/pages\/215","targetHints":{"allow":["GET"]}}],"collection":[{"href":"https:\/\/kinder-spielen-theater.de\/de_de\/wp-json\/wp\/v2\/pages"}],"about":[{"href":"https:\/\/kinder-spielen-theater.de\/de_de\/wp-json\/wp\/v2\/types\/page"}],"author":[{"embeddable":true,"href":"https:\/\/kinder-spielen-theater.de\/de_de\/wp-json\/wp\/v2\/users\/1"}],"replies":[{"embeddable":true,"href":"https:\/\/kinder-spielen-theater.de\/de_de\/wp-json\/wp\/v2\/comments?post=215"}],"version-history":[{"count":5,"href":"https:\/\/kinder-spielen-theater.de\/de_de\/wp-json\/wp\/v2\/pages\/215\/revisions"}],"predecessor-version":[{"id":793,"href":"https:\/\/kinder-spielen-theater.de\/de_de\/wp-json\/wp\/v2\/pages\/215\/revisions\/793"}],"up":[{"embeddable":true,"href":"https:\/\/kinder-spielen-theater.de\/de_de\/wp-json\/wp\/v2\/pages\/4"}],"wp:attachment":[{"href":"https:\/\/kinder-spielen-theater.de\/de_de\/wp-json\/wp\/v2\/media?parent=215"}],"curies":[{"name":"wp","href":"https:\/\/api.w.org\/{rel}","templated":true}]}}