{"id":12,"date":"2021-05-23T11:16:24","date_gmt":"2021-05-23T11:16:24","guid":{"rendered":"http:\/\/kinder-spielen-theater.de\/agb\/"},"modified":"2021-06-04T09:53:20","modified_gmt":"2021-06-04T09:53:20","slug":"agb","status":"publish","type":"page","link":"https:\/\/kinder-spielen-theater.de\/de_de\/agb\/","title":{"rendered":"AGB"},"content":{"rendered":"\n<p>Allgemeine Gesch\u00e4ftsbedingungen und Kundeninformationen &#8211; Kinder-Spielen-Theater.de<\/p>\n\n\n\n<p>I. Allgemeine Gesch\u00e4ftsbedingungen<\/p>\n\n\n\n<p>\u00a7 1 Grundlegende Bestimmungen<\/p>\n\n\n\n<p>(1) Die nachstehenden Gesch\u00e4ftsbedingungen gelten f\u00fcr alle Vertr\u00e4ge, die Sie mit uns als Anbieter (Kinder-Spielen-Theater.de) \u00fcber die Internetseite www.kinder-spielen-theater.de) schlie\u00dfen. Soweit nicht anders vereinbart, wird der Einbeziehung gegebenenfalls von Ihnen verwendeter eigener Bedingungen widersprochen.<\/p>\n\n\n\n<p>(2) Verbraucher im Sinne der nachstehenden Regelungen ist jede nat\u00fcrliche Person, die ein Rechtsgesch\u00e4ft zu Zwecken abschlie\u00dft, die \u00fcberwiegend weder ihrer gewerblichen noch ihrer selbstst\u00e4ndigen beruflichen T\u00e4tigkeit zugerechnet werden kann. Unternehmer ist jede nat\u00fcrliche oder juristische Person oder eine rechtsf\u00e4hige Personengesellschaft, die bei Abschluss eines Rechtsgesch\u00e4fts in Aus\u00fcbung ihrer selbstst\u00e4ndigen beruflichen oder gewerblichen T\u00e4tigkeit handelt.<\/p>\n\n\n\n<p>\u00a7 2 Zustandekommen des Vertrages<\/p>\n\n\n\n<p>(1) Gegenstand des Vertrages ist der Verkauf von PDF\/ZIP-Dateien im Download-Verfahren.<\/p>\n\n\n\n<p>(2) Bereits mit dem Einstellen des jeweiligen Produkts auf unserer Internetseite unterbreiten wir Ihnen ein verbindliches Angebot zum Abschluss eines Kaufvertrages.<\/p>\n\n\n\n<p>(3) Der Kaufvertrag kommt \u00fcber das Online-Warenkorbsystem wie folgt zustande:<br>Die zum Kauf beabsichtigten Waren werden in &#8222;Mein Warenkorb&#8220; abgelegt. \u00dcber die entsprechende Schaltfl\u00e4che in der Navigationsleiste k\u00f6nnen Sie &#8222;Mein Warenkorb&#8220; aufrufen und dort jederzeit \u00c4nderungen vornehmen.<br>Nach Aufrufen der Seite &#8222;Zur Kasse&#8220; und der Eingabe der pers\u00f6nlichen Daten sowie der Zahlungsbedingungen werden abschlie\u00dfend nochmals alle Bestelldaten auf der Bestell\u00fcbersichtsseite angezeigt.<br>Soweit Sie als Zahlungsart ein Sofortzahl-System (z.B. PayPal \/ PayPal Express \/ PayPal Plus, Sofort\u00fcberweisung) nutzen, werden Sie entweder in unserem Online-Shop auf die Bestell\u00fcbersichtsseite gef\u00fchrt oder Sie werden zun\u00e4chst auf die Internetseite des Anbieters des Sofortzahl-Systems weitergeleitet.<br>Erfolgt die Weiterleitung zu dem jeweiligen Sofortzahl-System, nehmen Sie dort die entsprechende Auswahl bzw. Eingabe Ihrer Daten vor. Abschlie\u00dfend werden Sie zur\u00fcck in unseren Online-Shop auf die Bestell\u00fcbersichtsseite geleitet.<br>Vor Absenden der Bestellung haben Sie die M\u00f6glichkeit, hier s\u00e4mtliche Angaben nochmals zu \u00fcberpr\u00fcfen, zu \u00e4ndern (auch \u00fcber die Funktion \u201ezur\u00fcck&#8220; des Internetbrowsers) bzw. den Kauf abzubrechen.<br>Mit dem Absenden der Bestellung \u00fcber die Schaltfl\u00e4che &#8222;kaufen&#8220; erkl\u00e4ren Sie rechtsverbindlich die Annahme des Angebotes, wodurch der Kaufvertrag zustande kommt.<\/p>\n\n\n\n<p>(4) Die Abwicklung der Bestellung und \u00dcbermittlung aller im Zusammenhang mit dem Vertragsschluss erforderlichen Informationen erfolgt per E-Mail zum Teil automatisiert. Sie haben deshalb sicherzustellen, dass die von Ihnen bei uns hinterlegte E-Mail-Adresse zutreffend ist, der Empfang der E-Mails technisch sichergestellt und insbesondere nicht durch SPAM-Filter verhindert wird.<\/p>\n\n\n\n<p>\u00a7 3 Zur\u00fcckbehaltungsrecht, Eigentumsvorbehalt<\/p>\n\n\n\n<p>(1) Ein Zur\u00fcckbehaltungsrecht k\u00f6nnen Sie nur aus\u00fcben, soweit es sich um Forderungen aus demselben Vertragsverh\u00e4ltnis handelt.<\/p>\n\n\n\n<p>(2) Die Ware bleibt bis zur vollst\u00e4ndigen Zahlung des Kaufpreises unser Eigentum.<\/p>\n\n\n\n<p>\u00a7 4 Rechtswahl, Erf\u00fcllungsort, Gerichtsstand<\/p>\n\n\n\n<p>(1) Es gilt deutsches Recht. Bei Verbrauchern gilt diese Rechtswahl nur, soweit hierdurch der durch zwingende Bestimmungen des Rechts des Staates des gew\u00f6hnlichen Aufenthaltes des Verbrauchers gew\u00e4hrte Schutz nicht entzogen wird (G\u00fcnstigkeitsprinzip).<\/p>\n\n\n\n<p>(2) Erf\u00fcllungsort f\u00fcr alle Leistungen aus den mit uns bestehenden Gesch\u00e4ftsbeziehungen sowie Gerichtsstand ist Essen.<\/p>\n\n\n\n<p>(3) Die Bestimmungen des UN-Kaufrechts finden ausdr\u00fccklich keine Anwendung.<\/p>\n\n\n\n<hr class=\"wp-block-separator\"\/>\n\n\n\n<p>II. Kundeninformationen<\/p>\n\n\n\n<ol class=\"wp-block-list\"><li>Identit\u00e4t des Verk\u00e4ufers<\/li><\/ol>\n\n\n\n<p>Christoph Zaika<br>Freiherrnweg 15<br>45355 Essen<br>Deutschland<br>Telefon: 0201-689981<br>E-Mail: info@kinder-spielen-theater.de<\/p>\n\n\n\n<p>Die Europ\u00e4ische Kommission stellt eine Plattform f\u00fcr die au\u00dfergerichtliche Online-Streitbeilegung (OS-Plattform) bereit, aufrufbar unter http:\/\/ec.europa.eu\/odr.<\/p>\n\n\n\n<ol class=\"wp-block-list\" start=\"2\"><li>Informationen zum Zustandekommen des Vertrages<\/li><\/ol>\n\n\n\n<p>Die technischen Schritte zum Vertragsschluss, der Vertragsschluss selbst und die Korrekturm\u00f6glichkeiten erfolgen nach Ma\u00dfgabe des \u00a7 2 und \u00a7 3 unserer Allgemeinen Gesch\u00e4ftsbedingungen (Teil I.).<\/p>\n\n\n\n<ol class=\"wp-block-list\" start=\"3\"><li>Vertragssprache, Vertragstextspeicherung<\/li><\/ol>\n\n\n\n<p>3.1. Vertragssprache ist deutsch.<\/p>\n\n\n\n<p>3.2. Der vollst\u00e4ndige Vertragstext wird von uns nicht gespeichert. Vor Absenden der Bestellung \u00fcber das Online &#8211; Warenkorbsystem k\u00f6nnen die Vertragsdaten \u00fcber die Druckfunktion des Browsers ausgedruckt oder elektronisch gesichert werden. <\/p>\n\n\n\n<p><\/p>\n\n\n\n<ol class=\"wp-block-list\" start=\"4\"><li>Wesentliche Merkmale der Ware oder Dienstleistung<\/li><\/ol>\n\n\n\n<p>Die wesentlichen Merkmale der Ware und\/oder Dienstleistung finden sich in der Artikelbeschreibung und den erg\u00e4nzenden Angaben auf unserer Internetseite.<\/p>\n\n\n\n<ol class=\"wp-block-list\" start=\"5\"><li>Preise und Zahlungsmodalit\u00e4ten<\/li><\/ol>\n\n\n\n<p>5.1. Die in den jeweiligen Angeboten angef\u00fchrten Preise stellen Gesamtpreise dar. Sie beinhalten alle Preisbestandteile einschlie\u00dflich aller anfallenden Steuern.<\/p>\n\n\n\n<p>5.2. Versandkosten fallen nicht an, da ausschlie\u00dflich Online-Produkte im Download-Verfahren angeboten werden.<\/p>\n\n\n\n<p>5.3. Die Ihnen zur Verf\u00fcgung stehenden Zahlungsarten sind unter einer entsprechend bezeichneten Schaltfl\u00e4che auf unserer Internetpr\u00e4senz oder in der jeweiligen Artikelbeschreibung ausgewiesen.<\/p>\n\n\n\n<p>5.4. Soweit bei den einzelnen Zahlungsarten nicht anders angegeben, sind die Zahlungsanspr\u00fcche aus dem geschlossenen Vertrag sofort zur Zahlung f\u00e4llig.<\/p>\n\n\n\n<ol class=\"wp-block-list\" start=\"6\"><li>Gesetzliches M\u00e4ngelhaftungsrecht<\/li><\/ol>\n\n\n\n<p>6.1. Es bestehen die gesetzlichen M\u00e4ngelhaftungsrechte.<\/p>\n\n\n\n<p>6.2. Als Verbraucher werden Sie gebeten, die Ware bei Lieferung umgehend auf Vollst\u00e4ndigkeit und offensichtliche M\u00e4ngel zu \u00fcberpr\u00fcfen und uns Beanstandungen schnellstm\u00f6glich mitzuteilen. Kommen Sie dem nicht nach, hat dies keine Auswirkung auf Ihre gesetzlichen Gew\u00e4hrleistungsanspr\u00fcche.<\/p>\n\n\n\n<hr class=\"wp-block-separator\"\/>\n\n\n\n<p>III. Download-Produkte<\/p>\n\n\n\n<p>\u00a7 1 Zustandekommen des Vertrages bei Download-Produkten<\/p>\n\n\n\n<p>(1) Gegenstand des Vertrages ist der Verkauf von Download-Produkten. Bereits mit dem Einstellen des jeweiligen Download-Produkts auf unserer Internetseite unterbreiten wir Ihnen ein verbindliches Angebot zum Abschluss eines Kaufvertrages zu den in der Artikelbeschreibung angegebenen Bedingungen.<\/p>\n\n\n\n<p>(2) Der Kaufvertrag kommt \u00fcber das Online-Warenkorbsystem wie folgt zustande:<br>Die zum Kauf beabsichtigten Download-Produkte werden in &#8222;Mein Warenkorb&#8220; abgelegt. \u00dcber die entsprechende Schaltfl\u00e4che in der Navigationsleiste kann der Kunde &#8222;Mein Warenkorb&#8220; aufrufen und dort jederzeit \u00c4nderungen vornehmen. Nach Aufrufen der Seite &#8222;Zur Kasse&#8220; und der Eingabe der pers\u00f6nlichen Daten sowie der Zahlungsbedingungen werden abschlie\u00dfend nochmals alle Bestelldaten auf der Bestell\u00fcbersichtsseite angezeigt.<br>Vor Absenden der Bestellung haben Sie die M\u00f6glichkeit, hier s\u00e4mtliche Angaben nochmals zu \u00fcberpr\u00fcfen, zu \u00e4ndern (auch \u00fcber die Funktion &#8222;zur\u00fcck&#8220; des Internetbrowsers) bzw. den Kauf abzubrechen.<br>Mit dem Absenden der Bestellung \u00fcber die Schaltfl\u00e4che &#8222;kaufen&#8220; erkl\u00e4ren Sie rechtsverbindlich die Annahme des Angebotes, wodurch der Kaufvertrag zustande kommt.<\/p>\n\n\n\n<p><\/p>\n\n\n\n<p>(3) Die Abwicklung der Bestellung und \u00dcbermittlung aller im Zusammenhang mit dem Vertragsschluss erforderlichen Informationen erfolgt per E-Mail zum Teil automatisiert. Sie haben deshalb sicherzustellen, dass die von Ihnen bei uns hinterlegte E-Mail-Adresse zutreffend ist, der Empfang der E-Mails technisch sichergestellt und insbesondere nicht durch SPAM-Filter verhindert wird.<\/p>\n\n\n\n<p>\u00a7 2 Nutzungslizenz, Nutzungsbedingungen und Widerrufsrecht bei Download-Produkten<\/p>\n\n\n\n<p>(1) Wir bieten in unserem Onlineshop digitale Produkte (PDF, ZIP, MP3) an. F\u00fcr diese digitalen Produkte gelten folgende, gegen\u00fcber den \u00fcbrigen Regelungen in diesen AGB vorrangige Sonderregelungen.<\/p>\n\n\n\n<p>(2) Mit Zahlung des Kaufpreises f\u00fcr die digitalen Produkte erteilen wir Ihnen ein nicht \u00fcbertragbares Recht zur Nutzung der digitalen Inhalte f\u00fcr den privaten und schulinternen Gebrauch. Sie d\u00fcrfen die digitalen Inhalte unter Einhaltung der Nutzungsbedingungen nur zum privaten und schulinternen Gebrauch kopieren und speichern. Sie versichern und stimmen zu, dass Sie die digitalen Produkte nur zum privaten und schulinternen Gebrauch und nicht zur Weiterverbreitung der digitalen Inhalte oder zu sonstigen Zwecken nutzen werden.<\/p>\n\n\n\n<p>(3) Sie verpflichten sich, bei der Nutzung der digitalen Produkte und deren Inhalte die Urheberrechte nicht zu verletzen und alle anwendbaren Gesetze zu beachten. Sie verplichten sich weiterhin, die Inhalte der digitalen Produkte nicht weiterzuverbreiten, zu \u00fcbermitteln, abzutreten, zu verkaufen, auszustrahlen, zu vermieten, zu teilen, zu verleihen, zu \u00e4ndern, anzupassen, zu bearbeiten, zu lizenzieren oder in sonstiger Weise zu \u00fcbertragen oder zu nutzen, es sein denn, Sie erhalten von uns eine ausdr\u00fcckliche Genehmigung.<\/p>\n\n\n\n<p>(4) Das Widerrufsrecht ist ausgeschlossen f\u00fcr Bestellungen von Produkten, die aufgrund ihrer Beschaffenheit nicht f\u00fcr eine R\u00fccksendung geeignet sind (z.B. Downloads nach Beginn des Downloadvorgangs). Bis zum Beginn des Downloadvorgangs von digitalen Produkten kann der Widerruf einer Bestellung von digitalen Produkten aber erfolgen. Im \u00dcbrigen ist ein Widerruf auch in den gesetzlichen Ausnahmef\u00e4llen gem. \u00a7 312d Abs. 4 BGB ausgeschlossen.<\/p>\n\n\n\n<p>(5) Wir fordern Sie bei der Bestellung von digitalen Produkten zum unverz\u00fcglichen Download der Produkte auf. Der Download ist zeitlich auf 7 Tage begrenzt und kann innerhalb dieses Zeitraums bis zu dreimal genutzt werden. Wir behalten uns das Recht vor, die digitalen Produkte und deren Inhalte jederzeit und ohne Vorank\u00fcndigung zu ver\u00e4ndern, zu aktualisieren, zu modifizieren oder zu l\u00f6schen. Aus diesem Zusammenhang kann kein Anspruch uns gegen\u00fcber abgeleitet werden. Das Risiko f\u00fcr Verluste nach dem Kauf sowie f\u00fcr Verluste der digitalen Inhalte einschlie\u00dflich Verlusten auf Grund eines Computer- oder Festplattenausfalls, liegt bei Ihnen. Wir empfehlen daher die Anfertigung einer Sicherheitskopie. Wir \u00fcbernehmen keinerlei Ersatz f\u00fcr Sch\u00e4den jedweder Art, die Ihnen aus der \u00dcbermittlung, Speicherung und Nutzung digitaler Inhalte entstanden sind.<\/p>\n","protected":false},"excerpt":{"rendered":"<p>Allgemeine Gesch\u00e4ftsbedingungen und Kundeninformationen &#8211; Kinder-Spielen-Theater.de I. Allgemeine Gesch\u00e4ftsbedingungen \u00a7 1 Grundlegende Bestimmungen (1) Die nachstehenden Gesch\u00e4ftsbedingungen gelten f\u00fcr alle Vertr\u00e4ge, die Sie mit uns als Anbieter (Kinder-Spielen-Theater.de) \u00fcber die Internetseite www.kinder-spielen-theater.de) schlie\u00dfen. Soweit nicht anders vereinbart, wird der Einbeziehung gegebenenfalls von Ihnen verwendeter eigener Bedingungen widersprochen. (2) Verbraucher im Sinne der nachstehenden Regelungen ist [&hellip;]<\/p>\n","protected":false},"author":1,"featured_media":0,"parent":0,"menu_order":0,"comment_status":"closed","ping_status":"closed","template":"","meta":{"footnotes":""},"class_list":["post-12","page","type-page","status-publish","hentry"],"yoast_head":"<!-- This site is optimized with the Yoast SEO plugin v27.3 - https:\/\/yoast.com\/product\/yoast-seo-wordpress\/ -->\n<title>AGB - Kinder spielen Theater<\/title>\n<meta name=\"robots\" content=\"index, follow, max-snippet:-1, max-image-preview:large, max-video-preview:-1\" \/>\n<link rel=\"canonical\" href=\"https:\/\/kinder-spielen-theater.de\/de_de\/agb\/\" \/>\n<meta property=\"og:locale\" content=\"de_DE\" \/>\n<meta property=\"og:type\" content=\"article\" \/>\n<meta property=\"og:title\" content=\"AGB - Kinder spielen Theater\" \/>\n<meta property=\"og:description\" content=\"Allgemeine Gesch\u00e4ftsbedingungen und Kundeninformationen &#8211; Kinder-Spielen-Theater.de I. Allgemeine Gesch\u00e4ftsbedingungen \u00a7 1 Grundlegende Bestimmungen (1) Die nachstehenden Gesch\u00e4ftsbedingungen gelten f\u00fcr alle Vertr\u00e4ge, die Sie mit uns als Anbieter (Kinder-Spielen-Theater.de) \u00fcber die Internetseite www.kinder-spielen-theater.de) schlie\u00dfen. Soweit nicht anders vereinbart, wird der Einbeziehung gegebenenfalls von Ihnen verwendeter eigener Bedingungen widersprochen. (2) Verbraucher im Sinne der nachstehenden Regelungen ist [&hellip;]\" \/>\n<meta property=\"og:url\" content=\"https:\/\/kinder-spielen-theater.de\/de_de\/agb\/\" \/>\n<meta property=\"og:site_name\" content=\"Kinder spielen Theater\" \/>\n<meta property=\"article:modified_time\" content=\"2021-06-04T09:53:20+00:00\" \/>\n<meta name=\"twitter:card\" content=\"summary_large_image\" \/>\n<meta name=\"twitter:label1\" content=\"Gesch\u00e4tzte Lesezeit\" \/>\n\t<meta name=\"twitter:data1\" content=\"7\u00a0Minuten\" \/>\n<script type=\"application\/ld+json\" class=\"yoast-schema-graph\">{\"@context\":\"https:\\\/\\\/schema.org\",\"@graph\":[{\"@type\":\"WebPage\",\"@id\":\"https:\\\/\\\/kinder-spielen-theater.de\\\/agb\\\/\",\"url\":\"https:\\\/\\\/kinder-spielen-theater.de\\\/agb\\\/\",\"name\":\"AGB - Kinder spielen Theater\",\"isPartOf\":{\"@id\":\"https:\\\/\\\/kinder-spielen-theater.de\\\/#website\"},\"datePublished\":\"2021-05-23T11:16:24+00:00\",\"dateModified\":\"2021-06-04T09:53:20+00:00\",\"breadcrumb\":{\"@id\":\"https:\\\/\\\/kinder-spielen-theater.de\\\/agb\\\/#breadcrumb\"},\"inLanguage\":\"de\",\"potentialAction\":[{\"@type\":\"ReadAction\",\"target\":[\"https:\\\/\\\/kinder-spielen-theater.de\\\/agb\\\/\"]}]},{\"@type\":\"BreadcrumbList\",\"@id\":\"https:\\\/\\\/kinder-spielen-theater.de\\\/agb\\\/#breadcrumb\",\"itemListElement\":[{\"@type\":\"ListItem\",\"position\":1,\"name\":\"Startseite\",\"item\":\"https:\\\/\\\/kinder-spielen-theater.de\\\/\"},{\"@type\":\"ListItem\",\"position\":2,\"name\":\"AGB\"}]},{\"@type\":\"WebSite\",\"@id\":\"https:\\\/\\\/kinder-spielen-theater.de\\\/#website\",\"url\":\"https:\\\/\\\/kinder-spielen-theater.de\\\/\",\"name\":\"Kinder spielen Theater\",\"description\":\"Theaterst\u00fccke f\u00fcr die Grundschule, Haupt- und Realschule, Gesamtschule und Gymnasium, Theaterst\u00fccke f\u00fcr Kinder\",\"potentialAction\":[{\"@type\":\"SearchAction\",\"target\":{\"@type\":\"EntryPoint\",\"urlTemplate\":\"https:\\\/\\\/kinder-spielen-theater.de\\\/?s={search_term_string}\"},\"query-input\":{\"@type\":\"PropertyValueSpecification\",\"valueRequired\":true,\"valueName\":\"search_term_string\"}}],\"inLanguage\":\"de\"}]}<\/script>\n<!-- \/ Yoast SEO plugin. -->","yoast_head_json":{"title":"AGB - Kinder spielen Theater","robots":{"index":"index","follow":"follow","max-snippet":"max-snippet:-1","max-image-preview":"max-image-preview:large","max-video-preview":"max-video-preview:-1"},"canonical":"https:\/\/kinder-spielen-theater.de\/de_de\/agb\/","og_locale":"de_DE","og_type":"article","og_title":"AGB - Kinder spielen Theater","og_description":"Allgemeine Gesch\u00e4ftsbedingungen und Kundeninformationen &#8211; Kinder-Spielen-Theater.de I. Allgemeine Gesch\u00e4ftsbedingungen \u00a7 1 Grundlegende Bestimmungen (1) Die nachstehenden Gesch\u00e4ftsbedingungen gelten f\u00fcr alle Vertr\u00e4ge, die Sie mit uns als Anbieter (Kinder-Spielen-Theater.de) \u00fcber die Internetseite www.kinder-spielen-theater.de) schlie\u00dfen. Soweit nicht anders vereinbart, wird der Einbeziehung gegebenenfalls von Ihnen verwendeter eigener Bedingungen widersprochen. (2) Verbraucher im Sinne der nachstehenden Regelungen ist [&hellip;]","og_url":"https:\/\/kinder-spielen-theater.de\/de_de\/agb\/","og_site_name":"Kinder spielen Theater","article_modified_time":"2021-06-04T09:53:20+00:00","twitter_card":"summary_large_image","twitter_misc":{"Gesch\u00e4tzte Lesezeit":"7\u00a0Minuten"},"schema":{"@context":"https:\/\/schema.org","@graph":[{"@type":"WebPage","@id":"https:\/\/kinder-spielen-theater.de\/agb\/","url":"https:\/\/kinder-spielen-theater.de\/agb\/","name":"AGB - Kinder spielen Theater","isPartOf":{"@id":"https:\/\/kinder-spielen-theater.de\/#website"},"datePublished":"2021-05-23T11:16:24+00:00","dateModified":"2021-06-04T09:53:20+00:00","breadcrumb":{"@id":"https:\/\/kinder-spielen-theater.de\/agb\/#breadcrumb"},"inLanguage":"de","potentialAction":[{"@type":"ReadAction","target":["https:\/\/kinder-spielen-theater.de\/agb\/"]}]},{"@type":"BreadcrumbList","@id":"https:\/\/kinder-spielen-theater.de\/agb\/#breadcrumb","itemListElement":[{"@type":"ListItem","position":1,"name":"Startseite","item":"https:\/\/kinder-spielen-theater.de\/"},{"@type":"ListItem","position":2,"name":"AGB"}]},{"@type":"WebSite","@id":"https:\/\/kinder-spielen-theater.de\/#website","url":"https:\/\/kinder-spielen-theater.de\/","name":"Kinder spielen Theater","description":"Theaterst\u00fccke f\u00fcr die Grundschule, Haupt- und Realschule, Gesamtschule und Gymnasium, Theaterst\u00fccke f\u00fcr Kinder","potentialAction":[{"@type":"SearchAction","target":{"@type":"EntryPoint","urlTemplate":"https:\/\/kinder-spielen-theater.de\/?s={search_term_string}"},"query-input":{"@type":"PropertyValueSpecification","valueRequired":true,"valueName":"search_term_string"}}],"inLanguage":"de"}]}},"_links":{"self":[{"href":"https:\/\/kinder-spielen-theater.de\/de_de\/wp-json\/wp\/v2\/pages\/12","targetHints":{"allow":["GET"]}}],"collection":[{"href":"https:\/\/kinder-spielen-theater.de\/de_de\/wp-json\/wp\/v2\/pages"}],"about":[{"href":"https:\/\/kinder-spielen-theater.de\/de_de\/wp-json\/wp\/v2\/types\/page"}],"author":[{"embeddable":true,"href":"https:\/\/kinder-spielen-theater.de\/de_de\/wp-json\/wp\/v2\/users\/1"}],"replies":[{"embeddable":true,"href":"https:\/\/kinder-spielen-theater.de\/de_de\/wp-json\/wp\/v2\/comments?post=12"}],"version-history":[{"count":2,"href":"https:\/\/kinder-spielen-theater.de\/de_de\/wp-json\/wp\/v2\/pages\/12\/revisions"}],"predecessor-version":[{"id":428,"href":"https:\/\/kinder-spielen-theater.de\/de_de\/wp-json\/wp\/v2\/pages\/12\/revisions\/428"}],"wp:attachment":[{"href":"https:\/\/kinder-spielen-theater.de\/de_de\/wp-json\/wp\/v2\/media?parent=12"}],"curies":[{"name":"wp","href":"https:\/\/api.w.org\/{rel}","templated":true}]}}