{"id":11,"date":"2021-05-23T11:16:24","date_gmt":"2021-05-23T11:16:24","guid":{"rendered":"http:\/\/kinder-spielen-theater.de\/impressum\/"},"modified":"2024-08-23T11:29:12","modified_gmt":"2024-08-23T11:29:12","slug":"impressum","status":"publish","type":"page","link":"https:\/\/kinder-spielen-theater.de\/de_de\/impressum\/","title":{"rendered":"Impressum"},"content":{"rendered":"<h1 class=\"adsimple-321284373\">Impressum<\/h1>\n<p class=\"adsimple-321284373\">Informationspflicht laut \u00a7 5 TMG.<\/p>\n<p class=\"adsimple-321284373\">Christoph Zaika<br \/>\nZur Kanzel 9<br \/>\n45219 Essen,<br \/>\nDeutschland<\/p>\n<p class=\"adsimple-321284373\"><strong>Tel.:<\/strong> 0173\/5888317<br \/>\n<strong>E-Mail:<\/strong> <a href=\"mailto:info@kinder-spielen-theater.de\">info@kinder-spielen-theater.de<\/a><\/p>\n<p><strong>Kontaktdaten des Verantwortlichen f\u00fcr Datenschutz<\/strong><\/p>\n<p class=\"adsimple-321284373\">Sollten Sie Fragen zum Datenschutz haben, finden Sie nachfolgend die Kontaktdaten der verantwortlichen Person bzw. Stelle:<br \/>\nChristoph Zaika<br \/>\nZur Kanzel 9<br \/>\n45219 Essen<br \/>\nE-Mail-Adresse: <a href=\"mailto:datenschutz@kinder-spielen-theater.de\">datenschutz@kinder-spielen-theater.de<\/a><br \/>\nTelefon: 0173\/5888317<\/p>\n<p>Quelle: Erstellt mit dem <a href=\"https:\/\/www.adsimple.de\/impressum-generator\/\">Impressum Generator<\/a> von AdSimple<\/p>\n<h2 id=\"eu-streitschlichtung\" class=\"adsimple-321284373\">EU-Streitschlichtung<\/h2>\n<p>Gem\u00e4\u00df Verordnung \u00fcber Online-Streitbeilegung in Verbraucherangelegenheiten (ODR-Verordnung) m\u00f6chten wir Sie \u00fcber die Online-Streitbeilegungsplattform (OS-Plattform) informieren.<br \/>\nVerbraucher haben die M\u00f6glichkeit, Beschwerden an die Online Streitbeilegungsplattform der Europ\u00e4ischen Kommission unter <a class=\"adsimple-321284373\" href=\"https:\/\/ec.europa.eu\/consumers\/odr\/main\/index.cfm?event=main.home2.show&amp;lng=DE\" target=\"_blank\" rel=\"noopener\">http:\/\/ec.europa.eu\/odr?tid=321284373<\/a> zu richten. Die daf\u00fcr notwendigen Kontaktdaten finden Sie oberhalb in unserem Impressum.<\/p>\n<p>Wir m\u00f6chten Sie jedoch darauf hinweisen, dass wir nicht bereit oder verpflichtet sind, an Streitbeilegungsverfahren vor einer Verbraucherschlichtungsstelle teilzunehmen.<\/p>\n<h2 id=\"haftungs-inhalte-website\" class=\"adsimple-321284373\">Haftung f\u00fcr Inhalte dieser Website<\/h2>\n<p>Wir entwickeln die Inhalte dieser Webseite st\u00e4ndig weiter und bem\u00fchen uns korrekte und aktuelle Informationen bereitzustellen. Laut Telemediengesetz <a class=\"adsimple-321284373\" href=\"https:\/\/www.gesetze-im-internet.de\/tmg\/__7.html?tid=321284373\" target=\"_blank\" rel=\"noopener\">(TMG) \u00a77 (1)<\/a> sind wir als Diensteanbieter f\u00fcr eigene Informationen, die wir zur Nutzung bereitstellen, nach den allgemeinen Gesetzen verantwortlich. Leider k\u00f6nnen wir keine Haftung f\u00fcr die Korrektheit aller Inhalte auf dieser Webseite \u00fcbernehmen, speziell f\u00fcr jene die seitens Dritter bereitgestellt wurden. Als Diensteanbieter im Sinne der \u00a7\u00a7 8 bis 10 sind wir nicht verpflichtet, die von ihnen \u00fcbermittelten oder gespeicherten Informationen zu \u00fcberwachen oder nach Umst\u00e4nden zu forschen, die auf eine rechtswidrige T\u00e4tigkeit hinweisen.<\/p>\n<p>Unsere Verpflichtungen zur Entfernung von Informationen oder zur Sperrung der Nutzung von Informationen nach den allgemeinen Gesetzen aufgrund von gerichtlichen oder beh\u00f6rdlichen Anordnungen bleiben auch im Falle unserer Nichtverantwortlichkeit nach den \u00a7\u00a7 8 bis 10 unber\u00fchrt.<\/p>\n<p>Sollten Ihnen problematische oder rechtswidrige Inhalte auffallen, bitte wir Sie uns umgehend zu kontaktieren, damit wir die rechtswidrigen Inhalte entfernen k\u00f6nnen. Sie finden die Kontaktdaten im Impressum.<\/p>\n<h2 id=\"haftung-links-website\" class=\"adsimple-321284373\">Haftung f\u00fcr Links auf dieser Website<\/h2>\n<p>Unsere Webseite enth\u00e4lt Links zu anderen Webseiten f\u00fcr deren Inhalt wir nicht verantwortlich sind. Haftung f\u00fcr verlinkte Websites besteht f\u00fcr uns nicht, da wir keine Kenntnis rechtswidriger T\u00e4tigkeiten hatten und haben, uns solche Rechtswidrigkeiten auch bisher nicht aufgefallen sind und wir Links sofort entfernen w\u00fcrden, wenn uns Rechtswidrigkeiten bekannt werden.<\/p>\n<p>Wenn Ihnen rechtswidrige Links auf unserer Website auffallen, bitte wir Sie uns zu kontaktieren. Sie finden die Kontaktdaten im Impressum.<\/p>\n<h2 id=\"urheberrechtshinweis\" class=\"adsimple-321284373\">Urheberrechtshinweis<\/h2>\n<p>Alle Inhalte dieser Webseite (Bilder, Fotos, Texte, Videos) unterliegen dem Urheberrecht der Bundesrepublik Deutschland. Bitte fragen Sie uns bevor Sie die Inhalte dieser Website verbreiten, vervielf\u00e4ltigen oder verwerten wie zum Beispiel auf anderen Websites erneut ver\u00f6ffentlichen. Falls notwendig, werden wir die unerlaubte Nutzung von Teilen der Inhalte unserer Seite rechtlich verfolgen.<\/p>\n<p>Sollten Sie auf dieser Webseite Inhalte finden, die das Urheberrecht verletzen, bitten wir Sie uns zu kontaktieren.<\/p>\n<h2 id=\"bildernachweis\" class=\"adsimple-321284373\">Bildernachweis<\/h2>\n<p>Die Bilder, Fotos und Grafiken auf dieser Webseite sind urheberrechtlich gesch\u00fctzt.<\/p>\n<h1 class=\"adsimple-321284373\">Datenschutzerkl\u00e4rung<\/h1>\n<p>Die Datenschutzerkl\u00e4rung finden Sie <a href=\"https:\/\/kinder-spielen-theater.de\/impressum\/datenschutzerklaerung\/\">hier<\/a>.<\/p>\n<p>Alle Texte sind urheberrechtlich gesch\u00fctzt.<\/p>\n<p>Quelle: Erstellt mit dem <a href=\"https:\/\/www.adsimple.de\/datenschutz-generator\/\">Datenschutz Generator<\/a> von AdSimple<\/p>\n","protected":false},"excerpt":{"rendered":"<p>Impressum Informationspflicht laut \u00a7 5 TMG. Christoph Zaika Zur Kanzel 9 45219 Essen, Deutschland Tel.: 0173\/5888317 E-Mail: info@kinder-spielen-theater.de Kontaktdaten des Verantwortlichen f\u00fcr Datenschutz Sollten Sie Fragen zum Datenschutz haben, finden Sie nachfolgend die Kontaktdaten der verantwortlichen Person bzw. Stelle: Christoph Zaika Zur Kanzel 9 45219 Essen E-Mail-Adresse: datenschutz@kinder-spielen-theater.de Telefon: 0173\/5888317 Quelle: Erstellt mit dem Impressum [&hellip;]<\/p>\n","protected":false},"author":1,"featured_media":0,"parent":0,"menu_order":0,"comment_status":"closed","ping_status":"closed","template":"","meta":{"footnotes":""},"class_list":["post-11","page","type-page","status-publish","hentry"],"yoast_head":"<!-- This site is optimized with the Yoast SEO plugin v27.3 - https:\/\/yoast.com\/product\/yoast-seo-wordpress\/ -->\n<title>Impressum - Kinder spielen Theater<\/title>\n<meta name=\"robots\" content=\"index, follow, max-snippet:-1, max-image-preview:large, max-video-preview:-1\" \/>\n<link rel=\"canonical\" href=\"https:\/\/kinder-spielen-theater.de\/de_de\/impressum\/\" \/>\n<meta property=\"og:locale\" content=\"de_DE\" \/>\n<meta property=\"og:type\" content=\"article\" \/>\n<meta property=\"og:title\" content=\"Impressum - Kinder spielen Theater\" \/>\n<meta property=\"og:description\" content=\"Impressum Informationspflicht laut \u00a7 5 TMG. Christoph Zaika Zur Kanzel 9 45219 Essen, Deutschland Tel.: 0173\/5888317 E-Mail: info@kinder-spielen-theater.de Kontaktdaten des Verantwortlichen f\u00fcr Datenschutz Sollten Sie Fragen zum Datenschutz haben, finden Sie nachfolgend die Kontaktdaten der verantwortlichen Person bzw. Stelle: Christoph Zaika Zur Kanzel 9 45219 Essen E-Mail-Adresse: datenschutz@kinder-spielen-theater.de Telefon: 0173\/5888317 Quelle: Erstellt mit dem Impressum [&hellip;]\" \/>\n<meta property=\"og:url\" content=\"https:\/\/kinder-spielen-theater.de\/de_de\/impressum\/\" \/>\n<meta property=\"og:site_name\" content=\"Kinder spielen Theater\" \/>\n<meta property=\"article:modified_time\" content=\"2024-08-23T11:29:12+00:00\" \/>\n<meta name=\"twitter:card\" content=\"summary_large_image\" \/>\n<meta name=\"twitter:label1\" content=\"Gesch\u00e4tzte Lesezeit\" \/>\n\t<meta name=\"twitter:data1\" content=\"3\u00a0Minuten\" \/>\n<script type=\"application\/ld+json\" class=\"yoast-schema-graph\">{\"@context\":\"https:\\\/\\\/schema.org\",\"@graph\":[{\"@type\":\"WebPage\",\"@id\":\"https:\\\/\\\/kinder-spielen-theater.de\\\/impressum\\\/\",\"url\":\"https:\\\/\\\/kinder-spielen-theater.de\\\/impressum\\\/\",\"name\":\"Impressum - Kinder spielen Theater\",\"isPartOf\":{\"@id\":\"https:\\\/\\\/kinder-spielen-theater.de\\\/#website\"},\"datePublished\":\"2021-05-23T11:16:24+00:00\",\"dateModified\":\"2024-08-23T11:29:12+00:00\",\"breadcrumb\":{\"@id\":\"https:\\\/\\\/kinder-spielen-theater.de\\\/impressum\\\/#breadcrumb\"},\"inLanguage\":\"de\",\"potentialAction\":[{\"@type\":\"ReadAction\",\"target\":[\"https:\\\/\\\/kinder-spielen-theater.de\\\/impressum\\\/\"]}]},{\"@type\":\"BreadcrumbList\",\"@id\":\"https:\\\/\\\/kinder-spielen-theater.de\\\/impressum\\\/#breadcrumb\",\"itemListElement\":[{\"@type\":\"ListItem\",\"position\":1,\"name\":\"Startseite\",\"item\":\"https:\\\/\\\/kinder-spielen-theater.de\\\/\"},{\"@type\":\"ListItem\",\"position\":2,\"name\":\"Impressum\"}]},{\"@type\":\"WebSite\",\"@id\":\"https:\\\/\\\/kinder-spielen-theater.de\\\/#website\",\"url\":\"https:\\\/\\\/kinder-spielen-theater.de\\\/\",\"name\":\"Kinder spielen Theater\",\"description\":\"Theaterst\u00fccke f\u00fcr die Grundschule, Haupt- und Realschule, Gesamtschule und Gymnasium, Theaterst\u00fccke f\u00fcr Kinder\",\"potentialAction\":[{\"@type\":\"SearchAction\",\"target\":{\"@type\":\"EntryPoint\",\"urlTemplate\":\"https:\\\/\\\/kinder-spielen-theater.de\\\/?s={search_term_string}\"},\"query-input\":{\"@type\":\"PropertyValueSpecification\",\"valueRequired\":true,\"valueName\":\"search_term_string\"}}],\"inLanguage\":\"de\"}]}<\/script>\n<!-- \/ Yoast SEO plugin. -->","yoast_head_json":{"title":"Impressum - Kinder spielen Theater","robots":{"index":"index","follow":"follow","max-snippet":"max-snippet:-1","max-image-preview":"max-image-preview:large","max-video-preview":"max-video-preview:-1"},"canonical":"https:\/\/kinder-spielen-theater.de\/de_de\/impressum\/","og_locale":"de_DE","og_type":"article","og_title":"Impressum - Kinder spielen Theater","og_description":"Impressum Informationspflicht laut \u00a7 5 TMG. Christoph Zaika Zur Kanzel 9 45219 Essen, Deutschland Tel.: 0173\/5888317 E-Mail: info@kinder-spielen-theater.de Kontaktdaten des Verantwortlichen f\u00fcr Datenschutz Sollten Sie Fragen zum Datenschutz haben, finden Sie nachfolgend die Kontaktdaten der verantwortlichen Person bzw. Stelle: Christoph Zaika Zur Kanzel 9 45219 Essen E-Mail-Adresse: datenschutz@kinder-spielen-theater.de Telefon: 0173\/5888317 Quelle: Erstellt mit dem Impressum [&hellip;]","og_url":"https:\/\/kinder-spielen-theater.de\/de_de\/impressum\/","og_site_name":"Kinder spielen Theater","article_modified_time":"2024-08-23T11:29:12+00:00","twitter_card":"summary_large_image","twitter_misc":{"Gesch\u00e4tzte Lesezeit":"3\u00a0Minuten"},"schema":{"@context":"https:\/\/schema.org","@graph":[{"@type":"WebPage","@id":"https:\/\/kinder-spielen-theater.de\/impressum\/","url":"https:\/\/kinder-spielen-theater.de\/impressum\/","name":"Impressum - Kinder spielen Theater","isPartOf":{"@id":"https:\/\/kinder-spielen-theater.de\/#website"},"datePublished":"2021-05-23T11:16:24+00:00","dateModified":"2024-08-23T11:29:12+00:00","breadcrumb":{"@id":"https:\/\/kinder-spielen-theater.de\/impressum\/#breadcrumb"},"inLanguage":"de","potentialAction":[{"@type":"ReadAction","target":["https:\/\/kinder-spielen-theater.de\/impressum\/"]}]},{"@type":"BreadcrumbList","@id":"https:\/\/kinder-spielen-theater.de\/impressum\/#breadcrumb","itemListElement":[{"@type":"ListItem","position":1,"name":"Startseite","item":"https:\/\/kinder-spielen-theater.de\/"},{"@type":"ListItem","position":2,"name":"Impressum"}]},{"@type":"WebSite","@id":"https:\/\/kinder-spielen-theater.de\/#website","url":"https:\/\/kinder-spielen-theater.de\/","name":"Kinder spielen Theater","description":"Theaterst\u00fccke f\u00fcr die Grundschule, Haupt- und Realschule, Gesamtschule und Gymnasium, Theaterst\u00fccke f\u00fcr Kinder","potentialAction":[{"@type":"SearchAction","target":{"@type":"EntryPoint","urlTemplate":"https:\/\/kinder-spielen-theater.de\/?s={search_term_string}"},"query-input":{"@type":"PropertyValueSpecification","valueRequired":true,"valueName":"search_term_string"}}],"inLanguage":"de"}]}},"_links":{"self":[{"href":"https:\/\/kinder-spielen-theater.de\/de_de\/wp-json\/wp\/v2\/pages\/11","targetHints":{"allow":["GET"]}}],"collection":[{"href":"https:\/\/kinder-spielen-theater.de\/de_de\/wp-json\/wp\/v2\/pages"}],"about":[{"href":"https:\/\/kinder-spielen-theater.de\/de_de\/wp-json\/wp\/v2\/types\/page"}],"author":[{"embeddable":true,"href":"https:\/\/kinder-spielen-theater.de\/de_de\/wp-json\/wp\/v2\/users\/1"}],"replies":[{"embeddable":true,"href":"https:\/\/kinder-spielen-theater.de\/de_de\/wp-json\/wp\/v2\/comments?post=11"}],"version-history":[{"count":5,"href":"https:\/\/kinder-spielen-theater.de\/de_de\/wp-json\/wp\/v2\/pages\/11\/revisions"}],"predecessor-version":[{"id":995,"href":"https:\/\/kinder-spielen-theater.de\/de_de\/wp-json\/wp\/v2\/pages\/11\/revisions\/995"}],"wp:attachment":[{"href":"https:\/\/kinder-spielen-theater.de\/de_de\/wp-json\/wp\/v2\/media?parent=11"}],"curies":[{"name":"wp","href":"https:\/\/api.w.org\/{rel}","templated":true}]}}