{"id":874,"date":"2023-03-05T20:42:28","date_gmt":"2023-03-05T20:42:28","guid":{"rendered":"https:\/\/kinder-spielen-theater.de\/?post_type=product&#038;p=874"},"modified":"2023-03-05T20:45:23","modified_gmt":"2023-03-05T20:45:23","slug":"the-gigantic-bow-and-arrow","status":"publish","type":"product","link":"https:\/\/kinder-spielen-theater.de\/da\/vare\/the-gigantic-bow-and-arrow\/","title":{"rendered":"The Gigantic Bow and Arrow"},"content":{"rendered":"<p><strong>Summery of the content<\/strong><u><br \/>\n<\/u>This story is about man`s attempt and to rule over nature. Once upon a time there was a large kingdom suffering from a long-lasting draught that caused only poor harvests. On the royal councillor`s advice, a very big bow with a large arrow was built to tear off a part of the sun\u2019s disc. This being done the problem seemed to be solved but soon there was a new and very dangerous threat. Due to the colder weather strange monsters spread all over the country. In their misery people now tried to restore the sun\u2019s old shape. But they had to learn that it is much more difficult to repair nature than to destroy it.<\/p>\n<p><strong>Number of rolls and duration of a performance<\/strong><u><br \/>\n<\/u>If both scenes of the \u201cGiant Bow and Arrow\u201d are performed by different children, 32 children are needed for the performance. Otherwise the number is reduced to about 20 children. The duration of a performance is about 25 minutes<\/p>\n<p><strong>Size<\/strong><u><br \/>\n<\/u>Script 12 pages, total 24 pages<\/p>","protected":false},"excerpt":{"rendered":"<p>Summery of the content This story is about man`s attempt and to rule over nature. Once upon a time there was a large kingdom suffering from a long-lasting draught that caused only poor harvests. On the royal councillor`s advice, a very big bow with a large arrow was built to tear off a part of [&hellip;]<\/p>\n","protected":false},"featured_media":875,"comment_status":"closed","ping_status":"closed","template":"","meta":[],"product_brand":[],"product_cat":[47,60,41],"product_tag":[],"class_list":{"0":"post-874","1":"product","2":"type-product","3":"status-publish","4":"has-post-thumbnail","6":"product_cat-achtung-der-umwelt","7":"product_cat-englische-theaterstuecke","8":"product_cat-naturwissenschaft-technik","10":"first","11":"instock","12":"sale","13":"downloadable","14":"virtual","15":"purchasable","16":"product-type-simple"},"yoast_head":"<!-- This site is optimized with the Yoast SEO plugin v27.3 - https:\/\/yoast.com\/product\/yoast-seo-wordpress\/ -->\n<title>The Gigantic Bow and Arrow - Kinder spielen Theater<\/title>\n<meta name=\"description\" content=\"This story is about man`s attempt and to rule over nature. Once upon a time there was a large kingdom suffering from a long-lasting draught that caused only poor harvests. On the royal councillor`s advice, a very big bow with a large arrow was built to tear off a part of the sun\u2019s disc. This being done the problem seemed to be solved but soon there was a new and very dangerous threat. Due to the colder weather strange monsters spread all over the country. In their misery people now tried to restore the sun\u2019s old shape. But they had to learn that it is much more difficult to repair nature than to destroy it.\" \/>\n<meta name=\"robots\" content=\"index, follow, max-snippet:-1, max-image-preview:large, max-video-preview:-1\" \/>\n<link rel=\"canonical\" href=\"https:\/\/kinder-spielen-theater.de\/da\/vare\/the-gigantic-bow-and-arrow\/\" \/>\n<meta property=\"og:locale\" content=\"da_DK\" \/>\n<meta property=\"og:type\" content=\"article\" \/>\n<meta property=\"og:title\" content=\"The Gigantic Bow and Arrow - Kinder spielen Theater\" \/>\n<meta property=\"og:description\" content=\"This story is about man`s attempt and to rule over nature. Once upon a time there was a large kingdom suffering from a long-lasting draught that caused only poor harvests. On the royal councillor`s advice, a very big bow with a large arrow was built to tear off a part of the sun\u2019s disc. This being done the problem seemed to be solved but soon there was a new and very dangerous threat. Due to the colder weather strange monsters spread all over the country. In their misery people now tried to restore the sun\u2019s old shape. But they had to learn that it is much more difficult to repair nature than to destroy it.\" \/>\n<meta property=\"og:url\" content=\"https:\/\/kinder-spielen-theater.de\/da\/vare\/the-gigantic-bow-and-arrow\/\" \/>\n<meta property=\"og:site_name\" content=\"Kinder spielen Theater\" \/>\n<meta property=\"article:modified_time\" content=\"2023-03-05T20:45:23+00:00\" \/>\n<meta property=\"og:image\" content=\"https:\/\/kinder-spielen-theater.de\/wp-content\/uploads\/2023\/03\/17-E-TheGiganticBowAndArrow_Cover.jpg\" \/>\n\t<meta property=\"og:image:width\" content=\"595\" \/>\n\t<meta property=\"og:image:height\" content=\"842\" \/>\n\t<meta property=\"og:image:type\" content=\"image\/jpeg\" \/>\n<meta name=\"twitter:card\" content=\"summary_large_image\" \/>\n<meta name=\"twitter:label1\" content=\"Estimeret l\u00e6setid\" \/>\n\t<meta name=\"twitter:data1\" content=\"1 minut\" \/>\n<script type=\"application\/ld+json\" class=\"yoast-schema-graph\">{\"@context\":\"https:\\\/\\\/schema.org\",\"@graph\":[{\"@type\":\"WebPage\",\"@id\":\"https:\\\/\\\/kinder-spielen-theater.de\\\/produkt\\\/the-gigantic-bow-and-arrow\\\/\",\"url\":\"https:\\\/\\\/kinder-spielen-theater.de\\\/produkt\\\/the-gigantic-bow-and-arrow\\\/\",\"name\":\"The Gigantic Bow and Arrow - Kinder spielen Theater\",\"isPartOf\":{\"@id\":\"https:\\\/\\\/kinder-spielen-theater.de\\\/#website\"},\"primaryImageOfPage\":{\"@id\":\"https:\\\/\\\/kinder-spielen-theater.de\\\/produkt\\\/the-gigantic-bow-and-arrow\\\/#primaryimage\"},\"image\":{\"@id\":\"https:\\\/\\\/kinder-spielen-theater.de\\\/produkt\\\/the-gigantic-bow-and-arrow\\\/#primaryimage\"},\"thumbnailUrl\":\"https:\\\/\\\/kinder-spielen-theater.de\\\/wp-content\\\/uploads\\\/2023\\\/03\\\/17-E-TheGiganticBowAndArrow_Cover.jpg\",\"datePublished\":\"2023-03-05T20:42:28+00:00\",\"dateModified\":\"2023-03-05T20:45:23+00:00\",\"description\":\"This story is about man`s attempt and to rule over nature. Once upon a time there was a large kingdom suffering from a long-lasting draught that caused only poor harvests. On the royal councillor`s advice, a very big bow with a large arrow was built to tear off a part of the sun\u2019s disc. This being done the problem seemed to be solved but soon there was a new and very dangerous threat. Due to the colder weather strange monsters spread all over the country. In their misery people now tried to restore the sun\u2019s old shape. But they had to learn that it is much more difficult to repair nature than to destroy it.\",\"breadcrumb\":{\"@id\":\"https:\\\/\\\/kinder-spielen-theater.de\\\/produkt\\\/the-gigantic-bow-and-arrow\\\/#breadcrumb\"},\"inLanguage\":\"da-DK\",\"potentialAction\":[{\"@type\":\"ReadAction\",\"target\":[\"https:\\\/\\\/kinder-spielen-theater.de\\\/produkt\\\/the-gigantic-bow-and-arrow\\\/\"]}]},{\"@type\":\"ImageObject\",\"inLanguage\":\"da-DK\",\"@id\":\"https:\\\/\\\/kinder-spielen-theater.de\\\/produkt\\\/the-gigantic-bow-and-arrow\\\/#primaryimage\",\"url\":\"https:\\\/\\\/kinder-spielen-theater.de\\\/wp-content\\\/uploads\\\/2023\\\/03\\\/17-E-TheGiganticBowAndArrow_Cover.jpg\",\"contentUrl\":\"https:\\\/\\\/kinder-spielen-theater.de\\\/wp-content\\\/uploads\\\/2023\\\/03\\\/17-E-TheGiganticBowAndArrow_Cover.jpg\",\"width\":595,\"height\":842},{\"@type\":\"BreadcrumbList\",\"@id\":\"https:\\\/\\\/kinder-spielen-theater.de\\\/produkt\\\/the-gigantic-bow-and-arrow\\\/#breadcrumb\",\"itemListElement\":[{\"@type\":\"ListItem\",\"position\":1,\"name\":\"Startseite\",\"item\":\"https:\\\/\\\/kinder-spielen-theater.de\\\/\"},{\"@type\":\"ListItem\",\"position\":2,\"name\":\"Shop: Theaterst\u00fccke zum Download\",\"item\":\"https:\\\/\\\/kinder-spielen-theater.de\\\/shop\\\/\"},{\"@type\":\"ListItem\",\"position\":3,\"name\":\"The Gigantic Bow and Arrow\"}]},{\"@type\":\"WebSite\",\"@id\":\"https:\\\/\\\/kinder-spielen-theater.de\\\/#website\",\"url\":\"https:\\\/\\\/kinder-spielen-theater.de\\\/\",\"name\":\"Kinder spielen Theater\",\"description\":\"Theaterst\u00fccke f\u00fcr die Grundschule, Haupt- und Realschule, Gesamtschule und Gymnasium, Theaterst\u00fccke f\u00fcr Kinder\",\"potentialAction\":[{\"@type\":\"SearchAction\",\"target\":{\"@type\":\"EntryPoint\",\"urlTemplate\":\"https:\\\/\\\/kinder-spielen-theater.de\\\/?s={search_term_string}\"},\"query-input\":{\"@type\":\"PropertyValueSpecification\",\"valueRequired\":true,\"valueName\":\"search_term_string\"}}],\"inLanguage\":\"da-DK\"}]}<\/script>\n<!-- \/ Yoast SEO plugin. -->","yoast_head_json":{"title":"The Gigantic Bow and Arrow - Kinder spielen Theater","description":"This story is about man`s attempt and to rule over nature. Once upon a time there was a large kingdom suffering from a long-lasting draught that caused only poor harvests. On the royal councillor`s advice, a very big bow with a large arrow was built to tear off a part of the sun\u2019s disc. This being done the problem seemed to be solved but soon there was a new and very dangerous threat. Due to the colder weather strange monsters spread all over the country. In their misery people now tried to restore the sun\u2019s old shape. But they had to learn that it is much more difficult to repair nature than to destroy it.","robots":{"index":"index","follow":"follow","max-snippet":"max-snippet:-1","max-image-preview":"max-image-preview:large","max-video-preview":"max-video-preview:-1"},"canonical":"https:\/\/kinder-spielen-theater.de\/da\/vare\/the-gigantic-bow-and-arrow\/","og_locale":"da_DK","og_type":"article","og_title":"The Gigantic Bow and Arrow - Kinder spielen Theater","og_description":"This story is about man`s attempt and to rule over nature. Once upon a time there was a large kingdom suffering from a long-lasting draught that caused only poor harvests. On the royal councillor`s advice, a very big bow with a large arrow was built to tear off a part of the sun\u2019s disc. This being done the problem seemed to be solved but soon there was a new and very dangerous threat. Due to the colder weather strange monsters spread all over the country. In their misery people now tried to restore the sun\u2019s old shape. But they had to learn that it is much more difficult to repair nature than to destroy it.","og_url":"https:\/\/kinder-spielen-theater.de\/da\/vare\/the-gigantic-bow-and-arrow\/","og_site_name":"Kinder spielen Theater","article_modified_time":"2023-03-05T20:45:23+00:00","og_image":[{"width":595,"height":842,"url":"https:\/\/kinder-spielen-theater.de\/wp-content\/uploads\/2023\/03\/17-E-TheGiganticBowAndArrow_Cover.jpg","type":"image\/jpeg"}],"twitter_card":"summary_large_image","twitter_misc":{"Estimeret l\u00e6setid":"1 minut"},"schema":{"@context":"https:\/\/schema.org","@graph":[{"@type":"WebPage","@id":"https:\/\/kinder-spielen-theater.de\/produkt\/the-gigantic-bow-and-arrow\/","url":"https:\/\/kinder-spielen-theater.de\/produkt\/the-gigantic-bow-and-arrow\/","name":"The Gigantic Bow and Arrow - Kinder spielen Theater","isPartOf":{"@id":"https:\/\/kinder-spielen-theater.de\/#website"},"primaryImageOfPage":{"@id":"https:\/\/kinder-spielen-theater.de\/produkt\/the-gigantic-bow-and-arrow\/#primaryimage"},"image":{"@id":"https:\/\/kinder-spielen-theater.de\/produkt\/the-gigantic-bow-and-arrow\/#primaryimage"},"thumbnailUrl":"https:\/\/kinder-spielen-theater.de\/wp-content\/uploads\/2023\/03\/17-E-TheGiganticBowAndArrow_Cover.jpg","datePublished":"2023-03-05T20:42:28+00:00","dateModified":"2023-03-05T20:45:23+00:00","description":"This story is about man`s attempt and to rule over nature. Once upon a time there was a large kingdom suffering from a long-lasting draught that caused only poor harvests. On the royal councillor`s advice, a very big bow with a large arrow was built to tear off a part of the sun\u2019s disc. This being done the problem seemed to be solved but soon there was a new and very dangerous threat. Due to the colder weather strange monsters spread all over the country. In their misery people now tried to restore the sun\u2019s old shape. But they had to learn that it is much more difficult to repair nature than to destroy it.","breadcrumb":{"@id":"https:\/\/kinder-spielen-theater.de\/produkt\/the-gigantic-bow-and-arrow\/#breadcrumb"},"inLanguage":"da-DK","potentialAction":[{"@type":"ReadAction","target":["https:\/\/kinder-spielen-theater.de\/produkt\/the-gigantic-bow-and-arrow\/"]}]},{"@type":"ImageObject","inLanguage":"da-DK","@id":"https:\/\/kinder-spielen-theater.de\/produkt\/the-gigantic-bow-and-arrow\/#primaryimage","url":"https:\/\/kinder-spielen-theater.de\/wp-content\/uploads\/2023\/03\/17-E-TheGiganticBowAndArrow_Cover.jpg","contentUrl":"https:\/\/kinder-spielen-theater.de\/wp-content\/uploads\/2023\/03\/17-E-TheGiganticBowAndArrow_Cover.jpg","width":595,"height":842},{"@type":"BreadcrumbList","@id":"https:\/\/kinder-spielen-theater.de\/produkt\/the-gigantic-bow-and-arrow\/#breadcrumb","itemListElement":[{"@type":"ListItem","position":1,"name":"Startseite","item":"https:\/\/kinder-spielen-theater.de\/"},{"@type":"ListItem","position":2,"name":"Shop: Theaterst\u00fccke zum Download","item":"https:\/\/kinder-spielen-theater.de\/shop\/"},{"@type":"ListItem","position":3,"name":"The Gigantic Bow and Arrow"}]},{"@type":"WebSite","@id":"https:\/\/kinder-spielen-theater.de\/#website","url":"https:\/\/kinder-spielen-theater.de\/","name":"B\u00f8rn leger teater","description":"Skuespil til folkeskolen, Hauptschule og Realschule, Gesamtschule og Gymnasium, skuespil for b\u00f8rn","potentialAction":[{"@type":"SearchAction","target":{"@type":"EntryPoint","urlTemplate":"https:\/\/kinder-spielen-theater.de\/?s={search_term_string}"},"query-input":{"@type":"PropertyValueSpecification","valueRequired":true,"valueName":"search_term_string"}}],"inLanguage":"da-DK"}]}},"_links":{"self":[{"href":"https:\/\/kinder-spielen-theater.de\/da\/wp-json\/wp\/v2\/product\/874","targetHints":{"allow":["GET"]}}],"collection":[{"href":"https:\/\/kinder-spielen-theater.de\/da\/wp-json\/wp\/v2\/product"}],"about":[{"href":"https:\/\/kinder-spielen-theater.de\/da\/wp-json\/wp\/v2\/types\/product"}],"replies":[{"embeddable":true,"href":"https:\/\/kinder-spielen-theater.de\/da\/wp-json\/wp\/v2\/comments?post=874"}],"wp:featuredmedia":[{"embeddable":true,"href":"https:\/\/kinder-spielen-theater.de\/da\/wp-json\/wp\/v2\/media\/875"}],"wp:attachment":[{"href":"https:\/\/kinder-spielen-theater.de\/da\/wp-json\/wp\/v2\/media?parent=874"}],"wp:term":[{"taxonomy":"product_brand","embeddable":true,"href":"https:\/\/kinder-spielen-theater.de\/da\/wp-json\/wp\/v2\/product_brand?post=874"},{"taxonomy":"product_cat","embeddable":true,"href":"https:\/\/kinder-spielen-theater.de\/da\/wp-json\/wp\/v2\/product_cat?post=874"},{"taxonomy":"product_tag","embeddable":true,"href":"https:\/\/kinder-spielen-theater.de\/da\/wp-json\/wp\/v2\/product_tag?post=874"}],"curies":[{"name":"wp","href":"https:\/\/api.w.org\/{rel}","templated":true}]}}