{"id":871,"date":"2023-03-05T20:37:19","date_gmt":"2023-03-05T20:37:19","guid":{"rendered":"https:\/\/kinder-spielen-theater.de\/?post_type=product&#038;p=871"},"modified":"2023-03-05T20:39:32","modified_gmt":"2023-03-05T20:39:32","slug":"the-happy-moment","status":"publish","type":"product","link":"https:\/\/kinder-spielen-theater.de\/da\/vare\/the-happy-moment\/","title":{"rendered":"The Happy Moment"},"content":{"rendered":"<p><strong>Summery of the content<\/strong><u><br \/>\n<\/u>\u201cThe Happy Moment\u201d is one of the \u201dTales of the little Hedgehogs\u201d. In this play the Little Hedgehog and his friend the Little Hedgehogess lay down in the grass to wait for a happy moment. The sun shines, they watch the butterflies dancing around them, hear a frog showing them how he enjoys hopping around and listen to the call of a cuckoo promising both of them something nice. But in spite of having enjoyed all this very much, at the end of the day, they are not aware that on this beautiful afternoon they already have experienced many happy moments and therefore plan on meeting again for looking together for a happy moment.<\/p>\n<p><strong>Number of rolls and duration of aperformance<\/strong><u><br \/>\n<\/u>The script assigns parts to 8 children. By adding additional animal roles to the individual scenes, this number can be increased to 12 or even 16. The duration of a performance is about 15 minutes.<\/p>\n<p><strong>Size<\/strong><u><br \/>\n<\/u>Script 5 pages, total 14 pages<\/p>","protected":false},"excerpt":{"rendered":"<p>Summery of the content \u201cThe Happy Moment\u201d is one of the \u201dTales of the little Hedgehogs\u201d. In this play the Little Hedgehog and his friend the Little Hedgehogess lay down in the grass to wait for a happy moment. The sun shines, they watch the butterflies dancing around them, hear a frog showing them how [&hellip;]<\/p>\n","protected":false},"featured_media":872,"comment_status":"closed","ping_status":"closed","template":"","meta":[],"product_brand":[],"product_cat":[45,60],"product_tag":[],"class_list":{"0":"post-871","1":"product","2":"type-product","3":"status-publish","4":"has-post-thumbnail","6":"product_cat-besondere-anlaesse","7":"product_cat-englische-theaterstuecke","9":"first","10":"instock","11":"sale","12":"downloadable","13":"virtual","14":"purchasable","15":"product-type-simple"},"yoast_head":"<!-- This site is optimized with the Yoast SEO plugin v27.4 - https:\/\/yoast.com\/product\/yoast-seo-wordpress\/ -->\n<title>The Happy Moment - Kinder spielen Theater<\/title>\n<meta name=\"description\" content=\"\u201cThe Happy Moment\u201d is one of the \u201dTales of the little Hedgehogs\u201d. In this play the Little Hedgehog and his friend the Little Hedgehogess lay down in the grass to wait for a happy moment. The sun shines, they watch the butterflies dancing around them, hear a frog showing them how he enjoys hopping around and listen to the call of a cuckoo promising both of them something nice. But in spite of having enjoyed all this very much, at the end of the day, they are not aware that on this beautiful afternoon they already have experienced many happy moments and therefore plan on meeting again for looking together for a happy moment.\" \/>\n<meta name=\"robots\" content=\"index, follow, max-snippet:-1, max-image-preview:large, max-video-preview:-1\" \/>\n<link rel=\"canonical\" href=\"https:\/\/kinder-spielen-theater.de\/da\/vare\/the-happy-moment\/\" \/>\n<meta property=\"og:locale\" content=\"da_DK\" \/>\n<meta property=\"og:type\" content=\"article\" \/>\n<meta property=\"og:title\" content=\"The Happy Moment - Kinder spielen Theater\" \/>\n<meta property=\"og:description\" content=\"\u201cThe Happy Moment\u201d is one of the \u201dTales of the little Hedgehogs\u201d. In this play the Little Hedgehog and his friend the Little Hedgehogess lay down in the grass to wait for a happy moment. The sun shines, they watch the butterflies dancing around them, hear a frog showing them how he enjoys hopping around and listen to the call of a cuckoo promising both of them something nice. But in spite of having enjoyed all this very much, at the end of the day, they are not aware that on this beautiful afternoon they already have experienced many happy moments and therefore plan on meeting again for looking together for a happy moment.\" \/>\n<meta property=\"og:url\" content=\"https:\/\/kinder-spielen-theater.de\/da\/vare\/the-happy-moment\/\" \/>\n<meta property=\"og:site_name\" content=\"Kinder spielen Theater\" \/>\n<meta property=\"article:modified_time\" content=\"2023-03-05T20:39:32+00:00\" \/>\n<meta property=\"og:image\" content=\"https:\/\/kinder-spielen-theater.de\/wp-content\/uploads\/2023\/03\/16-E-TheHappyMoment_Cover.jpg\" \/>\n\t<meta property=\"og:image:width\" content=\"595\" \/>\n\t<meta property=\"og:image:height\" content=\"842\" \/>\n\t<meta property=\"og:image:type\" content=\"image\/jpeg\" \/>\n<meta name=\"twitter:card\" content=\"summary_large_image\" \/>\n<meta name=\"twitter:label1\" content=\"Estimeret l\u00e6setid\" \/>\n\t<meta name=\"twitter:data1\" content=\"1 minut\" \/>\n<script type=\"application\/ld+json\" class=\"yoast-schema-graph\">{\"@context\":\"https:\\\/\\\/schema.org\",\"@graph\":[{\"@type\":\"WebPage\",\"@id\":\"https:\\\/\\\/kinder-spielen-theater.de\\\/produkt\\\/the-happy-moment\\\/\",\"url\":\"https:\\\/\\\/kinder-spielen-theater.de\\\/produkt\\\/the-happy-moment\\\/\",\"name\":\"The Happy Moment - Kinder spielen Theater\",\"isPartOf\":{\"@id\":\"https:\\\/\\\/kinder-spielen-theater.de\\\/#website\"},\"primaryImageOfPage\":{\"@id\":\"https:\\\/\\\/kinder-spielen-theater.de\\\/produkt\\\/the-happy-moment\\\/#primaryimage\"},\"image\":{\"@id\":\"https:\\\/\\\/kinder-spielen-theater.de\\\/produkt\\\/the-happy-moment\\\/#primaryimage\"},\"thumbnailUrl\":\"https:\\\/\\\/kinder-spielen-theater.de\\\/wp-content\\\/uploads\\\/2023\\\/03\\\/16-E-TheHappyMoment_Cover.jpg\",\"datePublished\":\"2023-03-05T20:37:19+00:00\",\"dateModified\":\"2023-03-05T20:39:32+00:00\",\"description\":\"\u201cThe Happy Moment\u201d is one of the \u201dTales of the little Hedgehogs\u201d. In this play the Little Hedgehog and his friend the Little Hedgehogess lay down in the grass to wait for a happy moment. The sun shines, they watch the butterflies dancing around them, hear a frog showing them how he enjoys hopping around and listen to the call of a cuckoo promising both of them something nice. But in spite of having enjoyed all this very much, at the end of the day, they are not aware that on this beautiful afternoon they already have experienced many happy moments and therefore plan on meeting again for looking together for a happy moment.\",\"breadcrumb\":{\"@id\":\"https:\\\/\\\/kinder-spielen-theater.de\\\/produkt\\\/the-happy-moment\\\/#breadcrumb\"},\"inLanguage\":\"da-DK\",\"potentialAction\":[{\"@type\":\"ReadAction\",\"target\":[\"https:\\\/\\\/kinder-spielen-theater.de\\\/produkt\\\/the-happy-moment\\\/\"]}]},{\"@type\":\"ImageObject\",\"inLanguage\":\"da-DK\",\"@id\":\"https:\\\/\\\/kinder-spielen-theater.de\\\/produkt\\\/the-happy-moment\\\/#primaryimage\",\"url\":\"https:\\\/\\\/kinder-spielen-theater.de\\\/wp-content\\\/uploads\\\/2023\\\/03\\\/16-E-TheHappyMoment_Cover.jpg\",\"contentUrl\":\"https:\\\/\\\/kinder-spielen-theater.de\\\/wp-content\\\/uploads\\\/2023\\\/03\\\/16-E-TheHappyMoment_Cover.jpg\",\"width\":595,\"height\":842},{\"@type\":\"BreadcrumbList\",\"@id\":\"https:\\\/\\\/kinder-spielen-theater.de\\\/produkt\\\/the-happy-moment\\\/#breadcrumb\",\"itemListElement\":[{\"@type\":\"ListItem\",\"position\":1,\"name\":\"Startseite\",\"item\":\"https:\\\/\\\/kinder-spielen-theater.de\\\/\"},{\"@type\":\"ListItem\",\"position\":2,\"name\":\"Shop: Theaterst\u00fccke zum Download\",\"item\":\"https:\\\/\\\/kinder-spielen-theater.de\\\/shop\\\/\"},{\"@type\":\"ListItem\",\"position\":3,\"name\":\"The Happy Moment\"}]},{\"@type\":\"WebSite\",\"@id\":\"https:\\\/\\\/kinder-spielen-theater.de\\\/#website\",\"url\":\"https:\\\/\\\/kinder-spielen-theater.de\\\/\",\"name\":\"Kinder spielen Theater\",\"description\":\"Theaterst\u00fccke f\u00fcr die Grundschule, Haupt- und Realschule, Gesamtschule und Gymnasium, Theaterst\u00fccke f\u00fcr Kinder\",\"potentialAction\":[{\"@type\":\"SearchAction\",\"target\":{\"@type\":\"EntryPoint\",\"urlTemplate\":\"https:\\\/\\\/kinder-spielen-theater.de\\\/?s={search_term_string}\"},\"query-input\":{\"@type\":\"PropertyValueSpecification\",\"valueRequired\":true,\"valueName\":\"search_term_string\"}}],\"inLanguage\":\"da-DK\"}]}<\/script>\n<!-- \/ Yoast SEO plugin. -->","yoast_head_json":{"title":"The Happy Moment - Kinder spielen Theater","description":"\u201cThe Happy Moment\u201d is one of the \u201dTales of the little Hedgehogs\u201d. In this play the Little Hedgehog and his friend the Little Hedgehogess lay down in the grass to wait for a happy moment. The sun shines, they watch the butterflies dancing around them, hear a frog showing them how he enjoys hopping around and listen to the call of a cuckoo promising both of them something nice. But in spite of having enjoyed all this very much, at the end of the day, they are not aware that on this beautiful afternoon they already have experienced many happy moments and therefore plan on meeting again for looking together for a happy moment.","robots":{"index":"index","follow":"follow","max-snippet":"max-snippet:-1","max-image-preview":"max-image-preview:large","max-video-preview":"max-video-preview:-1"},"canonical":"https:\/\/kinder-spielen-theater.de\/da\/vare\/the-happy-moment\/","og_locale":"da_DK","og_type":"article","og_title":"The Happy Moment - Kinder spielen Theater","og_description":"\u201cThe Happy Moment\u201d is one of the \u201dTales of the little Hedgehogs\u201d. In this play the Little Hedgehog and his friend the Little Hedgehogess lay down in the grass to wait for a happy moment. The sun shines, they watch the butterflies dancing around them, hear a frog showing them how he enjoys hopping around and listen to the call of a cuckoo promising both of them something nice. But in spite of having enjoyed all this very much, at the end of the day, they are not aware that on this beautiful afternoon they already have experienced many happy moments and therefore plan on meeting again for looking together for a happy moment.","og_url":"https:\/\/kinder-spielen-theater.de\/da\/vare\/the-happy-moment\/","og_site_name":"Kinder spielen Theater","article_modified_time":"2023-03-05T20:39:32+00:00","og_image":[{"width":595,"height":842,"url":"https:\/\/kinder-spielen-theater.de\/wp-content\/uploads\/2023\/03\/16-E-TheHappyMoment_Cover.jpg","type":"image\/jpeg"}],"twitter_card":"summary_large_image","twitter_misc":{"Estimeret l\u00e6setid":"1 minut"},"schema":{"@context":"https:\/\/schema.org","@graph":[{"@type":"WebPage","@id":"https:\/\/kinder-spielen-theater.de\/produkt\/the-happy-moment\/","url":"https:\/\/kinder-spielen-theater.de\/produkt\/the-happy-moment\/","name":"The Happy Moment - Kinder spielen Theater","isPartOf":{"@id":"https:\/\/kinder-spielen-theater.de\/#website"},"primaryImageOfPage":{"@id":"https:\/\/kinder-spielen-theater.de\/produkt\/the-happy-moment\/#primaryimage"},"image":{"@id":"https:\/\/kinder-spielen-theater.de\/produkt\/the-happy-moment\/#primaryimage"},"thumbnailUrl":"https:\/\/kinder-spielen-theater.de\/wp-content\/uploads\/2023\/03\/16-E-TheHappyMoment_Cover.jpg","datePublished":"2023-03-05T20:37:19+00:00","dateModified":"2023-03-05T20:39:32+00:00","description":"\u201cThe Happy Moment\u201d is one of the \u201dTales of the little Hedgehogs\u201d. In this play the Little Hedgehog and his friend the Little Hedgehogess lay down in the grass to wait for a happy moment. The sun shines, they watch the butterflies dancing around them, hear a frog showing them how he enjoys hopping around and listen to the call of a cuckoo promising both of them something nice. But in spite of having enjoyed all this very much, at the end of the day, they are not aware that on this beautiful afternoon they already have experienced many happy moments and therefore plan on meeting again for looking together for a happy moment.","breadcrumb":{"@id":"https:\/\/kinder-spielen-theater.de\/produkt\/the-happy-moment\/#breadcrumb"},"inLanguage":"da-DK","potentialAction":[{"@type":"ReadAction","target":["https:\/\/kinder-spielen-theater.de\/produkt\/the-happy-moment\/"]}]},{"@type":"ImageObject","inLanguage":"da-DK","@id":"https:\/\/kinder-spielen-theater.de\/produkt\/the-happy-moment\/#primaryimage","url":"https:\/\/kinder-spielen-theater.de\/wp-content\/uploads\/2023\/03\/16-E-TheHappyMoment_Cover.jpg","contentUrl":"https:\/\/kinder-spielen-theater.de\/wp-content\/uploads\/2023\/03\/16-E-TheHappyMoment_Cover.jpg","width":595,"height":842},{"@type":"BreadcrumbList","@id":"https:\/\/kinder-spielen-theater.de\/produkt\/the-happy-moment\/#breadcrumb","itemListElement":[{"@type":"ListItem","position":1,"name":"Startseite","item":"https:\/\/kinder-spielen-theater.de\/"},{"@type":"ListItem","position":2,"name":"Shop: Theaterst\u00fccke zum Download","item":"https:\/\/kinder-spielen-theater.de\/shop\/"},{"@type":"ListItem","position":3,"name":"The Happy Moment"}]},{"@type":"WebSite","@id":"https:\/\/kinder-spielen-theater.de\/#website","url":"https:\/\/kinder-spielen-theater.de\/","name":"B\u00f8rn leger teater","description":"Skuespil til folkeskolen, Hauptschule og Realschule, Gesamtschule og Gymnasium, skuespil for b\u00f8rn","potentialAction":[{"@type":"SearchAction","target":{"@type":"EntryPoint","urlTemplate":"https:\/\/kinder-spielen-theater.de\/?s={search_term_string}"},"query-input":{"@type":"PropertyValueSpecification","valueRequired":true,"valueName":"search_term_string"}}],"inLanguage":"da-DK"}]}},"_links":{"self":[{"href":"https:\/\/kinder-spielen-theater.de\/da\/wp-json\/wp\/v2\/product\/871","targetHints":{"allow":["GET"]}}],"collection":[{"href":"https:\/\/kinder-spielen-theater.de\/da\/wp-json\/wp\/v2\/product"}],"about":[{"href":"https:\/\/kinder-spielen-theater.de\/da\/wp-json\/wp\/v2\/types\/product"}],"replies":[{"embeddable":true,"href":"https:\/\/kinder-spielen-theater.de\/da\/wp-json\/wp\/v2\/comments?post=871"}],"wp:featuredmedia":[{"embeddable":true,"href":"https:\/\/kinder-spielen-theater.de\/da\/wp-json\/wp\/v2\/media\/872"}],"wp:attachment":[{"href":"https:\/\/kinder-spielen-theater.de\/da\/wp-json\/wp\/v2\/media?parent=871"}],"wp:term":[{"taxonomy":"product_brand","embeddable":true,"href":"https:\/\/kinder-spielen-theater.de\/da\/wp-json\/wp\/v2\/product_brand?post=871"},{"taxonomy":"product_cat","embeddable":true,"href":"https:\/\/kinder-spielen-theater.de\/da\/wp-json\/wp\/v2\/product_cat?post=871"},{"taxonomy":"product_tag","embeddable":true,"href":"https:\/\/kinder-spielen-theater.de\/da\/wp-json\/wp\/v2\/product_tag?post=871"}],"curies":[{"name":"wp","href":"https:\/\/api.w.org\/{rel}","templated":true}]}}