{"id":868,"date":"2023-03-05T20:32:08","date_gmt":"2023-03-05T20:32:08","guid":{"rendered":"https:\/\/kinder-spielen-theater.de\/?post_type=product&#038;p=868"},"modified":"2023-03-05T20:36:05","modified_gmt":"2023-03-05T20:36:05","slug":"the-first-day-of-school","status":"publish","type":"product","link":"https:\/\/kinder-spielen-theater.de\/da\/vare\/the-first-day-of-school\/","title":{"rendered":"The First Day of School"},"content":{"rendered":"<p><strong>Summery of the content<\/strong><u><br \/>\n<\/u>This play is about the very first day of school for Nina and Jens. Nina asks the older pupils to sing and dance for them. She convinces Jens that there are lots of great things to learn and do at school: painting and making crafts, learning about animals, finding friends and other fantastic things. Now both go joyously and full of expectations into their classroom to greet their new teacher.<\/p>\n<p><strong>Number of rolls and duration of a performance<\/strong><u><br \/>\n<\/u>The \u201clong\u201d version of the play (there is also a \u201cshort\u201d version) assigns speaking roles to 8 children and non-peaking roles to 9 children. This number can be reduced by reducing the number of animals\/Indians\/stars etc. in the individual scenes. The number of scenes with different types of animals\/humans\/objects on the sky etc. can be reduced too. This has already been done in the \u201cshort\u201d version. The duration of a performance of the \u201clong\u201d version is about 25 minutes.<strong>\u00a0<\/strong><\/p>\n<p><strong>Size<\/strong><u><br \/>\n<\/u>Script long Version 4 pages, short Version 3 Pages , total 17 Pages<\/p>","protected":false},"excerpt":{"rendered":"<p>Summery of the content This play is about the very first day of school for Nina and Jens. Nina asks the older pupils to sing and dance for them. She convinces Jens that there are lots of great things to learn and do at school: painting and making crafts, learning about animals, finding friends and [&hellip;]<\/p>\n","protected":false},"featured_media":869,"comment_status":"closed","ping_status":"closed","template":"","meta":[],"product_brand":[],"product_cat":[45,60],"product_tag":[],"class_list":{"0":"post-868","1":"product","2":"type-product","3":"status-publish","4":"has-post-thumbnail","6":"product_cat-besondere-anlaesse","7":"product_cat-englische-theaterstuecke","9":"first","10":"instock","11":"sale","12":"downloadable","13":"virtual","14":"purchasable","15":"product-type-simple"},"yoast_head":"<!-- This site is optimized with the Yoast SEO plugin v27.4 - https:\/\/yoast.com\/product\/yoast-seo-wordpress\/ -->\n<title>The First Day of School - Kinder spielen Theater<\/title>\n<meta name=\"description\" content=\"This play is about war and the use of violence. War is symbolized by a masked demon. The demon at first lures the innocent people to come to him by making great promises, but then takes off his mask and poisons the people so that they start fighting and even killing each other. A courageous and clever little shoemaker finally succeeds in driving the demon away.This play is about the very first day of school for Nina and Jens. Nina asks the older pupils to sing and dance for them. She convinces Jens that there are lots of great things to learn and do at school: painting and making crafts, learning about animals, finding friends and other fantastic things. Now both go joyously and full of expectations into their classroom to greet their new teacher.\" \/>\n<meta name=\"robots\" content=\"index, follow, max-snippet:-1, max-image-preview:large, max-video-preview:-1\" \/>\n<link rel=\"canonical\" href=\"https:\/\/kinder-spielen-theater.de\/da\/vare\/the-first-day-of-school\/\" \/>\n<meta property=\"og:locale\" content=\"da_DK\" \/>\n<meta property=\"og:type\" content=\"article\" \/>\n<meta property=\"og:title\" content=\"The First Day of School - Kinder spielen Theater\" \/>\n<meta property=\"og:description\" content=\"This play is about war and the use of violence. War is symbolized by a masked demon. The demon at first lures the innocent people to come to him by making great promises, but then takes off his mask and poisons the people so that they start fighting and even killing each other. A courageous and clever little shoemaker finally succeeds in driving the demon away.This play is about the very first day of school for Nina and Jens. Nina asks the older pupils to sing and dance for them. She convinces Jens that there are lots of great things to learn and do at school: painting and making crafts, learning about animals, finding friends and other fantastic things. Now both go joyously and full of expectations into their classroom to greet their new teacher.\" \/>\n<meta property=\"og:url\" content=\"https:\/\/kinder-spielen-theater.de\/da\/vare\/the-first-day-of-school\/\" \/>\n<meta property=\"og:site_name\" content=\"Kinder spielen Theater\" \/>\n<meta property=\"article:modified_time\" content=\"2023-03-05T20:36:05+00:00\" \/>\n<meta property=\"og:image\" content=\"https:\/\/kinder-spielen-theater.de\/wp-content\/uploads\/2023\/03\/13-E-TheFirstDayOfSchool_Cover.jpg\" \/>\n\t<meta property=\"og:image:width\" content=\"595\" \/>\n\t<meta property=\"og:image:height\" content=\"842\" \/>\n\t<meta property=\"og:image:type\" content=\"image\/jpeg\" \/>\n<meta name=\"twitter:card\" content=\"summary_large_image\" \/>\n<meta name=\"twitter:label1\" content=\"Estimeret l\u00e6setid\" \/>\n\t<meta name=\"twitter:data1\" content=\"1 minut\" \/>\n<script type=\"application\/ld+json\" class=\"yoast-schema-graph\">{\"@context\":\"https:\\\/\\\/schema.org\",\"@graph\":[{\"@type\":\"WebPage\",\"@id\":\"https:\\\/\\\/kinder-spielen-theater.de\\\/produkt\\\/the-first-day-of-school\\\/\",\"url\":\"https:\\\/\\\/kinder-spielen-theater.de\\\/produkt\\\/the-first-day-of-school\\\/\",\"name\":\"The First Day of School - Kinder spielen Theater\",\"isPartOf\":{\"@id\":\"https:\\\/\\\/kinder-spielen-theater.de\\\/#website\"},\"primaryImageOfPage\":{\"@id\":\"https:\\\/\\\/kinder-spielen-theater.de\\\/produkt\\\/the-first-day-of-school\\\/#primaryimage\"},\"image\":{\"@id\":\"https:\\\/\\\/kinder-spielen-theater.de\\\/produkt\\\/the-first-day-of-school\\\/#primaryimage\"},\"thumbnailUrl\":\"https:\\\/\\\/kinder-spielen-theater.de\\\/wp-content\\\/uploads\\\/2023\\\/03\\\/13-E-TheFirstDayOfSchool_Cover.jpg\",\"datePublished\":\"2023-03-05T20:32:08+00:00\",\"dateModified\":\"2023-03-05T20:36:05+00:00\",\"description\":\"This play is about war and the use of violence. War is symbolized by a masked demon. The demon at first lures the innocent people to come to him by making great promises, but then takes off his mask and poisons the people so that they start fighting and even killing each other. A courageous and clever little shoemaker finally succeeds in driving the demon away.This play is about the very first day of school for Nina and Jens. Nina asks the older pupils to sing and dance for them. She convinces Jens that there are lots of great things to learn and do at school: painting and making crafts, learning about animals, finding friends and other fantastic things. Now both go joyously and full of expectations into their classroom to greet their new teacher.\",\"breadcrumb\":{\"@id\":\"https:\\\/\\\/kinder-spielen-theater.de\\\/produkt\\\/the-first-day-of-school\\\/#breadcrumb\"},\"inLanguage\":\"da-DK\",\"potentialAction\":[{\"@type\":\"ReadAction\",\"target\":[\"https:\\\/\\\/kinder-spielen-theater.de\\\/produkt\\\/the-first-day-of-school\\\/\"]}]},{\"@type\":\"ImageObject\",\"inLanguage\":\"da-DK\",\"@id\":\"https:\\\/\\\/kinder-spielen-theater.de\\\/produkt\\\/the-first-day-of-school\\\/#primaryimage\",\"url\":\"https:\\\/\\\/kinder-spielen-theater.de\\\/wp-content\\\/uploads\\\/2023\\\/03\\\/13-E-TheFirstDayOfSchool_Cover.jpg\",\"contentUrl\":\"https:\\\/\\\/kinder-spielen-theater.de\\\/wp-content\\\/uploads\\\/2023\\\/03\\\/13-E-TheFirstDayOfSchool_Cover.jpg\",\"width\":595,\"height\":842},{\"@type\":\"BreadcrumbList\",\"@id\":\"https:\\\/\\\/kinder-spielen-theater.de\\\/produkt\\\/the-first-day-of-school\\\/#breadcrumb\",\"itemListElement\":[{\"@type\":\"ListItem\",\"position\":1,\"name\":\"Startseite\",\"item\":\"https:\\\/\\\/kinder-spielen-theater.de\\\/\"},{\"@type\":\"ListItem\",\"position\":2,\"name\":\"Shop: Theaterst\u00fccke zum Download\",\"item\":\"https:\\\/\\\/kinder-spielen-theater.de\\\/shop\\\/\"},{\"@type\":\"ListItem\",\"position\":3,\"name\":\"The First Day of School\"}]},{\"@type\":\"WebSite\",\"@id\":\"https:\\\/\\\/kinder-spielen-theater.de\\\/#website\",\"url\":\"https:\\\/\\\/kinder-spielen-theater.de\\\/\",\"name\":\"Kinder spielen Theater\",\"description\":\"Theaterst\u00fccke f\u00fcr die Grundschule, Haupt- und Realschule, Gesamtschule und Gymnasium, Theaterst\u00fccke f\u00fcr Kinder\",\"potentialAction\":[{\"@type\":\"SearchAction\",\"target\":{\"@type\":\"EntryPoint\",\"urlTemplate\":\"https:\\\/\\\/kinder-spielen-theater.de\\\/?s={search_term_string}\"},\"query-input\":{\"@type\":\"PropertyValueSpecification\",\"valueRequired\":true,\"valueName\":\"search_term_string\"}}],\"inLanguage\":\"da-DK\"}]}<\/script>\n<!-- \/ Yoast SEO plugin. -->","yoast_head_json":{"title":"The First Day of School - Kinder spielen Theater","description":"This play is about war and the use of violence. War is symbolized by a masked demon. The demon at first lures the innocent people to come to him by making great promises, but then takes off his mask and poisons the people so that they start fighting and even killing each other. A courageous and clever little shoemaker finally succeeds in driving the demon away.This play is about the very first day of school for Nina and Jens. Nina asks the older pupils to sing and dance for them. She convinces Jens that there are lots of great things to learn and do at school: painting and making crafts, learning about animals, finding friends and other fantastic things. Now both go joyously and full of expectations into their classroom to greet their new teacher.","robots":{"index":"index","follow":"follow","max-snippet":"max-snippet:-1","max-image-preview":"max-image-preview:large","max-video-preview":"max-video-preview:-1"},"canonical":"https:\/\/kinder-spielen-theater.de\/da\/vare\/the-first-day-of-school\/","og_locale":"da_DK","og_type":"article","og_title":"The First Day of School - Kinder spielen Theater","og_description":"This play is about war and the use of violence. War is symbolized by a masked demon. The demon at first lures the innocent people to come to him by making great promises, but then takes off his mask and poisons the people so that they start fighting and even killing each other. A courageous and clever little shoemaker finally succeeds in driving the demon away.This play is about the very first day of school for Nina and Jens. Nina asks the older pupils to sing and dance for them. She convinces Jens that there are lots of great things to learn and do at school: painting and making crafts, learning about animals, finding friends and other fantastic things. Now both go joyously and full of expectations into their classroom to greet their new teacher.","og_url":"https:\/\/kinder-spielen-theater.de\/da\/vare\/the-first-day-of-school\/","og_site_name":"Kinder spielen Theater","article_modified_time":"2023-03-05T20:36:05+00:00","og_image":[{"width":595,"height":842,"url":"https:\/\/kinder-spielen-theater.de\/wp-content\/uploads\/2023\/03\/13-E-TheFirstDayOfSchool_Cover.jpg","type":"image\/jpeg"}],"twitter_card":"summary_large_image","twitter_misc":{"Estimeret l\u00e6setid":"1 minut"},"schema":{"@context":"https:\/\/schema.org","@graph":[{"@type":"WebPage","@id":"https:\/\/kinder-spielen-theater.de\/produkt\/the-first-day-of-school\/","url":"https:\/\/kinder-spielen-theater.de\/produkt\/the-first-day-of-school\/","name":"The First Day of School - Kinder spielen Theater","isPartOf":{"@id":"https:\/\/kinder-spielen-theater.de\/#website"},"primaryImageOfPage":{"@id":"https:\/\/kinder-spielen-theater.de\/produkt\/the-first-day-of-school\/#primaryimage"},"image":{"@id":"https:\/\/kinder-spielen-theater.de\/produkt\/the-first-day-of-school\/#primaryimage"},"thumbnailUrl":"https:\/\/kinder-spielen-theater.de\/wp-content\/uploads\/2023\/03\/13-E-TheFirstDayOfSchool_Cover.jpg","datePublished":"2023-03-05T20:32:08+00:00","dateModified":"2023-03-05T20:36:05+00:00","description":"This play is about war and the use of violence. War is symbolized by a masked demon. The demon at first lures the innocent people to come to him by making great promises, but then takes off his mask and poisons the people so that they start fighting and even killing each other. A courageous and clever little shoemaker finally succeeds in driving the demon away.This play is about the very first day of school for Nina and Jens. Nina asks the older pupils to sing and dance for them. She convinces Jens that there are lots of great things to learn and do at school: painting and making crafts, learning about animals, finding friends and other fantastic things. Now both go joyously and full of expectations into their classroom to greet their new teacher.","breadcrumb":{"@id":"https:\/\/kinder-spielen-theater.de\/produkt\/the-first-day-of-school\/#breadcrumb"},"inLanguage":"da-DK","potentialAction":[{"@type":"ReadAction","target":["https:\/\/kinder-spielen-theater.de\/produkt\/the-first-day-of-school\/"]}]},{"@type":"ImageObject","inLanguage":"da-DK","@id":"https:\/\/kinder-spielen-theater.de\/produkt\/the-first-day-of-school\/#primaryimage","url":"https:\/\/kinder-spielen-theater.de\/wp-content\/uploads\/2023\/03\/13-E-TheFirstDayOfSchool_Cover.jpg","contentUrl":"https:\/\/kinder-spielen-theater.de\/wp-content\/uploads\/2023\/03\/13-E-TheFirstDayOfSchool_Cover.jpg","width":595,"height":842},{"@type":"BreadcrumbList","@id":"https:\/\/kinder-spielen-theater.de\/produkt\/the-first-day-of-school\/#breadcrumb","itemListElement":[{"@type":"ListItem","position":1,"name":"Startseite","item":"https:\/\/kinder-spielen-theater.de\/"},{"@type":"ListItem","position":2,"name":"Shop: Theaterst\u00fccke zum Download","item":"https:\/\/kinder-spielen-theater.de\/shop\/"},{"@type":"ListItem","position":3,"name":"The First Day of School"}]},{"@type":"WebSite","@id":"https:\/\/kinder-spielen-theater.de\/#website","url":"https:\/\/kinder-spielen-theater.de\/","name":"B\u00f8rn leger teater","description":"Skuespil til folkeskolen, Hauptschule og Realschule, Gesamtschule og Gymnasium, skuespil for b\u00f8rn","potentialAction":[{"@type":"SearchAction","target":{"@type":"EntryPoint","urlTemplate":"https:\/\/kinder-spielen-theater.de\/?s={search_term_string}"},"query-input":{"@type":"PropertyValueSpecification","valueRequired":true,"valueName":"search_term_string"}}],"inLanguage":"da-DK"}]}},"_links":{"self":[{"href":"https:\/\/kinder-spielen-theater.de\/da\/wp-json\/wp\/v2\/product\/868","targetHints":{"allow":["GET"]}}],"collection":[{"href":"https:\/\/kinder-spielen-theater.de\/da\/wp-json\/wp\/v2\/product"}],"about":[{"href":"https:\/\/kinder-spielen-theater.de\/da\/wp-json\/wp\/v2\/types\/product"}],"replies":[{"embeddable":true,"href":"https:\/\/kinder-spielen-theater.de\/da\/wp-json\/wp\/v2\/comments?post=868"}],"wp:featuredmedia":[{"embeddable":true,"href":"https:\/\/kinder-spielen-theater.de\/da\/wp-json\/wp\/v2\/media\/869"}],"wp:attachment":[{"href":"https:\/\/kinder-spielen-theater.de\/da\/wp-json\/wp\/v2\/media?parent=868"}],"wp:term":[{"taxonomy":"product_brand","embeddable":true,"href":"https:\/\/kinder-spielen-theater.de\/da\/wp-json\/wp\/v2\/product_brand?post=868"},{"taxonomy":"product_cat","embeddable":true,"href":"https:\/\/kinder-spielen-theater.de\/da\/wp-json\/wp\/v2\/product_cat?post=868"},{"taxonomy":"product_tag","embeddable":true,"href":"https:\/\/kinder-spielen-theater.de\/da\/wp-json\/wp\/v2\/product_tag?post=868"}],"curies":[{"name":"wp","href":"https:\/\/api.w.org\/{rel}","templated":true}]}}