{"id":865,"date":"2023-03-05T20:27:36","date_gmt":"2023-03-05T20:27:36","guid":{"rendered":"https:\/\/kinder-spielen-theater.de\/?post_type=product&#038;p=865"},"modified":"2023-03-05T20:31:15","modified_gmt":"2023-03-05T20:31:15","slug":"the-ballon","status":"publish","type":"product","link":"https:\/\/kinder-spielen-theater.de\/da\/vare\/the-ballon\/","title":{"rendered":"The First Flight with a Balloon"},"content":{"rendered":"<p><strong>Summery of the content<\/strong><u><br \/>\n<\/u>The play is about the first manned flight with a balloon, realised by the brothers Montgolfier in France at the time of Louis XVI. Like today, national prestige played an important role. Similar to the first space flights in our days, before man dared to take the risk of a flight, the first passengers were animals.<\/p>\n<p><strong>Number of rolls and duration of a performance<\/strong><u><br \/>\n<\/u>The play assigns parts to 28 children. This number can be increased by adding additional citizen and\/or soldier roles (non-speaking roles). The number can be reduced by combining small roles. The duration of a performance is about 35 minutes.<\/p>\n<p><strong>Size<\/strong><u><br \/>\n<\/u>Script 11 pages, total 27 pages<\/p>","protected":false},"excerpt":{"rendered":"<p>Summery of the content The play is about the first manned flight with a balloon, realised by the brothers Montgolfier in France at the time of Louis XVI. Like today, national prestige played an important role. Similar to the first space flights in our days, before man dared to take the risk of a flight, [&hellip;]<\/p>\n","protected":false},"featured_media":866,"comment_status":"closed","ping_status":"closed","template":"","meta":[],"product_brand":[],"product_cat":[60,37,42,41],"product_tag":[],"class_list":{"0":"post-865","1":"product","2":"type-product","3":"status-publish","4":"has-post-thumbnail","6":"product_cat-englische-theaterstuecke","7":"product_cat-europaeisches-kulturelles-erbe","8":"product_cat-kulturelles-erbe","9":"product_cat-naturwissenschaft-technik","11":"first","12":"instock","13":"sale","14":"downloadable","15":"virtual","16":"purchasable","17":"product-type-simple"},"yoast_head":"<!-- This site is optimized with the Yoast SEO plugin v27.3 - https:\/\/yoast.com\/product\/yoast-seo-wordpress\/ -->\n<title>The First Flight with a Balloon - Kinder spielen Theater<\/title>\n<meta name=\"description\" content=\"This play is about war and the use of violence. War is symbolized by a masked demon. The demon at first lures the innocent people to come to him by making great promises, but then takes off his mask and poisons the people so that they start fighting and even killing each other. A courageous and clever little shoemaker finally succeeds in driving the demon away.\" \/>\n<meta name=\"robots\" content=\"index, follow, max-snippet:-1, max-image-preview:large, max-video-preview:-1\" \/>\n<link rel=\"canonical\" href=\"https:\/\/kinder-spielen-theater.de\/da\/vare\/the-ballon\/\" \/>\n<meta property=\"og:locale\" content=\"da_DK\" \/>\n<meta property=\"og:type\" content=\"article\" \/>\n<meta property=\"og:title\" content=\"The First Flight with a Balloon - Kinder spielen Theater\" \/>\n<meta property=\"og:description\" content=\"This play is about war and the use of violence. War is symbolized by a masked demon. The demon at first lures the innocent people to come to him by making great promises, but then takes off his mask and poisons the people so that they start fighting and even killing each other. A courageous and clever little shoemaker finally succeeds in driving the demon away.\" \/>\n<meta property=\"og:url\" content=\"https:\/\/kinder-spielen-theater.de\/da\/vare\/the-ballon\/\" \/>\n<meta property=\"og:site_name\" content=\"Kinder spielen Theater\" \/>\n<meta property=\"article:modified_time\" content=\"2023-03-05T20:31:15+00:00\" \/>\n<meta property=\"og:image\" content=\"https:\/\/kinder-spielen-theater.de\/wp-content\/uploads\/2023\/03\/12-E-Balloon_Cover.jpg\" \/>\n\t<meta property=\"og:image:width\" content=\"595\" \/>\n\t<meta property=\"og:image:height\" content=\"842\" \/>\n\t<meta property=\"og:image:type\" content=\"image\/jpeg\" \/>\n<meta name=\"twitter:card\" content=\"summary_large_image\" \/>\n<meta name=\"twitter:label1\" content=\"Estimeret l\u00e6setid\" \/>\n\t<meta name=\"twitter:data1\" content=\"1 minut\" \/>\n<script type=\"application\/ld+json\" class=\"yoast-schema-graph\">{\"@context\":\"https:\\\/\\\/schema.org\",\"@graph\":[{\"@type\":\"WebPage\",\"@id\":\"https:\\\/\\\/kinder-spielen-theater.de\\\/produkt\\\/the-ballon\\\/\",\"url\":\"https:\\\/\\\/kinder-spielen-theater.de\\\/produkt\\\/the-ballon\\\/\",\"name\":\"The First Flight with a Balloon - Kinder spielen Theater\",\"isPartOf\":{\"@id\":\"https:\\\/\\\/kinder-spielen-theater.de\\\/#website\"},\"primaryImageOfPage\":{\"@id\":\"https:\\\/\\\/kinder-spielen-theater.de\\\/produkt\\\/the-ballon\\\/#primaryimage\"},\"image\":{\"@id\":\"https:\\\/\\\/kinder-spielen-theater.de\\\/produkt\\\/the-ballon\\\/#primaryimage\"},\"thumbnailUrl\":\"https:\\\/\\\/kinder-spielen-theater.de\\\/wp-content\\\/uploads\\\/2023\\\/03\\\/12-E-Balloon_Cover.jpg\",\"datePublished\":\"2023-03-05T20:27:36+00:00\",\"dateModified\":\"2023-03-05T20:31:15+00:00\",\"description\":\"This play is about war and the use of violence. War is symbolized by a masked demon. The demon at first lures the innocent people to come to him by making great promises, but then takes off his mask and poisons the people so that they start fighting and even killing each other. A courageous and clever little shoemaker finally succeeds in driving the demon away.\",\"breadcrumb\":{\"@id\":\"https:\\\/\\\/kinder-spielen-theater.de\\\/produkt\\\/the-ballon\\\/#breadcrumb\"},\"inLanguage\":\"da-DK\",\"potentialAction\":[{\"@type\":\"ReadAction\",\"target\":[\"https:\\\/\\\/kinder-spielen-theater.de\\\/produkt\\\/the-ballon\\\/\"]}]},{\"@type\":\"ImageObject\",\"inLanguage\":\"da-DK\",\"@id\":\"https:\\\/\\\/kinder-spielen-theater.de\\\/produkt\\\/the-ballon\\\/#primaryimage\",\"url\":\"https:\\\/\\\/kinder-spielen-theater.de\\\/wp-content\\\/uploads\\\/2023\\\/03\\\/12-E-Balloon_Cover.jpg\",\"contentUrl\":\"https:\\\/\\\/kinder-spielen-theater.de\\\/wp-content\\\/uploads\\\/2023\\\/03\\\/12-E-Balloon_Cover.jpg\",\"width\":595,\"height\":842},{\"@type\":\"BreadcrumbList\",\"@id\":\"https:\\\/\\\/kinder-spielen-theater.de\\\/produkt\\\/the-ballon\\\/#breadcrumb\",\"itemListElement\":[{\"@type\":\"ListItem\",\"position\":1,\"name\":\"Startseite\",\"item\":\"https:\\\/\\\/kinder-spielen-theater.de\\\/\"},{\"@type\":\"ListItem\",\"position\":2,\"name\":\"Shop: Theaterst\u00fccke zum Download\",\"item\":\"https:\\\/\\\/kinder-spielen-theater.de\\\/shop\\\/\"},{\"@type\":\"ListItem\",\"position\":3,\"name\":\"The First Flight with a Balloon\"}]},{\"@type\":\"WebSite\",\"@id\":\"https:\\\/\\\/kinder-spielen-theater.de\\\/#website\",\"url\":\"https:\\\/\\\/kinder-spielen-theater.de\\\/\",\"name\":\"Kinder spielen Theater\",\"description\":\"Theaterst\u00fccke f\u00fcr die Grundschule, Haupt- und Realschule, Gesamtschule und Gymnasium, Theaterst\u00fccke f\u00fcr Kinder\",\"potentialAction\":[{\"@type\":\"SearchAction\",\"target\":{\"@type\":\"EntryPoint\",\"urlTemplate\":\"https:\\\/\\\/kinder-spielen-theater.de\\\/?s={search_term_string}\"},\"query-input\":{\"@type\":\"PropertyValueSpecification\",\"valueRequired\":true,\"valueName\":\"search_term_string\"}}],\"inLanguage\":\"da-DK\"}]}<\/script>\n<!-- \/ Yoast SEO plugin. -->","yoast_head_json":{"title":"The First Flight with a Balloon - Kinder spielen Theater","description":"This play is about war and the use of violence. War is symbolized by a masked demon. The demon at first lures the innocent people to come to him by making great promises, but then takes off his mask and poisons the people so that they start fighting and even killing each other. A courageous and clever little shoemaker finally succeeds in driving the demon away.","robots":{"index":"index","follow":"follow","max-snippet":"max-snippet:-1","max-image-preview":"max-image-preview:large","max-video-preview":"max-video-preview:-1"},"canonical":"https:\/\/kinder-spielen-theater.de\/da\/vare\/the-ballon\/","og_locale":"da_DK","og_type":"article","og_title":"The First Flight with a Balloon - Kinder spielen Theater","og_description":"This play is about war and the use of violence. War is symbolized by a masked demon. The demon at first lures the innocent people to come to him by making great promises, but then takes off his mask and poisons the people so that they start fighting and even killing each other. A courageous and clever little shoemaker finally succeeds in driving the demon away.","og_url":"https:\/\/kinder-spielen-theater.de\/da\/vare\/the-ballon\/","og_site_name":"Kinder spielen Theater","article_modified_time":"2023-03-05T20:31:15+00:00","og_image":[{"width":595,"height":842,"url":"https:\/\/kinder-spielen-theater.de\/wp-content\/uploads\/2023\/03\/12-E-Balloon_Cover.jpg","type":"image\/jpeg"}],"twitter_card":"summary_large_image","twitter_misc":{"Estimeret l\u00e6setid":"1 minut"},"schema":{"@context":"https:\/\/schema.org","@graph":[{"@type":"WebPage","@id":"https:\/\/kinder-spielen-theater.de\/produkt\/the-ballon\/","url":"https:\/\/kinder-spielen-theater.de\/produkt\/the-ballon\/","name":"The First Flight with a Balloon - Kinder spielen Theater","isPartOf":{"@id":"https:\/\/kinder-spielen-theater.de\/#website"},"primaryImageOfPage":{"@id":"https:\/\/kinder-spielen-theater.de\/produkt\/the-ballon\/#primaryimage"},"image":{"@id":"https:\/\/kinder-spielen-theater.de\/produkt\/the-ballon\/#primaryimage"},"thumbnailUrl":"https:\/\/kinder-spielen-theater.de\/wp-content\/uploads\/2023\/03\/12-E-Balloon_Cover.jpg","datePublished":"2023-03-05T20:27:36+00:00","dateModified":"2023-03-05T20:31:15+00:00","description":"This play is about war and the use of violence. War is symbolized by a masked demon. The demon at first lures the innocent people to come to him by making great promises, but then takes off his mask and poisons the people so that they start fighting and even killing each other. A courageous and clever little shoemaker finally succeeds in driving the demon away.","breadcrumb":{"@id":"https:\/\/kinder-spielen-theater.de\/produkt\/the-ballon\/#breadcrumb"},"inLanguage":"da-DK","potentialAction":[{"@type":"ReadAction","target":["https:\/\/kinder-spielen-theater.de\/produkt\/the-ballon\/"]}]},{"@type":"ImageObject","inLanguage":"da-DK","@id":"https:\/\/kinder-spielen-theater.de\/produkt\/the-ballon\/#primaryimage","url":"https:\/\/kinder-spielen-theater.de\/wp-content\/uploads\/2023\/03\/12-E-Balloon_Cover.jpg","contentUrl":"https:\/\/kinder-spielen-theater.de\/wp-content\/uploads\/2023\/03\/12-E-Balloon_Cover.jpg","width":595,"height":842},{"@type":"BreadcrumbList","@id":"https:\/\/kinder-spielen-theater.de\/produkt\/the-ballon\/#breadcrumb","itemListElement":[{"@type":"ListItem","position":1,"name":"Startseite","item":"https:\/\/kinder-spielen-theater.de\/"},{"@type":"ListItem","position":2,"name":"Shop: Theaterst\u00fccke zum Download","item":"https:\/\/kinder-spielen-theater.de\/shop\/"},{"@type":"ListItem","position":3,"name":"The First Flight with a Balloon"}]},{"@type":"WebSite","@id":"https:\/\/kinder-spielen-theater.de\/#website","url":"https:\/\/kinder-spielen-theater.de\/","name":"B\u00f8rn leger teater","description":"Skuespil til folkeskolen, Hauptschule og Realschule, Gesamtschule og Gymnasium, skuespil for b\u00f8rn","potentialAction":[{"@type":"SearchAction","target":{"@type":"EntryPoint","urlTemplate":"https:\/\/kinder-spielen-theater.de\/?s={search_term_string}"},"query-input":{"@type":"PropertyValueSpecification","valueRequired":true,"valueName":"search_term_string"}}],"inLanguage":"da-DK"}]}},"_links":{"self":[{"href":"https:\/\/kinder-spielen-theater.de\/da\/wp-json\/wp\/v2\/product\/865","targetHints":{"allow":["GET"]}}],"collection":[{"href":"https:\/\/kinder-spielen-theater.de\/da\/wp-json\/wp\/v2\/product"}],"about":[{"href":"https:\/\/kinder-spielen-theater.de\/da\/wp-json\/wp\/v2\/types\/product"}],"replies":[{"embeddable":true,"href":"https:\/\/kinder-spielen-theater.de\/da\/wp-json\/wp\/v2\/comments?post=865"}],"wp:featuredmedia":[{"embeddable":true,"href":"https:\/\/kinder-spielen-theater.de\/da\/wp-json\/wp\/v2\/media\/866"}],"wp:attachment":[{"href":"https:\/\/kinder-spielen-theater.de\/da\/wp-json\/wp\/v2\/media?parent=865"}],"wp:term":[{"taxonomy":"product_brand","embeddable":true,"href":"https:\/\/kinder-spielen-theater.de\/da\/wp-json\/wp\/v2\/product_brand?post=865"},{"taxonomy":"product_cat","embeddable":true,"href":"https:\/\/kinder-spielen-theater.de\/da\/wp-json\/wp\/v2\/product_cat?post=865"},{"taxonomy":"product_tag","embeddable":true,"href":"https:\/\/kinder-spielen-theater.de\/da\/wp-json\/wp\/v2\/product_tag?post=865"}],"curies":[{"name":"wp","href":"https:\/\/api.w.org\/{rel}","templated":true}]}}