{"id":862,"date":"2023-03-05T20:22:45","date_gmt":"2023-03-05T20:22:45","guid":{"rendered":"https:\/\/kinder-spielen-theater.de\/?post_type=product&#038;p=862"},"modified":"2023-03-05T20:27:03","modified_gmt":"2023-03-05T20:27:03","slug":"the-demon","status":"publish","type":"product","link":"https:\/\/kinder-spielen-theater.de\/da\/vare\/the-demon\/","title":{"rendered":"The Demon"},"content":{"rendered":"<p><strong>Summery of the content<\/strong><u><br \/>\n<\/u>This play is about war and the use of violence. War is symbolized by a masked demon. The demon at first lures the innocent people to come to him by making great promises, but then takes off his mask and poisons the people so that they start fighting and even killing each other. A courageous and clever little shoemaker finally succeeds in driving the demon away.<\/p>\n<p><strong>Number of rolls and duration of a performance<\/strong><u><br \/>\n<\/u>The play assigns parts to 18 children. This number can be increased by adding or reduced by decreasing the number of soldiers and\/or scientists (non- speaking roles). The duration of a performance is about 25 minutes.<\/p>\n<p><strong>Size<\/strong><br \/>\nScript 7 pages, total 18 pages<\/p>","protected":false},"excerpt":{"rendered":"<p>Summery of the content This play is about war and the use of violence. War is symbolized by a masked demon. The demon at first lures the innocent people to come to him by making great promises, but then takes off his mask and poisons the people so that they start fighting and even killing [&hellip;]<\/p>\n","protected":false},"featured_media":863,"comment_status":"closed","ping_status":"closed","template":"","meta":[],"product_brand":[],"product_cat":[60,44],"product_tag":[],"class_list":{"0":"post-862","1":"product","2":"type-product","3":"status-publish","4":"has-post-thumbnail","6":"product_cat-englische-theaterstuecke","7":"product_cat-gewaltlosigkeit","9":"first","10":"instock","11":"sale","12":"downloadable","13":"virtual","14":"purchasable","15":"product-type-simple"},"yoast_head":"<!-- This site is optimized with the Yoast SEO plugin v27.4 - https:\/\/yoast.com\/product\/yoast-seo-wordpress\/ -->\n<title>The Demon - Kinder spielen Theater<\/title>\n<meta name=\"description\" content=\"This play is about war and the use of violence. War is symbolized by a masked demon. The demon at first lures the innocent people to come to him by making great promises, but then takes off his mask and poisons the people so that they start fighting and even killing each other. A courageous and clever little shoemaker finally succeeds in driving the demon away.\" \/>\n<meta name=\"robots\" content=\"index, follow, max-snippet:-1, max-image-preview:large, max-video-preview:-1\" \/>\n<link rel=\"canonical\" href=\"https:\/\/kinder-spielen-theater.de\/da\/vare\/the-demon\/\" \/>\n<meta property=\"og:locale\" content=\"da_DK\" \/>\n<meta property=\"og:type\" content=\"article\" \/>\n<meta property=\"og:title\" content=\"The Demon - Kinder spielen Theater\" \/>\n<meta property=\"og:description\" content=\"This play is about war and the use of violence. War is symbolized by a masked demon. The demon at first lures the innocent people to come to him by making great promises, but then takes off his mask and poisons the people so that they start fighting and even killing each other. A courageous and clever little shoemaker finally succeeds in driving the demon away.\" \/>\n<meta property=\"og:url\" content=\"https:\/\/kinder-spielen-theater.de\/da\/vare\/the-demon\/\" \/>\n<meta property=\"og:site_name\" content=\"Kinder spielen Theater\" \/>\n<meta property=\"article:modified_time\" content=\"2023-03-05T20:27:03+00:00\" \/>\n<meta property=\"og:image\" content=\"https:\/\/kinder-spielen-theater.de\/wp-content\/uploads\/2023\/03\/11-E-TheDemon_Cover.jpg\" \/>\n\t<meta property=\"og:image:width\" content=\"458\" \/>\n\t<meta property=\"og:image:height\" content=\"648\" \/>\n\t<meta property=\"og:image:type\" content=\"image\/jpeg\" \/>\n<meta name=\"twitter:card\" content=\"summary_large_image\" \/>\n<meta name=\"twitter:label1\" content=\"Estimeret l\u00e6setid\" \/>\n\t<meta name=\"twitter:data1\" content=\"1 minut\" \/>\n<script type=\"application\/ld+json\" class=\"yoast-schema-graph\">{\"@context\":\"https:\\\/\\\/schema.org\",\"@graph\":[{\"@type\":\"WebPage\",\"@id\":\"https:\\\/\\\/kinder-spielen-theater.de\\\/produkt\\\/the-demon\\\/\",\"url\":\"https:\\\/\\\/kinder-spielen-theater.de\\\/produkt\\\/the-demon\\\/\",\"name\":\"The Demon - Kinder spielen Theater\",\"isPartOf\":{\"@id\":\"https:\\\/\\\/kinder-spielen-theater.de\\\/#website\"},\"primaryImageOfPage\":{\"@id\":\"https:\\\/\\\/kinder-spielen-theater.de\\\/produkt\\\/the-demon\\\/#primaryimage\"},\"image\":{\"@id\":\"https:\\\/\\\/kinder-spielen-theater.de\\\/produkt\\\/the-demon\\\/#primaryimage\"},\"thumbnailUrl\":\"https:\\\/\\\/kinder-spielen-theater.de\\\/wp-content\\\/uploads\\\/2023\\\/03\\\/11-E-TheDemon_Cover.jpg\",\"datePublished\":\"2023-03-05T20:22:45+00:00\",\"dateModified\":\"2023-03-05T20:27:03+00:00\",\"description\":\"This play is about war and the use of violence. War is symbolized by a masked demon. The demon at first lures the innocent people to come to him by making great promises, but then takes off his mask and poisons the people so that they start fighting and even killing each other. A courageous and clever little shoemaker finally succeeds in driving the demon away.\",\"breadcrumb\":{\"@id\":\"https:\\\/\\\/kinder-spielen-theater.de\\\/produkt\\\/the-demon\\\/#breadcrumb\"},\"inLanguage\":\"da-DK\",\"potentialAction\":[{\"@type\":\"ReadAction\",\"target\":[\"https:\\\/\\\/kinder-spielen-theater.de\\\/produkt\\\/the-demon\\\/\"]}]},{\"@type\":\"ImageObject\",\"inLanguage\":\"da-DK\",\"@id\":\"https:\\\/\\\/kinder-spielen-theater.de\\\/produkt\\\/the-demon\\\/#primaryimage\",\"url\":\"https:\\\/\\\/kinder-spielen-theater.de\\\/wp-content\\\/uploads\\\/2023\\\/03\\\/11-E-TheDemon_Cover.jpg\",\"contentUrl\":\"https:\\\/\\\/kinder-spielen-theater.de\\\/wp-content\\\/uploads\\\/2023\\\/03\\\/11-E-TheDemon_Cover.jpg\",\"width\":458,\"height\":648},{\"@type\":\"BreadcrumbList\",\"@id\":\"https:\\\/\\\/kinder-spielen-theater.de\\\/produkt\\\/the-demon\\\/#breadcrumb\",\"itemListElement\":[{\"@type\":\"ListItem\",\"position\":1,\"name\":\"Startseite\",\"item\":\"https:\\\/\\\/kinder-spielen-theater.de\\\/\"},{\"@type\":\"ListItem\",\"position\":2,\"name\":\"Shop: Theaterst\u00fccke zum Download\",\"item\":\"https:\\\/\\\/kinder-spielen-theater.de\\\/shop\\\/\"},{\"@type\":\"ListItem\",\"position\":3,\"name\":\"The Demon\"}]},{\"@type\":\"WebSite\",\"@id\":\"https:\\\/\\\/kinder-spielen-theater.de\\\/#website\",\"url\":\"https:\\\/\\\/kinder-spielen-theater.de\\\/\",\"name\":\"Kinder spielen Theater\",\"description\":\"Theaterst\u00fccke f\u00fcr die Grundschule, Haupt- und Realschule, Gesamtschule und Gymnasium, Theaterst\u00fccke f\u00fcr Kinder\",\"potentialAction\":[{\"@type\":\"SearchAction\",\"target\":{\"@type\":\"EntryPoint\",\"urlTemplate\":\"https:\\\/\\\/kinder-spielen-theater.de\\\/?s={search_term_string}\"},\"query-input\":{\"@type\":\"PropertyValueSpecification\",\"valueRequired\":true,\"valueName\":\"search_term_string\"}}],\"inLanguage\":\"da-DK\"}]}<\/script>\n<!-- \/ Yoast SEO plugin. -->","yoast_head_json":{"title":"The Demon - Kinder spielen Theater","description":"This play is about war and the use of violence. War is symbolized by a masked demon. The demon at first lures the innocent people to come to him by making great promises, but then takes off his mask and poisons the people so that they start fighting and even killing each other. A courageous and clever little shoemaker finally succeeds in driving the demon away.","robots":{"index":"index","follow":"follow","max-snippet":"max-snippet:-1","max-image-preview":"max-image-preview:large","max-video-preview":"max-video-preview:-1"},"canonical":"https:\/\/kinder-spielen-theater.de\/da\/vare\/the-demon\/","og_locale":"da_DK","og_type":"article","og_title":"The Demon - Kinder spielen Theater","og_description":"This play is about war and the use of violence. War is symbolized by a masked demon. The demon at first lures the innocent people to come to him by making great promises, but then takes off his mask and poisons the people so that they start fighting and even killing each other. A courageous and clever little shoemaker finally succeeds in driving the demon away.","og_url":"https:\/\/kinder-spielen-theater.de\/da\/vare\/the-demon\/","og_site_name":"Kinder spielen Theater","article_modified_time":"2023-03-05T20:27:03+00:00","og_image":[{"width":458,"height":648,"url":"https:\/\/kinder-spielen-theater.de\/wp-content\/uploads\/2023\/03\/11-E-TheDemon_Cover.jpg","type":"image\/jpeg"}],"twitter_card":"summary_large_image","twitter_misc":{"Estimeret l\u00e6setid":"1 minut"},"schema":{"@context":"https:\/\/schema.org","@graph":[{"@type":"WebPage","@id":"https:\/\/kinder-spielen-theater.de\/produkt\/the-demon\/","url":"https:\/\/kinder-spielen-theater.de\/produkt\/the-demon\/","name":"The Demon - Kinder spielen Theater","isPartOf":{"@id":"https:\/\/kinder-spielen-theater.de\/#website"},"primaryImageOfPage":{"@id":"https:\/\/kinder-spielen-theater.de\/produkt\/the-demon\/#primaryimage"},"image":{"@id":"https:\/\/kinder-spielen-theater.de\/produkt\/the-demon\/#primaryimage"},"thumbnailUrl":"https:\/\/kinder-spielen-theater.de\/wp-content\/uploads\/2023\/03\/11-E-TheDemon_Cover.jpg","datePublished":"2023-03-05T20:22:45+00:00","dateModified":"2023-03-05T20:27:03+00:00","description":"This play is about war and the use of violence. War is symbolized by a masked demon. The demon at first lures the innocent people to come to him by making great promises, but then takes off his mask and poisons the people so that they start fighting and even killing each other. A courageous and clever little shoemaker finally succeeds in driving the demon away.","breadcrumb":{"@id":"https:\/\/kinder-spielen-theater.de\/produkt\/the-demon\/#breadcrumb"},"inLanguage":"da-DK","potentialAction":[{"@type":"ReadAction","target":["https:\/\/kinder-spielen-theater.de\/produkt\/the-demon\/"]}]},{"@type":"ImageObject","inLanguage":"da-DK","@id":"https:\/\/kinder-spielen-theater.de\/produkt\/the-demon\/#primaryimage","url":"https:\/\/kinder-spielen-theater.de\/wp-content\/uploads\/2023\/03\/11-E-TheDemon_Cover.jpg","contentUrl":"https:\/\/kinder-spielen-theater.de\/wp-content\/uploads\/2023\/03\/11-E-TheDemon_Cover.jpg","width":458,"height":648},{"@type":"BreadcrumbList","@id":"https:\/\/kinder-spielen-theater.de\/produkt\/the-demon\/#breadcrumb","itemListElement":[{"@type":"ListItem","position":1,"name":"Startseite","item":"https:\/\/kinder-spielen-theater.de\/"},{"@type":"ListItem","position":2,"name":"Shop: Theaterst\u00fccke zum Download","item":"https:\/\/kinder-spielen-theater.de\/shop\/"},{"@type":"ListItem","position":3,"name":"The Demon"}]},{"@type":"WebSite","@id":"https:\/\/kinder-spielen-theater.de\/#website","url":"https:\/\/kinder-spielen-theater.de\/","name":"B\u00f8rn leger teater","description":"Skuespil til folkeskolen, Hauptschule og Realschule, Gesamtschule og Gymnasium, skuespil for b\u00f8rn","potentialAction":[{"@type":"SearchAction","target":{"@type":"EntryPoint","urlTemplate":"https:\/\/kinder-spielen-theater.de\/?s={search_term_string}"},"query-input":{"@type":"PropertyValueSpecification","valueRequired":true,"valueName":"search_term_string"}}],"inLanguage":"da-DK"}]}},"_links":{"self":[{"href":"https:\/\/kinder-spielen-theater.de\/da\/wp-json\/wp\/v2\/product\/862","targetHints":{"allow":["GET"]}}],"collection":[{"href":"https:\/\/kinder-spielen-theater.de\/da\/wp-json\/wp\/v2\/product"}],"about":[{"href":"https:\/\/kinder-spielen-theater.de\/da\/wp-json\/wp\/v2\/types\/product"}],"replies":[{"embeddable":true,"href":"https:\/\/kinder-spielen-theater.de\/da\/wp-json\/wp\/v2\/comments?post=862"}],"wp:featuredmedia":[{"embeddable":true,"href":"https:\/\/kinder-spielen-theater.de\/da\/wp-json\/wp\/v2\/media\/863"}],"wp:attachment":[{"href":"https:\/\/kinder-spielen-theater.de\/da\/wp-json\/wp\/v2\/media?parent=862"}],"wp:term":[{"taxonomy":"product_brand","embeddable":true,"href":"https:\/\/kinder-spielen-theater.de\/da\/wp-json\/wp\/v2\/product_brand?post=862"},{"taxonomy":"product_cat","embeddable":true,"href":"https:\/\/kinder-spielen-theater.de\/da\/wp-json\/wp\/v2\/product_cat?post=862"},{"taxonomy":"product_tag","embeddable":true,"href":"https:\/\/kinder-spielen-theater.de\/da\/wp-json\/wp\/v2\/product_tag?post=862"}],"curies":[{"name":"wp","href":"https:\/\/api.w.org\/{rel}","templated":true}]}}