{"id":857,"date":"2023-02-05T18:56:29","date_gmt":"2023-02-05T18:56:29","guid":{"rendered":"https:\/\/kinder-spielen-theater.de\/?post_type=product&#038;p=857"},"modified":"2023-02-05T18:59:43","modified_gmt":"2023-02-05T18:59:43","slug":"the-shootingstars","status":"publish","type":"product","link":"https:\/\/kinder-spielen-theater.de\/da\/vare\/the-shootingstars\/","title":{"rendered":"The Shooting Stars"},"content":{"rendered":"<p><strong>Summery of the content<\/strong><u><br \/>\n<\/u>\u201cThe Shooting Stars\u201d is one of the \u201cTales of the little Hedgehogs\u201d. In this play the Little Hedgehog admires the beautifully glittering stars and wishes he could travel to them. The moon tells him how to do this: he must find a shooting star to take him there. In the course of many nights he meets many shooting stars, but none of them is big enough to carry him to the stars. However, the Little Hedgehog does not lose hope and is confident that one day he will be able to realise his dream.<\/p>\n<p><u><br \/>\n<\/u><strong>Number of rolls and duration of a performance<\/strong><u><br \/>\n<\/u>\u201cThe Shooting Stars\u201d assigns parts to 19 children (10 speaking roles, 9 non- speaking roles). This number can be increased by adding stars or shooting stars (non-speaking roles) or reduced by reducing the number of stars or shooting stars. The duration of a performance is about 10 minutes.<\/p>\n<p><strong><u>S<\/u><\/strong><strong><u>ize<\/u><\/strong><u><br \/>\n<\/u>Script 2 pages, total 7 pages<\/p>","protected":false},"excerpt":{"rendered":"<p>Summery of the content \u201cThe Shooting Stars\u201d is one of the \u201cTales of the little Hedgehogs\u201d. In this play the Little Hedgehog admires the beautifully glittering stars and wishes he could travel to them. The moon tells him how to do this: he must find a shooting star to take him there. In the course [&hellip;]<\/p>\n","protected":false},"featured_media":858,"comment_status":"closed","ping_status":"closed","template":"","meta":[],"product_brand":[],"product_cat":[60,30],"product_tag":[],"class_list":{"0":"post-857","1":"product","2":"type-product","3":"status-publish","4":"has-post-thumbnail","6":"product_cat-englische-theaterstuecke","7":"product_cat-igelgeschichten","9":"first","10":"instock","11":"sale","12":"downloadable","13":"virtual","14":"purchasable","15":"product-type-simple"},"yoast_head":"<!-- This site is optimized with the Yoast SEO plugin v27.3 - https:\/\/yoast.com\/product\/yoast-seo-wordpress\/ -->\n<title>The Shooting Stars - Kinder spielen Theater<\/title>\n<meta name=\"description\" content=\"\u201cThe Shooting Stars\u201d is one of the \u201cTales of the little Hedgehogs\u201d. In this play the Little Hedgehog admires the beautifully glittering stars and wishes he could travel to them. The moon tells him how to do this: he must find a shooting star to take him there. In the course of many nights he meets many shooting stars, but none of them is big enough to carry him to the stars. However, the Little Hedgehog does not lose hope and is confident that one day he will be able to realise his dream.\" \/>\n<meta name=\"robots\" content=\"index, follow, max-snippet:-1, max-image-preview:large, max-video-preview:-1\" \/>\n<link rel=\"canonical\" href=\"https:\/\/kinder-spielen-theater.de\/da\/vare\/the-shootingstars\/\" \/>\n<meta property=\"og:locale\" content=\"da_DK\" \/>\n<meta property=\"og:type\" content=\"article\" \/>\n<meta property=\"og:title\" content=\"The Shooting Stars - Kinder spielen Theater\" \/>\n<meta property=\"og:description\" content=\"\u201cThe Shooting Stars\u201d is one of the \u201cTales of the little Hedgehogs\u201d. In this play the Little Hedgehog admires the beautifully glittering stars and wishes he could travel to them. The moon tells him how to do this: he must find a shooting star to take him there. In the course of many nights he meets many shooting stars, but none of them is big enough to carry him to the stars. However, the Little Hedgehog does not lose hope and is confident that one day he will be able to realise his dream.\" \/>\n<meta property=\"og:url\" content=\"https:\/\/kinder-spielen-theater.de\/da\/vare\/the-shootingstars\/\" \/>\n<meta property=\"og:site_name\" content=\"Kinder spielen Theater\" \/>\n<meta property=\"article:modified_time\" content=\"2023-02-05T18:59:43+00:00\" \/>\n<meta property=\"og:image\" content=\"https:\/\/kinder-spielen-theater.de\/wp-content\/uploads\/2023\/02\/10b-E-TheShootingStars_Cover.jpg\" \/>\n\t<meta property=\"og:image:width\" content=\"595\" \/>\n\t<meta property=\"og:image:height\" content=\"842\" \/>\n\t<meta property=\"og:image:type\" content=\"image\/jpeg\" \/>\n<meta name=\"twitter:card\" content=\"summary_large_image\" \/>\n<meta name=\"twitter:label1\" content=\"Estimeret l\u00e6setid\" \/>\n\t<meta name=\"twitter:data1\" content=\"1 minut\" \/>\n<script type=\"application\/ld+json\" class=\"yoast-schema-graph\">{\"@context\":\"https:\\\/\\\/schema.org\",\"@graph\":[{\"@type\":\"WebPage\",\"@id\":\"https:\\\/\\\/kinder-spielen-theater.de\\\/produkt\\\/the-shootingstars\\\/\",\"url\":\"https:\\\/\\\/kinder-spielen-theater.de\\\/produkt\\\/the-shootingstars\\\/\",\"name\":\"The Shooting Stars - Kinder spielen Theater\",\"isPartOf\":{\"@id\":\"https:\\\/\\\/kinder-spielen-theater.de\\\/#website\"},\"primaryImageOfPage\":{\"@id\":\"https:\\\/\\\/kinder-spielen-theater.de\\\/produkt\\\/the-shootingstars\\\/#primaryimage\"},\"image\":{\"@id\":\"https:\\\/\\\/kinder-spielen-theater.de\\\/produkt\\\/the-shootingstars\\\/#primaryimage\"},\"thumbnailUrl\":\"https:\\\/\\\/kinder-spielen-theater.de\\\/wp-content\\\/uploads\\\/2023\\\/02\\\/10b-E-TheShootingStars_Cover.jpg\",\"datePublished\":\"2023-02-05T18:56:29+00:00\",\"dateModified\":\"2023-02-05T18:59:43+00:00\",\"description\":\"\u201cThe Shooting Stars\u201d is one of the \u201cTales of the little Hedgehogs\u201d. In this play the Little Hedgehog admires the beautifully glittering stars and wishes he could travel to them. The moon tells him how to do this: he must find a shooting star to take him there. In the course of many nights he meets many shooting stars, but none of them is big enough to carry him to the stars. However, the Little Hedgehog does not lose hope and is confident that one day he will be able to realise his dream.\",\"breadcrumb\":{\"@id\":\"https:\\\/\\\/kinder-spielen-theater.de\\\/produkt\\\/the-shootingstars\\\/#breadcrumb\"},\"inLanguage\":\"da-DK\",\"potentialAction\":[{\"@type\":\"ReadAction\",\"target\":[\"https:\\\/\\\/kinder-spielen-theater.de\\\/produkt\\\/the-shootingstars\\\/\"]}]},{\"@type\":\"ImageObject\",\"inLanguage\":\"da-DK\",\"@id\":\"https:\\\/\\\/kinder-spielen-theater.de\\\/produkt\\\/the-shootingstars\\\/#primaryimage\",\"url\":\"https:\\\/\\\/kinder-spielen-theater.de\\\/wp-content\\\/uploads\\\/2023\\\/02\\\/10b-E-TheShootingStars_Cover.jpg\",\"contentUrl\":\"https:\\\/\\\/kinder-spielen-theater.de\\\/wp-content\\\/uploads\\\/2023\\\/02\\\/10b-E-TheShootingStars_Cover.jpg\",\"width\":595,\"height\":842},{\"@type\":\"BreadcrumbList\",\"@id\":\"https:\\\/\\\/kinder-spielen-theater.de\\\/produkt\\\/the-shootingstars\\\/#breadcrumb\",\"itemListElement\":[{\"@type\":\"ListItem\",\"position\":1,\"name\":\"Startseite\",\"item\":\"https:\\\/\\\/kinder-spielen-theater.de\\\/\"},{\"@type\":\"ListItem\",\"position\":2,\"name\":\"Shop: Theaterst\u00fccke zum Download\",\"item\":\"https:\\\/\\\/kinder-spielen-theater.de\\\/shop\\\/\"},{\"@type\":\"ListItem\",\"position\":3,\"name\":\"The Shooting Stars\"}]},{\"@type\":\"WebSite\",\"@id\":\"https:\\\/\\\/kinder-spielen-theater.de\\\/#website\",\"url\":\"https:\\\/\\\/kinder-spielen-theater.de\\\/\",\"name\":\"Kinder spielen Theater\",\"description\":\"Theaterst\u00fccke f\u00fcr die Grundschule, Haupt- und Realschule, Gesamtschule und Gymnasium, Theaterst\u00fccke f\u00fcr Kinder\",\"potentialAction\":[{\"@type\":\"SearchAction\",\"target\":{\"@type\":\"EntryPoint\",\"urlTemplate\":\"https:\\\/\\\/kinder-spielen-theater.de\\\/?s={search_term_string}\"},\"query-input\":{\"@type\":\"PropertyValueSpecification\",\"valueRequired\":true,\"valueName\":\"search_term_string\"}}],\"inLanguage\":\"da-DK\"}]}<\/script>\n<!-- \/ Yoast SEO plugin. -->","yoast_head_json":{"title":"The Shooting Stars - Kinder spielen Theater","description":"\u201cThe Shooting Stars\u201d is one of the \u201cTales of the little Hedgehogs\u201d. In this play the Little Hedgehog admires the beautifully glittering stars and wishes he could travel to them. The moon tells him how to do this: he must find a shooting star to take him there. In the course of many nights he meets many shooting stars, but none of them is big enough to carry him to the stars. However, the Little Hedgehog does not lose hope and is confident that one day he will be able to realise his dream.","robots":{"index":"index","follow":"follow","max-snippet":"max-snippet:-1","max-image-preview":"max-image-preview:large","max-video-preview":"max-video-preview:-1"},"canonical":"https:\/\/kinder-spielen-theater.de\/da\/vare\/the-shootingstars\/","og_locale":"da_DK","og_type":"article","og_title":"The Shooting Stars - Kinder spielen Theater","og_description":"\u201cThe Shooting Stars\u201d is one of the \u201cTales of the little Hedgehogs\u201d. In this play the Little Hedgehog admires the beautifully glittering stars and wishes he could travel to them. The moon tells him how to do this: he must find a shooting star to take him there. In the course of many nights he meets many shooting stars, but none of them is big enough to carry him to the stars. However, the Little Hedgehog does not lose hope and is confident that one day he will be able to realise his dream.","og_url":"https:\/\/kinder-spielen-theater.de\/da\/vare\/the-shootingstars\/","og_site_name":"Kinder spielen Theater","article_modified_time":"2023-02-05T18:59:43+00:00","og_image":[{"width":595,"height":842,"url":"https:\/\/kinder-spielen-theater.de\/wp-content\/uploads\/2023\/02\/10b-E-TheShootingStars_Cover.jpg","type":"image\/jpeg"}],"twitter_card":"summary_large_image","twitter_misc":{"Estimeret l\u00e6setid":"1 minut"},"schema":{"@context":"https:\/\/schema.org","@graph":[{"@type":"WebPage","@id":"https:\/\/kinder-spielen-theater.de\/produkt\/the-shootingstars\/","url":"https:\/\/kinder-spielen-theater.de\/produkt\/the-shootingstars\/","name":"The Shooting Stars - Kinder spielen Theater","isPartOf":{"@id":"https:\/\/kinder-spielen-theater.de\/#website"},"primaryImageOfPage":{"@id":"https:\/\/kinder-spielen-theater.de\/produkt\/the-shootingstars\/#primaryimage"},"image":{"@id":"https:\/\/kinder-spielen-theater.de\/produkt\/the-shootingstars\/#primaryimage"},"thumbnailUrl":"https:\/\/kinder-spielen-theater.de\/wp-content\/uploads\/2023\/02\/10b-E-TheShootingStars_Cover.jpg","datePublished":"2023-02-05T18:56:29+00:00","dateModified":"2023-02-05T18:59:43+00:00","description":"\u201cThe Shooting Stars\u201d is one of the \u201cTales of the little Hedgehogs\u201d. In this play the Little Hedgehog admires the beautifully glittering stars and wishes he could travel to them. The moon tells him how to do this: he must find a shooting star to take him there. In the course of many nights he meets many shooting stars, but none of them is big enough to carry him to the stars. However, the Little Hedgehog does not lose hope and is confident that one day he will be able to realise his dream.","breadcrumb":{"@id":"https:\/\/kinder-spielen-theater.de\/produkt\/the-shootingstars\/#breadcrumb"},"inLanguage":"da-DK","potentialAction":[{"@type":"ReadAction","target":["https:\/\/kinder-spielen-theater.de\/produkt\/the-shootingstars\/"]}]},{"@type":"ImageObject","inLanguage":"da-DK","@id":"https:\/\/kinder-spielen-theater.de\/produkt\/the-shootingstars\/#primaryimage","url":"https:\/\/kinder-spielen-theater.de\/wp-content\/uploads\/2023\/02\/10b-E-TheShootingStars_Cover.jpg","contentUrl":"https:\/\/kinder-spielen-theater.de\/wp-content\/uploads\/2023\/02\/10b-E-TheShootingStars_Cover.jpg","width":595,"height":842},{"@type":"BreadcrumbList","@id":"https:\/\/kinder-spielen-theater.de\/produkt\/the-shootingstars\/#breadcrumb","itemListElement":[{"@type":"ListItem","position":1,"name":"Startseite","item":"https:\/\/kinder-spielen-theater.de\/"},{"@type":"ListItem","position":2,"name":"Shop: Theaterst\u00fccke zum Download","item":"https:\/\/kinder-spielen-theater.de\/shop\/"},{"@type":"ListItem","position":3,"name":"The Shooting Stars"}]},{"@type":"WebSite","@id":"https:\/\/kinder-spielen-theater.de\/#website","url":"https:\/\/kinder-spielen-theater.de\/","name":"B\u00f8rn leger teater","description":"Skuespil til folkeskolen, Hauptschule og Realschule, Gesamtschule og Gymnasium, skuespil for b\u00f8rn","potentialAction":[{"@type":"SearchAction","target":{"@type":"EntryPoint","urlTemplate":"https:\/\/kinder-spielen-theater.de\/?s={search_term_string}"},"query-input":{"@type":"PropertyValueSpecification","valueRequired":true,"valueName":"search_term_string"}}],"inLanguage":"da-DK"}]}},"_links":{"self":[{"href":"https:\/\/kinder-spielen-theater.de\/da\/wp-json\/wp\/v2\/product\/857","targetHints":{"allow":["GET"]}}],"collection":[{"href":"https:\/\/kinder-spielen-theater.de\/da\/wp-json\/wp\/v2\/product"}],"about":[{"href":"https:\/\/kinder-spielen-theater.de\/da\/wp-json\/wp\/v2\/types\/product"}],"replies":[{"embeddable":true,"href":"https:\/\/kinder-spielen-theater.de\/da\/wp-json\/wp\/v2\/comments?post=857"}],"wp:featuredmedia":[{"embeddable":true,"href":"https:\/\/kinder-spielen-theater.de\/da\/wp-json\/wp\/v2\/media\/858"}],"wp:attachment":[{"href":"https:\/\/kinder-spielen-theater.de\/da\/wp-json\/wp\/v2\/media?parent=857"}],"wp:term":[{"taxonomy":"product_brand","embeddable":true,"href":"https:\/\/kinder-spielen-theater.de\/da\/wp-json\/wp\/v2\/product_brand?post=857"},{"taxonomy":"product_cat","embeddable":true,"href":"https:\/\/kinder-spielen-theater.de\/da\/wp-json\/wp\/v2\/product_cat?post=857"},{"taxonomy":"product_tag","embeddable":true,"href":"https:\/\/kinder-spielen-theater.de\/da\/wp-json\/wp\/v2\/product_tag?post=857"}],"curies":[{"name":"wp","href":"https:\/\/api.w.org\/{rel}","templated":true}]}}