{"id":79,"date":"2021-05-28T20:32:01","date_gmt":"2021-05-28T20:32:01","guid":{"rendered":"http:\/\/kinder-spielen-theater.de\/?post_type=product&#038;p=79"},"modified":"2022-09-27T06:44:04","modified_gmt":"2022-09-27T06:44:04","slug":"die-rittersfrau","status":"publish","type":"product","link":"https:\/\/kinder-spielen-theater.de\/da\/vare\/die-rittersfrau\/","title":{"rendered":"Die Rittersfrau"},"content":{"rendered":"<p><span style=\"font-size: 18pt;\"><strong>Inhalt<\/strong><\/span><br \/>\nIn diesem Theaterst\u00fcck wird dargestellt, wie eine Rittersfrau sich heldenhafte, also \u201ekriegerische&#8220; S\u00f6hne w\u00fcnscht, sp\u00e4ter dann aber, als Nonne in einem Kloster, erkennt, dass wahres Heldentum insbesondere in der Hilfe f\u00fcr andere Menschen bestehen kann.<\/p>\n<p><span style=\"font-size: 18pt;\"><strong>Rollenzahl und Spieldauer<\/strong><\/span><br \/>\nDas St\u00fcck enth\u00e4lt 34 Rollen. Durch Zusammenfassen kleinerer Rollen (mit sehr kurzem Sprechtext) kann diese Zahl verkleinert werden. Zur Verringerung der Arbeitsbelastung der Klasse k\u00f6nnte eine zweite Klasse an der Auff\u00fchrung beteiligt werden, so dass dann jede Klasse nur etwa ein halbes St\u00fcck spielen m\u00fcsste. Die Auff\u00fchrungszeit betr\u00e4gt ca. 25 Minuten.<\/p>\n<p><span style=\"font-size: 18pt;\"><strong>Textumfang<\/strong><\/span><br \/>\nRollentext 11 Seiten, insgesamt 44 Seiten<\/p>\n<p><a href=\"http:\/\/kinder-spielen-theater.de\/wp-content\/uploads\/2021\/05\/34-Die-Rittersfrau-Leseprobe-Adobe.pdf\"><span style=\"font-size: 18pt;\">Leseprobe<\/span><\/a><\/p>","protected":false},"excerpt":{"rendered":"<p>Inhalt In diesem Theaterst\u00fcck wird dargestellt, wie eine Rittersfrau sich heldenhafte, also \u201ekriegerische&#8220; S\u00f6hne w\u00fcnscht, sp\u00e4ter dann aber, als Nonne in einem Kloster, erkennt, dass wahres Heldentum insbesondere in der Hilfe f\u00fcr andere Menschen bestehen kann. Rollenzahl und Spieldauer Das St\u00fcck enth\u00e4lt 34 Rollen. Durch Zusammenfassen kleinerer Rollen (mit sehr kurzem Sprechtext) kann diese Zahl [&hellip;]<\/p>\n","protected":false},"featured_media":689,"comment_status":"open","ping_status":"closed","template":"","meta":[],"product_brand":[],"product_cat":[40,39],"product_tag":[],"class_list":{"0":"post-79","1":"product","2":"type-product","3":"status-publish","4":"has-post-thumbnail","6":"product_cat-deutsches-kulturelles-erbe","7":"product_cat-religion","9":"first","10":"instock","11":"downloadable","12":"virtual","13":"purchasable","14":"product-type-simple"},"yoast_head":"<!-- This site is optimized with the Yoast SEO plugin v27.3 - https:\/\/yoast.com\/product\/yoast-seo-wordpress\/ -->\n<title>Die Rittersfrau - Kinder spielen Theater<\/title>\n<meta name=\"robots\" content=\"index, follow, max-snippet:-1, max-image-preview:large, max-video-preview:-1\" \/>\n<link rel=\"canonical\" href=\"https:\/\/kinder-spielen-theater.de\/da\/vare\/die-rittersfrau\/\" \/>\n<meta property=\"og:locale\" content=\"da_DK\" \/>\n<meta property=\"og:type\" content=\"article\" \/>\n<meta property=\"og:title\" content=\"Die Rittersfrau - Kinder spielen Theater\" \/>\n<meta property=\"og:description\" content=\"Inhalt In diesem Theaterst\u00fcck wird dargestellt, wie eine Rittersfrau sich heldenhafte, also \u201ekriegerische&#8220; S\u00f6hne w\u00fcnscht, sp\u00e4ter dann aber, als Nonne in einem Kloster, erkennt, dass wahres Heldentum insbesondere in der Hilfe f\u00fcr andere Menschen bestehen kann. Rollenzahl und Spieldauer Das St\u00fcck enth\u00e4lt 34 Rollen. Durch Zusammenfassen kleinerer Rollen (mit sehr kurzem Sprechtext) kann diese Zahl [&hellip;]\" \/>\n<meta property=\"og:url\" content=\"https:\/\/kinder-spielen-theater.de\/da\/vare\/die-rittersfrau\/\" \/>\n<meta property=\"og:site_name\" content=\"Kinder spielen Theater\" \/>\n<meta property=\"article:modified_time\" content=\"2022-09-27T06:44:04+00:00\" \/>\n<meta property=\"og:image\" content=\"https:\/\/kinder-spielen-theater.de\/wp-content\/uploads\/2021\/05\/34-Die-Rittersfrau-o.k.-page-001.jpg\" \/>\n\t<meta property=\"og:image:width\" content=\"1240\" \/>\n\t<meta property=\"og:image:height\" content=\"1754\" \/>\n\t<meta property=\"og:image:type\" content=\"image\/jpeg\" \/>\n<meta name=\"twitter:card\" content=\"summary_large_image\" \/>\n<meta name=\"twitter:label1\" content=\"Estimeret l\u00e6setid\" \/>\n\t<meta name=\"twitter:data1\" content=\"1 minut\" \/>\n<script type=\"application\/ld+json\" class=\"yoast-schema-graph\">{\"@context\":\"https:\\\/\\\/schema.org\",\"@graph\":[{\"@type\":\"WebPage\",\"@id\":\"https:\\\/\\\/kinder-spielen-theater.de\\\/produkt\\\/die-rittersfrau\\\/\",\"url\":\"https:\\\/\\\/kinder-spielen-theater.de\\\/produkt\\\/die-rittersfrau\\\/\",\"name\":\"Die Rittersfrau - Kinder spielen Theater\",\"isPartOf\":{\"@id\":\"https:\\\/\\\/kinder-spielen-theater.de\\\/#website\"},\"primaryImageOfPage\":{\"@id\":\"https:\\\/\\\/kinder-spielen-theater.de\\\/produkt\\\/die-rittersfrau\\\/#primaryimage\"},\"image\":{\"@id\":\"https:\\\/\\\/kinder-spielen-theater.de\\\/produkt\\\/die-rittersfrau\\\/#primaryimage\"},\"thumbnailUrl\":\"https:\\\/\\\/kinder-spielen-theater.de\\\/wp-content\\\/uploads\\\/2021\\\/05\\\/34-Die-Rittersfrau-o.k.-page-001.jpg\",\"datePublished\":\"2021-05-28T20:32:01+00:00\",\"dateModified\":\"2022-09-27T06:44:04+00:00\",\"breadcrumb\":{\"@id\":\"https:\\\/\\\/kinder-spielen-theater.de\\\/produkt\\\/die-rittersfrau\\\/#breadcrumb\"},\"inLanguage\":\"da-DK\",\"potentialAction\":[{\"@type\":\"ReadAction\",\"target\":[\"https:\\\/\\\/kinder-spielen-theater.de\\\/produkt\\\/die-rittersfrau\\\/\"]}]},{\"@type\":\"ImageObject\",\"inLanguage\":\"da-DK\",\"@id\":\"https:\\\/\\\/kinder-spielen-theater.de\\\/produkt\\\/die-rittersfrau\\\/#primaryimage\",\"url\":\"https:\\\/\\\/kinder-spielen-theater.de\\\/wp-content\\\/uploads\\\/2021\\\/05\\\/34-Die-Rittersfrau-o.k.-page-001.jpg\",\"contentUrl\":\"https:\\\/\\\/kinder-spielen-theater.de\\\/wp-content\\\/uploads\\\/2021\\\/05\\\/34-Die-Rittersfrau-o.k.-page-001.jpg\",\"width\":1240,\"height\":1754},{\"@type\":\"BreadcrumbList\",\"@id\":\"https:\\\/\\\/kinder-spielen-theater.de\\\/produkt\\\/die-rittersfrau\\\/#breadcrumb\",\"itemListElement\":[{\"@type\":\"ListItem\",\"position\":1,\"name\":\"Startseite\",\"item\":\"https:\\\/\\\/kinder-spielen-theater.de\\\/\"},{\"@type\":\"ListItem\",\"position\":2,\"name\":\"Shop: Theaterst\u00fccke zum Download\",\"item\":\"https:\\\/\\\/kinder-spielen-theater.de\\\/shop\\\/\"},{\"@type\":\"ListItem\",\"position\":3,\"name\":\"Die Rittersfrau\"}]},{\"@type\":\"WebSite\",\"@id\":\"https:\\\/\\\/kinder-spielen-theater.de\\\/#website\",\"url\":\"https:\\\/\\\/kinder-spielen-theater.de\\\/\",\"name\":\"Kinder spielen Theater\",\"description\":\"Theaterst\u00fccke f\u00fcr die Grundschule, Haupt- und Realschule, Gesamtschule und Gymnasium, Theaterst\u00fccke f\u00fcr Kinder\",\"potentialAction\":[{\"@type\":\"SearchAction\",\"target\":{\"@type\":\"EntryPoint\",\"urlTemplate\":\"https:\\\/\\\/kinder-spielen-theater.de\\\/?s={search_term_string}\"},\"query-input\":{\"@type\":\"PropertyValueSpecification\",\"valueRequired\":true,\"valueName\":\"search_term_string\"}}],\"inLanguage\":\"da-DK\"}]}<\/script>\n<!-- \/ Yoast SEO plugin. -->","yoast_head_json":{"title":"Die Rittersfrau - Kinder spielen Theater","robots":{"index":"index","follow":"follow","max-snippet":"max-snippet:-1","max-image-preview":"max-image-preview:large","max-video-preview":"max-video-preview:-1"},"canonical":"https:\/\/kinder-spielen-theater.de\/da\/vare\/die-rittersfrau\/","og_locale":"da_DK","og_type":"article","og_title":"Die Rittersfrau - Kinder spielen Theater","og_description":"Inhalt In diesem Theaterst\u00fcck wird dargestellt, wie eine Rittersfrau sich heldenhafte, also \u201ekriegerische&#8220; S\u00f6hne w\u00fcnscht, sp\u00e4ter dann aber, als Nonne in einem Kloster, erkennt, dass wahres Heldentum insbesondere in der Hilfe f\u00fcr andere Menschen bestehen kann. Rollenzahl und Spieldauer Das St\u00fcck enth\u00e4lt 34 Rollen. Durch Zusammenfassen kleinerer Rollen (mit sehr kurzem Sprechtext) kann diese Zahl [&hellip;]","og_url":"https:\/\/kinder-spielen-theater.de\/da\/vare\/die-rittersfrau\/","og_site_name":"Kinder spielen Theater","article_modified_time":"2022-09-27T06:44:04+00:00","og_image":[{"width":1240,"height":1754,"url":"https:\/\/kinder-spielen-theater.de\/wp-content\/uploads\/2021\/05\/34-Die-Rittersfrau-o.k.-page-001.jpg","type":"image\/jpeg"}],"twitter_card":"summary_large_image","twitter_misc":{"Estimeret l\u00e6setid":"1 minut"},"schema":{"@context":"https:\/\/schema.org","@graph":[{"@type":"WebPage","@id":"https:\/\/kinder-spielen-theater.de\/produkt\/die-rittersfrau\/","url":"https:\/\/kinder-spielen-theater.de\/produkt\/die-rittersfrau\/","name":"Die Rittersfrau - Kinder spielen Theater","isPartOf":{"@id":"https:\/\/kinder-spielen-theater.de\/#website"},"primaryImageOfPage":{"@id":"https:\/\/kinder-spielen-theater.de\/produkt\/die-rittersfrau\/#primaryimage"},"image":{"@id":"https:\/\/kinder-spielen-theater.de\/produkt\/die-rittersfrau\/#primaryimage"},"thumbnailUrl":"https:\/\/kinder-spielen-theater.de\/wp-content\/uploads\/2021\/05\/34-Die-Rittersfrau-o.k.-page-001.jpg","datePublished":"2021-05-28T20:32:01+00:00","dateModified":"2022-09-27T06:44:04+00:00","breadcrumb":{"@id":"https:\/\/kinder-spielen-theater.de\/produkt\/die-rittersfrau\/#breadcrumb"},"inLanguage":"da-DK","potentialAction":[{"@type":"ReadAction","target":["https:\/\/kinder-spielen-theater.de\/produkt\/die-rittersfrau\/"]}]},{"@type":"ImageObject","inLanguage":"da-DK","@id":"https:\/\/kinder-spielen-theater.de\/produkt\/die-rittersfrau\/#primaryimage","url":"https:\/\/kinder-spielen-theater.de\/wp-content\/uploads\/2021\/05\/34-Die-Rittersfrau-o.k.-page-001.jpg","contentUrl":"https:\/\/kinder-spielen-theater.de\/wp-content\/uploads\/2021\/05\/34-Die-Rittersfrau-o.k.-page-001.jpg","width":1240,"height":1754},{"@type":"BreadcrumbList","@id":"https:\/\/kinder-spielen-theater.de\/produkt\/die-rittersfrau\/#breadcrumb","itemListElement":[{"@type":"ListItem","position":1,"name":"Startseite","item":"https:\/\/kinder-spielen-theater.de\/"},{"@type":"ListItem","position":2,"name":"Shop: Theaterst\u00fccke zum Download","item":"https:\/\/kinder-spielen-theater.de\/shop\/"},{"@type":"ListItem","position":3,"name":"Die Rittersfrau"}]},{"@type":"WebSite","@id":"https:\/\/kinder-spielen-theater.de\/#website","url":"https:\/\/kinder-spielen-theater.de\/","name":"B\u00f8rn leger teater","description":"Skuespil til folkeskolen, Hauptschule og Realschule, Gesamtschule og Gymnasium, skuespil for b\u00f8rn","potentialAction":[{"@type":"SearchAction","target":{"@type":"EntryPoint","urlTemplate":"https:\/\/kinder-spielen-theater.de\/?s={search_term_string}"},"query-input":{"@type":"PropertyValueSpecification","valueRequired":true,"valueName":"search_term_string"}}],"inLanguage":"da-DK"}]}},"_links":{"self":[{"href":"https:\/\/kinder-spielen-theater.de\/da\/wp-json\/wp\/v2\/product\/79","targetHints":{"allow":["GET"]}}],"collection":[{"href":"https:\/\/kinder-spielen-theater.de\/da\/wp-json\/wp\/v2\/product"}],"about":[{"href":"https:\/\/kinder-spielen-theater.de\/da\/wp-json\/wp\/v2\/types\/product"}],"replies":[{"embeddable":true,"href":"https:\/\/kinder-spielen-theater.de\/da\/wp-json\/wp\/v2\/comments?post=79"}],"wp:featuredmedia":[{"embeddable":true,"href":"https:\/\/kinder-spielen-theater.de\/da\/wp-json\/wp\/v2\/media\/689"}],"wp:attachment":[{"href":"https:\/\/kinder-spielen-theater.de\/da\/wp-json\/wp\/v2\/media?parent=79"}],"wp:term":[{"taxonomy":"product_brand","embeddable":true,"href":"https:\/\/kinder-spielen-theater.de\/da\/wp-json\/wp\/v2\/product_brand?post=79"},{"taxonomy":"product_cat","embeddable":true,"href":"https:\/\/kinder-spielen-theater.de\/da\/wp-json\/wp\/v2\/product_cat?post=79"},{"taxonomy":"product_tag","embeddable":true,"href":"https:\/\/kinder-spielen-theater.de\/da\/wp-json\/wp\/v2\/product_tag?post=79"}],"curies":[{"name":"wp","href":"https:\/\/api.w.org\/{rel}","templated":true}]}}